{"id":1669,"date":"2021-10-15T13:12:16","date_gmt":"2021-10-15T13:12:16","guid":{"rendered":"https:\/\/kreatortorun.pl\/?page_id=1669"},"modified":"2021-10-15T13:14:02","modified_gmt":"2021-10-15T13:14:02","slug":"certificates","status":"publish","type":"page","link":"https:\/\/kreatortorun.pl\/en\/certificates\/","title":{"rendered":"Certificates"},"content":{"rendered":"\n  <div class=\"banner has-hover\" id=\"banner-205504109\">\n          <div class=\"banner-inner fill\">\n        <div class=\"banner-bg fill\" >\n            <img loading=\"lazy\" decoding=\"async\" width=\"1020\" height=\"367\" src=\"https:\/\/kreatortorun.pl\/wp-content\/uploads\/2021\/09\/eu-flag-1400x504.jpg\" class=\"bg attachment-large size-large\" alt=\"\" \/>                        <div class=\"overlay\"><\/div>            \n                    <\/div>\n\t\t\n        <div class=\"banner-layers container\">\n            <div class=\"fill banner-link\"><\/div>            \n   <div id=\"text-box-2006082193\" class=\"text-box banner-layer x5 md-x5 lg-x5 y95 md-y95 lg-y95 res-text\">\n                                <div class=\"text-box-content text dark\">\n              \n              <div class=\"text-inner text-left\">\n                  \n<h2 class=\"uppercase\">CERTIFICATES<\/h2>\n<p>20 years ago, we introduced the Quality Management System ISO 9001: 2008 and AQAP 2110: 2009, which has been systematically renewed since then.<\/p>\n              <\/div>\n           <\/div>\n                            \n<style>\n#text-box-2006082193 {\n  width: 60%;\n}\n#text-box-2006082193 .text-box-content {\n  font-size: 100%;\n}\n@media (min-width:550px) {\n  #text-box-2006082193 {\n    width: 88%;\n  }\n}\n<\/style>\n    <\/div>\n \n        <\/div>\n      <\/div>\n\n            \n<style>\n#banner-205504109 {\n  padding-top: 500px;\n}\n#banner-205504109 .overlay {\n  background-color: rgba(52, 74, 92, 0.506);\n}\n#banner-205504109 .banner-bg img {\n  object-position: 0% 100%;\n}\n<\/style>\n  <\/div>\n\n\n\n\t<section class=\"section\" id=\"section_160265628\">\n\t\t<div class=\"section-bg fill\" >\n\t\t\t\t\t\t\t\t\t\n\t\t\t\n\n\t\t<\/div>\n\n\t\t\n\n\t\t<div class=\"section-content relative\">\n\t\t\t\n<div class=\"row\"  id=\"row-1404586342\">\n\n\t<div id=\"col-826889214\" class=\"col medium-4 small-12 large-4\"  >\n\t\t\t\t<div class=\"col-inner\"  >\n\t\t\t\n\t\t\t\n\t<div class=\"box has-hover   has-hover box-text-bottom\" >\n\n\t\t<div class=\"box-image\" >\n\t\t\t<a href=\"https:\/\/kreatortorun.pl\/wp-content\/uploads\/2021\/09\/Kreator-Sp.-z-o.-o.-Sp.-K.-certyfikat-AQAP_Page_1-scaled.jpg\" target=\"_blank\" rel=\"noopener\" >\t\t\t<div class=\"\" >\n\t\t\t\t<img loading=\"lazy\" decoding=\"async\" width=\"1793\" height=\"2560\" src=\"https:\/\/kreatortorun.pl\/wp-content\/uploads\/2021\/09\/Kreator-Sp.-z-o.-o.-Sp.-K.-certyfikat-AQAP_Page_1-scaled.jpg\" class=\"attachment- size-\" alt=\"\" srcset=\"https:\/\/kreatortorun.pl\/wp-content\/uploads\/2021\/09\/Kreator-Sp.-z-o.-o.-Sp.-K.-certyfikat-AQAP_Page_1-scaled.jpg 1793w, https:\/\/kreatortorun.pl\/wp-content\/uploads\/2021\/09\/Kreator-Sp.-z-o.-o.-Sp.-K.-certyfikat-AQAP_Page_1-scaled-510x728.jpg 510w, https:\/\/kreatortorun.pl\/wp-content\/uploads\/2021\/09\/Kreator-Sp.-z-o.-o.-Sp.-K.-certyfikat-AQAP_Page_1-280x400.jpg 280w, https:\/\/kreatortorun.pl\/wp-content\/uploads\/2021\/09\/Kreator-Sp.-z-o.-o.-Sp.-K.-certyfikat-AQAP_Page_1-560x800.jpg 560w, https:\/\/kreatortorun.pl\/wp-content\/uploads\/2021\/09\/Kreator-Sp.-z-o.-o.-Sp.-K.-certyfikat-AQAP_Page_1-768x1097.jpg 768w, https:\/\/kreatortorun.pl\/wp-content\/uploads\/2021\/09\/Kreator-Sp.-z-o.-o.-Sp.-K.-certyfikat-AQAP_Page_1-1076x1536.jpg 1076w, https:\/\/kreatortorun.pl\/wp-content\/uploads\/2021\/09\/Kreator-Sp.-z-o.-o.-Sp.-K.-certyfikat-AQAP_Page_1-1434x2048.jpg 1434w, https:\/\/kreatortorun.pl\/wp-content\/uploads\/2021\/09\/Kreator-Sp.-z-o.-o.-Sp.-K.-certyfikat-AQAP_Page_1-600x857.jpg 600w\" sizes=\"auto, (max-width: 1793px) 100vw, 1793px\" \/>\t\t\t\t\t\t\t\t\t\t\t<\/div>\n\t\t\t<\/a>\t\t<\/div>\n\n\t\t<div class=\"box-text text-center\" >\n\t\t\t<div class=\"box-text-inner\">\n\t\t\t\t\n\t\t\t<\/div>\n\t\t<\/div>\n\t<\/div>\n\t\n\t\t<\/div>\n\t\t\t\t\t<\/div>\n\n\t\n\n\t<div id=\"col-1195676469\" class=\"col medium-4 small-12 large-4\"  >\n\t\t\t\t<div class=\"col-inner\"  >\n\t\t\t\n\t\t\t\n\t<div class=\"box has-hover   has-hover box-text-bottom\" >\n\n\t\t<div class=\"box-image\" >\n\t\t\t<a href=\"https:\/\/kreatortorun.pl\/wp-content\/uploads\/2021\/09\/Kreator-Sp.-z-o.-o.-Sp.-K.-certyfikat-AQAP_Page_2-scaled.jpg\" target=\"_blank\" rel=\"noopener\" >\t\t\t<div class=\"\" >\n\t\t\t\t<img loading=\"lazy\" decoding=\"async\" width=\"1788\" height=\"2560\" src=\"https:\/\/kreatortorun.pl\/wp-content\/uploads\/2021\/09\/Kreator-Sp.-z-o.-o.-Sp.-K.-certyfikat-AQAP_Page_2-scaled.jpg\" class=\"attachment- size-\" alt=\"\" srcset=\"https:\/\/kreatortorun.pl\/wp-content\/uploads\/2021\/09\/Kreator-Sp.-z-o.-o.-Sp.-K.-certyfikat-AQAP_Page_2-scaled.jpg 1788w, https:\/\/kreatortorun.pl\/wp-content\/uploads\/2021\/09\/Kreator-Sp.-z-o.-o.-Sp.-K.-certyfikat-AQAP_Page_2-scaled-510x730.jpg 510w, https:\/\/kreatortorun.pl\/wp-content\/uploads\/2021\/09\/Kreator-Sp.-z-o.-o.-Sp.-K.-certyfikat-AQAP_Page_2-279x400.jpg 279w, https:\/\/kreatortorun.pl\/wp-content\/uploads\/2021\/09\/Kreator-Sp.-z-o.-o.-Sp.-K.-certyfikat-AQAP_Page_2-559x800.jpg 559w, https:\/\/kreatortorun.pl\/wp-content\/uploads\/2021\/09\/Kreator-Sp.-z-o.-o.-Sp.-K.-certyfikat-AQAP_Page_2-768x1099.jpg 768w, https:\/\/kreatortorun.pl\/wp-content\/uploads\/2021\/09\/Kreator-Sp.-z-o.-o.-Sp.-K.-certyfikat-AQAP_Page_2-1073x1536.jpg 1073w, https:\/\/kreatortorun.pl\/wp-content\/uploads\/2021\/09\/Kreator-Sp.-z-o.-o.-Sp.-K.-certyfikat-AQAP_Page_2-1431x2048.jpg 1431w, https:\/\/kreatortorun.pl\/wp-content\/uploads\/2021\/09\/Kreator-Sp.-z-o.-o.-Sp.-K.-certyfikat-AQAP_Page_2-600x859.jpg 600w\" sizes=\"auto, (max-width: 1788px) 100vw, 1788px\" \/>\t\t\t\t\t\t\t\t\t\t\t<\/div>\n\t\t\t<\/a>\t\t<\/div>\n\n\t\t<div class=\"box-text text-center\" >\n\t\t\t<div class=\"box-text-inner\">\n\t\t\t\t\n\t\t\t<\/div>\n\t\t<\/div>\n\t<\/div>\n\t\n\t\t<\/div>\n\t\t\t\t\t<\/div>\n\n\t\n\n\t<div id=\"col-1755924354\" class=\"col medium-4 small-12 large-4\"  >\n\t\t\t\t<div class=\"col-inner\"  >\n\t\t\t\n\t\t\t\n\t<div class=\"box has-hover   has-hover box-text-bottom\" >\n\n\t\t<div class=\"box-image\" >\n\t\t\t<a href=\"https:\/\/kreatortorun.pl\/wp-content\/uploads\/2021\/09\/Kreator-Sp.-z-o.-o.-Sp.-K.-certyfikat-AQAP_Page_3-scaled.jpg\" target=\"_blank\" rel=\"noopener\" >\t\t\t<div class=\"\" >\n\t\t\t\t<img loading=\"lazy\" decoding=\"async\" width=\"1792\" height=\"2560\" src=\"https:\/\/kreatortorun.pl\/wp-content\/uploads\/2021\/09\/Kreator-Sp.-z-o.-o.-Sp.-K.-certyfikat-AQAP_Page_3-scaled.jpg\" class=\"attachment- size-\" alt=\"\" srcset=\"https:\/\/kreatortorun.pl\/wp-content\/uploads\/2021\/09\/Kreator-Sp.-z-o.-o.-Sp.-K.-certyfikat-AQAP_Page_3-scaled.jpg 1792w, https:\/\/kreatortorun.pl\/wp-content\/uploads\/2021\/09\/Kreator-Sp.-z-o.-o.-Sp.-K.-certyfikat-AQAP_Page_3-scaled-510x729.jpg 510w, https:\/\/kreatortorun.pl\/wp-content\/uploads\/2021\/09\/Kreator-Sp.-z-o.-o.-Sp.-K.-certyfikat-AQAP_Page_3-280x400.jpg 280w, https:\/\/kreatortorun.pl\/wp-content\/uploads\/2021\/09\/Kreator-Sp.-z-o.-o.-Sp.-K.-certyfikat-AQAP_Page_3-560x800.jpg 560w, https:\/\/kreatortorun.pl\/wp-content\/uploads\/2021\/09\/Kreator-Sp.-z-o.-o.-Sp.-K.-certyfikat-AQAP_Page_3-768x1097.jpg 768w, https:\/\/kreatortorun.pl\/wp-content\/uploads\/2021\/09\/Kreator-Sp.-z-o.-o.-Sp.-K.-certyfikat-AQAP_Page_3-1075x1536.jpg 1075w, https:\/\/kreatortorun.pl\/wp-content\/uploads\/2021\/09\/Kreator-Sp.-z-o.-o.-Sp.-K.-certyfikat-AQAP_Page_3-1434x2048.jpg 1434w, https:\/\/kreatortorun.pl\/wp-content\/uploads\/2021\/09\/Kreator-Sp.-z-o.-o.-Sp.-K.-certyfikat-AQAP_Page_3-600x857.jpg 600w\" sizes=\"auto, (max-width: 1792px) 100vw, 1792px\" \/>\t\t\t\t\t\t\t\t\t\t\t<\/div>\n\t\t\t<\/a>\t\t<\/div>\n\n\t\t<div class=\"box-text text-center\" >\n\t\t\t<div class=\"box-text-inner\">\n\t\t\t\t\n\t\t\t<\/div>\n\t\t<\/div>\n\t<\/div>\n\t\n\t\t<\/div>\n\t\t\t\t\t<\/div>\n\n\t\n<\/div>\n\t\t<\/div>\n\n\t\t\n<style>\n#section_160265628 {\n  padding-top: 30px;\n  padding-bottom: 30px;\n}\n<\/style>\n\t<\/section>\n\t\n","protected":false},"excerpt":{"rendered":"","protected":false},"author":1,"featured_media":0,"parent":0,"menu_order":0,"comment_status":"closed","ping_status":"closed","template":"page-transparent-header-light.php","meta":{"footnotes":""},"class_list":["post-1669","page","type-page","status-publish","hentry"],"yoast_head":"<!-- This site is optimized with the Yoast SEO plugin v27.3 - https:\/\/yoast.com\/product\/yoast-seo-wordpress\/ -->\n<title>Certificates - Kreator Toru\u0144<\/title>\n<meta name=\"robots\" content=\"index, follow, max-snippet:-1, max-image-preview:large, max-video-preview:-1\" \/>\n<link rel=\"canonical\" href=\"https:\/\/kreatortorun.pl\/en\/certificates\/\" \/>\n<meta property=\"og:locale\" content=\"en_US\" \/>\n<meta property=\"og:type\" content=\"article\" \/>\n<meta property=\"og:title\" content=\"Certificates - Kreator Toru\u0144\" \/>\n<meta property=\"og:url\" content=\"https:\/\/kreatortorun.pl\/en\/certificates\/\" \/>\n<meta property=\"og:site_name\" content=\"Kreator Toru\u0144\" \/>\n<meta property=\"article:publisher\" content=\"https:\/\/www.facebook.com\/torun.kreator\" \/>\n<meta property=\"article:modified_time\" content=\"2021-10-15T13:14:02+00:00\" \/>\n<meta property=\"og:image\" content=\"https:\/\/kreatortorun.pl\/wp-content\/uploads\/2024\/02\/cropped-kreator-logo-favicon.png\" \/>\n\t<meta property=\"og:image:width\" content=\"512\" \/>\n\t<meta property=\"og:image:height\" content=\"512\" \/>\n\t<meta property=\"og:image:type\" content=\"image\/png\" \/>\n<meta name=\"twitter:card\" content=\"summary_large_image\" \/>\n<meta name=\"twitter:label1\" content=\"Est. reading time\" \/>\n\t<meta name=\"twitter:data1\" content=\"1 minute\" \/>\n<script type=\"application\/ld+json\" class=\"yoast-schema-graph\">{\"@context\":\"https:\\\/\\\/schema.org\",\"@graph\":[{\"@type\":\"WebPage\",\"@id\":\"https:\\\/\\\/kreatortorun.pl\\\/en\\\/certificates\\\/\",\"url\":\"https:\\\/\\\/kreatortorun.pl\\\/en\\\/certificates\\\/\",\"name\":\"Certificates - Kreator Toru\u0144\",\"isPartOf\":{\"@id\":\"https:\\\/\\\/kreatortorun.pl\\\/#website\"},\"datePublished\":\"2021-10-15T13:12:16+00:00\",\"dateModified\":\"2021-10-15T13:14:02+00:00\",\"breadcrumb\":{\"@id\":\"https:\\\/\\\/kreatortorun.pl\\\/en\\\/certificates\\\/#breadcrumb\"},\"inLanguage\":\"en-US\",\"potentialAction\":[{\"@type\":\"ReadAction\",\"target\":[\"https:\\\/\\\/kreatortorun.pl\\\/en\\\/certificates\\\/\"]}]},{\"@type\":\"BreadcrumbList\",\"@id\":\"https:\\\/\\\/kreatortorun.pl\\\/en\\\/certificates\\\/#breadcrumb\",\"itemListElement\":[{\"@type\":\"ListItem\",\"position\":1,\"name\":\"Strona g\u0142\u00f3wna\",\"item\":\"https:\\\/\\\/kreatortorun.pl\\\/en\\\/\"},{\"@type\":\"ListItem\",\"position\":2,\"name\":\"Certificates\"}]},{\"@type\":\"WebSite\",\"@id\":\"https:\\\/\\\/kreatortorun.pl\\\/#website\",\"url\":\"https:\\\/\\\/kreatortorun.pl\\\/\",\"name\":\"Kreator Toru\u0144\",\"description\":\"Producent mundur\u00f3w, kombinezon\u00f3w i odzie\u017cy taktycznej\",\"publisher\":{\"@id\":\"https:\\\/\\\/kreatortorun.pl\\\/#organization\"},\"potentialAction\":[{\"@type\":\"SearchAction\",\"target\":{\"@type\":\"EntryPoint\",\"urlTemplate\":\"https:\\\/\\\/kreatortorun.pl\\\/?s={search_term_string}\"},\"query-input\":{\"@type\":\"PropertyValueSpecification\",\"valueRequired\":true,\"valueName\":\"search_term_string\"}}],\"inLanguage\":\"en-US\"},{\"@type\":\"Organization\",\"@id\":\"https:\\\/\\\/kreatortorun.pl\\\/#organization\",\"name\":\"Kreator Toru\u0144\",\"url\":\"https:\\\/\\\/kreatortorun.pl\\\/\",\"logo\":{\"@type\":\"ImageObject\",\"inLanguage\":\"en-US\",\"@id\":\"https:\\\/\\\/kreatortorun.pl\\\/#\\\/schema\\\/logo\\\/image\\\/\",\"url\":\"https:\\\/\\\/kreatortorun.pl\\\/wp-content\\\/uploads\\\/2024\\\/02\\\/cropped-kreator-logo-favicon.png\",\"contentUrl\":\"https:\\\/\\\/kreatortorun.pl\\\/wp-content\\\/uploads\\\/2024\\\/02\\\/cropped-kreator-logo-favicon.png\",\"width\":512,\"height\":512,\"caption\":\"Kreator Toru\u0144\"},\"image\":{\"@id\":\"https:\\\/\\\/kreatortorun.pl\\\/#\\\/schema\\\/logo\\\/image\\\/\"},\"sameAs\":[\"https:\\\/\\\/www.facebook.com\\\/torun.kreator\",\"https:\\\/\\\/www.youtube.com\\\/@kreatortorun1862\"]}]}<\/script>\n<!-- \/ Yoast SEO plugin. -->","yoast_head_json":{"title":"Certificates - Kreator Toru\u0144","robots":{"index":"index","follow":"follow","max-snippet":"max-snippet:-1","max-image-preview":"max-image-preview:large","max-video-preview":"max-video-preview:-1"},"canonical":"https:\/\/kreatortorun.pl\/en\/certificates\/","og_locale":"en_US","og_type":"article","og_title":"Certificates - Kreator Toru\u0144","og_url":"https:\/\/kreatortorun.pl\/en\/certificates\/","og_site_name":"Kreator Toru\u0144","article_publisher":"https:\/\/www.facebook.com\/torun.kreator","article_modified_time":"2021-10-15T13:14:02+00:00","og_image":[{"width":512,"height":512,"url":"https:\/\/kreatortorun.pl\/wp-content\/uploads\/2024\/02\/cropped-kreator-logo-favicon.png","type":"image\/png"}],"twitter_card":"summary_large_image","twitter_misc":{"Est. reading time":"1 minute"},"schema":{"@context":"https:\/\/schema.org","@graph":[{"@type":"WebPage","@id":"https:\/\/kreatortorun.pl\/en\/certificates\/","url":"https:\/\/kreatortorun.pl\/en\/certificates\/","name":"Certificates - Kreator Toru\u0144","isPartOf":{"@id":"https:\/\/kreatortorun.pl\/#website"},"datePublished":"2021-10-15T13:12:16+00:00","dateModified":"2021-10-15T13:14:02+00:00","breadcrumb":{"@id":"https:\/\/kreatortorun.pl\/en\/certificates\/#breadcrumb"},"inLanguage":"en-US","potentialAction":[{"@type":"ReadAction","target":["https:\/\/kreatortorun.pl\/en\/certificates\/"]}]},{"@type":"BreadcrumbList","@id":"https:\/\/kreatortorun.pl\/en\/certificates\/#breadcrumb","itemListElement":[{"@type":"ListItem","position":1,"name":"Strona g\u0142\u00f3wna","item":"https:\/\/kreatortorun.pl\/en\/"},{"@type":"ListItem","position":2,"name":"Certificates"}]},{"@type":"WebSite","@id":"https:\/\/kreatortorun.pl\/#website","url":"https:\/\/kreatortorun.pl\/","name":"Kreator Toru\u0144","description":"Producent mundur\u00f3w, kombinezon\u00f3w i odzie\u017cy taktycznej","publisher":{"@id":"https:\/\/kreatortorun.pl\/#organization"},"potentialAction":[{"@type":"SearchAction","target":{"@type":"EntryPoint","urlTemplate":"https:\/\/kreatortorun.pl\/?s={search_term_string}"},"query-input":{"@type":"PropertyValueSpecification","valueRequired":true,"valueName":"search_term_string"}}],"inLanguage":"en-US"},{"@type":"Organization","@id":"https:\/\/kreatortorun.pl\/#organization","name":"Kreator Toru\u0144","url":"https:\/\/kreatortorun.pl\/","logo":{"@type":"ImageObject","inLanguage":"en-US","@id":"https:\/\/kreatortorun.pl\/#\/schema\/logo\/image\/","url":"https:\/\/kreatortorun.pl\/wp-content\/uploads\/2024\/02\/cropped-kreator-logo-favicon.png","contentUrl":"https:\/\/kreatortorun.pl\/wp-content\/uploads\/2024\/02\/cropped-kreator-logo-favicon.png","width":512,"height":512,"caption":"Kreator Toru\u0144"},"image":{"@id":"https:\/\/kreatortorun.pl\/#\/schema\/logo\/image\/"},"sameAs":["https:\/\/www.facebook.com\/torun.kreator","https:\/\/www.youtube.com\/@kreatortorun1862"]}]}},"_links":{"self":[{"href":"https:\/\/kreatortorun.pl\/en\/wp-json\/wp\/v2\/pages\/1669","targetHints":{"allow":["GET"]}}],"collection":[{"href":"https:\/\/kreatortorun.pl\/en\/wp-json\/wp\/v2\/pages"}],"about":[{"href":"https:\/\/kreatortorun.pl\/en\/wp-json\/wp\/v2\/types\/page"}],"author":[{"embeddable":true,"href":"https:\/\/kreatortorun.pl\/en\/wp-json\/wp\/v2\/users\/1"}],"replies":[{"embeddable":true,"href":"https:\/\/kreatortorun.pl\/en\/wp-json\/wp\/v2\/comments?post=1669"}],"version-history":[{"count":0,"href":"https:\/\/kreatortorun.pl\/en\/wp-json\/wp\/v2\/pages\/1669\/revisions"}],"wp:attachment":[{"href":"https:\/\/kreatortorun.pl\/en\/wp-json\/wp\/v2\/media?parent=1669"}],"curies":[{"name":"wp","href":"https:\/\/api.w.org\/{rel}","templated":true}]}}