{"id":1674,"date":"2021-10-15T13:14:40","date_gmt":"2021-10-15T13:14:40","guid":{"rendered":"https:\/\/kreatortorun.pl\/?page_id=1674"},"modified":"2022-03-16T14:40:17","modified_gmt":"2022-03-16T14:40:17","slug":"eu-funds","status":"publish","type":"page","link":"https:\/\/kreatortorun.pl\/en\/eu-funds\/","title":{"rendered":"EU funds"},"content":{"rendered":"\n  <div class=\"banner has-hover\" id=\"banner-2020594013\">\n          <div class=\"banner-inner fill\">\n        <div class=\"banner-bg fill\" >\n            <img loading=\"lazy\" decoding=\"async\" width=\"1020\" height=\"367\" src=\"https:\/\/kreatortorun.pl\/wp-content\/uploads\/2021\/09\/eu-flag-1400x504.jpg\" class=\"bg attachment-large size-large\" alt=\"\" \/>                        <div class=\"overlay\"><\/div>            \n                    <\/div>\n\t\t\n        <div class=\"banner-layers container\">\n            <div class=\"fill banner-link\"><\/div>            \n   <div id=\"text-box-915705291\" class=\"text-box banner-layer x50 md-x50 lg-x50 y95 md-y95 lg-y95 res-text\">\n                                <div class=\"text-box-content text dark\">\n              \n              <div class=\"text-inner text-left\">\n                  \n<h2 style=\"text-align: justify;\">Funds<\/h2>\n<p style=\"text-align: justify;\">Kreator is an active participant in many EU projects, the aim of which is, inter alia, strengthening the competitiveness of enterprises and supporting research and development works. Additionally, in order to establish a stronger presence on the international market, we use the support of export funds.<\/p>\n              <\/div>\n           <\/div>\n                            \n<style>\n#text-box-915705291 {\n  width: 60%;\n}\n#text-box-915705291 .text-box-content {\n  font-size: 100%;\n}\n@media (min-width:550px) {\n  #text-box-915705291 {\n    width: 93%;\n  }\n}\n<\/style>\n    <\/div>\n \n        <\/div>\n      <\/div>\n\n            \n<style>\n#banner-2020594013 {\n  padding-top: 500px;\n}\n#banner-2020594013 .overlay {\n  background-color: rgba(52, 74, 92, 0.5);\n}\n#banner-2020594013 .banner-bg img {\n  object-position: 28% 63%;\n}\n<\/style>\n  <\/div>\n\n\n<div class=\"row\"  id=\"row-488139836\">\n\n\t<div id=\"col-580155100\" class=\"col small-12 large-12\"  >\n\t\t\t\t<div class=\"col-inner\"  >\n\t\t\t\n\t\t\t\n<h2 style=\"text-align: justify;\">Research and Implementation Fund<\/h2>\n<p style=\"text-align: justify;\"><img decoding=\"async\" class=\"img-responsive\" src=\"https:\/\/www.kreatortorun.pl\/img\/galeria\/fundusze.jpg\" \/><\/p>\n<h3 style=\"text-align: justify;\">Project title: &#8220;R&amp;D works in the field of improving EDC clothing.&#8221;<\/h3>\n<p style=\"text-align: justify;\">The aim of the project is to conduct application research and development works, as a result of which an improved product will be created (a set of EDC clothing).<\/p>\n<p style=\"text-align: justify;\">The project is implemented from the funds of the European Regional Development Fund under the project &#8220;Research and Implementation Fund&#8221; implemented under Priority Axis 1. Strengthening innovation and competitiveness of the region&#8217;s economy, Measure 1.2. development of the Regional Operational Program of the Kujawsko-Pomorskie Voivodeship for 2014-2020.<\/p>\n<p style=\"text-align: justify;\">Project value: PLN 826,523.46<\/p>\n<p style=\"text-align: justify;\">The value of co-financing from the EU: PLN 526,914.24<\/p>\n<h2 style=\"text-align: justify;\">Export Fund<\/h2>\n<p style=\"text-align: justify;\"><img decoding=\"async\" class=\"img-responsive\" src=\"https:\/\/www.kreatortorun.pl\/img\/galeria\/fundusze.jpg\" \/><\/p>\n<h3 style=\"text-align: justify;\">We present the results of the tender procedure of 03\/02\/2021 as part of the REGIONAL OPERATIONAL PROGRAM OF THE KUJAWSKO-POMORSKIE VOIVODESHIP FOR 2014-2020. The selection protocol can be downloaded here.<\/h3>\n<p style=\"text-align: justify;\">The project is implemented under the Export Fund &#8220;as part of the REGIONAL OPERATIONAL PROGRAM OF THE KUJAWSKO-POMORSKIE VOIVODESHIP FOR 2014-2020<\/p>\n<p style=\"text-align: justify;\">Priority axis 1: Strengthening the innovation and competitiveness of the region&#8217;s economy<\/p>\n<p style=\"text-align: justify;\">Measure 1.5. Development and implementation of new business models for SMEs<\/p>\n<p style=\"text-align: justify;\">Sub-measure 1.5.3 Support for the Process of Internationalization of Enterprises<\/p>\n<p style=\"text-align: justify;\">Scheme: Support for SMEs on international markets &#8211; grant projects of the Regional Operational Program of the Kujawsko-Pomorskie Voivodeship for 2014-2020.<\/p>\n<p style=\"text-align: justify;\">Project value: PLN 531,787.22<\/p>\n<p style=\"text-align: justify;\">The value of co-financing from the EU: 333 878.50<\/p>\n<p style=\"text-align: justify;\">Resolution of the request for proposal No. 2\/2021 of 10\/09\/2021 &#8211; purchase of a service consisting in organizing participation in an international fair as an exhibitor &#8211; Milipol, Paris (France) on 17-23.10.2021.<\/p>\n<p style=\"text-align: justify;\">Please be advised that as a result of the offer selection procedure under inquiry No. 2\/2021 of 10\/09\/2021 &#8211; purchase of a service consisting in organizing participation in an international fair as an exhibitor -Milipol, Paris (France), two offers were received. One of them, which, due to the fulfillment of all formal and substantive requirements set out in the inquiry, has been accepted by us. It is a company:<\/p>\n<p style=\"text-align: justify;\">LINEA PRO URSZULA JANISZEWSKA<br \/>WEST 47E<br \/>05-092 \u0141OMIANKI<\/p>\n<p style=\"text-align: justify;\">The above offer met the formal and substantive requirements set out in the inquiry and obtained the highest number of points in the selection criteria presented in the above-mentioned inquiry.<\/p>\n<h3 style=\"text-align: justify;\">Development Fund<\/h3>\n<p style=\"text-align: justify;\"><img decoding=\"async\" class=\"img-responsive\" src=\"https:\/\/www.kreatortorun.pl\/img\/galeria\/fundusze.jpg\" \/><\/p>\n<h3 style=\"text-align: justify;\">Kreator Sp. z o.o. Limited partnership obtained funding under the program &#8220;Diversification of the business of Kreator Sp. z o.o. Limited partnership in Toru\u0144 by introducing an innovative clothing system for uniformed services (MUP &#8211; modular field uniforms), professional users and survivors, based on the results of our own research and development work &#8220;.<\/h3>\n<p style=\"text-align: justify;\">The aim of the project is to diversify the activities of Kreator Sp. z o.o. Limited partnership in Toru\u0144 by introducing an innovative clothing system for uniformed services (MUP &#8211; modular field uniform), professional users and survivors, based on the results of own research and development works. This will enable the achievement of the objective of Sub-measure 1.6.2, which is the increased use of innovations in SMEs. Project value, amount of the European Union contribution<\/p>\n<p style=\"text-align: justify;\">&#8211; Total expenditure: PLN 1,947,901.64, European Union contribution &#8211; PLN 473,511.52.<\/p>\n<p style=\"text-align: justify;\"><a href=\"https:\/\/www.mapadotacji.gov.pl\" target=\"_blank\" rel=\"noopener\">www.mapadotacji.gov.pl<\/a><\/p>\n<p style=\"text-align: justify;\">\n\t\t<\/div>\n\t\t\t\t\t<\/div>\n\n\t\n<\/div>\n","protected":false},"excerpt":{"rendered":"","protected":false},"author":1,"featured_media":0,"parent":0,"menu_order":0,"comment_status":"closed","ping_status":"closed","template":"page-transparent-header-light.php","meta":{"footnotes":""},"class_list":["post-1674","page","type-page","status-publish","hentry"],"yoast_head":"<!-- This site is optimized with the Yoast SEO plugin v27.3 - https:\/\/yoast.com\/product\/yoast-seo-wordpress\/ -->\n<title>EU funds - Kreator Toru\u0144<\/title>\n<meta name=\"robots\" content=\"index, follow, max-snippet:-1, max-image-preview:large, max-video-preview:-1\" \/>\n<link rel=\"canonical\" href=\"https:\/\/kreatortorun.pl\/en\/eu-funds\/\" \/>\n<meta property=\"og:locale\" content=\"en_US\" \/>\n<meta property=\"og:type\" content=\"article\" \/>\n<meta property=\"og:title\" content=\"EU funds - Kreator Toru\u0144\" \/>\n<meta property=\"og:url\" content=\"https:\/\/kreatortorun.pl\/en\/eu-funds\/\" \/>\n<meta property=\"og:site_name\" content=\"Kreator Toru\u0144\" \/>\n<meta property=\"article:publisher\" content=\"https:\/\/www.facebook.com\/torun.kreator\" \/>\n<meta property=\"article:modified_time\" content=\"2022-03-16T14:40:17+00:00\" \/>\n<meta property=\"og:image\" content=\"https:\/\/www.kreatortorun.pl\/img\/galeria\/fundusze.jpg\" \/>\n<meta name=\"twitter:card\" content=\"summary_large_image\" \/>\n<meta name=\"twitter:label1\" content=\"Est. reading time\" \/>\n\t<meta name=\"twitter:data1\" content=\"3 minutes\" \/>\n<script type=\"application\/ld+json\" class=\"yoast-schema-graph\">{\"@context\":\"https:\\\/\\\/schema.org\",\"@graph\":[{\"@type\":\"WebPage\",\"@id\":\"https:\\\/\\\/kreatortorun.pl\\\/en\\\/eu-funds\\\/\",\"url\":\"https:\\\/\\\/kreatortorun.pl\\\/en\\\/eu-funds\\\/\",\"name\":\"EU funds - Kreator Toru\u0144\",\"isPartOf\":{\"@id\":\"https:\\\/\\\/kreatortorun.pl\\\/#website\"},\"primaryImageOfPage\":{\"@id\":\"https:\\\/\\\/kreatortorun.pl\\\/en\\\/eu-funds\\\/#primaryimage\"},\"image\":{\"@id\":\"https:\\\/\\\/kreatortorun.pl\\\/en\\\/eu-funds\\\/#primaryimage\"},\"thumbnailUrl\":\"https:\\\/\\\/www.kreatortorun.pl\\\/img\\\/galeria\\\/fundusze.jpg\",\"datePublished\":\"2021-10-15T13:14:40+00:00\",\"dateModified\":\"2022-03-16T14:40:17+00:00\",\"breadcrumb\":{\"@id\":\"https:\\\/\\\/kreatortorun.pl\\\/en\\\/eu-funds\\\/#breadcrumb\"},\"inLanguage\":\"en-US\",\"potentialAction\":[{\"@type\":\"ReadAction\",\"target\":[\"https:\\\/\\\/kreatortorun.pl\\\/en\\\/eu-funds\\\/\"]}]},{\"@type\":\"ImageObject\",\"inLanguage\":\"en-US\",\"@id\":\"https:\\\/\\\/kreatortorun.pl\\\/en\\\/eu-funds\\\/#primaryimage\",\"url\":\"https:\\\/\\\/www.kreatortorun.pl\\\/img\\\/galeria\\\/fundusze.jpg\",\"contentUrl\":\"https:\\\/\\\/www.kreatortorun.pl\\\/img\\\/galeria\\\/fundusze.jpg\"},{\"@type\":\"BreadcrumbList\",\"@id\":\"https:\\\/\\\/kreatortorun.pl\\\/en\\\/eu-funds\\\/#breadcrumb\",\"itemListElement\":[{\"@type\":\"ListItem\",\"position\":1,\"name\":\"Strona g\u0142\u00f3wna\",\"item\":\"https:\\\/\\\/kreatortorun.pl\\\/en\\\/\"},{\"@type\":\"ListItem\",\"position\":2,\"name\":\"EU funds\"}]},{\"@type\":\"WebSite\",\"@id\":\"https:\\\/\\\/kreatortorun.pl\\\/#website\",\"url\":\"https:\\\/\\\/kreatortorun.pl\\\/\",\"name\":\"Kreator Toru\u0144\",\"description\":\"Producent mundur\u00f3w, kombinezon\u00f3w i odzie\u017cy taktycznej\",\"publisher\":{\"@id\":\"https:\\\/\\\/kreatortorun.pl\\\/#organization\"},\"potentialAction\":[{\"@type\":\"SearchAction\",\"target\":{\"@type\":\"EntryPoint\",\"urlTemplate\":\"https:\\\/\\\/kreatortorun.pl\\\/?s={search_term_string}\"},\"query-input\":{\"@type\":\"PropertyValueSpecification\",\"valueRequired\":true,\"valueName\":\"search_term_string\"}}],\"inLanguage\":\"en-US\"},{\"@type\":\"Organization\",\"@id\":\"https:\\\/\\\/kreatortorun.pl\\\/#organization\",\"name\":\"Kreator Toru\u0144\",\"url\":\"https:\\\/\\\/kreatortorun.pl\\\/\",\"logo\":{\"@type\":\"ImageObject\",\"inLanguage\":\"en-US\",\"@id\":\"https:\\\/\\\/kreatortorun.pl\\\/#\\\/schema\\\/logo\\\/image\\\/\",\"url\":\"https:\\\/\\\/kreatortorun.pl\\\/wp-content\\\/uploads\\\/2024\\\/02\\\/cropped-kreator-logo-favicon.png\",\"contentUrl\":\"https:\\\/\\\/kreatortorun.pl\\\/wp-content\\\/uploads\\\/2024\\\/02\\\/cropped-kreator-logo-favicon.png\",\"width\":512,\"height\":512,\"caption\":\"Kreator Toru\u0144\"},\"image\":{\"@id\":\"https:\\\/\\\/kreatortorun.pl\\\/#\\\/schema\\\/logo\\\/image\\\/\"},\"sameAs\":[\"https:\\\/\\\/www.facebook.com\\\/torun.kreator\",\"https:\\\/\\\/www.youtube.com\\\/@kreatortorun1862\"]}]}<\/script>\n<!-- \/ Yoast SEO plugin. -->","yoast_head_json":{"title":"EU funds - Kreator Toru\u0144","robots":{"index":"index","follow":"follow","max-snippet":"max-snippet:-1","max-image-preview":"max-image-preview:large","max-video-preview":"max-video-preview:-1"},"canonical":"https:\/\/kreatortorun.pl\/en\/eu-funds\/","og_locale":"en_US","og_type":"article","og_title":"EU funds - Kreator Toru\u0144","og_url":"https:\/\/kreatortorun.pl\/en\/eu-funds\/","og_site_name":"Kreator Toru\u0144","article_publisher":"https:\/\/www.facebook.com\/torun.kreator","article_modified_time":"2022-03-16T14:40:17+00:00","og_image":[{"url":"https:\/\/www.kreatortorun.pl\/img\/galeria\/fundusze.jpg","type":"","width":"","height":""}],"twitter_card":"summary_large_image","twitter_misc":{"Est. reading time":"3 minutes"},"schema":{"@context":"https:\/\/schema.org","@graph":[{"@type":"WebPage","@id":"https:\/\/kreatortorun.pl\/en\/eu-funds\/","url":"https:\/\/kreatortorun.pl\/en\/eu-funds\/","name":"EU funds - Kreator Toru\u0144","isPartOf":{"@id":"https:\/\/kreatortorun.pl\/#website"},"primaryImageOfPage":{"@id":"https:\/\/kreatortorun.pl\/en\/eu-funds\/#primaryimage"},"image":{"@id":"https:\/\/kreatortorun.pl\/en\/eu-funds\/#primaryimage"},"thumbnailUrl":"https:\/\/www.kreatortorun.pl\/img\/galeria\/fundusze.jpg","datePublished":"2021-10-15T13:14:40+00:00","dateModified":"2022-03-16T14:40:17+00:00","breadcrumb":{"@id":"https:\/\/kreatortorun.pl\/en\/eu-funds\/#breadcrumb"},"inLanguage":"en-US","potentialAction":[{"@type":"ReadAction","target":["https:\/\/kreatortorun.pl\/en\/eu-funds\/"]}]},{"@type":"ImageObject","inLanguage":"en-US","@id":"https:\/\/kreatortorun.pl\/en\/eu-funds\/#primaryimage","url":"https:\/\/www.kreatortorun.pl\/img\/galeria\/fundusze.jpg","contentUrl":"https:\/\/www.kreatortorun.pl\/img\/galeria\/fundusze.jpg"},{"@type":"BreadcrumbList","@id":"https:\/\/kreatortorun.pl\/en\/eu-funds\/#breadcrumb","itemListElement":[{"@type":"ListItem","position":1,"name":"Strona g\u0142\u00f3wna","item":"https:\/\/kreatortorun.pl\/en\/"},{"@type":"ListItem","position":2,"name":"EU funds"}]},{"@type":"WebSite","@id":"https:\/\/kreatortorun.pl\/#website","url":"https:\/\/kreatortorun.pl\/","name":"Kreator Toru\u0144","description":"Producent mundur\u00f3w, kombinezon\u00f3w i odzie\u017cy taktycznej","publisher":{"@id":"https:\/\/kreatortorun.pl\/#organization"},"potentialAction":[{"@type":"SearchAction","target":{"@type":"EntryPoint","urlTemplate":"https:\/\/kreatortorun.pl\/?s={search_term_string}"},"query-input":{"@type":"PropertyValueSpecification","valueRequired":true,"valueName":"search_term_string"}}],"inLanguage":"en-US"},{"@type":"Organization","@id":"https:\/\/kreatortorun.pl\/#organization","name":"Kreator Toru\u0144","url":"https:\/\/kreatortorun.pl\/","logo":{"@type":"ImageObject","inLanguage":"en-US","@id":"https:\/\/kreatortorun.pl\/#\/schema\/logo\/image\/","url":"https:\/\/kreatortorun.pl\/wp-content\/uploads\/2024\/02\/cropped-kreator-logo-favicon.png","contentUrl":"https:\/\/kreatortorun.pl\/wp-content\/uploads\/2024\/02\/cropped-kreator-logo-favicon.png","width":512,"height":512,"caption":"Kreator Toru\u0144"},"image":{"@id":"https:\/\/kreatortorun.pl\/#\/schema\/logo\/image\/"},"sameAs":["https:\/\/www.facebook.com\/torun.kreator","https:\/\/www.youtube.com\/@kreatortorun1862"]}]}},"_links":{"self":[{"href":"https:\/\/kreatortorun.pl\/en\/wp-json\/wp\/v2\/pages\/1674","targetHints":{"allow":["GET"]}}],"collection":[{"href":"https:\/\/kreatortorun.pl\/en\/wp-json\/wp\/v2\/pages"}],"about":[{"href":"https:\/\/kreatortorun.pl\/en\/wp-json\/wp\/v2\/types\/page"}],"author":[{"embeddable":true,"href":"https:\/\/kreatortorun.pl\/en\/wp-json\/wp\/v2\/users\/1"}],"replies":[{"embeddable":true,"href":"https:\/\/kreatortorun.pl\/en\/wp-json\/wp\/v2\/comments?post=1674"}],"version-history":[{"count":0,"href":"https:\/\/kreatortorun.pl\/en\/wp-json\/wp\/v2\/pages\/1674\/revisions"}],"wp:attachment":[{"href":"https:\/\/kreatortorun.pl\/en\/wp-json\/wp\/v2\/media?parent=1674"}],"curies":[{"name":"wp","href":"https:\/\/api.w.org\/{rel}","templated":true}]}}