{"id":10976,"date":"2024-03-19T12:16:10","date_gmt":"2024-03-19T12:16:10","guid":{"rendered":"https:\/\/kreatortorun.pl\/?post_type=product&#038;p=10976"},"modified":"2026-04-21T17:08:42","modified_gmt":"2026-04-21T17:08:42","slug":"pasek-biothane-z-klamra-automatyczna","status":"publish","type":"product","link":"https:\/\/kreatortorun.pl\/en\/produkt\/pasek-biothane-z-klamra-automatyczna\/","title":{"rendered":"Pasek Biothane z klamr\u0105 automatyczn\u0105"},"content":{"rendered":"<h1>Pasek z klamr\u0105 automatyczn\u0105 i ta\u015bm\u0105 do przyci\u0119cia<\/h1>\n<p>Wytrzyma\u0142y, elastyczny i odporny na brud i wod\u0119 pasek z oryginalnego materia\u0142u BioThane\u00ae. Jednolity, dzi\u0119ki czemu nie rozwarstwia si\u0119. Wygl\u0105dem przypomina naturaln\u0105 sk\u00f3r\u0119 a nie wymaga piel\u0119gnacji specjalistycznymi \u015brodkami.<\/p>\n<p>Ta\u015bma do samodzielnego przyci\u0119cia. W zestawie klamra automatyczna z logo DURABO i symbolem salamandry, kt\u00f3rej przypisywano kiedy\u015b odporno\u015b\u0107 na ogie\u0144.<\/p>\n<div><\/div>\n<div><\/div>\n<p>W klasycznej \u0142acinie \u201eDurabo\u201d znaczy \u201eprzetrwam\u201d. Formu\u0142a ta przewija\u0142a si\u0119 przez stulecia jako motto kr\u00f3l\u00f3w i kardyna\u0142\u00f3w oraz zawo\u0142anie bojowe armii.<\/p>\n<p>Wykorzystuj\u0105c DURABO\u00ae\u00a0 jako nazw\u0119 naszej marki przyj\u0119li\u015bmy na siebie jego dziedzictwo: po\u0142\u0105czenie wizji stworzenia nieprzemijaj\u0105cego stylu z obietnic\u0105 sk\u0142adan\u0105 naszym klientom.<\/p>\n<p>&nbsp;<\/p>\n<p>Je\u015bli poszukujesz samej <a title=\"\u200c\" href=\"https:\/\/durabo.eu\/produkt\/klamra-srebrna-paska-38mm\/\" target=\"_blank\" rel=\"nofollow noopener noreferrer ugc\">klamry automatycznej<\/a> lub tylko <a title=\"\u200c\" href=\"https:\/\/durabo.eu\/produkt\/pasek-biothane-bez-klamry\/\" target=\"_blank\" rel=\"nofollow noopener noreferrer ugc\">paska do spodni <\/a>bez klamry, to odwied\u017a koniecznie nasz sklep DURABO: <a href=\"https:\/\/durabo.eu\/akcesoria\/paski\/\">https:\/\/durabo.eu\/akcesoria\/paski\/\u00a0<\/a><\/p>\n<div class=\"js-react-root\"><\/div>\n","protected":false},"excerpt":{"rendered":"<p>Zestaw do samodzielnego monta\u017cu. Klamra automatyczna i ta\u015bma w osobnych pude\u0142kach z instrukcj\u0105 przyci\u0119cia paska do swojego obwodu &#8211; max 115 cm. W razie potrzeby o d\u0142u\u017csz\u0105 ta\u015bm\u0119 &#8211; prosimy o kontakt.<\/p>\n","protected":false},"featured_media":25836,"template":"","meta":[],"product_brand":[],"product_cat":[147,151,219,155,111,148,152,156,174,140],"product_tag":[190,165,88,171,89],"class_list":{"0":"post-10976","1":"product","2":"type-product","3":"status-publish","4":"has-post-thumbnail","6":"product_cat-akcesoria-meskie","7":"product_cat-akcesoria-meskie-marynarka-wojenna","8":"product_cat-akcesoria-m-wopr","9":"product_cat-akcesoria-meskie-policja","10":"product_cat-akcesoria-meskie-wl","11":"product_cat-akcesoria-damskie","12":"product_cat-akcesoria-damskie-marynarka-wojenna","13":"product_cat-akcesoria-damskie-policja","14":"product_cat-akcesoria-meskie-2","15":"product_cat-akcesoria-damskie-wl","16":"product_tag-pol","17":"product_tag-mw","18":"product_tag-wl","19":"product_tag-psp","20":"product_tag-sp","22":"first","23":"instock","24":"taxable","25":"shipping-taxable","26":"purchasable","27":"product-type-variable"},"yoast_head":"<!-- This site is optimized with the Yoast SEO plugin v27.3 - https:\/\/yoast.com\/product\/yoast-seo-wordpress\/ -->\n<title>Pasek Biothane z klamr\u0105 automatyczn\u0105 - Kreator Toru\u0144<\/title>\n<meta name=\"robots\" content=\"index, follow, max-snippet:-1, max-image-preview:large, max-video-preview:-1\" \/>\n<link rel=\"canonical\" href=\"https:\/\/kreatortorun.pl\/produkt\/pasek-biothane-z-klamra-automatyczna\/\" \/>\n<meta property=\"og:locale\" content=\"en_US\" \/>\n<meta property=\"og:type\" content=\"article\" \/>\n<meta property=\"og:title\" content=\"Pasek Biothane z klamr\u0105 automatyczn\u0105 - Kreator Toru\u0144\" \/>\n<meta property=\"og:description\" content=\"Zestaw do samodzielnego monta\u017cu. Klamra automatyczna i ta\u015bma w osobnych pude\u0142kach z instrukcj\u0105 przyci\u0119cia paska do swojego obwodu - max 115 cm. W razie potrzeby o d\u0142u\u017csz\u0105 ta\u015bm\u0119 - prosimy o kontakt.\" \/>\n<meta property=\"og:url\" content=\"https:\/\/kreatortorun.pl\/produkt\/pasek-biothane-z-klamra-automatyczna\/\" \/>\n<meta property=\"og:site_name\" content=\"Kreator Toru\u0144\" \/>\n<meta property=\"article:publisher\" content=\"https:\/\/www.facebook.com\/torun.kreator\" \/>\n<meta property=\"article:modified_time\" content=\"2026-04-21T17:08:42+00:00\" \/>\n<meta property=\"og:image\" content=\"https:\/\/kreatortorun.pl\/wp-content\/uploads\/2024\/03\/pasek-durabo-1.jpg\" \/>\n\t<meta property=\"og:image:width\" content=\"1000\" \/>\n\t<meta property=\"og:image:height\" content=\"1000\" \/>\n\t<meta property=\"og:image:type\" content=\"image\/jpeg\" \/>\n<meta name=\"twitter:card\" content=\"summary_large_image\" \/>\n<meta name=\"twitter:label1\" content=\"Est. reading time\" \/>\n\t<meta name=\"twitter:data1\" content=\"1 minute\" \/>\n<script type=\"application\/ld+json\" class=\"yoast-schema-graph\">{\"@context\":\"https:\\\/\\\/schema.org\",\"@graph\":[{\"@type\":\"WebPage\",\"@id\":\"https:\\\/\\\/kreatortorun.pl\\\/produkt\\\/pasek-biothane-z-klamra-automatyczna\\\/\",\"url\":\"https:\\\/\\\/kreatortorun.pl\\\/produkt\\\/pasek-biothane-z-klamra-automatyczna\\\/\",\"name\":\"Pasek Biothane z klamr\u0105 automatyczn\u0105 - Kreator Toru\u0144\",\"isPartOf\":{\"@id\":\"https:\\\/\\\/kreatortorun.pl\\\/#website\"},\"primaryImageOfPage\":{\"@id\":\"https:\\\/\\\/kreatortorun.pl\\\/produkt\\\/pasek-biothane-z-klamra-automatyczna\\\/#primaryimage\"},\"image\":{\"@id\":\"https:\\\/\\\/kreatortorun.pl\\\/produkt\\\/pasek-biothane-z-klamra-automatyczna\\\/#primaryimage\"},\"thumbnailUrl\":\"https:\\\/\\\/kreatortorun.pl\\\/wp-content\\\/uploads\\\/2024\\\/03\\\/pasek-durabo-1.jpg\",\"datePublished\":\"2024-03-19T12:16:10+00:00\",\"dateModified\":\"2026-04-21T17:08:42+00:00\",\"breadcrumb\":{\"@id\":\"https:\\\/\\\/kreatortorun.pl\\\/produkt\\\/pasek-biothane-z-klamra-automatyczna\\\/#breadcrumb\"},\"inLanguage\":\"en-US\",\"potentialAction\":[{\"@type\":\"ReadAction\",\"target\":[\"https:\\\/\\\/kreatortorun.pl\\\/produkt\\\/pasek-biothane-z-klamra-automatyczna\\\/\"]}]},{\"@type\":\"ImageObject\",\"inLanguage\":\"en-US\",\"@id\":\"https:\\\/\\\/kreatortorun.pl\\\/produkt\\\/pasek-biothane-z-klamra-automatyczna\\\/#primaryimage\",\"url\":\"https:\\\/\\\/kreatortorun.pl\\\/wp-content\\\/uploads\\\/2024\\\/03\\\/pasek-durabo-1.jpg\",\"contentUrl\":\"https:\\\/\\\/kreatortorun.pl\\\/wp-content\\\/uploads\\\/2024\\\/03\\\/pasek-durabo-1.jpg\",\"width\":1000,\"height\":1000},{\"@type\":\"BreadcrumbList\",\"@id\":\"https:\\\/\\\/kreatortorun.pl\\\/produkt\\\/pasek-biothane-z-klamra-automatyczna\\\/#breadcrumb\",\"itemListElement\":[{\"@type\":\"ListItem\",\"position\":1,\"name\":\"Strona g\u0142\u00f3wna\",\"item\":\"https:\\\/\\\/kreatortorun.pl\\\/en\\\/\"},{\"@type\":\"ListItem\",\"position\":2,\"name\":\"Shop\",\"item\":\"https:\\\/\\\/kreatortorun.pl\\\/en\\\/shop\\\/\"},{\"@type\":\"ListItem\",\"position\":3,\"name\":\"Pasek Biothane z klamr\u0105 automatyczn\u0105\"}]},{\"@type\":\"WebSite\",\"@id\":\"https:\\\/\\\/kreatortorun.pl\\\/#website\",\"url\":\"https:\\\/\\\/kreatortorun.pl\\\/\",\"name\":\"Kreator Toru\u0144\",\"description\":\"Producent mundur\u00f3w, kombinezon\u00f3w i odzie\u017cy taktycznej\",\"publisher\":{\"@id\":\"https:\\\/\\\/kreatortorun.pl\\\/#organization\"},\"potentialAction\":[{\"@type\":\"SearchAction\",\"target\":{\"@type\":\"EntryPoint\",\"urlTemplate\":\"https:\\\/\\\/kreatortorun.pl\\\/?s={search_term_string}\"},\"query-input\":{\"@type\":\"PropertyValueSpecification\",\"valueRequired\":true,\"valueName\":\"search_term_string\"}}],\"inLanguage\":\"en-US\"},{\"@type\":\"Organization\",\"@id\":\"https:\\\/\\\/kreatortorun.pl\\\/#organization\",\"name\":\"Kreator Toru\u0144\",\"url\":\"https:\\\/\\\/kreatortorun.pl\\\/\",\"logo\":{\"@type\":\"ImageObject\",\"inLanguage\":\"en-US\",\"@id\":\"https:\\\/\\\/kreatortorun.pl\\\/#\\\/schema\\\/logo\\\/image\\\/\",\"url\":\"https:\\\/\\\/kreatortorun.pl\\\/wp-content\\\/uploads\\\/2024\\\/02\\\/cropped-kreator-logo-favicon.png\",\"contentUrl\":\"https:\\\/\\\/kreatortorun.pl\\\/wp-content\\\/uploads\\\/2024\\\/02\\\/cropped-kreator-logo-favicon.png\",\"width\":512,\"height\":512,\"caption\":\"Kreator Toru\u0144\"},\"image\":{\"@id\":\"https:\\\/\\\/kreatortorun.pl\\\/#\\\/schema\\\/logo\\\/image\\\/\"},\"sameAs\":[\"https:\\\/\\\/www.facebook.com\\\/torun.kreator\",\"https:\\\/\\\/www.youtube.com\\\/@kreatortorun1862\"]}]}<\/script>\n<!-- \/ Yoast SEO plugin. -->","yoast_head_json":{"title":"Pasek Biothane z klamr\u0105 automatyczn\u0105 - Kreator Toru\u0144","robots":{"index":"index","follow":"follow","max-snippet":"max-snippet:-1","max-image-preview":"max-image-preview:large","max-video-preview":"max-video-preview:-1"},"canonical":"https:\/\/kreatortorun.pl\/produkt\/pasek-biothane-z-klamra-automatyczna\/","og_locale":"en_US","og_type":"article","og_title":"Pasek Biothane z klamr\u0105 automatyczn\u0105 - Kreator Toru\u0144","og_description":"Zestaw do samodzielnego monta\u017cu. Klamra automatyczna i ta\u015bma w osobnych pude\u0142kach z instrukcj\u0105 przyci\u0119cia paska do swojego obwodu - max 115 cm. W razie potrzeby o d\u0142u\u017csz\u0105 ta\u015bm\u0119 - prosimy o kontakt.","og_url":"https:\/\/kreatortorun.pl\/produkt\/pasek-biothane-z-klamra-automatyczna\/","og_site_name":"Kreator Toru\u0144","article_publisher":"https:\/\/www.facebook.com\/torun.kreator","article_modified_time":"2026-04-21T17:08:42+00:00","og_image":[{"width":1000,"height":1000,"url":"https:\/\/kreatortorun.pl\/wp-content\/uploads\/2024\/03\/pasek-durabo-1.jpg","type":"image\/jpeg"}],"twitter_card":"summary_large_image","twitter_misc":{"Est. reading time":"1 minute"},"schema":{"@context":"https:\/\/schema.org","@graph":[{"@type":"WebPage","@id":"https:\/\/kreatortorun.pl\/produkt\/pasek-biothane-z-klamra-automatyczna\/","url":"https:\/\/kreatortorun.pl\/produkt\/pasek-biothane-z-klamra-automatyczna\/","name":"Pasek Biothane z klamr\u0105 automatyczn\u0105 - Kreator Toru\u0144","isPartOf":{"@id":"https:\/\/kreatortorun.pl\/#website"},"primaryImageOfPage":{"@id":"https:\/\/kreatortorun.pl\/produkt\/pasek-biothane-z-klamra-automatyczna\/#primaryimage"},"image":{"@id":"https:\/\/kreatortorun.pl\/produkt\/pasek-biothane-z-klamra-automatyczna\/#primaryimage"},"thumbnailUrl":"https:\/\/kreatortorun.pl\/wp-content\/uploads\/2024\/03\/pasek-durabo-1.jpg","datePublished":"2024-03-19T12:16:10+00:00","dateModified":"2026-04-21T17:08:42+00:00","breadcrumb":{"@id":"https:\/\/kreatortorun.pl\/produkt\/pasek-biothane-z-klamra-automatyczna\/#breadcrumb"},"inLanguage":"en-US","potentialAction":[{"@type":"ReadAction","target":["https:\/\/kreatortorun.pl\/produkt\/pasek-biothane-z-klamra-automatyczna\/"]}]},{"@type":"ImageObject","inLanguage":"en-US","@id":"https:\/\/kreatortorun.pl\/produkt\/pasek-biothane-z-klamra-automatyczna\/#primaryimage","url":"https:\/\/kreatortorun.pl\/wp-content\/uploads\/2024\/03\/pasek-durabo-1.jpg","contentUrl":"https:\/\/kreatortorun.pl\/wp-content\/uploads\/2024\/03\/pasek-durabo-1.jpg","width":1000,"height":1000},{"@type":"BreadcrumbList","@id":"https:\/\/kreatortorun.pl\/produkt\/pasek-biothane-z-klamra-automatyczna\/#breadcrumb","itemListElement":[{"@type":"ListItem","position":1,"name":"Strona g\u0142\u00f3wna","item":"https:\/\/kreatortorun.pl\/en\/"},{"@type":"ListItem","position":2,"name":"Shop","item":"https:\/\/kreatortorun.pl\/en\/shop\/"},{"@type":"ListItem","position":3,"name":"Pasek Biothane z klamr\u0105 automatyczn\u0105"}]},{"@type":"WebSite","@id":"https:\/\/kreatortorun.pl\/#website","url":"https:\/\/kreatortorun.pl\/","name":"Kreator Toru\u0144","description":"Producent mundur\u00f3w, kombinezon\u00f3w i odzie\u017cy taktycznej","publisher":{"@id":"https:\/\/kreatortorun.pl\/#organization"},"potentialAction":[{"@type":"SearchAction","target":{"@type":"EntryPoint","urlTemplate":"https:\/\/kreatortorun.pl\/?s={search_term_string}"},"query-input":{"@type":"PropertyValueSpecification","valueRequired":true,"valueName":"search_term_string"}}],"inLanguage":"en-US"},{"@type":"Organization","@id":"https:\/\/kreatortorun.pl\/#organization","name":"Kreator Toru\u0144","url":"https:\/\/kreatortorun.pl\/","logo":{"@type":"ImageObject","inLanguage":"en-US","@id":"https:\/\/kreatortorun.pl\/#\/schema\/logo\/image\/","url":"https:\/\/kreatortorun.pl\/wp-content\/uploads\/2024\/02\/cropped-kreator-logo-favicon.png","contentUrl":"https:\/\/kreatortorun.pl\/wp-content\/uploads\/2024\/02\/cropped-kreator-logo-favicon.png","width":512,"height":512,"caption":"Kreator Toru\u0144"},"image":{"@id":"https:\/\/kreatortorun.pl\/#\/schema\/logo\/image\/"},"sameAs":["https:\/\/www.facebook.com\/torun.kreator","https:\/\/www.youtube.com\/@kreatortorun1862"]}]}},"_links":{"self":[{"href":"https:\/\/kreatortorun.pl\/en\/wp-json\/wp\/v2\/product\/10976","targetHints":{"allow":["GET"]}}],"collection":[{"href":"https:\/\/kreatortorun.pl\/en\/wp-json\/wp\/v2\/product"}],"about":[{"href":"https:\/\/kreatortorun.pl\/en\/wp-json\/wp\/v2\/types\/product"}],"wp:featuredmedia":[{"embeddable":true,"href":"https:\/\/kreatortorun.pl\/en\/wp-json\/wp\/v2\/media\/25836"}],"wp:attachment":[{"href":"https:\/\/kreatortorun.pl\/en\/wp-json\/wp\/v2\/media?parent=10976"}],"wp:term":[{"taxonomy":"product_brand","embeddable":true,"href":"https:\/\/kreatortorun.pl\/en\/wp-json\/wp\/v2\/product_brand?post=10976"},{"taxonomy":"product_cat","embeddable":true,"href":"https:\/\/kreatortorun.pl\/en\/wp-json\/wp\/v2\/product_cat?post=10976"},{"taxonomy":"product_tag","embeddable":true,"href":"https:\/\/kreatortorun.pl\/en\/wp-json\/wp\/v2\/product_tag?post=10976"}],"curies":[{"name":"wp","href":"https:\/\/api.w.org\/{rel}","templated":true}]}}