{"id":11942,"date":"2024-07-02T07:23:58","date_gmt":"2024-07-02T07:23:58","guid":{"rendered":"https:\/\/kreatortorun.pl\/?post_type=product&#038;p=11942"},"modified":"2025-12-08T11:42:31","modified_gmt":"2025-12-08T11:42:31","slug":"mundur-wyjsciowy-psp-szyty-na-miare","status":"publish","type":"product","link":"https:\/\/kreatortorun.pl\/en\/produkt\/mundur-wyjsciowy-psp-szyty-na-miare\/","title":{"rendered":"Mundur wyj\u015bciowy PSP szyty na miar\u0119"},"content":{"rendered":"<h1 style=\"text-align: justify;\">Mundur wyj\u015bciowy m\u0119ski PSP<\/h1>\n<p style=\"text-align: justify;\">Mundur PSP szyty na miar\u0119 jest zgodny z dokumentacj\u0105 <a href=\"https:\/\/sip.lex.pl\/akty-prawne\/dzu-dziennik-ustaw\/umundurowanie-strazakow-panstwowej-strazy-pozarnej-19150411\" target=\"_blank\" rel=\"noopener\">techniczno-technologiczn\u0105 Komendy G\u0142\u00f3wnej Pa\u0144stwowej Stra\u017cy Po\u017carnej<\/a>. W sk\u0142ad kompletu wchodzi kurtka oraz spodnie.<\/p>\n<h2 style=\"text-align: justify;\">Mundur stra\u017caka PSP szyty na miar\u0119<\/h2>\n<p style=\"text-align: justify;\">Mundur wyj\u015bciowy PSP sk\u0142ada si\u0119 z marynarki z wy\u0142o\u017conymi klapami i naramiennikami oraz z d\u0142ugich spodni dopasowanych wed\u0142ug wzrostu i obwodu pasa.<\/p>\n<p style=\"text-align: justify;\">Spodnie munduru dla stra\u017caka s\u0105 o typowym kroju, posiadaj\u0105 dwie sko\u015bne kieszenie po bokach oraz jedn\u0105 kiesze\u0144 z ty\u0142u.<\/p>\n<p style=\"text-align: justify;\">Kurtka munduru stra\u017cackiego wykonana jest z tkaniny w kolorze ciemnogranatowym. Kurtka munduru jest jednorz\u0119dowa, z wyk\u0142adanym ko\u0142nierzem i wy\u0142ogami, zapinana z przodu na cztery guziki mundurowe. Na barkach umieszczone s\u0105 naramienniki zapinane na guziki mundurowe. Na linii klatki piersiowej i po bokach kurtki naszyte s\u0105 kieszenie z fa\u0142dkami i patkami. Ty\u0142 kurtki ze szwem po\u015brodku. R\u0119kawy g\u0142adkie, ze szwem \u0142okciowym, u do\u0142u zako\u0144czone rozporkami. Kurtka od wewn\u0105trz wyko\u0144czona jest jedwabn\u0105 podszewk\u0105 w kolorze dopasowanym do tkaniny wierzchniej. W g\u00f3rnych cz\u0119\u015bciach przodu wykonane s\u0105 kieszenie wewn\u0119trzne. Na prawym szwie barkowym przyszyty jest guzik do przypi\u0119cia sznura galowego stra\u017cackiego.<\/p>\n<h2>Mundur wyj\u015bciowy PSP damski &#8211; na zam\u00f3wienie specjalne<\/h2>\n<p style=\"text-align: justify;\">Szyjemy r\u00f3wnie\u017c damsk\u0105 wersj\u0119 munduru wyj\u015bciowego PSP, poniewa\u017c &#8211; zgodnie z dokumentacj\u0105 &#8211; r\u00f3wnie\u017c mundur wyj\u015bciowy damski PSP wchodzi w sk\u0142ad ubioru wyj\u015bciowego funkcjonariuszek Pa\u0144stwowej Stra\u017cy Po\u017carnej. Mundur PSP dla kobiet sk\u0142ada si\u0119 z 3 cz\u0119\u015bci: marynarki, spodni i sp\u00f3dnicy. Aby zam\u00f3wi\u0107 zadzwo\u0144: <strong><span style=\"color: #d83131;\"><a href=\"tel: +48790771696\">+48 790 771 696 <\/a><\/span><\/strong>lub <a href=\"mailto:l.mirosznik@kreatortorun.pl\" class=\"button alert is-alert is-medium\" >\n\t\t<span>ZAPYTAJ<\/span>\n\t<\/a>\n\n","protected":false},"excerpt":{"rendered":"<p style=\"text-align: justify;\"><span data-sheets-value=\"{&quot;1&quot;:2,&quot;2&quot;:&quot;Mundur wyj\u015bciowy PSP jest potwierdzony przez Wojskowy O\u015brodek Badawczo-Wdro\u017ceniowy S\u0142u\u017cby Mundurowej w \u0141odzi za zgodno\u015b\u0107 z Wojskow\u0105 Dokumentacj\u0105 Techniczno-Technologiczn\u0105 oraz wzorem Przedmiotu Umundurowania i Wyekwipowania. Wszystkie surowce zastosowane w wyrobie s\u0105 zgodne z Wojskow\u0105 Dokumentacj\u0105 Techniczno-Technologiczn\u0105 wz\u00f3r 102\/MON. To potwierdza, \u017ce szyte przez nas mundury Si\u0142 Powietrznych s\u0105 oficjalnymi, uznanymi modelami. Zapraszamy wszystkich \u017co\u0142nierzy Wojsk Lotniczych do zapoznania si\u0119 z ofert\u0105 szytych na miar\u0119 mundur\u00f3w.&quot;}\" data-sheets-userformat=\"{&quot;2&quot;:15229,&quot;3&quot;:{&quot;1&quot;:0},&quot;5&quot;:{&quot;1&quot;:[{&quot;1&quot;:2,&quot;2&quot;:0,&quot;5&quot;:{&quot;1&quot;:2,&quot;2&quot;:16777215}},{&quot;1&quot;:0,&quot;2&quot;:0,&quot;3&quot;:3},{&quot;1&quot;:1,&quot;2&quot;:0,&quot;4&quot;:1}]},&quot;6&quot;:{&quot;1&quot;:[{&quot;1&quot;:2,&quot;2&quot;:0,&quot;5&quot;:{&quot;1&quot;:2,&quot;2&quot;:16777215}},{&quot;1&quot;:0,&quot;2&quot;:0,&quot;3&quot;:3},{&quot;1&quot;:1,&quot;2&quot;:0,&quot;4&quot;:1}]},&quot;7&quot;:{&quot;1&quot;:[{&quot;1&quot;:2,&quot;2&quot;:0,&quot;5&quot;:{&quot;1&quot;:2,&quot;2&quot;:16777215}},{&quot;1&quot;:0,&quot;2&quot;:0,&quot;3&quot;:3},{&quot;1&quot;:1,&quot;2&quot;:0,&quot;4&quot;:1}]},&quot;8&quot;:{&quot;1&quot;:[{&quot;1&quot;:2,&quot;2&quot;:0,&quot;5&quot;:{&quot;1&quot;:2,&quot;2&quot;:16777215}},{&quot;1&quot;:0,&quot;2&quot;:0,&quot;3&quot;:3},{&quot;1&quot;:1,&quot;2&quot;:0,&quot;4&quot;:1}]},&quot;9&quot;:0,&quot;11&quot;:4,&quot;12&quot;:0,&quot;14&quot;:{&quot;1&quot;:2,&quot;2&quot;:0},&quot;15&quot;:&quot;Arial&quot;,&quot;16&quot;:11}\" data-sheets-textstyleruns=\"{&quot;1&quot;:0}\uee10{&quot;1&quot;:336,&quot;2&quot;:{&quot;2&quot;:{&quot;1&quot;:2,&quot;2&quot;:10898809}}}\">Mundur wyj\u015bciowy m\u0119ski PSP jest zgodny z dokumentacj\u0105 techniczno-technologiczn\u0105 Komendy G\u0142\u00f3wnej Pa\u0144stwowej Stra\u017cy Po\u017carnej. W sk\u0142ad kompletu wchodzi kurtka oraz spodnie.<\/span><\/p>\n<p style=\"text-align: justify;\"><strong>Uwaga!<br \/>\n<\/strong><strong>Zamawiany produkt jest produktem nieprefabrykowanym, wyprodukowanym wed\u0142ug specyfikacji konsumenta i z tego powodu Klientowi nie przys\u0142uguje prawo odst\u0105pienia od umowy zawartej na odleg\u0142o\u015b\u0107.<\/strong><\/p>\n","protected":false},"featured_media":12061,"template":"","meta":[],"product_brand":[],"product_cat":[172],"product_tag":[171,164],"class_list":{"0":"post-11942","1":"product","2":"type-product","3":"status-publish","4":"has-post-thumbnail","6":"product_cat-umundurowanie-m-psp","7":"product_tag-psp","8":"product_tag-miarowe","9":"product_shipping_class-dpd","11":"first","12":"onbackorder","13":"taxable","14":"shipping-taxable","15":"purchasable","16":"product-type-simple"},"yoast_head":"<!-- This site is optimized with the Yoast SEO plugin v27.3 - https:\/\/yoast.com\/product\/yoast-seo-wordpress\/ -->\n<title>Mundur wyj\u015bciowy PSP szyty na miar\u0119 - Kreator Toru\u0144<\/title>\n<meta name=\"description\" content=\"Mundur wyj\u015bciowy m\u0119ski PSP zgodny z dokumentacj\u0105 techniczno-technologiczn\u0105 Komendy G\u0142\u00f3wnej Pa\u0144stwowej Stra\u017cy Po\u017carnej. W sk\u0142ad kompletu wchodzi kurtka...\" \/>\n<meta name=\"robots\" content=\"index, follow, max-snippet:-1, max-image-preview:large, max-video-preview:-1\" \/>\n<link rel=\"canonical\" href=\"https:\/\/kreatortorun.pl\/produkt\/mundur-wyjsciowy-psp-szyty-na-miare\/\" \/>\n<meta property=\"og:locale\" content=\"en_US\" \/>\n<meta property=\"og:type\" content=\"article\" \/>\n<meta property=\"og:title\" content=\"Mundury i akcesoria - wszystko w 1 miejscu\" \/>\n<meta property=\"og:description\" content=\"Umundurowanie dla s\u0142u\u017cb, odzie\u017c taktyczno-bojowa i korporacyjna.\" \/>\n<meta property=\"og:url\" content=\"https:\/\/kreatortorun.pl\/produkt\/mundur-wyjsciowy-psp-szyty-na-miare\/\" \/>\n<meta property=\"og:site_name\" content=\"Kreator Toru\u0144\" \/>\n<meta property=\"article:publisher\" content=\"https:\/\/www.facebook.com\/torun.kreator\" \/>\n<meta property=\"article:modified_time\" content=\"2025-12-08T11:42:31+00:00\" \/>\n<meta property=\"og:image\" content=\"https:\/\/kreatortorun.pl\/wp-content\/uploads\/2024\/07\/2024.04.28-Kreator-PSP-Mundur-DETAL-3.jpg\" \/>\n\t<meta property=\"og:image:width\" content=\"1200\" \/>\n\t<meta property=\"og:image:height\" content=\"1200\" \/>\n\t<meta property=\"og:image:type\" content=\"image\/jpeg\" \/>\n<meta name=\"twitter:card\" content=\"summary_large_image\" \/>\n<meta name=\"twitter:label1\" content=\"Est. reading time\" \/>\n\t<meta name=\"twitter:data1\" content=\"2 minutes\" \/>\n<script type=\"application\/ld+json\" class=\"yoast-schema-graph\">{\"@context\":\"https:\\\/\\\/schema.org\",\"@graph\":[{\"@type\":\"WebPage\",\"@id\":\"https:\\\/\\\/kreatortorun.pl\\\/produkt\\\/mundur-wyjsciowy-psp-szyty-na-miare\\\/\",\"url\":\"https:\\\/\\\/kreatortorun.pl\\\/produkt\\\/mundur-wyjsciowy-psp-szyty-na-miare\\\/\",\"name\":\"Mundur wyj\u015bciowy PSP szyty na miar\u0119 - Kreator Toru\u0144\",\"isPartOf\":{\"@id\":\"https:\\\/\\\/kreatortorun.pl\\\/#website\"},\"primaryImageOfPage\":{\"@id\":\"https:\\\/\\\/kreatortorun.pl\\\/produkt\\\/mundur-wyjsciowy-psp-szyty-na-miare\\\/#primaryimage\"},\"image\":{\"@id\":\"https:\\\/\\\/kreatortorun.pl\\\/produkt\\\/mundur-wyjsciowy-psp-szyty-na-miare\\\/#primaryimage\"},\"thumbnailUrl\":\"https:\\\/\\\/kreatortorun.pl\\\/wp-content\\\/uploads\\\/2024\\\/07\\\/2024.04.28-Kreator-PSP-Mundur-front-3.jpg\",\"datePublished\":\"2024-07-02T07:23:58+00:00\",\"dateModified\":\"2025-12-08T11:42:31+00:00\",\"description\":\"Mundur wyj\u015bciowy m\u0119ski PSP zgodny z dokumentacj\u0105 techniczno-technologiczn\u0105 Komendy G\u0142\u00f3wnej Pa\u0144stwowej Stra\u017cy Po\u017carnej. W sk\u0142ad kompletu wchodzi kurtka...\",\"breadcrumb\":{\"@id\":\"https:\\\/\\\/kreatortorun.pl\\\/produkt\\\/mundur-wyjsciowy-psp-szyty-na-miare\\\/#breadcrumb\"},\"inLanguage\":\"en-US\",\"potentialAction\":[{\"@type\":\"ReadAction\",\"target\":[\"https:\\\/\\\/kreatortorun.pl\\\/produkt\\\/mundur-wyjsciowy-psp-szyty-na-miare\\\/\"]}]},{\"@type\":\"ImageObject\",\"inLanguage\":\"en-US\",\"@id\":\"https:\\\/\\\/kreatortorun.pl\\\/produkt\\\/mundur-wyjsciowy-psp-szyty-na-miare\\\/#primaryimage\",\"url\":\"https:\\\/\\\/kreatortorun.pl\\\/wp-content\\\/uploads\\\/2024\\\/07\\\/2024.04.28-Kreator-PSP-Mundur-front-3.jpg\",\"contentUrl\":\"https:\\\/\\\/kreatortorun.pl\\\/wp-content\\\/uploads\\\/2024\\\/07\\\/2024.04.28-Kreator-PSP-Mundur-front-3.jpg\",\"width\":1200,\"height\":1200},{\"@type\":\"BreadcrumbList\",\"@id\":\"https:\\\/\\\/kreatortorun.pl\\\/produkt\\\/mundur-wyjsciowy-psp-szyty-na-miare\\\/#breadcrumb\",\"itemListElement\":[{\"@type\":\"ListItem\",\"position\":1,\"name\":\"Strona g\u0142\u00f3wna\",\"item\":\"https:\\\/\\\/kreatortorun.pl\\\/en\\\/\"},{\"@type\":\"ListItem\",\"position\":2,\"name\":\"Shop\",\"item\":\"https:\\\/\\\/kreatortorun.pl\\\/en\\\/shop\\\/\"},{\"@type\":\"ListItem\",\"position\":3,\"name\":\"Mundur wyj\u015bciowy PSP szyty na miar\u0119\"}]},{\"@type\":\"WebSite\",\"@id\":\"https:\\\/\\\/kreatortorun.pl\\\/#website\",\"url\":\"https:\\\/\\\/kreatortorun.pl\\\/\",\"name\":\"Kreator Toru\u0144\",\"description\":\"Producent mundur\u00f3w, kombinezon\u00f3w i odzie\u017cy taktycznej\",\"publisher\":{\"@id\":\"https:\\\/\\\/kreatortorun.pl\\\/#organization\"},\"potentialAction\":[{\"@type\":\"SearchAction\",\"target\":{\"@type\":\"EntryPoint\",\"urlTemplate\":\"https:\\\/\\\/kreatortorun.pl\\\/?s={search_term_string}\"},\"query-input\":{\"@type\":\"PropertyValueSpecification\",\"valueRequired\":true,\"valueName\":\"search_term_string\"}}],\"inLanguage\":\"en-US\"},{\"@type\":\"Organization\",\"@id\":\"https:\\\/\\\/kreatortorun.pl\\\/#organization\",\"name\":\"Kreator Toru\u0144\",\"url\":\"https:\\\/\\\/kreatortorun.pl\\\/\",\"logo\":{\"@type\":\"ImageObject\",\"inLanguage\":\"en-US\",\"@id\":\"https:\\\/\\\/kreatortorun.pl\\\/#\\\/schema\\\/logo\\\/image\\\/\",\"url\":\"https:\\\/\\\/kreatortorun.pl\\\/wp-content\\\/uploads\\\/2024\\\/02\\\/cropped-kreator-logo-favicon.png\",\"contentUrl\":\"https:\\\/\\\/kreatortorun.pl\\\/wp-content\\\/uploads\\\/2024\\\/02\\\/cropped-kreator-logo-favicon.png\",\"width\":512,\"height\":512,\"caption\":\"Kreator Toru\u0144\"},\"image\":{\"@id\":\"https:\\\/\\\/kreatortorun.pl\\\/#\\\/schema\\\/logo\\\/image\\\/\"},\"sameAs\":[\"https:\\\/\\\/www.facebook.com\\\/torun.kreator\",\"https:\\\/\\\/www.youtube.com\\\/@kreatortorun1862\"]}]}<\/script>\n<!-- \/ Yoast SEO plugin. -->","yoast_head_json":{"title":"Mundur wyj\u015bciowy PSP szyty na miar\u0119 - Kreator Toru\u0144","description":"Mundur wyj\u015bciowy m\u0119ski PSP zgodny z dokumentacj\u0105 techniczno-technologiczn\u0105 Komendy G\u0142\u00f3wnej Pa\u0144stwowej Stra\u017cy Po\u017carnej. W sk\u0142ad kompletu wchodzi kurtka...","robots":{"index":"index","follow":"follow","max-snippet":"max-snippet:-1","max-image-preview":"max-image-preview:large","max-video-preview":"max-video-preview:-1"},"canonical":"https:\/\/kreatortorun.pl\/produkt\/mundur-wyjsciowy-psp-szyty-na-miare\/","og_locale":"en_US","og_type":"article","og_title":"Mundury i akcesoria - wszystko w 1 miejscu","og_description":"Umundurowanie dla s\u0142u\u017cb, odzie\u017c taktyczno-bojowa i korporacyjna.","og_url":"https:\/\/kreatortorun.pl\/produkt\/mundur-wyjsciowy-psp-szyty-na-miare\/","og_site_name":"Kreator Toru\u0144","article_publisher":"https:\/\/www.facebook.com\/torun.kreator","article_modified_time":"2025-12-08T11:42:31+00:00","og_image":[{"width":1200,"height":1200,"url":"https:\/\/kreatortorun.pl\/wp-content\/uploads\/2024\/07\/2024.04.28-Kreator-PSP-Mundur-DETAL-3.jpg","type":"image\/jpeg"}],"twitter_card":"summary_large_image","twitter_misc":{"Est. reading time":"2 minutes"},"schema":{"@context":"https:\/\/schema.org","@graph":[{"@type":"WebPage","@id":"https:\/\/kreatortorun.pl\/produkt\/mundur-wyjsciowy-psp-szyty-na-miare\/","url":"https:\/\/kreatortorun.pl\/produkt\/mundur-wyjsciowy-psp-szyty-na-miare\/","name":"Mundur wyj\u015bciowy PSP szyty na miar\u0119 - Kreator Toru\u0144","isPartOf":{"@id":"https:\/\/kreatortorun.pl\/#website"},"primaryImageOfPage":{"@id":"https:\/\/kreatortorun.pl\/produkt\/mundur-wyjsciowy-psp-szyty-na-miare\/#primaryimage"},"image":{"@id":"https:\/\/kreatortorun.pl\/produkt\/mundur-wyjsciowy-psp-szyty-na-miare\/#primaryimage"},"thumbnailUrl":"https:\/\/kreatortorun.pl\/wp-content\/uploads\/2024\/07\/2024.04.28-Kreator-PSP-Mundur-front-3.jpg","datePublished":"2024-07-02T07:23:58+00:00","dateModified":"2025-12-08T11:42:31+00:00","description":"Mundur wyj\u015bciowy m\u0119ski PSP zgodny z dokumentacj\u0105 techniczno-technologiczn\u0105 Komendy G\u0142\u00f3wnej Pa\u0144stwowej Stra\u017cy Po\u017carnej. W sk\u0142ad kompletu wchodzi kurtka...","breadcrumb":{"@id":"https:\/\/kreatortorun.pl\/produkt\/mundur-wyjsciowy-psp-szyty-na-miare\/#breadcrumb"},"inLanguage":"en-US","potentialAction":[{"@type":"ReadAction","target":["https:\/\/kreatortorun.pl\/produkt\/mundur-wyjsciowy-psp-szyty-na-miare\/"]}]},{"@type":"ImageObject","inLanguage":"en-US","@id":"https:\/\/kreatortorun.pl\/produkt\/mundur-wyjsciowy-psp-szyty-na-miare\/#primaryimage","url":"https:\/\/kreatortorun.pl\/wp-content\/uploads\/2024\/07\/2024.04.28-Kreator-PSP-Mundur-front-3.jpg","contentUrl":"https:\/\/kreatortorun.pl\/wp-content\/uploads\/2024\/07\/2024.04.28-Kreator-PSP-Mundur-front-3.jpg","width":1200,"height":1200},{"@type":"BreadcrumbList","@id":"https:\/\/kreatortorun.pl\/produkt\/mundur-wyjsciowy-psp-szyty-na-miare\/#breadcrumb","itemListElement":[{"@type":"ListItem","position":1,"name":"Strona g\u0142\u00f3wna","item":"https:\/\/kreatortorun.pl\/en\/"},{"@type":"ListItem","position":2,"name":"Shop","item":"https:\/\/kreatortorun.pl\/en\/shop\/"},{"@type":"ListItem","position":3,"name":"Mundur wyj\u015bciowy PSP szyty na miar\u0119"}]},{"@type":"WebSite","@id":"https:\/\/kreatortorun.pl\/#website","url":"https:\/\/kreatortorun.pl\/","name":"Kreator Toru\u0144","description":"Producent mundur\u00f3w, kombinezon\u00f3w i odzie\u017cy taktycznej","publisher":{"@id":"https:\/\/kreatortorun.pl\/#organization"},"potentialAction":[{"@type":"SearchAction","target":{"@type":"EntryPoint","urlTemplate":"https:\/\/kreatortorun.pl\/?s={search_term_string}"},"query-input":{"@type":"PropertyValueSpecification","valueRequired":true,"valueName":"search_term_string"}}],"inLanguage":"en-US"},{"@type":"Organization","@id":"https:\/\/kreatortorun.pl\/#organization","name":"Kreator Toru\u0144","url":"https:\/\/kreatortorun.pl\/","logo":{"@type":"ImageObject","inLanguage":"en-US","@id":"https:\/\/kreatortorun.pl\/#\/schema\/logo\/image\/","url":"https:\/\/kreatortorun.pl\/wp-content\/uploads\/2024\/02\/cropped-kreator-logo-favicon.png","contentUrl":"https:\/\/kreatortorun.pl\/wp-content\/uploads\/2024\/02\/cropped-kreator-logo-favicon.png","width":512,"height":512,"caption":"Kreator Toru\u0144"},"image":{"@id":"https:\/\/kreatortorun.pl\/#\/schema\/logo\/image\/"},"sameAs":["https:\/\/www.facebook.com\/torun.kreator","https:\/\/www.youtube.com\/@kreatortorun1862"]}]}},"_links":{"self":[{"href":"https:\/\/kreatortorun.pl\/en\/wp-json\/wp\/v2\/product\/11942","targetHints":{"allow":["GET"]}}],"collection":[{"href":"https:\/\/kreatortorun.pl\/en\/wp-json\/wp\/v2\/product"}],"about":[{"href":"https:\/\/kreatortorun.pl\/en\/wp-json\/wp\/v2\/types\/product"}],"wp:featuredmedia":[{"embeddable":true,"href":"https:\/\/kreatortorun.pl\/en\/wp-json\/wp\/v2\/media\/12061"}],"wp:attachment":[{"href":"https:\/\/kreatortorun.pl\/en\/wp-json\/wp\/v2\/media?parent=11942"}],"wp:term":[{"taxonomy":"product_brand","embeddable":true,"href":"https:\/\/kreatortorun.pl\/en\/wp-json\/wp\/v2\/product_brand?post=11942"},{"taxonomy":"product_cat","embeddable":true,"href":"https:\/\/kreatortorun.pl\/en\/wp-json\/wp\/v2\/product_cat?post=11942"},{"taxonomy":"product_tag","embeddable":true,"href":"https:\/\/kreatortorun.pl\/en\/wp-json\/wp\/v2\/product_tag?post=11942"}],"curies":[{"name":"wp","href":"https:\/\/api.w.org\/{rel}","templated":true}]}}