{"id":12101,"date":"2024-07-04T09:31:01","date_gmt":"2024-07-04T09:31:01","guid":{"rendered":"https:\/\/kreatortorun.pl\/?post_type=product&#038;p=12101"},"modified":"2026-04-14T10:06:18","modified_gmt":"2026-04-14T10:06:18","slug":"mundur-wyjsciowy-psp","status":"publish","type":"product","link":"https:\/\/kreatortorun.pl\/en\/produkt\/mundur-wyjsciowy-psp\/","title":{"rendered":"Mundur wyj\u015bciowy PSP"},"content":{"rendered":"<p style=\"text-align: justify\">Mundur wyj\u015bciowy m\u0119ski PSP jest zgodny z dokumentacj\u0105 <a href=\"https:\/\/sip.lex.pl\/akty-prawne\/dzu-dziennik-ustaw\/umundurowanie-strazakow-panstwowej-strazy-pozarnej-19150411\" target=\"_blank\" rel=\"noopener\">techniczno-technologiczn\u0105 Komendy G\u0142\u00f3wnej Pa\u0144stwowej Stra\u017cy Po\u017carnej<\/a>. W sk\u0142ad kompletu wchodzi kurtka oraz spodnie.<\/p>\n<h1 style=\"text-align: justify\">Mundur dla stra\u017caka<\/h1>\n<p style=\"text-align: justify\">Mundur wyj\u015bciowy PSP sk\u0142ada si\u0119 z marynarki z wy\u0142o\u017conymi klapami i naramiennikami oraz z d\u0142ugich spodni dopasowanych wed\u0142ug wzrostu i obwodu pasa.<\/p>\n<p style=\"text-align: justify\">Kurtka munduru wyj\u015bciowego stra\u017caka wykonana jest z tkaniny w kolorze ciemnogranatowym. Kurtka jednorz\u0119dowa, z wyk\u0142adanym ko\u0142nierzem i wy\u0142ogami, zapinana z przodu na cztery guziki mundurowe. Na barkach umieszczone s\u0105 naramienniki zapinane na guziki mundurowe. Na linii klatki piersiowej i po bokach kurtki naszyte s\u0105 kieszenie z fa\u0142dkami i patkami. Ty\u0142 kurtki munduru PSP ze szwem po\u015brodku. R\u0119kawy g\u0142adkie, ze szwem \u0142okciowym, u do\u0142u zako\u0144czone rozporkami. Kurtka mundurowa dla stra\u017caka od wewn\u0105trz wyko\u0144czona jest jedwabn\u0105 podszewk\u0105 w kolorze dopasowanym do tkaniny wierzchniej. W g\u00f3rnych cz\u0119\u015bciach przodu wykonane s\u0105 kieszenie wewn\u0119trzne. Na prawym szwie barkowym przyszyty jest guzik do przypi\u0119cia stra\u017cackiego sznura galowego.<\/p>\n<p>Spodnie w mundurze stra\u017cackim s\u0105 o typowym kroju, posiadaj\u0105 dwie sko\u015bne kieszenie po bokach oraz jedn\u0105 kiesze\u0144 z ty\u0142u.<\/p>\n","protected":false},"excerpt":{"rendered":"<p style=\"text-align: justify\">Mundur PSP wyj\u015bciowy m\u0119ski zgodny z dokumentacj\u0105 techniczno-technologiczn\u0105 Komendy G\u0142\u00f3wnej Pa\u0144stwowej Stra\u017cy Po\u017carnej. W sk\u0142ad kompletu wchodzi kurtka oraz spodnie.<\/p>\n","protected":false},"featured_media":12061,"template":"","meta":[],"product_brand":[],"product_cat":[172],"product_tag":[171,215],"class_list":{"0":"post-12101","1":"product","2":"type-product","3":"status-publish","4":"has-post-thumbnail","6":"product_cat-umundurowanie-m-psp","7":"product_tag-psp","8":"product_tag-tabelowe","9":"product_shipping_class-dpd","11":"first","12":"onbackorder","13":"taxable","14":"shipping-taxable","15":"purchasable","16":"product-type-variable"},"yoast_head":"<!-- This site is optimized with the Yoast SEO plugin v27.3 - https:\/\/yoast.com\/product\/yoast-seo-wordpress\/ -->\n<title>Mundur wyj\u015bciowy PSP - Kreator Toru\u0144<\/title>\n<meta name=\"description\" content=\"Mundur wyj\u015bciowy PSP m\u0119ski zgodny z dokumentacj\u0105 techniczno-technologiczn\u0105 Komendy G\u0142\u00f3wnej Pa\u0144stwowej Stra\u017cy Po\u017carnej. W sk\u0142ad kompletu wchodzi kurtka...\" \/>\n<meta name=\"robots\" content=\"index, follow, max-snippet:-1, max-image-preview:large, max-video-preview:-1\" \/>\n<link rel=\"canonical\" href=\"https:\/\/kreatortorun.pl\/produkt\/mundur-wyjsciowy-psp\/\" \/>\n<meta property=\"og:locale\" content=\"en_US\" \/>\n<meta property=\"og:type\" content=\"article\" \/>\n<meta property=\"og:title\" content=\"Mundury i akcesoria - wszystko w 1 miejscu\" \/>\n<meta property=\"og:description\" content=\"Umundurowanie dla s\u0142u\u017cb, odzie\u017c taktyczno-bojowa i korporacyjna.\" \/>\n<meta property=\"og:url\" content=\"https:\/\/kreatortorun.pl\/produkt\/mundur-wyjsciowy-psp\/\" \/>\n<meta property=\"og:site_name\" content=\"Kreator Toru\u0144\" \/>\n<meta property=\"article:publisher\" content=\"https:\/\/www.facebook.com\/torun.kreator\" \/>\n<meta property=\"article:modified_time\" content=\"2026-04-14T10:06:18+00:00\" \/>\n<meta property=\"og:image\" content=\"https:\/\/kreatortorun.pl\/wp-content\/uploads\/2024\/07\/2024.04.28-Kreator-PSP-Mundur-DETAL-3.jpg\" \/>\n\t<meta property=\"og:image:width\" content=\"1200\" \/>\n\t<meta property=\"og:image:height\" content=\"1200\" \/>\n\t<meta property=\"og:image:type\" content=\"image\/jpeg\" \/>\n<meta name=\"twitter:card\" content=\"summary_large_image\" \/>\n<meta name=\"twitter:label1\" content=\"Est. reading time\" \/>\n\t<meta name=\"twitter:data1\" content=\"2 minutes\" \/>\n<script type=\"application\/ld+json\" class=\"yoast-schema-graph\">{\"@context\":\"https:\\\/\\\/schema.org\",\"@graph\":[{\"@type\":\"WebPage\",\"@id\":\"https:\\\/\\\/kreatortorun.pl\\\/produkt\\\/mundur-wyjsciowy-psp\\\/\",\"url\":\"https:\\\/\\\/kreatortorun.pl\\\/produkt\\\/mundur-wyjsciowy-psp\\\/\",\"name\":\"Mundur wyj\u015bciowy PSP - Kreator Toru\u0144\",\"isPartOf\":{\"@id\":\"https:\\\/\\\/kreatortorun.pl\\\/#website\"},\"primaryImageOfPage\":{\"@id\":\"https:\\\/\\\/kreatortorun.pl\\\/produkt\\\/mundur-wyjsciowy-psp\\\/#primaryimage\"},\"image\":{\"@id\":\"https:\\\/\\\/kreatortorun.pl\\\/produkt\\\/mundur-wyjsciowy-psp\\\/#primaryimage\"},\"thumbnailUrl\":\"https:\\\/\\\/kreatortorun.pl\\\/wp-content\\\/uploads\\\/2024\\\/07\\\/2024.04.28-Kreator-PSP-Mundur-front-3.jpg\",\"datePublished\":\"2024-07-04T09:31:01+00:00\",\"dateModified\":\"2026-04-14T10:06:18+00:00\",\"description\":\"Mundur wyj\u015bciowy PSP m\u0119ski zgodny z dokumentacj\u0105 techniczno-technologiczn\u0105 Komendy G\u0142\u00f3wnej Pa\u0144stwowej Stra\u017cy Po\u017carnej. W sk\u0142ad kompletu wchodzi kurtka...\",\"breadcrumb\":{\"@id\":\"https:\\\/\\\/kreatortorun.pl\\\/produkt\\\/mundur-wyjsciowy-psp\\\/#breadcrumb\"},\"inLanguage\":\"en-US\",\"potentialAction\":[{\"@type\":\"ReadAction\",\"target\":[\"https:\\\/\\\/kreatortorun.pl\\\/produkt\\\/mundur-wyjsciowy-psp\\\/\"]}]},{\"@type\":\"ImageObject\",\"inLanguage\":\"en-US\",\"@id\":\"https:\\\/\\\/kreatortorun.pl\\\/produkt\\\/mundur-wyjsciowy-psp\\\/#primaryimage\",\"url\":\"https:\\\/\\\/kreatortorun.pl\\\/wp-content\\\/uploads\\\/2024\\\/07\\\/2024.04.28-Kreator-PSP-Mundur-front-3.jpg\",\"contentUrl\":\"https:\\\/\\\/kreatortorun.pl\\\/wp-content\\\/uploads\\\/2024\\\/07\\\/2024.04.28-Kreator-PSP-Mundur-front-3.jpg\",\"width\":1200,\"height\":1200},{\"@type\":\"BreadcrumbList\",\"@id\":\"https:\\\/\\\/kreatortorun.pl\\\/produkt\\\/mundur-wyjsciowy-psp\\\/#breadcrumb\",\"itemListElement\":[{\"@type\":\"ListItem\",\"position\":1,\"name\":\"Strona g\u0142\u00f3wna\",\"item\":\"https:\\\/\\\/kreatortorun.pl\\\/en\\\/\"},{\"@type\":\"ListItem\",\"position\":2,\"name\":\"Shop\",\"item\":\"https:\\\/\\\/kreatortorun.pl\\\/en\\\/shop\\\/\"},{\"@type\":\"ListItem\",\"position\":3,\"name\":\"Mundur wyj\u015bciowy PSP\"}]},{\"@type\":\"WebSite\",\"@id\":\"https:\\\/\\\/kreatortorun.pl\\\/#website\",\"url\":\"https:\\\/\\\/kreatortorun.pl\\\/\",\"name\":\"Kreator Toru\u0144\",\"description\":\"Producent mundur\u00f3w, kombinezon\u00f3w i odzie\u017cy taktycznej\",\"publisher\":{\"@id\":\"https:\\\/\\\/kreatortorun.pl\\\/#organization\"},\"potentialAction\":[{\"@type\":\"SearchAction\",\"target\":{\"@type\":\"EntryPoint\",\"urlTemplate\":\"https:\\\/\\\/kreatortorun.pl\\\/?s={search_term_string}\"},\"query-input\":{\"@type\":\"PropertyValueSpecification\",\"valueRequired\":true,\"valueName\":\"search_term_string\"}}],\"inLanguage\":\"en-US\"},{\"@type\":\"Organization\",\"@id\":\"https:\\\/\\\/kreatortorun.pl\\\/#organization\",\"name\":\"Kreator Toru\u0144\",\"url\":\"https:\\\/\\\/kreatortorun.pl\\\/\",\"logo\":{\"@type\":\"ImageObject\",\"inLanguage\":\"en-US\",\"@id\":\"https:\\\/\\\/kreatortorun.pl\\\/#\\\/schema\\\/logo\\\/image\\\/\",\"url\":\"https:\\\/\\\/kreatortorun.pl\\\/wp-content\\\/uploads\\\/2024\\\/02\\\/cropped-kreator-logo-favicon.png\",\"contentUrl\":\"https:\\\/\\\/kreatortorun.pl\\\/wp-content\\\/uploads\\\/2024\\\/02\\\/cropped-kreator-logo-favicon.png\",\"width\":512,\"height\":512,\"caption\":\"Kreator Toru\u0144\"},\"image\":{\"@id\":\"https:\\\/\\\/kreatortorun.pl\\\/#\\\/schema\\\/logo\\\/image\\\/\"},\"sameAs\":[\"https:\\\/\\\/www.facebook.com\\\/torun.kreator\",\"https:\\\/\\\/www.youtube.com\\\/@kreatortorun1862\"]}]}<\/script>\n<!-- \/ Yoast SEO plugin. -->","yoast_head_json":{"title":"Mundur wyj\u015bciowy PSP - Kreator Toru\u0144","description":"Mundur wyj\u015bciowy PSP m\u0119ski zgodny z dokumentacj\u0105 techniczno-technologiczn\u0105 Komendy G\u0142\u00f3wnej Pa\u0144stwowej Stra\u017cy Po\u017carnej. W sk\u0142ad kompletu wchodzi kurtka...","robots":{"index":"index","follow":"follow","max-snippet":"max-snippet:-1","max-image-preview":"max-image-preview:large","max-video-preview":"max-video-preview:-1"},"canonical":"https:\/\/kreatortorun.pl\/produkt\/mundur-wyjsciowy-psp\/","og_locale":"en_US","og_type":"article","og_title":"Mundury i akcesoria - wszystko w 1 miejscu","og_description":"Umundurowanie dla s\u0142u\u017cb, odzie\u017c taktyczno-bojowa i korporacyjna.","og_url":"https:\/\/kreatortorun.pl\/produkt\/mundur-wyjsciowy-psp\/","og_site_name":"Kreator Toru\u0144","article_publisher":"https:\/\/www.facebook.com\/torun.kreator","article_modified_time":"2026-04-14T10:06:18+00:00","og_image":[{"width":1200,"height":1200,"url":"https:\/\/kreatortorun.pl\/wp-content\/uploads\/2024\/07\/2024.04.28-Kreator-PSP-Mundur-DETAL-3.jpg","type":"image\/jpeg"}],"twitter_card":"summary_large_image","twitter_misc":{"Est. reading time":"2 minutes"},"schema":{"@context":"https:\/\/schema.org","@graph":[{"@type":"WebPage","@id":"https:\/\/kreatortorun.pl\/produkt\/mundur-wyjsciowy-psp\/","url":"https:\/\/kreatortorun.pl\/produkt\/mundur-wyjsciowy-psp\/","name":"Mundur wyj\u015bciowy PSP - Kreator Toru\u0144","isPartOf":{"@id":"https:\/\/kreatortorun.pl\/#website"},"primaryImageOfPage":{"@id":"https:\/\/kreatortorun.pl\/produkt\/mundur-wyjsciowy-psp\/#primaryimage"},"image":{"@id":"https:\/\/kreatortorun.pl\/produkt\/mundur-wyjsciowy-psp\/#primaryimage"},"thumbnailUrl":"https:\/\/kreatortorun.pl\/wp-content\/uploads\/2024\/07\/2024.04.28-Kreator-PSP-Mundur-front-3.jpg","datePublished":"2024-07-04T09:31:01+00:00","dateModified":"2026-04-14T10:06:18+00:00","description":"Mundur wyj\u015bciowy PSP m\u0119ski zgodny z dokumentacj\u0105 techniczno-technologiczn\u0105 Komendy G\u0142\u00f3wnej Pa\u0144stwowej Stra\u017cy Po\u017carnej. W sk\u0142ad kompletu wchodzi kurtka...","breadcrumb":{"@id":"https:\/\/kreatortorun.pl\/produkt\/mundur-wyjsciowy-psp\/#breadcrumb"},"inLanguage":"en-US","potentialAction":[{"@type":"ReadAction","target":["https:\/\/kreatortorun.pl\/produkt\/mundur-wyjsciowy-psp\/"]}]},{"@type":"ImageObject","inLanguage":"en-US","@id":"https:\/\/kreatortorun.pl\/produkt\/mundur-wyjsciowy-psp\/#primaryimage","url":"https:\/\/kreatortorun.pl\/wp-content\/uploads\/2024\/07\/2024.04.28-Kreator-PSP-Mundur-front-3.jpg","contentUrl":"https:\/\/kreatortorun.pl\/wp-content\/uploads\/2024\/07\/2024.04.28-Kreator-PSP-Mundur-front-3.jpg","width":1200,"height":1200},{"@type":"BreadcrumbList","@id":"https:\/\/kreatortorun.pl\/produkt\/mundur-wyjsciowy-psp\/#breadcrumb","itemListElement":[{"@type":"ListItem","position":1,"name":"Strona g\u0142\u00f3wna","item":"https:\/\/kreatortorun.pl\/en\/"},{"@type":"ListItem","position":2,"name":"Shop","item":"https:\/\/kreatortorun.pl\/en\/shop\/"},{"@type":"ListItem","position":3,"name":"Mundur wyj\u015bciowy PSP"}]},{"@type":"WebSite","@id":"https:\/\/kreatortorun.pl\/#website","url":"https:\/\/kreatortorun.pl\/","name":"Kreator Toru\u0144","description":"Producent mundur\u00f3w, kombinezon\u00f3w i odzie\u017cy taktycznej","publisher":{"@id":"https:\/\/kreatortorun.pl\/#organization"},"potentialAction":[{"@type":"SearchAction","target":{"@type":"EntryPoint","urlTemplate":"https:\/\/kreatortorun.pl\/?s={search_term_string}"},"query-input":{"@type":"PropertyValueSpecification","valueRequired":true,"valueName":"search_term_string"}}],"inLanguage":"en-US"},{"@type":"Organization","@id":"https:\/\/kreatortorun.pl\/#organization","name":"Kreator Toru\u0144","url":"https:\/\/kreatortorun.pl\/","logo":{"@type":"ImageObject","inLanguage":"en-US","@id":"https:\/\/kreatortorun.pl\/#\/schema\/logo\/image\/","url":"https:\/\/kreatortorun.pl\/wp-content\/uploads\/2024\/02\/cropped-kreator-logo-favicon.png","contentUrl":"https:\/\/kreatortorun.pl\/wp-content\/uploads\/2024\/02\/cropped-kreator-logo-favicon.png","width":512,"height":512,"caption":"Kreator Toru\u0144"},"image":{"@id":"https:\/\/kreatortorun.pl\/#\/schema\/logo\/image\/"},"sameAs":["https:\/\/www.facebook.com\/torun.kreator","https:\/\/www.youtube.com\/@kreatortorun1862"]}]}},"_links":{"self":[{"href":"https:\/\/kreatortorun.pl\/en\/wp-json\/wp\/v2\/product\/12101","targetHints":{"allow":["GET"]}}],"collection":[{"href":"https:\/\/kreatortorun.pl\/en\/wp-json\/wp\/v2\/product"}],"about":[{"href":"https:\/\/kreatortorun.pl\/en\/wp-json\/wp\/v2\/types\/product"}],"wp:featuredmedia":[{"embeddable":true,"href":"https:\/\/kreatortorun.pl\/en\/wp-json\/wp\/v2\/media\/12061"}],"wp:attachment":[{"href":"https:\/\/kreatortorun.pl\/en\/wp-json\/wp\/v2\/media?parent=12101"}],"wp:term":[{"taxonomy":"product_brand","embeddable":true,"href":"https:\/\/kreatortorun.pl\/en\/wp-json\/wp\/v2\/product_brand?post=12101"},{"taxonomy":"product_cat","embeddable":true,"href":"https:\/\/kreatortorun.pl\/en\/wp-json\/wp\/v2\/product_cat?post=12101"},{"taxonomy":"product_tag","embeddable":true,"href":"https:\/\/kreatortorun.pl\/en\/wp-json\/wp\/v2\/product_tag?post=12101"}],"curies":[{"name":"wp","href":"https:\/\/api.w.org\/{rel}","templated":true}]}}