{"id":12372,"date":"2024-07-29T13:04:01","date_gmt":"2024-07-29T13:04:01","guid":{"rendered":"https:\/\/kreatortorun.pl\/?post_type=product&#038;p=12372"},"modified":"2026-03-04T12:43:02","modified_gmt":"2026-03-04T12:43:02","slug":"sznur-galowy-psp","status":"publish","type":"product","link":"https:\/\/kreatortorun.pl\/en\/produkt\/sznur-galowy-psp\/","title":{"rendered":"Sznur galowy PSP"},"content":{"rendered":"<h1><strong>SZNUR GALOWY PODOFICERA, OFICERA i ASPIRANTA PA\u0143STWOWEJ STRA\u017bY PO\u017bARNEJ<\/strong><\/h1>\n<p style=\"text-align: justify;\">Sznur do munduru stra\u017cackiego zgodny z dokumentacj\u0105 <a href=\"https:\/\/sip.lex.pl\/akty-prawne\/dzu-dziennik-ustaw\/umundurowanie-strazakow-panstwowej-strazy-pozarnej-19150411\" target=\"_blank\" rel=\"noopener\">techniczno-technologiczn\u0105 Komendy G\u0142\u00f3wnej Pa\u0144stwowej Stra\u017cy Po\u017carnej<\/a>.<\/p>\n<h2 style=\"text-align: justify;\">Sznur galowy PSP wykonany ze sznurka w kolorze z\u0142otym<\/h2>\n<p style=\"text-align: justify;\">Sznur PSP sk\u0142ada si\u0119 z warkocza i dodatkowych cz\u0119\u015bci pojedynczych w zale\u017cno\u015bci od korpusu. Z przodu na pojedynczej cz\u0119\u015bci sznurka jest umieszczony wisiorek w kszta\u0142cie stylizowanej pr\u0105downicy.<\/p>\n<p style=\"text-align: justify;\">Sznur galowy PSP wyst\u0119puje w 3 wzorach: oficera, aspiranta i podoficera. Nosi si\u0119 go na prawym ramieniu przypi\u0119ty pod naramiennikiem &#8211; przy wszyciu r\u0119kawa. P\u0119telk\u0119 sznura zapina si\u0119 na pierwszym g\u00f3rnym guziku zapi\u0119cia munduru (u m\u0119\u017cczyzn pod spodem, u kobiet pod samym guzikiem). P\u0119tle sznur\u00f3w galowych oficerskich zak\u0142ada si\u0119 pod prawy r\u0119kaw marynarki munduru.<\/p>\n<p style=\"text-align: justify;\">Stra\u017cak nosi ubi\u00f3r wyj\u015bciowy ze sznurem galowym, z baretkami albo bez baretek (je\u017celi nie posiada odznacze\u0144), podczas uroczysto\u015bci pa\u0144stwowych i stra\u017cackich.<\/p>\n","protected":false},"excerpt":{"rendered":"<p style=\"text-align: justify;\">Sznur galowy Pa\u0144stwowej Stra\u017cy Po\u017carnej zgodny z dokumentacj\u0105 &#8220;Rozporz\u0105dzenia MSWiA z dnia 29 wrze\u015bnia 2021 r. w sprawie umundurowania stra\u017cak\u00f3w Pa\u0144stwowej Stra\u017cy Po\u017carnej&#8221;.<\/p>\n","protected":false},"featured_media":12389,"template":"","meta":[],"product_brand":[],"product_cat":[174,170],"product_tag":[171],"class_list":{"0":"post-12372","1":"product","2":"type-product","3":"status-publish","4":"has-post-thumbnail","6":"product_cat-akcesoria-meskie-2","7":"product_cat-panstwowa-straz-pozarna","8":"product_tag-psp","10":"first","11":"instock","12":"taxable","13":"shipping-taxable","14":"purchasable","15":"product-type-variable"},"yoast_head":"<!-- This site is optimized with the Yoast SEO plugin v27.3 - https:\/\/yoast.com\/product\/yoast-seo-wordpress\/ -->\n<title>Sznur galowy PSP - Kreator Toru\u0144<\/title>\n<meta name=\"description\" content=\"Sznur galowy PSP zgodny z dokumentacj\u0105. Sznur do munduru PSP w 3 wzorach: oficera, aspiranta i podoficera.\" \/>\n<meta name=\"robots\" content=\"index, follow, max-snippet:-1, max-image-preview:large, max-video-preview:-1\" \/>\n<link rel=\"canonical\" href=\"https:\/\/kreatortorun.pl\/produkt\/sznur-galowy-psp\/\" \/>\n<meta property=\"og:locale\" content=\"en_US\" \/>\n<meta property=\"og:type\" content=\"article\" \/>\n<meta property=\"og:title\" content=\"Sznur galowy PSP - Kreator Toru\u0144\" \/>\n<meta property=\"og:description\" content=\"Sznur galowy PSP zgodny z dokumentacj\u0105. Sznur do munduru PSP w 3 wzorach: oficera, aspiranta i podoficera.\" \/>\n<meta property=\"og:url\" content=\"https:\/\/kreatortorun.pl\/produkt\/sznur-galowy-psp\/\" \/>\n<meta property=\"og:site_name\" content=\"Kreator Toru\u0144\" \/>\n<meta property=\"article:publisher\" content=\"https:\/\/www.facebook.com\/torun.kreator\" \/>\n<meta property=\"article:modified_time\" content=\"2026-03-04T12:43:02+00:00\" \/>\n<meta property=\"og:image\" content=\"https:\/\/kreatortorun.pl\/wp-content\/uploads\/2022\/05\/sznur-galowy-psp-oficer.png\" \/>\n\t<meta property=\"og:image:width\" content=\"592\" \/>\n\t<meta property=\"og:image:height\" content=\"662\" \/>\n\t<meta property=\"og:image:type\" content=\"image\/png\" \/>\n<meta name=\"twitter:card\" content=\"summary_large_image\" \/>\n<meta name=\"twitter:label1\" content=\"Est. reading time\" \/>\n\t<meta name=\"twitter:data1\" content=\"1 minute\" \/>\n<script type=\"application\/ld+json\" class=\"yoast-schema-graph\">{\"@context\":\"https:\\\/\\\/schema.org\",\"@graph\":[{\"@type\":\"WebPage\",\"@id\":\"https:\\\/\\\/kreatortorun.pl\\\/produkt\\\/sznur-galowy-psp\\\/\",\"url\":\"https:\\\/\\\/kreatortorun.pl\\\/produkt\\\/sznur-galowy-psp\\\/\",\"name\":\"Sznur galowy PSP - Kreator Toru\u0144\",\"isPartOf\":{\"@id\":\"https:\\\/\\\/kreatortorun.pl\\\/#website\"},\"primaryImageOfPage\":{\"@id\":\"https:\\\/\\\/kreatortorun.pl\\\/produkt\\\/sznur-galowy-psp\\\/#primaryimage\"},\"image\":{\"@id\":\"https:\\\/\\\/kreatortorun.pl\\\/produkt\\\/sznur-galowy-psp\\\/#primaryimage\"},\"thumbnailUrl\":\"https:\\\/\\\/kreatortorun.pl\\\/wp-content\\\/uploads\\\/2022\\\/05\\\/sznur-galowy-psp-oficer.png\",\"datePublished\":\"2024-07-29T13:04:01+00:00\",\"dateModified\":\"2026-03-04T12:43:02+00:00\",\"description\":\"Sznur galowy PSP zgodny z dokumentacj\u0105. Sznur do munduru PSP w 3 wzorach: oficera, aspiranta i podoficera.\",\"breadcrumb\":{\"@id\":\"https:\\\/\\\/kreatortorun.pl\\\/produkt\\\/sznur-galowy-psp\\\/#breadcrumb\"},\"inLanguage\":\"en-US\",\"potentialAction\":[{\"@type\":\"ReadAction\",\"target\":[\"https:\\\/\\\/kreatortorun.pl\\\/produkt\\\/sznur-galowy-psp\\\/\"]}]},{\"@type\":\"ImageObject\",\"inLanguage\":\"en-US\",\"@id\":\"https:\\\/\\\/kreatortorun.pl\\\/produkt\\\/sznur-galowy-psp\\\/#primaryimage\",\"url\":\"https:\\\/\\\/kreatortorun.pl\\\/wp-content\\\/uploads\\\/2022\\\/05\\\/sznur-galowy-psp-oficer.png\",\"contentUrl\":\"https:\\\/\\\/kreatortorun.pl\\\/wp-content\\\/uploads\\\/2022\\\/05\\\/sznur-galowy-psp-oficer.png\",\"width\":592,\"height\":662},{\"@type\":\"BreadcrumbList\",\"@id\":\"https:\\\/\\\/kreatortorun.pl\\\/produkt\\\/sznur-galowy-psp\\\/#breadcrumb\",\"itemListElement\":[{\"@type\":\"ListItem\",\"position\":1,\"name\":\"Strona g\u0142\u00f3wna\",\"item\":\"https:\\\/\\\/kreatortorun.pl\\\/en\\\/\"},{\"@type\":\"ListItem\",\"position\":2,\"name\":\"Shop\",\"item\":\"https:\\\/\\\/kreatortorun.pl\\\/en\\\/shop\\\/\"},{\"@type\":\"ListItem\",\"position\":3,\"name\":\"Sznur galowy PSP\"}]},{\"@type\":\"WebSite\",\"@id\":\"https:\\\/\\\/kreatortorun.pl\\\/#website\",\"url\":\"https:\\\/\\\/kreatortorun.pl\\\/\",\"name\":\"Kreator Toru\u0144\",\"description\":\"Producent mundur\u00f3w, kombinezon\u00f3w i odzie\u017cy taktycznej\",\"publisher\":{\"@id\":\"https:\\\/\\\/kreatortorun.pl\\\/#organization\"},\"potentialAction\":[{\"@type\":\"SearchAction\",\"target\":{\"@type\":\"EntryPoint\",\"urlTemplate\":\"https:\\\/\\\/kreatortorun.pl\\\/?s={search_term_string}\"},\"query-input\":{\"@type\":\"PropertyValueSpecification\",\"valueRequired\":true,\"valueName\":\"search_term_string\"}}],\"inLanguage\":\"en-US\"},{\"@type\":\"Organization\",\"@id\":\"https:\\\/\\\/kreatortorun.pl\\\/#organization\",\"name\":\"Kreator Toru\u0144\",\"url\":\"https:\\\/\\\/kreatortorun.pl\\\/\",\"logo\":{\"@type\":\"ImageObject\",\"inLanguage\":\"en-US\",\"@id\":\"https:\\\/\\\/kreatortorun.pl\\\/#\\\/schema\\\/logo\\\/image\\\/\",\"url\":\"https:\\\/\\\/kreatortorun.pl\\\/wp-content\\\/uploads\\\/2024\\\/02\\\/cropped-kreator-logo-favicon.png\",\"contentUrl\":\"https:\\\/\\\/kreatortorun.pl\\\/wp-content\\\/uploads\\\/2024\\\/02\\\/cropped-kreator-logo-favicon.png\",\"width\":512,\"height\":512,\"caption\":\"Kreator Toru\u0144\"},\"image\":{\"@id\":\"https:\\\/\\\/kreatortorun.pl\\\/#\\\/schema\\\/logo\\\/image\\\/\"},\"sameAs\":[\"https:\\\/\\\/www.facebook.com\\\/torun.kreator\",\"https:\\\/\\\/www.youtube.com\\\/@kreatortorun1862\"]}]}<\/script>\n<!-- \/ Yoast SEO plugin. -->","yoast_head_json":{"title":"Sznur galowy PSP - Kreator Toru\u0144","description":"Sznur galowy PSP zgodny z dokumentacj\u0105. Sznur do munduru PSP w 3 wzorach: oficera, aspiranta i podoficera.","robots":{"index":"index","follow":"follow","max-snippet":"max-snippet:-1","max-image-preview":"max-image-preview:large","max-video-preview":"max-video-preview:-1"},"canonical":"https:\/\/kreatortorun.pl\/produkt\/sznur-galowy-psp\/","og_locale":"en_US","og_type":"article","og_title":"Sznur galowy PSP - Kreator Toru\u0144","og_description":"Sznur galowy PSP zgodny z dokumentacj\u0105. Sznur do munduru PSP w 3 wzorach: oficera, aspiranta i podoficera.","og_url":"https:\/\/kreatortorun.pl\/produkt\/sznur-galowy-psp\/","og_site_name":"Kreator Toru\u0144","article_publisher":"https:\/\/www.facebook.com\/torun.kreator","article_modified_time":"2026-03-04T12:43:02+00:00","og_image":[{"width":592,"height":662,"url":"https:\/\/kreatortorun.pl\/wp-content\/uploads\/2022\/05\/sznur-galowy-psp-oficer.png","type":"image\/png"}],"twitter_card":"summary_large_image","twitter_misc":{"Est. reading time":"1 minute"},"schema":{"@context":"https:\/\/schema.org","@graph":[{"@type":"WebPage","@id":"https:\/\/kreatortorun.pl\/produkt\/sznur-galowy-psp\/","url":"https:\/\/kreatortorun.pl\/produkt\/sznur-galowy-psp\/","name":"Sznur galowy PSP - Kreator Toru\u0144","isPartOf":{"@id":"https:\/\/kreatortorun.pl\/#website"},"primaryImageOfPage":{"@id":"https:\/\/kreatortorun.pl\/produkt\/sznur-galowy-psp\/#primaryimage"},"image":{"@id":"https:\/\/kreatortorun.pl\/produkt\/sznur-galowy-psp\/#primaryimage"},"thumbnailUrl":"https:\/\/kreatortorun.pl\/wp-content\/uploads\/2022\/05\/sznur-galowy-psp-oficer.png","datePublished":"2024-07-29T13:04:01+00:00","dateModified":"2026-03-04T12:43:02+00:00","description":"Sznur galowy PSP zgodny z dokumentacj\u0105. Sznur do munduru PSP w 3 wzorach: oficera, aspiranta i podoficera.","breadcrumb":{"@id":"https:\/\/kreatortorun.pl\/produkt\/sznur-galowy-psp\/#breadcrumb"},"inLanguage":"en-US","potentialAction":[{"@type":"ReadAction","target":["https:\/\/kreatortorun.pl\/produkt\/sznur-galowy-psp\/"]}]},{"@type":"ImageObject","inLanguage":"en-US","@id":"https:\/\/kreatortorun.pl\/produkt\/sznur-galowy-psp\/#primaryimage","url":"https:\/\/kreatortorun.pl\/wp-content\/uploads\/2022\/05\/sznur-galowy-psp-oficer.png","contentUrl":"https:\/\/kreatortorun.pl\/wp-content\/uploads\/2022\/05\/sznur-galowy-psp-oficer.png","width":592,"height":662},{"@type":"BreadcrumbList","@id":"https:\/\/kreatortorun.pl\/produkt\/sznur-galowy-psp\/#breadcrumb","itemListElement":[{"@type":"ListItem","position":1,"name":"Strona g\u0142\u00f3wna","item":"https:\/\/kreatortorun.pl\/en\/"},{"@type":"ListItem","position":2,"name":"Shop","item":"https:\/\/kreatortorun.pl\/en\/shop\/"},{"@type":"ListItem","position":3,"name":"Sznur galowy PSP"}]},{"@type":"WebSite","@id":"https:\/\/kreatortorun.pl\/#website","url":"https:\/\/kreatortorun.pl\/","name":"Kreator Toru\u0144","description":"Producent mundur\u00f3w, kombinezon\u00f3w i odzie\u017cy taktycznej","publisher":{"@id":"https:\/\/kreatortorun.pl\/#organization"},"potentialAction":[{"@type":"SearchAction","target":{"@type":"EntryPoint","urlTemplate":"https:\/\/kreatortorun.pl\/?s={search_term_string}"},"query-input":{"@type":"PropertyValueSpecification","valueRequired":true,"valueName":"search_term_string"}}],"inLanguage":"en-US"},{"@type":"Organization","@id":"https:\/\/kreatortorun.pl\/#organization","name":"Kreator Toru\u0144","url":"https:\/\/kreatortorun.pl\/","logo":{"@type":"ImageObject","inLanguage":"en-US","@id":"https:\/\/kreatortorun.pl\/#\/schema\/logo\/image\/","url":"https:\/\/kreatortorun.pl\/wp-content\/uploads\/2024\/02\/cropped-kreator-logo-favicon.png","contentUrl":"https:\/\/kreatortorun.pl\/wp-content\/uploads\/2024\/02\/cropped-kreator-logo-favicon.png","width":512,"height":512,"caption":"Kreator Toru\u0144"},"image":{"@id":"https:\/\/kreatortorun.pl\/#\/schema\/logo\/image\/"},"sameAs":["https:\/\/www.facebook.com\/torun.kreator","https:\/\/www.youtube.com\/@kreatortorun1862"]}]}},"_links":{"self":[{"href":"https:\/\/kreatortorun.pl\/en\/wp-json\/wp\/v2\/product\/12372","targetHints":{"allow":["GET"]}}],"collection":[{"href":"https:\/\/kreatortorun.pl\/en\/wp-json\/wp\/v2\/product"}],"about":[{"href":"https:\/\/kreatortorun.pl\/en\/wp-json\/wp\/v2\/types\/product"}],"wp:featuredmedia":[{"embeddable":true,"href":"https:\/\/kreatortorun.pl\/en\/wp-json\/wp\/v2\/media\/12389"}],"wp:attachment":[{"href":"https:\/\/kreatortorun.pl\/en\/wp-json\/wp\/v2\/media?parent=12372"}],"wp:term":[{"taxonomy":"product_brand","embeddable":true,"href":"https:\/\/kreatortorun.pl\/en\/wp-json\/wp\/v2\/product_brand?post=12372"},{"taxonomy":"product_cat","embeddable":true,"href":"https:\/\/kreatortorun.pl\/en\/wp-json\/wp\/v2\/product_cat?post=12372"},{"taxonomy":"product_tag","embeddable":true,"href":"https:\/\/kreatortorun.pl\/en\/wp-json\/wp\/v2\/product_tag?post=12372"}],"curies":[{"name":"wp","href":"https:\/\/api.w.org\/{rel}","templated":true}]}}