{"id":18699,"date":"2025-03-20T11:50:34","date_gmt":"2025-03-20T11:50:34","guid":{"rendered":"https:\/\/kreatortorun.pl\/?post_type=product&#038;p=18699"},"modified":"2025-10-24T08:11:03","modified_gmt":"2025-10-24T08:11:03","slug":"mundur-specjalny","status":"publish","type":"product","link":"https:\/\/kreatortorun.pl\/en\/produkt\/mundur-specjalny\/","title":{"rendered":"Mundur realizacyjny FR IRR"},"content":{"rendered":"<h1 style=\"font-weight: 400; text-align: justify;\">Trudnopalny mundur bojowy dla jednostek specjalnych &#8211; przeznaczony do najbardziej wymagaj\u0105cych dzia\u0142a\u0144 w terenie.<\/h1>\n<p style=\"text-align: justify;\">Mundur specjalny w wersji trudnopalnej przeznaczony jest r\u00f3wnie\u017c do kontaktu z materia\u0142ami pirotechnicznymi.<\/p>\n<p style=\"text-align: justify;\">W pe\u0142nej wersji mundur jednostek specjalnych sk\u0142ada si\u0119 z kilku niezale\u017cnych element\u00f3w:<\/p>\n<h2 style=\"text-align: justify;\"><strong>Spodnie munduru realizacyjnego: <\/strong><\/h2>\n<ul style=\"text-align: justify;\">\n<li>Spodnie do munduru realizacyjnego maj\u0105 wielofunkcyjne kieszenie (r\u00f3wnie\u017c na ochraniacze kolan),<\/li>\n<li>regulowany pas i wysoko\u015b\u0107 kolana,<\/li>\n<li>wstawki elastyczne zwi\u0119kszaj\u0105ce zakres ruchu (w kroku, przy kolanach i w karczku),<\/li>\n<li>wzmocnienia w newralgicznych miejscach (pas, kolana, siedzisko),<\/li>\n<li>wentylacje na udach, w kieszeniach i rozporkach nogawek.<\/li>\n<\/ul>\n<h3 style=\"text-align: justify;\"><strong>Kurtka (bluza) munduru realizacyjnego:<\/strong><\/h3>\n<ul style=\"text-align: justify;\">\n<li>Kurtka munduru realizacyjnego posiada kilka wielofunkcyjnych kieszeni cargo (r\u00f3wnie\u017c na ochraniacze \u0142okci),<\/li>\n<li>regulowany kaptur i st\u00f3jka,<\/li>\n<li>wstawki elastyczne zwi\u0119kszaj\u0105ce zakres ruchu (na bokach i przy \u0142okciach),<\/li>\n<li>wentylacje: &#8220;skrzela&#8221; na plecach, pod pachami, w kieszeniach i rozporkach r\u0119kaw\u00f3w.<\/li>\n<\/ul>\n<h3 style=\"text-align: justify;\"><strong>Combat shirt munduru realizacyjnego:<\/strong><\/h3>\n<ul style=\"text-align: justify;\">\n<li>Combat przeznaczony do noszenia pod kamizelk\u0119 taktyczn\u0105 &#8211; dzianinowy korpus i pachy zapewniaj\u0105 przewiewno\u015b\u0107 i dzi\u0119ki opi\u0119ciu na ciele nie powoduj\u0105 zak\u0142adek pod kamizelk\u0105,<\/li>\n<li>wielofunkcyjne kieszenie (r\u00f3wnie\u017c na ochraniacze \u0142okci i z rzepami na mocowanie patchy organizacyjnych czy na d\u0142ugopisy),<\/li>\n<li>regulowana st\u00f3jka i r\u0119kawy,<\/li>\n<li>r\u0119kawy Combat Shirta realizacyjnego maj\u0105 budow\u0119 identyczn\u0105 jak r\u0119kawy w kurtce, co pozwala zachowa\u0107 pami\u0119\u0107 mi\u0119\u015bniow\u0105 niezale\u017cnie od noszonego elementu odzie\u017cy,<\/li>\n<li>ci\u0119cia wykonane szwami p\u0142askimi, dopasowuj\u0105ce combat do cia\u0142a,<\/li>\n<li>wentylacje w kieszeniach, na ramionach i w rozporkach r\u0119kaw\u00f3w.<\/li>\n<\/ul>\n<h3 style=\"text-align: justify;\"><strong>Kominiarka <\/strong><strong>munduru realizacyjnego:<\/strong><\/h3>\n<ul style=\"text-align: justify;\">\n<li>elastyczny materia\u0142 i szwy nadaj\u0105ce elastyczno\u015b\u0107,<\/li>\n<li>wyd\u0142u\u017cony prz\u00f3d i ty\u0142,\u00a0co umo\u017cliwia jej za\u0142o\u017cenie pod g\u00f3rn\u0105 cz\u0119\u015b\u0107 odzie\u017cy (combat shirt, t-shirt, kurtka), co zapewnia ci\u0105g\u0142o\u015b\u0107 ochrony cia\u0142a i komfort,<\/li>\n<li>konstrukcja kominiarki u\u0142atwia obserwacj\u0119 terenu, poniewa\u017c podczas kr\u0119cenia g\u0142ow\u0105 na boki pozostaje na miejscu.<\/li>\n<\/ul>\n<p>&nbsp;<\/p>\n<h3 style=\"text-align: justify;\">Bojowy mundur realizacyjny dost\u0119pny jest w r\u00f3\u017cnych opcjach kolorystycznych i materia\u0142owych:<\/h3>\n<p style=\"text-align: justify;\">&#8211; <strong>Nomex, FR:<\/strong> Multicam\u00ae, Capulet Olive, Onyx Black, inny kolor &#8211; do uzgodnienia.<\/p>\n<p style=\"text-align: justify;\">&#8211; <strong>Cordura\u00ae, No melt no drip, RipStop, IRR:<\/strong> Multicam\u00ae, Capulet Olive, Onyx Black (na zdj\u0119ciu), Ranger Green, Coyote Brown, Wolf Grey, Navy Blue, inny kolor &#8211; do uzgodnienia.<\/p>\n","protected":false},"excerpt":{"rendered":"<p style=\"font-weight: 400; text-align: justify;\"><strong>Mundur bojowy dla jednostek specjalnych. W zestawie: kurtka, spodnie, combat shirt i kominiarka.<\/strong><\/p>\n<p style=\"font-weight: 400; text-align: justify;\"><strong>Mundur wojskowy bojowy wykonany z tkaniny trudnopalnej mo\u017ce mie\u0107 kontakt z materia\u0142ami pirotechnicznymi.<\/strong><\/p>\n<p style=\"text-align: justify;\">Dost\u0119pne opcje kolorystyczne i materia\u0142owe munduru specjalnego:<\/p>\n<ul style=\"text-align: justify;\">\n<li><strong>Nomex, FR: <\/strong>Multicam\u00ae, Capulet Olive, Onyx Black, inny kolor &#8211; do uzgodnienia.<\/li>\n<\/ul>\n<ul style=\"text-align: justify;\">\n<li><strong>Cordura\u00ae, No melt no drip, RipStop, IRR: <\/strong>Multicam\u00ae, Capulet Olive, Onyx Black (na zdj\u0119ciu), Ranger Green, Coyote Brown, Wolf Grey, Navy Blue, inny kolor &#8211; do uzgodnienia.<\/li>\n<\/ul>\n<p style=\"text-align: justify;\">Aby zam\u00f3wi\u0107 zadzwo\u0144: <strong><span style=\"color: #d83131;\"><a href=\"tel: +48604117337\">+48 604 117 337<\/a><\/span><\/strong><\/p>\n<p style=\"text-align: justify;\">lub <a href=\"mailto:j.dabrowski@kreatortorun.pl\" class=\"button alert is-alert is-medium\" >\n\t\t<span>ZAPYTAJ<\/span>\n\t<\/a>\n\n<p style=\"text-align: justify;\">Produkt na zam\u00f3wienie specjalne.<\/p>\n","protected":false},"featured_media":18757,"template":"","meta":[],"product_brand":[],"product_cat":[85],"product_tag":[209],"class_list":{"0":"post-18699","1":"product","2":"type-product","3":"status-publish","4":"has-post-thumbnail","6":"product_cat-wojska-ladowe","7":"product_tag-ws","8":"pa_data-90-dni","10":"first","11":"onbackorder","12":"taxable","13":"shipping-taxable","14":"product-type-simple"},"yoast_head":"<!-- This site is optimized with the Yoast SEO plugin v27.3 - https:\/\/yoast.com\/product\/yoast-seo-wordpress\/ -->\n<title>Mundur realizacyjny FR IRR - Kreator Toru\u0144<\/title>\n<meta name=\"description\" content=\"Bojowy mundur specjalny (kurtka, spodnie, combat shirt i kominiarka) przeznaczony dla jednostek realizacyjnych s\u0142u\u017cb mundurowych.\" \/>\n<meta name=\"robots\" content=\"index, follow, max-snippet:-1, max-image-preview:large, max-video-preview:-1\" \/>\n<link rel=\"canonical\" href=\"https:\/\/kreatortorun.pl\/produkt\/mundur-specjalny\/\" \/>\n<meta property=\"og:locale\" content=\"en_US\" \/>\n<meta property=\"og:type\" content=\"article\" \/>\n<meta property=\"og:title\" content=\"Mundur realizacyjny FR IRR - Kreator Toru\u0144\" \/>\n<meta property=\"og:description\" content=\"Bojowy mundur specjalny (kurtka, spodnie, combat shirt i kominiarka) przeznaczony dla jednostek realizacyjnych s\u0142u\u017cb mundurowych.\" \/>\n<meta property=\"og:url\" content=\"https:\/\/kreatortorun.pl\/produkt\/mundur-specjalny\/\" \/>\n<meta property=\"og:site_name\" content=\"Kreator Toru\u0144\" \/>\n<meta property=\"article:publisher\" content=\"https:\/\/www.facebook.com\/torun.kreator\" \/>\n<meta property=\"article:modified_time\" content=\"2025-10-24T08:11:03+00:00\" \/>\n<meta property=\"og:image\" content=\"https:\/\/kreatortorun.pl\/wp-content\/uploads\/2025\/03\/mundur-front.jpg\" \/>\n\t<meta property=\"og:image:width\" content=\"800\" \/>\n\t<meta property=\"og:image:height\" content=\"800\" \/>\n\t<meta property=\"og:image:type\" content=\"image\/jpeg\" \/>\n<meta name=\"twitter:card\" content=\"summary_large_image\" \/>\n<meta name=\"twitter:label1\" content=\"Est. reading time\" \/>\n\t<meta name=\"twitter:data1\" content=\"3 minutes\" \/>\n<script type=\"application\/ld+json\" class=\"yoast-schema-graph\">{\"@context\":\"https:\\\/\\\/schema.org\",\"@graph\":[{\"@type\":\"WebPage\",\"@id\":\"https:\\\/\\\/kreatortorun.pl\\\/produkt\\\/mundur-specjalny\\\/\",\"url\":\"https:\\\/\\\/kreatortorun.pl\\\/produkt\\\/mundur-specjalny\\\/\",\"name\":\"Mundur realizacyjny FR IRR - Kreator Toru\u0144\",\"isPartOf\":{\"@id\":\"https:\\\/\\\/kreatortorun.pl\\\/#website\"},\"primaryImageOfPage\":{\"@id\":\"https:\\\/\\\/kreatortorun.pl\\\/produkt\\\/mundur-specjalny\\\/#primaryimage\"},\"image\":{\"@id\":\"https:\\\/\\\/kreatortorun.pl\\\/produkt\\\/mundur-specjalny\\\/#primaryimage\"},\"thumbnailUrl\":\"https:\\\/\\\/kreatortorun.pl\\\/wp-content\\\/uploads\\\/2025\\\/03\\\/mundur-front.jpg\",\"datePublished\":\"2025-03-20T11:50:34+00:00\",\"dateModified\":\"2025-10-24T08:11:03+00:00\",\"description\":\"Bojowy mundur specjalny (kurtka, spodnie, combat shirt i kominiarka) przeznaczony dla jednostek realizacyjnych s\u0142u\u017cb mundurowych.\",\"breadcrumb\":{\"@id\":\"https:\\\/\\\/kreatortorun.pl\\\/produkt\\\/mundur-specjalny\\\/#breadcrumb\"},\"inLanguage\":\"en-US\",\"potentialAction\":[{\"@type\":\"ReadAction\",\"target\":[\"https:\\\/\\\/kreatortorun.pl\\\/produkt\\\/mundur-specjalny\\\/\"]}]},{\"@type\":\"ImageObject\",\"inLanguage\":\"en-US\",\"@id\":\"https:\\\/\\\/kreatortorun.pl\\\/produkt\\\/mundur-specjalny\\\/#primaryimage\",\"url\":\"https:\\\/\\\/kreatortorun.pl\\\/wp-content\\\/uploads\\\/2025\\\/03\\\/mundur-front.jpg\",\"contentUrl\":\"https:\\\/\\\/kreatortorun.pl\\\/wp-content\\\/uploads\\\/2025\\\/03\\\/mundur-front.jpg\",\"width\":800,\"height\":800},{\"@type\":\"BreadcrumbList\",\"@id\":\"https:\\\/\\\/kreatortorun.pl\\\/produkt\\\/mundur-specjalny\\\/#breadcrumb\",\"itemListElement\":[{\"@type\":\"ListItem\",\"position\":1,\"name\":\"Strona g\u0142\u00f3wna\",\"item\":\"https:\\\/\\\/kreatortorun.pl\\\/en\\\/\"},{\"@type\":\"ListItem\",\"position\":2,\"name\":\"Shop\",\"item\":\"https:\\\/\\\/kreatortorun.pl\\\/en\\\/shop\\\/\"},{\"@type\":\"ListItem\",\"position\":3,\"name\":\"Mundur realizacyjny FR IRR\"}]},{\"@type\":\"WebSite\",\"@id\":\"https:\\\/\\\/kreatortorun.pl\\\/#website\",\"url\":\"https:\\\/\\\/kreatortorun.pl\\\/\",\"name\":\"Kreator Toru\u0144\",\"description\":\"Producent mundur\u00f3w, kombinezon\u00f3w i odzie\u017cy taktycznej\",\"publisher\":{\"@id\":\"https:\\\/\\\/kreatortorun.pl\\\/#organization\"},\"potentialAction\":[{\"@type\":\"SearchAction\",\"target\":{\"@type\":\"EntryPoint\",\"urlTemplate\":\"https:\\\/\\\/kreatortorun.pl\\\/?s={search_term_string}\"},\"query-input\":{\"@type\":\"PropertyValueSpecification\",\"valueRequired\":true,\"valueName\":\"search_term_string\"}}],\"inLanguage\":\"en-US\"},{\"@type\":\"Organization\",\"@id\":\"https:\\\/\\\/kreatortorun.pl\\\/#organization\",\"name\":\"Kreator Toru\u0144\",\"url\":\"https:\\\/\\\/kreatortorun.pl\\\/\",\"logo\":{\"@type\":\"ImageObject\",\"inLanguage\":\"en-US\",\"@id\":\"https:\\\/\\\/kreatortorun.pl\\\/#\\\/schema\\\/logo\\\/image\\\/\",\"url\":\"https:\\\/\\\/kreatortorun.pl\\\/wp-content\\\/uploads\\\/2024\\\/02\\\/cropped-kreator-logo-favicon.png\",\"contentUrl\":\"https:\\\/\\\/kreatortorun.pl\\\/wp-content\\\/uploads\\\/2024\\\/02\\\/cropped-kreator-logo-favicon.png\",\"width\":512,\"height\":512,\"caption\":\"Kreator Toru\u0144\"},\"image\":{\"@id\":\"https:\\\/\\\/kreatortorun.pl\\\/#\\\/schema\\\/logo\\\/image\\\/\"},\"sameAs\":[\"https:\\\/\\\/www.facebook.com\\\/torun.kreator\",\"https:\\\/\\\/www.youtube.com\\\/@kreatortorun1862\"]}]}<\/script>\n<!-- \/ Yoast SEO plugin. -->","yoast_head_json":{"title":"Mundur realizacyjny FR IRR - Kreator Toru\u0144","description":"Bojowy mundur specjalny (kurtka, spodnie, combat shirt i kominiarka) przeznaczony dla jednostek realizacyjnych s\u0142u\u017cb mundurowych.","robots":{"index":"index","follow":"follow","max-snippet":"max-snippet:-1","max-image-preview":"max-image-preview:large","max-video-preview":"max-video-preview:-1"},"canonical":"https:\/\/kreatortorun.pl\/produkt\/mundur-specjalny\/","og_locale":"en_US","og_type":"article","og_title":"Mundur realizacyjny FR IRR - Kreator Toru\u0144","og_description":"Bojowy mundur specjalny (kurtka, spodnie, combat shirt i kominiarka) przeznaczony dla jednostek realizacyjnych s\u0142u\u017cb mundurowych.","og_url":"https:\/\/kreatortorun.pl\/produkt\/mundur-specjalny\/","og_site_name":"Kreator Toru\u0144","article_publisher":"https:\/\/www.facebook.com\/torun.kreator","article_modified_time":"2025-10-24T08:11:03+00:00","og_image":[{"width":800,"height":800,"url":"https:\/\/kreatortorun.pl\/wp-content\/uploads\/2025\/03\/mundur-front.jpg","type":"image\/jpeg"}],"twitter_card":"summary_large_image","twitter_misc":{"Est. reading time":"3 minutes"},"schema":{"@context":"https:\/\/schema.org","@graph":[{"@type":"WebPage","@id":"https:\/\/kreatortorun.pl\/produkt\/mundur-specjalny\/","url":"https:\/\/kreatortorun.pl\/produkt\/mundur-specjalny\/","name":"Mundur realizacyjny FR IRR - Kreator Toru\u0144","isPartOf":{"@id":"https:\/\/kreatortorun.pl\/#website"},"primaryImageOfPage":{"@id":"https:\/\/kreatortorun.pl\/produkt\/mundur-specjalny\/#primaryimage"},"image":{"@id":"https:\/\/kreatortorun.pl\/produkt\/mundur-specjalny\/#primaryimage"},"thumbnailUrl":"https:\/\/kreatortorun.pl\/wp-content\/uploads\/2025\/03\/mundur-front.jpg","datePublished":"2025-03-20T11:50:34+00:00","dateModified":"2025-10-24T08:11:03+00:00","description":"Bojowy mundur specjalny (kurtka, spodnie, combat shirt i kominiarka) przeznaczony dla jednostek realizacyjnych s\u0142u\u017cb mundurowych.","breadcrumb":{"@id":"https:\/\/kreatortorun.pl\/produkt\/mundur-specjalny\/#breadcrumb"},"inLanguage":"en-US","potentialAction":[{"@type":"ReadAction","target":["https:\/\/kreatortorun.pl\/produkt\/mundur-specjalny\/"]}]},{"@type":"ImageObject","inLanguage":"en-US","@id":"https:\/\/kreatortorun.pl\/produkt\/mundur-specjalny\/#primaryimage","url":"https:\/\/kreatortorun.pl\/wp-content\/uploads\/2025\/03\/mundur-front.jpg","contentUrl":"https:\/\/kreatortorun.pl\/wp-content\/uploads\/2025\/03\/mundur-front.jpg","width":800,"height":800},{"@type":"BreadcrumbList","@id":"https:\/\/kreatortorun.pl\/produkt\/mundur-specjalny\/#breadcrumb","itemListElement":[{"@type":"ListItem","position":1,"name":"Strona g\u0142\u00f3wna","item":"https:\/\/kreatortorun.pl\/en\/"},{"@type":"ListItem","position":2,"name":"Shop","item":"https:\/\/kreatortorun.pl\/en\/shop\/"},{"@type":"ListItem","position":3,"name":"Mundur realizacyjny FR IRR"}]},{"@type":"WebSite","@id":"https:\/\/kreatortorun.pl\/#website","url":"https:\/\/kreatortorun.pl\/","name":"Kreator Toru\u0144","description":"Producent mundur\u00f3w, kombinezon\u00f3w i odzie\u017cy taktycznej","publisher":{"@id":"https:\/\/kreatortorun.pl\/#organization"},"potentialAction":[{"@type":"SearchAction","target":{"@type":"EntryPoint","urlTemplate":"https:\/\/kreatortorun.pl\/?s={search_term_string}"},"query-input":{"@type":"PropertyValueSpecification","valueRequired":true,"valueName":"search_term_string"}}],"inLanguage":"en-US"},{"@type":"Organization","@id":"https:\/\/kreatortorun.pl\/#organization","name":"Kreator Toru\u0144","url":"https:\/\/kreatortorun.pl\/","logo":{"@type":"ImageObject","inLanguage":"en-US","@id":"https:\/\/kreatortorun.pl\/#\/schema\/logo\/image\/","url":"https:\/\/kreatortorun.pl\/wp-content\/uploads\/2024\/02\/cropped-kreator-logo-favicon.png","contentUrl":"https:\/\/kreatortorun.pl\/wp-content\/uploads\/2024\/02\/cropped-kreator-logo-favicon.png","width":512,"height":512,"caption":"Kreator Toru\u0144"},"image":{"@id":"https:\/\/kreatortorun.pl\/#\/schema\/logo\/image\/"},"sameAs":["https:\/\/www.facebook.com\/torun.kreator","https:\/\/www.youtube.com\/@kreatortorun1862"]}]}},"_links":{"self":[{"href":"https:\/\/kreatortorun.pl\/en\/wp-json\/wp\/v2\/product\/18699","targetHints":{"allow":["GET"]}}],"collection":[{"href":"https:\/\/kreatortorun.pl\/en\/wp-json\/wp\/v2\/product"}],"about":[{"href":"https:\/\/kreatortorun.pl\/en\/wp-json\/wp\/v2\/types\/product"}],"wp:featuredmedia":[{"embeddable":true,"href":"https:\/\/kreatortorun.pl\/en\/wp-json\/wp\/v2\/media\/18757"}],"wp:attachment":[{"href":"https:\/\/kreatortorun.pl\/en\/wp-json\/wp\/v2\/media?parent=18699"}],"wp:term":[{"taxonomy":"product_brand","embeddable":true,"href":"https:\/\/kreatortorun.pl\/en\/wp-json\/wp\/v2\/product_brand?post=18699"},{"taxonomy":"product_cat","embeddable":true,"href":"https:\/\/kreatortorun.pl\/en\/wp-json\/wp\/v2\/product_cat?post=18699"},{"taxonomy":"product_tag","embeddable":true,"href":"https:\/\/kreatortorun.pl\/en\/wp-json\/wp\/v2\/product_tag?post=18699"}],"curies":[{"name":"wp","href":"https:\/\/api.w.org\/{rel}","templated":true}]}}