{"id":20130,"date":"2025-05-06T08:25:16","date_gmt":"2025-05-06T08:25:16","guid":{"rendered":"https:\/\/kreatortorun.pl\/?post_type=product&#038;p=20130"},"modified":"2025-10-08T12:38:06","modified_gmt":"2025-10-08T12:38:06","slug":"alfa-combat-uniform","status":"publish","type":"product","link":"https:\/\/kreatortorun.pl\/en\/produkt\/alfa-combat-uniform\/","title":{"rendered":"ALFA combat uniform"},"content":{"rendered":"<h1><b>ALFA COMBAT PANTS (TACTICAL PANTS, FIELD PANTS)<\/b><\/h1>\n<ul>\n<li>Main fabric 5 times more resistant to abrasion than most fabrics used in similar product.<\/li>\n<li>The seat on the back with additional layer also made of Cordura\u00ae fabric!<\/li>\n<li>Belt loops for the tactical belt with a width of up to 55 mm.<\/li>\n<li>YKK\u00ae zippers with pullers made of basic fabric for better grip in gloves.<\/li>\n<li>12 multifunctional pockets (for knife with clip, hidden for wallet, phone, other necessary items.<\/li>\n<li>Velcro adjustments in belt, knee and leg areas.<\/li>\n<li>Elastic inserts to increase the work of the fabric in critical places such as the crotch, waist or knee area.<\/li>\n<li>External knee pads openings, integrable with various knee pads.<\/li>\n<\/ul>\n<h2><b>ALFA COMBAT JACKET (RAID SHIRT, FIELD SHIRT)<\/b><\/h2>\n<ul>\n<li>Main fabric 5 times more resistant to abrasion than most fabrics used in similar product.<\/li>\n<li>4 multifunctional pockets (2 cargo pockets at chest, 2 pockets on the shoulders).<\/li>\n<li>YKK\u00ae zippers with pullers made of basic fabric for better grip in gloves.<\/li>\n<li>Elongated back of the jacket.<\/li>\n<li>Mesh with ventilation panels around the shoulders which also give greater freedom of movement.<\/li>\n<li>Profiled jacket cuff: the top is maximally extended, the bottom is shortened for maximum comfort.<\/li>\n<li>Velcro sleeve and stand-up collar adjustment.<\/li>\n<li>Places for soft inserts at the elbows with an additional hole for excess of sand.<\/li>\n<\/ul>\n<h3><b>COMBAT SHIRT ALFA V1\u00a0<\/b><\/h3>\n<ul>\n<li>Main fabric 5 times more resistant to abrasion than most fabrics used in similar product.<\/li>\n<li>Polartec\u00ae PowerDry knitted body and armpit gusset provides adequate air circulation through the use of spatial ventilation channels, while being flame retardant.<\/li>\n<li>2 multifunctional pockets (2 pockets on the shoulders).<\/li>\n<li>YKK\u00ae zippers with pullers made of basic fabric for better grip in gloves.<\/li>\n<li>Profiled shirt cuff: the top is maximally extended, the bottom is shortened for maximum comfort.<\/li>\n<li>Velcro sleeve adjustment.<\/li>\n<li>Places for soft inserts at the elbows with an additional hole for excess of sand.<\/li>\n<\/ul>\n","protected":false},"excerpt":{"rendered":"<p><strong>In the ALFA Combat Uniform the fabric is 5 times more abrasion resistant than most fabrics used in similar products.<\/strong><\/p>\n<p><strong>Extremely light fabric \u2013 220g\/m2.<\/strong><\/p>\n<p><strong>In the combat uniform we used YKK\u00ae zippers with pullers made of the main fabric for a better grip when working with gloves.<\/strong><\/p>\n<p><strong>The combat uniform is available in 3 colors: Wolf Grey, Ranger Green and MultiCam\u00ae.<\/strong><\/p>\n<p><strong>The Infrared Invisible (IRR) version of Mutlicam\u00ae!<\/strong><\/p>\n<p>On request only: <strong><span style=\"color: #d83131;\"><a href=\"tel: +48604117337\">+48 604 117 337<\/a><\/span><\/strong><\/p>\n<p>or <a href=\"mailto:j.dabrowski@kreatortorun.pl\" class=\"button alert is-alert is-medium\" >\n\t\t<span>ASK<\/span>\n\t<\/a>\n\n<p>Possibility of preparing the suit for the specific needs of the user.<\/p>\n","protected":false},"featured_media":8460,"template":"","meta":[],"product_brand":[],"product_cat":[85],"product_tag":[209,210],"class_list":{"0":"post-20130","1":"product","2":"type-product","3":"status-publish","4":"has-post-thumbnail","6":"product_cat-wojska-ladowe","7":"product_tag-ws","8":"product_tag-alfa","9":"pa_data-90-dni","11":"first","12":"onbackorder","13":"taxable","14":"shipping-taxable","15":"product-type-simple"},"yoast_head":"<!-- This site is optimized with the Yoast SEO plugin v27.3 - https:\/\/yoast.com\/product\/yoast-seo-wordpress\/ -->\n<title>ALFA combat uniform - Kreator Toru\u0144<\/title>\n<meta name=\"description\" content=\"Combat uniform for uniformed services 3-piece: combat shirt, jacket and trousers. Uniform available in 3 colors: Wolf Grey, Multicam and Ranger Green.\" \/>\n<meta name=\"robots\" content=\"index, follow, max-snippet:-1, max-image-preview:large, max-video-preview:-1\" \/>\n<link rel=\"canonical\" href=\"https:\/\/kreatortorun.pl\/produkt\/alfa-combat-uniform\/\" \/>\n<meta property=\"og:locale\" content=\"en_US\" \/>\n<meta property=\"og:type\" content=\"article\" \/>\n<meta property=\"og:title\" content=\"ALFA combat uniform - Kreator Toru\u0144\" \/>\n<meta property=\"og:description\" content=\"Combat uniform for uniformed services 3-piece: combat shirt, jacket and trousers. Uniform available in 3 colors: Wolf Grey, Multicam and Ranger Green.\" \/>\n<meta property=\"og:url\" content=\"https:\/\/kreatortorun.pl\/produkt\/alfa-combat-uniform\/\" \/>\n<meta property=\"og:site_name\" content=\"Kreator Toru\u0144\" \/>\n<meta property=\"article:publisher\" content=\"https:\/\/www.facebook.com\/torun.kreator\" \/>\n<meta property=\"article:modified_time\" content=\"2025-10-08T12:38:06+00:00\" \/>\n<meta property=\"og:image\" content=\"https:\/\/kreatortorun.pl\/wp-content\/uploads\/2023\/01\/ALFA-1200-d-2.jpg\" \/>\n\t<meta property=\"og:image:width\" content=\"1200\" \/>\n\t<meta property=\"og:image:height\" content=\"1200\" \/>\n\t<meta property=\"og:image:type\" content=\"image\/jpeg\" \/>\n<meta name=\"twitter:card\" content=\"summary_large_image\" \/>\n<meta name=\"twitter:label1\" content=\"Est. reading time\" \/>\n\t<meta name=\"twitter:data1\" content=\"3 minutes\" \/>\n<script type=\"application\/ld+json\" class=\"yoast-schema-graph\">{\"@context\":\"https:\\\/\\\/schema.org\",\"@graph\":[{\"@type\":\"WebPage\",\"@id\":\"https:\\\/\\\/kreatortorun.pl\\\/produkt\\\/alfa-combat-uniform\\\/\",\"url\":\"https:\\\/\\\/kreatortorun.pl\\\/produkt\\\/alfa-combat-uniform\\\/\",\"name\":\"ALFA combat uniform - Kreator Toru\u0144\",\"isPartOf\":{\"@id\":\"https:\\\/\\\/kreatortorun.pl\\\/#website\"},\"primaryImageOfPage\":{\"@id\":\"https:\\\/\\\/kreatortorun.pl\\\/produkt\\\/alfa-combat-uniform\\\/#primaryimage\"},\"image\":{\"@id\":\"https:\\\/\\\/kreatortorun.pl\\\/produkt\\\/alfa-combat-uniform\\\/#primaryimage\"},\"thumbnailUrl\":\"https:\\\/\\\/kreatortorun.pl\\\/wp-content\\\/uploads\\\/2023\\\/01\\\/ALFA-1200-d-2.jpg\",\"datePublished\":\"2025-05-06T08:25:16+00:00\",\"dateModified\":\"2025-10-08T12:38:06+00:00\",\"description\":\"Combat uniform for uniformed services 3-piece: combat shirt, jacket and trousers. Uniform available in 3 colors: Wolf Grey, Multicam and Ranger Green.\",\"breadcrumb\":{\"@id\":\"https:\\\/\\\/kreatortorun.pl\\\/produkt\\\/alfa-combat-uniform\\\/#breadcrumb\"},\"inLanguage\":\"en-US\",\"potentialAction\":[{\"@type\":\"ReadAction\",\"target\":[\"https:\\\/\\\/kreatortorun.pl\\\/produkt\\\/alfa-combat-uniform\\\/\"]}]},{\"@type\":\"ImageObject\",\"inLanguage\":\"en-US\",\"@id\":\"https:\\\/\\\/kreatortorun.pl\\\/produkt\\\/alfa-combat-uniform\\\/#primaryimage\",\"url\":\"https:\\\/\\\/kreatortorun.pl\\\/wp-content\\\/uploads\\\/2023\\\/01\\\/ALFA-1200-d-2.jpg\",\"contentUrl\":\"https:\\\/\\\/kreatortorun.pl\\\/wp-content\\\/uploads\\\/2023\\\/01\\\/ALFA-1200-d-2.jpg\",\"width\":1200,\"height\":1200},{\"@type\":\"BreadcrumbList\",\"@id\":\"https:\\\/\\\/kreatortorun.pl\\\/produkt\\\/alfa-combat-uniform\\\/#breadcrumb\",\"itemListElement\":[{\"@type\":\"ListItem\",\"position\":1,\"name\":\"Strona g\u0142\u00f3wna\",\"item\":\"https:\\\/\\\/kreatortorun.pl\\\/en\\\/\"},{\"@type\":\"ListItem\",\"position\":2,\"name\":\"Shop\",\"item\":\"https:\\\/\\\/kreatortorun.pl\\\/en\\\/shop\\\/\"},{\"@type\":\"ListItem\",\"position\":3,\"name\":\"ALFA combat uniform\"}]},{\"@type\":\"WebSite\",\"@id\":\"https:\\\/\\\/kreatortorun.pl\\\/#website\",\"url\":\"https:\\\/\\\/kreatortorun.pl\\\/\",\"name\":\"Kreator Toru\u0144\",\"description\":\"Producent mundur\u00f3w, kombinezon\u00f3w i odzie\u017cy taktycznej\",\"publisher\":{\"@id\":\"https:\\\/\\\/kreatortorun.pl\\\/#organization\"},\"potentialAction\":[{\"@type\":\"SearchAction\",\"target\":{\"@type\":\"EntryPoint\",\"urlTemplate\":\"https:\\\/\\\/kreatortorun.pl\\\/?s={search_term_string}\"},\"query-input\":{\"@type\":\"PropertyValueSpecification\",\"valueRequired\":true,\"valueName\":\"search_term_string\"}}],\"inLanguage\":\"en-US\"},{\"@type\":\"Organization\",\"@id\":\"https:\\\/\\\/kreatortorun.pl\\\/#organization\",\"name\":\"Kreator Toru\u0144\",\"url\":\"https:\\\/\\\/kreatortorun.pl\\\/\",\"logo\":{\"@type\":\"ImageObject\",\"inLanguage\":\"en-US\",\"@id\":\"https:\\\/\\\/kreatortorun.pl\\\/#\\\/schema\\\/logo\\\/image\\\/\",\"url\":\"https:\\\/\\\/kreatortorun.pl\\\/wp-content\\\/uploads\\\/2024\\\/02\\\/cropped-kreator-logo-favicon.png\",\"contentUrl\":\"https:\\\/\\\/kreatortorun.pl\\\/wp-content\\\/uploads\\\/2024\\\/02\\\/cropped-kreator-logo-favicon.png\",\"width\":512,\"height\":512,\"caption\":\"Kreator Toru\u0144\"},\"image\":{\"@id\":\"https:\\\/\\\/kreatortorun.pl\\\/#\\\/schema\\\/logo\\\/image\\\/\"},\"sameAs\":[\"https:\\\/\\\/www.facebook.com\\\/torun.kreator\",\"https:\\\/\\\/www.youtube.com\\\/@kreatortorun1862\"]}]}<\/script>\n<!-- \/ Yoast SEO plugin. -->","yoast_head_json":{"title":"ALFA combat uniform - Kreator Toru\u0144","description":"Combat uniform for uniformed services 3-piece: combat shirt, jacket and trousers. Uniform available in 3 colors: Wolf Grey, Multicam and Ranger Green.","robots":{"index":"index","follow":"follow","max-snippet":"max-snippet:-1","max-image-preview":"max-image-preview:large","max-video-preview":"max-video-preview:-1"},"canonical":"https:\/\/kreatortorun.pl\/produkt\/alfa-combat-uniform\/","og_locale":"en_US","og_type":"article","og_title":"ALFA combat uniform - Kreator Toru\u0144","og_description":"Combat uniform for uniformed services 3-piece: combat shirt, jacket and trousers. Uniform available in 3 colors: Wolf Grey, Multicam and Ranger Green.","og_url":"https:\/\/kreatortorun.pl\/produkt\/alfa-combat-uniform\/","og_site_name":"Kreator Toru\u0144","article_publisher":"https:\/\/www.facebook.com\/torun.kreator","article_modified_time":"2025-10-08T12:38:06+00:00","og_image":[{"width":1200,"height":1200,"url":"https:\/\/kreatortorun.pl\/wp-content\/uploads\/2023\/01\/ALFA-1200-d-2.jpg","type":"image\/jpeg"}],"twitter_card":"summary_large_image","twitter_misc":{"Est. reading time":"3 minutes"},"schema":{"@context":"https:\/\/schema.org","@graph":[{"@type":"WebPage","@id":"https:\/\/kreatortorun.pl\/produkt\/alfa-combat-uniform\/","url":"https:\/\/kreatortorun.pl\/produkt\/alfa-combat-uniform\/","name":"ALFA combat uniform - Kreator Toru\u0144","isPartOf":{"@id":"https:\/\/kreatortorun.pl\/#website"},"primaryImageOfPage":{"@id":"https:\/\/kreatortorun.pl\/produkt\/alfa-combat-uniform\/#primaryimage"},"image":{"@id":"https:\/\/kreatortorun.pl\/produkt\/alfa-combat-uniform\/#primaryimage"},"thumbnailUrl":"https:\/\/kreatortorun.pl\/wp-content\/uploads\/2023\/01\/ALFA-1200-d-2.jpg","datePublished":"2025-05-06T08:25:16+00:00","dateModified":"2025-10-08T12:38:06+00:00","description":"Combat uniform for uniformed services 3-piece: combat shirt, jacket and trousers. Uniform available in 3 colors: Wolf Grey, Multicam and Ranger Green.","breadcrumb":{"@id":"https:\/\/kreatortorun.pl\/produkt\/alfa-combat-uniform\/#breadcrumb"},"inLanguage":"en-US","potentialAction":[{"@type":"ReadAction","target":["https:\/\/kreatortorun.pl\/produkt\/alfa-combat-uniform\/"]}]},{"@type":"ImageObject","inLanguage":"en-US","@id":"https:\/\/kreatortorun.pl\/produkt\/alfa-combat-uniform\/#primaryimage","url":"https:\/\/kreatortorun.pl\/wp-content\/uploads\/2023\/01\/ALFA-1200-d-2.jpg","contentUrl":"https:\/\/kreatortorun.pl\/wp-content\/uploads\/2023\/01\/ALFA-1200-d-2.jpg","width":1200,"height":1200},{"@type":"BreadcrumbList","@id":"https:\/\/kreatortorun.pl\/produkt\/alfa-combat-uniform\/#breadcrumb","itemListElement":[{"@type":"ListItem","position":1,"name":"Strona g\u0142\u00f3wna","item":"https:\/\/kreatortorun.pl\/en\/"},{"@type":"ListItem","position":2,"name":"Shop","item":"https:\/\/kreatortorun.pl\/en\/shop\/"},{"@type":"ListItem","position":3,"name":"ALFA combat uniform"}]},{"@type":"WebSite","@id":"https:\/\/kreatortorun.pl\/#website","url":"https:\/\/kreatortorun.pl\/","name":"Kreator Toru\u0144","description":"Producent mundur\u00f3w, kombinezon\u00f3w i odzie\u017cy taktycznej","publisher":{"@id":"https:\/\/kreatortorun.pl\/#organization"},"potentialAction":[{"@type":"SearchAction","target":{"@type":"EntryPoint","urlTemplate":"https:\/\/kreatortorun.pl\/?s={search_term_string}"},"query-input":{"@type":"PropertyValueSpecification","valueRequired":true,"valueName":"search_term_string"}}],"inLanguage":"en-US"},{"@type":"Organization","@id":"https:\/\/kreatortorun.pl\/#organization","name":"Kreator Toru\u0144","url":"https:\/\/kreatortorun.pl\/","logo":{"@type":"ImageObject","inLanguage":"en-US","@id":"https:\/\/kreatortorun.pl\/#\/schema\/logo\/image\/","url":"https:\/\/kreatortorun.pl\/wp-content\/uploads\/2024\/02\/cropped-kreator-logo-favicon.png","contentUrl":"https:\/\/kreatortorun.pl\/wp-content\/uploads\/2024\/02\/cropped-kreator-logo-favicon.png","width":512,"height":512,"caption":"Kreator Toru\u0144"},"image":{"@id":"https:\/\/kreatortorun.pl\/#\/schema\/logo\/image\/"},"sameAs":["https:\/\/www.facebook.com\/torun.kreator","https:\/\/www.youtube.com\/@kreatortorun1862"]}]}},"_links":{"self":[{"href":"https:\/\/kreatortorun.pl\/en\/wp-json\/wp\/v2\/product\/20130","targetHints":{"allow":["GET"]}}],"collection":[{"href":"https:\/\/kreatortorun.pl\/en\/wp-json\/wp\/v2\/product"}],"about":[{"href":"https:\/\/kreatortorun.pl\/en\/wp-json\/wp\/v2\/types\/product"}],"wp:featuredmedia":[{"embeddable":true,"href":"https:\/\/kreatortorun.pl\/en\/wp-json\/wp\/v2\/media\/8460"}],"wp:attachment":[{"href":"https:\/\/kreatortorun.pl\/en\/wp-json\/wp\/v2\/media?parent=20130"}],"wp:term":[{"taxonomy":"product_brand","embeddable":true,"href":"https:\/\/kreatortorun.pl\/en\/wp-json\/wp\/v2\/product_brand?post=20130"},{"taxonomy":"product_cat","embeddable":true,"href":"https:\/\/kreatortorun.pl\/en\/wp-json\/wp\/v2\/product_cat?post=20130"},{"taxonomy":"product_tag","embeddable":true,"href":"https:\/\/kreatortorun.pl\/en\/wp-json\/wp\/v2\/product_tag?post=20130"}],"curies":[{"name":"wp","href":"https:\/\/api.w.org\/{rel}","templated":true}]}}