{"id":20167,"date":"2025-05-06T09:56:11","date_gmt":"2025-05-06T09:56:11","guid":{"rendered":"https:\/\/kreatortorun.pl\/?post_type=product&#038;p=20167"},"modified":"2025-10-07T08:16:29","modified_gmt":"2025-10-07T08:16:29","slug":"non-flammable-special-purpose-suit","status":"publish","type":"product","link":"https:\/\/kreatortorun.pl\/en\/produkt\/non-flammable-special-purpose-suit\/","title":{"rendered":"Non-flammable special purpose suit"},"content":{"rendered":"<h1 id=\"tw-target-text\" class=\"tw-data-text tw-text-large tw-ta\" dir=\"ltr\" data-placeholder=\"T\u0142umaczenie\" data-ved=\"2ahUKEwj8mM-kyo6NAxX7SPEDHeisNMkQ3ewLegQICBAV\" aria-label=\"Przet\u0142umaczony tekst: One-piece anti-terrorist suit with hood, made of flame-retardant fabric, black.\"><span class=\"Y2IQFc\" lang=\"en\">One-piece anti-terrorist suit with hood, made of flame-retardant fabric, black.<\/span><\/h1>\n<ul>\n<li style=\"font-weight: 400; text-align: justify;\">Inside the suit there is an adjustable rubber belt that fits the suit to the user\u2019s body. There are also adjustable suspenders that allow, for example, wearing the suit with the top removed (only the pants). The harness is attached with 4 points in an X shape.<\/li>\n<li>The suit has two parallel fasteners with split zippers from the neck to the bottom of the legs. They allow you to quickly take off the suit without taking off your shoes. The main zipper pullers are attached to each other, which allows you to unfasten both zippers in one move. There is a string sewn into the zipper tabs to prevent the zipper from pinching the tab. The main zippers have two sliders, which also allow you to open the legs from the bottom up.<\/li>\n<li>There are pockets for protectors on the elbows and knees. The protectors used are made of EVA foam. Pockets for knee protectors are fastened from the bottom. Pockets for elbow protectors, have holes in the lower part of the pockets. This solution allows for automatic drainage of water and sand.<br \/>\nThe bottoms of the sleeves are opened with zippers, which allows you to put the suit on and take it off with gloves on. A tight fit of the sleeves is achieved by adjusting tabs fastened with a self-adhesive tape.<br \/>\nThe same effect was achieved in the legs by using additional zippers in the suit\u2019s main zippers, allowing the legs to be unfastened from the bottom up.<\/li>\n<li>At the back of the legs, at knee height, there are leg circumference adjusters that allow for a good fit of the leg with the protector to the knee and prevent the protectors from switching while moving in the field.There are two pockets in the lower parts of the legs for dressings or disposable handcuffs. An additional strengthening patch is sewn on the seat of the suit.<br \/>\nAt the back of the pants there are two deep cut pockets, fastened with self-fastening tapes. There are two pleats on the back of the suit, allowing greater arm mobility.<br \/>\nThere are two cargo pockets on the legs at thigh height with a combined button-self-tape fastening allowing for an open\/closed pocket configuration. Inside the pockets there are organizers and carabiner holders.Just below the waistband of the suit there are two cut pockets with zippers allowing access to the inside of the suit. The suit has a traditional zipper, which allows you to meet your physiological needs without taking off the suit. On the front of the suit, at chest level, there are two chest pockets closed with flaps with self-closing tape.<br \/>\nThere are two double pockets in the upper part of the sleeves. Each pocket has one bellows fastened with a flap with a self-fastening tape and another pocket fastened with a zipper. There are loop tapes sewn on the pockets to enable the installation of badges. Calf pockets, cargo pockets, chest pockets and sleeve pockets have a box structure and pleats, which increases their capacity. These pockets also have drainage holes.<\/li>\n<li>The hood of the suit can be unfastened with a zipper or can be hidden in the collar closed with self-closing tapes. The hood has two adjustments, i.e. depth \u2013 using a flap with a self-adhesive tape and circumference using rubber bands and stoppers.<br \/>\nThe suit is equipped with an evacuation strap that covers the user\u2019s shoulders. The tape has a handle at the back in the upper part of the back. To avoid disturbing normal work, the handle is fastened with a self-locking tape, which can be opened if necessary using a tab sewn in the middle.<\/li>\n<li>Ventilation in the suit is provided by:<br \/>\n\u2013 internal pleat elements on the back (non-flammable mesh inserts).<br \/>\n\u2013 zippers opening under the arm towards the bottom of the sleeve, (non-flammable mesh insert).<br \/>\n\u2013 two-slide zipper in the crotch, (non-flammable mesh insert).<br \/>\n\u2013 openings in front cut pockets, fastened with zippers.<br \/>\nThe zippers have non-flammable pullers made of the main fabric attached.<\/li>\n<\/ul>\n","protected":false},"excerpt":{"rendered":"<p style=\"font-weight: 400;\"><strong>Flame retardant fabric coverall (AT coverall, counter-terrorist coverall)<\/strong><\/p>\n<p>On request only: <strong><span style=\"color: #d83131;\"><a href=\"tel: +48604117337\">+48 604 117 337<\/a><\/span><\/strong><\/p>\n<p>or <a href=\"mailto:j.dabrowski@kreatortorun.pl\" class=\"button alert is-alert is-medium\" >\n\t\t<span>ASK<\/span>\n\t<\/a>\n\n<p>Possibility of preparing the suit for the specific needs of the user.<\/p>\n","protected":false},"featured_media":18618,"template":"","meta":[],"product_brand":[],"product_cat":[85],"product_tag":[209],"class_list":{"0":"post-20167","1":"product","2":"type-product","3":"status-publish","4":"has-post-thumbnail","6":"product_cat-wojska-ladowe","7":"product_tag-ws","8":"pa_data-90-dni","10":"first","11":"onbackorder","12":"taxable","13":"shipping-taxable","14":"product-type-simple"},"yoast_head":"<!-- This site is optimized with the Yoast SEO plugin v27.3 - https:\/\/yoast.com\/product\/yoast-seo-wordpress\/ -->\n<title>Non-flammable special purpose suit - Kreator Toru\u0144<\/title>\n<meta name=\"description\" content=\"The flame-retardant FR suit (AT suit) will work well as an anti-terrorist suit and as a tactical suit for execution units.\" \/>\n<meta name=\"robots\" content=\"index, follow, max-snippet:-1, max-image-preview:large, max-video-preview:-1\" \/>\n<link rel=\"canonical\" href=\"https:\/\/kreatortorun.pl\/produkt\/non-flammable-special-purpose-suit\/\" \/>\n<meta property=\"og:locale\" content=\"en_US\" \/>\n<meta property=\"og:type\" content=\"article\" \/>\n<meta property=\"og:title\" content=\"Non-flammable special purpose suit - Kreator Toru\u0144\" \/>\n<meta property=\"og:description\" content=\"The flame-retardant FR suit (AT suit) will work well as an anti-terrorist suit and as a tactical suit for execution units.\" \/>\n<meta property=\"og:url\" content=\"https:\/\/kreatortorun.pl\/produkt\/non-flammable-special-purpose-suit\/\" \/>\n<meta property=\"og:site_name\" content=\"Kreator Toru\u0144\" \/>\n<meta property=\"article:publisher\" content=\"https:\/\/www.facebook.com\/torun.kreator\" \/>\n<meta property=\"article:modified_time\" content=\"2025-10-07T08:16:29+00:00\" \/>\n<meta property=\"og:image\" content=\"https:\/\/kreatortorun.pl\/wp-content\/uploads\/2023\/01\/at-1.jpg\" \/>\n\t<meta property=\"og:image:width\" content=\"801\" \/>\n\t<meta property=\"og:image:height\" content=\"800\" \/>\n\t<meta property=\"og:image:type\" content=\"image\/jpeg\" \/>\n<meta name=\"twitter:card\" content=\"summary_large_image\" \/>\n<meta name=\"twitter:label1\" content=\"Est. reading time\" \/>\n\t<meta name=\"twitter:data1\" content=\"5 minutes\" \/>\n<script type=\"application\/ld+json\" class=\"yoast-schema-graph\">{\"@context\":\"https:\\\/\\\/schema.org\",\"@graph\":[{\"@type\":\"WebPage\",\"@id\":\"https:\\\/\\\/kreatortorun.pl\\\/produkt\\\/non-flammable-special-purpose-suit\\\/\",\"url\":\"https:\\\/\\\/kreatortorun.pl\\\/produkt\\\/non-flammable-special-purpose-suit\\\/\",\"name\":\"Non-flammable special purpose suit - Kreator Toru\u0144\",\"isPartOf\":{\"@id\":\"https:\\\/\\\/kreatortorun.pl\\\/#website\"},\"primaryImageOfPage\":{\"@id\":\"https:\\\/\\\/kreatortorun.pl\\\/produkt\\\/non-flammable-special-purpose-suit\\\/#primaryimage\"},\"image\":{\"@id\":\"https:\\\/\\\/kreatortorun.pl\\\/produkt\\\/non-flammable-special-purpose-suit\\\/#primaryimage\"},\"thumbnailUrl\":\"https:\\\/\\\/kreatortorun.pl\\\/wp-content\\\/uploads\\\/2023\\\/01\\\/at-1.jpg\",\"datePublished\":\"2025-05-06T09:56:11+00:00\",\"dateModified\":\"2025-10-07T08:16:29+00:00\",\"description\":\"The flame-retardant FR suit (AT suit) will work well as an anti-terrorist suit and as a tactical suit for execution units.\",\"breadcrumb\":{\"@id\":\"https:\\\/\\\/kreatortorun.pl\\\/produkt\\\/non-flammable-special-purpose-suit\\\/#breadcrumb\"},\"inLanguage\":\"en-US\",\"potentialAction\":[{\"@type\":\"ReadAction\",\"target\":[\"https:\\\/\\\/kreatortorun.pl\\\/produkt\\\/non-flammable-special-purpose-suit\\\/\"]}]},{\"@type\":\"ImageObject\",\"inLanguage\":\"en-US\",\"@id\":\"https:\\\/\\\/kreatortorun.pl\\\/produkt\\\/non-flammable-special-purpose-suit\\\/#primaryimage\",\"url\":\"https:\\\/\\\/kreatortorun.pl\\\/wp-content\\\/uploads\\\/2023\\\/01\\\/at-1.jpg\",\"contentUrl\":\"https:\\\/\\\/kreatortorun.pl\\\/wp-content\\\/uploads\\\/2023\\\/01\\\/at-1.jpg\",\"width\":801,\"height\":800},{\"@type\":\"BreadcrumbList\",\"@id\":\"https:\\\/\\\/kreatortorun.pl\\\/produkt\\\/non-flammable-special-purpose-suit\\\/#breadcrumb\",\"itemListElement\":[{\"@type\":\"ListItem\",\"position\":1,\"name\":\"Strona g\u0142\u00f3wna\",\"item\":\"https:\\\/\\\/kreatortorun.pl\\\/en\\\/\"},{\"@type\":\"ListItem\",\"position\":2,\"name\":\"Shop\",\"item\":\"https:\\\/\\\/kreatortorun.pl\\\/en\\\/shop\\\/\"},{\"@type\":\"ListItem\",\"position\":3,\"name\":\"Non-flammable special purpose suit\"}]},{\"@type\":\"WebSite\",\"@id\":\"https:\\\/\\\/kreatortorun.pl\\\/#website\",\"url\":\"https:\\\/\\\/kreatortorun.pl\\\/\",\"name\":\"Kreator Toru\u0144\",\"description\":\"Producent mundur\u00f3w, kombinezon\u00f3w i odzie\u017cy taktycznej\",\"publisher\":{\"@id\":\"https:\\\/\\\/kreatortorun.pl\\\/#organization\"},\"potentialAction\":[{\"@type\":\"SearchAction\",\"target\":{\"@type\":\"EntryPoint\",\"urlTemplate\":\"https:\\\/\\\/kreatortorun.pl\\\/?s={search_term_string}\"},\"query-input\":{\"@type\":\"PropertyValueSpecification\",\"valueRequired\":true,\"valueName\":\"search_term_string\"}}],\"inLanguage\":\"en-US\"},{\"@type\":\"Organization\",\"@id\":\"https:\\\/\\\/kreatortorun.pl\\\/#organization\",\"name\":\"Kreator Toru\u0144\",\"url\":\"https:\\\/\\\/kreatortorun.pl\\\/\",\"logo\":{\"@type\":\"ImageObject\",\"inLanguage\":\"en-US\",\"@id\":\"https:\\\/\\\/kreatortorun.pl\\\/#\\\/schema\\\/logo\\\/image\\\/\",\"url\":\"https:\\\/\\\/kreatortorun.pl\\\/wp-content\\\/uploads\\\/2024\\\/02\\\/cropped-kreator-logo-favicon.png\",\"contentUrl\":\"https:\\\/\\\/kreatortorun.pl\\\/wp-content\\\/uploads\\\/2024\\\/02\\\/cropped-kreator-logo-favicon.png\",\"width\":512,\"height\":512,\"caption\":\"Kreator Toru\u0144\"},\"image\":{\"@id\":\"https:\\\/\\\/kreatortorun.pl\\\/#\\\/schema\\\/logo\\\/image\\\/\"},\"sameAs\":[\"https:\\\/\\\/www.facebook.com\\\/torun.kreator\",\"https:\\\/\\\/www.youtube.com\\\/@kreatortorun1862\"]}]}<\/script>\n<!-- \/ Yoast SEO plugin. -->","yoast_head_json":{"title":"Non-flammable special purpose suit - Kreator Toru\u0144","description":"The flame-retardant FR suit (AT suit) will work well as an anti-terrorist suit and as a tactical suit for execution units.","robots":{"index":"index","follow":"follow","max-snippet":"max-snippet:-1","max-image-preview":"max-image-preview:large","max-video-preview":"max-video-preview:-1"},"canonical":"https:\/\/kreatortorun.pl\/produkt\/non-flammable-special-purpose-suit\/","og_locale":"en_US","og_type":"article","og_title":"Non-flammable special purpose suit - Kreator Toru\u0144","og_description":"The flame-retardant FR suit (AT suit) will work well as an anti-terrorist suit and as a tactical suit for execution units.","og_url":"https:\/\/kreatortorun.pl\/produkt\/non-flammable-special-purpose-suit\/","og_site_name":"Kreator Toru\u0144","article_publisher":"https:\/\/www.facebook.com\/torun.kreator","article_modified_time":"2025-10-07T08:16:29+00:00","og_image":[{"width":801,"height":800,"url":"https:\/\/kreatortorun.pl\/wp-content\/uploads\/2023\/01\/at-1.jpg","type":"image\/jpeg"}],"twitter_card":"summary_large_image","twitter_misc":{"Est. reading time":"5 minutes"},"schema":{"@context":"https:\/\/schema.org","@graph":[{"@type":"WebPage","@id":"https:\/\/kreatortorun.pl\/produkt\/non-flammable-special-purpose-suit\/","url":"https:\/\/kreatortorun.pl\/produkt\/non-flammable-special-purpose-suit\/","name":"Non-flammable special purpose suit - Kreator Toru\u0144","isPartOf":{"@id":"https:\/\/kreatortorun.pl\/#website"},"primaryImageOfPage":{"@id":"https:\/\/kreatortorun.pl\/produkt\/non-flammable-special-purpose-suit\/#primaryimage"},"image":{"@id":"https:\/\/kreatortorun.pl\/produkt\/non-flammable-special-purpose-suit\/#primaryimage"},"thumbnailUrl":"https:\/\/kreatortorun.pl\/wp-content\/uploads\/2023\/01\/at-1.jpg","datePublished":"2025-05-06T09:56:11+00:00","dateModified":"2025-10-07T08:16:29+00:00","description":"The flame-retardant FR suit (AT suit) will work well as an anti-terrorist suit and as a tactical suit for execution units.","breadcrumb":{"@id":"https:\/\/kreatortorun.pl\/produkt\/non-flammable-special-purpose-suit\/#breadcrumb"},"inLanguage":"en-US","potentialAction":[{"@type":"ReadAction","target":["https:\/\/kreatortorun.pl\/produkt\/non-flammable-special-purpose-suit\/"]}]},{"@type":"ImageObject","inLanguage":"en-US","@id":"https:\/\/kreatortorun.pl\/produkt\/non-flammable-special-purpose-suit\/#primaryimage","url":"https:\/\/kreatortorun.pl\/wp-content\/uploads\/2023\/01\/at-1.jpg","contentUrl":"https:\/\/kreatortorun.pl\/wp-content\/uploads\/2023\/01\/at-1.jpg","width":801,"height":800},{"@type":"BreadcrumbList","@id":"https:\/\/kreatortorun.pl\/produkt\/non-flammable-special-purpose-suit\/#breadcrumb","itemListElement":[{"@type":"ListItem","position":1,"name":"Strona g\u0142\u00f3wna","item":"https:\/\/kreatortorun.pl\/en\/"},{"@type":"ListItem","position":2,"name":"Shop","item":"https:\/\/kreatortorun.pl\/en\/shop\/"},{"@type":"ListItem","position":3,"name":"Non-flammable special purpose suit"}]},{"@type":"WebSite","@id":"https:\/\/kreatortorun.pl\/#website","url":"https:\/\/kreatortorun.pl\/","name":"Kreator Toru\u0144","description":"Producent mundur\u00f3w, kombinezon\u00f3w i odzie\u017cy taktycznej","publisher":{"@id":"https:\/\/kreatortorun.pl\/#organization"},"potentialAction":[{"@type":"SearchAction","target":{"@type":"EntryPoint","urlTemplate":"https:\/\/kreatortorun.pl\/?s={search_term_string}"},"query-input":{"@type":"PropertyValueSpecification","valueRequired":true,"valueName":"search_term_string"}}],"inLanguage":"en-US"},{"@type":"Organization","@id":"https:\/\/kreatortorun.pl\/#organization","name":"Kreator Toru\u0144","url":"https:\/\/kreatortorun.pl\/","logo":{"@type":"ImageObject","inLanguage":"en-US","@id":"https:\/\/kreatortorun.pl\/#\/schema\/logo\/image\/","url":"https:\/\/kreatortorun.pl\/wp-content\/uploads\/2024\/02\/cropped-kreator-logo-favicon.png","contentUrl":"https:\/\/kreatortorun.pl\/wp-content\/uploads\/2024\/02\/cropped-kreator-logo-favicon.png","width":512,"height":512,"caption":"Kreator Toru\u0144"},"image":{"@id":"https:\/\/kreatortorun.pl\/#\/schema\/logo\/image\/"},"sameAs":["https:\/\/www.facebook.com\/torun.kreator","https:\/\/www.youtube.com\/@kreatortorun1862"]}]}},"_links":{"self":[{"href":"https:\/\/kreatortorun.pl\/en\/wp-json\/wp\/v2\/product\/20167","targetHints":{"allow":["GET"]}}],"collection":[{"href":"https:\/\/kreatortorun.pl\/en\/wp-json\/wp\/v2\/product"}],"about":[{"href":"https:\/\/kreatortorun.pl\/en\/wp-json\/wp\/v2\/types\/product"}],"wp:featuredmedia":[{"embeddable":true,"href":"https:\/\/kreatortorun.pl\/en\/wp-json\/wp\/v2\/media\/18618"}],"wp:attachment":[{"href":"https:\/\/kreatortorun.pl\/en\/wp-json\/wp\/v2\/media?parent=20167"}],"wp:term":[{"taxonomy":"product_brand","embeddable":true,"href":"https:\/\/kreatortorun.pl\/en\/wp-json\/wp\/v2\/product_brand?post=20167"},{"taxonomy":"product_cat","embeddable":true,"href":"https:\/\/kreatortorun.pl\/en\/wp-json\/wp\/v2\/product_cat?post=20167"},{"taxonomy":"product_tag","embeddable":true,"href":"https:\/\/kreatortorun.pl\/en\/wp-json\/wp\/v2\/product_tag?post=20167"}],"curies":[{"name":"wp","href":"https:\/\/api.w.org\/{rel}","templated":true}]}}