{"id":20191,"date":"2025-05-06T10:26:54","date_gmt":"2025-05-06T10:26:54","guid":{"rendered":"https:\/\/kreatortorun.pl\/?post_type=product&#038;p=20191"},"modified":"2025-10-07T08:13:03","modified_gmt":"2025-10-07T08:13:03","slug":"special-purpose-suit-1-24","status":"publish","type":"product","link":"https:\/\/kreatortorun.pl\/en\/produkt\/special-purpose-suit-1-24\/","title":{"rendered":"Special purpose suit 1\/24"},"content":{"rendered":"<h1 style=\"font-weight: 400; text-align: justify;\">One-piece special suit for intervention units and counterterrorist units of uniformed services.<\/h1>\n<p style=\"text-align: justify;\">Combat suit with hood &#8211; in the version made of flame-retardant fabric, may come into contact with pyrotechnic materials.<\/p>\n<h3><\/h3>\n<p>&nbsp;<\/p>\n<h3 style=\"text-align: justify;\">Special forces suit functionalities:<\/h3>\n<ul style=\"text-align: justify;\">\n<li><span class=\"Y2IQFc\" lang=\"en\">Attachable hood for wearing over a helmet and gas mask. <\/span><\/li>\n<li>\n<p id=\"tw-target-text\" class=\"tw-data-text tw-text-large tw-ta\" dir=\"ltr\" data-placeholder=\"T\u0142umaczenie\" data-ved=\"2ahUKEwj8mM-kyo6NAxX7SPEDHeisNMkQ3ewLegQICBAV\" aria-label=\"Przet\u0142umaczony tekst: Attachable hood for wearing over a helmet and gas mask. Adjustable sleeve circumference at the wrist, leg, knee and waist. Several ventilation options: in the back vents, under the armpits and in the crotch, as well as in the zipped pockets and on the sleeves. Reinforcement patches in critical areas (elbows, knees and crotch). Several functional pockets + cargo pockets + pockets for dressings\/handcuffs + pockets for protective inserts. Internal organizer for a knife, telescopic baton or flashlight in the pocket, and for an M16 carbine magazine or a large smartphone. Evacuation handle. Military combat suit available in various color and material options:\"><span class=\"Y2IQFc\" lang=\"en\">Adjustable sleeve circumference at the wrist, leg, knee and waist. <\/span><\/p>\n<\/li>\n<li>\n<p id=\"tw-target-text\" class=\"tw-data-text tw-text-large tw-ta\" dir=\"ltr\" data-placeholder=\"T\u0142umaczenie\" data-ved=\"2ahUKEwj8mM-kyo6NAxX7SPEDHeisNMkQ3ewLegQICBAV\" aria-label=\"Przet\u0142umaczony tekst: Attachable hood for wearing over a helmet and gas mask. Adjustable sleeve circumference at the wrist, leg, knee and waist. Several ventilation options: in the back vents, under the armpits and in the crotch, as well as in the zipped pockets and on the sleeves. Reinforcement patches in critical areas (elbows, knees and crotch). Several functional pockets + cargo pockets + pockets for dressings\/handcuffs + pockets for protective inserts. Internal organizer for a knife, telescopic baton or flashlight in the pocket, and for an M16 carbine magazine or a large smartphone. Evacuation handle. Military combat suit available in various color and material options:\"><span class=\"Y2IQFc\" lang=\"en\">Several ventilation options: in the back vents, under the armpits and in the crotch, as well as in the zipped pockets and on the sleeves. <\/span><\/p>\n<\/li>\n<li>\n<p id=\"tw-target-text\" class=\"tw-data-text tw-text-large tw-ta\" dir=\"ltr\" data-placeholder=\"T\u0142umaczenie\" data-ved=\"2ahUKEwj8mM-kyo6NAxX7SPEDHeisNMkQ3ewLegQICBAV\" aria-label=\"Przet\u0142umaczony tekst: Attachable hood for wearing over a helmet and gas mask. Adjustable sleeve circumference at the wrist, leg, knee and waist. Several ventilation options: in the back vents, under the armpits and in the crotch, as well as in the zipped pockets and on the sleeves. Reinforcement patches in critical areas (elbows, knees and crotch). Several functional pockets + cargo pockets + pockets for dressings\/handcuffs + pockets for protective inserts. Internal organizer for a knife, telescopic baton or flashlight in the pocket, and for an M16 carbine magazine or a large smartphone. Evacuation handle. Military combat suit available in various color and material options:\"><span class=\"Y2IQFc\" lang=\"en\">Reinforcement patches in critical areas (elbows, knees and crotch). <\/span><\/p>\n<\/li>\n<li>\n<p id=\"tw-target-text\" class=\"tw-data-text tw-text-large tw-ta\" dir=\"ltr\" data-placeholder=\"T\u0142umaczenie\" data-ved=\"2ahUKEwj8mM-kyo6NAxX7SPEDHeisNMkQ3ewLegQICBAV\" aria-label=\"Przet\u0142umaczony tekst: Attachable hood for wearing over a helmet and gas mask. Adjustable sleeve circumference at the wrist, leg, knee and waist. Several ventilation options: in the back vents, under the armpits and in the crotch, as well as in the zipped pockets and on the sleeves. Reinforcement patches in critical areas (elbows, knees and crotch). Several functional pockets + cargo pockets + pockets for dressings\/handcuffs + pockets for protective inserts. Internal organizer for a knife, telescopic baton or flashlight in the pocket, and for an M16 carbine magazine or a large smartphone. Evacuation handle. Military combat suit available in various color and material options:\"><span class=\"Y2IQFc\" lang=\"en\">Several functional pockets + cargo pockets + pockets for dressings\/handcuffs + pockets for protective inserts. Internal organizer for a knife, telescopic baton or flashlight in the pocket, and for an M16 carbine magazine or a large smartphone. <\/span><\/p>\n<\/li>\n<li>\n<p id=\"tw-target-text\" class=\"tw-data-text tw-text-large tw-ta\" dir=\"ltr\" data-placeholder=\"T\u0142umaczenie\" data-ved=\"2ahUKEwj8mM-kyo6NAxX7SPEDHeisNMkQ3ewLegQICBAV\" aria-label=\"Przet\u0142umaczony tekst: Attachable hood for wearing over a helmet and gas mask. Adjustable sleeve circumference at the wrist, leg, knee and waist. Several ventilation options: in the back vents, under the armpits and in the crotch, as well as in the zipped pockets and on the sleeves. Reinforcement patches in critical areas (elbows, knees and crotch). Several functional pockets + cargo pockets + pockets for dressings\/handcuffs + pockets for protective inserts. Internal organizer for a knife, telescopic baton or flashlight in the pocket, and for an M16 carbine magazine or a large smartphone. Evacuation handle. Military combat suit available in various color and material options:\"><span class=\"Y2IQFc\" lang=\"en\">Evacuation handle. <\/span><\/p>\n<\/li>\n<li>\n<p id=\"tw-target-text\" class=\"tw-data-text tw-text-large tw-ta\" dir=\"ltr\" data-placeholder=\"T\u0142umaczenie\" data-ved=\"2ahUKEwj8mM-kyo6NAxX7SPEDHeisNMkQ3ewLegQICBAV\" aria-label=\"Przet\u0142umaczony tekst: Attachable hood for wearing over a helmet and gas mask. Adjustable sleeve circumference at the wrist, leg, knee and waist. Several ventilation options: in the back vents, under the armpits and in the crotch, as well as in the zipped pockets and on the sleeves. Reinforcement patches in critical areas (elbows, knees and crotch). Several functional pockets + cargo pockets + pockets for dressings\/handcuffs + pockets for protective inserts. Internal organizer for a knife, telescopic baton or flashlight in the pocket, and for an M16 carbine magazine or a large smartphone. Evacuation handle. Military combat suit available in various color and material options:\"><span class=\"Y2IQFc\" lang=\"en\">Military combat suit available in various color and material options:<\/span><\/p>\n<\/li>\n<\/ul>\n<p style=\"text-align: justify;\">&#8211; <strong>Nomex, FR:<\/strong> Multicam\u00ae, Capulet Olive, Onyx Black, other\u00a0colors available on request.<\/p>\n<p style=\"text-align: justify;\">&#8211; <strong>Cordura\u00ae, No melt no drip, RipStop, IRR:<\/strong> Multicam\u00ae, Capulet Olive, Onyx Black, Ranger Green, Coyote Brown, Wolf Grey, Navy Blue, other\u00a0colors available on request.<\/p>\n","protected":false},"excerpt":{"rendered":"<p style=\"font-weight: 400; text-align: justify;\"><strong>One-piece special suit with attached hood, for counter-terrorist and intervention units, among others.<\/strong><\/p>\n<p style=\"font-weight: 400; text-align: justify;\"><strong>A combat suit made of flame-retardant fabric may come into contact with pyrotechnic materials.<\/strong><\/p>\n<p style=\"text-align: justify;\">Available color and material options:<\/p>\n<ul style=\"text-align: justify;\">\n<li><strong>Nomex, FR: <\/strong>Multicam\u00ae, Capulet Olive, Onyx Black, other\u00a0colors available on request.<\/li>\n<\/ul>\n<ul style=\"text-align: justify;\">\n<li><strong>Cordura\u00ae, No melt no drip, RipStop, IRR: <\/strong>Multicam\u00ae, Capulet Olive, Onyx Black, Ranger Green, Coyote Brown, Wolf Grey, Navy Blue, other\u00a0colors available on request.<\/li>\n<\/ul>\n<p>On request only: <strong><span style=\"color: #d83131;\"><a href=\"tel: +48604117337\">+48 604 117 337<\/a><\/span><\/strong><\/p>\n<p>or <a href=\"mailto:j.dabrowski@kreatortorun.pl\" class=\"button alert is-alert is-medium\" >\n\t\t<span>ASK<\/span>\n\t<\/a>\n\n<p>Possibility of preparing the suit for the specific needs of the user.<\/p>\n","protected":false},"featured_media":18724,"template":"","meta":[],"product_brand":[],"product_cat":[85],"product_tag":[],"class_list":{"0":"post-20191","1":"product","2":"type-product","3":"status-publish","4":"has-post-thumbnail","6":"product_cat-wojska-ladowe","7":"pa_data-90-dni","9":"first","10":"onbackorder","11":"taxable","12":"shipping-taxable","13":"product-type-simple"},"yoast_head":"<!-- This site is optimized with the Yoast SEO plugin v27.3 - https:\/\/yoast.com\/product\/yoast-seo-wordpress\/ -->\n<title>Special purpose suit 1\/24 - Kreator Toru\u0144<\/title>\n<meta name=\"description\" content=\"The special combat suit will work best as a tactical suit and flame-retardant suit for implementation units of uniformed services.\" \/>\n<meta name=\"robots\" content=\"index, follow, max-snippet:-1, max-image-preview:large, max-video-preview:-1\" \/>\n<link rel=\"canonical\" href=\"https:\/\/kreatortorun.pl\/produkt\/special-purpose-suit-1-24\/\" \/>\n<meta property=\"og:locale\" content=\"en_US\" \/>\n<meta property=\"og:type\" content=\"article\" \/>\n<meta property=\"og:title\" content=\"Special purpose suit 1\/24 - Kreator Toru\u0144\" \/>\n<meta property=\"og:description\" content=\"The special combat suit will work best as a tactical suit and flame-retardant suit for implementation units of uniformed services.\" \/>\n<meta property=\"og:url\" content=\"https:\/\/kreatortorun.pl\/produkt\/special-purpose-suit-1-24\/\" \/>\n<meta property=\"og:site_name\" content=\"Kreator Toru\u0144\" \/>\n<meta property=\"article:publisher\" content=\"https:\/\/www.facebook.com\/torun.kreator\" \/>\n<meta property=\"article:modified_time\" content=\"2025-10-07T08:13:03+00:00\" \/>\n<meta property=\"og:image\" content=\"https:\/\/kreatortorun.pl\/wp-content\/uploads\/2025\/03\/kombinezon-front-1.jpg\" \/>\n\t<meta property=\"og:image:width\" content=\"800\" \/>\n\t<meta property=\"og:image:height\" content=\"800\" \/>\n\t<meta property=\"og:image:type\" content=\"image\/jpeg\" \/>\n<meta name=\"twitter:card\" content=\"summary_large_image\" \/>\n<meta name=\"twitter:label1\" content=\"Est. reading time\" \/>\n\t<meta name=\"twitter:data1\" content=\"2 minutes\" \/>\n<script type=\"application\/ld+json\" class=\"yoast-schema-graph\">{\"@context\":\"https:\\\/\\\/schema.org\",\"@graph\":[{\"@type\":\"WebPage\",\"@id\":\"https:\\\/\\\/kreatortorun.pl\\\/produkt\\\/special-purpose-suit-1-24\\\/\",\"url\":\"https:\\\/\\\/kreatortorun.pl\\\/produkt\\\/special-purpose-suit-1-24\\\/\",\"name\":\"Special purpose suit 1\\\/24 - Kreator Toru\u0144\",\"isPartOf\":{\"@id\":\"https:\\\/\\\/kreatortorun.pl\\\/#website\"},\"primaryImageOfPage\":{\"@id\":\"https:\\\/\\\/kreatortorun.pl\\\/produkt\\\/special-purpose-suit-1-24\\\/#primaryimage\"},\"image\":{\"@id\":\"https:\\\/\\\/kreatortorun.pl\\\/produkt\\\/special-purpose-suit-1-24\\\/#primaryimage\"},\"thumbnailUrl\":\"https:\\\/\\\/kreatortorun.pl\\\/wp-content\\\/uploads\\\/2025\\\/03\\\/kombinezon-front-1.jpg\",\"datePublished\":\"2025-05-06T10:26:54+00:00\",\"dateModified\":\"2025-10-07T08:13:03+00:00\",\"description\":\"The special combat suit will work best as a tactical suit and flame-retardant suit for implementation units of uniformed services.\",\"breadcrumb\":{\"@id\":\"https:\\\/\\\/kreatortorun.pl\\\/produkt\\\/special-purpose-suit-1-24\\\/#breadcrumb\"},\"inLanguage\":\"en-US\",\"potentialAction\":[{\"@type\":\"ReadAction\",\"target\":[\"https:\\\/\\\/kreatortorun.pl\\\/produkt\\\/special-purpose-suit-1-24\\\/\"]}]},{\"@type\":\"ImageObject\",\"inLanguage\":\"en-US\",\"@id\":\"https:\\\/\\\/kreatortorun.pl\\\/produkt\\\/special-purpose-suit-1-24\\\/#primaryimage\",\"url\":\"https:\\\/\\\/kreatortorun.pl\\\/wp-content\\\/uploads\\\/2025\\\/03\\\/kombinezon-front-1.jpg\",\"contentUrl\":\"https:\\\/\\\/kreatortorun.pl\\\/wp-content\\\/uploads\\\/2025\\\/03\\\/kombinezon-front-1.jpg\",\"width\":800,\"height\":800,\"caption\":\"kombinezon specjalny\"},{\"@type\":\"BreadcrumbList\",\"@id\":\"https:\\\/\\\/kreatortorun.pl\\\/produkt\\\/special-purpose-suit-1-24\\\/#breadcrumb\",\"itemListElement\":[{\"@type\":\"ListItem\",\"position\":1,\"name\":\"Strona g\u0142\u00f3wna\",\"item\":\"https:\\\/\\\/kreatortorun.pl\\\/en\\\/\"},{\"@type\":\"ListItem\",\"position\":2,\"name\":\"Shop\",\"item\":\"https:\\\/\\\/kreatortorun.pl\\\/en\\\/shop\\\/\"},{\"@type\":\"ListItem\",\"position\":3,\"name\":\"Special purpose suit 1\\\/24\"}]},{\"@type\":\"WebSite\",\"@id\":\"https:\\\/\\\/kreatortorun.pl\\\/#website\",\"url\":\"https:\\\/\\\/kreatortorun.pl\\\/\",\"name\":\"Kreator Toru\u0144\",\"description\":\"Producent mundur\u00f3w, kombinezon\u00f3w i odzie\u017cy taktycznej\",\"publisher\":{\"@id\":\"https:\\\/\\\/kreatortorun.pl\\\/#organization\"},\"potentialAction\":[{\"@type\":\"SearchAction\",\"target\":{\"@type\":\"EntryPoint\",\"urlTemplate\":\"https:\\\/\\\/kreatortorun.pl\\\/?s={search_term_string}\"},\"query-input\":{\"@type\":\"PropertyValueSpecification\",\"valueRequired\":true,\"valueName\":\"search_term_string\"}}],\"inLanguage\":\"en-US\"},{\"@type\":\"Organization\",\"@id\":\"https:\\\/\\\/kreatortorun.pl\\\/#organization\",\"name\":\"Kreator Toru\u0144\",\"url\":\"https:\\\/\\\/kreatortorun.pl\\\/\",\"logo\":{\"@type\":\"ImageObject\",\"inLanguage\":\"en-US\",\"@id\":\"https:\\\/\\\/kreatortorun.pl\\\/#\\\/schema\\\/logo\\\/image\\\/\",\"url\":\"https:\\\/\\\/kreatortorun.pl\\\/wp-content\\\/uploads\\\/2024\\\/02\\\/cropped-kreator-logo-favicon.png\",\"contentUrl\":\"https:\\\/\\\/kreatortorun.pl\\\/wp-content\\\/uploads\\\/2024\\\/02\\\/cropped-kreator-logo-favicon.png\",\"width\":512,\"height\":512,\"caption\":\"Kreator Toru\u0144\"},\"image\":{\"@id\":\"https:\\\/\\\/kreatortorun.pl\\\/#\\\/schema\\\/logo\\\/image\\\/\"},\"sameAs\":[\"https:\\\/\\\/www.facebook.com\\\/torun.kreator\",\"https:\\\/\\\/www.youtube.com\\\/@kreatortorun1862\"]}]}<\/script>\n<!-- \/ Yoast SEO plugin. -->","yoast_head_json":{"title":"Special purpose suit 1\/24 - Kreator Toru\u0144","description":"The special combat suit will work best as a tactical suit and flame-retardant suit for implementation units of uniformed services.","robots":{"index":"index","follow":"follow","max-snippet":"max-snippet:-1","max-image-preview":"max-image-preview:large","max-video-preview":"max-video-preview:-1"},"canonical":"https:\/\/kreatortorun.pl\/produkt\/special-purpose-suit-1-24\/","og_locale":"en_US","og_type":"article","og_title":"Special purpose suit 1\/24 - Kreator Toru\u0144","og_description":"The special combat suit will work best as a tactical suit and flame-retardant suit for implementation units of uniformed services.","og_url":"https:\/\/kreatortorun.pl\/produkt\/special-purpose-suit-1-24\/","og_site_name":"Kreator Toru\u0144","article_publisher":"https:\/\/www.facebook.com\/torun.kreator","article_modified_time":"2025-10-07T08:13:03+00:00","og_image":[{"width":800,"height":800,"url":"https:\/\/kreatortorun.pl\/wp-content\/uploads\/2025\/03\/kombinezon-front-1.jpg","type":"image\/jpeg"}],"twitter_card":"summary_large_image","twitter_misc":{"Est. reading time":"2 minutes"},"schema":{"@context":"https:\/\/schema.org","@graph":[{"@type":"WebPage","@id":"https:\/\/kreatortorun.pl\/produkt\/special-purpose-suit-1-24\/","url":"https:\/\/kreatortorun.pl\/produkt\/special-purpose-suit-1-24\/","name":"Special purpose suit 1\/24 - Kreator Toru\u0144","isPartOf":{"@id":"https:\/\/kreatortorun.pl\/#website"},"primaryImageOfPage":{"@id":"https:\/\/kreatortorun.pl\/produkt\/special-purpose-suit-1-24\/#primaryimage"},"image":{"@id":"https:\/\/kreatortorun.pl\/produkt\/special-purpose-suit-1-24\/#primaryimage"},"thumbnailUrl":"https:\/\/kreatortorun.pl\/wp-content\/uploads\/2025\/03\/kombinezon-front-1.jpg","datePublished":"2025-05-06T10:26:54+00:00","dateModified":"2025-10-07T08:13:03+00:00","description":"The special combat suit will work best as a tactical suit and flame-retardant suit for implementation units of uniformed services.","breadcrumb":{"@id":"https:\/\/kreatortorun.pl\/produkt\/special-purpose-suit-1-24\/#breadcrumb"},"inLanguage":"en-US","potentialAction":[{"@type":"ReadAction","target":["https:\/\/kreatortorun.pl\/produkt\/special-purpose-suit-1-24\/"]}]},{"@type":"ImageObject","inLanguage":"en-US","@id":"https:\/\/kreatortorun.pl\/produkt\/special-purpose-suit-1-24\/#primaryimage","url":"https:\/\/kreatortorun.pl\/wp-content\/uploads\/2025\/03\/kombinezon-front-1.jpg","contentUrl":"https:\/\/kreatortorun.pl\/wp-content\/uploads\/2025\/03\/kombinezon-front-1.jpg","width":800,"height":800,"caption":"kombinezon specjalny"},{"@type":"BreadcrumbList","@id":"https:\/\/kreatortorun.pl\/produkt\/special-purpose-suit-1-24\/#breadcrumb","itemListElement":[{"@type":"ListItem","position":1,"name":"Strona g\u0142\u00f3wna","item":"https:\/\/kreatortorun.pl\/en\/"},{"@type":"ListItem","position":2,"name":"Shop","item":"https:\/\/kreatortorun.pl\/en\/shop\/"},{"@type":"ListItem","position":3,"name":"Special purpose suit 1\/24"}]},{"@type":"WebSite","@id":"https:\/\/kreatortorun.pl\/#website","url":"https:\/\/kreatortorun.pl\/","name":"Kreator Toru\u0144","description":"Producent mundur\u00f3w, kombinezon\u00f3w i odzie\u017cy taktycznej","publisher":{"@id":"https:\/\/kreatortorun.pl\/#organization"},"potentialAction":[{"@type":"SearchAction","target":{"@type":"EntryPoint","urlTemplate":"https:\/\/kreatortorun.pl\/?s={search_term_string}"},"query-input":{"@type":"PropertyValueSpecification","valueRequired":true,"valueName":"search_term_string"}}],"inLanguage":"en-US"},{"@type":"Organization","@id":"https:\/\/kreatortorun.pl\/#organization","name":"Kreator Toru\u0144","url":"https:\/\/kreatortorun.pl\/","logo":{"@type":"ImageObject","inLanguage":"en-US","@id":"https:\/\/kreatortorun.pl\/#\/schema\/logo\/image\/","url":"https:\/\/kreatortorun.pl\/wp-content\/uploads\/2024\/02\/cropped-kreator-logo-favicon.png","contentUrl":"https:\/\/kreatortorun.pl\/wp-content\/uploads\/2024\/02\/cropped-kreator-logo-favicon.png","width":512,"height":512,"caption":"Kreator Toru\u0144"},"image":{"@id":"https:\/\/kreatortorun.pl\/#\/schema\/logo\/image\/"},"sameAs":["https:\/\/www.facebook.com\/torun.kreator","https:\/\/www.youtube.com\/@kreatortorun1862"]}]}},"_links":{"self":[{"href":"https:\/\/kreatortorun.pl\/en\/wp-json\/wp\/v2\/product\/20191","targetHints":{"allow":["GET"]}}],"collection":[{"href":"https:\/\/kreatortorun.pl\/en\/wp-json\/wp\/v2\/product"}],"about":[{"href":"https:\/\/kreatortorun.pl\/en\/wp-json\/wp\/v2\/types\/product"}],"wp:featuredmedia":[{"embeddable":true,"href":"https:\/\/kreatortorun.pl\/en\/wp-json\/wp\/v2\/media\/18724"}],"wp:attachment":[{"href":"https:\/\/kreatortorun.pl\/en\/wp-json\/wp\/v2\/media?parent=20191"}],"wp:term":[{"taxonomy":"product_brand","embeddable":true,"href":"https:\/\/kreatortorun.pl\/en\/wp-json\/wp\/v2\/product_brand?post=20191"},{"taxonomy":"product_cat","embeddable":true,"href":"https:\/\/kreatortorun.pl\/en\/wp-json\/wp\/v2\/product_cat?post=20191"},{"taxonomy":"product_tag","embeddable":true,"href":"https:\/\/kreatortorun.pl\/en\/wp-json\/wp\/v2\/product_tag?post=20191"}],"curies":[{"name":"wp","href":"https:\/\/api.w.org\/{rel}","templated":true}]}}