{"id":20199,"date":"2025-05-06T11:01:12","date_gmt":"2025-05-06T11:01:12","guid":{"rendered":"https:\/\/kreatortorun.pl\/?post_type=product&#038;p=20199"},"modified":"2025-10-08T08:39:17","modified_gmt":"2025-10-08T08:39:17","slug":"search-and-rescue-suit","status":"publish","type":"product","link":"https:\/\/kreatortorun.pl\/en\/produkt\/search-and-rescue-suit\/","title":{"rendered":"Search and rescue suit"},"content":{"rendered":"<h1 style=\"font-weight: 400; text-align: justify;\">One-piece rescue suit for Search and Rescue Groups (GPR, GRW, ZPHM, USAR\/MUSAR\/HUSAR).<\/h1>\n<p id=\"tw-target-text\" class=\"tw-data-text tw-text-large tw-ta\" dir=\"ltr\" data-placeholder=\"T\u0142umaczenie\" data-ved=\"2ahUKEwjnwrX0qLyOAxUsR_EDHbYeDwIQ3ewLegQICRAV\" aria-label=\"Przet\u0142umaczony tekst: A modern rescue suit designed for search and rescue teams, specialist rescue units, fire brigades, technical rescue teams and special forces operating in difficult terrain and urban conditions.\"><span class=\"Y2IQFc\" lang=\"en\">A modern PREMIUM rescue suit designed for search and rescue teams, specialist rescue units, fire brigades, technical rescue teams and special forces operating in difficult terrain and urban conditions.<\/span><\/p>\n<p style=\"text-align: justify;\"><span class=\"Y2IQFc\" lang=\"en\">Equipped with numerous pockets, reinforcements and reflective elements, it provides full comfort and safety during operations in rubble and urban areas. Durable construction made of materials resistant to various weather conditions and mechanical damage, as well as an ergonomic cut, make it a reliable choice for specialist rescue services.<\/span><\/p>\n<p>&nbsp;<\/p>\n<h3><strong>Functionalities of the USAR special suit:<\/strong><\/h3>\n<ul style=\"text-align: justify;\">\n<li><span class=\"Y2IQFc\" lang=\"en\">Adjustable, hidden in the collar, hood for wearing over a helmet with goggles (e.g. Pacific F7) and a gas mask (or option without hood).<\/span><\/li>\n<li><span class=\"Y2IQFc\" lang=\"en\">Adjustable circumference (at the wrists, legs, knees and waist). <\/span><\/li>\n<li><span class=\"Y2IQFc\" lang=\"en\">Several ventilation options: in the back vents, under the armpits and in the crotch, in pockets with zippers and on the sleeves. <\/span><\/li>\n<li><span class=\"Y2IQFc\" lang=\"en\">Reinforcing Cordura\u00ae patches in critical areas (elbows and knees). <\/span><\/li>\n<li><span class=\"Y2IQFc\" lang=\"en\">Several functional pockets &#8211; also with double access: for a radio station, cargo, dressings, a map on the back and for protective inserts (in the elbows and knees). Internal organizer for a flashlight or large smartphone in one of the pockets. <\/span><\/li>\n<li><span class=\"Y2IQFc\" lang=\"en\">Functional zippers with handles (including in the legs for comfortable dressing in shoes). <\/span><\/li>\n<li><span class=\"Y2IQFc\" lang=\"en\">Evacuation handles on the back and legs. <\/span><\/li>\n<li><span class=\"Y2IQFc\" lang=\"en\">Dedicated shoe hooks and holders for a chemical light and radio. <\/span><\/li>\n<li><span class=\"Y2IQFc\" lang=\"en\">Reflective tapes, Molle straps and Velcro for emblems and identification labels. <\/span><\/li>\n<li><span class=\"Y2IQFc\" lang=\"en\">Rescue suit available in various color and material options:<\/span><\/li>\n<\/ul>\n<p style=\"text-align: justify;\">&#8211; <strong>Nomex, FR:<\/strong> Capulet Olive (as pictured), Onyx Black, other colors available upon request.<\/p>\n<p style=\"text-align: justify;\">&#8211; <strong>Cordura\u00ae, No melt no drip, RipStop:<\/strong> Orange, Sand or Wolf Grey (as pictured), Capulet Olive, Onyx Black, Ranger Green, Coyote Brown, Navy Blue, Other colors available upon request.<\/p>\n","protected":false},"excerpt":{"rendered":"<p style=\"font-weight: 400; text-align: justify;\"><strong>One-piece suit for Search and Rescue Groups &#8211; designed for technical operations, in rubble, tunnels and other difficult conditions.<br \/>\n<\/strong><\/p>\n<p style=\"font-weight: 400; text-align: justify;\"><strong>Rescue suit with helmet hood, ventilation, adjustments and Cordura\u00ae reinforcements.<\/strong><\/p>\n<p style=\"text-align: justify;\">Available color and material options:<\/p>\n<ul style=\"text-align: justify;\">\n<li><strong>Nomex, FR: <\/strong>Capulet Olive (as pictured), Onyx Black, other colors available upon request.<\/li>\n<\/ul>\n<ul style=\"text-align: justify;\">\n<li><strong>Cordura\u00ae, No melt no drip, RipStop: <\/strong>Orange, Sand or Wolf Grey (as pictured), Capulet Olive, Onyx Black, Ranger Green, Coyote Brown, Navy Blue, other colors available upon request.<\/li>\n<\/ul>\n<p>On request only: <strong><span style=\"color: #d83131;\"><a href=\"tel: +48604117337\">+48 604 117 337<\/a><\/span><\/strong><\/p>\n<p>or <a href=\"mailto:j.dabrowski@kreatortorun.pl\" class=\"button alert is-alert is-medium\" >\n\t\t<span>ASK<\/span>\n\t<\/a>\n\n<p>Possibility of preparing the suit for the specific needs of the user.<\/p>\n","protected":false},"featured_media":21642,"template":"","meta":[],"product_brand":[],"product_cat":[85],"product_tag":[],"class_list":{"0":"post-20199","1":"product","2":"type-product","3":"status-publish","4":"has-post-thumbnail","6":"product_cat-wojska-ladowe","7":"pa_data-90-dni","9":"first","10":"onbackorder","11":"taxable","12":"shipping-taxable","13":"product-type-simple"},"yoast_head":"<!-- This site is optimized with the Yoast SEO plugin v27.3 - https:\/\/yoast.com\/product\/yoast-seo-wordpress\/ -->\n<title>Search and rescue suit - Kreator Toru\u0144<\/title>\n<meta name=\"description\" content=\"USAR model suit for Search and Rescue Groups and technical operations, in rubble, tunnels and other difficult conditions.\" \/>\n<meta name=\"robots\" content=\"index, follow, max-snippet:-1, max-image-preview:large, max-video-preview:-1\" \/>\n<link rel=\"canonical\" href=\"https:\/\/kreatortorun.pl\/produkt\/search-and-rescue-suit\/\" \/>\n<meta property=\"og:locale\" content=\"en_US\" \/>\n<meta property=\"og:type\" content=\"article\" \/>\n<meta property=\"og:title\" content=\"Search and rescue suit - Kreator Toru\u0144\" \/>\n<meta property=\"og:description\" content=\"USAR model suit for Search and Rescue Groups and technical operations, in rubble, tunnels and other difficult conditions.\" \/>\n<meta property=\"og:url\" content=\"https:\/\/kreatortorun.pl\/produkt\/search-and-rescue-suit\/\" \/>\n<meta property=\"og:site_name\" content=\"Kreator Toru\u0144\" \/>\n<meta property=\"article:publisher\" content=\"https:\/\/www.facebook.com\/torun.kreator\" \/>\n<meta property=\"article:modified_time\" content=\"2025-10-08T08:39:17+00:00\" \/>\n<meta property=\"og:image\" content=\"https:\/\/kreatortorun.pl\/wp-content\/uploads\/2025\/05\/szary-i-pom-glowy-3b.jpg\" \/>\n\t<meta property=\"og:image:width\" content=\"1024\" \/>\n\t<meta property=\"og:image:height\" content=\"1024\" \/>\n\t<meta property=\"og:image:type\" content=\"image\/jpeg\" \/>\n<meta name=\"twitter:card\" content=\"summary_large_image\" \/>\n<meta name=\"twitter:label1\" content=\"Est. reading time\" \/>\n\t<meta name=\"twitter:data1\" content=\"2 minutes\" \/>\n<script type=\"application\/ld+json\" class=\"yoast-schema-graph\">{\"@context\":\"https:\\\/\\\/schema.org\",\"@graph\":[{\"@type\":\"WebPage\",\"@id\":\"https:\\\/\\\/kreatortorun.pl\\\/produkt\\\/search-and-rescue-suit\\\/\",\"url\":\"https:\\\/\\\/kreatortorun.pl\\\/produkt\\\/search-and-rescue-suit\\\/\",\"name\":\"Search and rescue suit - Kreator Toru\u0144\",\"isPartOf\":{\"@id\":\"https:\\\/\\\/kreatortorun.pl\\\/#website\"},\"primaryImageOfPage\":{\"@id\":\"https:\\\/\\\/kreatortorun.pl\\\/produkt\\\/search-and-rescue-suit\\\/#primaryimage\"},\"image\":{\"@id\":\"https:\\\/\\\/kreatortorun.pl\\\/produkt\\\/search-and-rescue-suit\\\/#primaryimage\"},\"thumbnailUrl\":\"https:\\\/\\\/kreatortorun.pl\\\/wp-content\\\/uploads\\\/2025\\\/05\\\/szary-i-pom-glowy-3b.jpg\",\"datePublished\":\"2025-05-06T11:01:12+00:00\",\"dateModified\":\"2025-10-08T08:39:17+00:00\",\"description\":\"USAR model suit for Search and Rescue Groups and technical operations, in rubble, tunnels and other difficult conditions.\",\"breadcrumb\":{\"@id\":\"https:\\\/\\\/kreatortorun.pl\\\/produkt\\\/search-and-rescue-suit\\\/#breadcrumb\"},\"inLanguage\":\"en-US\",\"potentialAction\":[{\"@type\":\"ReadAction\",\"target\":[\"https:\\\/\\\/kreatortorun.pl\\\/produkt\\\/search-and-rescue-suit\\\/\"]}]},{\"@type\":\"ImageObject\",\"inLanguage\":\"en-US\",\"@id\":\"https:\\\/\\\/kreatortorun.pl\\\/produkt\\\/search-and-rescue-suit\\\/#primaryimage\",\"url\":\"https:\\\/\\\/kreatortorun.pl\\\/wp-content\\\/uploads\\\/2025\\\/05\\\/szary-i-pom-glowy-3b.jpg\",\"contentUrl\":\"https:\\\/\\\/kreatortorun.pl\\\/wp-content\\\/uploads\\\/2025\\\/05\\\/szary-i-pom-glowy-3b.jpg\",\"width\":1024,\"height\":1024},{\"@type\":\"BreadcrumbList\",\"@id\":\"https:\\\/\\\/kreatortorun.pl\\\/produkt\\\/search-and-rescue-suit\\\/#breadcrumb\",\"itemListElement\":[{\"@type\":\"ListItem\",\"position\":1,\"name\":\"Strona g\u0142\u00f3wna\",\"item\":\"https:\\\/\\\/kreatortorun.pl\\\/en\\\/\"},{\"@type\":\"ListItem\",\"position\":2,\"name\":\"Shop\",\"item\":\"https:\\\/\\\/kreatortorun.pl\\\/en\\\/shop\\\/\"},{\"@type\":\"ListItem\",\"position\":3,\"name\":\"Search and rescue suit\"}]},{\"@type\":\"WebSite\",\"@id\":\"https:\\\/\\\/kreatortorun.pl\\\/#website\",\"url\":\"https:\\\/\\\/kreatortorun.pl\\\/\",\"name\":\"Kreator Toru\u0144\",\"description\":\"Producent mundur\u00f3w, kombinezon\u00f3w i odzie\u017cy taktycznej\",\"publisher\":{\"@id\":\"https:\\\/\\\/kreatortorun.pl\\\/#organization\"},\"potentialAction\":[{\"@type\":\"SearchAction\",\"target\":{\"@type\":\"EntryPoint\",\"urlTemplate\":\"https:\\\/\\\/kreatortorun.pl\\\/?s={search_term_string}\"},\"query-input\":{\"@type\":\"PropertyValueSpecification\",\"valueRequired\":true,\"valueName\":\"search_term_string\"}}],\"inLanguage\":\"en-US\"},{\"@type\":\"Organization\",\"@id\":\"https:\\\/\\\/kreatortorun.pl\\\/#organization\",\"name\":\"Kreator Toru\u0144\",\"url\":\"https:\\\/\\\/kreatortorun.pl\\\/\",\"logo\":{\"@type\":\"ImageObject\",\"inLanguage\":\"en-US\",\"@id\":\"https:\\\/\\\/kreatortorun.pl\\\/#\\\/schema\\\/logo\\\/image\\\/\",\"url\":\"https:\\\/\\\/kreatortorun.pl\\\/wp-content\\\/uploads\\\/2024\\\/02\\\/cropped-kreator-logo-favicon.png\",\"contentUrl\":\"https:\\\/\\\/kreatortorun.pl\\\/wp-content\\\/uploads\\\/2024\\\/02\\\/cropped-kreator-logo-favicon.png\",\"width\":512,\"height\":512,\"caption\":\"Kreator Toru\u0144\"},\"image\":{\"@id\":\"https:\\\/\\\/kreatortorun.pl\\\/#\\\/schema\\\/logo\\\/image\\\/\"},\"sameAs\":[\"https:\\\/\\\/www.facebook.com\\\/torun.kreator\",\"https:\\\/\\\/www.youtube.com\\\/@kreatortorun1862\"]}]}<\/script>\n<!-- \/ Yoast SEO plugin. -->","yoast_head_json":{"title":"Search and rescue suit - Kreator Toru\u0144","description":"USAR model suit for Search and Rescue Groups and technical operations, in rubble, tunnels and other difficult conditions.","robots":{"index":"index","follow":"follow","max-snippet":"max-snippet:-1","max-image-preview":"max-image-preview:large","max-video-preview":"max-video-preview:-1"},"canonical":"https:\/\/kreatortorun.pl\/produkt\/search-and-rescue-suit\/","og_locale":"en_US","og_type":"article","og_title":"Search and rescue suit - Kreator Toru\u0144","og_description":"USAR model suit for Search and Rescue Groups and technical operations, in rubble, tunnels and other difficult conditions.","og_url":"https:\/\/kreatortorun.pl\/produkt\/search-and-rescue-suit\/","og_site_name":"Kreator Toru\u0144","article_publisher":"https:\/\/www.facebook.com\/torun.kreator","article_modified_time":"2025-10-08T08:39:17+00:00","og_image":[{"width":1024,"height":1024,"url":"https:\/\/kreatortorun.pl\/wp-content\/uploads\/2025\/05\/szary-i-pom-glowy-3b.jpg","type":"image\/jpeg"}],"twitter_card":"summary_large_image","twitter_misc":{"Est. reading time":"2 minutes"},"schema":{"@context":"https:\/\/schema.org","@graph":[{"@type":"WebPage","@id":"https:\/\/kreatortorun.pl\/produkt\/search-and-rescue-suit\/","url":"https:\/\/kreatortorun.pl\/produkt\/search-and-rescue-suit\/","name":"Search and rescue suit - Kreator Toru\u0144","isPartOf":{"@id":"https:\/\/kreatortorun.pl\/#website"},"primaryImageOfPage":{"@id":"https:\/\/kreatortorun.pl\/produkt\/search-and-rescue-suit\/#primaryimage"},"image":{"@id":"https:\/\/kreatortorun.pl\/produkt\/search-and-rescue-suit\/#primaryimage"},"thumbnailUrl":"https:\/\/kreatortorun.pl\/wp-content\/uploads\/2025\/05\/szary-i-pom-glowy-3b.jpg","datePublished":"2025-05-06T11:01:12+00:00","dateModified":"2025-10-08T08:39:17+00:00","description":"USAR model suit for Search and Rescue Groups and technical operations, in rubble, tunnels and other difficult conditions.","breadcrumb":{"@id":"https:\/\/kreatortorun.pl\/produkt\/search-and-rescue-suit\/#breadcrumb"},"inLanguage":"en-US","potentialAction":[{"@type":"ReadAction","target":["https:\/\/kreatortorun.pl\/produkt\/search-and-rescue-suit\/"]}]},{"@type":"ImageObject","inLanguage":"en-US","@id":"https:\/\/kreatortorun.pl\/produkt\/search-and-rescue-suit\/#primaryimage","url":"https:\/\/kreatortorun.pl\/wp-content\/uploads\/2025\/05\/szary-i-pom-glowy-3b.jpg","contentUrl":"https:\/\/kreatortorun.pl\/wp-content\/uploads\/2025\/05\/szary-i-pom-glowy-3b.jpg","width":1024,"height":1024},{"@type":"BreadcrumbList","@id":"https:\/\/kreatortorun.pl\/produkt\/search-and-rescue-suit\/#breadcrumb","itemListElement":[{"@type":"ListItem","position":1,"name":"Strona g\u0142\u00f3wna","item":"https:\/\/kreatortorun.pl\/en\/"},{"@type":"ListItem","position":2,"name":"Shop","item":"https:\/\/kreatortorun.pl\/en\/shop\/"},{"@type":"ListItem","position":3,"name":"Search and rescue suit"}]},{"@type":"WebSite","@id":"https:\/\/kreatortorun.pl\/#website","url":"https:\/\/kreatortorun.pl\/","name":"Kreator Toru\u0144","description":"Producent mundur\u00f3w, kombinezon\u00f3w i odzie\u017cy taktycznej","publisher":{"@id":"https:\/\/kreatortorun.pl\/#organization"},"potentialAction":[{"@type":"SearchAction","target":{"@type":"EntryPoint","urlTemplate":"https:\/\/kreatortorun.pl\/?s={search_term_string}"},"query-input":{"@type":"PropertyValueSpecification","valueRequired":true,"valueName":"search_term_string"}}],"inLanguage":"en-US"},{"@type":"Organization","@id":"https:\/\/kreatortorun.pl\/#organization","name":"Kreator Toru\u0144","url":"https:\/\/kreatortorun.pl\/","logo":{"@type":"ImageObject","inLanguage":"en-US","@id":"https:\/\/kreatortorun.pl\/#\/schema\/logo\/image\/","url":"https:\/\/kreatortorun.pl\/wp-content\/uploads\/2024\/02\/cropped-kreator-logo-favicon.png","contentUrl":"https:\/\/kreatortorun.pl\/wp-content\/uploads\/2024\/02\/cropped-kreator-logo-favicon.png","width":512,"height":512,"caption":"Kreator Toru\u0144"},"image":{"@id":"https:\/\/kreatortorun.pl\/#\/schema\/logo\/image\/"},"sameAs":["https:\/\/www.facebook.com\/torun.kreator","https:\/\/www.youtube.com\/@kreatortorun1862"]}]}},"_links":{"self":[{"href":"https:\/\/kreatortorun.pl\/en\/wp-json\/wp\/v2\/product\/20199","targetHints":{"allow":["GET"]}}],"collection":[{"href":"https:\/\/kreatortorun.pl\/en\/wp-json\/wp\/v2\/product"}],"about":[{"href":"https:\/\/kreatortorun.pl\/en\/wp-json\/wp\/v2\/types\/product"}],"wp:featuredmedia":[{"embeddable":true,"href":"https:\/\/kreatortorun.pl\/en\/wp-json\/wp\/v2\/media\/21642"}],"wp:attachment":[{"href":"https:\/\/kreatortorun.pl\/en\/wp-json\/wp\/v2\/media?parent=20199"}],"wp:term":[{"taxonomy":"product_brand","embeddable":true,"href":"https:\/\/kreatortorun.pl\/en\/wp-json\/wp\/v2\/product_brand?post=20199"},{"taxonomy":"product_cat","embeddable":true,"href":"https:\/\/kreatortorun.pl\/en\/wp-json\/wp\/v2\/product_cat?post=20199"},{"taxonomy":"product_tag","embeddable":true,"href":"https:\/\/kreatortorun.pl\/en\/wp-json\/wp\/v2\/product_tag?post=20199"}],"curies":[{"name":"wp","href":"https:\/\/api.w.org\/{rel}","templated":true}]}}