{"id":22310,"date":"2025-09-08T12:50:38","date_gmt":"2025-09-08T12:50:38","guid":{"rendered":"https:\/\/kreatortorun.pl\/?post_type=product&#038;p=22310"},"modified":"2025-11-03T14:36:14","modified_gmt":"2025-11-03T14:36:14","slug":"mundur-galowy-damski-wl-108dm-mon-szyty-na-miare-nowy-wzor","status":"publish","type":"product","link":"https:\/\/kreatortorun.pl\/en\/produkt\/mundur-galowy-damski-wl-108dm-mon-szyty-na-miare-nowy-wzor\/","title":{"rendered":"Mundur galowy damski WL 108DM\/MON szyty na miar\u0119 (nowy wz\u00f3r)"},"content":{"rendered":"<h1>Mundur galowy damski Wojsk L\u0105dowych 108DM\/MON (nowy wz\u00f3r)<\/h1>\n<p>Mundur wykonany jest z tkaniny mundurowej w kolorze khaki i sk\u0142ada si\u0119 z 3 cz\u0119\u015bci:<\/p>\n<p style=\"text-align: justify;\"><strong>Kurtka munduru galowego damskiego Wojsk L\u0105dowych wz\u00f3r 108DM\/MON<\/strong><\/p>\n<p style=\"text-align: justify;\">Kurtka do munduru galowego damskiego WL wykonana jest z tkaniny w kolorze khaki. Kurtka jednorz\u0119dowa, z wyk\u0142adanym ko\u0142nierzem i wy\u0142ogami, zapinana jest na cztery guziki mundurowe. Spadziste ramiona kurtki wyr\u00f3wnane s\u0105 wk\u0142adami barkowymi. Na szwach ramieniowych umieszczone s\u0105 naramienniki, przesuni\u0119te lekko do przodu i wszyte w szew \u0142\u0105cz\u0105cy kraw\u0119dzie pach z kul\u0105 r\u0119kawa, zapinane na guziki mundurowe. Na linii klatki piersiowej naszyte s\u0105 kieszenie z fa\u0142dkami i klapkami, zapinane na guziki mundurowe. Poni\u017cej linii pasa odszyte s\u0105 kieszenie wpuszczane, z naszytymi na wierzch przod\u00f3w kurtki klapkami, zapinane analogicznie jak kieszenie g\u00f3rne. Ty\u0142 kurtki munduru WL szytej na miar\u0119 sk\u0142ada si\u0119 z dw\u00f3ch cz\u0119\u015bci, po\u0142\u0105czonych ze sob\u0105 szwem wykonanym po \u015brodku ty\u0142u. R\u0119kawy dwucz\u0119\u015bciowe, ze szwem \u0142okciowym, w dole zako\u0144czone s\u0105 rozporkami. Kurtka od wewn\u0105trz wyko\u0144czona jest jedwabn\u0105 podszewk\u0105 w kolorze dopasowanym do barwy tkaniny wierzchniej.<\/p>\n<p style=\"text-align: justify;\"><strong>Sp\u00f3dnica munduru galowego damskiego Wojsk L\u0105dowych wz\u00f3r 108DM\/MON<\/strong><\/p>\n<p style=\"text-align: justify;\">Sp\u00f3dnica do munduru WL si\u0119gaj\u0105ca 5 cm poni\u017cej linii kolan, wyko\u0144czona jest paskiem, zapinana na zamek b\u0142yskawiczny oraz guzik i dziurk\u0119. Od wewn\u0105trz wyko\u0144czona jest podszewk\u0105 wszyt\u0105 w pasek. W szwie \u015brodka ty\u0142u wszyty jest zamek b\u0142yskawiczny. Pasek sp\u00f3dnicy z podtrzymywaczami. Sp\u00f3dnica munduru galowego damskiego WL wykonana jest z tej samej tkaniny co damska kurtka i damskie spodnie od munduru.<\/p>\n<p><strong>Spodnie munduru galowego damskiego Wojsk L\u0105dowych wz\u00f3r 108DM\/MON<\/strong><\/p>\n<p style=\"text-align: justify;\">Nogawki spodni do munduru galowego damskiego WL s\u0105 zw\u0119\u017cane ku do\u0142owi. W g\u00f3rnej cz\u0119\u015bci przodu spodni wykonane s\u0105 kieszenie z jedn\u0105 wypustk\u0105. W spodniach na obwodzie pasa w przodzie wykonane s\u0105 dwie zaszewki (przechodz\u0105ce w zaprasowany kant), a w tyle s\u0105 cztery zaszewki. G\u00f3ra spodni wyko\u0144czona odszyciem z podkroju pasa. W pasek wszyto osiem podtrzymywaczy paska. W spodniach do munduru galowego damskiego Wojsk L\u0105dowych w lewym szwie bocznym wykonane jest zapi\u0119cie na zamek b\u0142yskawiczny (kryty), guzik i listewk\u0119 z wykonan\u0105 dziurk\u0105. W przednich nogawkach, wewn\u0105trz spodni, wszyta jest kolan\u00f3wka. Do\u0142y nogawek s\u0105 sko\u015bne, podniesione ku przodowi. W do\u0142y nogawek wszyta jest ta\u015bma brzegowa oraz wk\u0142adka z podszewki, kt\u00f3ra wystaje powy\u017cej podwini\u0119cia do\u0142u spodni.<\/p>\n","protected":false},"excerpt":{"rendered":"<p style=\"text-align: justify;\">Mundur galowy damski WL wz\u00f3r 108DM\/MON jest potwierdzony przez Wojskowy O\u015brodek Badawczo-Wdro\u017ceniowy S\u0142u\u017cby Mundurowej w \u0141odzi za zgodno\u015b\u0107 z Wojskow\u0105 Dokumentacj\u0105 Techniczno-Technologiczn\u0105 oraz z wzorem Przedmiotu Umundurowania i Wyekwipowania. Wszystkie zastosowane surowce s\u0105 zgodne z Wojskow\u0105 Dokumentacj\u0105 Techniczno-Technologiczn\u0105 wz\u00f3r 108DM\/MON.<\/p>\n<p style=\"text-align: justify;\"><strong>Uwaga!<br \/>\n<\/strong><strong>Zamawiany produkt jest produktem nieprefabrykowanym, wyprodukowanym wed\u0142ug specyfikacji konsumenta i z tego powodu Klientowi nie przys\u0142uguje prawo odst\u0105pienia od umowy zawartej na odleg\u0142o\u015b\u0107.<\/strong><\/p>\n","protected":false},"featured_media":22435,"template":"","meta":[],"product_brand":[],"product_cat":[138],"product_tag":[88,164],"class_list":{"0":"post-22310","1":"product","2":"type-product","3":"status-publish","4":"has-post-thumbnail","6":"product_cat-damskie-wl","7":"product_tag-wl","8":"product_tag-miarowe","10":"first","11":"onbackorder","12":"taxable","13":"shipping-taxable","14":"purchasable","15":"product-type-simple"},"yoast_head":"<!-- This site is optimized with the Yoast SEO plugin v27.3 - https:\/\/yoast.com\/product\/yoast-seo-wordpress\/ -->\n<title>Mundur galowy damski WL 108DM\/MON szyty na miar\u0119 (nowy wz\u00f3r) - Kreator Toru\u0144<\/title>\n<meta name=\"description\" content=\"Mundur damski galowy Wojsk L\u0105dowych w nowym wzorze szyty na miar\u0119. Mundur damski WL 108DM\/MON zgodny z wojskow\u0105 dokumentacj\u0105 techniczno-technologiczn\u0105.\" \/>\n<meta name=\"robots\" content=\"index, follow, max-snippet:-1, max-image-preview:large, max-video-preview:-1\" \/>\n<link rel=\"canonical\" href=\"https:\/\/kreatortorun.pl\/produkt\/mundur-galowy-damski-wl-108dm-mon-szyty-na-miare-nowy-wzor\/\" \/>\n<meta property=\"og:locale\" content=\"en_US\" \/>\n<meta property=\"og:type\" content=\"article\" \/>\n<meta property=\"og:title\" content=\"Mundur galowy damski WL 108DM\/MON szyty na miar\u0119 (nowy wz\u00f3r) - Kreator Toru\u0144\" \/>\n<meta property=\"og:description\" content=\"Mundur damski galowy Wojsk L\u0105dowych w nowym wzorze szyty na miar\u0119. Mundur damski WL 108DM\/MON zgodny z wojskow\u0105 dokumentacj\u0105 techniczno-technologiczn\u0105.\" \/>\n<meta property=\"og:url\" content=\"https:\/\/kreatortorun.pl\/produkt\/mundur-galowy-damski-wl-108dm-mon-szyty-na-miare-nowy-wzor\/\" \/>\n<meta property=\"og:site_name\" content=\"Kreator Toru\u0144\" \/>\n<meta property=\"article:publisher\" content=\"https:\/\/www.facebook.com\/torun.kreator\" \/>\n<meta property=\"article:modified_time\" content=\"2025-11-03T14:36:14+00:00\" \/>\n<meta property=\"og:image\" content=\"https:\/\/kreatortorun.pl\/wp-content\/uploads\/2025\/09\/KREATOR-Mundur-Damski-WL-3tailor-1.jpg\" \/>\n\t<meta property=\"og:image:width\" content=\"1200\" \/>\n\t<meta property=\"og:image:height\" content=\"1200\" \/>\n\t<meta property=\"og:image:type\" content=\"image\/jpeg\" \/>\n<meta name=\"twitter:card\" content=\"summary_large_image\" \/>\n<meta name=\"twitter:label1\" content=\"Est. reading time\" \/>\n\t<meta name=\"twitter:data1\" content=\"3 minutes\" \/>\n<script type=\"application\/ld+json\" class=\"yoast-schema-graph\">{\"@context\":\"https:\\\/\\\/schema.org\",\"@graph\":[{\"@type\":\"WebPage\",\"@id\":\"https:\\\/\\\/kreatortorun.pl\\\/produkt\\\/mundur-galowy-damski-wl-108dm-mon-szyty-na-miare-nowy-wzor\\\/\",\"url\":\"https:\\\/\\\/kreatortorun.pl\\\/produkt\\\/mundur-galowy-damski-wl-108dm-mon-szyty-na-miare-nowy-wzor\\\/\",\"name\":\"Mundur galowy damski WL 108DM\\\/MON szyty na miar\u0119 (nowy wz\u00f3r) - Kreator Toru\u0144\",\"isPartOf\":{\"@id\":\"https:\\\/\\\/kreatortorun.pl\\\/#website\"},\"primaryImageOfPage\":{\"@id\":\"https:\\\/\\\/kreatortorun.pl\\\/produkt\\\/mundur-galowy-damski-wl-108dm-mon-szyty-na-miare-nowy-wzor\\\/#primaryimage\"},\"image\":{\"@id\":\"https:\\\/\\\/kreatortorun.pl\\\/produkt\\\/mundur-galowy-damski-wl-108dm-mon-szyty-na-miare-nowy-wzor\\\/#primaryimage\"},\"thumbnailUrl\":\"https:\\\/\\\/kreatortorun.pl\\\/wp-content\\\/uploads\\\/2025\\\/09\\\/KREATOR-Mundur-Damski-WL-3tailor-1.jpg\",\"datePublished\":\"2025-09-08T12:50:38+00:00\",\"dateModified\":\"2025-11-03T14:36:14+00:00\",\"description\":\"Mundur damski galowy Wojsk L\u0105dowych w nowym wzorze szyty na miar\u0119. Mundur damski WL 108DM\\\/MON zgodny z wojskow\u0105 dokumentacj\u0105 techniczno-technologiczn\u0105.\",\"breadcrumb\":{\"@id\":\"https:\\\/\\\/kreatortorun.pl\\\/produkt\\\/mundur-galowy-damski-wl-108dm-mon-szyty-na-miare-nowy-wzor\\\/#breadcrumb\"},\"inLanguage\":\"en-US\",\"potentialAction\":[{\"@type\":\"ReadAction\",\"target\":[\"https:\\\/\\\/kreatortorun.pl\\\/produkt\\\/mundur-galowy-damski-wl-108dm-mon-szyty-na-miare-nowy-wzor\\\/\"]}]},{\"@type\":\"ImageObject\",\"inLanguage\":\"en-US\",\"@id\":\"https:\\\/\\\/kreatortorun.pl\\\/produkt\\\/mundur-galowy-damski-wl-108dm-mon-szyty-na-miare-nowy-wzor\\\/#primaryimage\",\"url\":\"https:\\\/\\\/kreatortorun.pl\\\/wp-content\\\/uploads\\\/2025\\\/09\\\/KREATOR-Mundur-Damski-WL-3tailor-1.jpg\",\"contentUrl\":\"https:\\\/\\\/kreatortorun.pl\\\/wp-content\\\/uploads\\\/2025\\\/09\\\/KREATOR-Mundur-Damski-WL-3tailor-1.jpg\",\"width\":1200,\"height\":1200},{\"@type\":\"BreadcrumbList\",\"@id\":\"https:\\\/\\\/kreatortorun.pl\\\/produkt\\\/mundur-galowy-damski-wl-108dm-mon-szyty-na-miare-nowy-wzor\\\/#breadcrumb\",\"itemListElement\":[{\"@type\":\"ListItem\",\"position\":1,\"name\":\"Strona g\u0142\u00f3wna\",\"item\":\"https:\\\/\\\/kreatortorun.pl\\\/en\\\/\"},{\"@type\":\"ListItem\",\"position\":2,\"name\":\"Shop\",\"item\":\"https:\\\/\\\/kreatortorun.pl\\\/en\\\/shop\\\/\"},{\"@type\":\"ListItem\",\"position\":3,\"name\":\"Mundur galowy damski WL 108DM\\\/MON szyty na miar\u0119 (nowy wz\u00f3r)\"}]},{\"@type\":\"WebSite\",\"@id\":\"https:\\\/\\\/kreatortorun.pl\\\/#website\",\"url\":\"https:\\\/\\\/kreatortorun.pl\\\/\",\"name\":\"Kreator Toru\u0144\",\"description\":\"Producent mundur\u00f3w, kombinezon\u00f3w i odzie\u017cy taktycznej\",\"publisher\":{\"@id\":\"https:\\\/\\\/kreatortorun.pl\\\/#organization\"},\"potentialAction\":[{\"@type\":\"SearchAction\",\"target\":{\"@type\":\"EntryPoint\",\"urlTemplate\":\"https:\\\/\\\/kreatortorun.pl\\\/?s={search_term_string}\"},\"query-input\":{\"@type\":\"PropertyValueSpecification\",\"valueRequired\":true,\"valueName\":\"search_term_string\"}}],\"inLanguage\":\"en-US\"},{\"@type\":\"Organization\",\"@id\":\"https:\\\/\\\/kreatortorun.pl\\\/#organization\",\"name\":\"Kreator Toru\u0144\",\"url\":\"https:\\\/\\\/kreatortorun.pl\\\/\",\"logo\":{\"@type\":\"ImageObject\",\"inLanguage\":\"en-US\",\"@id\":\"https:\\\/\\\/kreatortorun.pl\\\/#\\\/schema\\\/logo\\\/image\\\/\",\"url\":\"https:\\\/\\\/kreatortorun.pl\\\/wp-content\\\/uploads\\\/2024\\\/02\\\/cropped-kreator-logo-favicon.png\",\"contentUrl\":\"https:\\\/\\\/kreatortorun.pl\\\/wp-content\\\/uploads\\\/2024\\\/02\\\/cropped-kreator-logo-favicon.png\",\"width\":512,\"height\":512,\"caption\":\"Kreator Toru\u0144\"},\"image\":{\"@id\":\"https:\\\/\\\/kreatortorun.pl\\\/#\\\/schema\\\/logo\\\/image\\\/\"},\"sameAs\":[\"https:\\\/\\\/www.facebook.com\\\/torun.kreator\",\"https:\\\/\\\/www.youtube.com\\\/@kreatortorun1862\"]}]}<\/script>\n<!-- \/ Yoast SEO plugin. -->","yoast_head_json":{"title":"Mundur galowy damski WL 108DM\/MON szyty na miar\u0119 (nowy wz\u00f3r) - Kreator Toru\u0144","description":"Mundur damski galowy Wojsk L\u0105dowych w nowym wzorze szyty na miar\u0119. Mundur damski WL 108DM\/MON zgodny z wojskow\u0105 dokumentacj\u0105 techniczno-technologiczn\u0105.","robots":{"index":"index","follow":"follow","max-snippet":"max-snippet:-1","max-image-preview":"max-image-preview:large","max-video-preview":"max-video-preview:-1"},"canonical":"https:\/\/kreatortorun.pl\/produkt\/mundur-galowy-damski-wl-108dm-mon-szyty-na-miare-nowy-wzor\/","og_locale":"en_US","og_type":"article","og_title":"Mundur galowy damski WL 108DM\/MON szyty na miar\u0119 (nowy wz\u00f3r) - Kreator Toru\u0144","og_description":"Mundur damski galowy Wojsk L\u0105dowych w nowym wzorze szyty na miar\u0119. Mundur damski WL 108DM\/MON zgodny z wojskow\u0105 dokumentacj\u0105 techniczno-technologiczn\u0105.","og_url":"https:\/\/kreatortorun.pl\/produkt\/mundur-galowy-damski-wl-108dm-mon-szyty-na-miare-nowy-wzor\/","og_site_name":"Kreator Toru\u0144","article_publisher":"https:\/\/www.facebook.com\/torun.kreator","article_modified_time":"2025-11-03T14:36:14+00:00","og_image":[{"width":1200,"height":1200,"url":"https:\/\/kreatortorun.pl\/wp-content\/uploads\/2025\/09\/KREATOR-Mundur-Damski-WL-3tailor-1.jpg","type":"image\/jpeg"}],"twitter_card":"summary_large_image","twitter_misc":{"Est. reading time":"3 minutes"},"schema":{"@context":"https:\/\/schema.org","@graph":[{"@type":"WebPage","@id":"https:\/\/kreatortorun.pl\/produkt\/mundur-galowy-damski-wl-108dm-mon-szyty-na-miare-nowy-wzor\/","url":"https:\/\/kreatortorun.pl\/produkt\/mundur-galowy-damski-wl-108dm-mon-szyty-na-miare-nowy-wzor\/","name":"Mundur galowy damski WL 108DM\/MON szyty na miar\u0119 (nowy wz\u00f3r) - Kreator Toru\u0144","isPartOf":{"@id":"https:\/\/kreatortorun.pl\/#website"},"primaryImageOfPage":{"@id":"https:\/\/kreatortorun.pl\/produkt\/mundur-galowy-damski-wl-108dm-mon-szyty-na-miare-nowy-wzor\/#primaryimage"},"image":{"@id":"https:\/\/kreatortorun.pl\/produkt\/mundur-galowy-damski-wl-108dm-mon-szyty-na-miare-nowy-wzor\/#primaryimage"},"thumbnailUrl":"https:\/\/kreatortorun.pl\/wp-content\/uploads\/2025\/09\/KREATOR-Mundur-Damski-WL-3tailor-1.jpg","datePublished":"2025-09-08T12:50:38+00:00","dateModified":"2025-11-03T14:36:14+00:00","description":"Mundur damski galowy Wojsk L\u0105dowych w nowym wzorze szyty na miar\u0119. Mundur damski WL 108DM\/MON zgodny z wojskow\u0105 dokumentacj\u0105 techniczno-technologiczn\u0105.","breadcrumb":{"@id":"https:\/\/kreatortorun.pl\/produkt\/mundur-galowy-damski-wl-108dm-mon-szyty-na-miare-nowy-wzor\/#breadcrumb"},"inLanguage":"en-US","potentialAction":[{"@type":"ReadAction","target":["https:\/\/kreatortorun.pl\/produkt\/mundur-galowy-damski-wl-108dm-mon-szyty-na-miare-nowy-wzor\/"]}]},{"@type":"ImageObject","inLanguage":"en-US","@id":"https:\/\/kreatortorun.pl\/produkt\/mundur-galowy-damski-wl-108dm-mon-szyty-na-miare-nowy-wzor\/#primaryimage","url":"https:\/\/kreatortorun.pl\/wp-content\/uploads\/2025\/09\/KREATOR-Mundur-Damski-WL-3tailor-1.jpg","contentUrl":"https:\/\/kreatortorun.pl\/wp-content\/uploads\/2025\/09\/KREATOR-Mundur-Damski-WL-3tailor-1.jpg","width":1200,"height":1200},{"@type":"BreadcrumbList","@id":"https:\/\/kreatortorun.pl\/produkt\/mundur-galowy-damski-wl-108dm-mon-szyty-na-miare-nowy-wzor\/#breadcrumb","itemListElement":[{"@type":"ListItem","position":1,"name":"Strona g\u0142\u00f3wna","item":"https:\/\/kreatortorun.pl\/en\/"},{"@type":"ListItem","position":2,"name":"Shop","item":"https:\/\/kreatortorun.pl\/en\/shop\/"},{"@type":"ListItem","position":3,"name":"Mundur galowy damski WL 108DM\/MON szyty na miar\u0119 (nowy wz\u00f3r)"}]},{"@type":"WebSite","@id":"https:\/\/kreatortorun.pl\/#website","url":"https:\/\/kreatortorun.pl\/","name":"Kreator Toru\u0144","description":"Producent mundur\u00f3w, kombinezon\u00f3w i odzie\u017cy taktycznej","publisher":{"@id":"https:\/\/kreatortorun.pl\/#organization"},"potentialAction":[{"@type":"SearchAction","target":{"@type":"EntryPoint","urlTemplate":"https:\/\/kreatortorun.pl\/?s={search_term_string}"},"query-input":{"@type":"PropertyValueSpecification","valueRequired":true,"valueName":"search_term_string"}}],"inLanguage":"en-US"},{"@type":"Organization","@id":"https:\/\/kreatortorun.pl\/#organization","name":"Kreator Toru\u0144","url":"https:\/\/kreatortorun.pl\/","logo":{"@type":"ImageObject","inLanguage":"en-US","@id":"https:\/\/kreatortorun.pl\/#\/schema\/logo\/image\/","url":"https:\/\/kreatortorun.pl\/wp-content\/uploads\/2024\/02\/cropped-kreator-logo-favicon.png","contentUrl":"https:\/\/kreatortorun.pl\/wp-content\/uploads\/2024\/02\/cropped-kreator-logo-favicon.png","width":512,"height":512,"caption":"Kreator Toru\u0144"},"image":{"@id":"https:\/\/kreatortorun.pl\/#\/schema\/logo\/image\/"},"sameAs":["https:\/\/www.facebook.com\/torun.kreator","https:\/\/www.youtube.com\/@kreatortorun1862"]}]}},"_links":{"self":[{"href":"https:\/\/kreatortorun.pl\/en\/wp-json\/wp\/v2\/product\/22310","targetHints":{"allow":["GET"]}}],"collection":[{"href":"https:\/\/kreatortorun.pl\/en\/wp-json\/wp\/v2\/product"}],"about":[{"href":"https:\/\/kreatortorun.pl\/en\/wp-json\/wp\/v2\/types\/product"}],"wp:featuredmedia":[{"embeddable":true,"href":"https:\/\/kreatortorun.pl\/en\/wp-json\/wp\/v2\/media\/22435"}],"wp:attachment":[{"href":"https:\/\/kreatortorun.pl\/en\/wp-json\/wp\/v2\/media?parent=22310"}],"wp:term":[{"taxonomy":"product_brand","embeddable":true,"href":"https:\/\/kreatortorun.pl\/en\/wp-json\/wp\/v2\/product_brand?post=22310"},{"taxonomy":"product_cat","embeddable":true,"href":"https:\/\/kreatortorun.pl\/en\/wp-json\/wp\/v2\/product_cat?post=22310"},{"taxonomy":"product_tag","embeddable":true,"href":"https:\/\/kreatortorun.pl\/en\/wp-json\/wp\/v2\/product_tag?post=22310"}],"curies":[{"name":"wp","href":"https:\/\/api.w.org\/{rel}","templated":true}]}}