{"id":23328,"date":"2025-10-07T07:04:46","date_gmt":"2025-10-07T07:04:46","guid":{"rendered":"https:\/\/kreatortorun.pl\/?post_type=product&#038;p=23328"},"modified":"2025-10-10T06:39:12","modified_gmt":"2025-10-10T06:39:12","slug":"anti-cut-and-anti-puncture-fr-neck-gaiter-olive","status":"publish","type":"product","link":"https:\/\/kreatortorun.pl\/en\/produkt\/anti-cut-and-anti-puncture-fr-neck-gaiter-olive\/","title":{"rendered":"Anti-cut and anti-puncture FR neck gaiter, olive"},"content":{"rendered":"<h1>Anti-cut neck gaiter, anti-puncture neck gaiter and flame-retardant neck gaiter olive green<\/h1>\n<div>An innovative 3-in-1 protective neck gaiter (flame-retardant, cut-resistant, and puncture-resistant).<\/div>\n<div><\/div>\n<div>The protective neck gaiter designed by Kreator is the first of its kind on the Polish market. In addition to the functions of a typical neck warmer (face protection and cold protection), it provides flame resistance, cut resistance, and puncture resistance, increasing safety in areas not protected by a helmet or vest.<\/div>\n<div><\/div>\n<div>The flame-retardant neck gaiter, designed specifically for police officers and other uniformed services, provides an effective barrier not only against knife attacks but also against contact with flammable materials or sharp fragments.<\/div>\n<div><\/div>\n<div>The anti-knife neck gaiter is designed for both uniformed and para-uniformed services, as well as anyone requiring universal neck and nape protection.<\/div>\n<div><\/div>\n<div>The green collar is universal and matches all dark-colored uniforms and coveralls. The olive-colored collar is designed for combat and field uniforms in camouflage (including Panther, Multicam, polish SG14).<\/div>\n<p>&nbsp;<\/p>\n<h2>The most important technical parameters of the Kreator green neck gaiter:<\/h2>\n<ul>\n<li>Puncture resistance: Level 3 (on a scale of 1\u20134 EN 388)<\/li>\n<li>Cut resistance: Level E (on a scale of A\u2013F EN 388)<\/li>\n<li>Tear resistance: 300 kPA (ISO 13938-13\/)<\/li>\n<li>Burn time: less than 2 seconds (class A)<\/li>\n<li>Perspiration resistance: Level 4 (on a scale of 1\u20135)<\/li>\n<li>Air permeability: 400 l\/m\u00b2\/sec<\/li>\n<\/ul>\n<p>&nbsp;<\/p>\n<h3>Olive FR neck gaiter functionalities:<\/h3>\n<ul>\n<li>protective (against cold, wind, sun, dust, smoke, debris, sharp objects, and insects),<\/li>\n<li>anonymizing (covering the face during, for example, emergency operations),<\/li>\n<li>functional (the scarf can be worn as a collar, scarf, hat, or headband).<\/li>\n<\/ul>\n<p>&nbsp;<\/p>\n<div>This modern anti-knife collar was developed based on real user needs \u2013 it provides maximum safety while guaranteeing comfort and freedom of breathing \u2013 even in challenging conditions.<\/div>\n<div><\/div>\n<div>The Kreator 3-in-1 neck gaiter is available in black and olive, in two sizes: S\/M and L\/XL.<\/div>\n<div><\/div>\n<div>This innovation sets a new standard in personal protection.<\/div>\n<p>&nbsp;<\/p>\n","protected":false},"excerpt":{"rendered":"<p style=\"text-align: justify;\">The olive fire-resistant anti-cut and anti-puncture neck gaiter is a universal product that combines functions useful in various field situations.<\/p>\n<p>On request only: <strong><span style=\"color: #d83131;\"><a href=\"tel: +48604117337\">+48 604 117 337<\/a><\/span><\/strong><\/p>\n<p>or <a href=\"mailto:j.dabrowski@kreatortorun.pl\" class=\"button alert is-alert is-medium\" >\n\t\t<span>ASK<\/span>\n\t<\/a>\n\n<p>Possibility of preparing the suit for the specific needs of the user.<\/p>\n","protected":false},"featured_media":23664,"template":"","meta":[],"product_brand":[],"product_cat":[85],"product_tag":[190,209],"class_list":{"0":"post-23328","1":"product","2":"type-product","3":"status-publish","4":"has-post-thumbnail","6":"product_cat-wojska-ladowe","7":"product_tag-pol","8":"product_tag-ws","10":"first","11":"instock","12":"taxable","13":"shipping-taxable","14":"product-type-variable","15":"has-default-attributes"},"yoast_head":"<!-- This site is optimized with the Yoast SEO plugin v27.3 - https:\/\/yoast.com\/product\/yoast-seo-wordpress\/ -->\n<title>Anti-cut and anti-puncture FR neck gaiter, olive - Kreator Toru\u0144<\/title>\n<meta name=\"robots\" content=\"index, follow, max-snippet:-1, max-image-preview:large, max-video-preview:-1\" \/>\n<link rel=\"canonical\" href=\"https:\/\/kreatortorun.pl\/produkt\/anti-cut-and-anti-puncture-fr-neck-gaiter-olive\/\" \/>\n<meta property=\"og:locale\" content=\"en_US\" \/>\n<meta property=\"og:type\" content=\"article\" \/>\n<meta property=\"og:title\" content=\"Anti-cut and anti-puncture FR neck gaiter, olive - Kreator Toru\u0144\" \/>\n<meta property=\"og:description\" content=\"The olive fire-resistant anti-cut and anti-puncture neck gaiter is a universal product that combines functions useful in various field situations. On request only: +48 604 117 337  or   Possibility of preparing the suit for the specific needs of the user.\" \/>\n<meta property=\"og:url\" content=\"https:\/\/kreatortorun.pl\/produkt\/anti-cut-and-anti-puncture-fr-neck-gaiter-olive\/\" \/>\n<meta property=\"og:site_name\" content=\"Kreator Toru\u0144\" \/>\n<meta property=\"article:publisher\" content=\"https:\/\/www.facebook.com\/torun.kreator\" \/>\n<meta property=\"article:modified_time\" content=\"2025-10-10T06:39:12+00:00\" \/>\n<meta property=\"og:image\" content=\"https:\/\/kreatortorun.pl\/wp-content\/uploads\/2025\/10\/Zielona-komin-przod-1.jpg\" \/>\n\t<meta property=\"og:image:width\" content=\"1200\" \/>\n\t<meta property=\"og:image:height\" content=\"1200\" \/>\n\t<meta property=\"og:image:type\" content=\"image\/jpeg\" \/>\n<meta name=\"twitter:card\" content=\"summary_large_image\" \/>\n<meta name=\"twitter:label1\" content=\"Est. reading time\" \/>\n\t<meta name=\"twitter:data1\" content=\"3 minutes\" \/>\n<script type=\"application\/ld+json\" class=\"yoast-schema-graph\">{\"@context\":\"https:\\\/\\\/schema.org\",\"@graph\":[{\"@type\":\"WebPage\",\"@id\":\"https:\\\/\\\/kreatortorun.pl\\\/produkt\\\/anti-cut-and-anti-puncture-fr-neck-gaiter-olive\\\/\",\"url\":\"https:\\\/\\\/kreatortorun.pl\\\/produkt\\\/anti-cut-and-anti-puncture-fr-neck-gaiter-olive\\\/\",\"name\":\"Anti-cut and anti-puncture FR neck gaiter, olive - Kreator Toru\u0144\",\"isPartOf\":{\"@id\":\"https:\\\/\\\/kreatortorun.pl\\\/#website\"},\"primaryImageOfPage\":{\"@id\":\"https:\\\/\\\/kreatortorun.pl\\\/produkt\\\/anti-cut-and-anti-puncture-fr-neck-gaiter-olive\\\/#primaryimage\"},\"image\":{\"@id\":\"https:\\\/\\\/kreatortorun.pl\\\/produkt\\\/anti-cut-and-anti-puncture-fr-neck-gaiter-olive\\\/#primaryimage\"},\"thumbnailUrl\":\"https:\\\/\\\/kreatortorun.pl\\\/wp-content\\\/uploads\\\/2025\\\/10\\\/Zielona-komin-przod-1.jpg\",\"datePublished\":\"2025-10-07T07:04:46+00:00\",\"dateModified\":\"2025-10-10T06:39:12+00:00\",\"breadcrumb\":{\"@id\":\"https:\\\/\\\/kreatortorun.pl\\\/produkt\\\/anti-cut-and-anti-puncture-fr-neck-gaiter-olive\\\/#breadcrumb\"},\"inLanguage\":\"en-US\",\"potentialAction\":[{\"@type\":\"ReadAction\",\"target\":[\"https:\\\/\\\/kreatortorun.pl\\\/produkt\\\/anti-cut-and-anti-puncture-fr-neck-gaiter-olive\\\/\"]}]},{\"@type\":\"ImageObject\",\"inLanguage\":\"en-US\",\"@id\":\"https:\\\/\\\/kreatortorun.pl\\\/produkt\\\/anti-cut-and-anti-puncture-fr-neck-gaiter-olive\\\/#primaryimage\",\"url\":\"https:\\\/\\\/kreatortorun.pl\\\/wp-content\\\/uploads\\\/2025\\\/10\\\/Zielona-komin-przod-1.jpg\",\"contentUrl\":\"https:\\\/\\\/kreatortorun.pl\\\/wp-content\\\/uploads\\\/2025\\\/10\\\/Zielona-komin-przod-1.jpg\",\"width\":1200,\"height\":1200},{\"@type\":\"BreadcrumbList\",\"@id\":\"https:\\\/\\\/kreatortorun.pl\\\/produkt\\\/anti-cut-and-anti-puncture-fr-neck-gaiter-olive\\\/#breadcrumb\",\"itemListElement\":[{\"@type\":\"ListItem\",\"position\":1,\"name\":\"Strona g\u0142\u00f3wna\",\"item\":\"https:\\\/\\\/kreatortorun.pl\\\/en\\\/\"},{\"@type\":\"ListItem\",\"position\":2,\"name\":\"Shop\",\"item\":\"https:\\\/\\\/kreatortorun.pl\\\/en\\\/shop\\\/\"},{\"@type\":\"ListItem\",\"position\":3,\"name\":\"Anti-cut and anti-puncture FR neck gaiter, olive\"}]},{\"@type\":\"WebSite\",\"@id\":\"https:\\\/\\\/kreatortorun.pl\\\/#website\",\"url\":\"https:\\\/\\\/kreatortorun.pl\\\/\",\"name\":\"Kreator Toru\u0144\",\"description\":\"Producent mundur\u00f3w, kombinezon\u00f3w i odzie\u017cy taktycznej\",\"publisher\":{\"@id\":\"https:\\\/\\\/kreatortorun.pl\\\/#organization\"},\"potentialAction\":[{\"@type\":\"SearchAction\",\"target\":{\"@type\":\"EntryPoint\",\"urlTemplate\":\"https:\\\/\\\/kreatortorun.pl\\\/?s={search_term_string}\"},\"query-input\":{\"@type\":\"PropertyValueSpecification\",\"valueRequired\":true,\"valueName\":\"search_term_string\"}}],\"inLanguage\":\"en-US\"},{\"@type\":\"Organization\",\"@id\":\"https:\\\/\\\/kreatortorun.pl\\\/#organization\",\"name\":\"Kreator Toru\u0144\",\"url\":\"https:\\\/\\\/kreatortorun.pl\\\/\",\"logo\":{\"@type\":\"ImageObject\",\"inLanguage\":\"en-US\",\"@id\":\"https:\\\/\\\/kreatortorun.pl\\\/#\\\/schema\\\/logo\\\/image\\\/\",\"url\":\"https:\\\/\\\/kreatortorun.pl\\\/wp-content\\\/uploads\\\/2024\\\/02\\\/cropped-kreator-logo-favicon.png\",\"contentUrl\":\"https:\\\/\\\/kreatortorun.pl\\\/wp-content\\\/uploads\\\/2024\\\/02\\\/cropped-kreator-logo-favicon.png\",\"width\":512,\"height\":512,\"caption\":\"Kreator Toru\u0144\"},\"image\":{\"@id\":\"https:\\\/\\\/kreatortorun.pl\\\/#\\\/schema\\\/logo\\\/image\\\/\"},\"sameAs\":[\"https:\\\/\\\/www.facebook.com\\\/torun.kreator\",\"https:\\\/\\\/www.youtube.com\\\/@kreatortorun1862\"]}]}<\/script>\n<!-- \/ Yoast SEO plugin. -->","yoast_head_json":{"title":"Anti-cut and anti-puncture FR neck gaiter, olive - Kreator Toru\u0144","robots":{"index":"index","follow":"follow","max-snippet":"max-snippet:-1","max-image-preview":"max-image-preview:large","max-video-preview":"max-video-preview:-1"},"canonical":"https:\/\/kreatortorun.pl\/produkt\/anti-cut-and-anti-puncture-fr-neck-gaiter-olive\/","og_locale":"en_US","og_type":"article","og_title":"Anti-cut and anti-puncture FR neck gaiter, olive - Kreator Toru\u0144","og_description":"The olive fire-resistant anti-cut and anti-puncture neck gaiter is a universal product that combines functions useful in various field situations. On request only: +48 604 117 337  or   Possibility of preparing the suit for the specific needs of the user.","og_url":"https:\/\/kreatortorun.pl\/produkt\/anti-cut-and-anti-puncture-fr-neck-gaiter-olive\/","og_site_name":"Kreator Toru\u0144","article_publisher":"https:\/\/www.facebook.com\/torun.kreator","article_modified_time":"2025-10-10T06:39:12+00:00","og_image":[{"width":1200,"height":1200,"url":"https:\/\/kreatortorun.pl\/wp-content\/uploads\/2025\/10\/Zielona-komin-przod-1.jpg","type":"image\/jpeg"}],"twitter_card":"summary_large_image","twitter_misc":{"Est. reading time":"3 minutes"},"schema":{"@context":"https:\/\/schema.org","@graph":[{"@type":"WebPage","@id":"https:\/\/kreatortorun.pl\/produkt\/anti-cut-and-anti-puncture-fr-neck-gaiter-olive\/","url":"https:\/\/kreatortorun.pl\/produkt\/anti-cut-and-anti-puncture-fr-neck-gaiter-olive\/","name":"Anti-cut and anti-puncture FR neck gaiter, olive - Kreator Toru\u0144","isPartOf":{"@id":"https:\/\/kreatortorun.pl\/#website"},"primaryImageOfPage":{"@id":"https:\/\/kreatortorun.pl\/produkt\/anti-cut-and-anti-puncture-fr-neck-gaiter-olive\/#primaryimage"},"image":{"@id":"https:\/\/kreatortorun.pl\/produkt\/anti-cut-and-anti-puncture-fr-neck-gaiter-olive\/#primaryimage"},"thumbnailUrl":"https:\/\/kreatortorun.pl\/wp-content\/uploads\/2025\/10\/Zielona-komin-przod-1.jpg","datePublished":"2025-10-07T07:04:46+00:00","dateModified":"2025-10-10T06:39:12+00:00","breadcrumb":{"@id":"https:\/\/kreatortorun.pl\/produkt\/anti-cut-and-anti-puncture-fr-neck-gaiter-olive\/#breadcrumb"},"inLanguage":"en-US","potentialAction":[{"@type":"ReadAction","target":["https:\/\/kreatortorun.pl\/produkt\/anti-cut-and-anti-puncture-fr-neck-gaiter-olive\/"]}]},{"@type":"ImageObject","inLanguage":"en-US","@id":"https:\/\/kreatortorun.pl\/produkt\/anti-cut-and-anti-puncture-fr-neck-gaiter-olive\/#primaryimage","url":"https:\/\/kreatortorun.pl\/wp-content\/uploads\/2025\/10\/Zielona-komin-przod-1.jpg","contentUrl":"https:\/\/kreatortorun.pl\/wp-content\/uploads\/2025\/10\/Zielona-komin-przod-1.jpg","width":1200,"height":1200},{"@type":"BreadcrumbList","@id":"https:\/\/kreatortorun.pl\/produkt\/anti-cut-and-anti-puncture-fr-neck-gaiter-olive\/#breadcrumb","itemListElement":[{"@type":"ListItem","position":1,"name":"Strona g\u0142\u00f3wna","item":"https:\/\/kreatortorun.pl\/en\/"},{"@type":"ListItem","position":2,"name":"Shop","item":"https:\/\/kreatortorun.pl\/en\/shop\/"},{"@type":"ListItem","position":3,"name":"Anti-cut and anti-puncture FR neck gaiter, olive"}]},{"@type":"WebSite","@id":"https:\/\/kreatortorun.pl\/#website","url":"https:\/\/kreatortorun.pl\/","name":"Kreator Toru\u0144","description":"Producent mundur\u00f3w, kombinezon\u00f3w i odzie\u017cy taktycznej","publisher":{"@id":"https:\/\/kreatortorun.pl\/#organization"},"potentialAction":[{"@type":"SearchAction","target":{"@type":"EntryPoint","urlTemplate":"https:\/\/kreatortorun.pl\/?s={search_term_string}"},"query-input":{"@type":"PropertyValueSpecification","valueRequired":true,"valueName":"search_term_string"}}],"inLanguage":"en-US"},{"@type":"Organization","@id":"https:\/\/kreatortorun.pl\/#organization","name":"Kreator Toru\u0144","url":"https:\/\/kreatortorun.pl\/","logo":{"@type":"ImageObject","inLanguage":"en-US","@id":"https:\/\/kreatortorun.pl\/#\/schema\/logo\/image\/","url":"https:\/\/kreatortorun.pl\/wp-content\/uploads\/2024\/02\/cropped-kreator-logo-favicon.png","contentUrl":"https:\/\/kreatortorun.pl\/wp-content\/uploads\/2024\/02\/cropped-kreator-logo-favicon.png","width":512,"height":512,"caption":"Kreator Toru\u0144"},"image":{"@id":"https:\/\/kreatortorun.pl\/#\/schema\/logo\/image\/"},"sameAs":["https:\/\/www.facebook.com\/torun.kreator","https:\/\/www.youtube.com\/@kreatortorun1862"]}]}},"_links":{"self":[{"href":"https:\/\/kreatortorun.pl\/en\/wp-json\/wp\/v2\/product\/23328","targetHints":{"allow":["GET"]}}],"collection":[{"href":"https:\/\/kreatortorun.pl\/en\/wp-json\/wp\/v2\/product"}],"about":[{"href":"https:\/\/kreatortorun.pl\/en\/wp-json\/wp\/v2\/types\/product"}],"wp:featuredmedia":[{"embeddable":true,"href":"https:\/\/kreatortorun.pl\/en\/wp-json\/wp\/v2\/media\/23664"}],"wp:attachment":[{"href":"https:\/\/kreatortorun.pl\/en\/wp-json\/wp\/v2\/media?parent=23328"}],"wp:term":[{"taxonomy":"product_brand","embeddable":true,"href":"https:\/\/kreatortorun.pl\/en\/wp-json\/wp\/v2\/product_brand?post=23328"},{"taxonomy":"product_cat","embeddable":true,"href":"https:\/\/kreatortorun.pl\/en\/wp-json\/wp\/v2\/product_cat?post=23328"},{"taxonomy":"product_tag","embeddable":true,"href":"https:\/\/kreatortorun.pl\/en\/wp-json\/wp\/v2\/product_tag?post=23328"}],"curies":[{"name":"wp","href":"https:\/\/api.w.org\/{rel}","templated":true}]}}