{"id":23336,"date":"2025-10-07T07:11:28","date_gmt":"2025-10-07T07:11:28","guid":{"rendered":"https:\/\/kreatortorun.pl\/?post_type=product&#038;p=23336"},"modified":"2025-11-27T10:46:06","modified_gmt":"2025-11-27T10:46:06","slug":"kominiarka-antyprzecieciowa-i-antyprzebiciowa-fr","status":"publish","type":"product","link":"https:\/\/kreatortorun.pl\/en\/produkt\/kominiarka-antyprzecieciowa-i-antyprzebiciowa-fr\/","title":{"rendered":"Kominiarka antyprzeci\u0119ciowa i antyprzebiciowa FR"},"content":{"rendered":"<h1>Kominiarka antyprzeci\u0119ciowa, kominiarka antyprzebiciowa i kominiarka trudnopalna<\/h1>\n<p style=\"text-align: justify;\">Funkcj\u0119 niepalno\u015bci w kominiarce z gard\u0105 zapewnia dzianina wierzchnia o specyficznym sk\u0142adzie surowcowym. Zastosowany w dzianinie kominiarki Modacrylic ma w\u0142a\u015bciwo\u015bci niepalne, przez co niepalno\u015b\u0107 ca\u0142ej kominiarki wynika z zastosowanego surowca, a nie np. z apretury.<\/p>\n<p style=\"text-align: justify;\">Dzianina zastosowana w kominiarce antyprzeci\u0119ciowej i trudnopalnej charakteryzuje si\u0119 niepalno\u015bci\u0105 na podstawie normy PN-EN ISO 15025: metoda A jako niep\u0142on\u0105ca, po wyj\u0119ciu z p\u0142omienia gasn\u0105ca w czasie poni\u017cej 2 sekund, niemi\u0119kn\u0105ca i niekapi\u0105ca.<\/p>\n<p style=\"text-align: justify;\">Funkcj\u0119 odporno\u015bci na przeci\u0119cie i przebicie zapewnia wk\u0142ad wszyty wewn\u0105trz odcinka szyjnego kominiarki.<\/p>\n<p>Kominiarka Kreator mo\u017ce by\u0107 noszona przez funkcjonariuszy s\u0142u\u017cb mundurowych podczas wykonywania zada\u0144 specjalnych.<\/p>\n<p style=\"text-align: justify;\">Parametry mechaniczne kominiarki okre\u015blone na podstawie normy PN-EN 388:<\/p>\n<ul>\n<li>odporno\u015b\u0107 na przebicie: poziom 3 (w skali 1-4),<\/li>\n<li>odporno\u015b\u0107 na przeci\u0119cie ostrzem: poziom E (w skali A-F),<\/li>\n<li>odporno\u015b\u0107 na rozdarcie: poziom 4 (w skali 1-4).<\/li>\n<\/ul>\n<h2>Kominiarka antyno\u017cowa Kreator odpowiada na realne potrzeby u\u017cytkownik\u00f3w ze s\u0142u\u017cb mundurowych.<\/h2>\n<p>Opr\u00f3cz bezpiecze\u0144stwa, kominiarka antyno\u017cowa zapewnia komfort u\u017cytkowania &#8211; r\u00f3wnie\u017c w najtrudniejszych warunkach:<\/p>\n<ul>\n<li>ma wysok\u0105 odporno\u015b\u0107 na dzia\u0142anie potu: poziom 4 (w skali 1\u20135),<\/li>\n<li>ma wysok\u0105 przepuszczalno\u015b\u0107 powietrza: 400 l\/m\u00b2\/sec.<\/li>\n<\/ul>\n<p style=\"text-align: justify;\">Kominiarka antyprzeci\u0119ciowa Kreator dost\u0119pna jest w jednym rozmiarze uniwersalnym albo w dw\u00f3ch rozmiarach: S\/M i L\/XL.<\/p>\n<p>Rozmiar S\/M: obw\u00f3d na wysoko\u015bci gardy 52 cm.<br \/>\nRozmiar L\/XL: obw\u00f3d na wysoko\u015bci gardy 56 cm.<\/p>\n<p>Do wyboru: kolor czarny lub oliwkowy. Inne kolory &#8211; do ustalenia.<\/p>\n","protected":false},"excerpt":{"rendered":"<p style=\"text-align: justify;\">Ognioodporna kominiarka antyprzeci\u0119ciowa i antyprzebiciowa jest produktem uniwersalnym, \u0142\u0105cz\u0105cym w sobie funkcje przydatne w r\u00f3\u017cnych sytuacjach polowych.<\/p>\n<p style=\"text-align: justify;\">Aby zam\u00f3wi\u0107 zadzwo\u0144: <strong><span style=\"color: #d83131;\"><a href=\"tel: +48604117337\">+48 604 117 337<\/a><\/span><\/strong><\/p>\n<p style=\"text-align: justify;\">lub <a href=\"mailto:j.dabrowski@kreatortorun.pl\" class=\"button alert is-alert is-medium\" >\n\t\t<span>ZAPYTAJ<\/span>\n\t<\/a>\n\n<p style=\"text-align: justify;\">Produkt na zam\u00f3wienie specjalne.<\/p>\n","protected":false},"featured_media":23355,"template":"","meta":[],"product_brand":[],"product_cat":[220,155,85,156],"product_tag":[166,190,209],"class_list":{"0":"post-23336","1":"product","2":"type-product","3":"status-publish","4":"has-post-thumbnail","6":"product_cat-kombinezon-p-r","7":"product_cat-akcesoria-meskie-policja","8":"product_cat-wojska-ladowe","9":"product_cat-akcesoria-damskie-policja","10":"product_tag-policja","11":"product_tag-pol","12":"product_tag-ws","14":"first","15":"instock","16":"taxable","17":"shipping-taxable","18":"product-type-variable","19":"has-default-attributes"},"yoast_head":"<!-- This site is optimized with the Yoast SEO plugin v27.3 - https:\/\/yoast.com\/product\/yoast-seo-wordpress\/ -->\n<title>Kominiarka antyprzeci\u0119ciowa i antyprzebiciowa FR - Kreator Toru\u0144<\/title>\n<meta name=\"description\" content=\"Kominiarka 3w1: Kominiarka antyprzeci\u0119ciowa, kominiarka trudnopalna i kominiarka antyprzebiciowa.\" \/>\n<meta name=\"robots\" content=\"index, follow, max-snippet:-1, max-image-preview:large, max-video-preview:-1\" \/>\n<link rel=\"canonical\" href=\"https:\/\/kreatortorun.pl\/produkt\/kominiarka-antyprzecieciowa-i-antyprzebiciowa-fr\/\" \/>\n<meta property=\"og:locale\" content=\"en_US\" \/>\n<meta property=\"og:type\" content=\"article\" \/>\n<meta property=\"og:title\" content=\"Kominiarka antyprzeci\u0119ciowa i antyprzebiciowa FR - Kreator Toru\u0144\" \/>\n<meta property=\"og:description\" content=\"Kominiarka 3w1: Kominiarka antyprzeci\u0119ciowa, kominiarka trudnopalna i kominiarka antyprzebiciowa.\" \/>\n<meta property=\"og:url\" content=\"https:\/\/kreatortorun.pl\/produkt\/kominiarka-antyprzecieciowa-i-antyprzebiciowa-fr\/\" \/>\n<meta property=\"og:site_name\" content=\"Kreator Toru\u0144\" \/>\n<meta property=\"article:publisher\" content=\"https:\/\/www.facebook.com\/torun.kreator\" \/>\n<meta property=\"article:modified_time\" content=\"2025-11-27T10:46:06+00:00\" \/>\n<meta property=\"og:image\" content=\"https:\/\/kreatortorun.pl\/wp-content\/uploads\/2025\/10\/Kw.-bez-gardy-black-1a.jpg\" \/>\n\t<meta property=\"og:image:width\" content=\"1200\" \/>\n\t<meta property=\"og:image:height\" content=\"1200\" \/>\n\t<meta property=\"og:image:type\" content=\"image\/jpeg\" \/>\n<meta name=\"twitter:card\" content=\"summary_large_image\" \/>\n<meta name=\"twitter:label1\" content=\"Est. reading time\" \/>\n\t<meta name=\"twitter:data1\" content=\"2 minutes\" \/>\n<script type=\"application\/ld+json\" class=\"yoast-schema-graph\">{\"@context\":\"https:\\\/\\\/schema.org\",\"@graph\":[{\"@type\":\"WebPage\",\"@id\":\"https:\\\/\\\/kreatortorun.pl\\\/produkt\\\/kominiarka-antyprzecieciowa-i-antyprzebiciowa-fr\\\/\",\"url\":\"https:\\\/\\\/kreatortorun.pl\\\/produkt\\\/kominiarka-antyprzecieciowa-i-antyprzebiciowa-fr\\\/\",\"name\":\"Kominiarka antyprzeci\u0119ciowa i antyprzebiciowa FR - Kreator Toru\u0144\",\"isPartOf\":{\"@id\":\"https:\\\/\\\/kreatortorun.pl\\\/#website\"},\"primaryImageOfPage\":{\"@id\":\"https:\\\/\\\/kreatortorun.pl\\\/produkt\\\/kominiarka-antyprzecieciowa-i-antyprzebiciowa-fr\\\/#primaryimage\"},\"image\":{\"@id\":\"https:\\\/\\\/kreatortorun.pl\\\/produkt\\\/kominiarka-antyprzecieciowa-i-antyprzebiciowa-fr\\\/#primaryimage\"},\"thumbnailUrl\":\"https:\\\/\\\/kreatortorun.pl\\\/wp-content\\\/uploads\\\/2025\\\/10\\\/Kw.-bez-gardy-black-1a.jpg\",\"datePublished\":\"2025-10-07T07:11:28+00:00\",\"dateModified\":\"2025-11-27T10:46:06+00:00\",\"description\":\"Kominiarka 3w1: Kominiarka antyprzeci\u0119ciowa, kominiarka trudnopalna i kominiarka antyprzebiciowa.\",\"breadcrumb\":{\"@id\":\"https:\\\/\\\/kreatortorun.pl\\\/produkt\\\/kominiarka-antyprzecieciowa-i-antyprzebiciowa-fr\\\/#breadcrumb\"},\"inLanguage\":\"en-US\",\"potentialAction\":[{\"@type\":\"ReadAction\",\"target\":[\"https:\\\/\\\/kreatortorun.pl\\\/produkt\\\/kominiarka-antyprzecieciowa-i-antyprzebiciowa-fr\\\/\"]}]},{\"@type\":\"ImageObject\",\"inLanguage\":\"en-US\",\"@id\":\"https:\\\/\\\/kreatortorun.pl\\\/produkt\\\/kominiarka-antyprzecieciowa-i-antyprzebiciowa-fr\\\/#primaryimage\",\"url\":\"https:\\\/\\\/kreatortorun.pl\\\/wp-content\\\/uploads\\\/2025\\\/10\\\/Kw.-bez-gardy-black-1a.jpg\",\"contentUrl\":\"https:\\\/\\\/kreatortorun.pl\\\/wp-content\\\/uploads\\\/2025\\\/10\\\/Kw.-bez-gardy-black-1a.jpg\",\"width\":1200,\"height\":1200},{\"@type\":\"BreadcrumbList\",\"@id\":\"https:\\\/\\\/kreatortorun.pl\\\/produkt\\\/kominiarka-antyprzecieciowa-i-antyprzebiciowa-fr\\\/#breadcrumb\",\"itemListElement\":[{\"@type\":\"ListItem\",\"position\":1,\"name\":\"Strona g\u0142\u00f3wna\",\"item\":\"https:\\\/\\\/kreatortorun.pl\\\/en\\\/\"},{\"@type\":\"ListItem\",\"position\":2,\"name\":\"Shop\",\"item\":\"https:\\\/\\\/kreatortorun.pl\\\/en\\\/shop\\\/\"},{\"@type\":\"ListItem\",\"position\":3,\"name\":\"Kominiarka antyprzeci\u0119ciowa i antyprzebiciowa FR\"}]},{\"@type\":\"WebSite\",\"@id\":\"https:\\\/\\\/kreatortorun.pl\\\/#website\",\"url\":\"https:\\\/\\\/kreatortorun.pl\\\/\",\"name\":\"Kreator Toru\u0144\",\"description\":\"Producent mundur\u00f3w, kombinezon\u00f3w i odzie\u017cy taktycznej\",\"publisher\":{\"@id\":\"https:\\\/\\\/kreatortorun.pl\\\/#organization\"},\"potentialAction\":[{\"@type\":\"SearchAction\",\"target\":{\"@type\":\"EntryPoint\",\"urlTemplate\":\"https:\\\/\\\/kreatortorun.pl\\\/?s={search_term_string}\"},\"query-input\":{\"@type\":\"PropertyValueSpecification\",\"valueRequired\":true,\"valueName\":\"search_term_string\"}}],\"inLanguage\":\"en-US\"},{\"@type\":\"Organization\",\"@id\":\"https:\\\/\\\/kreatortorun.pl\\\/#organization\",\"name\":\"Kreator Toru\u0144\",\"url\":\"https:\\\/\\\/kreatortorun.pl\\\/\",\"logo\":{\"@type\":\"ImageObject\",\"inLanguage\":\"en-US\",\"@id\":\"https:\\\/\\\/kreatortorun.pl\\\/#\\\/schema\\\/logo\\\/image\\\/\",\"url\":\"https:\\\/\\\/kreatortorun.pl\\\/wp-content\\\/uploads\\\/2024\\\/02\\\/cropped-kreator-logo-favicon.png\",\"contentUrl\":\"https:\\\/\\\/kreatortorun.pl\\\/wp-content\\\/uploads\\\/2024\\\/02\\\/cropped-kreator-logo-favicon.png\",\"width\":512,\"height\":512,\"caption\":\"Kreator Toru\u0144\"},\"image\":{\"@id\":\"https:\\\/\\\/kreatortorun.pl\\\/#\\\/schema\\\/logo\\\/image\\\/\"},\"sameAs\":[\"https:\\\/\\\/www.facebook.com\\\/torun.kreator\",\"https:\\\/\\\/www.youtube.com\\\/@kreatortorun1862\"]}]}<\/script>\n<!-- \/ Yoast SEO plugin. -->","yoast_head_json":{"title":"Kominiarka antyprzeci\u0119ciowa i antyprzebiciowa FR - Kreator Toru\u0144","description":"Kominiarka 3w1: Kominiarka antyprzeci\u0119ciowa, kominiarka trudnopalna i kominiarka antyprzebiciowa.","robots":{"index":"index","follow":"follow","max-snippet":"max-snippet:-1","max-image-preview":"max-image-preview:large","max-video-preview":"max-video-preview:-1"},"canonical":"https:\/\/kreatortorun.pl\/produkt\/kominiarka-antyprzecieciowa-i-antyprzebiciowa-fr\/","og_locale":"en_US","og_type":"article","og_title":"Kominiarka antyprzeci\u0119ciowa i antyprzebiciowa FR - Kreator Toru\u0144","og_description":"Kominiarka 3w1: Kominiarka antyprzeci\u0119ciowa, kominiarka trudnopalna i kominiarka antyprzebiciowa.","og_url":"https:\/\/kreatortorun.pl\/produkt\/kominiarka-antyprzecieciowa-i-antyprzebiciowa-fr\/","og_site_name":"Kreator Toru\u0144","article_publisher":"https:\/\/www.facebook.com\/torun.kreator","article_modified_time":"2025-11-27T10:46:06+00:00","og_image":[{"width":1200,"height":1200,"url":"https:\/\/kreatortorun.pl\/wp-content\/uploads\/2025\/10\/Kw.-bez-gardy-black-1a.jpg","type":"image\/jpeg"}],"twitter_card":"summary_large_image","twitter_misc":{"Est. reading time":"2 minutes"},"schema":{"@context":"https:\/\/schema.org","@graph":[{"@type":"WebPage","@id":"https:\/\/kreatortorun.pl\/produkt\/kominiarka-antyprzecieciowa-i-antyprzebiciowa-fr\/","url":"https:\/\/kreatortorun.pl\/produkt\/kominiarka-antyprzecieciowa-i-antyprzebiciowa-fr\/","name":"Kominiarka antyprzeci\u0119ciowa i antyprzebiciowa FR - Kreator Toru\u0144","isPartOf":{"@id":"https:\/\/kreatortorun.pl\/#website"},"primaryImageOfPage":{"@id":"https:\/\/kreatortorun.pl\/produkt\/kominiarka-antyprzecieciowa-i-antyprzebiciowa-fr\/#primaryimage"},"image":{"@id":"https:\/\/kreatortorun.pl\/produkt\/kominiarka-antyprzecieciowa-i-antyprzebiciowa-fr\/#primaryimage"},"thumbnailUrl":"https:\/\/kreatortorun.pl\/wp-content\/uploads\/2025\/10\/Kw.-bez-gardy-black-1a.jpg","datePublished":"2025-10-07T07:11:28+00:00","dateModified":"2025-11-27T10:46:06+00:00","description":"Kominiarka 3w1: Kominiarka antyprzeci\u0119ciowa, kominiarka trudnopalna i kominiarka antyprzebiciowa.","breadcrumb":{"@id":"https:\/\/kreatortorun.pl\/produkt\/kominiarka-antyprzecieciowa-i-antyprzebiciowa-fr\/#breadcrumb"},"inLanguage":"en-US","potentialAction":[{"@type":"ReadAction","target":["https:\/\/kreatortorun.pl\/produkt\/kominiarka-antyprzecieciowa-i-antyprzebiciowa-fr\/"]}]},{"@type":"ImageObject","inLanguage":"en-US","@id":"https:\/\/kreatortorun.pl\/produkt\/kominiarka-antyprzecieciowa-i-antyprzebiciowa-fr\/#primaryimage","url":"https:\/\/kreatortorun.pl\/wp-content\/uploads\/2025\/10\/Kw.-bez-gardy-black-1a.jpg","contentUrl":"https:\/\/kreatortorun.pl\/wp-content\/uploads\/2025\/10\/Kw.-bez-gardy-black-1a.jpg","width":1200,"height":1200},{"@type":"BreadcrumbList","@id":"https:\/\/kreatortorun.pl\/produkt\/kominiarka-antyprzecieciowa-i-antyprzebiciowa-fr\/#breadcrumb","itemListElement":[{"@type":"ListItem","position":1,"name":"Strona g\u0142\u00f3wna","item":"https:\/\/kreatortorun.pl\/en\/"},{"@type":"ListItem","position":2,"name":"Shop","item":"https:\/\/kreatortorun.pl\/en\/shop\/"},{"@type":"ListItem","position":3,"name":"Kominiarka antyprzeci\u0119ciowa i antyprzebiciowa FR"}]},{"@type":"WebSite","@id":"https:\/\/kreatortorun.pl\/#website","url":"https:\/\/kreatortorun.pl\/","name":"Kreator Toru\u0144","description":"Producent mundur\u00f3w, kombinezon\u00f3w i odzie\u017cy taktycznej","publisher":{"@id":"https:\/\/kreatortorun.pl\/#organization"},"potentialAction":[{"@type":"SearchAction","target":{"@type":"EntryPoint","urlTemplate":"https:\/\/kreatortorun.pl\/?s={search_term_string}"},"query-input":{"@type":"PropertyValueSpecification","valueRequired":true,"valueName":"search_term_string"}}],"inLanguage":"en-US"},{"@type":"Organization","@id":"https:\/\/kreatortorun.pl\/#organization","name":"Kreator Toru\u0144","url":"https:\/\/kreatortorun.pl\/","logo":{"@type":"ImageObject","inLanguage":"en-US","@id":"https:\/\/kreatortorun.pl\/#\/schema\/logo\/image\/","url":"https:\/\/kreatortorun.pl\/wp-content\/uploads\/2024\/02\/cropped-kreator-logo-favicon.png","contentUrl":"https:\/\/kreatortorun.pl\/wp-content\/uploads\/2024\/02\/cropped-kreator-logo-favicon.png","width":512,"height":512,"caption":"Kreator Toru\u0144"},"image":{"@id":"https:\/\/kreatortorun.pl\/#\/schema\/logo\/image\/"},"sameAs":["https:\/\/www.facebook.com\/torun.kreator","https:\/\/www.youtube.com\/@kreatortorun1862"]}]}},"_links":{"self":[{"href":"https:\/\/kreatortorun.pl\/en\/wp-json\/wp\/v2\/product\/23336","targetHints":{"allow":["GET"]}}],"collection":[{"href":"https:\/\/kreatortorun.pl\/en\/wp-json\/wp\/v2\/product"}],"about":[{"href":"https:\/\/kreatortorun.pl\/en\/wp-json\/wp\/v2\/types\/product"}],"wp:featuredmedia":[{"embeddable":true,"href":"https:\/\/kreatortorun.pl\/en\/wp-json\/wp\/v2\/media\/23355"}],"wp:attachment":[{"href":"https:\/\/kreatortorun.pl\/en\/wp-json\/wp\/v2\/media?parent=23336"}],"wp:term":[{"taxonomy":"product_brand","embeddable":true,"href":"https:\/\/kreatortorun.pl\/en\/wp-json\/wp\/v2\/product_brand?post=23336"},{"taxonomy":"product_cat","embeddable":true,"href":"https:\/\/kreatortorun.pl\/en\/wp-json\/wp\/v2\/product_cat?post=23336"},{"taxonomy":"product_tag","embeddable":true,"href":"https:\/\/kreatortorun.pl\/en\/wp-json\/wp\/v2\/product_tag?post=23336"}],"curies":[{"name":"wp","href":"https:\/\/api.w.org\/{rel}","templated":true}]}}