{"id":24138,"date":"2025-10-21T13:24:03","date_gmt":"2025-10-21T13:24:03","guid":{"rendered":"https:\/\/kreatortorun.pl\/?post_type=product&#038;p=24138"},"modified":"2026-04-27T14:45:33","modified_gmt":"2026-04-27T14:45:33","slug":"koszulka-polo-policja","status":"publish","type":"product","link":"https:\/\/kreatortorun.pl\/en\/produkt\/koszulka-polo-policja\/","title":{"rendered":"Koszulka polo Policja"},"content":{"rendered":"<div style=\"text-align: justify;\">\n<h1><strong>KOSZULKA POLO POLICJA GRANATOWA Z ODBLASKOWYMI NAPISAMI \u2013 80% BAWE\u0141NA \/ 20% NYLON<\/strong><\/h1>\n<p data-start=\"2966\" data-end=\"3152\">Profesjonalna <strong data-start=\"2980\" data-end=\"3007\">koszulka policyjna polo<\/strong> wykonana z wysokiej jako\u015bci dzianiny bawe\u0142niano-nylonowej (80% bawe\u0142na \/ 20% nylon). Przeznaczona dla kobiet i m\u0119\u017cczyzn (kr\u00f3j unisex).<\/p>\n<p data-start=\"3154\" data-end=\"3314\">Koszulka polo posiada odblaskowe napisy POLICJA z przodu, na obu ramionach oraz na plecach, co zwi\u0119ksza widoczno\u015b\u0107 i bezpiecze\u0144stwo podczas dzia\u0142a\u0144 s\u0142u\u017cbowych.<\/p>\n<p data-start=\"3316\" data-end=\"3435\">Wyposa\u017cona w pagony zapinane na guziki oraz dwa rzepy: na oznak\u0119 stopnia i identyfikator imienny.<\/p>\n<h2 data-start=\"714\" data-end=\"759\"><strong data-start=\"718\" data-end=\"759\">Najwa\u017cniejsze cechy &#8220;pol\u00f3wki&#8221; z napisem POLICJA:<\/strong><\/h2>\n<ul>\n<li data-start=\"3470\" data-end=\"3492\">Rozmiary: S, M, L, XL, 2XL, 3XL, 4XL:<\/li>\n<\/ul>\n<p><img loading=\"lazy\" decoding=\"async\" class=\"size-medium wp-image-24229 alignnone\" src=\"https:\/\/kreatortorun.pl\/wp-content\/uploads\/2025\/10\/rozmiarowka-polo-policja-800x169.jpg\" alt=\"\" width=\"800\" height=\"169\" srcset=\"https:\/\/kreatortorun.pl\/wp-content\/uploads\/2025\/10\/rozmiarowka-polo-policja-800x169.jpg 800w, https:\/\/kreatortorun.pl\/wp-content\/uploads\/2025\/10\/rozmiarowka-polo-policja-768x162.jpg 768w, https:\/\/kreatortorun.pl\/wp-content\/uploads\/2025\/10\/rozmiarowka-polo-policja-510x108.jpg 510w, https:\/\/kreatortorun.pl\/wp-content\/uploads\/2025\/10\/rozmiarowka-polo-policja.jpg 960w\" sizes=\"auto, (max-width: 800px) 100vw, 800px\" \/><\/p>\n<ul>\n<li data-start=\"3470\" data-end=\"3492\">Kolor: granatowy<\/li>\n<li data-start=\"3470\" data-end=\"3492\">Sk\u0142ad: 80% bawe\u0142na i 20% nylon<\/li>\n<li data-start=\"3470\" data-end=\"3492\">Kr\u00f3j: unisex<\/li>\n<li data-start=\"3470\" data-end=\"3492\">Zapi\u0119cie pod ko\u0142nierzykiem: na 3 guziki<\/li>\n<li data-start=\"3470\" data-end=\"3492\">Pagony: zapinane na guziki<\/li>\n<li data-start=\"3470\" data-end=\"3492\">Napisy zgodne z Rozporz\u0105dzeniem MSWiA: odblaskowe POLICJA: prz\u00f3d, ramiona, ty\u0142<\/li>\n<li>2 rzepy: lewy prz\u00f3d na oznak\u0119 stopnia i prawy prz\u00f3d na nazwisko<\/li>\n<li style=\"list-style-type: none;\"><\/li>\n<\/ul>\n<h2 data-start=\"1021\" data-end=\"1083\"><strong data-start=\"1025\" data-end=\"1083\">Koszulka z napisem POLICJA \u2013 bawe\u0142niana, granatowa, unisex<\/strong><\/h2>\n<p data-start=\"1085\" data-end=\"1373\">Ten model doskonale sprawdzi si\u0119 jako koszulka \u0107wiczebna POLICJA, a tak\u017ce jako koszulka resortowa lub regulaminowa. Uniwersalny kr\u00f3j unisex gwarantuje dopasowanie do ka\u017cdej sylwetki, a g\u0142\u0119boki granatowy kolor i wyra\u017any napis POLICJA podkre\u015blaj\u0105 profesjonalny wygl\u0105d.<\/p>\n<p data-start=\"1375\" data-end=\"1511\">Dzi\u0119ki wysokiej jako\u015bci bawe\u0142nie koszulka zapewnia oddychalno\u015b\u0107 i komfort, nawet podczas intensywnych dzia\u0142a\u0144 w terenie czy szkole\u0144.<\/p>\n<h2 data-start=\"1518\" data-end=\"1570\"><strong data-start=\"1522\" data-end=\"1570\">Dla kogo przeznaczona jest regulaminowa koszulka z ko\u0142nierzykiem POLICJA?<\/strong><\/h2>\n<ul data-start=\"1571\" data-end=\"1861\">\n<li data-start=\"1571\" data-end=\"1618\">\n<p data-start=\"1573\" data-end=\"1618\">dla funkcjonariuszy i kandydat\u00f3w do s\u0142u\u017cby,<\/p>\n<\/li>\n<li data-start=\"1619\" data-end=\"1656\">\n<p data-start=\"1621\" data-end=\"1656\">do ubioru s\u0142u\u017cbowego Policji,<\/p>\n<\/li>\n<li data-start=\"1619\" data-end=\"1656\">do regulaminowego noszenia samodzielnie lub pod kamizelk\u0119, bluz\u0119 czy kurtk\u0119.<\/li>\n<\/ul>\n<\/div>\n<h2 data-start=\"1868\" data-end=\"1918\"><strong data-start=\"1872\" data-end=\"1918\">Dlaczego warto wybra\u0107 koszulk\u0119 polo s\u0142u\u017cbow\u0105 POLICJA od Kreatora?<\/strong><\/h2>\n<ul>\n<li data-start=\"1919\" data-end=\"2116\">Materia\u0142 zapewniaj\u0105cy trwa\u0142o\u015b\u0107 i komfort u\u017cytkowania &#8211; r\u00f3wnie\u017c w cieplejsze dni.<\/li>\n<li data-start=\"1919\" data-end=\"2116\">Wysokiej jako\u015bci odblaskowe nadruki POLICJA odporne na pranie.<\/li>\n<li data-start=\"1919\" data-end=\"2116\">Klasyczny, uniwersalny kr\u00f3j unisex.<\/li>\n<li data-start=\"1919\" data-end=\"2116\">Produkt zgodny z wymogami umundurowania s\u0142u\u017cbowego KGP.<\/li>\n<\/ul>\n","protected":false},"excerpt":{"rendered":"<div>\n<p class=\"Default\"><span lang=\"PL\">Koszulka polo z napisem POLICJA zgodna z wymogami umundurowania KGP.<\/span><\/p>\n<\/div>\n","protected":false},"featured_media":24213,"template":"","meta":[],"product_brand":[],"product_cat":[231,155,156],"product_tag":[166,190],"class_list":{"0":"post-24138","1":"product","2":"type-product","3":"status-publish","4":"has-post-thumbnail","6":"product_cat-umundurowanie-sluzbowe","7":"product_cat-akcesoria-meskie-policja","8":"product_cat-akcesoria-damskie-policja","9":"product_tag-policja","10":"product_tag-pol","12":"first","13":"instock","14":"taxable","15":"shipping-taxable","16":"purchasable","17":"product-type-variable"},"yoast_head":"<!-- This site is optimized with the Yoast SEO plugin v27.3 - https:\/\/yoast.com\/product\/yoast-seo-wordpress\/ -->\n<title>Koszulka polo Policja - Kreator Toru\u0144<\/title>\n<meta name=\"description\" content=\"Granatowa koszulka polo z napisem POLICJA unisex, wysoka jako\u015b\u0107, wygoda i trwa\u0142o\u015b\u0107. Idealna koszulka \u0107wiczebna i regulaminowa.\" \/>\n<meta name=\"robots\" content=\"index, follow, max-snippet:-1, max-image-preview:large, max-video-preview:-1\" \/>\n<link rel=\"canonical\" href=\"https:\/\/kreatortorun.pl\/produkt\/koszulka-polo-policja\/\" \/>\n<meta property=\"og:locale\" content=\"en_US\" \/>\n<meta property=\"og:type\" content=\"article\" \/>\n<meta property=\"og:title\" content=\"Koszulka polo Policja - Kreator Toru\u0144\" \/>\n<meta property=\"og:description\" content=\"Granatowa koszulka polo z napisem POLICJA unisex, wysoka jako\u015b\u0107, wygoda i trwa\u0142o\u015b\u0107. Idealna koszulka \u0107wiczebna i regulaminowa.\" \/>\n<meta property=\"og:url\" content=\"https:\/\/kreatortorun.pl\/produkt\/koszulka-polo-policja\/\" \/>\n<meta property=\"og:site_name\" content=\"Kreator Toru\u0144\" \/>\n<meta property=\"article:publisher\" content=\"https:\/\/www.facebook.com\/torun.kreator\" \/>\n<meta property=\"article:modified_time\" content=\"2026-04-27T14:45:33+00:00\" \/>\n<meta property=\"og:image\" content=\"https:\/\/kreatortorun.pl\/wp-content\/uploads\/2025\/10\/Polo-POLICJA-przod-e1761298846701.jpg\" \/>\n\t<meta property=\"og:image:width\" content=\"1100\" \/>\n\t<meta property=\"og:image:height\" content=\"1100\" \/>\n\t<meta property=\"og:image:type\" content=\"image\/jpeg\" \/>\n<meta name=\"twitter:card\" content=\"summary_large_image\" \/>\n<meta name=\"twitter:image\" content=\"https:\/\/kreatortorun.pl\/wp-content\/uploads\/2025\/10\/Polo-POLICJA-przod-e1761298846701.jpg\" \/>\n<meta name=\"twitter:label1\" content=\"Est. reading time\" \/>\n\t<meta name=\"twitter:data1\" content=\"2 minutes\" \/>\n<script type=\"application\/ld+json\" class=\"yoast-schema-graph\">{\"@context\":\"https:\\\/\\\/schema.org\",\"@graph\":[{\"@type\":\"WebPage\",\"@id\":\"https:\\\/\\\/kreatortorun.pl\\\/produkt\\\/koszulka-polo-policja\\\/\",\"url\":\"https:\\\/\\\/kreatortorun.pl\\\/produkt\\\/koszulka-polo-policja\\\/\",\"name\":\"Koszulka polo Policja - Kreator Toru\u0144\",\"isPartOf\":{\"@id\":\"https:\\\/\\\/kreatortorun.pl\\\/#website\"},\"primaryImageOfPage\":{\"@id\":\"https:\\\/\\\/kreatortorun.pl\\\/produkt\\\/koszulka-polo-policja\\\/#primaryimage\"},\"image\":{\"@id\":\"https:\\\/\\\/kreatortorun.pl\\\/produkt\\\/koszulka-polo-policja\\\/#primaryimage\"},\"thumbnailUrl\":\"https:\\\/\\\/kreatortorun.pl\\\/wp-content\\\/uploads\\\/2025\\\/10\\\/Polo-POLICJA-przod-e1761298846701.jpg\",\"datePublished\":\"2025-10-21T13:24:03+00:00\",\"dateModified\":\"2026-04-27T14:45:33+00:00\",\"description\":\"Granatowa koszulka polo z napisem POLICJA unisex, wysoka jako\u015b\u0107, wygoda i trwa\u0142o\u015b\u0107. Idealna koszulka \u0107wiczebna i regulaminowa.\",\"breadcrumb\":{\"@id\":\"https:\\\/\\\/kreatortorun.pl\\\/produkt\\\/koszulka-polo-policja\\\/#breadcrumb\"},\"inLanguage\":\"en-US\",\"potentialAction\":[{\"@type\":\"ReadAction\",\"target\":[\"https:\\\/\\\/kreatortorun.pl\\\/produkt\\\/koszulka-polo-policja\\\/\"]}]},{\"@type\":\"ImageObject\",\"inLanguage\":\"en-US\",\"@id\":\"https:\\\/\\\/kreatortorun.pl\\\/produkt\\\/koszulka-polo-policja\\\/#primaryimage\",\"url\":\"https:\\\/\\\/kreatortorun.pl\\\/wp-content\\\/uploads\\\/2025\\\/10\\\/Polo-POLICJA-przod-e1761298846701.jpg\",\"contentUrl\":\"https:\\\/\\\/kreatortorun.pl\\\/wp-content\\\/uploads\\\/2025\\\/10\\\/Polo-POLICJA-przod-e1761298846701.jpg\",\"width\":1100,\"height\":1100},{\"@type\":\"BreadcrumbList\",\"@id\":\"https:\\\/\\\/kreatortorun.pl\\\/produkt\\\/koszulka-polo-policja\\\/#breadcrumb\",\"itemListElement\":[{\"@type\":\"ListItem\",\"position\":1,\"name\":\"Strona g\u0142\u00f3wna\",\"item\":\"https:\\\/\\\/kreatortorun.pl\\\/en\\\/\"},{\"@type\":\"ListItem\",\"position\":2,\"name\":\"Shop\",\"item\":\"https:\\\/\\\/kreatortorun.pl\\\/en\\\/shop\\\/\"},{\"@type\":\"ListItem\",\"position\":3,\"name\":\"Koszulka polo Policja\"}]},{\"@type\":\"WebSite\",\"@id\":\"https:\\\/\\\/kreatortorun.pl\\\/#website\",\"url\":\"https:\\\/\\\/kreatortorun.pl\\\/\",\"name\":\"Kreator Toru\u0144\",\"description\":\"Producent mundur\u00f3w, kombinezon\u00f3w i odzie\u017cy taktycznej\",\"publisher\":{\"@id\":\"https:\\\/\\\/kreatortorun.pl\\\/#organization\"},\"potentialAction\":[{\"@type\":\"SearchAction\",\"target\":{\"@type\":\"EntryPoint\",\"urlTemplate\":\"https:\\\/\\\/kreatortorun.pl\\\/?s={search_term_string}\"},\"query-input\":{\"@type\":\"PropertyValueSpecification\",\"valueRequired\":true,\"valueName\":\"search_term_string\"}}],\"inLanguage\":\"en-US\"},{\"@type\":\"Organization\",\"@id\":\"https:\\\/\\\/kreatortorun.pl\\\/#organization\",\"name\":\"Kreator Toru\u0144\",\"url\":\"https:\\\/\\\/kreatortorun.pl\\\/\",\"logo\":{\"@type\":\"ImageObject\",\"inLanguage\":\"en-US\",\"@id\":\"https:\\\/\\\/kreatortorun.pl\\\/#\\\/schema\\\/logo\\\/image\\\/\",\"url\":\"https:\\\/\\\/kreatortorun.pl\\\/wp-content\\\/uploads\\\/2024\\\/02\\\/cropped-kreator-logo-favicon.png\",\"contentUrl\":\"https:\\\/\\\/kreatortorun.pl\\\/wp-content\\\/uploads\\\/2024\\\/02\\\/cropped-kreator-logo-favicon.png\",\"width\":512,\"height\":512,\"caption\":\"Kreator Toru\u0144\"},\"image\":{\"@id\":\"https:\\\/\\\/kreatortorun.pl\\\/#\\\/schema\\\/logo\\\/image\\\/\"},\"sameAs\":[\"https:\\\/\\\/www.facebook.com\\\/torun.kreator\",\"https:\\\/\\\/www.youtube.com\\\/@kreatortorun1862\"]}]}<\/script>\n<!-- \/ Yoast SEO plugin. -->","yoast_head_json":{"title":"Koszulka polo Policja - Kreator Toru\u0144","description":"Granatowa koszulka polo z napisem POLICJA unisex, wysoka jako\u015b\u0107, wygoda i trwa\u0142o\u015b\u0107. Idealna koszulka \u0107wiczebna i regulaminowa.","robots":{"index":"index","follow":"follow","max-snippet":"max-snippet:-1","max-image-preview":"max-image-preview:large","max-video-preview":"max-video-preview:-1"},"canonical":"https:\/\/kreatortorun.pl\/produkt\/koszulka-polo-policja\/","og_locale":"en_US","og_type":"article","og_title":"Koszulka polo Policja - Kreator Toru\u0144","og_description":"Granatowa koszulka polo z napisem POLICJA unisex, wysoka jako\u015b\u0107, wygoda i trwa\u0142o\u015b\u0107. Idealna koszulka \u0107wiczebna i regulaminowa.","og_url":"https:\/\/kreatortorun.pl\/produkt\/koszulka-polo-policja\/","og_site_name":"Kreator Toru\u0144","article_publisher":"https:\/\/www.facebook.com\/torun.kreator","article_modified_time":"2026-04-27T14:45:33+00:00","og_image":[{"width":1100,"height":1100,"url":"https:\/\/kreatortorun.pl\/wp-content\/uploads\/2025\/10\/Polo-POLICJA-przod-e1761298846701.jpg","type":"image\/jpeg"}],"twitter_card":"summary_large_image","twitter_image":"https:\/\/kreatortorun.pl\/wp-content\/uploads\/2025\/10\/Polo-POLICJA-przod-e1761298846701.jpg","twitter_misc":{"Est. reading time":"2 minutes"},"schema":{"@context":"https:\/\/schema.org","@graph":[{"@type":"WebPage","@id":"https:\/\/kreatortorun.pl\/produkt\/koszulka-polo-policja\/","url":"https:\/\/kreatortorun.pl\/produkt\/koszulka-polo-policja\/","name":"Koszulka polo Policja - Kreator Toru\u0144","isPartOf":{"@id":"https:\/\/kreatortorun.pl\/#website"},"primaryImageOfPage":{"@id":"https:\/\/kreatortorun.pl\/produkt\/koszulka-polo-policja\/#primaryimage"},"image":{"@id":"https:\/\/kreatortorun.pl\/produkt\/koszulka-polo-policja\/#primaryimage"},"thumbnailUrl":"https:\/\/kreatortorun.pl\/wp-content\/uploads\/2025\/10\/Polo-POLICJA-przod-e1761298846701.jpg","datePublished":"2025-10-21T13:24:03+00:00","dateModified":"2026-04-27T14:45:33+00:00","description":"Granatowa koszulka polo z napisem POLICJA unisex, wysoka jako\u015b\u0107, wygoda i trwa\u0142o\u015b\u0107. Idealna koszulka \u0107wiczebna i regulaminowa.","breadcrumb":{"@id":"https:\/\/kreatortorun.pl\/produkt\/koszulka-polo-policja\/#breadcrumb"},"inLanguage":"en-US","potentialAction":[{"@type":"ReadAction","target":["https:\/\/kreatortorun.pl\/produkt\/koszulka-polo-policja\/"]}]},{"@type":"ImageObject","inLanguage":"en-US","@id":"https:\/\/kreatortorun.pl\/produkt\/koszulka-polo-policja\/#primaryimage","url":"https:\/\/kreatortorun.pl\/wp-content\/uploads\/2025\/10\/Polo-POLICJA-przod-e1761298846701.jpg","contentUrl":"https:\/\/kreatortorun.pl\/wp-content\/uploads\/2025\/10\/Polo-POLICJA-przod-e1761298846701.jpg","width":1100,"height":1100},{"@type":"BreadcrumbList","@id":"https:\/\/kreatortorun.pl\/produkt\/koszulka-polo-policja\/#breadcrumb","itemListElement":[{"@type":"ListItem","position":1,"name":"Strona g\u0142\u00f3wna","item":"https:\/\/kreatortorun.pl\/en\/"},{"@type":"ListItem","position":2,"name":"Shop","item":"https:\/\/kreatortorun.pl\/en\/shop\/"},{"@type":"ListItem","position":3,"name":"Koszulka polo Policja"}]},{"@type":"WebSite","@id":"https:\/\/kreatortorun.pl\/#website","url":"https:\/\/kreatortorun.pl\/","name":"Kreator Toru\u0144","description":"Producent mundur\u00f3w, kombinezon\u00f3w i odzie\u017cy taktycznej","publisher":{"@id":"https:\/\/kreatortorun.pl\/#organization"},"potentialAction":[{"@type":"SearchAction","target":{"@type":"EntryPoint","urlTemplate":"https:\/\/kreatortorun.pl\/?s={search_term_string}"},"query-input":{"@type":"PropertyValueSpecification","valueRequired":true,"valueName":"search_term_string"}}],"inLanguage":"en-US"},{"@type":"Organization","@id":"https:\/\/kreatortorun.pl\/#organization","name":"Kreator Toru\u0144","url":"https:\/\/kreatortorun.pl\/","logo":{"@type":"ImageObject","inLanguage":"en-US","@id":"https:\/\/kreatortorun.pl\/#\/schema\/logo\/image\/","url":"https:\/\/kreatortorun.pl\/wp-content\/uploads\/2024\/02\/cropped-kreator-logo-favicon.png","contentUrl":"https:\/\/kreatortorun.pl\/wp-content\/uploads\/2024\/02\/cropped-kreator-logo-favicon.png","width":512,"height":512,"caption":"Kreator Toru\u0144"},"image":{"@id":"https:\/\/kreatortorun.pl\/#\/schema\/logo\/image\/"},"sameAs":["https:\/\/www.facebook.com\/torun.kreator","https:\/\/www.youtube.com\/@kreatortorun1862"]}]}},"_links":{"self":[{"href":"https:\/\/kreatortorun.pl\/en\/wp-json\/wp\/v2\/product\/24138","targetHints":{"allow":["GET"]}}],"collection":[{"href":"https:\/\/kreatortorun.pl\/en\/wp-json\/wp\/v2\/product"}],"about":[{"href":"https:\/\/kreatortorun.pl\/en\/wp-json\/wp\/v2\/types\/product"}],"wp:featuredmedia":[{"embeddable":true,"href":"https:\/\/kreatortorun.pl\/en\/wp-json\/wp\/v2\/media\/24213"}],"wp:attachment":[{"href":"https:\/\/kreatortorun.pl\/en\/wp-json\/wp\/v2\/media?parent=24138"}],"wp:term":[{"taxonomy":"product_brand","embeddable":true,"href":"https:\/\/kreatortorun.pl\/en\/wp-json\/wp\/v2\/product_brand?post=24138"},{"taxonomy":"product_cat","embeddable":true,"href":"https:\/\/kreatortorun.pl\/en\/wp-json\/wp\/v2\/product_cat?post=24138"},{"taxonomy":"product_tag","embeddable":true,"href":"https:\/\/kreatortorun.pl\/en\/wp-json\/wp\/v2\/product_tag?post=24138"}],"curies":[{"name":"wp","href":"https:\/\/api.w.org\/{rel}","templated":true}]}}