{"id":24249,"date":"2025-10-24T09:56:56","date_gmt":"2025-10-24T09:56:56","guid":{"rendered":"https:\/\/kreatortorun.pl\/?post_type=product&#038;p=24249"},"modified":"2026-04-27T14:55:26","modified_gmt":"2026-04-27T14:55:26","slug":"koszulka-polowa-aktualny-wzor-304a-mon","status":"publish","type":"product","link":"https:\/\/kreatortorun.pl\/en\/produkt\/koszulka-polowa-aktualny-wzor-304a-mon\/","title":{"rendered":"Koszulka polowa aktualny wz\u00f3r 304A\/MON"},"content":{"rendered":"<div style=\"text-align: justify;\">\n<h1><strong>WOJSKOWA KOSZULKA POLOWA 304A\/MON \u2013 \u201ePol\u00f3wka\u201d zgodna ze Specyfikacj\u0105 MON<\/strong><\/h1>\n<p data-start=\"619\" data-end=\"957\">Wojskowa koszulka polowa 304A\/MON to model zaprojektowany zgodnie ze Specyfikacj\u0105 MON, wykorzystywany przez \u017co\u0142nierzy Wojska Polskiego. To klasyczna wojskowa \u201epol\u00f3wka\u201d w kolorze khaki, wykonana z trwa\u0142ej dzianiny bawe\u0142niano-poliestrowej o splocie typu pika, zapewniaj\u0105cej komfort noszenia w r\u00f3\u017cnych warunkach terenowych.<\/p>\n<p data-start=\"959\" data-end=\"1136\">Koszulka jest uniwersalna \u2013 dla kobiet i m\u0119\u017cczyzn, doskonale sprawdzi si\u0119 podczas s\u0142u\u017cby, szkole\u0144, a tak\u017ce w codziennym u\u017cytkowaniu wojskowym.<\/p>\n<h2 data-start=\"714\" data-end=\"759\"><strong>Cechy koszulki 304A\/MON:<\/strong><\/h2>\n<ul>\n<li data-start=\"1191\" data-end=\"1287\">\u00a0Dost\u0119pne rozmiary: od XS do 4XL:<\/li>\n<\/ul>\n<p><img loading=\"lazy\" decoding=\"async\" class=\"alignnone size-medium wp-image-24274\" src=\"https:\/\/kreatortorun.pl\/wp-content\/uploads\/2025\/10\/rozmiarowka-polo-wojsko-1-800x234.jpg\" alt=\"\" width=\"800\" height=\"234\" srcset=\"https:\/\/kreatortorun.pl\/wp-content\/uploads\/2025\/10\/rozmiarowka-polo-wojsko-1-800x234.jpg 800w, https:\/\/kreatortorun.pl\/wp-content\/uploads\/2025\/10\/rozmiarowka-polo-wojsko-1-768x224.jpg 768w, https:\/\/kreatortorun.pl\/wp-content\/uploads\/2025\/10\/rozmiarowka-polo-wojsko-1-510x149.jpg 510w, https:\/\/kreatortorun.pl\/wp-content\/uploads\/2025\/10\/rozmiarowka-polo-wojsko-1.jpg 805w\" sizes=\"auto, (max-width: 800px) 100vw, 800px\" \/><\/p>\n<ul>\n<li data-start=\"1191\" data-end=\"1287\">\n<p data-start=\"1193\" data-end=\"1287\">Zgodno\u015b\u0107 ze Specyfikacj\u0105 MON.<\/p>\n<\/li>\n<li data-start=\"1288\" data-end=\"1384\">\n<p data-start=\"1290\" data-end=\"1384\">Materia\u0142: 50% bawe\u0142na i 50% poliester \u2013 optymalne po\u0142\u0105czenie komfortu i wytrzyma\u0142o\u015bci.<\/p>\n<\/li>\n<li data-start=\"1385\" data-end=\"1452\">\n<p data-start=\"1387\" data-end=\"1452\">Kolor: khaki \u2013 idealny do warunk\u00f3w polowych i terenowych.<\/p>\n<\/li>\n<li data-start=\"1453\" data-end=\"1546\">\n<p data-start=\"1455\" data-end=\"1546\">Tkanina typu pika z aplikacjami w kamufla\u017cu ochronnym \u201epantera\u201d na ramionach.<\/p>\n<\/li>\n<li data-start=\"1547\" data-end=\"1634\">\n<p data-start=\"1549\" data-end=\"1634\">Ko\u0142nierzyk polo z dzianiny \u015bci\u0105gaczowej, zapinany na trzy guziki poliestrowe.<\/p>\n<\/li>\n<li data-start=\"1635\" data-end=\"1736\">\n<p data-start=\"1637\" data-end=\"1736\">2 Flagi RP \u2013 naszyte na ramionach oznaki przynale\u017cno\u015bci pa\u0144stwowej z tkanej ta\u015bmy \u017cakardowej.<\/p>\n<\/li>\n<li data-start=\"1737\" data-end=\"1886\">\n<p data-start=\"1739\" data-end=\"1770\">Ta\u015bmy rzepowe (Velcro): <span style=\"color: #333333;\">na lewej piersi z miejscem na oznak\u0119 stopnia wojskowego, <\/span><span style=\"color: #333333;\">na prawej piersi z miejscem na oznak\u0119 imienn\u0105.<\/span><\/p>\n<\/li>\n<\/ul>\n<h2 data-start=\"1954\" data-end=\"1994\"><strong>Koszulka polowa 304A\/MON w kolorze khaki sprawdzi si\u0119:<\/strong><\/h2>\n<ul data-start=\"1995\" data-end=\"2201\">\n<li data-start=\"1995\" data-end=\"2028\">w Wojskach L\u0105dowych i Si\u0142ach Powietrznych,<\/li>\n<li data-start=\"2029\" data-end=\"2078\">\n<p data-start=\"2031\" data-end=\"2078\">w czasie \u0107wicze\u0144 i szkole\u0144 wojskowych,<\/p>\n<\/li>\n<li data-start=\"2029\" data-end=\"2078\">\n<p data-start=\"2031\" data-end=\"2078\">noszona do ubioru polowego WL i SP.<\/p>\n<\/li>\n<\/ul>\n<h2><strong>Jak nosi\u0107 pol\u00f3wk\u0119 wojskow\u0105?<\/strong><\/h2>\n<p>Wed\u0142ug Przepis\u00f3w Ubiorczych koszulk\u0119 polow\u0105 wz. 304A\/MON w kolorze khaki nosi si\u0119 w Wojskach L\u0105dowych i Si\u0142ach Powietrznych z zapi\u0119tymi guzikami lub z rozpi\u0119tym jednym guzikiem, wpuszczon\u0105 w spodnie munduru lub opuszczon\u0105 na spodnie munduru. Tzw. &#8220;pol\u00f3wka&#8221; jest alternatyw\u0105 dla koszulo-bluzy polowej (aktualnej tylko do k. 2026 r.).<\/p>\n<p data-start=\"2203\" data-end=\"2353\">Dzi\u0119ki wysokiej jako\u015bci wykonania i zgodno\u015bci z wymogami MON koszulka polo wojskowa to wyb\u00f3r dla profesjonalist\u00f3w, kt\u00f3rzy ceni\u0105 funkcjonalno\u015b\u0107, trwa\u0142o\u015b\u0107 i wojskow\u0105 estetyk\u0119.<\/p>\n<\/div>\n","protected":false},"excerpt":{"rendered":"<p class=\"Default\">Koszulka polowa wz\u00f3r 304A\/MON zgodna z dokumentacj\u0105 WDTT.<\/p>\n","protected":false},"featured_media":24268,"template":"","meta":[],"product_brand":[],"product_cat":[246,111,147,140,148],"product_tag":[88,89],"class_list":{"0":"post-24249","1":"product","2":"type-product","3":"status-publish","4":"has-post-thumbnail","6":"product_cat-koszulki-bluzy-wl","7":"product_cat-akcesoria-meskie-wl","8":"product_cat-akcesoria-meskie","9":"product_cat-akcesoria-damskie-wl","10":"product_cat-akcesoria-damskie","11":"product_tag-wl","12":"product_tag-sp","14":"first","15":"instock","16":"taxable","17":"shipping-taxable","18":"purchasable","19":"product-type-variable"},"yoast_head":"<!-- This site is optimized with the Yoast SEO plugin v27.3 - https:\/\/yoast.com\/product\/yoast-seo-wordpress\/ -->\n<title>Koszulka polowa aktualny wz\u00f3r 304A\/MON - Kreator Toru\u0144<\/title>\n<meta name=\"description\" content=\"Koszulka polowa 304A\/MON \u2013 oryginalna wojskowa \u201epol\u00f3wka\u201d zgodna ze specyfikacj\u0105 MON. Kolor khaki, flagi RP na r\u0119kawach, rozmiary XS\u20134XL. Dla kobiet i m\u0119\u017cczyzn.\" \/>\n<meta name=\"robots\" content=\"index, follow, max-snippet:-1, max-image-preview:large, max-video-preview:-1\" \/>\n<link rel=\"canonical\" href=\"https:\/\/kreatortorun.pl\/produkt\/koszulka-polowa-aktualny-wzor-304a-mon\/\" \/>\n<meta property=\"og:locale\" content=\"en_US\" \/>\n<meta property=\"og:type\" content=\"article\" \/>\n<meta property=\"og:title\" content=\"Koszulka polowa aktualny wz\u00f3r 304A\/MON - Kreator Toru\u0144\" \/>\n<meta property=\"og:description\" content=\"Koszulka polowa 304A\/MON \u2013 oryginalna wojskowa \u201epol\u00f3wka\u201d zgodna ze specyfikacj\u0105 MON. Kolor khaki, flagi RP na r\u0119kawach, rozmiary XS\u20134XL. Dla kobiet i m\u0119\u017cczyzn.\" \/>\n<meta property=\"og:url\" content=\"https:\/\/kreatortorun.pl\/produkt\/koszulka-polowa-aktualny-wzor-304a-mon\/\" \/>\n<meta property=\"og:site_name\" content=\"Kreator Toru\u0144\" \/>\n<meta property=\"article:publisher\" content=\"https:\/\/www.facebook.com\/torun.kreator\" \/>\n<meta property=\"article:modified_time\" content=\"2026-04-27T14:55:26+00:00\" \/>\n<meta property=\"og:image\" content=\"https:\/\/kreatortorun.pl\/wp-content\/uploads\/2025\/10\/Polo-Zielen-przod.jpg\" \/>\n\t<meta property=\"og:image:width\" content=\"1200\" \/>\n\t<meta property=\"og:image:height\" content=\"1200\" \/>\n\t<meta property=\"og:image:type\" content=\"image\/jpeg\" \/>\n<meta name=\"twitter:card\" content=\"summary_large_image\" \/>\n<meta name=\"twitter:label1\" content=\"Est. reading time\" \/>\n\t<meta name=\"twitter:data1\" content=\"2 minutes\" \/>\n<script type=\"application\/ld+json\" class=\"yoast-schema-graph\">{\"@context\":\"https:\\\/\\\/schema.org\",\"@graph\":[{\"@type\":\"WebPage\",\"@id\":\"https:\\\/\\\/kreatortorun.pl\\\/produkt\\\/koszulka-polowa-aktualny-wzor-304a-mon\\\/\",\"url\":\"https:\\\/\\\/kreatortorun.pl\\\/produkt\\\/koszulka-polowa-aktualny-wzor-304a-mon\\\/\",\"name\":\"Koszulka polowa aktualny wz\u00f3r 304A\\\/MON - Kreator Toru\u0144\",\"isPartOf\":{\"@id\":\"https:\\\/\\\/kreatortorun.pl\\\/#website\"},\"primaryImageOfPage\":{\"@id\":\"https:\\\/\\\/kreatortorun.pl\\\/produkt\\\/koszulka-polowa-aktualny-wzor-304a-mon\\\/#primaryimage\"},\"image\":{\"@id\":\"https:\\\/\\\/kreatortorun.pl\\\/produkt\\\/koszulka-polowa-aktualny-wzor-304a-mon\\\/#primaryimage\"},\"thumbnailUrl\":\"https:\\\/\\\/kreatortorun.pl\\\/wp-content\\\/uploads\\\/2025\\\/10\\\/Polo-Zielen-przod.jpg\",\"datePublished\":\"2025-10-24T09:56:56+00:00\",\"dateModified\":\"2026-04-27T14:55:26+00:00\",\"description\":\"Koszulka polowa 304A\\\/MON \u2013 oryginalna wojskowa \u201epol\u00f3wka\u201d zgodna ze specyfikacj\u0105 MON. Kolor khaki, flagi RP na r\u0119kawach, rozmiary XS\u20134XL. Dla kobiet i m\u0119\u017cczyzn.\",\"breadcrumb\":{\"@id\":\"https:\\\/\\\/kreatortorun.pl\\\/produkt\\\/koszulka-polowa-aktualny-wzor-304a-mon\\\/#breadcrumb\"},\"inLanguage\":\"en-US\",\"potentialAction\":[{\"@type\":\"ReadAction\",\"target\":[\"https:\\\/\\\/kreatortorun.pl\\\/produkt\\\/koszulka-polowa-aktualny-wzor-304a-mon\\\/\"]}]},{\"@type\":\"ImageObject\",\"inLanguage\":\"en-US\",\"@id\":\"https:\\\/\\\/kreatortorun.pl\\\/produkt\\\/koszulka-polowa-aktualny-wzor-304a-mon\\\/#primaryimage\",\"url\":\"https:\\\/\\\/kreatortorun.pl\\\/wp-content\\\/uploads\\\/2025\\\/10\\\/Polo-Zielen-przod.jpg\",\"contentUrl\":\"https:\\\/\\\/kreatortorun.pl\\\/wp-content\\\/uploads\\\/2025\\\/10\\\/Polo-Zielen-przod.jpg\",\"width\":1200,\"height\":1200},{\"@type\":\"BreadcrumbList\",\"@id\":\"https:\\\/\\\/kreatortorun.pl\\\/produkt\\\/koszulka-polowa-aktualny-wzor-304a-mon\\\/#breadcrumb\",\"itemListElement\":[{\"@type\":\"ListItem\",\"position\":1,\"name\":\"Strona g\u0142\u00f3wna\",\"item\":\"https:\\\/\\\/kreatortorun.pl\\\/en\\\/\"},{\"@type\":\"ListItem\",\"position\":2,\"name\":\"Shop\",\"item\":\"https:\\\/\\\/kreatortorun.pl\\\/en\\\/shop\\\/\"},{\"@type\":\"ListItem\",\"position\":3,\"name\":\"Koszulka polowa aktualny wz\u00f3r 304A\\\/MON\"}]},{\"@type\":\"WebSite\",\"@id\":\"https:\\\/\\\/kreatortorun.pl\\\/#website\",\"url\":\"https:\\\/\\\/kreatortorun.pl\\\/\",\"name\":\"Kreator Toru\u0144\",\"description\":\"Producent mundur\u00f3w, kombinezon\u00f3w i odzie\u017cy taktycznej\",\"publisher\":{\"@id\":\"https:\\\/\\\/kreatortorun.pl\\\/#organization\"},\"potentialAction\":[{\"@type\":\"SearchAction\",\"target\":{\"@type\":\"EntryPoint\",\"urlTemplate\":\"https:\\\/\\\/kreatortorun.pl\\\/?s={search_term_string}\"},\"query-input\":{\"@type\":\"PropertyValueSpecification\",\"valueRequired\":true,\"valueName\":\"search_term_string\"}}],\"inLanguage\":\"en-US\"},{\"@type\":\"Organization\",\"@id\":\"https:\\\/\\\/kreatortorun.pl\\\/#organization\",\"name\":\"Kreator Toru\u0144\",\"url\":\"https:\\\/\\\/kreatortorun.pl\\\/\",\"logo\":{\"@type\":\"ImageObject\",\"inLanguage\":\"en-US\",\"@id\":\"https:\\\/\\\/kreatortorun.pl\\\/#\\\/schema\\\/logo\\\/image\\\/\",\"url\":\"https:\\\/\\\/kreatortorun.pl\\\/wp-content\\\/uploads\\\/2024\\\/02\\\/cropped-kreator-logo-favicon.png\",\"contentUrl\":\"https:\\\/\\\/kreatortorun.pl\\\/wp-content\\\/uploads\\\/2024\\\/02\\\/cropped-kreator-logo-favicon.png\",\"width\":512,\"height\":512,\"caption\":\"Kreator Toru\u0144\"},\"image\":{\"@id\":\"https:\\\/\\\/kreatortorun.pl\\\/#\\\/schema\\\/logo\\\/image\\\/\"},\"sameAs\":[\"https:\\\/\\\/www.facebook.com\\\/torun.kreator\",\"https:\\\/\\\/www.youtube.com\\\/@kreatortorun1862\"]}]}<\/script>\n<!-- \/ Yoast SEO plugin. -->","yoast_head_json":{"title":"Koszulka polowa aktualny wz\u00f3r 304A\/MON - Kreator Toru\u0144","description":"Koszulka polowa 304A\/MON \u2013 oryginalna wojskowa \u201epol\u00f3wka\u201d zgodna ze specyfikacj\u0105 MON. Kolor khaki, flagi RP na r\u0119kawach, rozmiary XS\u20134XL. Dla kobiet i m\u0119\u017cczyzn.","robots":{"index":"index","follow":"follow","max-snippet":"max-snippet:-1","max-image-preview":"max-image-preview:large","max-video-preview":"max-video-preview:-1"},"canonical":"https:\/\/kreatortorun.pl\/produkt\/koszulka-polowa-aktualny-wzor-304a-mon\/","og_locale":"en_US","og_type":"article","og_title":"Koszulka polowa aktualny wz\u00f3r 304A\/MON - Kreator Toru\u0144","og_description":"Koszulka polowa 304A\/MON \u2013 oryginalna wojskowa \u201epol\u00f3wka\u201d zgodna ze specyfikacj\u0105 MON. Kolor khaki, flagi RP na r\u0119kawach, rozmiary XS\u20134XL. Dla kobiet i m\u0119\u017cczyzn.","og_url":"https:\/\/kreatortorun.pl\/produkt\/koszulka-polowa-aktualny-wzor-304a-mon\/","og_site_name":"Kreator Toru\u0144","article_publisher":"https:\/\/www.facebook.com\/torun.kreator","article_modified_time":"2026-04-27T14:55:26+00:00","og_image":[{"width":1200,"height":1200,"url":"https:\/\/kreatortorun.pl\/wp-content\/uploads\/2025\/10\/Polo-Zielen-przod.jpg","type":"image\/jpeg"}],"twitter_card":"summary_large_image","twitter_misc":{"Est. reading time":"2 minutes"},"schema":{"@context":"https:\/\/schema.org","@graph":[{"@type":"WebPage","@id":"https:\/\/kreatortorun.pl\/produkt\/koszulka-polowa-aktualny-wzor-304a-mon\/","url":"https:\/\/kreatortorun.pl\/produkt\/koszulka-polowa-aktualny-wzor-304a-mon\/","name":"Koszulka polowa aktualny wz\u00f3r 304A\/MON - Kreator Toru\u0144","isPartOf":{"@id":"https:\/\/kreatortorun.pl\/#website"},"primaryImageOfPage":{"@id":"https:\/\/kreatortorun.pl\/produkt\/koszulka-polowa-aktualny-wzor-304a-mon\/#primaryimage"},"image":{"@id":"https:\/\/kreatortorun.pl\/produkt\/koszulka-polowa-aktualny-wzor-304a-mon\/#primaryimage"},"thumbnailUrl":"https:\/\/kreatortorun.pl\/wp-content\/uploads\/2025\/10\/Polo-Zielen-przod.jpg","datePublished":"2025-10-24T09:56:56+00:00","dateModified":"2026-04-27T14:55:26+00:00","description":"Koszulka polowa 304A\/MON \u2013 oryginalna wojskowa \u201epol\u00f3wka\u201d zgodna ze specyfikacj\u0105 MON. Kolor khaki, flagi RP na r\u0119kawach, rozmiary XS\u20134XL. Dla kobiet i m\u0119\u017cczyzn.","breadcrumb":{"@id":"https:\/\/kreatortorun.pl\/produkt\/koszulka-polowa-aktualny-wzor-304a-mon\/#breadcrumb"},"inLanguage":"en-US","potentialAction":[{"@type":"ReadAction","target":["https:\/\/kreatortorun.pl\/produkt\/koszulka-polowa-aktualny-wzor-304a-mon\/"]}]},{"@type":"ImageObject","inLanguage":"en-US","@id":"https:\/\/kreatortorun.pl\/produkt\/koszulka-polowa-aktualny-wzor-304a-mon\/#primaryimage","url":"https:\/\/kreatortorun.pl\/wp-content\/uploads\/2025\/10\/Polo-Zielen-przod.jpg","contentUrl":"https:\/\/kreatortorun.pl\/wp-content\/uploads\/2025\/10\/Polo-Zielen-przod.jpg","width":1200,"height":1200},{"@type":"BreadcrumbList","@id":"https:\/\/kreatortorun.pl\/produkt\/koszulka-polowa-aktualny-wzor-304a-mon\/#breadcrumb","itemListElement":[{"@type":"ListItem","position":1,"name":"Strona g\u0142\u00f3wna","item":"https:\/\/kreatortorun.pl\/en\/"},{"@type":"ListItem","position":2,"name":"Shop","item":"https:\/\/kreatortorun.pl\/en\/shop\/"},{"@type":"ListItem","position":3,"name":"Koszulka polowa aktualny wz\u00f3r 304A\/MON"}]},{"@type":"WebSite","@id":"https:\/\/kreatortorun.pl\/#website","url":"https:\/\/kreatortorun.pl\/","name":"Kreator Toru\u0144","description":"Producent mundur\u00f3w, kombinezon\u00f3w i odzie\u017cy taktycznej","publisher":{"@id":"https:\/\/kreatortorun.pl\/#organization"},"potentialAction":[{"@type":"SearchAction","target":{"@type":"EntryPoint","urlTemplate":"https:\/\/kreatortorun.pl\/?s={search_term_string}"},"query-input":{"@type":"PropertyValueSpecification","valueRequired":true,"valueName":"search_term_string"}}],"inLanguage":"en-US"},{"@type":"Organization","@id":"https:\/\/kreatortorun.pl\/#organization","name":"Kreator Toru\u0144","url":"https:\/\/kreatortorun.pl\/","logo":{"@type":"ImageObject","inLanguage":"en-US","@id":"https:\/\/kreatortorun.pl\/#\/schema\/logo\/image\/","url":"https:\/\/kreatortorun.pl\/wp-content\/uploads\/2024\/02\/cropped-kreator-logo-favicon.png","contentUrl":"https:\/\/kreatortorun.pl\/wp-content\/uploads\/2024\/02\/cropped-kreator-logo-favicon.png","width":512,"height":512,"caption":"Kreator Toru\u0144"},"image":{"@id":"https:\/\/kreatortorun.pl\/#\/schema\/logo\/image\/"},"sameAs":["https:\/\/www.facebook.com\/torun.kreator","https:\/\/www.youtube.com\/@kreatortorun1862"]}]}},"_links":{"self":[{"href":"https:\/\/kreatortorun.pl\/en\/wp-json\/wp\/v2\/product\/24249","targetHints":{"allow":["GET"]}}],"collection":[{"href":"https:\/\/kreatortorun.pl\/en\/wp-json\/wp\/v2\/product"}],"about":[{"href":"https:\/\/kreatortorun.pl\/en\/wp-json\/wp\/v2\/types\/product"}],"wp:featuredmedia":[{"embeddable":true,"href":"https:\/\/kreatortorun.pl\/en\/wp-json\/wp\/v2\/media\/24268"}],"wp:attachment":[{"href":"https:\/\/kreatortorun.pl\/en\/wp-json\/wp\/v2\/media?parent=24249"}],"wp:term":[{"taxonomy":"product_brand","embeddable":true,"href":"https:\/\/kreatortorun.pl\/en\/wp-json\/wp\/v2\/product_brand?post=24249"},{"taxonomy":"product_cat","embeddable":true,"href":"https:\/\/kreatortorun.pl\/en\/wp-json\/wp\/v2\/product_cat?post=24249"},{"taxonomy":"product_tag","embeddable":true,"href":"https:\/\/kreatortorun.pl\/en\/wp-json\/wp\/v2\/product_tag?post=24249"}],"curies":[{"name":"wp","href":"https:\/\/api.w.org\/{rel}","templated":true}]}}