{"id":24510,"date":"2025-10-29T14:21:48","date_gmt":"2025-10-29T14:21:48","guid":{"rendered":"https:\/\/kreatortorun.pl\/?post_type=product&#038;p=24510"},"modified":"2026-03-10T13:19:43","modified_gmt":"2026-03-10T13:19:43","slug":"polgolf-policja","status":"publish","type":"product","link":"https:\/\/kreatortorun.pl\/en\/produkt\/polgolf-policja\/","title":{"rendered":"P\u00f3\u0142golf Policja"},"content":{"rendered":"<div style=\"text-align: justify;\">\n<h1><strong>Granatowy p\u00f3\u0142golf policyjny \u2013 100% bawe\u0142na<\/strong><\/h1>\n<p data-start=\"2966\" data-end=\"3152\">Granatowy p\u00f3\u0142golf policyjny jest wytrzyma\u0142y, wygodny i dopasowany. Idealnie sprawdza si\u0119 jako warstwa termiczna pod bluz\u0119 \u0107wiczebn\u0105, bluz\u0119 polow\u0105, kurtk\u0119, polar czy softshell. U nas dost\u0119pny w pe\u0142nej rozmiar\u00f3wce: od XS (dla kobiet) do 4XL (rozmiary 3XL i 4XL na zam\u00f3wienie).<\/p>\n<h2 data-start=\"714\" data-end=\"759\"><strong data-start=\"718\" data-end=\"759\">Najwa\u017cniejsze cechy p\u00f3\u0142golfu s\u0142u\u017cbowego z napisem POLICJA:<\/strong><\/h2>\n<ul>\n<li data-start=\"3470\" data-end=\"3492\">Rozmiary dost\u0119pne od r\u0119ki: XS, S, M, L, XL, 2XL:<\/li>\n<\/ul>\n<p><img loading=\"lazy\" decoding=\"async\" class=\"alignnone size-medium wp-image-24534\" src=\"https:\/\/kreatortorun.pl\/wp-content\/uploads\/2025\/10\/rozmiarowka-polgolf-z-xs-i-bez-3xl4xl-800x318.jpg\" alt=\"\" width=\"800\" height=\"318\" srcset=\"https:\/\/kreatortorun.pl\/wp-content\/uploads\/2025\/10\/rozmiarowka-polgolf-z-xs-i-bez-3xl4xl-800x318.jpg 800w, https:\/\/kreatortorun.pl\/wp-content\/uploads\/2025\/10\/rozmiarowka-polgolf-z-xs-i-bez-3xl4xl-1400x557.jpg 1400w, https:\/\/kreatortorun.pl\/wp-content\/uploads\/2025\/10\/rozmiarowka-polgolf-z-xs-i-bez-3xl4xl-768x305.jpg 768w, https:\/\/kreatortorun.pl\/wp-content\/uploads\/2025\/10\/rozmiarowka-polgolf-z-xs-i-bez-3xl4xl-510x203.jpg 510w, https:\/\/kreatortorun.pl\/wp-content\/uploads\/2025\/10\/rozmiarowka-polgolf-z-xs-i-bez-3xl4xl.jpg 1433w\" sizes=\"auto, (max-width: 800px) 100vw, 800px\" \/><\/p>\n<ul>\n<li data-start=\"3470\" data-end=\"3492\">Kolor: ciemnogranatowy (s\u0142u\u017cbowy) &#8211; odcie\u0144 zgodny ze standardami mundurowymi.<\/li>\n<li data-start=\"3470\" data-end=\"3492\">Sk\u0142ad: 100% bawe\u0142na.<\/li>\n<li data-start=\"3470\" data-end=\"3492\">Kr\u00f3j: unisex.<\/li>\n<li data-start=\"3470\" data-end=\"3492\">\u015aci\u0105gacze w r\u0119kawach i przy szyi zapewniaj\u0105 dobre u\u0142o\u017cenie i izolacj\u0119 termiczn\u0105.<\/li>\n<li data-start=\"3470\" data-end=\"3492\">Na \u015bci\u0105gaczu pod szyj\u0105 regulaminowy srebrny haft z napisem POLICJA.<\/li>\n<li data-start=\"3470\" data-end=\"3492\">Napis zgodny z Rozporz\u0105dzeniem MSWiA.<\/li>\n<li style=\"list-style-type: none;\"><\/li>\n<\/ul>\n<h2 data-start=\"1021\" data-end=\"1083\"><strong data-start=\"1025\" data-end=\"1083\">P\u00f3\u0142golf z napisem POLICJA \u2013 bawe\u0142niany, granatowy, unisex<\/strong><\/h2>\n<p data-start=\"1085\" data-end=\"1373\">P\u00f3\u0142golf policyjny zosta\u0142 zaprojektowany jako warstwa bazowa i sprawdzi si\u0119 doskonale pod innymi elementami umundurowania policyjnego. Powinien by\u0107 noszony razem z policyjnymi spodniami s\u0142u\u017cbowymi. Mi\u0119kka dzianina zapewnia komfort termiczny przy jednoczesnym utrzymaniu schludnego, s\u0142u\u017cbowego wygl\u0105du. Dzi\u0119ki zastosowanej bawe\u0142nie p\u00f3\u0142golf zapewnia komfort termiczny zar\u00f3wno na zewn\u0105trz, jak i w pomieszczeniach.<\/p>\n<h2 data-start=\"1518\" data-end=\"1570\"><strong data-start=\"1522\" data-end=\"1570\">Dla kogo i do czego przeznaczony jest regulaminowy p\u00f3\u0142golf policyjny?<\/strong><\/h2>\n<ul data-start=\"1571\" data-end=\"1861\">\n<li data-start=\"1571\" data-end=\"1618\">\n<p data-start=\"1573\" data-end=\"1618\">dla funkcjonariuszy i kandydat\u00f3w do s\u0142u\u017cby,<\/p>\n<\/li>\n<li data-start=\"1619\" data-end=\"1656\">\n<p data-start=\"1621\" data-end=\"1656\">do ubioru s\u0142u\u017cbowego Policji,<\/p>\n<\/li>\n<li data-start=\"1619\" data-end=\"1656\">\n<p data-start=\"1621\" data-end=\"1656\">do u\u017cytkowania w okresie jesienno-zimowym jako ocieplacz pod kurtk\u0119 lub sweter,<\/p>\n<\/li>\n<li data-start=\"1619\" data-end=\"1656\">do regulaminowego noszenia samodzielnie lub pod kamizelk\u0119, bluz\u0119 czy kurtk\u0119.<\/li>\n<\/ul>\n<\/div>\n<h2 data-start=\"1868\" data-end=\"1918\"><strong data-start=\"1872\" data-end=\"1918\">Dlaczego warto wybra\u0107 p\u00f3\u0142golf s\u0142u\u017cbowy POLICJA od Kreatora?<\/strong><\/h2>\n<ul>\n<li data-start=\"1919\" data-end=\"2116\">Materia\u0142 zapewniaj\u0105cy trwa\u0142o\u015b\u0107 i komfort u\u017cytkowania &#8211; r\u00f3wnie\u017c w cieplejsze dni.<\/li>\n<li data-start=\"1919\" data-end=\"2116\">Wysokiej jako\u015bci haft POLICJA.<\/li>\n<li data-start=\"1919\" data-end=\"2116\">Klasyczny, uniwersalny kr\u00f3j.<\/li>\n<\/ul>\n","protected":false},"excerpt":{"rendered":"<div>\n<p class=\"Default\"><span lang=\"PL\">P\u00f3\u0142golf z napisem POLICJA<\/span><\/p>\n<\/div>\n","protected":false},"featured_media":30669,"template":"","meta":[],"product_brand":[],"product_cat":[231,155,156],"product_tag":[190,166],"class_list":{"0":"post-24510","1":"product","2":"type-product","3":"status-publish","4":"has-post-thumbnail","6":"product_cat-umundurowanie-sluzbowe","7":"product_cat-akcesoria-meskie-policja","8":"product_cat-akcesoria-damskie-policja","9":"product_tag-pol","10":"product_tag-policja","12":"first","13":"instock","14":"taxable","15":"shipping-taxable","16":"purchasable","17":"product-type-variable"},"yoast_head":"<!-- This site is optimized with the Yoast SEO plugin v27.3 - https:\/\/yoast.com\/product\/yoast-seo-wordpress\/ -->\n<title>P\u00f3\u0142golf Policja - Kreator Toru\u0144<\/title>\n<meta name=\"description\" content=\"Granatowy p\u00f3\u0142golf policyjny - trwa\u0142y, wygodny p\u00f3\u0142golf z haftem POLICJA. Idealny pod bluz\u0119, kurtk\u0119 lub softshell. Dost\u0119pny w rozmiarach XS-2XL.\" \/>\n<meta name=\"robots\" content=\"index, follow, max-snippet:-1, max-image-preview:large, max-video-preview:-1\" \/>\n<link rel=\"canonical\" href=\"https:\/\/kreatortorun.pl\/produkt\/polgolf-policja\/\" \/>\n<meta property=\"og:locale\" content=\"en_US\" \/>\n<meta property=\"og:type\" content=\"article\" \/>\n<meta property=\"og:title\" content=\"P\u00f3\u0142golf Policja - Kreator Toru\u0144\" \/>\n<meta property=\"og:description\" content=\"Granatowy p\u00f3\u0142golf policyjny - trwa\u0142y, wygodny p\u00f3\u0142golf z haftem POLICJA. Idealny pod bluz\u0119, kurtk\u0119 lub softshell. Dost\u0119pny w rozmiarach XS-2XL.\" \/>\n<meta property=\"og:url\" content=\"https:\/\/kreatortorun.pl\/produkt\/polgolf-policja\/\" \/>\n<meta property=\"og:site_name\" content=\"Kreator Toru\u0144\" \/>\n<meta property=\"article:publisher\" content=\"https:\/\/www.facebook.com\/torun.kreator\" \/>\n<meta property=\"article:modified_time\" content=\"2026-03-10T13:19:43+00:00\" \/>\n<meta property=\"og:image\" content=\"https:\/\/kreatortorun.pl\/wp-content\/uploads\/2025\/10\/polgolf-policja.png\" \/>\n\t<meta property=\"og:image:width\" content=\"1024\" \/>\n\t<meta property=\"og:image:height\" content=\"1024\" \/>\n\t<meta property=\"og:image:type\" content=\"image\/png\" \/>\n<meta name=\"twitter:card\" content=\"summary_large_image\" \/>\n<meta name=\"twitter:image\" content=\"https:\/\/kreatortorun.pl\/wp-content\/uploads\/2025\/10\/Polo-POLICJA-przod-e1761298846701.jpg\" \/>\n<meta name=\"twitter:label1\" content=\"Est. reading time\" \/>\n\t<meta name=\"twitter:data1\" content=\"2 minutes\" \/>\n<script type=\"application\/ld+json\" class=\"yoast-schema-graph\">{\"@context\":\"https:\\\/\\\/schema.org\",\"@graph\":[{\"@type\":\"WebPage\",\"@id\":\"https:\\\/\\\/kreatortorun.pl\\\/produkt\\\/polgolf-policja\\\/\",\"url\":\"https:\\\/\\\/kreatortorun.pl\\\/produkt\\\/polgolf-policja\\\/\",\"name\":\"P\u00f3\u0142golf Policja - Kreator Toru\u0144\",\"isPartOf\":{\"@id\":\"https:\\\/\\\/kreatortorun.pl\\\/#website\"},\"primaryImageOfPage\":{\"@id\":\"https:\\\/\\\/kreatortorun.pl\\\/produkt\\\/polgolf-policja\\\/#primaryimage\"},\"image\":{\"@id\":\"https:\\\/\\\/kreatortorun.pl\\\/produkt\\\/polgolf-policja\\\/#primaryimage\"},\"thumbnailUrl\":\"https:\\\/\\\/kreatortorun.pl\\\/wp-content\\\/uploads\\\/2025\\\/10\\\/polgolf-policja.png\",\"datePublished\":\"2025-10-29T14:21:48+00:00\",\"dateModified\":\"2026-03-10T13:19:43+00:00\",\"description\":\"Granatowy p\u00f3\u0142golf policyjny - trwa\u0142y, wygodny p\u00f3\u0142golf z haftem POLICJA. Idealny pod bluz\u0119, kurtk\u0119 lub softshell. Dost\u0119pny w rozmiarach XS-2XL.\",\"breadcrumb\":{\"@id\":\"https:\\\/\\\/kreatortorun.pl\\\/produkt\\\/polgolf-policja\\\/#breadcrumb\"},\"inLanguage\":\"en-US\",\"potentialAction\":[{\"@type\":\"ReadAction\",\"target\":[\"https:\\\/\\\/kreatortorun.pl\\\/produkt\\\/polgolf-policja\\\/\"]}]},{\"@type\":\"ImageObject\",\"inLanguage\":\"en-US\",\"@id\":\"https:\\\/\\\/kreatortorun.pl\\\/produkt\\\/polgolf-policja\\\/#primaryimage\",\"url\":\"https:\\\/\\\/kreatortorun.pl\\\/wp-content\\\/uploads\\\/2025\\\/10\\\/polgolf-policja.png\",\"contentUrl\":\"https:\\\/\\\/kreatortorun.pl\\\/wp-content\\\/uploads\\\/2025\\\/10\\\/polgolf-policja.png\",\"width\":1024,\"height\":1024},{\"@type\":\"BreadcrumbList\",\"@id\":\"https:\\\/\\\/kreatortorun.pl\\\/produkt\\\/polgolf-policja\\\/#breadcrumb\",\"itemListElement\":[{\"@type\":\"ListItem\",\"position\":1,\"name\":\"Strona g\u0142\u00f3wna\",\"item\":\"https:\\\/\\\/kreatortorun.pl\\\/en\\\/\"},{\"@type\":\"ListItem\",\"position\":2,\"name\":\"Shop\",\"item\":\"https:\\\/\\\/kreatortorun.pl\\\/en\\\/shop\\\/\"},{\"@type\":\"ListItem\",\"position\":3,\"name\":\"P\u00f3\u0142golf Policja\"}]},{\"@type\":\"WebSite\",\"@id\":\"https:\\\/\\\/kreatortorun.pl\\\/#website\",\"url\":\"https:\\\/\\\/kreatortorun.pl\\\/\",\"name\":\"Kreator Toru\u0144\",\"description\":\"Producent mundur\u00f3w, kombinezon\u00f3w i odzie\u017cy taktycznej\",\"publisher\":{\"@id\":\"https:\\\/\\\/kreatortorun.pl\\\/#organization\"},\"potentialAction\":[{\"@type\":\"SearchAction\",\"target\":{\"@type\":\"EntryPoint\",\"urlTemplate\":\"https:\\\/\\\/kreatortorun.pl\\\/?s={search_term_string}\"},\"query-input\":{\"@type\":\"PropertyValueSpecification\",\"valueRequired\":true,\"valueName\":\"search_term_string\"}}],\"inLanguage\":\"en-US\"},{\"@type\":\"Organization\",\"@id\":\"https:\\\/\\\/kreatortorun.pl\\\/#organization\",\"name\":\"Kreator Toru\u0144\",\"url\":\"https:\\\/\\\/kreatortorun.pl\\\/\",\"logo\":{\"@type\":\"ImageObject\",\"inLanguage\":\"en-US\",\"@id\":\"https:\\\/\\\/kreatortorun.pl\\\/#\\\/schema\\\/logo\\\/image\\\/\",\"url\":\"https:\\\/\\\/kreatortorun.pl\\\/wp-content\\\/uploads\\\/2024\\\/02\\\/cropped-kreator-logo-favicon.png\",\"contentUrl\":\"https:\\\/\\\/kreatortorun.pl\\\/wp-content\\\/uploads\\\/2024\\\/02\\\/cropped-kreator-logo-favicon.png\",\"width\":512,\"height\":512,\"caption\":\"Kreator Toru\u0144\"},\"image\":{\"@id\":\"https:\\\/\\\/kreatortorun.pl\\\/#\\\/schema\\\/logo\\\/image\\\/\"},\"sameAs\":[\"https:\\\/\\\/www.facebook.com\\\/torun.kreator\",\"https:\\\/\\\/www.youtube.com\\\/@kreatortorun1862\"]}]}<\/script>\n<!-- \/ Yoast SEO plugin. -->","yoast_head_json":{"title":"P\u00f3\u0142golf Policja - Kreator Toru\u0144","description":"Granatowy p\u00f3\u0142golf policyjny - trwa\u0142y, wygodny p\u00f3\u0142golf z haftem POLICJA. Idealny pod bluz\u0119, kurtk\u0119 lub softshell. Dost\u0119pny w rozmiarach XS-2XL.","robots":{"index":"index","follow":"follow","max-snippet":"max-snippet:-1","max-image-preview":"max-image-preview:large","max-video-preview":"max-video-preview:-1"},"canonical":"https:\/\/kreatortorun.pl\/produkt\/polgolf-policja\/","og_locale":"en_US","og_type":"article","og_title":"P\u00f3\u0142golf Policja - Kreator Toru\u0144","og_description":"Granatowy p\u00f3\u0142golf policyjny - trwa\u0142y, wygodny p\u00f3\u0142golf z haftem POLICJA. Idealny pod bluz\u0119, kurtk\u0119 lub softshell. Dost\u0119pny w rozmiarach XS-2XL.","og_url":"https:\/\/kreatortorun.pl\/produkt\/polgolf-policja\/","og_site_name":"Kreator Toru\u0144","article_publisher":"https:\/\/www.facebook.com\/torun.kreator","article_modified_time":"2026-03-10T13:19:43+00:00","og_image":[{"width":1024,"height":1024,"url":"https:\/\/kreatortorun.pl\/wp-content\/uploads\/2025\/10\/polgolf-policja.png","type":"image\/png"}],"twitter_card":"summary_large_image","twitter_image":"https:\/\/kreatortorun.pl\/wp-content\/uploads\/2025\/10\/Polo-POLICJA-przod-e1761298846701.jpg","twitter_misc":{"Est. reading time":"2 minutes"},"schema":{"@context":"https:\/\/schema.org","@graph":[{"@type":"WebPage","@id":"https:\/\/kreatortorun.pl\/produkt\/polgolf-policja\/","url":"https:\/\/kreatortorun.pl\/produkt\/polgolf-policja\/","name":"P\u00f3\u0142golf Policja - Kreator Toru\u0144","isPartOf":{"@id":"https:\/\/kreatortorun.pl\/#website"},"primaryImageOfPage":{"@id":"https:\/\/kreatortorun.pl\/produkt\/polgolf-policja\/#primaryimage"},"image":{"@id":"https:\/\/kreatortorun.pl\/produkt\/polgolf-policja\/#primaryimage"},"thumbnailUrl":"https:\/\/kreatortorun.pl\/wp-content\/uploads\/2025\/10\/polgolf-policja.png","datePublished":"2025-10-29T14:21:48+00:00","dateModified":"2026-03-10T13:19:43+00:00","description":"Granatowy p\u00f3\u0142golf policyjny - trwa\u0142y, wygodny p\u00f3\u0142golf z haftem POLICJA. Idealny pod bluz\u0119, kurtk\u0119 lub softshell. Dost\u0119pny w rozmiarach XS-2XL.","breadcrumb":{"@id":"https:\/\/kreatortorun.pl\/produkt\/polgolf-policja\/#breadcrumb"},"inLanguage":"en-US","potentialAction":[{"@type":"ReadAction","target":["https:\/\/kreatortorun.pl\/produkt\/polgolf-policja\/"]}]},{"@type":"ImageObject","inLanguage":"en-US","@id":"https:\/\/kreatortorun.pl\/produkt\/polgolf-policja\/#primaryimage","url":"https:\/\/kreatortorun.pl\/wp-content\/uploads\/2025\/10\/polgolf-policja.png","contentUrl":"https:\/\/kreatortorun.pl\/wp-content\/uploads\/2025\/10\/polgolf-policja.png","width":1024,"height":1024},{"@type":"BreadcrumbList","@id":"https:\/\/kreatortorun.pl\/produkt\/polgolf-policja\/#breadcrumb","itemListElement":[{"@type":"ListItem","position":1,"name":"Strona g\u0142\u00f3wna","item":"https:\/\/kreatortorun.pl\/en\/"},{"@type":"ListItem","position":2,"name":"Shop","item":"https:\/\/kreatortorun.pl\/en\/shop\/"},{"@type":"ListItem","position":3,"name":"P\u00f3\u0142golf Policja"}]},{"@type":"WebSite","@id":"https:\/\/kreatortorun.pl\/#website","url":"https:\/\/kreatortorun.pl\/","name":"Kreator Toru\u0144","description":"Producent mundur\u00f3w, kombinezon\u00f3w i odzie\u017cy taktycznej","publisher":{"@id":"https:\/\/kreatortorun.pl\/#organization"},"potentialAction":[{"@type":"SearchAction","target":{"@type":"EntryPoint","urlTemplate":"https:\/\/kreatortorun.pl\/?s={search_term_string}"},"query-input":{"@type":"PropertyValueSpecification","valueRequired":true,"valueName":"search_term_string"}}],"inLanguage":"en-US"},{"@type":"Organization","@id":"https:\/\/kreatortorun.pl\/#organization","name":"Kreator Toru\u0144","url":"https:\/\/kreatortorun.pl\/","logo":{"@type":"ImageObject","inLanguage":"en-US","@id":"https:\/\/kreatortorun.pl\/#\/schema\/logo\/image\/","url":"https:\/\/kreatortorun.pl\/wp-content\/uploads\/2024\/02\/cropped-kreator-logo-favicon.png","contentUrl":"https:\/\/kreatortorun.pl\/wp-content\/uploads\/2024\/02\/cropped-kreator-logo-favicon.png","width":512,"height":512,"caption":"Kreator Toru\u0144"},"image":{"@id":"https:\/\/kreatortorun.pl\/#\/schema\/logo\/image\/"},"sameAs":["https:\/\/www.facebook.com\/torun.kreator","https:\/\/www.youtube.com\/@kreatortorun1862"]}]}},"_links":{"self":[{"href":"https:\/\/kreatortorun.pl\/en\/wp-json\/wp\/v2\/product\/24510","targetHints":{"allow":["GET"]}}],"collection":[{"href":"https:\/\/kreatortorun.pl\/en\/wp-json\/wp\/v2\/product"}],"about":[{"href":"https:\/\/kreatortorun.pl\/en\/wp-json\/wp\/v2\/types\/product"}],"wp:featuredmedia":[{"embeddable":true,"href":"https:\/\/kreatortorun.pl\/en\/wp-json\/wp\/v2\/media\/30669"}],"wp:attachment":[{"href":"https:\/\/kreatortorun.pl\/en\/wp-json\/wp\/v2\/media?parent=24510"}],"wp:term":[{"taxonomy":"product_brand","embeddable":true,"href":"https:\/\/kreatortorun.pl\/en\/wp-json\/wp\/v2\/product_brand?post=24510"},{"taxonomy":"product_cat","embeddable":true,"href":"https:\/\/kreatortorun.pl\/en\/wp-json\/wp\/v2\/product_cat?post=24510"},{"taxonomy":"product_tag","embeddable":true,"href":"https:\/\/kreatortorun.pl\/en\/wp-json\/wp\/v2\/product_tag?post=24510"}],"curies":[{"name":"wp","href":"https:\/\/api.w.org\/{rel}","templated":true}]}}