{"id":25967,"date":"2025-12-03T11:48:09","date_gmt":"2025-12-03T11:48:09","guid":{"rendered":"https:\/\/kreatortorun.pl\/?post_type=product&#038;p=25967"},"modified":"2026-01-27T13:03:10","modified_gmt":"2026-01-27T13:03:10","slug":"spodnie-sluzbowe-psp","status":"publish","type":"product","link":"https:\/\/kreatortorun.pl\/en\/produkt\/spodnie-sluzbowe-psp\/","title":{"rendered":"Spodnie s\u0142u\u017cbowe PSP"},"content":{"rendered":"<h1 data-start=\"537\" data-end=\"586\">Spodnie s\u0142u\u017cbowe PSP piaskowe<\/h1>\n<p data-start=\"638\" data-end=\"1085\">Spodnie s\u0142u\u017cbowe PSP piaskowe d\u0142ugie to profesjonalny element umundurowania przeznaczony dla stra\u017cak\u00f3w Pa\u0144stwowej Stra\u017cy Po\u017carnej oraz Ochotniczych Stra\u017cy Po\u017carnych, kt\u00f3rzy oczekuj\u0105 niezawodno\u015bci w codziennej s\u0142u\u017cbie. Produkt zgodny z obowi\u0105zuj\u0105cymi przepisami PSP, wykonany zgodnie z dokumentacj\u0105 techniczno-technologiczn\u0105 KG PSP, stanowi pewny wyb\u00f3r dla jednostek z ca\u0142ej Polski.<\/p>\n<p data-start=\"638\" data-end=\"1085\">Jako firma uj\u0119ta w &#8220;Wykazie przedsi\u0119biorstw posiadaj\u0105cych zgod\u0119 Komendanta G\u0142\u00f3wnego PSP na produkcj\u0119 i wprowadzanie na rynek element\u00f3w ubioru s\u0142u\u017cbowego&#8221;, gwarantujemy pe\u0142n\u0105 zgodno\u015bci\u0105 produktu z dokumentacj\u0105 techniczno-technologiczn\u0105 KG PSP.<\/p>\n<h2 data-start=\"1092\" data-end=\"1159\">Spodnie s\u0142u\u017cbowe PSP d\u0142ugie z wytrzyma\u0142ego materia\u0142u<\/h2>\n<p data-start=\"1160\" data-end=\"1289\">Spodnie uszyto z wysokiej jako\u015bci tkaniny o gramaturze 205 g\/m\u00b2 (50% bawe\u0142na, 50% poliester) z dodatkowym wzmocnieniem w splocie Rip-stop.<\/p>\n<p data-start=\"1160\" data-end=\"1289\">Materia\u0142 ten zapewnia:<\/p>\n<ul data-start=\"1290\" data-end=\"1435\">\n<li data-start=\"1290\" data-end=\"1344\">\n<p data-start=\"1292\" data-end=\"1344\">odporno\u015b\u0107 na przetarcia i uszkodzenia mechaniczne,<\/p>\n<\/li>\n<li data-start=\"1345\" data-end=\"1382\">\n<p data-start=\"1347\" data-end=\"1382\">odpowiedni\u0105 cyrkulacj\u0119 powietrza,<\/p>\n<\/li>\n<li data-start=\"1383\" data-end=\"1435\">\n<p data-start=\"1385\" data-end=\"1435\">komfort u\u017cytkowania podczas wielogodzinnej s\u0142u\u017cby.<\/p>\n<\/li>\n<\/ul>\n<h2 data-start=\"1442\" data-end=\"1496\">Spodnie s\u0142u\u017cbowe PSP od Kreatora to ergonomiczna konstrukcja daj\u0105ca dobry balans<\/h2>\n<ul data-start=\"1549\" data-end=\"1831\">\n<li data-start=\"1549\" data-end=\"1616\">zaprojektowane z my\u015bl\u0105 o intensywnym u\u017cytkowaniu,<\/li>\n<li data-start=\"1549\" data-end=\"1616\">\n<p data-start=\"1551\" data-end=\"1616\">wysoki stan oraz wewn\u0119trzny pas poprawiaj\u0105 dopasowanie,<\/p>\n<\/li>\n<li data-start=\"1617\" data-end=\"1678\">\n<p data-start=\"1619\" data-end=\"1678\">regulacja szeroko\u015bci pasa dzi\u0119ki ta\u015bmom samosczepnym,<\/p>\n<\/li>\n<li data-start=\"1679\" data-end=\"1765\">\n<p data-start=\"1681\" data-end=\"1765\">profilowane zaszewki na kolanach u\u0142atwiaj\u0105 prac\u0119 w kl\u0119ku i pe\u0142ny zakres ruchu,<\/p>\n<\/li>\n<li data-start=\"1766\" data-end=\"1831\">\n<p data-start=\"1768\" data-end=\"1831\">regulowane nogawki dopasowuj\u0105 spodnie do obuwia s\u0142u\u017cbowego<\/p>\n<\/li>\n<li data-start=\"1766\" data-end=\"1831\">zestaw praktycznych rozwi\u0105za\u0144: 2 kieszenie wpuszczane z przodu, 2 kieszenie tylne z patkami zapinanymi na kryte napy, 2\u00a0kieszenie udowe z mieszkiem i fa\u0142dami, tak\u017ce zapinane na napy,<\/li>\n<\/ul>\n<ul data-start=\"1937\" data-end=\"2187\">\n<li data-start=\"2101\" data-end=\"2187\">\n<p data-start=\"2103\" data-end=\"2187\">organizer w prawej kieszeni udowej \u2013 idealny na multitool, latark\u0119 lub notatnik,<\/p>\n<\/li>\n<li data-start=\"2101\" data-end=\"2187\">\n<p data-start=\"2103\" data-end=\"2187\">dodatkowe wzmocnienia w cz\u0119\u015bci siedzeniowej i na przodzie zwi\u0119kszaj\u0105 trwa\u0142o\u015b\u0107 podczas intensywnej s\u0142u\u017cby.<\/p>\n<\/li>\n<\/ul>\n<h3 data-start=\"2301\" data-end=\"2336\">Piaskowe spodnie s\u0142u\u017cbowe PSP zgodne ze standardami PSP<\/h3>\n<p data-start=\"2337\" data-end=\"2366\">Produkt wykonany zgodnie z:<\/p>\n<ul data-start=\"2367\" data-end=\"2473\">\n<li data-start=\"2367\" data-end=\"2413\">\n<p data-start=\"2369\" data-end=\"2413\">Rozporz\u0105dzeniem MSWiA z 29.09.2021 r.,<\/p>\n<\/li>\n<li data-start=\"2414\" data-end=\"2473\">\n<p data-start=\"2416\" data-end=\"2473\">dokumentacj\u0105 KG PSP z 29.10.2021 r. i jej aktualizacjami.<\/p>\n<\/li>\n<\/ul>\n<p>&nbsp;<\/p>\n<h2>Spodnie s\u0142u\u017cbowe PSP nosi si\u0119 do poni\u017cszych element\u00f3w ubioru s\u0142u\u017cbowego PSP:<\/h2>\n<ul>\n<li><a href=\"https:\/\/kreatortorun.pl\/produkt\/koszula-sluzbowa-psp-z-dlugim-rekawem\/\">koszula s\u0142u\u017cbowa PSP z d\u0142ugim r\u0119kawem<\/a> (na zdj\u0119ciu)<\/li>\n<li><a href=\"https:\/\/kreatortorun.pl\/produkt\/bluza-sluzbowa-psp\/\">bluza s\u0142u\u017cbowa PSP piaskowa<\/a> (na zdj\u0119ciu)<\/li>\n<li>czarny pasek parciany PSP<\/li>\n<\/ul>\n","protected":false},"excerpt":{"rendered":"<p style=\"text-align: justify;\">Piaskowe spodnie s\u0142u\u017cbowe zgodne z rozporz\u0105dzeniem MSWiA oraz z dokumentacj\u0105 techniczno-technologiczn\u0105 KG PSP.<\/p>\n<p style=\"text-align: justify;\">Aby zam\u00f3wi\u0107 zadzwo\u0144: <strong><span style=\"color: #d83131;\"><a href=\"tel: +48790771696\">+48 790 771 696<\/a><\/span><\/strong><\/p>\n<p style=\"text-align: justify;\">lub <a href=\"mailto:l.mirosznik@kreatortorun.pl\" class=\"button alert is-alert is-medium\" >\n\t\t<span>ZAPYTAJ\/ZAM\u00d3W<\/span>\n\t<\/a>\n\n<p style=\"text-align: justify;\">Zgodnie z wytycznymi Komendy G\u0142\u00f3wnej PSP zam\u00f3wienia na umundurowanie s\u0142u\u017cbowe powinny by\u0107 sk\u0142adane przez w\u0142a\u015bciwe komendy PSP.<\/p>\n","protected":false},"featured_media":26009,"template":"","meta":[],"product_brand":[],"product_cat":[230],"product_tag":[135,171],"class_list":{"0":"post-25967","1":"product","2":"type-product","3":"status-publish","4":"has-post-thumbnail","6":"product_cat-umundurowanie-sluzbowe-psp","7":"product_tag-meska","8":"product_tag-psp","10":"first","11":"onbackorder","12":"taxable","13":"shipping-taxable","14":"product-type-simple"},"yoast_head":"<!-- This site is optimized with the Yoast SEO plugin v27.3 - https:\/\/yoast.com\/product\/yoast-seo-wordpress\/ -->\n<title>Spodnie s\u0142u\u017cbowe PSP - Kreator Toru\u0144<\/title>\n<meta name=\"description\" content=\"Spodnie s\u0142u\u017cbowe PSP piaskowe d\u0142ugie \u2013 wytrzyma\u0142e spodnie stra\u017cackie z tkaniny Rip-stop, zgodne z normami PSP. Komfort, funkcjonalno\u015b\u0107 i trwa\u0142o\u015b\u0107 dla stra\u017cak\u00f3w. Sklep Kreator Toru\u0144.\" \/>\n<meta name=\"robots\" content=\"index, follow, max-snippet:-1, max-image-preview:large, max-video-preview:-1\" \/>\n<link rel=\"canonical\" href=\"https:\/\/kreatortorun.pl\/produkt\/spodnie-sluzbowe-psp\/\" \/>\n<meta property=\"og:locale\" content=\"en_US\" \/>\n<meta property=\"og:type\" content=\"article\" \/>\n<meta property=\"og:title\" content=\"Spodnie s\u0142u\u017cbowe PSP - Kreator Toru\u0144\" \/>\n<meta property=\"og:description\" content=\"Spodnie s\u0142u\u017cbowe PSP piaskowe d\u0142ugie \u2013 wytrzyma\u0142e spodnie stra\u017cackie z tkaniny Rip-stop, zgodne z normami PSP. Komfort, funkcjonalno\u015b\u0107 i trwa\u0142o\u015b\u0107 dla stra\u017cak\u00f3w. Sklep Kreator Toru\u0144.\" \/>\n<meta property=\"og:url\" content=\"https:\/\/kreatortorun.pl\/produkt\/spodnie-sluzbowe-psp\/\" \/>\n<meta property=\"og:site_name\" content=\"Kreator Toru\u0144\" \/>\n<meta property=\"article:publisher\" content=\"https:\/\/www.facebook.com\/torun.kreator\" \/>\n<meta property=\"article:modified_time\" content=\"2026-01-27T13:03:10+00:00\" \/>\n<meta property=\"og:image\" content=\"https:\/\/kreatortorun.pl\/wp-content\/uploads\/2025\/12\/Kreator-PSP-Spodnie-01.webp\" \/>\n\t<meta property=\"og:image:width\" content=\"1200\" \/>\n\t<meta property=\"og:image:height\" content=\"1200\" \/>\n\t<meta property=\"og:image:type\" content=\"image\/webp\" \/>\n<meta name=\"twitter:card\" content=\"summary_large_image\" \/>\n<meta name=\"twitter:label1\" content=\"Est. reading time\" \/>\n\t<meta name=\"twitter:data1\" content=\"2 minutes\" \/>\n<script type=\"application\/ld+json\" class=\"yoast-schema-graph\">{\"@context\":\"https:\\\/\\\/schema.org\",\"@graph\":[{\"@type\":\"WebPage\",\"@id\":\"https:\\\/\\\/kreatortorun.pl\\\/produkt\\\/spodnie-sluzbowe-psp\\\/\",\"url\":\"https:\\\/\\\/kreatortorun.pl\\\/produkt\\\/spodnie-sluzbowe-psp\\\/\",\"name\":\"Spodnie s\u0142u\u017cbowe PSP - Kreator Toru\u0144\",\"isPartOf\":{\"@id\":\"https:\\\/\\\/kreatortorun.pl\\\/#website\"},\"primaryImageOfPage\":{\"@id\":\"https:\\\/\\\/kreatortorun.pl\\\/produkt\\\/spodnie-sluzbowe-psp\\\/#primaryimage\"},\"image\":{\"@id\":\"https:\\\/\\\/kreatortorun.pl\\\/produkt\\\/spodnie-sluzbowe-psp\\\/#primaryimage\"},\"thumbnailUrl\":\"https:\\\/\\\/kreatortorun.pl\\\/wp-content\\\/uploads\\\/2025\\\/12\\\/Kreator-PSP-Spodnie-01.webp\",\"datePublished\":\"2025-12-03T11:48:09+00:00\",\"dateModified\":\"2026-01-27T13:03:10+00:00\",\"description\":\"Spodnie s\u0142u\u017cbowe PSP piaskowe d\u0142ugie \u2013 wytrzyma\u0142e spodnie stra\u017cackie z tkaniny Rip-stop, zgodne z normami PSP. Komfort, funkcjonalno\u015b\u0107 i trwa\u0142o\u015b\u0107 dla stra\u017cak\u00f3w. Sklep Kreator Toru\u0144.\",\"breadcrumb\":{\"@id\":\"https:\\\/\\\/kreatortorun.pl\\\/produkt\\\/spodnie-sluzbowe-psp\\\/#breadcrumb\"},\"inLanguage\":\"en-US\",\"potentialAction\":[{\"@type\":\"ReadAction\",\"target\":[\"https:\\\/\\\/kreatortorun.pl\\\/produkt\\\/spodnie-sluzbowe-psp\\\/\"]}]},{\"@type\":\"ImageObject\",\"inLanguage\":\"en-US\",\"@id\":\"https:\\\/\\\/kreatortorun.pl\\\/produkt\\\/spodnie-sluzbowe-psp\\\/#primaryimage\",\"url\":\"https:\\\/\\\/kreatortorun.pl\\\/wp-content\\\/uploads\\\/2025\\\/12\\\/Kreator-PSP-Spodnie-01.webp\",\"contentUrl\":\"https:\\\/\\\/kreatortorun.pl\\\/wp-content\\\/uploads\\\/2025\\\/12\\\/Kreator-PSP-Spodnie-01.webp\",\"width\":1200,\"height\":1200},{\"@type\":\"BreadcrumbList\",\"@id\":\"https:\\\/\\\/kreatortorun.pl\\\/produkt\\\/spodnie-sluzbowe-psp\\\/#breadcrumb\",\"itemListElement\":[{\"@type\":\"ListItem\",\"position\":1,\"name\":\"Strona g\u0142\u00f3wna\",\"item\":\"https:\\\/\\\/kreatortorun.pl\\\/en\\\/\"},{\"@type\":\"ListItem\",\"position\":2,\"name\":\"Shop\",\"item\":\"https:\\\/\\\/kreatortorun.pl\\\/en\\\/shop\\\/\"},{\"@type\":\"ListItem\",\"position\":3,\"name\":\"Spodnie s\u0142u\u017cbowe PSP\"}]},{\"@type\":\"WebSite\",\"@id\":\"https:\\\/\\\/kreatortorun.pl\\\/#website\",\"url\":\"https:\\\/\\\/kreatortorun.pl\\\/\",\"name\":\"Kreator Toru\u0144\",\"description\":\"Producent mundur\u00f3w, kombinezon\u00f3w i odzie\u017cy taktycznej\",\"publisher\":{\"@id\":\"https:\\\/\\\/kreatortorun.pl\\\/#organization\"},\"potentialAction\":[{\"@type\":\"SearchAction\",\"target\":{\"@type\":\"EntryPoint\",\"urlTemplate\":\"https:\\\/\\\/kreatortorun.pl\\\/?s={search_term_string}\"},\"query-input\":{\"@type\":\"PropertyValueSpecification\",\"valueRequired\":true,\"valueName\":\"search_term_string\"}}],\"inLanguage\":\"en-US\"},{\"@type\":\"Organization\",\"@id\":\"https:\\\/\\\/kreatortorun.pl\\\/#organization\",\"name\":\"Kreator Toru\u0144\",\"url\":\"https:\\\/\\\/kreatortorun.pl\\\/\",\"logo\":{\"@type\":\"ImageObject\",\"inLanguage\":\"en-US\",\"@id\":\"https:\\\/\\\/kreatortorun.pl\\\/#\\\/schema\\\/logo\\\/image\\\/\",\"url\":\"https:\\\/\\\/kreatortorun.pl\\\/wp-content\\\/uploads\\\/2024\\\/02\\\/cropped-kreator-logo-favicon.png\",\"contentUrl\":\"https:\\\/\\\/kreatortorun.pl\\\/wp-content\\\/uploads\\\/2024\\\/02\\\/cropped-kreator-logo-favicon.png\",\"width\":512,\"height\":512,\"caption\":\"Kreator Toru\u0144\"},\"image\":{\"@id\":\"https:\\\/\\\/kreatortorun.pl\\\/#\\\/schema\\\/logo\\\/image\\\/\"},\"sameAs\":[\"https:\\\/\\\/www.facebook.com\\\/torun.kreator\",\"https:\\\/\\\/www.youtube.com\\\/@kreatortorun1862\"]}]}<\/script>\n<!-- \/ Yoast SEO plugin. -->","yoast_head_json":{"title":"Spodnie s\u0142u\u017cbowe PSP - Kreator Toru\u0144","description":"Spodnie s\u0142u\u017cbowe PSP piaskowe d\u0142ugie \u2013 wytrzyma\u0142e spodnie stra\u017cackie z tkaniny Rip-stop, zgodne z normami PSP. Komfort, funkcjonalno\u015b\u0107 i trwa\u0142o\u015b\u0107 dla stra\u017cak\u00f3w. Sklep Kreator Toru\u0144.","robots":{"index":"index","follow":"follow","max-snippet":"max-snippet:-1","max-image-preview":"max-image-preview:large","max-video-preview":"max-video-preview:-1"},"canonical":"https:\/\/kreatortorun.pl\/produkt\/spodnie-sluzbowe-psp\/","og_locale":"en_US","og_type":"article","og_title":"Spodnie s\u0142u\u017cbowe PSP - Kreator Toru\u0144","og_description":"Spodnie s\u0142u\u017cbowe PSP piaskowe d\u0142ugie \u2013 wytrzyma\u0142e spodnie stra\u017cackie z tkaniny Rip-stop, zgodne z normami PSP. Komfort, funkcjonalno\u015b\u0107 i trwa\u0142o\u015b\u0107 dla stra\u017cak\u00f3w. Sklep Kreator Toru\u0144.","og_url":"https:\/\/kreatortorun.pl\/produkt\/spodnie-sluzbowe-psp\/","og_site_name":"Kreator Toru\u0144","article_publisher":"https:\/\/www.facebook.com\/torun.kreator","article_modified_time":"2026-01-27T13:03:10+00:00","og_image":[{"width":1200,"height":1200,"url":"https:\/\/kreatortorun.pl\/wp-content\/uploads\/2025\/12\/Kreator-PSP-Spodnie-01.webp","type":"image\/webp"}],"twitter_card":"summary_large_image","twitter_misc":{"Est. reading time":"2 minutes"},"schema":{"@context":"https:\/\/schema.org","@graph":[{"@type":"WebPage","@id":"https:\/\/kreatortorun.pl\/produkt\/spodnie-sluzbowe-psp\/","url":"https:\/\/kreatortorun.pl\/produkt\/spodnie-sluzbowe-psp\/","name":"Spodnie s\u0142u\u017cbowe PSP - Kreator Toru\u0144","isPartOf":{"@id":"https:\/\/kreatortorun.pl\/#website"},"primaryImageOfPage":{"@id":"https:\/\/kreatortorun.pl\/produkt\/spodnie-sluzbowe-psp\/#primaryimage"},"image":{"@id":"https:\/\/kreatortorun.pl\/produkt\/spodnie-sluzbowe-psp\/#primaryimage"},"thumbnailUrl":"https:\/\/kreatortorun.pl\/wp-content\/uploads\/2025\/12\/Kreator-PSP-Spodnie-01.webp","datePublished":"2025-12-03T11:48:09+00:00","dateModified":"2026-01-27T13:03:10+00:00","description":"Spodnie s\u0142u\u017cbowe PSP piaskowe d\u0142ugie \u2013 wytrzyma\u0142e spodnie stra\u017cackie z tkaniny Rip-stop, zgodne z normami PSP. Komfort, funkcjonalno\u015b\u0107 i trwa\u0142o\u015b\u0107 dla stra\u017cak\u00f3w. Sklep Kreator Toru\u0144.","breadcrumb":{"@id":"https:\/\/kreatortorun.pl\/produkt\/spodnie-sluzbowe-psp\/#breadcrumb"},"inLanguage":"en-US","potentialAction":[{"@type":"ReadAction","target":["https:\/\/kreatortorun.pl\/produkt\/spodnie-sluzbowe-psp\/"]}]},{"@type":"ImageObject","inLanguage":"en-US","@id":"https:\/\/kreatortorun.pl\/produkt\/spodnie-sluzbowe-psp\/#primaryimage","url":"https:\/\/kreatortorun.pl\/wp-content\/uploads\/2025\/12\/Kreator-PSP-Spodnie-01.webp","contentUrl":"https:\/\/kreatortorun.pl\/wp-content\/uploads\/2025\/12\/Kreator-PSP-Spodnie-01.webp","width":1200,"height":1200},{"@type":"BreadcrumbList","@id":"https:\/\/kreatortorun.pl\/produkt\/spodnie-sluzbowe-psp\/#breadcrumb","itemListElement":[{"@type":"ListItem","position":1,"name":"Strona g\u0142\u00f3wna","item":"https:\/\/kreatortorun.pl\/en\/"},{"@type":"ListItem","position":2,"name":"Shop","item":"https:\/\/kreatortorun.pl\/en\/shop\/"},{"@type":"ListItem","position":3,"name":"Spodnie s\u0142u\u017cbowe PSP"}]},{"@type":"WebSite","@id":"https:\/\/kreatortorun.pl\/#website","url":"https:\/\/kreatortorun.pl\/","name":"Kreator Toru\u0144","description":"Producent mundur\u00f3w, kombinezon\u00f3w i odzie\u017cy taktycznej","publisher":{"@id":"https:\/\/kreatortorun.pl\/#organization"},"potentialAction":[{"@type":"SearchAction","target":{"@type":"EntryPoint","urlTemplate":"https:\/\/kreatortorun.pl\/?s={search_term_string}"},"query-input":{"@type":"PropertyValueSpecification","valueRequired":true,"valueName":"search_term_string"}}],"inLanguage":"en-US"},{"@type":"Organization","@id":"https:\/\/kreatortorun.pl\/#organization","name":"Kreator Toru\u0144","url":"https:\/\/kreatortorun.pl\/","logo":{"@type":"ImageObject","inLanguage":"en-US","@id":"https:\/\/kreatortorun.pl\/#\/schema\/logo\/image\/","url":"https:\/\/kreatortorun.pl\/wp-content\/uploads\/2024\/02\/cropped-kreator-logo-favicon.png","contentUrl":"https:\/\/kreatortorun.pl\/wp-content\/uploads\/2024\/02\/cropped-kreator-logo-favicon.png","width":512,"height":512,"caption":"Kreator Toru\u0144"},"image":{"@id":"https:\/\/kreatortorun.pl\/#\/schema\/logo\/image\/"},"sameAs":["https:\/\/www.facebook.com\/torun.kreator","https:\/\/www.youtube.com\/@kreatortorun1862"]}]}},"_links":{"self":[{"href":"https:\/\/kreatortorun.pl\/en\/wp-json\/wp\/v2\/product\/25967","targetHints":{"allow":["GET"]}}],"collection":[{"href":"https:\/\/kreatortorun.pl\/en\/wp-json\/wp\/v2\/product"}],"about":[{"href":"https:\/\/kreatortorun.pl\/en\/wp-json\/wp\/v2\/types\/product"}],"wp:featuredmedia":[{"embeddable":true,"href":"https:\/\/kreatortorun.pl\/en\/wp-json\/wp\/v2\/media\/26009"}],"wp:attachment":[{"href":"https:\/\/kreatortorun.pl\/en\/wp-json\/wp\/v2\/media?parent=25967"}],"wp:term":[{"taxonomy":"product_brand","embeddable":true,"href":"https:\/\/kreatortorun.pl\/en\/wp-json\/wp\/v2\/product_brand?post=25967"},{"taxonomy":"product_cat","embeddable":true,"href":"https:\/\/kreatortorun.pl\/en\/wp-json\/wp\/v2\/product_cat?post=25967"},{"taxonomy":"product_tag","embeddable":true,"href":"https:\/\/kreatortorun.pl\/en\/wp-json\/wp\/v2\/product_tag?post=25967"}],"curies":[{"name":"wp","href":"https:\/\/api.w.org\/{rel}","templated":true}]}}