{"id":25973,"date":"2025-12-03T13:09:17","date_gmt":"2025-12-03T13:09:17","guid":{"rendered":"https:\/\/kreatortorun.pl\/?post_type=product&#038;p=25973"},"modified":"2026-01-27T13:01:18","modified_gmt":"2026-01-27T13:01:18","slug":"czapka-sluzbowa-letnia-psp","status":"publish","type":"product","link":"https:\/\/kreatortorun.pl\/en\/produkt\/czapka-sluzbowa-letnia-psp\/","title":{"rendered":"Czapka s\u0142u\u017cbowa letnia PSP"},"content":{"rendered":"<h1 data-start=\"537\" data-end=\"586\">Czapka s\u0142u\u017cbowa letnia PSP<\/h1>\n<p data-start=\"638\" data-end=\"1085\">Czapka PSP z tkaniny o sk\u0142adzie 50% bawe\u0142na i 50% poliester, ze splotem rip-stop. Czapka PSP typu sportowego (tzw. bejsbol\u00f3wka) wchodzi w sk\u0142ad ubioru s\u0142u\u017cbowego funkcjonariuszy Pa\u0144stwowej Stra\u017cy Po\u017carnej.<\/p>\n<p data-start=\"638\" data-end=\"1085\">Jako firma uj\u0119ta w &#8220;Wykazie przedsi\u0119biorstw posiadaj\u0105cych zgod\u0119 Komendanta G\u0142\u00f3wnego PSP na produkcj\u0119 i wprowadzanie na rynek element\u00f3w ubioru s\u0142u\u017cbowego&#8221;, gwarantujemy pe\u0142n\u0105 zgodno\u015bci\u0105 produktu z dokumentacj\u0105 techniczno-technologiczn\u0105 KG PSP.<\/p>\n<h2 data-start=\"1092\" data-end=\"1159\">Piaskowa s\u0142u\u017cbowa czapka z daszkiem PSP<\/h2>\n<p data-start=\"1160\" data-end=\"1289\">Czapka o konstrukcji sportowej sk\u0142ada si\u0119 z 6 klin\u00f3w oraz regulacji obwodu z paskiem i klamr\u0105. Na przodzie emblemat z or\u0142em po\u017carniczym na czarnym tle. Po bokach i z ty\u0142u wywietrzniki haftowane maszynowo. Usztywniony daszek i potnik z tkaniny zasadniczej.<\/p>\n<h2 data-start=\"1160\" data-end=\"1289\">Dost\u0119pnych 6 rozmiar\u00f3w s\u0142u\u017cbowej czapki stra\u017cackiej:<\/h2>\n<p data-start=\"1160\" data-end=\"1289\">52\/53, 54\/55, 56\/57, 58\/59, 60\/61 i 62\/63.<\/p>\n<h2 data-start=\"2301\" data-end=\"2336\">Czapka s\u0142u\u017cbowa letnia PSP zgodna ze standardami PSP<\/h2>\n<p data-start=\"2337\" data-end=\"2366\">Produkt wykonany zgodnie z:<\/p>\n<ul data-start=\"2367\" data-end=\"2473\">\n<li data-start=\"2367\" data-end=\"2413\">\n<p data-start=\"2369\" data-end=\"2413\">Rozporz\u0105dzeniem MSWiA z 29.09.2021 r.,<\/p>\n<\/li>\n<li data-start=\"2414\" data-end=\"2473\">\n<p data-start=\"2416\" data-end=\"2473\">dokumentacj\u0105 KG PSP z 29.10.2021 r. i jej aktualizacjami.<\/p>\n<\/li>\n<\/ul>\n<h2>Czapk\u0119 s\u0142u\u017cbow\u0105 letni\u0105 PSP nosi si\u0119 do poni\u017cszych regulaminowych zestaw\u00f3w ubioru s\u0142u\u017cbowego PSP:<\/h2>\n<ul>\n<li>koszulka t-shirt PSP + <a href=\"https:\/\/kreatortorun.pl\/produkt\/spodnie-sluzbowe-psp-krotkie\/\">spodnie s\u0142u\u017cbowe kr\u00f3tkie PSP<\/a><\/li>\n<li><a href=\"https:\/\/kreatortorun.pl\/produkt\/koszula-sluzbowa-psp-z-krotkim-rekawem\/\">koszula s\u0142u\u017cbowa PSP z kr\u00f3tkim r\u0119kawem<\/a> + <a href=\"https:\/\/kreatortorun.pl\/produkt\/spodnie-sluzbowe-psp-krotkie\/\">spodnie s\u0142u\u017cbowe PSP kr\u00f3tkie<\/a> (na zdj\u0119ciu)<\/li>\n<li><a href=\"https:\/\/kreatortorun.pl\/produkt\/koszula-sluzbowa-psp-z-dlugim-rekawem\/\">koszula s\u0142u\u017cbowa PSP z d\u0142ugim r\u0119kawem<\/a> + <a href=\"https:\/\/kreatortorun.pl\/produkt\/spodnie-sluzbowe-psp\/\">spodnie s\u0142u\u017cbowe PSP d\u0142ugie<\/a> (na zdj\u0119ciu)<\/li>\n<li><a href=\"https:\/\/kreatortorun.pl\/produkt\/bluza-sluzbowa-psp\/\">bluza s\u0142u\u017cbowa PSP<\/a> + <a href=\"https:\/\/kreatortorun.pl\/produkt\/spodnie-sluzbowe-psp\/\">spodnie s\u0142u\u017cbowe PSP<\/a> (na zdj\u0119ciu)<\/li>\n<\/ul>\n","protected":false},"excerpt":{"rendered":"<p style=\"text-align: justify;\">Piaskowa czapka s\u0142u\u017cbowa letnia zgodna z rozporz\u0105dzeniem MSWiA oraz z dokumentacj\u0105 techniczno-technologiczn\u0105 KG PSP.<\/p>\n<p style=\"text-align: justify;\">Aby zam\u00f3wi\u0107 zadzwo\u0144: <strong><span style=\"color: #d83131;\"><a href=\"tel: +48790771696\">+48 790 771 696<\/a><\/span><\/strong><\/p>\n<p style=\"text-align: justify;\">lub <a href=\"mailto:l.mirosznik@kreatortorun.pl\" class=\"button alert is-alert is-medium\" >\n\t\t<span>ZAPYTAJ\/ZAM\u00d3W<\/span>\n\t<\/a>\n\n<p style=\"text-align: justify;\">Zgodnie z wytycznymi Komendy G\u0142\u00f3wnej PSP zam\u00f3wienia na umundurowanie s\u0142u\u017cbowe powinny by\u0107 sk\u0142adane przez w\u0142a\u015bciwe komendy PSP.<\/p>\n","protected":false},"featured_media":25995,"template":"","meta":[],"product_brand":[],"product_cat":[230],"product_tag":[135,171],"class_list":{"0":"post-25973","1":"product","2":"type-product","3":"status-publish","4":"has-post-thumbnail","6":"product_cat-umundurowanie-sluzbowe-psp","7":"product_tag-meska","8":"product_tag-psp","10":"first","11":"onbackorder","12":"taxable","13":"shipping-taxable","14":"product-type-simple"},"yoast_head":"<!-- This site is optimized with the Yoast SEO plugin v27.3 - https:\/\/yoast.com\/product\/yoast-seo-wordpress\/ -->\n<title>Czapka s\u0142u\u017cbowa letnia PSP - Kreator Toru\u0144<\/title>\n<meta name=\"description\" content=\"Czapka s\u0142u\u017cbowa letnia PSP \u2013 lekka, przewiewna i zgodna z obowi\u0105zuj\u0105cymi normami umundurowania stra\u017cak\u00f3w. Idealna na ca\u0142y rok dla funkcjonariuszy PSP.\" \/>\n<meta name=\"robots\" content=\"index, follow, max-snippet:-1, max-image-preview:large, max-video-preview:-1\" \/>\n<link rel=\"canonical\" href=\"https:\/\/kreatortorun.pl\/produkt\/czapka-sluzbowa-letnia-psp\/\" \/>\n<meta property=\"og:locale\" content=\"en_US\" \/>\n<meta property=\"og:type\" content=\"article\" \/>\n<meta property=\"og:title\" content=\"Czapka s\u0142u\u017cbowa letnia PSP - Kreator Toru\u0144\" \/>\n<meta property=\"og:description\" content=\"Czapka s\u0142u\u017cbowa letnia PSP \u2013 lekka, przewiewna i zgodna z obowi\u0105zuj\u0105cymi normami umundurowania stra\u017cak\u00f3w. Idealna na ca\u0142y rok dla funkcjonariuszy PSP.\" \/>\n<meta property=\"og:url\" content=\"https:\/\/kreatortorun.pl\/produkt\/czapka-sluzbowa-letnia-psp\/\" \/>\n<meta property=\"og:site_name\" content=\"Kreator Toru\u0144\" \/>\n<meta property=\"article:publisher\" content=\"https:\/\/www.facebook.com\/torun.kreator\" \/>\n<meta property=\"article:modified_time\" content=\"2026-01-27T13:01:18+00:00\" \/>\n<meta property=\"og:image\" content=\"https:\/\/kreatortorun.pl\/wp-content\/uploads\/2025\/12\/Kreator-PSP-Czapka-01-1.webp\" \/>\n\t<meta property=\"og:image:width\" content=\"1200\" \/>\n\t<meta property=\"og:image:height\" content=\"1200\" \/>\n\t<meta property=\"og:image:type\" content=\"image\/webp\" \/>\n<meta name=\"twitter:card\" content=\"summary_large_image\" \/>\n<meta name=\"twitter:label1\" content=\"Est. reading time\" \/>\n\t<meta name=\"twitter:data1\" content=\"2 minutes\" \/>\n<script type=\"application\/ld+json\" class=\"yoast-schema-graph\">{\"@context\":\"https:\\\/\\\/schema.org\",\"@graph\":[{\"@type\":\"WebPage\",\"@id\":\"https:\\\/\\\/kreatortorun.pl\\\/produkt\\\/czapka-sluzbowa-letnia-psp\\\/\",\"url\":\"https:\\\/\\\/kreatortorun.pl\\\/produkt\\\/czapka-sluzbowa-letnia-psp\\\/\",\"name\":\"Czapka s\u0142u\u017cbowa letnia PSP - Kreator Toru\u0144\",\"isPartOf\":{\"@id\":\"https:\\\/\\\/kreatortorun.pl\\\/#website\"},\"primaryImageOfPage\":{\"@id\":\"https:\\\/\\\/kreatortorun.pl\\\/produkt\\\/czapka-sluzbowa-letnia-psp\\\/#primaryimage\"},\"image\":{\"@id\":\"https:\\\/\\\/kreatortorun.pl\\\/produkt\\\/czapka-sluzbowa-letnia-psp\\\/#primaryimage\"},\"thumbnailUrl\":\"https:\\\/\\\/kreatortorun.pl\\\/wp-content\\\/uploads\\\/2025\\\/12\\\/Kreator-PSP-Czapka-01-1.webp\",\"datePublished\":\"2025-12-03T13:09:17+00:00\",\"dateModified\":\"2026-01-27T13:01:18+00:00\",\"description\":\"Czapka s\u0142u\u017cbowa letnia PSP \u2013 lekka, przewiewna i zgodna z obowi\u0105zuj\u0105cymi normami umundurowania stra\u017cak\u00f3w. Idealna na ca\u0142y rok dla funkcjonariuszy PSP.\",\"breadcrumb\":{\"@id\":\"https:\\\/\\\/kreatortorun.pl\\\/produkt\\\/czapka-sluzbowa-letnia-psp\\\/#breadcrumb\"},\"inLanguage\":\"en-US\",\"potentialAction\":[{\"@type\":\"ReadAction\",\"target\":[\"https:\\\/\\\/kreatortorun.pl\\\/produkt\\\/czapka-sluzbowa-letnia-psp\\\/\"]}]},{\"@type\":\"ImageObject\",\"inLanguage\":\"en-US\",\"@id\":\"https:\\\/\\\/kreatortorun.pl\\\/produkt\\\/czapka-sluzbowa-letnia-psp\\\/#primaryimage\",\"url\":\"https:\\\/\\\/kreatortorun.pl\\\/wp-content\\\/uploads\\\/2025\\\/12\\\/Kreator-PSP-Czapka-01-1.webp\",\"contentUrl\":\"https:\\\/\\\/kreatortorun.pl\\\/wp-content\\\/uploads\\\/2025\\\/12\\\/Kreator-PSP-Czapka-01-1.webp\",\"width\":1200,\"height\":1200},{\"@type\":\"BreadcrumbList\",\"@id\":\"https:\\\/\\\/kreatortorun.pl\\\/produkt\\\/czapka-sluzbowa-letnia-psp\\\/#breadcrumb\",\"itemListElement\":[{\"@type\":\"ListItem\",\"position\":1,\"name\":\"Strona g\u0142\u00f3wna\",\"item\":\"https:\\\/\\\/kreatortorun.pl\\\/en\\\/\"},{\"@type\":\"ListItem\",\"position\":2,\"name\":\"Shop\",\"item\":\"https:\\\/\\\/kreatortorun.pl\\\/en\\\/shop\\\/\"},{\"@type\":\"ListItem\",\"position\":3,\"name\":\"Czapka s\u0142u\u017cbowa letnia PSP\"}]},{\"@type\":\"WebSite\",\"@id\":\"https:\\\/\\\/kreatortorun.pl\\\/#website\",\"url\":\"https:\\\/\\\/kreatortorun.pl\\\/\",\"name\":\"Kreator Toru\u0144\",\"description\":\"Producent mundur\u00f3w, kombinezon\u00f3w i odzie\u017cy taktycznej\",\"publisher\":{\"@id\":\"https:\\\/\\\/kreatortorun.pl\\\/#organization\"},\"potentialAction\":[{\"@type\":\"SearchAction\",\"target\":{\"@type\":\"EntryPoint\",\"urlTemplate\":\"https:\\\/\\\/kreatortorun.pl\\\/?s={search_term_string}\"},\"query-input\":{\"@type\":\"PropertyValueSpecification\",\"valueRequired\":true,\"valueName\":\"search_term_string\"}}],\"inLanguage\":\"en-US\"},{\"@type\":\"Organization\",\"@id\":\"https:\\\/\\\/kreatortorun.pl\\\/#organization\",\"name\":\"Kreator Toru\u0144\",\"url\":\"https:\\\/\\\/kreatortorun.pl\\\/\",\"logo\":{\"@type\":\"ImageObject\",\"inLanguage\":\"en-US\",\"@id\":\"https:\\\/\\\/kreatortorun.pl\\\/#\\\/schema\\\/logo\\\/image\\\/\",\"url\":\"https:\\\/\\\/kreatortorun.pl\\\/wp-content\\\/uploads\\\/2024\\\/02\\\/cropped-kreator-logo-favicon.png\",\"contentUrl\":\"https:\\\/\\\/kreatortorun.pl\\\/wp-content\\\/uploads\\\/2024\\\/02\\\/cropped-kreator-logo-favicon.png\",\"width\":512,\"height\":512,\"caption\":\"Kreator Toru\u0144\"},\"image\":{\"@id\":\"https:\\\/\\\/kreatortorun.pl\\\/#\\\/schema\\\/logo\\\/image\\\/\"},\"sameAs\":[\"https:\\\/\\\/www.facebook.com\\\/torun.kreator\",\"https:\\\/\\\/www.youtube.com\\\/@kreatortorun1862\"]}]}<\/script>\n<!-- \/ Yoast SEO plugin. -->","yoast_head_json":{"title":"Czapka s\u0142u\u017cbowa letnia PSP - Kreator Toru\u0144","description":"Czapka s\u0142u\u017cbowa letnia PSP \u2013 lekka, przewiewna i zgodna z obowi\u0105zuj\u0105cymi normami umundurowania stra\u017cak\u00f3w. Idealna na ca\u0142y rok dla funkcjonariuszy PSP.","robots":{"index":"index","follow":"follow","max-snippet":"max-snippet:-1","max-image-preview":"max-image-preview:large","max-video-preview":"max-video-preview:-1"},"canonical":"https:\/\/kreatortorun.pl\/produkt\/czapka-sluzbowa-letnia-psp\/","og_locale":"en_US","og_type":"article","og_title":"Czapka s\u0142u\u017cbowa letnia PSP - Kreator Toru\u0144","og_description":"Czapka s\u0142u\u017cbowa letnia PSP \u2013 lekka, przewiewna i zgodna z obowi\u0105zuj\u0105cymi normami umundurowania stra\u017cak\u00f3w. Idealna na ca\u0142y rok dla funkcjonariuszy PSP.","og_url":"https:\/\/kreatortorun.pl\/produkt\/czapka-sluzbowa-letnia-psp\/","og_site_name":"Kreator Toru\u0144","article_publisher":"https:\/\/www.facebook.com\/torun.kreator","article_modified_time":"2026-01-27T13:01:18+00:00","og_image":[{"width":1200,"height":1200,"url":"https:\/\/kreatortorun.pl\/wp-content\/uploads\/2025\/12\/Kreator-PSP-Czapka-01-1.webp","type":"image\/webp"}],"twitter_card":"summary_large_image","twitter_misc":{"Est. reading time":"2 minutes"},"schema":{"@context":"https:\/\/schema.org","@graph":[{"@type":"WebPage","@id":"https:\/\/kreatortorun.pl\/produkt\/czapka-sluzbowa-letnia-psp\/","url":"https:\/\/kreatortorun.pl\/produkt\/czapka-sluzbowa-letnia-psp\/","name":"Czapka s\u0142u\u017cbowa letnia PSP - Kreator Toru\u0144","isPartOf":{"@id":"https:\/\/kreatortorun.pl\/#website"},"primaryImageOfPage":{"@id":"https:\/\/kreatortorun.pl\/produkt\/czapka-sluzbowa-letnia-psp\/#primaryimage"},"image":{"@id":"https:\/\/kreatortorun.pl\/produkt\/czapka-sluzbowa-letnia-psp\/#primaryimage"},"thumbnailUrl":"https:\/\/kreatortorun.pl\/wp-content\/uploads\/2025\/12\/Kreator-PSP-Czapka-01-1.webp","datePublished":"2025-12-03T13:09:17+00:00","dateModified":"2026-01-27T13:01:18+00:00","description":"Czapka s\u0142u\u017cbowa letnia PSP \u2013 lekka, przewiewna i zgodna z obowi\u0105zuj\u0105cymi normami umundurowania stra\u017cak\u00f3w. Idealna na ca\u0142y rok dla funkcjonariuszy PSP.","breadcrumb":{"@id":"https:\/\/kreatortorun.pl\/produkt\/czapka-sluzbowa-letnia-psp\/#breadcrumb"},"inLanguage":"en-US","potentialAction":[{"@type":"ReadAction","target":["https:\/\/kreatortorun.pl\/produkt\/czapka-sluzbowa-letnia-psp\/"]}]},{"@type":"ImageObject","inLanguage":"en-US","@id":"https:\/\/kreatortorun.pl\/produkt\/czapka-sluzbowa-letnia-psp\/#primaryimage","url":"https:\/\/kreatortorun.pl\/wp-content\/uploads\/2025\/12\/Kreator-PSP-Czapka-01-1.webp","contentUrl":"https:\/\/kreatortorun.pl\/wp-content\/uploads\/2025\/12\/Kreator-PSP-Czapka-01-1.webp","width":1200,"height":1200},{"@type":"BreadcrumbList","@id":"https:\/\/kreatortorun.pl\/produkt\/czapka-sluzbowa-letnia-psp\/#breadcrumb","itemListElement":[{"@type":"ListItem","position":1,"name":"Strona g\u0142\u00f3wna","item":"https:\/\/kreatortorun.pl\/en\/"},{"@type":"ListItem","position":2,"name":"Shop","item":"https:\/\/kreatortorun.pl\/en\/shop\/"},{"@type":"ListItem","position":3,"name":"Czapka s\u0142u\u017cbowa letnia PSP"}]},{"@type":"WebSite","@id":"https:\/\/kreatortorun.pl\/#website","url":"https:\/\/kreatortorun.pl\/","name":"Kreator Toru\u0144","description":"Producent mundur\u00f3w, kombinezon\u00f3w i odzie\u017cy taktycznej","publisher":{"@id":"https:\/\/kreatortorun.pl\/#organization"},"potentialAction":[{"@type":"SearchAction","target":{"@type":"EntryPoint","urlTemplate":"https:\/\/kreatortorun.pl\/?s={search_term_string}"},"query-input":{"@type":"PropertyValueSpecification","valueRequired":true,"valueName":"search_term_string"}}],"inLanguage":"en-US"},{"@type":"Organization","@id":"https:\/\/kreatortorun.pl\/#organization","name":"Kreator Toru\u0144","url":"https:\/\/kreatortorun.pl\/","logo":{"@type":"ImageObject","inLanguage":"en-US","@id":"https:\/\/kreatortorun.pl\/#\/schema\/logo\/image\/","url":"https:\/\/kreatortorun.pl\/wp-content\/uploads\/2024\/02\/cropped-kreator-logo-favicon.png","contentUrl":"https:\/\/kreatortorun.pl\/wp-content\/uploads\/2024\/02\/cropped-kreator-logo-favicon.png","width":512,"height":512,"caption":"Kreator Toru\u0144"},"image":{"@id":"https:\/\/kreatortorun.pl\/#\/schema\/logo\/image\/"},"sameAs":["https:\/\/www.facebook.com\/torun.kreator","https:\/\/www.youtube.com\/@kreatortorun1862"]}]}},"_links":{"self":[{"href":"https:\/\/kreatortorun.pl\/en\/wp-json\/wp\/v2\/product\/25973","targetHints":{"allow":["GET"]}}],"collection":[{"href":"https:\/\/kreatortorun.pl\/en\/wp-json\/wp\/v2\/product"}],"about":[{"href":"https:\/\/kreatortorun.pl\/en\/wp-json\/wp\/v2\/types\/product"}],"wp:featuredmedia":[{"embeddable":true,"href":"https:\/\/kreatortorun.pl\/en\/wp-json\/wp\/v2\/media\/25995"}],"wp:attachment":[{"href":"https:\/\/kreatortorun.pl\/en\/wp-json\/wp\/v2\/media?parent=25973"}],"wp:term":[{"taxonomy":"product_brand","embeddable":true,"href":"https:\/\/kreatortorun.pl\/en\/wp-json\/wp\/v2\/product_brand?post=25973"},{"taxonomy":"product_cat","embeddable":true,"href":"https:\/\/kreatortorun.pl\/en\/wp-json\/wp\/v2\/product_cat?post=25973"},{"taxonomy":"product_tag","embeddable":true,"href":"https:\/\/kreatortorun.pl\/en\/wp-json\/wp\/v2\/product_tag?post=25973"}],"curies":[{"name":"wp","href":"https:\/\/api.w.org\/{rel}","templated":true}]}}