{"id":3154,"date":"2021-11-20T13:48:05","date_gmt":"2021-11-20T13:48:05","guid":{"rendered":"https:\/\/kreatortorun.pl\/?post_type=product&#038;p=3154"},"modified":"2026-04-27T14:36:13","modified_gmt":"2026-04-27T14:36:13","slug":"mundur-galowy-sp-wzor-108-mon","status":"publish","type":"product","link":"https:\/\/kreatortorun.pl\/en\/produkt\/mundur-galowy-sp-wzor-108-mon\/","title":{"rendered":"Mundur galowy SP wz\u00f3r 108\/MON"},"content":{"rendered":"<h2 style=\"text-align: justify;\">Kurtka munduru galowego Si\u0142 Powietrznych<\/h2>\n<p style=\"text-align: justify;\">Kurtka wykonana jest z tkaniny w kolorze stalowym. Kurtka jednorz\u0119dowa, z wyk\u0142adanym ko\u0142nierzem i wy\u0142ogami, zapinana jest na cztery guziki mundurowe. Spadziste barki kurtki wyr\u00f3wnane s\u0105 wk\u0142adami barkowymi. Na barkach umieszczone s\u0105 naramienniki zapinane na guziki mundurowe. Na linii klatki piersiowej naszyte s\u0105 kieszenie z fa\u0142dkami i klapkami, zapinane na guziki mundurowe. Poni\u017cej linii pasa odszyte s\u0105 kieszenie wpuszczane, z naszytymi na wierzch przod\u00f3w kurtki klapkami, zapinane analogicznie jak kieszenie g\u00f3rne. R\u0119kawy dwucz\u0119\u015bciowe, ze szwem \u0142okciowym, w dole zako\u0144czone s\u0105 rozporkami. Kurtka od wewn\u0105trz wyko\u0144czona jest jedwabn\u0105 podszewk\u0105. W g\u00f3rnych cz\u0119\u015bciach przodu, wewn\u0105trz kurtki, wykonane s\u0105 kieszenie, wyko\u0144czone szerok\u0105 wypustk\u0105 z tkaniny zasadniczej. Lewa kiesze\u0144 wewn\u0119trzna zapinana jest dodatkowo na guzik.<\/p>\n<p style=\"text-align: justify;\"><strong>\u00a0<\/strong><\/p>\n<h2 style=\"text-align: justify;\">Spodnie munduru galowego Si\u0142 Powietrznych<\/h2>\n<p style=\"text-align: justify;\">Spodnie munduru galowego biodrowe, bez mankiet\u00f3w, wykonane s\u0105 z tej samej tkaniny zasadniczej co kurtka. Nogawki spodni s\u0105 zw\u0119\u017cane ku do\u0142owi. W g\u00f3rnej cz\u0119\u015bci przodu spodni wykonane s\u0105 kieszenie boczne z jedn\u0105 wypustk\u0105. W pasek wszyto siedem podtrzymywaczy paska. Lewa strona paska jest przed\u0142u\u017cona, zako\u0144czona dziurk\u0105. Pasek zapinany jest dodatkowo na hak odzie\u017cowy umieszczony po stronie wewn\u0119trznej paska spodni. W przednich nogawkach, wewn\u0105trz spodni, wszyta jest kolan\u00f3wka. Do\u0142y nogawek s\u0105 sko\u015bne, podniesione ku przodowi. Rozporek spodni zapinany jest na zamek b\u0142yskawiczny.<\/p>\n<p style=\"text-align: justify;\">Wszystkie surowce zastosowane w wyrobie s\u0105 \u00a0zgodne z Wojskow\u0105 Dokumentacj\u0105 Techniczno-Technologiczn\u0105 wz\u00f3r 108\/MON, a wz\u00f3r munduru jest zatwierdzony w Wojskowym O\u015brodku Badawczo-Wdro\u017ceniowym S\u0142u\u017cby Mundurowej.<\/p>\n<h2 style=\"text-align: justify;\">Tabela wielko\u015bci munduru galowego SP<\/h2>\n<p style=\"text-align: justify;\">Nasza tabela rozmiar\u00f3w mundurowych oparta jest na tabeli rozmiar\u00f3w MON z uwzgl\u0119dnieniem indywidualnej sylwetki \u017co\u0142nierza. Nasze mundury zapewniaj\u0105 komfort w codziennym u\u017cytkowaniu przy zachowaniu ich pe\u0142nej funkcjonalno\u015bci.<\/p>\n<p style=\"text-align: justify;\">\n","protected":false},"excerpt":{"rendered":"<p style=\"text-align: justify;\">Mundur galowy SP 108\/MON jest potwierdzony przez Wojskowy O\u015brodek Badawczo-Wdro\u017ceniowy S\u0142u\u017cby Mundurowej w \u0141odzi za zgodno\u015b\u0107 z Wojskow\u0105 Dokumentacj\u0105 Techniczno-Technologiczn\u0105 oraz wzorem Przedmiotu Umundurowania i Wyekwipowania. Wszystkie surowce zastosowane w wyrobie s\u0105\u00a0 zgodne z Wojskow\u0105 Dokumentacj\u0105 Techniczno-Technologiczn\u0105 wz\u00f3r 108\/MON.<\/p>\n","protected":false},"featured_media":2896,"template":"","meta":[],"product_brand":[],"product_cat":[128],"product_tag":[215,89],"class_list":{"0":"post-3154","1":"product","2":"type-product","3":"status-publish","4":"has-post-thumbnail","6":"product_cat-umundurowanie-m-sp","7":"product_tag-tabelowe","8":"product_tag-sp","9":"product_shipping_class-dpd","11":"first","12":"instock","13":"taxable","14":"shipping-taxable","15":"purchasable","16":"product-type-variable"},"yoast_head":"<!-- This site is optimized with the Yoast SEO plugin v27.3 - https:\/\/yoast.com\/product\/yoast-seo-wordpress\/ -->\n<title>Mundur galowy SP wz\u00f3r 108\/MON - Kreator Toru\u0144<\/title>\n<meta name=\"robots\" content=\"index, follow, max-snippet:-1, max-image-preview:large, max-video-preview:-1\" \/>\n<link rel=\"canonical\" href=\"https:\/\/kreatortorun.pl\/produkt\/mundur-galowy-sp-wzor-108-mon\/\" \/>\n<meta property=\"og:locale\" content=\"en_US\" \/>\n<meta property=\"og:type\" content=\"article\" \/>\n<meta property=\"og:title\" content=\"Mundur galowy SP wz\u00f3r 108\/MON - Kreator Toru\u0144\" \/>\n<meta property=\"og:description\" content=\"Mundur galowy SP 108\/MON jest potwierdzony przez Wojskowy O\u015brodek Badawczo-Wdro\u017ceniowy S\u0142u\u017cby Mundurowej w \u0141odzi za zgodno\u015b\u0107 z Wojskow\u0105 Dokumentacj\u0105 Techniczno-Technologiczn\u0105 oraz wzorem Przedmiotu Umundurowania i Wyekwipowania. Wszystkie surowce zastosowane w wyrobie s\u0105\u00a0 zgodne z Wojskow\u0105 Dokumentacj\u0105 Techniczno-Technologiczn\u0105 wz\u00f3r 108\/MON.\" \/>\n<meta property=\"og:url\" content=\"https:\/\/kreatortorun.pl\/produkt\/mundur-galowy-sp-wzor-108-mon\/\" \/>\n<meta property=\"og:site_name\" content=\"Kreator Toru\u0144\" \/>\n<meta property=\"article:publisher\" content=\"https:\/\/www.facebook.com\/torun.kreator\" \/>\n<meta property=\"article:modified_time\" content=\"2026-04-27T14:36:13+00:00\" \/>\n<meta property=\"og:image\" content=\"https:\/\/kreatortorun.pl\/wp-content\/uploads\/2021\/10\/PARE.PL-SP-mundur-3136.jpg\" \/>\n\t<meta property=\"og:image:width\" content=\"1200\" \/>\n\t<meta property=\"og:image:height\" content=\"1200\" \/>\n\t<meta property=\"og:image:type\" content=\"image\/jpeg\" \/>\n<meta name=\"twitter:card\" content=\"summary_large_image\" \/>\n<meta name=\"twitter:label1\" content=\"Est. reading time\" \/>\n\t<meta name=\"twitter:data1\" content=\"2 minutes\" \/>\n<script type=\"application\/ld+json\" class=\"yoast-schema-graph\">{\"@context\":\"https:\\\/\\\/schema.org\",\"@graph\":[{\"@type\":\"WebPage\",\"@id\":\"https:\\\/\\\/kreatortorun.pl\\\/produkt\\\/mundur-galowy-sp-wzor-108-mon\\\/\",\"url\":\"https:\\\/\\\/kreatortorun.pl\\\/produkt\\\/mundur-galowy-sp-wzor-108-mon\\\/\",\"name\":\"Mundur galowy SP wz\u00f3r 108\\\/MON - Kreator Toru\u0144\",\"isPartOf\":{\"@id\":\"https:\\\/\\\/kreatortorun.pl\\\/#website\"},\"primaryImageOfPage\":{\"@id\":\"https:\\\/\\\/kreatortorun.pl\\\/produkt\\\/mundur-galowy-sp-wzor-108-mon\\\/#primaryimage\"},\"image\":{\"@id\":\"https:\\\/\\\/kreatortorun.pl\\\/produkt\\\/mundur-galowy-sp-wzor-108-mon\\\/#primaryimage\"},\"thumbnailUrl\":\"https:\\\/\\\/kreatortorun.pl\\\/wp-content\\\/uploads\\\/2021\\\/10\\\/PARE.PL-SP-mundur-3136.jpg\",\"datePublished\":\"2021-11-20T13:48:05+00:00\",\"dateModified\":\"2026-04-27T14:36:13+00:00\",\"breadcrumb\":{\"@id\":\"https:\\\/\\\/kreatortorun.pl\\\/produkt\\\/mundur-galowy-sp-wzor-108-mon\\\/#breadcrumb\"},\"inLanguage\":\"en-US\",\"potentialAction\":[{\"@type\":\"ReadAction\",\"target\":[\"https:\\\/\\\/kreatortorun.pl\\\/produkt\\\/mundur-galowy-sp-wzor-108-mon\\\/\"]}]},{\"@type\":\"ImageObject\",\"inLanguage\":\"en-US\",\"@id\":\"https:\\\/\\\/kreatortorun.pl\\\/produkt\\\/mundur-galowy-sp-wzor-108-mon\\\/#primaryimage\",\"url\":\"https:\\\/\\\/kreatortorun.pl\\\/wp-content\\\/uploads\\\/2021\\\/10\\\/PARE.PL-SP-mundur-3136.jpg\",\"contentUrl\":\"https:\\\/\\\/kreatortorun.pl\\\/wp-content\\\/uploads\\\/2021\\\/10\\\/PARE.PL-SP-mundur-3136.jpg\",\"width\":1200,\"height\":1200},{\"@type\":\"BreadcrumbList\",\"@id\":\"https:\\\/\\\/kreatortorun.pl\\\/produkt\\\/mundur-galowy-sp-wzor-108-mon\\\/#breadcrumb\",\"itemListElement\":[{\"@type\":\"ListItem\",\"position\":1,\"name\":\"Strona g\u0142\u00f3wna\",\"item\":\"https:\\\/\\\/kreatortorun.pl\\\/en\\\/\"},{\"@type\":\"ListItem\",\"position\":2,\"name\":\"Shop\",\"item\":\"https:\\\/\\\/kreatortorun.pl\\\/en\\\/shop\\\/\"},{\"@type\":\"ListItem\",\"position\":3,\"name\":\"Mundur galowy SP wz\u00f3r 108\\\/MON\"}]},{\"@type\":\"WebSite\",\"@id\":\"https:\\\/\\\/kreatortorun.pl\\\/#website\",\"url\":\"https:\\\/\\\/kreatortorun.pl\\\/\",\"name\":\"Kreator Toru\u0144\",\"description\":\"Producent mundur\u00f3w, kombinezon\u00f3w i odzie\u017cy taktycznej\",\"publisher\":{\"@id\":\"https:\\\/\\\/kreatortorun.pl\\\/#organization\"},\"potentialAction\":[{\"@type\":\"SearchAction\",\"target\":{\"@type\":\"EntryPoint\",\"urlTemplate\":\"https:\\\/\\\/kreatortorun.pl\\\/?s={search_term_string}\"},\"query-input\":{\"@type\":\"PropertyValueSpecification\",\"valueRequired\":true,\"valueName\":\"search_term_string\"}}],\"inLanguage\":\"en-US\"},{\"@type\":\"Organization\",\"@id\":\"https:\\\/\\\/kreatortorun.pl\\\/#organization\",\"name\":\"Kreator Toru\u0144\",\"url\":\"https:\\\/\\\/kreatortorun.pl\\\/\",\"logo\":{\"@type\":\"ImageObject\",\"inLanguage\":\"en-US\",\"@id\":\"https:\\\/\\\/kreatortorun.pl\\\/#\\\/schema\\\/logo\\\/image\\\/\",\"url\":\"https:\\\/\\\/kreatortorun.pl\\\/wp-content\\\/uploads\\\/2024\\\/02\\\/cropped-kreator-logo-favicon.png\",\"contentUrl\":\"https:\\\/\\\/kreatortorun.pl\\\/wp-content\\\/uploads\\\/2024\\\/02\\\/cropped-kreator-logo-favicon.png\",\"width\":512,\"height\":512,\"caption\":\"Kreator Toru\u0144\"},\"image\":{\"@id\":\"https:\\\/\\\/kreatortorun.pl\\\/#\\\/schema\\\/logo\\\/image\\\/\"},\"sameAs\":[\"https:\\\/\\\/www.facebook.com\\\/torun.kreator\",\"https:\\\/\\\/www.youtube.com\\\/@kreatortorun1862\"]}]}<\/script>\n<!-- \/ Yoast SEO plugin. -->","yoast_head_json":{"title":"Mundur galowy SP wz\u00f3r 108\/MON - Kreator Toru\u0144","robots":{"index":"index","follow":"follow","max-snippet":"max-snippet:-1","max-image-preview":"max-image-preview:large","max-video-preview":"max-video-preview:-1"},"canonical":"https:\/\/kreatortorun.pl\/produkt\/mundur-galowy-sp-wzor-108-mon\/","og_locale":"en_US","og_type":"article","og_title":"Mundur galowy SP wz\u00f3r 108\/MON - Kreator Toru\u0144","og_description":"Mundur galowy SP 108\/MON jest potwierdzony przez Wojskowy O\u015brodek Badawczo-Wdro\u017ceniowy S\u0142u\u017cby Mundurowej w \u0141odzi za zgodno\u015b\u0107 z Wojskow\u0105 Dokumentacj\u0105 Techniczno-Technologiczn\u0105 oraz wzorem Przedmiotu Umundurowania i Wyekwipowania. Wszystkie surowce zastosowane w wyrobie s\u0105\u00a0 zgodne z Wojskow\u0105 Dokumentacj\u0105 Techniczno-Technologiczn\u0105 wz\u00f3r 108\/MON.","og_url":"https:\/\/kreatortorun.pl\/produkt\/mundur-galowy-sp-wzor-108-mon\/","og_site_name":"Kreator Toru\u0144","article_publisher":"https:\/\/www.facebook.com\/torun.kreator","article_modified_time":"2026-04-27T14:36:13+00:00","og_image":[{"width":1200,"height":1200,"url":"https:\/\/kreatortorun.pl\/wp-content\/uploads\/2021\/10\/PARE.PL-SP-mundur-3136.jpg","type":"image\/jpeg"}],"twitter_card":"summary_large_image","twitter_misc":{"Est. reading time":"2 minutes"},"schema":{"@context":"https:\/\/schema.org","@graph":[{"@type":"WebPage","@id":"https:\/\/kreatortorun.pl\/produkt\/mundur-galowy-sp-wzor-108-mon\/","url":"https:\/\/kreatortorun.pl\/produkt\/mundur-galowy-sp-wzor-108-mon\/","name":"Mundur galowy SP wz\u00f3r 108\/MON - Kreator Toru\u0144","isPartOf":{"@id":"https:\/\/kreatortorun.pl\/#website"},"primaryImageOfPage":{"@id":"https:\/\/kreatortorun.pl\/produkt\/mundur-galowy-sp-wzor-108-mon\/#primaryimage"},"image":{"@id":"https:\/\/kreatortorun.pl\/produkt\/mundur-galowy-sp-wzor-108-mon\/#primaryimage"},"thumbnailUrl":"https:\/\/kreatortorun.pl\/wp-content\/uploads\/2021\/10\/PARE.PL-SP-mundur-3136.jpg","datePublished":"2021-11-20T13:48:05+00:00","dateModified":"2026-04-27T14:36:13+00:00","breadcrumb":{"@id":"https:\/\/kreatortorun.pl\/produkt\/mundur-galowy-sp-wzor-108-mon\/#breadcrumb"},"inLanguage":"en-US","potentialAction":[{"@type":"ReadAction","target":["https:\/\/kreatortorun.pl\/produkt\/mundur-galowy-sp-wzor-108-mon\/"]}]},{"@type":"ImageObject","inLanguage":"en-US","@id":"https:\/\/kreatortorun.pl\/produkt\/mundur-galowy-sp-wzor-108-mon\/#primaryimage","url":"https:\/\/kreatortorun.pl\/wp-content\/uploads\/2021\/10\/PARE.PL-SP-mundur-3136.jpg","contentUrl":"https:\/\/kreatortorun.pl\/wp-content\/uploads\/2021\/10\/PARE.PL-SP-mundur-3136.jpg","width":1200,"height":1200},{"@type":"BreadcrumbList","@id":"https:\/\/kreatortorun.pl\/produkt\/mundur-galowy-sp-wzor-108-mon\/#breadcrumb","itemListElement":[{"@type":"ListItem","position":1,"name":"Strona g\u0142\u00f3wna","item":"https:\/\/kreatortorun.pl\/en\/"},{"@type":"ListItem","position":2,"name":"Shop","item":"https:\/\/kreatortorun.pl\/en\/shop\/"},{"@type":"ListItem","position":3,"name":"Mundur galowy SP wz\u00f3r 108\/MON"}]},{"@type":"WebSite","@id":"https:\/\/kreatortorun.pl\/#website","url":"https:\/\/kreatortorun.pl\/","name":"Kreator Toru\u0144","description":"Producent mundur\u00f3w, kombinezon\u00f3w i odzie\u017cy taktycznej","publisher":{"@id":"https:\/\/kreatortorun.pl\/#organization"},"potentialAction":[{"@type":"SearchAction","target":{"@type":"EntryPoint","urlTemplate":"https:\/\/kreatortorun.pl\/?s={search_term_string}"},"query-input":{"@type":"PropertyValueSpecification","valueRequired":true,"valueName":"search_term_string"}}],"inLanguage":"en-US"},{"@type":"Organization","@id":"https:\/\/kreatortorun.pl\/#organization","name":"Kreator Toru\u0144","url":"https:\/\/kreatortorun.pl\/","logo":{"@type":"ImageObject","inLanguage":"en-US","@id":"https:\/\/kreatortorun.pl\/#\/schema\/logo\/image\/","url":"https:\/\/kreatortorun.pl\/wp-content\/uploads\/2024\/02\/cropped-kreator-logo-favicon.png","contentUrl":"https:\/\/kreatortorun.pl\/wp-content\/uploads\/2024\/02\/cropped-kreator-logo-favicon.png","width":512,"height":512,"caption":"Kreator Toru\u0144"},"image":{"@id":"https:\/\/kreatortorun.pl\/#\/schema\/logo\/image\/"},"sameAs":["https:\/\/www.facebook.com\/torun.kreator","https:\/\/www.youtube.com\/@kreatortorun1862"]}]}},"_links":{"self":[{"href":"https:\/\/kreatortorun.pl\/en\/wp-json\/wp\/v2\/product\/3154","targetHints":{"allow":["GET"]}}],"collection":[{"href":"https:\/\/kreatortorun.pl\/en\/wp-json\/wp\/v2\/product"}],"about":[{"href":"https:\/\/kreatortorun.pl\/en\/wp-json\/wp\/v2\/types\/product"}],"wp:featuredmedia":[{"embeddable":true,"href":"https:\/\/kreatortorun.pl\/en\/wp-json\/wp\/v2\/media\/2896"}],"wp:attachment":[{"href":"https:\/\/kreatortorun.pl\/en\/wp-json\/wp\/v2\/media?parent=3154"}],"wp:term":[{"taxonomy":"product_brand","embeddable":true,"href":"https:\/\/kreatortorun.pl\/en\/wp-json\/wp\/v2\/product_brand?post=3154"},{"taxonomy":"product_cat","embeddable":true,"href":"https:\/\/kreatortorun.pl\/en\/wp-json\/wp\/v2\/product_cat?post=3154"},{"taxonomy":"product_tag","embeddable":true,"href":"https:\/\/kreatortorun.pl\/en\/wp-json\/wp\/v2\/product_tag?post=3154"}],"curies":[{"name":"wp","href":"https:\/\/api.w.org\/{rel}","templated":true}]}}