{"id":3304,"date":"2021-11-22T01:15:17","date_gmt":"2021-11-22T01:15:17","guid":{"rendered":"https:\/\/kreatortorun.pl\/?post_type=product&#038;p=3304"},"modified":"2026-04-19T16:24:24","modified_gmt":"2026-04-19T16:24:24","slug":"plaszcz-wyjsciowy-policji","status":"publish","type":"product","link":"https:\/\/kreatortorun.pl\/en\/produkt\/plaszcz-wyjsciowy-policji\/","title":{"rendered":"P\u0142aszcz wyj\u015bciowy Policji (nowy wz\u00f3r)"},"content":{"rendered":"<p style=\"text-align: justify;\">P\u0142aszcz na podszewce, z podpink\u0105, jest ubiorem dopasowanym w talii, z ko\u0142nierzem i wy\u0142ogami wyk\u0142adanymi na odci\u0119tej st\u00f3jce. Wykonany z tkaniny p\u0142aszczowej w kolorze granatowym.<\/p>\n<p style=\"text-align: justify;\">Zapi\u0119cie p\u0142aszcza wyj\u015bciowego Policji jest jednorz\u0119dowe, na cztery guziki metalowe z god\u0142em. D\u0142ugo\u015b\u0107 p\u0142aszcza si\u0119ga linii kolan. R\u0119kawy dwucz\u0119\u015bciowe wyprofilowane s\u0105 za pomoc\u0105 szwu \u0142okciowego na dole zako\u0144czone krytym rozporkiem. Na rozporku r\u0119kawa jest przyszyty guzik. Barki p\u0142aszcza wype\u0142nione wk\u0142adami barkowymi. Na barkach umieszczone s\u0105 naramienniki przesuni\u0119te lekko do przodu. Na przodzie znajduj\u0105 si\u0119 dwie wpuszczone kieszenie sko\u015bne. W ob\u0142o\u017ceniu lewego przodu, po wewn\u0119trznej stronie p\u0142aszcza umieszczona jest wpuszczana kiesze\u0144 wewn\u0119trzna zamykana na zamek b\u0142yskawiczny.<\/p>\n<p style=\"text-align: justify;\">Ty\u0142 p\u0142aszcza ca\u0142orocznego Policja ze szwem \u015brodkowym w dole wyko\u0144czony jest rozporkiem. Od wewn\u0105trz na wysoko\u015bci pasa znajduje si\u0119 system regulacji umo\u017cliwiaj\u0105cy zmniejszenie obwodu p\u0142aszcza po odpi\u0119ciu podpinki. P\u0142aszcz jest nieocieplony wyko\u0144czony podszewk\u0105 w kolorze dopasowanym do barwy tkaniny wierzchniej. Podpinka dopinana jest za pomoc\u0105 zamka b\u0142yskawicznego.<\/p>\n","protected":false},"excerpt":{"rendered":"<p style=\"text-align: justify;\">P\u0142aszcz wyj\u015bciowy ca\u0142oroczny zgodny ze specyfikacj\u0105 techniczn\u0105 Komendy G\u0142\u00f3wnej Policji.<\/p>\n<p style=\"text-align: justify;\">W zestawie: p\u0142aszcz, oznaka przynale\u017cno\u015bci pa\u0144stwowej, krokiewki, napis POLICJA.<\/p>\n","protected":false},"featured_media":3373,"template":"","meta":[],"product_brand":[],"product_cat":[153],"product_tag":[166,215],"class_list":{"0":"post-3304","1":"product","2":"type-product","3":"status-publish","4":"has-post-thumbnail","6":"product_cat-umundurowanie-meskie-policja","7":"product_tag-policja","8":"product_tag-tabelowe","10":"first","11":"instock","12":"taxable","13":"shipping-taxable","14":"purchasable","15":"product-type-variable"},"yoast_head":"<!-- This site is optimized with the Yoast SEO plugin v27.3 - https:\/\/yoast.com\/product\/yoast-seo-wordpress\/ -->\n<title>P\u0142aszcz wyj\u015bciowy Policji (nowy wz\u00f3r) - Kreator Toru\u0144<\/title>\n<meta name=\"robots\" content=\"index, follow, max-snippet:-1, max-image-preview:large, max-video-preview:-1\" \/>\n<link rel=\"canonical\" href=\"https:\/\/kreatortorun.pl\/produkt\/plaszcz-wyjsciowy-policji\/\" \/>\n<meta property=\"og:locale\" content=\"en_US\" \/>\n<meta property=\"og:type\" content=\"article\" \/>\n<meta property=\"og:title\" content=\"P\u0142aszcz wyj\u015bciowy Policji (nowy wz\u00f3r) - Kreator Toru\u0144\" \/>\n<meta property=\"og:description\" content=\"P\u0142aszcz wyj\u015bciowy ca\u0142oroczny zgodny ze specyfikacj\u0105 techniczn\u0105 Komendy G\u0142\u00f3wnej Policji. W zestawie: p\u0142aszcz, oznaka przynale\u017cno\u015bci pa\u0144stwowej, krokiewki, napis POLICJA.\" \/>\n<meta property=\"og:url\" content=\"https:\/\/kreatortorun.pl\/produkt\/plaszcz-wyjsciowy-policji\/\" \/>\n<meta property=\"og:site_name\" content=\"Kreator Toru\u0144\" \/>\n<meta property=\"article:publisher\" content=\"https:\/\/www.facebook.com\/torun.kreator\" \/>\n<meta property=\"article:modified_time\" content=\"2026-04-19T16:24:24+00:00\" \/>\n<meta property=\"og:image\" content=\"https:\/\/kreatortorun.pl\/wp-content\/uploads\/2021\/11\/PARE.PL-POLICJA-plaszcz-8303.jpg\" \/>\n\t<meta property=\"og:image:width\" content=\"1200\" \/>\n\t<meta property=\"og:image:height\" content=\"1200\" \/>\n\t<meta property=\"og:image:type\" content=\"image\/jpeg\" \/>\n<meta name=\"twitter:card\" content=\"summary_large_image\" \/>\n<meta name=\"twitter:label1\" content=\"Est. reading time\" \/>\n\t<meta name=\"twitter:data1\" content=\"2 minutes\" \/>\n<script type=\"application\/ld+json\" class=\"yoast-schema-graph\">{\"@context\":\"https:\\\/\\\/schema.org\",\"@graph\":[{\"@type\":\"WebPage\",\"@id\":\"https:\\\/\\\/kreatortorun.pl\\\/produkt\\\/plaszcz-wyjsciowy-policji\\\/\",\"url\":\"https:\\\/\\\/kreatortorun.pl\\\/produkt\\\/plaszcz-wyjsciowy-policji\\\/\",\"name\":\"P\u0142aszcz wyj\u015bciowy Policji (nowy wz\u00f3r) - Kreator Toru\u0144\",\"isPartOf\":{\"@id\":\"https:\\\/\\\/kreatortorun.pl\\\/#website\"},\"primaryImageOfPage\":{\"@id\":\"https:\\\/\\\/kreatortorun.pl\\\/produkt\\\/plaszcz-wyjsciowy-policji\\\/#primaryimage\"},\"image\":{\"@id\":\"https:\\\/\\\/kreatortorun.pl\\\/produkt\\\/plaszcz-wyjsciowy-policji\\\/#primaryimage\"},\"thumbnailUrl\":\"https:\\\/\\\/kreatortorun.pl\\\/wp-content\\\/uploads\\\/2021\\\/11\\\/PARE.PL-POLICJA-plaszcz-8303.jpg\",\"datePublished\":\"2021-11-22T01:15:17+00:00\",\"dateModified\":\"2026-04-19T16:24:24+00:00\",\"breadcrumb\":{\"@id\":\"https:\\\/\\\/kreatortorun.pl\\\/produkt\\\/plaszcz-wyjsciowy-policji\\\/#breadcrumb\"},\"inLanguage\":\"en-US\",\"potentialAction\":[{\"@type\":\"ReadAction\",\"target\":[\"https:\\\/\\\/kreatortorun.pl\\\/produkt\\\/plaszcz-wyjsciowy-policji\\\/\"]}]},{\"@type\":\"ImageObject\",\"inLanguage\":\"en-US\",\"@id\":\"https:\\\/\\\/kreatortorun.pl\\\/produkt\\\/plaszcz-wyjsciowy-policji\\\/#primaryimage\",\"url\":\"https:\\\/\\\/kreatortorun.pl\\\/wp-content\\\/uploads\\\/2021\\\/11\\\/PARE.PL-POLICJA-plaszcz-8303.jpg\",\"contentUrl\":\"https:\\\/\\\/kreatortorun.pl\\\/wp-content\\\/uploads\\\/2021\\\/11\\\/PARE.PL-POLICJA-plaszcz-8303.jpg\",\"width\":1200,\"height\":1200},{\"@type\":\"BreadcrumbList\",\"@id\":\"https:\\\/\\\/kreatortorun.pl\\\/produkt\\\/plaszcz-wyjsciowy-policji\\\/#breadcrumb\",\"itemListElement\":[{\"@type\":\"ListItem\",\"position\":1,\"name\":\"Strona g\u0142\u00f3wna\",\"item\":\"https:\\\/\\\/kreatortorun.pl\\\/en\\\/\"},{\"@type\":\"ListItem\",\"position\":2,\"name\":\"Shop\",\"item\":\"https:\\\/\\\/kreatortorun.pl\\\/en\\\/shop\\\/\"},{\"@type\":\"ListItem\",\"position\":3,\"name\":\"P\u0142aszcz wyj\u015bciowy Policji (nowy wz\u00f3r)\"}]},{\"@type\":\"WebSite\",\"@id\":\"https:\\\/\\\/kreatortorun.pl\\\/#website\",\"url\":\"https:\\\/\\\/kreatortorun.pl\\\/\",\"name\":\"Kreator Toru\u0144\",\"description\":\"Producent mundur\u00f3w, kombinezon\u00f3w i odzie\u017cy taktycznej\",\"publisher\":{\"@id\":\"https:\\\/\\\/kreatortorun.pl\\\/#organization\"},\"potentialAction\":[{\"@type\":\"SearchAction\",\"target\":{\"@type\":\"EntryPoint\",\"urlTemplate\":\"https:\\\/\\\/kreatortorun.pl\\\/?s={search_term_string}\"},\"query-input\":{\"@type\":\"PropertyValueSpecification\",\"valueRequired\":true,\"valueName\":\"search_term_string\"}}],\"inLanguage\":\"en-US\"},{\"@type\":\"Organization\",\"@id\":\"https:\\\/\\\/kreatortorun.pl\\\/#organization\",\"name\":\"Kreator Toru\u0144\",\"url\":\"https:\\\/\\\/kreatortorun.pl\\\/\",\"logo\":{\"@type\":\"ImageObject\",\"inLanguage\":\"en-US\",\"@id\":\"https:\\\/\\\/kreatortorun.pl\\\/#\\\/schema\\\/logo\\\/image\\\/\",\"url\":\"https:\\\/\\\/kreatortorun.pl\\\/wp-content\\\/uploads\\\/2024\\\/02\\\/cropped-kreator-logo-favicon.png\",\"contentUrl\":\"https:\\\/\\\/kreatortorun.pl\\\/wp-content\\\/uploads\\\/2024\\\/02\\\/cropped-kreator-logo-favicon.png\",\"width\":512,\"height\":512,\"caption\":\"Kreator Toru\u0144\"},\"image\":{\"@id\":\"https:\\\/\\\/kreatortorun.pl\\\/#\\\/schema\\\/logo\\\/image\\\/\"},\"sameAs\":[\"https:\\\/\\\/www.facebook.com\\\/torun.kreator\",\"https:\\\/\\\/www.youtube.com\\\/@kreatortorun1862\"]}]}<\/script>\n<!-- \/ Yoast SEO plugin. -->","yoast_head_json":{"title":"P\u0142aszcz wyj\u015bciowy Policji (nowy wz\u00f3r) - Kreator Toru\u0144","robots":{"index":"index","follow":"follow","max-snippet":"max-snippet:-1","max-image-preview":"max-image-preview:large","max-video-preview":"max-video-preview:-1"},"canonical":"https:\/\/kreatortorun.pl\/produkt\/plaszcz-wyjsciowy-policji\/","og_locale":"en_US","og_type":"article","og_title":"P\u0142aszcz wyj\u015bciowy Policji (nowy wz\u00f3r) - Kreator Toru\u0144","og_description":"P\u0142aszcz wyj\u015bciowy ca\u0142oroczny zgodny ze specyfikacj\u0105 techniczn\u0105 Komendy G\u0142\u00f3wnej Policji. W zestawie: p\u0142aszcz, oznaka przynale\u017cno\u015bci pa\u0144stwowej, krokiewki, napis POLICJA.","og_url":"https:\/\/kreatortorun.pl\/produkt\/plaszcz-wyjsciowy-policji\/","og_site_name":"Kreator Toru\u0144","article_publisher":"https:\/\/www.facebook.com\/torun.kreator","article_modified_time":"2026-04-19T16:24:24+00:00","og_image":[{"width":1200,"height":1200,"url":"https:\/\/kreatortorun.pl\/wp-content\/uploads\/2021\/11\/PARE.PL-POLICJA-plaszcz-8303.jpg","type":"image\/jpeg"}],"twitter_card":"summary_large_image","twitter_misc":{"Est. reading time":"2 minutes"},"schema":{"@context":"https:\/\/schema.org","@graph":[{"@type":"WebPage","@id":"https:\/\/kreatortorun.pl\/produkt\/plaszcz-wyjsciowy-policji\/","url":"https:\/\/kreatortorun.pl\/produkt\/plaszcz-wyjsciowy-policji\/","name":"P\u0142aszcz wyj\u015bciowy Policji (nowy wz\u00f3r) - Kreator Toru\u0144","isPartOf":{"@id":"https:\/\/kreatortorun.pl\/#website"},"primaryImageOfPage":{"@id":"https:\/\/kreatortorun.pl\/produkt\/plaszcz-wyjsciowy-policji\/#primaryimage"},"image":{"@id":"https:\/\/kreatortorun.pl\/produkt\/plaszcz-wyjsciowy-policji\/#primaryimage"},"thumbnailUrl":"https:\/\/kreatortorun.pl\/wp-content\/uploads\/2021\/11\/PARE.PL-POLICJA-plaszcz-8303.jpg","datePublished":"2021-11-22T01:15:17+00:00","dateModified":"2026-04-19T16:24:24+00:00","breadcrumb":{"@id":"https:\/\/kreatortorun.pl\/produkt\/plaszcz-wyjsciowy-policji\/#breadcrumb"},"inLanguage":"en-US","potentialAction":[{"@type":"ReadAction","target":["https:\/\/kreatortorun.pl\/produkt\/plaszcz-wyjsciowy-policji\/"]}]},{"@type":"ImageObject","inLanguage":"en-US","@id":"https:\/\/kreatortorun.pl\/produkt\/plaszcz-wyjsciowy-policji\/#primaryimage","url":"https:\/\/kreatortorun.pl\/wp-content\/uploads\/2021\/11\/PARE.PL-POLICJA-plaszcz-8303.jpg","contentUrl":"https:\/\/kreatortorun.pl\/wp-content\/uploads\/2021\/11\/PARE.PL-POLICJA-plaszcz-8303.jpg","width":1200,"height":1200},{"@type":"BreadcrumbList","@id":"https:\/\/kreatortorun.pl\/produkt\/plaszcz-wyjsciowy-policji\/#breadcrumb","itemListElement":[{"@type":"ListItem","position":1,"name":"Strona g\u0142\u00f3wna","item":"https:\/\/kreatortorun.pl\/en\/"},{"@type":"ListItem","position":2,"name":"Shop","item":"https:\/\/kreatortorun.pl\/en\/shop\/"},{"@type":"ListItem","position":3,"name":"P\u0142aszcz wyj\u015bciowy Policji (nowy wz\u00f3r)"}]},{"@type":"WebSite","@id":"https:\/\/kreatortorun.pl\/#website","url":"https:\/\/kreatortorun.pl\/","name":"Kreator Toru\u0144","description":"Producent mundur\u00f3w, kombinezon\u00f3w i odzie\u017cy taktycznej","publisher":{"@id":"https:\/\/kreatortorun.pl\/#organization"},"potentialAction":[{"@type":"SearchAction","target":{"@type":"EntryPoint","urlTemplate":"https:\/\/kreatortorun.pl\/?s={search_term_string}"},"query-input":{"@type":"PropertyValueSpecification","valueRequired":true,"valueName":"search_term_string"}}],"inLanguage":"en-US"},{"@type":"Organization","@id":"https:\/\/kreatortorun.pl\/#organization","name":"Kreator Toru\u0144","url":"https:\/\/kreatortorun.pl\/","logo":{"@type":"ImageObject","inLanguage":"en-US","@id":"https:\/\/kreatortorun.pl\/#\/schema\/logo\/image\/","url":"https:\/\/kreatortorun.pl\/wp-content\/uploads\/2024\/02\/cropped-kreator-logo-favicon.png","contentUrl":"https:\/\/kreatortorun.pl\/wp-content\/uploads\/2024\/02\/cropped-kreator-logo-favicon.png","width":512,"height":512,"caption":"Kreator Toru\u0144"},"image":{"@id":"https:\/\/kreatortorun.pl\/#\/schema\/logo\/image\/"},"sameAs":["https:\/\/www.facebook.com\/torun.kreator","https:\/\/www.youtube.com\/@kreatortorun1862"]}]}},"_links":{"self":[{"href":"https:\/\/kreatortorun.pl\/en\/wp-json\/wp\/v2\/product\/3304","targetHints":{"allow":["GET"]}}],"collection":[{"href":"https:\/\/kreatortorun.pl\/en\/wp-json\/wp\/v2\/product"}],"about":[{"href":"https:\/\/kreatortorun.pl\/en\/wp-json\/wp\/v2\/types\/product"}],"wp:featuredmedia":[{"embeddable":true,"href":"https:\/\/kreatortorun.pl\/en\/wp-json\/wp\/v2\/media\/3373"}],"wp:attachment":[{"href":"https:\/\/kreatortorun.pl\/en\/wp-json\/wp\/v2\/media?parent=3304"}],"wp:term":[{"taxonomy":"product_brand","embeddable":true,"href":"https:\/\/kreatortorun.pl\/en\/wp-json\/wp\/v2\/product_brand?post=3304"},{"taxonomy":"product_cat","embeddable":true,"href":"https:\/\/kreatortorun.pl\/en\/wp-json\/wp\/v2\/product_cat?post=3304"},{"taxonomy":"product_tag","embeddable":true,"href":"https:\/\/kreatortorun.pl\/en\/wp-json\/wp\/v2\/product_tag?post=3304"}],"curies":[{"name":"wp","href":"https:\/\/api.w.org\/{rel}","templated":true}]}}