{"id":3394,"date":"2021-11-22T01:42:53","date_gmt":"2021-11-22T01:42:53","guid":{"rendered":"https:\/\/kreatortorun.pl\/?post_type=product&#038;p=3394"},"modified":"2025-09-26T12:49:09","modified_gmt":"2025-09-26T12:49:09","slug":"plaszcz-wyjsciowy-policji-szyty-na-miare-damski","status":"publish","type":"product","link":"https:\/\/kreatortorun.pl\/en\/produkt\/plaszcz-wyjsciowy-policji-szyty-na-miare-damski\/","title":{"rendered":"P\u0142aszcz wyj\u015bciowy Policji szyty na miar\u0119 damski (nowy wz\u00f3r)"},"content":{"rendered":"<p style=\"text-align: justify;\">P\u0142aszcz damski Policja na podszewce, z podpink\u0105 jest ubiorem dopasowanym w talii, z ko\u0142nierzem i wy\u0142ogami wyk\u0142adanymi na odci\u0119tej st\u00f3jce. Wykonany z tkaniny p\u0142aszczowej w kolorze granatowym.<\/p>\n<p style=\"text-align: justify;\">Zapi\u0119cie p\u0142aszcza policyjnego damskiego jest jednorz\u0119dowe, na cztery guziki metalowe z god\u0142em. D\u0142ugo\u015b\u0107 p\u0142aszcza si\u0119ga linii kolan. R\u0119kawy dwucz\u0119\u015bciowe wyprofilowane s\u0105 za pomoc\u0105 szwu \u0142okciowego na dole zako\u0144czone krytym rozporkiem. Na rozporku r\u0119kawa jest przyszyty guzik. Barki p\u0142aszcza wype\u0142nione wk\u0142adami barkowymi. Na barkach umieszczone s\u0105 naramienniki przesuni\u0119te lekko do przodu. Na przodzie wyj\u015bciowego p\u0142aszcza damskiego dla Policjantki znajduj\u0105 si\u0119 dwie wpuszczone kieszenie sko\u015bne. W ob\u0142o\u017ceniu lewego przodu, po wewn\u0119trznej stronie p\u0142aszcza umieszczona jest wpuszczana kiesze\u0144 wewn\u0119trzna zamykana na zamek b\u0142yskawiczny.<\/p>\n<p style=\"text-align: justify;\">Ty\u0142 p\u0142aszcza damskiego dla Policjantki ze szwem \u015brodkowym w dole wyko\u0144czony jest rozporkiem. Od wewn\u0105trz na wysoko\u015bci pasa znajduje si\u0119 system regulacji umo\u017cliwiaj\u0105cy zmniejszenie obwodu p\u0142aszcza po odpi\u0119ciu podpinki. P\u0142aszcz damski policyjny szyty na miar\u0119 jest wyko\u0144czony podszewk\u0105 w kolorze dopasowanym do barwy tkaniny wierzchniej. Podpinka dopinana jest za pomoc\u0105 zamka b\u0142yskawicznego.<\/p>\n","protected":false},"excerpt":{"rendered":"<p style=\"text-align: justify;\">P\u0142aszcz damski wyj\u015bciowy Policji ca\u0142oroczny jest zgodny ze specyfikacj\u0105 techniczn\u0105 Komendy G\u0142\u00f3wnej Policji.<\/p>\n<p style=\"text-align: justify;\">W zestawie: p\u0142aszcz, oznaka przynale\u017cno\u015bci pa\u0144stwowej, krokiewki, napis POLICJA.<\/p>\n<p style=\"text-align: justify;\"><strong>Uwaga!<br \/>\n<\/strong><strong>Zamawiany produkt jest produktem nieprefabrykowanym, wyprodukowanym wed\u0142ug specyfikacji konsumenta i z tego powodu Klientowi nie przys\u0142uguje prawo odst\u0105pienia od umowy zawartej na odleg\u0142o\u015b\u0107.<\/strong><\/p>\n","protected":false},"featured_media":3597,"template":"","meta":[],"product_brand":[],"product_cat":[154],"product_tag":[166,164],"class_list":{"0":"post-3394","1":"product","2":"type-product","3":"status-publish","4":"has-post-thumbnail","6":"product_cat-umundurowanie-damskie-policja","7":"product_tag-policja","8":"product_tag-miarowe","10":"first","11":"onbackorder","12":"taxable","13":"shipping-taxable","14":"purchasable","15":"product-type-simple"},"yoast_head":"<!-- This site is optimized with the Yoast SEO plugin v27.3 - https:\/\/yoast.com\/product\/yoast-seo-wordpress\/ -->\n<title>P\u0142aszcz wyj\u015bciowy Policji szyty na miar\u0119 damski (nowy wz\u00f3r) - Kreator Toru\u0144<\/title>\n<meta name=\"description\" content=\"Je\u015bli masz ju\u017c damski mundur policyjny, to czas zaopatrzy\u0107 si\u0119 r\u00f3wnie\u017c w damski p\u0142aszcz Policji. Spisz swoje wymiary pod p\u0142aszcz i z\u0142\u00f3\u017c zam\u00f3wienie z domu.\" \/>\n<meta name=\"robots\" content=\"index, follow, max-snippet:-1, max-image-preview:large, max-video-preview:-1\" \/>\n<link rel=\"canonical\" href=\"https:\/\/kreatortorun.pl\/produkt\/plaszcz-wyjsciowy-policji-szyty-na-miare-damski\/\" \/>\n<meta property=\"og:locale\" content=\"en_US\" \/>\n<meta property=\"og:type\" content=\"article\" \/>\n<meta property=\"og:title\" content=\"P\u0142aszcz wyj\u015bciowy Policji szyty na miar\u0119 damski (nowy wz\u00f3r) - Kreator Toru\u0144\" \/>\n<meta property=\"og:description\" content=\"Je\u015bli masz ju\u017c damski mundur policyjny, to czas zaopatrzy\u0107 si\u0119 r\u00f3wnie\u017c w damski p\u0142aszcz Policji. Spisz swoje wymiary pod p\u0142aszcz i z\u0142\u00f3\u017c zam\u00f3wienie z domu.\" \/>\n<meta property=\"og:url\" content=\"https:\/\/kreatortorun.pl\/produkt\/plaszcz-wyjsciowy-policji-szyty-na-miare-damski\/\" \/>\n<meta property=\"og:site_name\" content=\"Kreator Toru\u0144\" \/>\n<meta property=\"article:publisher\" content=\"https:\/\/www.facebook.com\/torun.kreator\" \/>\n<meta property=\"article:modified_time\" content=\"2025-09-26T12:49:09+00:00\" \/>\n<meta property=\"og:image\" content=\"https:\/\/kreatortorun.pl\/wp-content\/uploads\/2021\/11\/pomiar-POL-plaszcz-damski-tailor-2.jpg\" \/>\n\t<meta property=\"og:image:width\" content=\"1200\" \/>\n\t<meta property=\"og:image:height\" content=\"1200\" \/>\n\t<meta property=\"og:image:type\" content=\"image\/jpeg\" \/>\n<meta name=\"twitter:card\" content=\"summary_large_image\" \/>\n<meta name=\"twitter:label1\" content=\"Est. reading time\" \/>\n\t<meta name=\"twitter:data1\" content=\"2 minutes\" \/>\n<script type=\"application\/ld+json\" class=\"yoast-schema-graph\">{\"@context\":\"https:\\\/\\\/schema.org\",\"@graph\":[{\"@type\":\"WebPage\",\"@id\":\"https:\\\/\\\/kreatortorun.pl\\\/produkt\\\/plaszcz-wyjsciowy-policji-szyty-na-miare-damski\\\/\",\"url\":\"https:\\\/\\\/kreatortorun.pl\\\/produkt\\\/plaszcz-wyjsciowy-policji-szyty-na-miare-damski\\\/\",\"name\":\"P\u0142aszcz wyj\u015bciowy Policji szyty na miar\u0119 damski (nowy wz\u00f3r) - Kreator Toru\u0144\",\"isPartOf\":{\"@id\":\"https:\\\/\\\/kreatortorun.pl\\\/#website\"},\"primaryImageOfPage\":{\"@id\":\"https:\\\/\\\/kreatortorun.pl\\\/produkt\\\/plaszcz-wyjsciowy-policji-szyty-na-miare-damski\\\/#primaryimage\"},\"image\":{\"@id\":\"https:\\\/\\\/kreatortorun.pl\\\/produkt\\\/plaszcz-wyjsciowy-policji-szyty-na-miare-damski\\\/#primaryimage\"},\"thumbnailUrl\":\"https:\\\/\\\/kreatortorun.pl\\\/wp-content\\\/uploads\\\/2021\\\/11\\\/pomiar-POL-plaszcz-damski-tailor-2.jpg\",\"datePublished\":\"2021-11-22T01:42:53+00:00\",\"dateModified\":\"2025-09-26T12:49:09+00:00\",\"description\":\"Je\u015bli masz ju\u017c damski mundur policyjny, to czas zaopatrzy\u0107 si\u0119 r\u00f3wnie\u017c w damski p\u0142aszcz Policji. Spisz swoje wymiary pod p\u0142aszcz i z\u0142\u00f3\u017c zam\u00f3wienie z domu.\",\"breadcrumb\":{\"@id\":\"https:\\\/\\\/kreatortorun.pl\\\/produkt\\\/plaszcz-wyjsciowy-policji-szyty-na-miare-damski\\\/#breadcrumb\"},\"inLanguage\":\"en-US\",\"potentialAction\":[{\"@type\":\"ReadAction\",\"target\":[\"https:\\\/\\\/kreatortorun.pl\\\/produkt\\\/plaszcz-wyjsciowy-policji-szyty-na-miare-damski\\\/\"]}]},{\"@type\":\"ImageObject\",\"inLanguage\":\"en-US\",\"@id\":\"https:\\\/\\\/kreatortorun.pl\\\/produkt\\\/plaszcz-wyjsciowy-policji-szyty-na-miare-damski\\\/#primaryimage\",\"url\":\"https:\\\/\\\/kreatortorun.pl\\\/wp-content\\\/uploads\\\/2021\\\/11\\\/pomiar-POL-plaszcz-damski-tailor-2.jpg\",\"contentUrl\":\"https:\\\/\\\/kreatortorun.pl\\\/wp-content\\\/uploads\\\/2021\\\/11\\\/pomiar-POL-plaszcz-damski-tailor-2.jpg\",\"width\":1200,\"height\":1200},{\"@type\":\"BreadcrumbList\",\"@id\":\"https:\\\/\\\/kreatortorun.pl\\\/produkt\\\/plaszcz-wyjsciowy-policji-szyty-na-miare-damski\\\/#breadcrumb\",\"itemListElement\":[{\"@type\":\"ListItem\",\"position\":1,\"name\":\"Strona g\u0142\u00f3wna\",\"item\":\"https:\\\/\\\/kreatortorun.pl\\\/en\\\/\"},{\"@type\":\"ListItem\",\"position\":2,\"name\":\"Shop\",\"item\":\"https:\\\/\\\/kreatortorun.pl\\\/en\\\/shop\\\/\"},{\"@type\":\"ListItem\",\"position\":3,\"name\":\"P\u0142aszcz wyj\u015bciowy Policji szyty na miar\u0119 damski (nowy wz\u00f3r)\"}]},{\"@type\":\"WebSite\",\"@id\":\"https:\\\/\\\/kreatortorun.pl\\\/#website\",\"url\":\"https:\\\/\\\/kreatortorun.pl\\\/\",\"name\":\"Kreator Toru\u0144\",\"description\":\"Producent mundur\u00f3w, kombinezon\u00f3w i odzie\u017cy taktycznej\",\"publisher\":{\"@id\":\"https:\\\/\\\/kreatortorun.pl\\\/#organization\"},\"potentialAction\":[{\"@type\":\"SearchAction\",\"target\":{\"@type\":\"EntryPoint\",\"urlTemplate\":\"https:\\\/\\\/kreatortorun.pl\\\/?s={search_term_string}\"},\"query-input\":{\"@type\":\"PropertyValueSpecification\",\"valueRequired\":true,\"valueName\":\"search_term_string\"}}],\"inLanguage\":\"en-US\"},{\"@type\":\"Organization\",\"@id\":\"https:\\\/\\\/kreatortorun.pl\\\/#organization\",\"name\":\"Kreator Toru\u0144\",\"url\":\"https:\\\/\\\/kreatortorun.pl\\\/\",\"logo\":{\"@type\":\"ImageObject\",\"inLanguage\":\"en-US\",\"@id\":\"https:\\\/\\\/kreatortorun.pl\\\/#\\\/schema\\\/logo\\\/image\\\/\",\"url\":\"https:\\\/\\\/kreatortorun.pl\\\/wp-content\\\/uploads\\\/2024\\\/02\\\/cropped-kreator-logo-favicon.png\",\"contentUrl\":\"https:\\\/\\\/kreatortorun.pl\\\/wp-content\\\/uploads\\\/2024\\\/02\\\/cropped-kreator-logo-favicon.png\",\"width\":512,\"height\":512,\"caption\":\"Kreator Toru\u0144\"},\"image\":{\"@id\":\"https:\\\/\\\/kreatortorun.pl\\\/#\\\/schema\\\/logo\\\/image\\\/\"},\"sameAs\":[\"https:\\\/\\\/www.facebook.com\\\/torun.kreator\",\"https:\\\/\\\/www.youtube.com\\\/@kreatortorun1862\"]}]}<\/script>\n<!-- \/ Yoast SEO plugin. -->","yoast_head_json":{"title":"P\u0142aszcz wyj\u015bciowy Policji szyty na miar\u0119 damski (nowy wz\u00f3r) - Kreator Toru\u0144","description":"Je\u015bli masz ju\u017c damski mundur policyjny, to czas zaopatrzy\u0107 si\u0119 r\u00f3wnie\u017c w damski p\u0142aszcz Policji. Spisz swoje wymiary pod p\u0142aszcz i z\u0142\u00f3\u017c zam\u00f3wienie z domu.","robots":{"index":"index","follow":"follow","max-snippet":"max-snippet:-1","max-image-preview":"max-image-preview:large","max-video-preview":"max-video-preview:-1"},"canonical":"https:\/\/kreatortorun.pl\/produkt\/plaszcz-wyjsciowy-policji-szyty-na-miare-damski\/","og_locale":"en_US","og_type":"article","og_title":"P\u0142aszcz wyj\u015bciowy Policji szyty na miar\u0119 damski (nowy wz\u00f3r) - Kreator Toru\u0144","og_description":"Je\u015bli masz ju\u017c damski mundur policyjny, to czas zaopatrzy\u0107 si\u0119 r\u00f3wnie\u017c w damski p\u0142aszcz Policji. Spisz swoje wymiary pod p\u0142aszcz i z\u0142\u00f3\u017c zam\u00f3wienie z domu.","og_url":"https:\/\/kreatortorun.pl\/produkt\/plaszcz-wyjsciowy-policji-szyty-na-miare-damski\/","og_site_name":"Kreator Toru\u0144","article_publisher":"https:\/\/www.facebook.com\/torun.kreator","article_modified_time":"2025-09-26T12:49:09+00:00","og_image":[{"width":1200,"height":1200,"url":"https:\/\/kreatortorun.pl\/wp-content\/uploads\/2021\/11\/pomiar-POL-plaszcz-damski-tailor-2.jpg","type":"image\/jpeg"}],"twitter_card":"summary_large_image","twitter_misc":{"Est. reading time":"2 minutes"},"schema":{"@context":"https:\/\/schema.org","@graph":[{"@type":"WebPage","@id":"https:\/\/kreatortorun.pl\/produkt\/plaszcz-wyjsciowy-policji-szyty-na-miare-damski\/","url":"https:\/\/kreatortorun.pl\/produkt\/plaszcz-wyjsciowy-policji-szyty-na-miare-damski\/","name":"P\u0142aszcz wyj\u015bciowy Policji szyty na miar\u0119 damski (nowy wz\u00f3r) - Kreator Toru\u0144","isPartOf":{"@id":"https:\/\/kreatortorun.pl\/#website"},"primaryImageOfPage":{"@id":"https:\/\/kreatortorun.pl\/produkt\/plaszcz-wyjsciowy-policji-szyty-na-miare-damski\/#primaryimage"},"image":{"@id":"https:\/\/kreatortorun.pl\/produkt\/plaszcz-wyjsciowy-policji-szyty-na-miare-damski\/#primaryimage"},"thumbnailUrl":"https:\/\/kreatortorun.pl\/wp-content\/uploads\/2021\/11\/pomiar-POL-plaszcz-damski-tailor-2.jpg","datePublished":"2021-11-22T01:42:53+00:00","dateModified":"2025-09-26T12:49:09+00:00","description":"Je\u015bli masz ju\u017c damski mundur policyjny, to czas zaopatrzy\u0107 si\u0119 r\u00f3wnie\u017c w damski p\u0142aszcz Policji. Spisz swoje wymiary pod p\u0142aszcz i z\u0142\u00f3\u017c zam\u00f3wienie z domu.","breadcrumb":{"@id":"https:\/\/kreatortorun.pl\/produkt\/plaszcz-wyjsciowy-policji-szyty-na-miare-damski\/#breadcrumb"},"inLanguage":"en-US","potentialAction":[{"@type":"ReadAction","target":["https:\/\/kreatortorun.pl\/produkt\/plaszcz-wyjsciowy-policji-szyty-na-miare-damski\/"]}]},{"@type":"ImageObject","inLanguage":"en-US","@id":"https:\/\/kreatortorun.pl\/produkt\/plaszcz-wyjsciowy-policji-szyty-na-miare-damski\/#primaryimage","url":"https:\/\/kreatortorun.pl\/wp-content\/uploads\/2021\/11\/pomiar-POL-plaszcz-damski-tailor-2.jpg","contentUrl":"https:\/\/kreatortorun.pl\/wp-content\/uploads\/2021\/11\/pomiar-POL-plaszcz-damski-tailor-2.jpg","width":1200,"height":1200},{"@type":"BreadcrumbList","@id":"https:\/\/kreatortorun.pl\/produkt\/plaszcz-wyjsciowy-policji-szyty-na-miare-damski\/#breadcrumb","itemListElement":[{"@type":"ListItem","position":1,"name":"Strona g\u0142\u00f3wna","item":"https:\/\/kreatortorun.pl\/en\/"},{"@type":"ListItem","position":2,"name":"Shop","item":"https:\/\/kreatortorun.pl\/en\/shop\/"},{"@type":"ListItem","position":3,"name":"P\u0142aszcz wyj\u015bciowy Policji szyty na miar\u0119 damski (nowy wz\u00f3r)"}]},{"@type":"WebSite","@id":"https:\/\/kreatortorun.pl\/#website","url":"https:\/\/kreatortorun.pl\/","name":"Kreator Toru\u0144","description":"Producent mundur\u00f3w, kombinezon\u00f3w i odzie\u017cy taktycznej","publisher":{"@id":"https:\/\/kreatortorun.pl\/#organization"},"potentialAction":[{"@type":"SearchAction","target":{"@type":"EntryPoint","urlTemplate":"https:\/\/kreatortorun.pl\/?s={search_term_string}"},"query-input":{"@type":"PropertyValueSpecification","valueRequired":true,"valueName":"search_term_string"}}],"inLanguage":"en-US"},{"@type":"Organization","@id":"https:\/\/kreatortorun.pl\/#organization","name":"Kreator Toru\u0144","url":"https:\/\/kreatortorun.pl\/","logo":{"@type":"ImageObject","inLanguage":"en-US","@id":"https:\/\/kreatortorun.pl\/#\/schema\/logo\/image\/","url":"https:\/\/kreatortorun.pl\/wp-content\/uploads\/2024\/02\/cropped-kreator-logo-favicon.png","contentUrl":"https:\/\/kreatortorun.pl\/wp-content\/uploads\/2024\/02\/cropped-kreator-logo-favicon.png","width":512,"height":512,"caption":"Kreator Toru\u0144"},"image":{"@id":"https:\/\/kreatortorun.pl\/#\/schema\/logo\/image\/"},"sameAs":["https:\/\/www.facebook.com\/torun.kreator","https:\/\/www.youtube.com\/@kreatortorun1862"]}]}},"_links":{"self":[{"href":"https:\/\/kreatortorun.pl\/en\/wp-json\/wp\/v2\/product\/3394","targetHints":{"allow":["GET"]}}],"collection":[{"href":"https:\/\/kreatortorun.pl\/en\/wp-json\/wp\/v2\/product"}],"about":[{"href":"https:\/\/kreatortorun.pl\/en\/wp-json\/wp\/v2\/types\/product"}],"wp:featuredmedia":[{"embeddable":true,"href":"https:\/\/kreatortorun.pl\/en\/wp-json\/wp\/v2\/media\/3597"}],"wp:attachment":[{"href":"https:\/\/kreatortorun.pl\/en\/wp-json\/wp\/v2\/media?parent=3394"}],"wp:term":[{"taxonomy":"product_brand","embeddable":true,"href":"https:\/\/kreatortorun.pl\/en\/wp-json\/wp\/v2\/product_brand?post=3394"},{"taxonomy":"product_cat","embeddable":true,"href":"https:\/\/kreatortorun.pl\/en\/wp-json\/wp\/v2\/product_cat?post=3394"},{"taxonomy":"product_tag","embeddable":true,"href":"https:\/\/kreatortorun.pl\/en\/wp-json\/wp\/v2\/product_tag?post=3394"}],"curies":[{"name":"wp","href":"https:\/\/api.w.org\/{rel}","templated":true}]}}