{"id":3461,"date":"2021-11-22T02:13:06","date_gmt":"2021-11-22T02:13:06","guid":{"rendered":"https:\/\/kreatortorun.pl\/?post_type=product&#038;p=3461"},"modified":"2024-08-27T09:29:57","modified_gmt":"2024-08-27T09:29:57","slug":"spodnie-wyjsciowe-policji-szyte-na-miare","status":"publish","type":"product","link":"https:\/\/kreatortorun.pl\/en\/produkt\/spodnie-wyjsciowe-policji-szyte-na-miare\/","title":{"rendered":"Spodnie wyj\u015bciowe Policji korpus oficer\u00f3w szyte na miar\u0119"},"content":{"rendered":"<p style=\"text-align: justify;\">Spodnie wyj\u015bciowe korpusu oficer\u00f3w Policji z tkaniny zasadniczej z nogawkami o standardowej d\u0142ugo\u015bci. Nogawki spodni bez mankiet\u00f3w s\u0105 zw\u0119\u017cane ku do\u0142owi. Pasek spodni jest szeroko\u015bci 4,5 cm, doszyty, przed\u0142u\u017cony i zapinany na guzik oraz dodatkowo na metalowy zaczep. Od boku paska w kierunku ty\u0142u naszyte s\u0105 \u015bci\u0105gacze z dziurkami reguluj\u0105ce obw\u00f3d pasa dwoma guzikami. Rozporek zapinany na zamek suwakowy. W przednich cz\u0119\u015bciach nogawek spodni wyj\u015bciowych da oficer\u00f3w Policji wykonane s\u0105 kieszenie sko\u015bne wzmocnione w dolnej cz\u0119\u015bci ryglem. Z ty\u0142u w g\u00f3rnej cz\u0119\u015bci nogawki znajduje si\u0119 kiesze\u0144 zapinana na guzik. Wzd\u0142u\u017c szw\u00f3w bocznych na ca\u0142ej d\u0142ugo\u015bci spodni s\u0105 naszyte lampasy w kolorze ciemnoniebieskim o szeroko\u015bci 2,5 cm.<\/p>\n","protected":false},"excerpt":{"rendered":"<p>Szyte na miar\u0119 spodnie wyj\u015bciowe dla korpusu oficer\u00f3w Policji s\u0105 zgodne ze specyfikacj\u0105 techniczn\u0105 Komendy G\u0142\u00f3wnej Policji.<\/p>\n<p style=\"text-align: justify;\"><strong>Uwaga!<br \/>\n<\/strong><strong>Zamawiany produkt jest produktem nieprefabrykowanym, wyprodukowanym wed\u0142ug specyfikacji konsumenta i z tego powodu Klientowi nie przys\u0142uguje prawo odst\u0105pienia od umowy zawartej na odleg\u0142o\u015b\u0107.<\/strong><strong><br \/>\n<\/strong><\/p>\n","protected":false},"featured_media":3810,"template":"","meta":[],"product_brand":[],"product_cat":[153],"product_tag":[164,166],"class_list":{"0":"post-3461","1":"product","2":"type-product","3":"status-publish","4":"has-post-thumbnail","6":"product_cat-umundurowanie-meskie-policja","7":"product_tag-miarowe","8":"product_tag-policja","10":"first","11":"onbackorder","12":"taxable","13":"shipping-taxable","14":"purchasable","15":"product-type-simple"},"yoast_head":"<!-- This site is optimized with the Yoast SEO plugin v27.3 - https:\/\/yoast.com\/product\/yoast-seo-wordpress\/ -->\n<title>Spodnie wyj\u015bciowe Policji korpus oficer\u00f3w szyte na miar\u0119 - Kreator Toru\u0144<\/title>\n<meta name=\"description\" content=\"Spodnie wyj\u015bciowe korpusu oficer\u00f3w Policji uszyjemy dla Ciebie na miar\u0119. Sprawd\u017a jak si\u0119 zmierzy\u0107 i zam\u00f3w wygodnie online.\" \/>\n<meta name=\"robots\" content=\"index, follow, max-snippet:-1, max-image-preview:large, max-video-preview:-1\" \/>\n<link rel=\"canonical\" href=\"https:\/\/kreatortorun.pl\/produkt\/spodnie-wyjsciowe-policji-szyte-na-miare\/\" \/>\n<meta property=\"og:locale\" content=\"en_US\" \/>\n<meta property=\"og:type\" content=\"article\" \/>\n<meta property=\"og:title\" content=\"Spodnie wyj\u015bciowe Policji korpus oficer\u00f3w szyte na miar\u0119 - Kreator Toru\u0144\" \/>\n<meta property=\"og:description\" content=\"Spodnie wyj\u015bciowe korpusu oficer\u00f3w Policji uszyjemy dla Ciebie na miar\u0119. Sprawd\u017a jak si\u0119 zmierzy\u0107 i zam\u00f3w wygodnie online.\" \/>\n<meta property=\"og:url\" content=\"https:\/\/kreatortorun.pl\/produkt\/spodnie-wyjsciowe-policji-szyte-na-miare\/\" \/>\n<meta property=\"og:site_name\" content=\"Kreator Toru\u0144\" \/>\n<meta property=\"article:publisher\" content=\"https:\/\/www.facebook.com\/torun.kreator\" \/>\n<meta property=\"article:modified_time\" content=\"2024-08-27T09:29:57+00:00\" \/>\n<meta property=\"og:image\" content=\"https:\/\/kreatortorun.pl\/wp-content\/uploads\/2021\/11\/pomiar-POLICJA-spodnie.jpg\" \/>\n\t<meta property=\"og:image:width\" content=\"1200\" \/>\n\t<meta property=\"og:image:height\" content=\"1200\" \/>\n\t<meta property=\"og:image:type\" content=\"image\/jpeg\" \/>\n<meta name=\"twitter:card\" content=\"summary_large_image\" \/>\n<meta name=\"twitter:label1\" content=\"Est. reading time\" \/>\n\t<meta name=\"twitter:data1\" content=\"1 minute\" \/>\n<script type=\"application\/ld+json\" class=\"yoast-schema-graph\">{\"@context\":\"https:\\\/\\\/schema.org\",\"@graph\":[{\"@type\":\"WebPage\",\"@id\":\"https:\\\/\\\/kreatortorun.pl\\\/produkt\\\/spodnie-wyjsciowe-policji-szyte-na-miare\\\/\",\"url\":\"https:\\\/\\\/kreatortorun.pl\\\/produkt\\\/spodnie-wyjsciowe-policji-szyte-na-miare\\\/\",\"name\":\"Spodnie wyj\u015bciowe Policji korpus oficer\u00f3w szyte na miar\u0119 - Kreator Toru\u0144\",\"isPartOf\":{\"@id\":\"https:\\\/\\\/kreatortorun.pl\\\/#website\"},\"primaryImageOfPage\":{\"@id\":\"https:\\\/\\\/kreatortorun.pl\\\/produkt\\\/spodnie-wyjsciowe-policji-szyte-na-miare\\\/#primaryimage\"},\"image\":{\"@id\":\"https:\\\/\\\/kreatortorun.pl\\\/produkt\\\/spodnie-wyjsciowe-policji-szyte-na-miare\\\/#primaryimage\"},\"thumbnailUrl\":\"https:\\\/\\\/kreatortorun.pl\\\/wp-content\\\/uploads\\\/2021\\\/11\\\/pomiar-POLICJA-spodnie.jpg\",\"datePublished\":\"2021-11-22T02:13:06+00:00\",\"dateModified\":\"2024-08-27T09:29:57+00:00\",\"description\":\"Spodnie wyj\u015bciowe korpusu oficer\u00f3w Policji uszyjemy dla Ciebie na miar\u0119. Sprawd\u017a jak si\u0119 zmierzy\u0107 i zam\u00f3w wygodnie online.\",\"breadcrumb\":{\"@id\":\"https:\\\/\\\/kreatortorun.pl\\\/produkt\\\/spodnie-wyjsciowe-policji-szyte-na-miare\\\/#breadcrumb\"},\"inLanguage\":\"en-US\",\"potentialAction\":[{\"@type\":\"ReadAction\",\"target\":[\"https:\\\/\\\/kreatortorun.pl\\\/produkt\\\/spodnie-wyjsciowe-policji-szyte-na-miare\\\/\"]}]},{\"@type\":\"ImageObject\",\"inLanguage\":\"en-US\",\"@id\":\"https:\\\/\\\/kreatortorun.pl\\\/produkt\\\/spodnie-wyjsciowe-policji-szyte-na-miare\\\/#primaryimage\",\"url\":\"https:\\\/\\\/kreatortorun.pl\\\/wp-content\\\/uploads\\\/2021\\\/11\\\/pomiar-POLICJA-spodnie.jpg\",\"contentUrl\":\"https:\\\/\\\/kreatortorun.pl\\\/wp-content\\\/uploads\\\/2021\\\/11\\\/pomiar-POLICJA-spodnie.jpg\",\"width\":1200,\"height\":1200},{\"@type\":\"BreadcrumbList\",\"@id\":\"https:\\\/\\\/kreatortorun.pl\\\/produkt\\\/spodnie-wyjsciowe-policji-szyte-na-miare\\\/#breadcrumb\",\"itemListElement\":[{\"@type\":\"ListItem\",\"position\":1,\"name\":\"Strona g\u0142\u00f3wna\",\"item\":\"https:\\\/\\\/kreatortorun.pl\\\/en\\\/\"},{\"@type\":\"ListItem\",\"position\":2,\"name\":\"Shop\",\"item\":\"https:\\\/\\\/kreatortorun.pl\\\/en\\\/shop\\\/\"},{\"@type\":\"ListItem\",\"position\":3,\"name\":\"Spodnie wyj\u015bciowe Policji korpus oficer\u00f3w szyte na miar\u0119\"}]},{\"@type\":\"WebSite\",\"@id\":\"https:\\\/\\\/kreatortorun.pl\\\/#website\",\"url\":\"https:\\\/\\\/kreatortorun.pl\\\/\",\"name\":\"Kreator Toru\u0144\",\"description\":\"Producent mundur\u00f3w, kombinezon\u00f3w i odzie\u017cy taktycznej\",\"publisher\":{\"@id\":\"https:\\\/\\\/kreatortorun.pl\\\/#organization\"},\"potentialAction\":[{\"@type\":\"SearchAction\",\"target\":{\"@type\":\"EntryPoint\",\"urlTemplate\":\"https:\\\/\\\/kreatortorun.pl\\\/?s={search_term_string}\"},\"query-input\":{\"@type\":\"PropertyValueSpecification\",\"valueRequired\":true,\"valueName\":\"search_term_string\"}}],\"inLanguage\":\"en-US\"},{\"@type\":\"Organization\",\"@id\":\"https:\\\/\\\/kreatortorun.pl\\\/#organization\",\"name\":\"Kreator Toru\u0144\",\"url\":\"https:\\\/\\\/kreatortorun.pl\\\/\",\"logo\":{\"@type\":\"ImageObject\",\"inLanguage\":\"en-US\",\"@id\":\"https:\\\/\\\/kreatortorun.pl\\\/#\\\/schema\\\/logo\\\/image\\\/\",\"url\":\"https:\\\/\\\/kreatortorun.pl\\\/wp-content\\\/uploads\\\/2024\\\/02\\\/cropped-kreator-logo-favicon.png\",\"contentUrl\":\"https:\\\/\\\/kreatortorun.pl\\\/wp-content\\\/uploads\\\/2024\\\/02\\\/cropped-kreator-logo-favicon.png\",\"width\":512,\"height\":512,\"caption\":\"Kreator Toru\u0144\"},\"image\":{\"@id\":\"https:\\\/\\\/kreatortorun.pl\\\/#\\\/schema\\\/logo\\\/image\\\/\"},\"sameAs\":[\"https:\\\/\\\/www.facebook.com\\\/torun.kreator\",\"https:\\\/\\\/www.youtube.com\\\/@kreatortorun1862\"]}]}<\/script>\n<!-- \/ Yoast SEO plugin. -->","yoast_head_json":{"title":"Spodnie wyj\u015bciowe Policji korpus oficer\u00f3w szyte na miar\u0119 - Kreator Toru\u0144","description":"Spodnie wyj\u015bciowe korpusu oficer\u00f3w Policji uszyjemy dla Ciebie na miar\u0119. Sprawd\u017a jak si\u0119 zmierzy\u0107 i zam\u00f3w wygodnie online.","robots":{"index":"index","follow":"follow","max-snippet":"max-snippet:-1","max-image-preview":"max-image-preview:large","max-video-preview":"max-video-preview:-1"},"canonical":"https:\/\/kreatortorun.pl\/produkt\/spodnie-wyjsciowe-policji-szyte-na-miare\/","og_locale":"en_US","og_type":"article","og_title":"Spodnie wyj\u015bciowe Policji korpus oficer\u00f3w szyte na miar\u0119 - Kreator Toru\u0144","og_description":"Spodnie wyj\u015bciowe korpusu oficer\u00f3w Policji uszyjemy dla Ciebie na miar\u0119. Sprawd\u017a jak si\u0119 zmierzy\u0107 i zam\u00f3w wygodnie online.","og_url":"https:\/\/kreatortorun.pl\/produkt\/spodnie-wyjsciowe-policji-szyte-na-miare\/","og_site_name":"Kreator Toru\u0144","article_publisher":"https:\/\/www.facebook.com\/torun.kreator","article_modified_time":"2024-08-27T09:29:57+00:00","og_image":[{"width":1200,"height":1200,"url":"https:\/\/kreatortorun.pl\/wp-content\/uploads\/2021\/11\/pomiar-POLICJA-spodnie.jpg","type":"image\/jpeg"}],"twitter_card":"summary_large_image","twitter_misc":{"Est. reading time":"1 minute"},"schema":{"@context":"https:\/\/schema.org","@graph":[{"@type":"WebPage","@id":"https:\/\/kreatortorun.pl\/produkt\/spodnie-wyjsciowe-policji-szyte-na-miare\/","url":"https:\/\/kreatortorun.pl\/produkt\/spodnie-wyjsciowe-policji-szyte-na-miare\/","name":"Spodnie wyj\u015bciowe Policji korpus oficer\u00f3w szyte na miar\u0119 - Kreator Toru\u0144","isPartOf":{"@id":"https:\/\/kreatortorun.pl\/#website"},"primaryImageOfPage":{"@id":"https:\/\/kreatortorun.pl\/produkt\/spodnie-wyjsciowe-policji-szyte-na-miare\/#primaryimage"},"image":{"@id":"https:\/\/kreatortorun.pl\/produkt\/spodnie-wyjsciowe-policji-szyte-na-miare\/#primaryimage"},"thumbnailUrl":"https:\/\/kreatortorun.pl\/wp-content\/uploads\/2021\/11\/pomiar-POLICJA-spodnie.jpg","datePublished":"2021-11-22T02:13:06+00:00","dateModified":"2024-08-27T09:29:57+00:00","description":"Spodnie wyj\u015bciowe korpusu oficer\u00f3w Policji uszyjemy dla Ciebie na miar\u0119. Sprawd\u017a jak si\u0119 zmierzy\u0107 i zam\u00f3w wygodnie online.","breadcrumb":{"@id":"https:\/\/kreatortorun.pl\/produkt\/spodnie-wyjsciowe-policji-szyte-na-miare\/#breadcrumb"},"inLanguage":"en-US","potentialAction":[{"@type":"ReadAction","target":["https:\/\/kreatortorun.pl\/produkt\/spodnie-wyjsciowe-policji-szyte-na-miare\/"]}]},{"@type":"ImageObject","inLanguage":"en-US","@id":"https:\/\/kreatortorun.pl\/produkt\/spodnie-wyjsciowe-policji-szyte-na-miare\/#primaryimage","url":"https:\/\/kreatortorun.pl\/wp-content\/uploads\/2021\/11\/pomiar-POLICJA-spodnie.jpg","contentUrl":"https:\/\/kreatortorun.pl\/wp-content\/uploads\/2021\/11\/pomiar-POLICJA-spodnie.jpg","width":1200,"height":1200},{"@type":"BreadcrumbList","@id":"https:\/\/kreatortorun.pl\/produkt\/spodnie-wyjsciowe-policji-szyte-na-miare\/#breadcrumb","itemListElement":[{"@type":"ListItem","position":1,"name":"Strona g\u0142\u00f3wna","item":"https:\/\/kreatortorun.pl\/en\/"},{"@type":"ListItem","position":2,"name":"Shop","item":"https:\/\/kreatortorun.pl\/en\/shop\/"},{"@type":"ListItem","position":3,"name":"Spodnie wyj\u015bciowe Policji korpus oficer\u00f3w szyte na miar\u0119"}]},{"@type":"WebSite","@id":"https:\/\/kreatortorun.pl\/#website","url":"https:\/\/kreatortorun.pl\/","name":"Kreator Toru\u0144","description":"Producent mundur\u00f3w, kombinezon\u00f3w i odzie\u017cy taktycznej","publisher":{"@id":"https:\/\/kreatortorun.pl\/#organization"},"potentialAction":[{"@type":"SearchAction","target":{"@type":"EntryPoint","urlTemplate":"https:\/\/kreatortorun.pl\/?s={search_term_string}"},"query-input":{"@type":"PropertyValueSpecification","valueRequired":true,"valueName":"search_term_string"}}],"inLanguage":"en-US"},{"@type":"Organization","@id":"https:\/\/kreatortorun.pl\/#organization","name":"Kreator Toru\u0144","url":"https:\/\/kreatortorun.pl\/","logo":{"@type":"ImageObject","inLanguage":"en-US","@id":"https:\/\/kreatortorun.pl\/#\/schema\/logo\/image\/","url":"https:\/\/kreatortorun.pl\/wp-content\/uploads\/2024\/02\/cropped-kreator-logo-favicon.png","contentUrl":"https:\/\/kreatortorun.pl\/wp-content\/uploads\/2024\/02\/cropped-kreator-logo-favicon.png","width":512,"height":512,"caption":"Kreator Toru\u0144"},"image":{"@id":"https:\/\/kreatortorun.pl\/#\/schema\/logo\/image\/"},"sameAs":["https:\/\/www.facebook.com\/torun.kreator","https:\/\/www.youtube.com\/@kreatortorun1862"]}]}},"_links":{"self":[{"href":"https:\/\/kreatortorun.pl\/en\/wp-json\/wp\/v2\/product\/3461","targetHints":{"allow":["GET"]}}],"collection":[{"href":"https:\/\/kreatortorun.pl\/en\/wp-json\/wp\/v2\/product"}],"about":[{"href":"https:\/\/kreatortorun.pl\/en\/wp-json\/wp\/v2\/types\/product"}],"wp:featuredmedia":[{"embeddable":true,"href":"https:\/\/kreatortorun.pl\/en\/wp-json\/wp\/v2\/media\/3810"}],"wp:attachment":[{"href":"https:\/\/kreatortorun.pl\/en\/wp-json\/wp\/v2\/media?parent=3461"}],"wp:term":[{"taxonomy":"product_brand","embeddable":true,"href":"https:\/\/kreatortorun.pl\/en\/wp-json\/wp\/v2\/product_brand?post=3461"},{"taxonomy":"product_cat","embeddable":true,"href":"https:\/\/kreatortorun.pl\/en\/wp-json\/wp\/v2\/product_cat?post=3461"},{"taxonomy":"product_tag","embeddable":true,"href":"https:\/\/kreatortorun.pl\/en\/wp-json\/wp\/v2\/product_tag?post=3461"}],"curies":[{"name":"wp","href":"https:\/\/api.w.org\/{rel}","templated":true}]}}