{"id":3463,"date":"2021-11-22T02:18:22","date_gmt":"2021-11-22T02:18:22","guid":{"rendered":"https:\/\/kreatortorun.pl\/?post_type=product&#038;p=3463"},"modified":"2026-04-29T17:27:44","modified_gmt":"2026-04-29T17:27:44","slug":"kurtka-gabardynowa-wyjsciowa-policji","status":"publish","type":"product","link":"https:\/\/kreatortorun.pl\/en\/produkt\/kurtka-gabardynowa-wyjsciowa-policji\/","title":{"rendered":"Kurtka gabardynowa wyj\u015bciowa Policji (nowy wz\u00f3r)"},"content":{"rendered":"<h1>Nowy mundur policyjny &#8211; po\u0142\u0105czenie estetyki i komfortu<\/h1>\n<p style=\"text-align: justify;\">Jednorz\u0119dowa marynarka gabardynowa policyjna posiada ko\u0142nierz z podszewk\u0105 oraz wy\u0142ogi. Zapi\u0119cie na przodzie sk\u0142ada si\u0119 z czterech metalowych guzik\u00f3w z emblematem. Kurtka ma g\u0142adko dopasowane ramiona z subtelnymi wstawkami. Naramienniki, nieco przesuni\u0119te do przodu, s\u0105 przytwierdzone do kurtki i maj\u0105 guziki mundurowe. Na poziomie klatki piersiowej i ni\u017cej na biodrach znajduj\u0105 si\u0119 kieszenie z klapkami, kt\u00f3re zamykaj\u0105 si\u0119 guzikami. Na linii barku do kurtki zosta\u0142 przyszyty specjalny guzik do mocowania sznura galowego. Projekt nowego mundury policyjnego zwi\u0119ksza walory estetyczne marynarki gabardynowej policyjnej, a tak\u017ce zapewnia wy\u017cszy komfort noszenia.<\/p>\n<h2>Marynarka gabardynowa policyjna &#8211; przemy\u015blany projekt<\/h2>\n<p style=\"text-align: justify;\">R\u0119kawy marynarki gabardynowej policyjnej s\u0105 proste ze szwami, a na ich ko\u0144cach znajduj\u0105 si\u0119 rozci\u0119cia o d\u0142ugo\u015bci 10 cm. Wewn\u0119trzna strona kurtki wyko\u0144czona jest podszewk\u0105 z wiskozy, kt\u00f3ra pasuje kolorem do g\u0142\u00f3wnego materia\u0142u. Na g\u00f3rnym froncie podszewki umieszczono wewn\u0119trzne kieszenie, z kt\u00f3rych jedna, po lewej stronie, zamyka si\u0119 na klamr\u0119 i guzik. Kurtka ma tradycyjny kr\u00f3j ze szwem w \u015brodkowej cz\u0119\u015bci ty\u0142u. Boczne szwy z ty\u0142u ko\u0144cz\u0105 si\u0119 rozci\u0119ciami o d\u0142ugo\u015bci 12 cm.<\/p>\n<h2 style=\"text-align: justify;\">Kurtka policyjna z gabardyny<\/h2>\n<p style=\"text-align: justify;\">Nowy mundur policyjny wyj\u015bciowy to projekt, z kt\u00f3rego nasza firma jest niezwykle dumna. Wszystkie wymiary, szwy i rozci\u0119cia s\u0105 przemy\u015blane i maj\u0105 zapewni\u0107 swobod\u0119 ruchu i przyjemno\u015b\u0107 z noszenia. Zapraszamy do zakupu naszej gabardyny policyjnej.<\/p>\n<h2 style=\"text-align: justify;\">Gabardyna policyjna najwy\u017cszej jako\u015bci<\/h2>\n<p style=\"text-align: justify;\">Kurtka policyjna w nowym wzorze (zwana potocznie &#8220;gabardyn\u0105) jest wykonana z wysokiej jako\u015bci materia\u0142u gabardyny, dzi\u0119ki czemu jest wytrzyma\u0142a,\u00a0 odporna na otarcia i rozdarcia oraz dobrze si\u0119 uk\u0142ada na sylwetce.<\/p>\n<p style=\"text-align: justify;\">\n","protected":false},"excerpt":{"rendered":"<p style=\"text-align: justify;\">Przedstawiamy cz\u0119\u015b\u0107 nowego munduru policyjnego. To marynarka gabardynowa policyjna w kolorze granatowym.<\/p>\n<p style=\"text-align: justify;\">Kurtka policyjna w nowym wzorze jest wykonana z wysokiej jako\u015bci gabardyny, dzi\u0119ki czemu jest wytrzyma\u0142a i odporna na otarcia i rozdarcia. Dzi\u0119ki temu, \u017ce nasze mundury szyjemy w nowoczesnym parku maszynowym, mo\u017cemy zapewni\u0107, \u017ce marynarka gabardynowa policyjna jest doskonale wyko\u0144czona. U\u017cywamy profesjonalnych pras do przod\u00f3w i ty\u0142\u00f3w marynarek, a tak\u017ce zaawansowanych technologicznie przemys\u0142owych maszyn do szycia.<\/p>\n<p style=\"text-align: justify;\">Nowy mundur policyjny, kt\u00f3ry zaprojektowali\u015bmy, to znacz\u0105ca zmiana dla polskiej policji. Wygl\u0105dem nawi\u0105zuje do tradycji przedwojennych funkcjonariuszy. Kurtka gabardynowa policji w nowym wzorze to z pewno\u015bci\u0105 estetyczny projekt pe\u0142en powagi i godno\u015bci. Polecamy szyt\u0105 przez nas w Polsce gabardyn\u0119 &#8211; zar\u00f3wno w wersji tabelowej, jak i szytej na miar\u0119.<\/p>\n<p style=\"text-align: justify;\">W zestawie: kurtka gabardynowa, oznaka przynale\u017cno\u015bci pa\u0144stwowej, korpus\u00f3wki\/palemki, krokiewki, napis POLICJA.<\/p>\n<p>&nbsp;<\/p>\n","protected":false},"featured_media":3365,"template":"","meta":[],"product_brand":[],"product_cat":[153],"product_tag":[166,215],"class_list":{"0":"post-3463","1":"product","2":"type-product","3":"status-publish","4":"has-post-thumbnail","6":"product_cat-umundurowanie-meskie-policja","7":"product_tag-policja","8":"product_tag-tabelowe","9":"product_shipping_class-dpd","11":"first","12":"instock","13":"taxable","14":"shipping-taxable","15":"purchasable","16":"product-type-variable"},"yoast_head":"<!-- This site is optimized with the Yoast SEO plugin v27.3 - https:\/\/yoast.com\/product\/yoast-seo-wordpress\/ -->\n<title>Marynarka gabardynowa policyjna | Nowy mundur policyjny | kreatortorun.pl<\/title>\n<meta name=\"description\" content=\"Marynarka gabardynowa policyjna stanowi element nowego munduru policyjnego. Gwarantujemy najwy\u017csz\u0105 jako\u015b\u0107 i komfort noszenia.\" \/>\n<meta name=\"robots\" content=\"index, follow, max-snippet:-1, max-image-preview:large, max-video-preview:-1\" \/>\n<link rel=\"canonical\" href=\"https:\/\/kreatortorun.pl\/produkt\/kurtka-gabardynowa-wyjsciowa-policji\/\" \/>\n<meta property=\"og:locale\" content=\"en_US\" \/>\n<meta property=\"og:type\" content=\"article\" \/>\n<meta property=\"og:title\" content=\"Marynarka gabardynowa policyjna | Nowy mundur policyjny | kreatortorun.pl\" \/>\n<meta property=\"og:description\" content=\"Marynarka gabardynowa policyjna stanowi element nowego munduru policyjnego. Gwarantujemy najwy\u017csz\u0105 jako\u015b\u0107 i komfort noszenia.\" \/>\n<meta property=\"og:url\" content=\"https:\/\/kreatortorun.pl\/produkt\/kurtka-gabardynowa-wyjsciowa-policji\/\" \/>\n<meta property=\"og:site_name\" content=\"Kreator Toru\u0144\" \/>\n<meta property=\"article:publisher\" content=\"https:\/\/www.facebook.com\/torun.kreator\" \/>\n<meta property=\"article:modified_time\" content=\"2026-04-29T17:27:44+00:00\" \/>\n<meta property=\"og:image\" content=\"https:\/\/kreatortorun.pl\/wp-content\/uploads\/2021\/11\/PARE.PL-POLICJA-kurtka-8293.jpg\" \/>\n\t<meta property=\"og:image:width\" content=\"1200\" \/>\n\t<meta property=\"og:image:height\" content=\"1200\" \/>\n\t<meta property=\"og:image:type\" content=\"image\/jpeg\" \/>\n<meta name=\"twitter:card\" content=\"summary_large_image\" \/>\n<meta name=\"twitter:label1\" content=\"Est. reading time\" \/>\n\t<meta name=\"twitter:data1\" content=\"2 minutes\" \/>\n<script type=\"application\/ld+json\" class=\"yoast-schema-graph\">{\"@context\":\"https:\\\/\\\/schema.org\",\"@graph\":[{\"@type\":\"WebPage\",\"@id\":\"https:\\\/\\\/kreatortorun.pl\\\/produkt\\\/kurtka-gabardynowa-wyjsciowa-policji\\\/\",\"url\":\"https:\\\/\\\/kreatortorun.pl\\\/produkt\\\/kurtka-gabardynowa-wyjsciowa-policji\\\/\",\"name\":\"Marynarka gabardynowa policyjna | Nowy mundur policyjny | kreatortorun.pl\",\"isPartOf\":{\"@id\":\"https:\\\/\\\/kreatortorun.pl\\\/#website\"},\"primaryImageOfPage\":{\"@id\":\"https:\\\/\\\/kreatortorun.pl\\\/produkt\\\/kurtka-gabardynowa-wyjsciowa-policji\\\/#primaryimage\"},\"image\":{\"@id\":\"https:\\\/\\\/kreatortorun.pl\\\/produkt\\\/kurtka-gabardynowa-wyjsciowa-policji\\\/#primaryimage\"},\"thumbnailUrl\":\"https:\\\/\\\/kreatortorun.pl\\\/wp-content\\\/uploads\\\/2021\\\/11\\\/PARE.PL-POLICJA-kurtka-8293.jpg\",\"datePublished\":\"2021-11-22T02:18:22+00:00\",\"dateModified\":\"2026-04-29T17:27:44+00:00\",\"description\":\"Marynarka gabardynowa policyjna stanowi element nowego munduru policyjnego. Gwarantujemy najwy\u017csz\u0105 jako\u015b\u0107 i komfort noszenia.\",\"breadcrumb\":{\"@id\":\"https:\\\/\\\/kreatortorun.pl\\\/produkt\\\/kurtka-gabardynowa-wyjsciowa-policji\\\/#breadcrumb\"},\"inLanguage\":\"en-US\",\"potentialAction\":[{\"@type\":\"ReadAction\",\"target\":[\"https:\\\/\\\/kreatortorun.pl\\\/produkt\\\/kurtka-gabardynowa-wyjsciowa-policji\\\/\"]}]},{\"@type\":\"ImageObject\",\"inLanguage\":\"en-US\",\"@id\":\"https:\\\/\\\/kreatortorun.pl\\\/produkt\\\/kurtka-gabardynowa-wyjsciowa-policji\\\/#primaryimage\",\"url\":\"https:\\\/\\\/kreatortorun.pl\\\/wp-content\\\/uploads\\\/2021\\\/11\\\/PARE.PL-POLICJA-kurtka-8293.jpg\",\"contentUrl\":\"https:\\\/\\\/kreatortorun.pl\\\/wp-content\\\/uploads\\\/2021\\\/11\\\/PARE.PL-POLICJA-kurtka-8293.jpg\",\"width\":1200,\"height\":1200},{\"@type\":\"BreadcrumbList\",\"@id\":\"https:\\\/\\\/kreatortorun.pl\\\/produkt\\\/kurtka-gabardynowa-wyjsciowa-policji\\\/#breadcrumb\",\"itemListElement\":[{\"@type\":\"ListItem\",\"position\":1,\"name\":\"Strona g\u0142\u00f3wna\",\"item\":\"https:\\\/\\\/kreatortorun.pl\\\/en\\\/\"},{\"@type\":\"ListItem\",\"position\":2,\"name\":\"Shop\",\"item\":\"https:\\\/\\\/kreatortorun.pl\\\/en\\\/shop\\\/\"},{\"@type\":\"ListItem\",\"position\":3,\"name\":\"Kurtka gabardynowa wyj\u015bciowa Policji (nowy wz\u00f3r)\"}]},{\"@type\":\"WebSite\",\"@id\":\"https:\\\/\\\/kreatortorun.pl\\\/#website\",\"url\":\"https:\\\/\\\/kreatortorun.pl\\\/\",\"name\":\"Kreator Toru\u0144\",\"description\":\"Producent mundur\u00f3w, kombinezon\u00f3w i odzie\u017cy taktycznej\",\"publisher\":{\"@id\":\"https:\\\/\\\/kreatortorun.pl\\\/#organization\"},\"potentialAction\":[{\"@type\":\"SearchAction\",\"target\":{\"@type\":\"EntryPoint\",\"urlTemplate\":\"https:\\\/\\\/kreatortorun.pl\\\/?s={search_term_string}\"},\"query-input\":{\"@type\":\"PropertyValueSpecification\",\"valueRequired\":true,\"valueName\":\"search_term_string\"}}],\"inLanguage\":\"en-US\"},{\"@type\":\"Organization\",\"@id\":\"https:\\\/\\\/kreatortorun.pl\\\/#organization\",\"name\":\"Kreator Toru\u0144\",\"url\":\"https:\\\/\\\/kreatortorun.pl\\\/\",\"logo\":{\"@type\":\"ImageObject\",\"inLanguage\":\"en-US\",\"@id\":\"https:\\\/\\\/kreatortorun.pl\\\/#\\\/schema\\\/logo\\\/image\\\/\",\"url\":\"https:\\\/\\\/kreatortorun.pl\\\/wp-content\\\/uploads\\\/2024\\\/02\\\/cropped-kreator-logo-favicon.png\",\"contentUrl\":\"https:\\\/\\\/kreatortorun.pl\\\/wp-content\\\/uploads\\\/2024\\\/02\\\/cropped-kreator-logo-favicon.png\",\"width\":512,\"height\":512,\"caption\":\"Kreator Toru\u0144\"},\"image\":{\"@id\":\"https:\\\/\\\/kreatortorun.pl\\\/#\\\/schema\\\/logo\\\/image\\\/\"},\"sameAs\":[\"https:\\\/\\\/www.facebook.com\\\/torun.kreator\",\"https:\\\/\\\/www.youtube.com\\\/@kreatortorun1862\"]}]}<\/script>\n<!-- \/ Yoast SEO plugin. -->","yoast_head_json":{"title":"Marynarka gabardynowa policyjna | Nowy mundur policyjny | kreatortorun.pl","description":"Marynarka gabardynowa policyjna stanowi element nowego munduru policyjnego. Gwarantujemy najwy\u017csz\u0105 jako\u015b\u0107 i komfort noszenia.","robots":{"index":"index","follow":"follow","max-snippet":"max-snippet:-1","max-image-preview":"max-image-preview:large","max-video-preview":"max-video-preview:-1"},"canonical":"https:\/\/kreatortorun.pl\/produkt\/kurtka-gabardynowa-wyjsciowa-policji\/","og_locale":"en_US","og_type":"article","og_title":"Marynarka gabardynowa policyjna | Nowy mundur policyjny | kreatortorun.pl","og_description":"Marynarka gabardynowa policyjna stanowi element nowego munduru policyjnego. Gwarantujemy najwy\u017csz\u0105 jako\u015b\u0107 i komfort noszenia.","og_url":"https:\/\/kreatortorun.pl\/produkt\/kurtka-gabardynowa-wyjsciowa-policji\/","og_site_name":"Kreator Toru\u0144","article_publisher":"https:\/\/www.facebook.com\/torun.kreator","article_modified_time":"2026-04-29T17:27:44+00:00","og_image":[{"width":1200,"height":1200,"url":"https:\/\/kreatortorun.pl\/wp-content\/uploads\/2021\/11\/PARE.PL-POLICJA-kurtka-8293.jpg","type":"image\/jpeg"}],"twitter_card":"summary_large_image","twitter_misc":{"Est. reading time":"2 minutes"},"schema":{"@context":"https:\/\/schema.org","@graph":[{"@type":"WebPage","@id":"https:\/\/kreatortorun.pl\/produkt\/kurtka-gabardynowa-wyjsciowa-policji\/","url":"https:\/\/kreatortorun.pl\/produkt\/kurtka-gabardynowa-wyjsciowa-policji\/","name":"Marynarka gabardynowa policyjna | Nowy mundur policyjny | kreatortorun.pl","isPartOf":{"@id":"https:\/\/kreatortorun.pl\/#website"},"primaryImageOfPage":{"@id":"https:\/\/kreatortorun.pl\/produkt\/kurtka-gabardynowa-wyjsciowa-policji\/#primaryimage"},"image":{"@id":"https:\/\/kreatortorun.pl\/produkt\/kurtka-gabardynowa-wyjsciowa-policji\/#primaryimage"},"thumbnailUrl":"https:\/\/kreatortorun.pl\/wp-content\/uploads\/2021\/11\/PARE.PL-POLICJA-kurtka-8293.jpg","datePublished":"2021-11-22T02:18:22+00:00","dateModified":"2026-04-29T17:27:44+00:00","description":"Marynarka gabardynowa policyjna stanowi element nowego munduru policyjnego. Gwarantujemy najwy\u017csz\u0105 jako\u015b\u0107 i komfort noszenia.","breadcrumb":{"@id":"https:\/\/kreatortorun.pl\/produkt\/kurtka-gabardynowa-wyjsciowa-policji\/#breadcrumb"},"inLanguage":"en-US","potentialAction":[{"@type":"ReadAction","target":["https:\/\/kreatortorun.pl\/produkt\/kurtka-gabardynowa-wyjsciowa-policji\/"]}]},{"@type":"ImageObject","inLanguage":"en-US","@id":"https:\/\/kreatortorun.pl\/produkt\/kurtka-gabardynowa-wyjsciowa-policji\/#primaryimage","url":"https:\/\/kreatortorun.pl\/wp-content\/uploads\/2021\/11\/PARE.PL-POLICJA-kurtka-8293.jpg","contentUrl":"https:\/\/kreatortorun.pl\/wp-content\/uploads\/2021\/11\/PARE.PL-POLICJA-kurtka-8293.jpg","width":1200,"height":1200},{"@type":"BreadcrumbList","@id":"https:\/\/kreatortorun.pl\/produkt\/kurtka-gabardynowa-wyjsciowa-policji\/#breadcrumb","itemListElement":[{"@type":"ListItem","position":1,"name":"Strona g\u0142\u00f3wna","item":"https:\/\/kreatortorun.pl\/en\/"},{"@type":"ListItem","position":2,"name":"Shop","item":"https:\/\/kreatortorun.pl\/en\/shop\/"},{"@type":"ListItem","position":3,"name":"Kurtka gabardynowa wyj\u015bciowa Policji (nowy wz\u00f3r)"}]},{"@type":"WebSite","@id":"https:\/\/kreatortorun.pl\/#website","url":"https:\/\/kreatortorun.pl\/","name":"Kreator Toru\u0144","description":"Producent mundur\u00f3w, kombinezon\u00f3w i odzie\u017cy taktycznej","publisher":{"@id":"https:\/\/kreatortorun.pl\/#organization"},"potentialAction":[{"@type":"SearchAction","target":{"@type":"EntryPoint","urlTemplate":"https:\/\/kreatortorun.pl\/?s={search_term_string}"},"query-input":{"@type":"PropertyValueSpecification","valueRequired":true,"valueName":"search_term_string"}}],"inLanguage":"en-US"},{"@type":"Organization","@id":"https:\/\/kreatortorun.pl\/#organization","name":"Kreator Toru\u0144","url":"https:\/\/kreatortorun.pl\/","logo":{"@type":"ImageObject","inLanguage":"en-US","@id":"https:\/\/kreatortorun.pl\/#\/schema\/logo\/image\/","url":"https:\/\/kreatortorun.pl\/wp-content\/uploads\/2024\/02\/cropped-kreator-logo-favicon.png","contentUrl":"https:\/\/kreatortorun.pl\/wp-content\/uploads\/2024\/02\/cropped-kreator-logo-favicon.png","width":512,"height":512,"caption":"Kreator Toru\u0144"},"image":{"@id":"https:\/\/kreatortorun.pl\/#\/schema\/logo\/image\/"},"sameAs":["https:\/\/www.facebook.com\/torun.kreator","https:\/\/www.youtube.com\/@kreatortorun1862"]}]}},"_links":{"self":[{"href":"https:\/\/kreatortorun.pl\/en\/wp-json\/wp\/v2\/product\/3463","targetHints":{"allow":["GET"]}}],"collection":[{"href":"https:\/\/kreatortorun.pl\/en\/wp-json\/wp\/v2\/product"}],"about":[{"href":"https:\/\/kreatortorun.pl\/en\/wp-json\/wp\/v2\/types\/product"}],"wp:featuredmedia":[{"embeddable":true,"href":"https:\/\/kreatortorun.pl\/en\/wp-json\/wp\/v2\/media\/3365"}],"wp:attachment":[{"href":"https:\/\/kreatortorun.pl\/en\/wp-json\/wp\/v2\/media?parent=3463"}],"wp:term":[{"taxonomy":"product_brand","embeddable":true,"href":"https:\/\/kreatortorun.pl\/en\/wp-json\/wp\/v2\/product_brand?post=3463"},{"taxonomy":"product_cat","embeddable":true,"href":"https:\/\/kreatortorun.pl\/en\/wp-json\/wp\/v2\/product_cat?post=3463"},{"taxonomy":"product_tag","embeddable":true,"href":"https:\/\/kreatortorun.pl\/en\/wp-json\/wp\/v2\/product_tag?post=3463"}],"curies":[{"name":"wp","href":"https:\/\/api.w.org\/{rel}","templated":true}]}}