{"id":3607,"date":"2021-11-22T21:53:58","date_gmt":"2021-11-22T21:53:58","guid":{"rendered":"https:\/\/kreatortorun.pl\/?post_type=product&#038;p=3607"},"modified":"2026-04-10T07:48:50","modified_gmt":"2026-04-10T07:48:50","slug":"mundur-galowy-mw-wzor-108-mon","status":"publish","type":"product","link":"https:\/\/kreatortorun.pl\/en\/produkt\/mundur-galowy-mw-wzor-108-mon\/","title":{"rendered":"Mundur galowy MW wz\u00f3r 108\/MON"},"content":{"rendered":"<h2 style=\"text-align: justify;\">Kurtka munduru galowego Marynarki Wojennej<\/h2>\n<p style=\"text-align: justify;\">Kurtka munduru galowego marynarki wojennej wykonana jest z tkaniny w kolorze granatowym. Kurtka dwurz\u0119dowa, z wyk\u0142adanym ko\u0142nierzem i wy\u0142ogami, na linii barku i bioder swobodna, w pasie jest lekko dopasowana. Barki spadziste, op\u0142ywowe, wype\u0142nione s\u0105 wk\u0142adami barkowymi. Ty\u0142 ze szwem wykonanym po \u015brodku ty\u0142u. Kurtka zapinana jest na trzy guziki mundurowe w kolorze z\u0142otym z kotwic\u0105 marynarki wojennej na krzy\u017cu kawalerskim. Na obu cz\u0119\u015bciach przodu u g\u00f3ry przyszyte s\u0105 guziki mundurowe. Na lewym przodzie drugi rz\u0105d guzik\u00f3w mundurowych. Dodatkowo kurtka zapinana jest na jeden guzik odzie\u017cowy przyszyty do podszewki przodu lewego, dziurka wykonana w prawym przodzie. W przodach, poni\u017cej linii pasa, wykonane s\u0105 kieszenie boczne z klapkami i z jedn\u0105 wypustk\u0105. R\u0119kawy s\u0105 dwucz\u0119\u015bciowe, bez mankiet\u00f3w i rozpork\u00f3w. Kurtka od wewn\u0105trz wyko\u0144czona jest podszewk\u0105 jedwabn\u0105 w kolorze granatowym. W g\u00f3rnych cz\u0119\u015bciach przod\u00f3w podszewki wykonane s\u0105 kieszenie wewn\u0119trzne z jedn\u0105 szerok\u0105 listewk\u0105, wykonan\u0105 z tkaniny zasadniczej. Lewa kiesze\u0144 wewn\u0119trzna zapinana jest na guzik i zapink\u0119.<strong>\u00a0<\/strong><\/p>\n<h2 style=\"text-align: justify;\">Spodnie munduru galowego Marynarki Wojennej<\/h2>\n<p style=\"text-align: justify;\">Spodnie munduru galowego biodrowe, bez mankiet\u00f3w, wykonane s\u0105 z tej samej tkaniny zasadniczej co kurtka. Nogawki spodni s\u0105 zw\u0119\u017cane ku do\u0142owi. Szeroko\u015b\u0107 nogawek w dole uzale\u017cniona jest od wielko\u015bci spodni. Szwy boczne, \u0142\u0105cz\u0105ce przednie nogawki z tylnymi, s\u0105 nak\u0142adane w kierunku ty\u0142u spodni i przest\u0119bnowane po przedniej nogawce. W g\u00f3rnej cz\u0119\u015bci przodu spodni wykonane s\u0105 kieszenie boczne z jedn\u0105 wypustk\u0105. W przodzie spodni, przy szwie paska za\u0142o\u017cona jest fa\u0142dka od kt\u00f3rej biegnie w d\u00f3\u0142 zaprasowany kant spodni. W pasek wszyto siedem podtrzymywaczy paska. Lewa strona paska jest przed\u0142u\u017cona, zako\u0144czona dziurk\u0105. Pasek zapinany jest dodatkowo na hak odzie\u017cowy umieszczony po stronie wewn\u0119trznej paska spodni. W przednich nogawkach, wewn\u0105trz spodni, wszyta jest kolan\u00f3wka. Do\u0142y nogawek s\u0105 sko\u015bne, podniesione ku przodowi. W do\u0142y nogawek wszyta jest ta\u015bma brzegowa oraz wk\u0142adka z podw\u00f3jnej, jedwabnej podszewki, kt\u00f3ra wystaje powy\u017cej podwini\u0119cia do\u0142u spodni oko\u0142o 2,5 cm. Rozporek spodni zapinany jest na zamek b\u0142yskawiczny.<\/p>\n","protected":false},"excerpt":{"rendered":"<p style=\"text-align: justify;\">Mundur galowy Marynarki Wojennej 108\/MON jest potwierdzony przez Wojskowy O\u015brodek Badawczo-Wdro\u017ceniowy S\u0142u\u017cby Mundurowej w \u0141odzi za zgodno\u015b\u0107 z Wojskow\u0105 Dokumentacj\u0105 Techniczno-Technologiczn\u0105 oraz wzorem Przedmiotu Umundurowania i Wyekwipowania. Wszystkie surowce zastosowane w wyrobie s\u0105<span class=\"Apple-converted-space\">\u00a0<\/span>zgodne z Wojskow\u0105 Dokumentacj\u0105 Techniczno-Technologiczn\u0105 wz\u00f3r 108\/MON.<\/p>\n","protected":false},"featured_media":2888,"template":"","meta":[],"product_brand":[],"product_cat":[149],"product_tag":[215,165],"class_list":{"0":"post-3607","1":"product","2":"type-product","3":"status-publish","4":"has-post-thumbnail","6":"product_cat-umundurowanie-meskie","7":"product_tag-tabelowe","8":"product_tag-mw","9":"product_shipping_class-dpd","11":"first","12":"onbackorder","13":"taxable","14":"shipping-taxable","15":"purchasable","16":"product-type-variable"},"yoast_head":"<!-- This site is optimized with the Yoast SEO plugin v27.3 - https:\/\/yoast.com\/product\/yoast-seo-wordpress\/ -->\n<title>Mundur galowy MW wz\u00f3r 108\/MON - Kreator Toru\u0144<\/title>\n<meta name=\"robots\" content=\"index, follow, max-snippet:-1, max-image-preview:large, max-video-preview:-1\" \/>\n<link rel=\"canonical\" href=\"https:\/\/kreatortorun.pl\/produkt\/mundur-galowy-mw-wzor-108-mon\/\" \/>\n<meta property=\"og:locale\" content=\"en_US\" \/>\n<meta property=\"og:type\" content=\"article\" \/>\n<meta property=\"og:title\" content=\"Mundur galowy MW wz\u00f3r 108\/MON - Kreator Toru\u0144\" \/>\n<meta property=\"og:description\" content=\"Mundur galowy Marynarki Wojennej 108\/MON jest potwierdzony przez Wojskowy O\u015brodek Badawczo-Wdro\u017ceniowy S\u0142u\u017cby Mundurowej w \u0141odzi za zgodno\u015b\u0107 z Wojskow\u0105 Dokumentacj\u0105 Techniczno-Technologiczn\u0105 oraz wzorem Przedmiotu Umundurowania i Wyekwipowania. Wszystkie surowce zastosowane w wyrobie s\u0105\u00a0zgodne z Wojskow\u0105 Dokumentacj\u0105 Techniczno-Technologiczn\u0105 wz\u00f3r 108\/MON.\" \/>\n<meta property=\"og:url\" content=\"https:\/\/kreatortorun.pl\/produkt\/mundur-galowy-mw-wzor-108-mon\/\" \/>\n<meta property=\"og:site_name\" content=\"Kreator Toru\u0144\" \/>\n<meta property=\"article:publisher\" content=\"https:\/\/www.facebook.com\/torun.kreator\" \/>\n<meta property=\"article:modified_time\" content=\"2026-04-10T07:48:50+00:00\" \/>\n<meta property=\"og:image\" content=\"https:\/\/kreatortorun.pl\/wp-content\/uploads\/2021\/10\/PARE.PL-MW-mundur-3119.jpg\" \/>\n\t<meta property=\"og:image:width\" content=\"1199\" \/>\n\t<meta property=\"og:image:height\" content=\"1200\" \/>\n\t<meta property=\"og:image:type\" content=\"image\/jpeg\" \/>\n<meta name=\"twitter:card\" content=\"summary_large_image\" \/>\n<meta name=\"twitter:label1\" content=\"Est. reading time\" \/>\n\t<meta name=\"twitter:data1\" content=\"3 minutes\" \/>\n<script type=\"application\/ld+json\" class=\"yoast-schema-graph\">{\"@context\":\"https:\\\/\\\/schema.org\",\"@graph\":[{\"@type\":\"WebPage\",\"@id\":\"https:\\\/\\\/kreatortorun.pl\\\/produkt\\\/mundur-galowy-mw-wzor-108-mon\\\/\",\"url\":\"https:\\\/\\\/kreatortorun.pl\\\/produkt\\\/mundur-galowy-mw-wzor-108-mon\\\/\",\"name\":\"Mundur galowy MW wz\u00f3r 108\\\/MON - Kreator Toru\u0144\",\"isPartOf\":{\"@id\":\"https:\\\/\\\/kreatortorun.pl\\\/#website\"},\"primaryImageOfPage\":{\"@id\":\"https:\\\/\\\/kreatortorun.pl\\\/produkt\\\/mundur-galowy-mw-wzor-108-mon\\\/#primaryimage\"},\"image\":{\"@id\":\"https:\\\/\\\/kreatortorun.pl\\\/produkt\\\/mundur-galowy-mw-wzor-108-mon\\\/#primaryimage\"},\"thumbnailUrl\":\"https:\\\/\\\/kreatortorun.pl\\\/wp-content\\\/uploads\\\/2021\\\/10\\\/PARE.PL-MW-mundur-3119.jpg\",\"datePublished\":\"2021-11-22T21:53:58+00:00\",\"dateModified\":\"2026-04-10T07:48:50+00:00\",\"breadcrumb\":{\"@id\":\"https:\\\/\\\/kreatortorun.pl\\\/produkt\\\/mundur-galowy-mw-wzor-108-mon\\\/#breadcrumb\"},\"inLanguage\":\"en-US\",\"potentialAction\":[{\"@type\":\"ReadAction\",\"target\":[\"https:\\\/\\\/kreatortorun.pl\\\/produkt\\\/mundur-galowy-mw-wzor-108-mon\\\/\"]}]},{\"@type\":\"ImageObject\",\"inLanguage\":\"en-US\",\"@id\":\"https:\\\/\\\/kreatortorun.pl\\\/produkt\\\/mundur-galowy-mw-wzor-108-mon\\\/#primaryimage\",\"url\":\"https:\\\/\\\/kreatortorun.pl\\\/wp-content\\\/uploads\\\/2021\\\/10\\\/PARE.PL-MW-mundur-3119.jpg\",\"contentUrl\":\"https:\\\/\\\/kreatortorun.pl\\\/wp-content\\\/uploads\\\/2021\\\/10\\\/PARE.PL-MW-mundur-3119.jpg\",\"width\":1199,\"height\":1200},{\"@type\":\"BreadcrumbList\",\"@id\":\"https:\\\/\\\/kreatortorun.pl\\\/produkt\\\/mundur-galowy-mw-wzor-108-mon\\\/#breadcrumb\",\"itemListElement\":[{\"@type\":\"ListItem\",\"position\":1,\"name\":\"Strona g\u0142\u00f3wna\",\"item\":\"https:\\\/\\\/kreatortorun.pl\\\/en\\\/\"},{\"@type\":\"ListItem\",\"position\":2,\"name\":\"Shop\",\"item\":\"https:\\\/\\\/kreatortorun.pl\\\/en\\\/shop\\\/\"},{\"@type\":\"ListItem\",\"position\":3,\"name\":\"Mundur galowy MW wz\u00f3r 108\\\/MON\"}]},{\"@type\":\"WebSite\",\"@id\":\"https:\\\/\\\/kreatortorun.pl\\\/#website\",\"url\":\"https:\\\/\\\/kreatortorun.pl\\\/\",\"name\":\"Kreator Toru\u0144\",\"description\":\"Producent mundur\u00f3w, kombinezon\u00f3w i odzie\u017cy taktycznej\",\"publisher\":{\"@id\":\"https:\\\/\\\/kreatortorun.pl\\\/#organization\"},\"potentialAction\":[{\"@type\":\"SearchAction\",\"target\":{\"@type\":\"EntryPoint\",\"urlTemplate\":\"https:\\\/\\\/kreatortorun.pl\\\/?s={search_term_string}\"},\"query-input\":{\"@type\":\"PropertyValueSpecification\",\"valueRequired\":true,\"valueName\":\"search_term_string\"}}],\"inLanguage\":\"en-US\"},{\"@type\":\"Organization\",\"@id\":\"https:\\\/\\\/kreatortorun.pl\\\/#organization\",\"name\":\"Kreator Toru\u0144\",\"url\":\"https:\\\/\\\/kreatortorun.pl\\\/\",\"logo\":{\"@type\":\"ImageObject\",\"inLanguage\":\"en-US\",\"@id\":\"https:\\\/\\\/kreatortorun.pl\\\/#\\\/schema\\\/logo\\\/image\\\/\",\"url\":\"https:\\\/\\\/kreatortorun.pl\\\/wp-content\\\/uploads\\\/2024\\\/02\\\/cropped-kreator-logo-favicon.png\",\"contentUrl\":\"https:\\\/\\\/kreatortorun.pl\\\/wp-content\\\/uploads\\\/2024\\\/02\\\/cropped-kreator-logo-favicon.png\",\"width\":512,\"height\":512,\"caption\":\"Kreator Toru\u0144\"},\"image\":{\"@id\":\"https:\\\/\\\/kreatortorun.pl\\\/#\\\/schema\\\/logo\\\/image\\\/\"},\"sameAs\":[\"https:\\\/\\\/www.facebook.com\\\/torun.kreator\",\"https:\\\/\\\/www.youtube.com\\\/@kreatortorun1862\"]}]}<\/script>\n<!-- \/ Yoast SEO plugin. -->","yoast_head_json":{"title":"Mundur galowy MW wz\u00f3r 108\/MON - Kreator Toru\u0144","robots":{"index":"index","follow":"follow","max-snippet":"max-snippet:-1","max-image-preview":"max-image-preview:large","max-video-preview":"max-video-preview:-1"},"canonical":"https:\/\/kreatortorun.pl\/produkt\/mundur-galowy-mw-wzor-108-mon\/","og_locale":"en_US","og_type":"article","og_title":"Mundur galowy MW wz\u00f3r 108\/MON - Kreator Toru\u0144","og_description":"Mundur galowy Marynarki Wojennej 108\/MON jest potwierdzony przez Wojskowy O\u015brodek Badawczo-Wdro\u017ceniowy S\u0142u\u017cby Mundurowej w \u0141odzi za zgodno\u015b\u0107 z Wojskow\u0105 Dokumentacj\u0105 Techniczno-Technologiczn\u0105 oraz wzorem Przedmiotu Umundurowania i Wyekwipowania. Wszystkie surowce zastosowane w wyrobie s\u0105\u00a0zgodne z Wojskow\u0105 Dokumentacj\u0105 Techniczno-Technologiczn\u0105 wz\u00f3r 108\/MON.","og_url":"https:\/\/kreatortorun.pl\/produkt\/mundur-galowy-mw-wzor-108-mon\/","og_site_name":"Kreator Toru\u0144","article_publisher":"https:\/\/www.facebook.com\/torun.kreator","article_modified_time":"2026-04-10T07:48:50+00:00","og_image":[{"width":1199,"height":1200,"url":"https:\/\/kreatortorun.pl\/wp-content\/uploads\/2021\/10\/PARE.PL-MW-mundur-3119.jpg","type":"image\/jpeg"}],"twitter_card":"summary_large_image","twitter_misc":{"Est. reading time":"3 minutes"},"schema":{"@context":"https:\/\/schema.org","@graph":[{"@type":"WebPage","@id":"https:\/\/kreatortorun.pl\/produkt\/mundur-galowy-mw-wzor-108-mon\/","url":"https:\/\/kreatortorun.pl\/produkt\/mundur-galowy-mw-wzor-108-mon\/","name":"Mundur galowy MW wz\u00f3r 108\/MON - Kreator Toru\u0144","isPartOf":{"@id":"https:\/\/kreatortorun.pl\/#website"},"primaryImageOfPage":{"@id":"https:\/\/kreatortorun.pl\/produkt\/mundur-galowy-mw-wzor-108-mon\/#primaryimage"},"image":{"@id":"https:\/\/kreatortorun.pl\/produkt\/mundur-galowy-mw-wzor-108-mon\/#primaryimage"},"thumbnailUrl":"https:\/\/kreatortorun.pl\/wp-content\/uploads\/2021\/10\/PARE.PL-MW-mundur-3119.jpg","datePublished":"2021-11-22T21:53:58+00:00","dateModified":"2026-04-10T07:48:50+00:00","breadcrumb":{"@id":"https:\/\/kreatortorun.pl\/produkt\/mundur-galowy-mw-wzor-108-mon\/#breadcrumb"},"inLanguage":"en-US","potentialAction":[{"@type":"ReadAction","target":["https:\/\/kreatortorun.pl\/produkt\/mundur-galowy-mw-wzor-108-mon\/"]}]},{"@type":"ImageObject","inLanguage":"en-US","@id":"https:\/\/kreatortorun.pl\/produkt\/mundur-galowy-mw-wzor-108-mon\/#primaryimage","url":"https:\/\/kreatortorun.pl\/wp-content\/uploads\/2021\/10\/PARE.PL-MW-mundur-3119.jpg","contentUrl":"https:\/\/kreatortorun.pl\/wp-content\/uploads\/2021\/10\/PARE.PL-MW-mundur-3119.jpg","width":1199,"height":1200},{"@type":"BreadcrumbList","@id":"https:\/\/kreatortorun.pl\/produkt\/mundur-galowy-mw-wzor-108-mon\/#breadcrumb","itemListElement":[{"@type":"ListItem","position":1,"name":"Strona g\u0142\u00f3wna","item":"https:\/\/kreatortorun.pl\/en\/"},{"@type":"ListItem","position":2,"name":"Shop","item":"https:\/\/kreatortorun.pl\/en\/shop\/"},{"@type":"ListItem","position":3,"name":"Mundur galowy MW wz\u00f3r 108\/MON"}]},{"@type":"WebSite","@id":"https:\/\/kreatortorun.pl\/#website","url":"https:\/\/kreatortorun.pl\/","name":"Kreator Toru\u0144","description":"Producent mundur\u00f3w, kombinezon\u00f3w i odzie\u017cy taktycznej","publisher":{"@id":"https:\/\/kreatortorun.pl\/#organization"},"potentialAction":[{"@type":"SearchAction","target":{"@type":"EntryPoint","urlTemplate":"https:\/\/kreatortorun.pl\/?s={search_term_string}"},"query-input":{"@type":"PropertyValueSpecification","valueRequired":true,"valueName":"search_term_string"}}],"inLanguage":"en-US"},{"@type":"Organization","@id":"https:\/\/kreatortorun.pl\/#organization","name":"Kreator Toru\u0144","url":"https:\/\/kreatortorun.pl\/","logo":{"@type":"ImageObject","inLanguage":"en-US","@id":"https:\/\/kreatortorun.pl\/#\/schema\/logo\/image\/","url":"https:\/\/kreatortorun.pl\/wp-content\/uploads\/2024\/02\/cropped-kreator-logo-favicon.png","contentUrl":"https:\/\/kreatortorun.pl\/wp-content\/uploads\/2024\/02\/cropped-kreator-logo-favicon.png","width":512,"height":512,"caption":"Kreator Toru\u0144"},"image":{"@id":"https:\/\/kreatortorun.pl\/#\/schema\/logo\/image\/"},"sameAs":["https:\/\/www.facebook.com\/torun.kreator","https:\/\/www.youtube.com\/@kreatortorun1862"]}]}},"_links":{"self":[{"href":"https:\/\/kreatortorun.pl\/en\/wp-json\/wp\/v2\/product\/3607","targetHints":{"allow":["GET"]}}],"collection":[{"href":"https:\/\/kreatortorun.pl\/en\/wp-json\/wp\/v2\/product"}],"about":[{"href":"https:\/\/kreatortorun.pl\/en\/wp-json\/wp\/v2\/types\/product"}],"wp:featuredmedia":[{"embeddable":true,"href":"https:\/\/kreatortorun.pl\/en\/wp-json\/wp\/v2\/media\/2888"}],"wp:attachment":[{"href":"https:\/\/kreatortorun.pl\/en\/wp-json\/wp\/v2\/media?parent=3607"}],"wp:term":[{"taxonomy":"product_brand","embeddable":true,"href":"https:\/\/kreatortorun.pl\/en\/wp-json\/wp\/v2\/product_brand?post=3607"},{"taxonomy":"product_cat","embeddable":true,"href":"https:\/\/kreatortorun.pl\/en\/wp-json\/wp\/v2\/product_cat?post=3607"},{"taxonomy":"product_tag","embeddable":true,"href":"https:\/\/kreatortorun.pl\/en\/wp-json\/wp\/v2\/product_tag?post=3607"}],"curies":[{"name":"wp","href":"https:\/\/api.w.org\/{rel}","templated":true}]}}