{"id":3996,"date":"2021-12-07T09:31:17","date_gmt":"2021-12-07T09:31:17","guid":{"rendered":"https:\/\/kreatortorun.pl\/product\/gift-card\/"},"modified":"2025-12-19T09:35:17","modified_gmt":"2025-12-19T09:35:17","slug":"gift-card","status":"publish","type":"product","link":"https:\/\/kreatortorun.pl\/en\/produkt\/gift-card\/","title":{"rendered":"Voucher prezentowy"},"content":{"rendered":"<h2>Szukasz pomys\u0142u na wyj\u0105tkowy prezent, kt\u00f3ry zawsze si\u0119 sprawdzi?<\/h2>\n<p>Nasz voucher pozwoli obdarowanemu wybra\u0107 to, co mu b\u0119dzie przydatne. Voucherem mo\u017cna zap\u0142aci\u0107 za mundur, p\u0142aszcz czy akcesoria mundurowe.<\/p>\n<h2>Bon podarunkowy Kreator to prezent uniwersalny<\/h2>\n<p>mo\u017cesz wydrukowa\u0107 i wr\u0119czy\u0107 osobi\u015bcie lub wys\u0142a\u0107 mailem.<\/p>\n<p>Voucher wa\u017cny jest przez rok od daty zakupu, wi\u0119c mo\u017cna sfinansowa\u0107 nim zakup umundurowania na ka\u017cdy sezon.<\/p>\n<p>&nbsp;<\/p>\n","protected":false},"excerpt":{"rendered":"<p>Voucher prezentowy na wybran\u0105 kwot\u0119.<\/p>\n","protected":false},"featured_media":20856,"template":"","meta":[],"product_brand":[],"product_cat":[147,151,219,155,111,174,148,152,156,140,168],"product_tag":[190,217,165,88,89,169,171],"class_list":{"0":"post-3996","1":"product","2":"type-product","3":"status-publish","4":"has-post-thumbnail","6":"product_cat-akcesoria-meskie","7":"product_cat-akcesoria-meskie-marynarka-wojenna","8":"product_cat-akcesoria-m-wopr","9":"product_cat-akcesoria-meskie-policja","10":"product_cat-akcesoria-meskie-wl","11":"product_cat-akcesoria-meskie-2","12":"product_cat-akcesoria-damskie","13":"product_cat-akcesoria-damskie-marynarka-wojenna","14":"product_cat-akcesoria-damskie-policja","15":"product_cat-akcesoria-damskie-wl","16":"product_cat-vouchery","17":"product_tag-pol","18":"product_tag-wopr","19":"product_tag-mw","20":"product_tag-wl","21":"product_tag-sp","22":"product_tag-voucher","23":"product_tag-psp","25":"first","26":"instock","27":"taxable","28":"shipping-taxable","29":"purchasable","30":"product-type-pw-gift-card"},"yoast_head":"<!-- This site is optimized with the Yoast SEO plugin v27.3 - https:\/\/yoast.com\/product\/yoast-seo-wordpress\/ -->\n<title>Voucher prezentowy - Kreator Toru\u0144<\/title>\n<meta name=\"description\" content=\"Karta podarunkowa Kreator to idealny prezent dla mi\u0142o\u015bnik\u00f3w mundur\u00f3w, akcesori\u00f3w i odzie\u017cy szytej na miar\u0119. Wybierz warto\u015b\u0107 i zaskocz wyj\u0105tkowym upominkiem!\" \/>\n<meta name=\"robots\" content=\"index, follow, max-snippet:-1, max-image-preview:large, max-video-preview:-1\" \/>\n<link rel=\"canonical\" href=\"https:\/\/kreatortorun.pl\/produkt\/gift-card\/\" \/>\n<meta property=\"og:locale\" content=\"en_US\" \/>\n<meta property=\"og:type\" content=\"article\" \/>\n<meta property=\"og:title\" content=\"Voucher prezentowy - Kreator Toru\u0144\" \/>\n<meta property=\"og:description\" content=\"Karta podarunkowa Kreator to idealny prezent dla mi\u0142o\u015bnik\u00f3w mundur\u00f3w, akcesori\u00f3w i odzie\u017cy szytej na miar\u0119. Wybierz warto\u015b\u0107 i zaskocz wyj\u0105tkowym upominkiem!\" \/>\n<meta property=\"og:url\" content=\"https:\/\/kreatortorun.pl\/produkt\/gift-card\/\" \/>\n<meta property=\"og:site_name\" content=\"Kreator Toru\u0144\" \/>\n<meta property=\"article:publisher\" content=\"https:\/\/www.facebook.com\/torun.kreator\" \/>\n<meta property=\"article:modified_time\" content=\"2025-12-19T09:35:17+00:00\" \/>\n<meta property=\"og:image\" content=\"https:\/\/kreatortorun.pl\/wp-content\/uploads\/2021\/12\/VOUCHER2-1.jpg\" \/>\n\t<meta property=\"og:image:width\" content=\"800\" \/>\n\t<meta property=\"og:image:height\" content=\"800\" \/>\n\t<meta property=\"og:image:type\" content=\"image\/jpeg\" \/>\n<meta name=\"twitter:card\" content=\"summary_large_image\" \/>\n<meta name=\"twitter:label1\" content=\"Est. reading time\" \/>\n\t<meta name=\"twitter:data1\" content=\"1 minute\" \/>\n<script type=\"application\/ld+json\" class=\"yoast-schema-graph\">{\"@context\":\"https:\\\/\\\/schema.org\",\"@graph\":[{\"@type\":\"WebPage\",\"@id\":\"https:\\\/\\\/kreatortorun.pl\\\/produkt\\\/gift-card\\\/\",\"url\":\"https:\\\/\\\/kreatortorun.pl\\\/produkt\\\/gift-card\\\/\",\"name\":\"Voucher prezentowy - Kreator Toru\u0144\",\"isPartOf\":{\"@id\":\"https:\\\/\\\/kreatortorun.pl\\\/#website\"},\"primaryImageOfPage\":{\"@id\":\"https:\\\/\\\/kreatortorun.pl\\\/produkt\\\/gift-card\\\/#primaryimage\"},\"image\":{\"@id\":\"https:\\\/\\\/kreatortorun.pl\\\/produkt\\\/gift-card\\\/#primaryimage\"},\"thumbnailUrl\":\"https:\\\/\\\/kreatortorun.pl\\\/wp-content\\\/uploads\\\/2021\\\/12\\\/voucher-czysty.jpg\",\"datePublished\":\"2021-12-07T09:31:17+00:00\",\"dateModified\":\"2025-12-19T09:35:17+00:00\",\"description\":\"Karta podarunkowa Kreator to idealny prezent dla mi\u0142o\u015bnik\u00f3w mundur\u00f3w, akcesori\u00f3w i odzie\u017cy szytej na miar\u0119. Wybierz warto\u015b\u0107 i zaskocz wyj\u0105tkowym upominkiem!\",\"breadcrumb\":{\"@id\":\"https:\\\/\\\/kreatortorun.pl\\\/produkt\\\/gift-card\\\/#breadcrumb\"},\"inLanguage\":\"en-US\",\"potentialAction\":[{\"@type\":\"ReadAction\",\"target\":[\"https:\\\/\\\/kreatortorun.pl\\\/produkt\\\/gift-card\\\/\"]}]},{\"@type\":\"ImageObject\",\"inLanguage\":\"en-US\",\"@id\":\"https:\\\/\\\/kreatortorun.pl\\\/produkt\\\/gift-card\\\/#primaryimage\",\"url\":\"https:\\\/\\\/kreatortorun.pl\\\/wp-content\\\/uploads\\\/2021\\\/12\\\/voucher-czysty.jpg\",\"contentUrl\":\"https:\\\/\\\/kreatortorun.pl\\\/wp-content\\\/uploads\\\/2021\\\/12\\\/voucher-czysty.jpg\",\"width\":872,\"height\":870,\"caption\":\"bon podarunkowy na mundur\"},{\"@type\":\"BreadcrumbList\",\"@id\":\"https:\\\/\\\/kreatortorun.pl\\\/produkt\\\/gift-card\\\/#breadcrumb\",\"itemListElement\":[{\"@type\":\"ListItem\",\"position\":1,\"name\":\"Strona g\u0142\u00f3wna\",\"item\":\"https:\\\/\\\/kreatortorun.pl\\\/en\\\/\"},{\"@type\":\"ListItem\",\"position\":2,\"name\":\"Shop\",\"item\":\"https:\\\/\\\/kreatortorun.pl\\\/en\\\/shop\\\/\"},{\"@type\":\"ListItem\",\"position\":3,\"name\":\"Voucher prezentowy\"}]},{\"@type\":\"WebSite\",\"@id\":\"https:\\\/\\\/kreatortorun.pl\\\/#website\",\"url\":\"https:\\\/\\\/kreatortorun.pl\\\/\",\"name\":\"Kreator Toru\u0144\",\"description\":\"Producent mundur\u00f3w, kombinezon\u00f3w i odzie\u017cy taktycznej\",\"publisher\":{\"@id\":\"https:\\\/\\\/kreatortorun.pl\\\/#organization\"},\"potentialAction\":[{\"@type\":\"SearchAction\",\"target\":{\"@type\":\"EntryPoint\",\"urlTemplate\":\"https:\\\/\\\/kreatortorun.pl\\\/?s={search_term_string}\"},\"query-input\":{\"@type\":\"PropertyValueSpecification\",\"valueRequired\":true,\"valueName\":\"search_term_string\"}}],\"inLanguage\":\"en-US\"},{\"@type\":\"Organization\",\"@id\":\"https:\\\/\\\/kreatortorun.pl\\\/#organization\",\"name\":\"Kreator Toru\u0144\",\"url\":\"https:\\\/\\\/kreatortorun.pl\\\/\",\"logo\":{\"@type\":\"ImageObject\",\"inLanguage\":\"en-US\",\"@id\":\"https:\\\/\\\/kreatortorun.pl\\\/#\\\/schema\\\/logo\\\/image\\\/\",\"url\":\"https:\\\/\\\/kreatortorun.pl\\\/wp-content\\\/uploads\\\/2024\\\/02\\\/cropped-kreator-logo-favicon.png\",\"contentUrl\":\"https:\\\/\\\/kreatortorun.pl\\\/wp-content\\\/uploads\\\/2024\\\/02\\\/cropped-kreator-logo-favicon.png\",\"width\":512,\"height\":512,\"caption\":\"Kreator Toru\u0144\"},\"image\":{\"@id\":\"https:\\\/\\\/kreatortorun.pl\\\/#\\\/schema\\\/logo\\\/image\\\/\"},\"sameAs\":[\"https:\\\/\\\/www.facebook.com\\\/torun.kreator\",\"https:\\\/\\\/www.youtube.com\\\/@kreatortorun1862\"]}]}<\/script>\n<!-- \/ Yoast SEO plugin. -->","yoast_head_json":{"title":"Voucher prezentowy - Kreator Toru\u0144","description":"Karta podarunkowa Kreator to idealny prezent dla mi\u0142o\u015bnik\u00f3w mundur\u00f3w, akcesori\u00f3w i odzie\u017cy szytej na miar\u0119. Wybierz warto\u015b\u0107 i zaskocz wyj\u0105tkowym upominkiem!","robots":{"index":"index","follow":"follow","max-snippet":"max-snippet:-1","max-image-preview":"max-image-preview:large","max-video-preview":"max-video-preview:-1"},"canonical":"https:\/\/kreatortorun.pl\/produkt\/gift-card\/","og_locale":"en_US","og_type":"article","og_title":"Voucher prezentowy - Kreator Toru\u0144","og_description":"Karta podarunkowa Kreator to idealny prezent dla mi\u0142o\u015bnik\u00f3w mundur\u00f3w, akcesori\u00f3w i odzie\u017cy szytej na miar\u0119. Wybierz warto\u015b\u0107 i zaskocz wyj\u0105tkowym upominkiem!","og_url":"https:\/\/kreatortorun.pl\/produkt\/gift-card\/","og_site_name":"Kreator Toru\u0144","article_publisher":"https:\/\/www.facebook.com\/torun.kreator","article_modified_time":"2025-12-19T09:35:17+00:00","og_image":[{"width":800,"height":800,"url":"https:\/\/kreatortorun.pl\/wp-content\/uploads\/2021\/12\/VOUCHER2-1.jpg","type":"image\/jpeg"}],"twitter_card":"summary_large_image","twitter_misc":{"Est. reading time":"1 minute"},"schema":{"@context":"https:\/\/schema.org","@graph":[{"@type":"WebPage","@id":"https:\/\/kreatortorun.pl\/produkt\/gift-card\/","url":"https:\/\/kreatortorun.pl\/produkt\/gift-card\/","name":"Voucher prezentowy - Kreator Toru\u0144","isPartOf":{"@id":"https:\/\/kreatortorun.pl\/#website"},"primaryImageOfPage":{"@id":"https:\/\/kreatortorun.pl\/produkt\/gift-card\/#primaryimage"},"image":{"@id":"https:\/\/kreatortorun.pl\/produkt\/gift-card\/#primaryimage"},"thumbnailUrl":"https:\/\/kreatortorun.pl\/wp-content\/uploads\/2021\/12\/voucher-czysty.jpg","datePublished":"2021-12-07T09:31:17+00:00","dateModified":"2025-12-19T09:35:17+00:00","description":"Karta podarunkowa Kreator to idealny prezent dla mi\u0142o\u015bnik\u00f3w mundur\u00f3w, akcesori\u00f3w i odzie\u017cy szytej na miar\u0119. Wybierz warto\u015b\u0107 i zaskocz wyj\u0105tkowym upominkiem!","breadcrumb":{"@id":"https:\/\/kreatortorun.pl\/produkt\/gift-card\/#breadcrumb"},"inLanguage":"en-US","potentialAction":[{"@type":"ReadAction","target":["https:\/\/kreatortorun.pl\/produkt\/gift-card\/"]}]},{"@type":"ImageObject","inLanguage":"en-US","@id":"https:\/\/kreatortorun.pl\/produkt\/gift-card\/#primaryimage","url":"https:\/\/kreatortorun.pl\/wp-content\/uploads\/2021\/12\/voucher-czysty.jpg","contentUrl":"https:\/\/kreatortorun.pl\/wp-content\/uploads\/2021\/12\/voucher-czysty.jpg","width":872,"height":870,"caption":"bon podarunkowy na mundur"},{"@type":"BreadcrumbList","@id":"https:\/\/kreatortorun.pl\/produkt\/gift-card\/#breadcrumb","itemListElement":[{"@type":"ListItem","position":1,"name":"Strona g\u0142\u00f3wna","item":"https:\/\/kreatortorun.pl\/en\/"},{"@type":"ListItem","position":2,"name":"Shop","item":"https:\/\/kreatortorun.pl\/en\/shop\/"},{"@type":"ListItem","position":3,"name":"Voucher prezentowy"}]},{"@type":"WebSite","@id":"https:\/\/kreatortorun.pl\/#website","url":"https:\/\/kreatortorun.pl\/","name":"Kreator Toru\u0144","description":"Producent mundur\u00f3w, kombinezon\u00f3w i odzie\u017cy taktycznej","publisher":{"@id":"https:\/\/kreatortorun.pl\/#organization"},"potentialAction":[{"@type":"SearchAction","target":{"@type":"EntryPoint","urlTemplate":"https:\/\/kreatortorun.pl\/?s={search_term_string}"},"query-input":{"@type":"PropertyValueSpecification","valueRequired":true,"valueName":"search_term_string"}}],"inLanguage":"en-US"},{"@type":"Organization","@id":"https:\/\/kreatortorun.pl\/#organization","name":"Kreator Toru\u0144","url":"https:\/\/kreatortorun.pl\/","logo":{"@type":"ImageObject","inLanguage":"en-US","@id":"https:\/\/kreatortorun.pl\/#\/schema\/logo\/image\/","url":"https:\/\/kreatortorun.pl\/wp-content\/uploads\/2024\/02\/cropped-kreator-logo-favicon.png","contentUrl":"https:\/\/kreatortorun.pl\/wp-content\/uploads\/2024\/02\/cropped-kreator-logo-favicon.png","width":512,"height":512,"caption":"Kreator Toru\u0144"},"image":{"@id":"https:\/\/kreatortorun.pl\/#\/schema\/logo\/image\/"},"sameAs":["https:\/\/www.facebook.com\/torun.kreator","https:\/\/www.youtube.com\/@kreatortorun1862"]}]}},"_links":{"self":[{"href":"https:\/\/kreatortorun.pl\/en\/wp-json\/wp\/v2\/product\/3996","targetHints":{"allow":["GET"]}}],"collection":[{"href":"https:\/\/kreatortorun.pl\/en\/wp-json\/wp\/v2\/product"}],"about":[{"href":"https:\/\/kreatortorun.pl\/en\/wp-json\/wp\/v2\/types\/product"}],"wp:featuredmedia":[{"embeddable":true,"href":"https:\/\/kreatortorun.pl\/en\/wp-json\/wp\/v2\/media\/20856"}],"wp:attachment":[{"href":"https:\/\/kreatortorun.pl\/en\/wp-json\/wp\/v2\/media?parent=3996"}],"wp:term":[{"taxonomy":"product_brand","embeddable":true,"href":"https:\/\/kreatortorun.pl\/en\/wp-json\/wp\/v2\/product_brand?post=3996"},{"taxonomy":"product_cat","embeddable":true,"href":"https:\/\/kreatortorun.pl\/en\/wp-json\/wp\/v2\/product_cat?post=3996"},{"taxonomy":"product_tag","embeddable":true,"href":"https:\/\/kreatortorun.pl\/en\/wp-json\/wp\/v2\/product_tag?post=3996"}],"curies":[{"name":"wp","href":"https:\/\/api.w.org\/{rel}","templated":true}]}}