{"id":4090,"date":"2021-12-15T08:10:13","date_gmt":"2021-12-15T08:10:13","guid":{"rendered":"https:\/\/kreatortorun.pl\/?post_type=product&#038;p=4090"},"modified":"2025-12-03T11:38:19","modified_gmt":"2025-12-03T11:38:19","slug":"plaszcz-zimowy-psp","status":"publish","type":"product","link":"https:\/\/kreatortorun.pl\/en\/produkt\/plaszcz-zimowy-psp\/","title":{"rendered":"P\u0142aszcz sukienny PSP (nowy wz\u00f3r)"},"content":{"rendered":"<h1 style=\"text-align: justify;\">Zimowy p\u0142aszcz sukienny PSP nowy wz\u00f3r z 2025<\/h1>\n<p style=\"text-align: justify;\">Jako jedyni w Polsce szyjemy zimowy p\u0142aszcz sukienny PSP na podstawie przygotowanej przez nasz\u0105 firm\u0119 Kreator i zatwierdzonej przez KG PSP dokumentacji techniczno-technologicznej.<\/p>\n<p style=\"text-align: justify;\">P\u0142aszcz wchodzi w sk\u0142ad ubioru wyj\u015bciowego, kompani reprezentacyjnej i poczt\u00f3w sztandarowych funkcjonariuszy Pa\u0144stwowej Stra\u017cy Po\u017carnej i Ochotniczych Stra\u017cy Po\u017carnych.<\/p>\n<h2 style=\"text-align: justify;\">P\u0142aszcz we\u0142niany PSP<\/h2>\n<p style=\"text-align: justify;\">P\u0142aszcz wykonany jest z sukna p\u0142aszczowego (100% we\u0142ny) w kolorze ciemnogranatowym na podszewce wiskozowej w kolorze tkaniny zasadniczej. Kr\u00f3j dwurz\u0119dowy z wyk\u0142adanym ko\u0142nierzem i wy\u0142ogami, zapinany na 3 guziki p\u0142aszczowe i jeden guzik wewn\u0119trzny. Na ramionach p\u0142aszcza stra\u017cackiego umieszczone s\u0105 naramienniki wszyte w szew \u0142\u0105cz\u0105cy kraw\u0119dzie pachy z kul\u0105 r\u0119kawa. Naramienniki zapinane na guziki. Poni\u017cej linii pasa naszyte s\u0105 kieszenie z klapkami. Ty\u0142 p\u0142aszcza PSP w nowym typie ze szwem po\u015brodku zako\u0144czonym u do\u0142u otwartym rozporkiem. Z ty\u0142u p\u0142aszcza zimowego PSP w pasie przyszyte s\u0105 dwie patki z naszytymi dwoma guzikami. R\u0119kawy p\u0142aszcza dla kompanii reprezentacyjnej PSP i OSP s\u0105 g\u0142adkie.<\/p>\n<h2 style=\"text-align: justify;\">P\u0142aszcz PSP z we\u0142ny<\/h2>\n<p style=\"text-align: justify;\">Od wewn\u0105trz p\u0142aszcz dla kompani reprezentacyjnej i poczt\u00f3w sztandarowych PSP i OSP wyko\u0144czony jest podszewk\u0105 wiskozow\u0105 w kolorze tkaniny zasadniczej. W g\u00f3rnej cz\u0119\u015bci lewego przodu podszewki wykonana jest zapinana kiesze\u0144 wewn\u0119trzna z podszewki, wyko\u0144czona tkanin\u0105 zasadnicz\u0105.<\/p>\n<p style=\"text-align: justify;\">Tkanina zasadnicza p\u0142aszcza stra\u017cackiego: we\u0142na 100%.<\/p>\n","protected":false},"excerpt":{"rendered":"<p>P\u0142aszcz sukienny m\u0119ski PSP (p\u0142aszcz zimowy PSP) jest zgodny z:<\/p>\n<ul>\n<li>Rozporz\u0105dzeniem Ministra Spraw Wewn\u0119trznych i Administracji z dnia 29 wrze\u015bnia 2021 r. w sprawie umundurowania stra\u017cak\u00f3w PSP,<\/li>\n<li>dokumentacj\u0105 techniczno-technologiczn\u0105 KG PSP &#8211; NOWY WZ\u00d3R z 2025 r.<\/li>\n<\/ul>\n<p>P\u0142aszcz dedykowany kompani reprezentacyjnej i pocztom sztandarowym PSP i OSP.<\/p>\n<p>&nbsp;<\/p>\n<p style=\"text-align: justify;\">Aby zam\u00f3wi\u0107 zadzwo\u0144: <strong><span style=\"color: #d83131;\"><a href=\"tel: +48604117337\">+48 604 117 337<\/a><\/span><\/strong><\/p>\n<p style=\"text-align: justify;\">lub <a href=\"mailto:j.dabrowski@kreatortorun.pl\" class=\"button alert is-alert is-medium\" >\n\t\t<span>ZAPYTAJ<\/span>\n\t<\/a>\n\n<p style=\"text-align: justify;\">Produkt na zam\u00f3wienie specjalne.<\/p>\n","protected":false},"featured_media":4093,"template":"","meta":[],"product_brand":[],"product_cat":[172],"product_tag":[171,215],"class_list":{"0":"post-4090","1":"product","2":"type-product","3":"status-publish","4":"has-post-thumbnail","6":"product_cat-umundurowanie-m-psp","7":"product_tag-psp","8":"product_tag-tabelowe","9":"product_shipping_class-dpd","11":"first","12":"onbackorder","13":"taxable","14":"shipping-taxable","15":"product-type-simple"},"yoast_head":"<!-- This site is optimized with the Yoast SEO plugin v27.3 - https:\/\/yoast.com\/product\/yoast-seo-wordpress\/ -->\n<title>P\u0142aszcz sukienny PSP (nowy wz\u00f3r) - Kreator Toru\u0144<\/title>\n<meta name=\"description\" content=\"We\u0142niany p\u0142aszcz sukienny PSP \u2013 reprezentacyjny p\u0142aszcz PSP nowy wz\u00f3r w wersji zimowej. Oficjalny p\u0142aszcz reprezentacyjny PSP zgodny z wymaganiami KG PSP.\" \/>\n<meta name=\"robots\" content=\"index, follow, max-snippet:-1, max-image-preview:large, max-video-preview:-1\" \/>\n<link rel=\"canonical\" href=\"https:\/\/kreatortorun.pl\/produkt\/plaszcz-zimowy-psp\/\" \/>\n<meta property=\"og:locale\" content=\"en_US\" \/>\n<meta property=\"og:type\" content=\"article\" \/>\n<meta property=\"og:title\" content=\"P\u0142aszcz sukienny PSP (nowy wz\u00f3r) - Kreator Toru\u0144\" \/>\n<meta property=\"og:description\" content=\"We\u0142niany p\u0142aszcz sukienny PSP \u2013 reprezentacyjny p\u0142aszcz PSP nowy wz\u00f3r w wersji zimowej. Oficjalny p\u0142aszcz reprezentacyjny PSP zgodny z wymaganiami KG PSP.\" \/>\n<meta property=\"og:url\" content=\"https:\/\/kreatortorun.pl\/produkt\/plaszcz-zimowy-psp\/\" \/>\n<meta property=\"og:site_name\" content=\"Kreator Toru\u0144\" \/>\n<meta property=\"article:publisher\" content=\"https:\/\/www.facebook.com\/torun.kreator\" \/>\n<meta property=\"article:modified_time\" content=\"2025-12-03T11:38:19+00:00\" \/>\n<meta property=\"og:image\" content=\"https:\/\/kreatortorun.pl\/wp-content\/uploads\/2021\/12\/plaszcz-zimowy-PSPa.jpg\" \/>\n\t<meta property=\"og:image:width\" content=\"1200\" \/>\n\t<meta property=\"og:image:height\" content=\"1200\" \/>\n\t<meta property=\"og:image:type\" content=\"image\/jpeg\" \/>\n<meta name=\"twitter:card\" content=\"summary_large_image\" \/>\n<meta name=\"twitter:label1\" content=\"Est. reading time\" \/>\n\t<meta name=\"twitter:data1\" content=\"2 minutes\" \/>\n<script type=\"application\/ld+json\" class=\"yoast-schema-graph\">{\"@context\":\"https:\\\/\\\/schema.org\",\"@graph\":[{\"@type\":\"WebPage\",\"@id\":\"https:\\\/\\\/kreatortorun.pl\\\/produkt\\\/plaszcz-zimowy-psp\\\/\",\"url\":\"https:\\\/\\\/kreatortorun.pl\\\/produkt\\\/plaszcz-zimowy-psp\\\/\",\"name\":\"P\u0142aszcz sukienny PSP (nowy wz\u00f3r) - Kreator Toru\u0144\",\"isPartOf\":{\"@id\":\"https:\\\/\\\/kreatortorun.pl\\\/#website\"},\"primaryImageOfPage\":{\"@id\":\"https:\\\/\\\/kreatortorun.pl\\\/produkt\\\/plaszcz-zimowy-psp\\\/#primaryimage\"},\"image\":{\"@id\":\"https:\\\/\\\/kreatortorun.pl\\\/produkt\\\/plaszcz-zimowy-psp\\\/#primaryimage\"},\"thumbnailUrl\":\"https:\\\/\\\/kreatortorun.pl\\\/wp-content\\\/uploads\\\/2021\\\/12\\\/plaszcz-zimowy-PSPa.jpg\",\"datePublished\":\"2021-12-15T08:10:13+00:00\",\"dateModified\":\"2025-12-03T11:38:19+00:00\",\"description\":\"We\u0142niany p\u0142aszcz sukienny PSP \u2013 reprezentacyjny p\u0142aszcz PSP nowy wz\u00f3r w wersji zimowej. Oficjalny p\u0142aszcz reprezentacyjny PSP zgodny z wymaganiami KG PSP.\",\"breadcrumb\":{\"@id\":\"https:\\\/\\\/kreatortorun.pl\\\/produkt\\\/plaszcz-zimowy-psp\\\/#breadcrumb\"},\"inLanguage\":\"en-US\",\"potentialAction\":[{\"@type\":\"ReadAction\",\"target\":[\"https:\\\/\\\/kreatortorun.pl\\\/produkt\\\/plaszcz-zimowy-psp\\\/\"]}]},{\"@type\":\"ImageObject\",\"inLanguage\":\"en-US\",\"@id\":\"https:\\\/\\\/kreatortorun.pl\\\/produkt\\\/plaszcz-zimowy-psp\\\/#primaryimage\",\"url\":\"https:\\\/\\\/kreatortorun.pl\\\/wp-content\\\/uploads\\\/2021\\\/12\\\/plaszcz-zimowy-PSPa.jpg\",\"contentUrl\":\"https:\\\/\\\/kreatortorun.pl\\\/wp-content\\\/uploads\\\/2021\\\/12\\\/plaszcz-zimowy-PSPa.jpg\",\"width\":1200,\"height\":1200},{\"@type\":\"BreadcrumbList\",\"@id\":\"https:\\\/\\\/kreatortorun.pl\\\/produkt\\\/plaszcz-zimowy-psp\\\/#breadcrumb\",\"itemListElement\":[{\"@type\":\"ListItem\",\"position\":1,\"name\":\"Strona g\u0142\u00f3wna\",\"item\":\"https:\\\/\\\/kreatortorun.pl\\\/en\\\/\"},{\"@type\":\"ListItem\",\"position\":2,\"name\":\"Shop\",\"item\":\"https:\\\/\\\/kreatortorun.pl\\\/en\\\/shop\\\/\"},{\"@type\":\"ListItem\",\"position\":3,\"name\":\"P\u0142aszcz sukienny PSP (nowy wz\u00f3r)\"}]},{\"@type\":\"WebSite\",\"@id\":\"https:\\\/\\\/kreatortorun.pl\\\/#website\",\"url\":\"https:\\\/\\\/kreatortorun.pl\\\/\",\"name\":\"Kreator Toru\u0144\",\"description\":\"Producent mundur\u00f3w, kombinezon\u00f3w i odzie\u017cy taktycznej\",\"publisher\":{\"@id\":\"https:\\\/\\\/kreatortorun.pl\\\/#organization\"},\"potentialAction\":[{\"@type\":\"SearchAction\",\"target\":{\"@type\":\"EntryPoint\",\"urlTemplate\":\"https:\\\/\\\/kreatortorun.pl\\\/?s={search_term_string}\"},\"query-input\":{\"@type\":\"PropertyValueSpecification\",\"valueRequired\":true,\"valueName\":\"search_term_string\"}}],\"inLanguage\":\"en-US\"},{\"@type\":\"Organization\",\"@id\":\"https:\\\/\\\/kreatortorun.pl\\\/#organization\",\"name\":\"Kreator Toru\u0144\",\"url\":\"https:\\\/\\\/kreatortorun.pl\\\/\",\"logo\":{\"@type\":\"ImageObject\",\"inLanguage\":\"en-US\",\"@id\":\"https:\\\/\\\/kreatortorun.pl\\\/#\\\/schema\\\/logo\\\/image\\\/\",\"url\":\"https:\\\/\\\/kreatortorun.pl\\\/wp-content\\\/uploads\\\/2024\\\/02\\\/cropped-kreator-logo-favicon.png\",\"contentUrl\":\"https:\\\/\\\/kreatortorun.pl\\\/wp-content\\\/uploads\\\/2024\\\/02\\\/cropped-kreator-logo-favicon.png\",\"width\":512,\"height\":512,\"caption\":\"Kreator Toru\u0144\"},\"image\":{\"@id\":\"https:\\\/\\\/kreatortorun.pl\\\/#\\\/schema\\\/logo\\\/image\\\/\"},\"sameAs\":[\"https:\\\/\\\/www.facebook.com\\\/torun.kreator\",\"https:\\\/\\\/www.youtube.com\\\/@kreatortorun1862\"]}]}<\/script>\n<!-- \/ Yoast SEO plugin. -->","yoast_head_json":{"title":"P\u0142aszcz sukienny PSP (nowy wz\u00f3r) - Kreator Toru\u0144","description":"We\u0142niany p\u0142aszcz sukienny PSP \u2013 reprezentacyjny p\u0142aszcz PSP nowy wz\u00f3r w wersji zimowej. Oficjalny p\u0142aszcz reprezentacyjny PSP zgodny z wymaganiami KG PSP.","robots":{"index":"index","follow":"follow","max-snippet":"max-snippet:-1","max-image-preview":"max-image-preview:large","max-video-preview":"max-video-preview:-1"},"canonical":"https:\/\/kreatortorun.pl\/produkt\/plaszcz-zimowy-psp\/","og_locale":"en_US","og_type":"article","og_title":"P\u0142aszcz sukienny PSP (nowy wz\u00f3r) - Kreator Toru\u0144","og_description":"We\u0142niany p\u0142aszcz sukienny PSP \u2013 reprezentacyjny p\u0142aszcz PSP nowy wz\u00f3r w wersji zimowej. Oficjalny p\u0142aszcz reprezentacyjny PSP zgodny z wymaganiami KG PSP.","og_url":"https:\/\/kreatortorun.pl\/produkt\/plaszcz-zimowy-psp\/","og_site_name":"Kreator Toru\u0144","article_publisher":"https:\/\/www.facebook.com\/torun.kreator","article_modified_time":"2025-12-03T11:38:19+00:00","og_image":[{"width":1200,"height":1200,"url":"https:\/\/kreatortorun.pl\/wp-content\/uploads\/2021\/12\/plaszcz-zimowy-PSPa.jpg","type":"image\/jpeg"}],"twitter_card":"summary_large_image","twitter_misc":{"Est. reading time":"2 minutes"},"schema":{"@context":"https:\/\/schema.org","@graph":[{"@type":"WebPage","@id":"https:\/\/kreatortorun.pl\/produkt\/plaszcz-zimowy-psp\/","url":"https:\/\/kreatortorun.pl\/produkt\/plaszcz-zimowy-psp\/","name":"P\u0142aszcz sukienny PSP (nowy wz\u00f3r) - Kreator Toru\u0144","isPartOf":{"@id":"https:\/\/kreatortorun.pl\/#website"},"primaryImageOfPage":{"@id":"https:\/\/kreatortorun.pl\/produkt\/plaszcz-zimowy-psp\/#primaryimage"},"image":{"@id":"https:\/\/kreatortorun.pl\/produkt\/plaszcz-zimowy-psp\/#primaryimage"},"thumbnailUrl":"https:\/\/kreatortorun.pl\/wp-content\/uploads\/2021\/12\/plaszcz-zimowy-PSPa.jpg","datePublished":"2021-12-15T08:10:13+00:00","dateModified":"2025-12-03T11:38:19+00:00","description":"We\u0142niany p\u0142aszcz sukienny PSP \u2013 reprezentacyjny p\u0142aszcz PSP nowy wz\u00f3r w wersji zimowej. Oficjalny p\u0142aszcz reprezentacyjny PSP zgodny z wymaganiami KG PSP.","breadcrumb":{"@id":"https:\/\/kreatortorun.pl\/produkt\/plaszcz-zimowy-psp\/#breadcrumb"},"inLanguage":"en-US","potentialAction":[{"@type":"ReadAction","target":["https:\/\/kreatortorun.pl\/produkt\/plaszcz-zimowy-psp\/"]}]},{"@type":"ImageObject","inLanguage":"en-US","@id":"https:\/\/kreatortorun.pl\/produkt\/plaszcz-zimowy-psp\/#primaryimage","url":"https:\/\/kreatortorun.pl\/wp-content\/uploads\/2021\/12\/plaszcz-zimowy-PSPa.jpg","contentUrl":"https:\/\/kreatortorun.pl\/wp-content\/uploads\/2021\/12\/plaszcz-zimowy-PSPa.jpg","width":1200,"height":1200},{"@type":"BreadcrumbList","@id":"https:\/\/kreatortorun.pl\/produkt\/plaszcz-zimowy-psp\/#breadcrumb","itemListElement":[{"@type":"ListItem","position":1,"name":"Strona g\u0142\u00f3wna","item":"https:\/\/kreatortorun.pl\/en\/"},{"@type":"ListItem","position":2,"name":"Shop","item":"https:\/\/kreatortorun.pl\/en\/shop\/"},{"@type":"ListItem","position":3,"name":"P\u0142aszcz sukienny PSP (nowy wz\u00f3r)"}]},{"@type":"WebSite","@id":"https:\/\/kreatortorun.pl\/#website","url":"https:\/\/kreatortorun.pl\/","name":"Kreator Toru\u0144","description":"Producent mundur\u00f3w, kombinezon\u00f3w i odzie\u017cy taktycznej","publisher":{"@id":"https:\/\/kreatortorun.pl\/#organization"},"potentialAction":[{"@type":"SearchAction","target":{"@type":"EntryPoint","urlTemplate":"https:\/\/kreatortorun.pl\/?s={search_term_string}"},"query-input":{"@type":"PropertyValueSpecification","valueRequired":true,"valueName":"search_term_string"}}],"inLanguage":"en-US"},{"@type":"Organization","@id":"https:\/\/kreatortorun.pl\/#organization","name":"Kreator Toru\u0144","url":"https:\/\/kreatortorun.pl\/","logo":{"@type":"ImageObject","inLanguage":"en-US","@id":"https:\/\/kreatortorun.pl\/#\/schema\/logo\/image\/","url":"https:\/\/kreatortorun.pl\/wp-content\/uploads\/2024\/02\/cropped-kreator-logo-favicon.png","contentUrl":"https:\/\/kreatortorun.pl\/wp-content\/uploads\/2024\/02\/cropped-kreator-logo-favicon.png","width":512,"height":512,"caption":"Kreator Toru\u0144"},"image":{"@id":"https:\/\/kreatortorun.pl\/#\/schema\/logo\/image\/"},"sameAs":["https:\/\/www.facebook.com\/torun.kreator","https:\/\/www.youtube.com\/@kreatortorun1862"]}]}},"_links":{"self":[{"href":"https:\/\/kreatortorun.pl\/en\/wp-json\/wp\/v2\/product\/4090","targetHints":{"allow":["GET"]}}],"collection":[{"href":"https:\/\/kreatortorun.pl\/en\/wp-json\/wp\/v2\/product"}],"about":[{"href":"https:\/\/kreatortorun.pl\/en\/wp-json\/wp\/v2\/types\/product"}],"wp:featuredmedia":[{"embeddable":true,"href":"https:\/\/kreatortorun.pl\/en\/wp-json\/wp\/v2\/media\/4093"}],"wp:attachment":[{"href":"https:\/\/kreatortorun.pl\/en\/wp-json\/wp\/v2\/media?parent=4090"}],"wp:term":[{"taxonomy":"product_brand","embeddable":true,"href":"https:\/\/kreatortorun.pl\/en\/wp-json\/wp\/v2\/product_brand?post=4090"},{"taxonomy":"product_cat","embeddable":true,"href":"https:\/\/kreatortorun.pl\/en\/wp-json\/wp\/v2\/product_cat?post=4090"},{"taxonomy":"product_tag","embeddable":true,"href":"https:\/\/kreatortorun.pl\/en\/wp-json\/wp\/v2\/product_tag?post=4090"}],"curies":[{"name":"wp","href":"https:\/\/api.w.org\/{rel}","templated":true}]}}