{"id":4162,"date":"2021-12-19T23:23:10","date_gmt":"2021-12-19T23:23:10","guid":{"rendered":"https:\/\/kreatortorun.pl\/?post_type=product&#038;p=4162"},"modified":"2026-04-21T17:08:42","modified_gmt":"2026-04-21T17:08:42","slug":"rekawiczki-zimowe-kolor-czarny-wzor-964","status":"publish","type":"product","link":"https:\/\/kreatortorun.pl\/en\/produkt\/rekawiczki-zimowe-kolor-czarny-wzor-964\/","title":{"rendered":"R\u0119kawiczki zimowe kolor czarny wz\u00f3r 964\/MON"},"content":{"rendered":"<h1 style=\"text-align: justify;\">R\u0119kawiczki oficerskie zimowe<\/h1>\n<p style=\"text-align: justify;\">To tradycyjne r\u0119kawice 5-palcowe w kolorze czarnym wykonane z wysokiej jako\u015bci sk\u00f3ry, z ociepleniem.<br \/>\nDzi\u0119ki gumce wszytej w spodni\u0105 stron\u0119 nadgarstka r\u0119kawice bardzo dobrze dopasowuj\u0105 si\u0119 do kszta\u0142tu d\u0142oni, zapewniaj\u0105c wysoki komfort noszenia i pracy.<br \/>\nZar\u00f3wno cz\u0119\u015b\u0107 wierzchnia, jak i chwytna wykonane s\u0105 z naturalnej sk\u00f3ry bydl\u0119cej.<br \/>\nNa wierzchniej stronie znajduje si\u0119 maszynowy haft ozdobny w postaci 3 &#8220;netek&#8221; maszynowych.<\/p>\n<h2 style=\"text-align: justify;\">Sk\u00f3rzane wojskowe r\u0119kawiczki zimowe<\/h2>\n<p style=\"text-align: justify;\">R\u0119kawiczki 964\/MON zapewniaj\u0105 dobry chwyt, nie ograniczaj\u0105 ruch\u00f3w i nie utrudniaj\u0105 wykonywania obowi\u0105zk\u00f3w.<br \/>\nZosta\u0142y zaprojektowane z uwzgl\u0119dnieniem specyfiki wykorzystania przez funkcjonariuszy s\u0142u\u017cb mundurowych &#8211; zar\u00f3wno dla m\u0119\u017cczyzn, jak i kobiet.<\/p>\n<p style=\"text-align: justify;\">Aby dobra\u0107 odpowiedni rozmiar r\u0119kawiczek nale\u017cy zmierzy\u0107 obw\u00f3d d\u0142oni (bez kciuka) w najszerszym miejscu (na wysoko\u015bci kostek).<br \/>\nRozmiary: 20 (XS), 21 (S), 22 (M), 23 (L), 24 (XL), 25 (XXL).<\/p>\n","protected":false},"excerpt":{"rendered":"<p>R\u0119kawiczki sk\u00f3rzane zimowe zgodne z dokumentacj\u0105 WDTT.<\/p>\n","protected":false},"featured_media":5383,"template":"","meta":[],"product_brand":[],"product_cat":[111,147,219,151,155,174,140,148,152,156],"product_tag":[165,88,171,89,190,217],"class_list":{"0":"post-4162","1":"product","2":"type-product","3":"status-publish","4":"has-post-thumbnail","6":"product_cat-akcesoria-meskie-wl","7":"product_cat-akcesoria-meskie","8":"product_cat-akcesoria-m-wopr","9":"product_cat-akcesoria-meskie-marynarka-wojenna","10":"product_cat-akcesoria-meskie-policja","11":"product_cat-akcesoria-meskie-2","12":"product_cat-akcesoria-damskie-wl","13":"product_cat-akcesoria-damskie","14":"product_cat-akcesoria-damskie-marynarka-wojenna","15":"product_cat-akcesoria-damskie-policja","16":"product_tag-mw","17":"product_tag-wl","18":"product_tag-psp","19":"product_tag-sp","20":"product_tag-pol","21":"product_tag-wopr","23":"first","24":"instock","25":"taxable","26":"shipping-taxable","27":"purchasable","28":"product-type-variable"},"yoast_head":"<!-- This site is optimized with the Yoast SEO plugin v27.3 - https:\/\/yoast.com\/product\/yoast-seo-wordpress\/ -->\n<title>R\u0119kawiczki zimowe kolor czarny wz\u00f3r 964\/MON - Kreator Toru\u0144<\/title>\n<meta name=\"description\" content=\"R\u0119kawiczki sk\u00f3rzane zimowe do p\u0142aszcza i munduru.\" \/>\n<meta name=\"robots\" content=\"index, follow, max-snippet:-1, max-image-preview:large, max-video-preview:-1\" \/>\n<link rel=\"canonical\" href=\"https:\/\/kreatortorun.pl\/produkt\/rekawiczki-zimowe-kolor-czarny-wzor-964\/\" \/>\n<meta property=\"og:locale\" content=\"en_US\" \/>\n<meta property=\"og:type\" content=\"article\" \/>\n<meta property=\"og:title\" content=\"R\u0119kawiczki zimowe kolor czarny wz\u00f3r 964\/MON - Kreator Toru\u0144\" \/>\n<meta property=\"og:description\" content=\"R\u0119kawiczki sk\u00f3rzane zimowe do p\u0142aszcza i munduru.\" \/>\n<meta property=\"og:url\" content=\"https:\/\/kreatortorun.pl\/produkt\/rekawiczki-zimowe-kolor-czarny-wzor-964\/\" \/>\n<meta property=\"og:site_name\" content=\"Kreator Toru\u0144\" \/>\n<meta property=\"article:publisher\" content=\"https:\/\/www.facebook.com\/torun.kreator\" \/>\n<meta property=\"article:modified_time\" content=\"2026-04-21T17:08:42+00:00\" \/>\n<meta property=\"og:image\" content=\"https:\/\/kreatortorun.pl\/wp-content\/uploads\/2021\/12\/PARE.PL-rekawice-7520.jpg\" \/>\n\t<meta property=\"og:image:width\" content=\"1200\" \/>\n\t<meta property=\"og:image:height\" content=\"1200\" \/>\n\t<meta property=\"og:image:type\" content=\"image\/jpeg\" \/>\n<meta name=\"twitter:card\" content=\"summary_large_image\" \/>\n<meta name=\"twitter:label1\" content=\"Est. reading time\" \/>\n\t<meta name=\"twitter:data1\" content=\"1 minute\" \/>\n<script type=\"application\/ld+json\" class=\"yoast-schema-graph\">{\"@context\":\"https:\\\/\\\/schema.org\",\"@graph\":[{\"@type\":\"WebPage\",\"@id\":\"https:\\\/\\\/kreatortorun.pl\\\/produkt\\\/rekawiczki-zimowe-kolor-czarny-wzor-964\\\/\",\"url\":\"https:\\\/\\\/kreatortorun.pl\\\/produkt\\\/rekawiczki-zimowe-kolor-czarny-wzor-964\\\/\",\"name\":\"R\u0119kawiczki zimowe kolor czarny wz\u00f3r 964\\\/MON - Kreator Toru\u0144\",\"isPartOf\":{\"@id\":\"https:\\\/\\\/kreatortorun.pl\\\/#website\"},\"primaryImageOfPage\":{\"@id\":\"https:\\\/\\\/kreatortorun.pl\\\/produkt\\\/rekawiczki-zimowe-kolor-czarny-wzor-964\\\/#primaryimage\"},\"image\":{\"@id\":\"https:\\\/\\\/kreatortorun.pl\\\/produkt\\\/rekawiczki-zimowe-kolor-czarny-wzor-964\\\/#primaryimage\"},\"thumbnailUrl\":\"https:\\\/\\\/kreatortorun.pl\\\/wp-content\\\/uploads\\\/2021\\\/12\\\/PARE.PL-rekawice-7520.jpg\",\"datePublished\":\"2021-12-19T23:23:10+00:00\",\"dateModified\":\"2026-04-21T17:08:42+00:00\",\"description\":\"R\u0119kawiczki sk\u00f3rzane zimowe do p\u0142aszcza i munduru.\",\"breadcrumb\":{\"@id\":\"https:\\\/\\\/kreatortorun.pl\\\/produkt\\\/rekawiczki-zimowe-kolor-czarny-wzor-964\\\/#breadcrumb\"},\"inLanguage\":\"en-US\",\"potentialAction\":[{\"@type\":\"ReadAction\",\"target\":[\"https:\\\/\\\/kreatortorun.pl\\\/produkt\\\/rekawiczki-zimowe-kolor-czarny-wzor-964\\\/\"]}]},{\"@type\":\"ImageObject\",\"inLanguage\":\"en-US\",\"@id\":\"https:\\\/\\\/kreatortorun.pl\\\/produkt\\\/rekawiczki-zimowe-kolor-czarny-wzor-964\\\/#primaryimage\",\"url\":\"https:\\\/\\\/kreatortorun.pl\\\/wp-content\\\/uploads\\\/2021\\\/12\\\/PARE.PL-rekawice-7520.jpg\",\"contentUrl\":\"https:\\\/\\\/kreatortorun.pl\\\/wp-content\\\/uploads\\\/2021\\\/12\\\/PARE.PL-rekawice-7520.jpg\",\"width\":1200,\"height\":1200},{\"@type\":\"BreadcrumbList\",\"@id\":\"https:\\\/\\\/kreatortorun.pl\\\/produkt\\\/rekawiczki-zimowe-kolor-czarny-wzor-964\\\/#breadcrumb\",\"itemListElement\":[{\"@type\":\"ListItem\",\"position\":1,\"name\":\"Strona g\u0142\u00f3wna\",\"item\":\"https:\\\/\\\/kreatortorun.pl\\\/en\\\/\"},{\"@type\":\"ListItem\",\"position\":2,\"name\":\"Shop\",\"item\":\"https:\\\/\\\/kreatortorun.pl\\\/en\\\/shop\\\/\"},{\"@type\":\"ListItem\",\"position\":3,\"name\":\"R\u0119kawiczki zimowe kolor czarny wz\u00f3r 964\\\/MON\"}]},{\"@type\":\"WebSite\",\"@id\":\"https:\\\/\\\/kreatortorun.pl\\\/#website\",\"url\":\"https:\\\/\\\/kreatortorun.pl\\\/\",\"name\":\"Kreator Toru\u0144\",\"description\":\"Producent mundur\u00f3w, kombinezon\u00f3w i odzie\u017cy taktycznej\",\"publisher\":{\"@id\":\"https:\\\/\\\/kreatortorun.pl\\\/#organization\"},\"potentialAction\":[{\"@type\":\"SearchAction\",\"target\":{\"@type\":\"EntryPoint\",\"urlTemplate\":\"https:\\\/\\\/kreatortorun.pl\\\/?s={search_term_string}\"},\"query-input\":{\"@type\":\"PropertyValueSpecification\",\"valueRequired\":true,\"valueName\":\"search_term_string\"}}],\"inLanguage\":\"en-US\"},{\"@type\":\"Organization\",\"@id\":\"https:\\\/\\\/kreatortorun.pl\\\/#organization\",\"name\":\"Kreator Toru\u0144\",\"url\":\"https:\\\/\\\/kreatortorun.pl\\\/\",\"logo\":{\"@type\":\"ImageObject\",\"inLanguage\":\"en-US\",\"@id\":\"https:\\\/\\\/kreatortorun.pl\\\/#\\\/schema\\\/logo\\\/image\\\/\",\"url\":\"https:\\\/\\\/kreatortorun.pl\\\/wp-content\\\/uploads\\\/2024\\\/02\\\/cropped-kreator-logo-favicon.png\",\"contentUrl\":\"https:\\\/\\\/kreatortorun.pl\\\/wp-content\\\/uploads\\\/2024\\\/02\\\/cropped-kreator-logo-favicon.png\",\"width\":512,\"height\":512,\"caption\":\"Kreator Toru\u0144\"},\"image\":{\"@id\":\"https:\\\/\\\/kreatortorun.pl\\\/#\\\/schema\\\/logo\\\/image\\\/\"},\"sameAs\":[\"https:\\\/\\\/www.facebook.com\\\/torun.kreator\",\"https:\\\/\\\/www.youtube.com\\\/@kreatortorun1862\"]}]}<\/script>\n<!-- \/ Yoast SEO plugin. -->","yoast_head_json":{"title":"R\u0119kawiczki zimowe kolor czarny wz\u00f3r 964\/MON - Kreator Toru\u0144","description":"R\u0119kawiczki sk\u00f3rzane zimowe do p\u0142aszcza i munduru.","robots":{"index":"index","follow":"follow","max-snippet":"max-snippet:-1","max-image-preview":"max-image-preview:large","max-video-preview":"max-video-preview:-1"},"canonical":"https:\/\/kreatortorun.pl\/produkt\/rekawiczki-zimowe-kolor-czarny-wzor-964\/","og_locale":"en_US","og_type":"article","og_title":"R\u0119kawiczki zimowe kolor czarny wz\u00f3r 964\/MON - Kreator Toru\u0144","og_description":"R\u0119kawiczki sk\u00f3rzane zimowe do p\u0142aszcza i munduru.","og_url":"https:\/\/kreatortorun.pl\/produkt\/rekawiczki-zimowe-kolor-czarny-wzor-964\/","og_site_name":"Kreator Toru\u0144","article_publisher":"https:\/\/www.facebook.com\/torun.kreator","article_modified_time":"2026-04-21T17:08:42+00:00","og_image":[{"width":1200,"height":1200,"url":"https:\/\/kreatortorun.pl\/wp-content\/uploads\/2021\/12\/PARE.PL-rekawice-7520.jpg","type":"image\/jpeg"}],"twitter_card":"summary_large_image","twitter_misc":{"Est. reading time":"1 minute"},"schema":{"@context":"https:\/\/schema.org","@graph":[{"@type":"WebPage","@id":"https:\/\/kreatortorun.pl\/produkt\/rekawiczki-zimowe-kolor-czarny-wzor-964\/","url":"https:\/\/kreatortorun.pl\/produkt\/rekawiczki-zimowe-kolor-czarny-wzor-964\/","name":"R\u0119kawiczki zimowe kolor czarny wz\u00f3r 964\/MON - Kreator Toru\u0144","isPartOf":{"@id":"https:\/\/kreatortorun.pl\/#website"},"primaryImageOfPage":{"@id":"https:\/\/kreatortorun.pl\/produkt\/rekawiczki-zimowe-kolor-czarny-wzor-964\/#primaryimage"},"image":{"@id":"https:\/\/kreatortorun.pl\/produkt\/rekawiczki-zimowe-kolor-czarny-wzor-964\/#primaryimage"},"thumbnailUrl":"https:\/\/kreatortorun.pl\/wp-content\/uploads\/2021\/12\/PARE.PL-rekawice-7520.jpg","datePublished":"2021-12-19T23:23:10+00:00","dateModified":"2026-04-21T17:08:42+00:00","description":"R\u0119kawiczki sk\u00f3rzane zimowe do p\u0142aszcza i munduru.","breadcrumb":{"@id":"https:\/\/kreatortorun.pl\/produkt\/rekawiczki-zimowe-kolor-czarny-wzor-964\/#breadcrumb"},"inLanguage":"en-US","potentialAction":[{"@type":"ReadAction","target":["https:\/\/kreatortorun.pl\/produkt\/rekawiczki-zimowe-kolor-czarny-wzor-964\/"]}]},{"@type":"ImageObject","inLanguage":"en-US","@id":"https:\/\/kreatortorun.pl\/produkt\/rekawiczki-zimowe-kolor-czarny-wzor-964\/#primaryimage","url":"https:\/\/kreatortorun.pl\/wp-content\/uploads\/2021\/12\/PARE.PL-rekawice-7520.jpg","contentUrl":"https:\/\/kreatortorun.pl\/wp-content\/uploads\/2021\/12\/PARE.PL-rekawice-7520.jpg","width":1200,"height":1200},{"@type":"BreadcrumbList","@id":"https:\/\/kreatortorun.pl\/produkt\/rekawiczki-zimowe-kolor-czarny-wzor-964\/#breadcrumb","itemListElement":[{"@type":"ListItem","position":1,"name":"Strona g\u0142\u00f3wna","item":"https:\/\/kreatortorun.pl\/en\/"},{"@type":"ListItem","position":2,"name":"Shop","item":"https:\/\/kreatortorun.pl\/en\/shop\/"},{"@type":"ListItem","position":3,"name":"R\u0119kawiczki zimowe kolor czarny wz\u00f3r 964\/MON"}]},{"@type":"WebSite","@id":"https:\/\/kreatortorun.pl\/#website","url":"https:\/\/kreatortorun.pl\/","name":"Kreator Toru\u0144","description":"Producent mundur\u00f3w, kombinezon\u00f3w i odzie\u017cy taktycznej","publisher":{"@id":"https:\/\/kreatortorun.pl\/#organization"},"potentialAction":[{"@type":"SearchAction","target":{"@type":"EntryPoint","urlTemplate":"https:\/\/kreatortorun.pl\/?s={search_term_string}"},"query-input":{"@type":"PropertyValueSpecification","valueRequired":true,"valueName":"search_term_string"}}],"inLanguage":"en-US"},{"@type":"Organization","@id":"https:\/\/kreatortorun.pl\/#organization","name":"Kreator Toru\u0144","url":"https:\/\/kreatortorun.pl\/","logo":{"@type":"ImageObject","inLanguage":"en-US","@id":"https:\/\/kreatortorun.pl\/#\/schema\/logo\/image\/","url":"https:\/\/kreatortorun.pl\/wp-content\/uploads\/2024\/02\/cropped-kreator-logo-favicon.png","contentUrl":"https:\/\/kreatortorun.pl\/wp-content\/uploads\/2024\/02\/cropped-kreator-logo-favicon.png","width":512,"height":512,"caption":"Kreator Toru\u0144"},"image":{"@id":"https:\/\/kreatortorun.pl\/#\/schema\/logo\/image\/"},"sameAs":["https:\/\/www.facebook.com\/torun.kreator","https:\/\/www.youtube.com\/@kreatortorun1862"]}]}},"_links":{"self":[{"href":"https:\/\/kreatortorun.pl\/en\/wp-json\/wp\/v2\/product\/4162","targetHints":{"allow":["GET"]}}],"collection":[{"href":"https:\/\/kreatortorun.pl\/en\/wp-json\/wp\/v2\/product"}],"about":[{"href":"https:\/\/kreatortorun.pl\/en\/wp-json\/wp\/v2\/types\/product"}],"wp:featuredmedia":[{"embeddable":true,"href":"https:\/\/kreatortorun.pl\/en\/wp-json\/wp\/v2\/media\/5383"}],"wp:attachment":[{"href":"https:\/\/kreatortorun.pl\/en\/wp-json\/wp\/v2\/media?parent=4162"}],"wp:term":[{"taxonomy":"product_brand","embeddable":true,"href":"https:\/\/kreatortorun.pl\/en\/wp-json\/wp\/v2\/product_brand?post=4162"},{"taxonomy":"product_cat","embeddable":true,"href":"https:\/\/kreatortorun.pl\/en\/wp-json\/wp\/v2\/product_cat?post=4162"},{"taxonomy":"product_tag","embeddable":true,"href":"https:\/\/kreatortorun.pl\/en\/wp-json\/wp\/v2\/product_tag?post=4162"}],"curies":[{"name":"wp","href":"https:\/\/api.w.org\/{rel}","templated":true}]}}