{"id":4177,"date":"2021-12-20T09:35:57","date_gmt":"2021-12-20T09:35:57","guid":{"rendered":"https:\/\/kreatortorun.pl\/?post_type=product&#038;p=4177"},"modified":"2026-04-27T14:36:05","modified_gmt":"2026-04-27T14:36:05","slug":"oznaka-przynaleznosci-panstwowej","status":"publish","type":"product","link":"https:\/\/kreatortorun.pl\/en\/produkt\/oznaka-przynaleznosci-panstwowej\/","title":{"rendered":"Oznaka przynale\u017cno\u015bci pa\u0144stwowej"},"content":{"rendered":"<h1>Oznaka przynale\u017cno\u015bci pa\u0144stwowej<\/h1>\n<p>Oznaka wykonana metod\u0105 haftu komputerowego. Orze\u0142ek wykonany nici\u0105 w kolorze bia\u0142ym na czerwonym tle.<\/p>\n<p data-start=\"0\" data-end=\"321\">Oznaka przynale\u017cno\u015bci pa\u0144stwowej (bia\u0142y orze\u0142 na czerwonym tle) jest w Polsce uregulowana przepisami mundurowymi dla poszczeg\u00f3lnych formacji. Nie wyst\u0119puje na wszystkich elementach umundurowania \u2013 jej u\u017cycie jest \u015bci\u015ble okre\u015blone. Reguluje to Rozporz\u0105dzenie Ministra Obrony Narodowej z 31 grudnia 2014 r. w sprawie umundurowania \u017co\u0142nierzy (Dz.U. 2015 poz. 173, tekst jednolity m.in. Dz.U. 2021 poz. 1127): \u00a7 34 ust. 1 pkt 1 \u201eOznak\u0119 przynale\u017cno\u015bci pa\u0144stwowej w postaci naszywki z god\u0142em Rzeczypospolitej Polskiej mo\u017cna nosi\u0107 na lewym r\u0119kawie: p\u00f3\u0142fraka, \u017cakietu, kurtek munduru, bluz olimpijek, p\u0142aszczy, p\u00f3\u0142p\u0142aszczy marynarskich w sk\u0142adzie ubior\u00f3w wieczorowych, galowych, wyj\u015bciowych i s\u0142u\u017cbowych.\u201d<\/p>\n<h2>Naszywka z god\u0142em Polski<\/h2>\n<p>Haftowana naszywka z god\u0142em RP to popularny emblemat noszony na mundurach czy p\u0142aszczach wszystkich formacji mundurowych.<\/p>\n<h2 data-start=\"1665\" data-end=\"1723\">Naszywka z god\u0142em RP (bia\u0142y orze\u0142 na czerwonym tle)<\/h2>\n<p data-start=\"1665\" data-end=\"1723\">W umundurowaniu Wojska Polskiego naszywka wyst\u0119puje na:<\/p>\n<ul>\n<li data-start=\"1775\" data-end=\"1836\">mundurach wyj\u015bciowych, galowych, s\u0142u\u017cbowych, wieczorowych<\/li>\n<li data-start=\"1841\" data-end=\"1898\">oraz ich elementach: kurtki, p\u0142aszcze, marynarki itd.<\/li>\n<\/ul>\n<p data-start=\"1900\" data-end=\"1935\"><strong data-start=\"1902\" data-end=\"1935\">UWAGA! <\/strong>NIE dotyczy to wojskowych mundur\u00f3w polowych &#8211; tam obowi\u0105zuje wy\u0142\u0105cznie naszywka z flag\u0105.<\/p>\n","protected":false},"excerpt":{"rendered":"<p>Oznaka przynale\u017cno\u015bci pa\u0144stwowej zgodna z Rozporz\u0105dzeniem MON z dnia 31.12.2014.<\/p>\n","protected":false},"featured_media":4272,"template":"","meta":[],"product_brand":[],"product_cat":[111,219,147,151,174,140,148,152],"product_tag":[88,190,89,217,165,171],"class_list":{"0":"post-4177","1":"product","2":"type-product","3":"status-publish","4":"has-post-thumbnail","6":"product_cat-akcesoria-meskie-wl","7":"product_cat-akcesoria-m-wopr","8":"product_cat-akcesoria-meskie","9":"product_cat-akcesoria-meskie-marynarka-wojenna","10":"product_cat-akcesoria-meskie-2","11":"product_cat-akcesoria-damskie-wl","12":"product_cat-akcesoria-damskie","13":"product_cat-akcesoria-damskie-marynarka-wojenna","14":"product_tag-wl","15":"product_tag-pol","16":"product_tag-sp","17":"product_tag-wopr","18":"product_tag-mw","19":"product_tag-psp","21":"first","22":"instock","23":"taxable","24":"shipping-taxable","25":"purchasable","26":"product-type-simple"},"yoast_head":"<!-- This site is optimized with the Yoast SEO plugin v27.3 - https:\/\/yoast.com\/product\/yoast-seo-wordpress\/ -->\n<title>Oznaka przynale\u017cno\u015bci pa\u0144stwowej - Kreator Toru\u0144<\/title>\n<meta name=\"description\" content=\"naszywka z god\u0142em polski na mundur i p\u0142aszcz wojskowy\" \/>\n<meta name=\"robots\" content=\"index, follow, max-snippet:-1, max-image-preview:large, max-video-preview:-1\" \/>\n<link rel=\"canonical\" href=\"https:\/\/kreatortorun.pl\/produkt\/oznaka-przynaleznosci-panstwowej\/\" \/>\n<meta property=\"og:locale\" content=\"en_US\" \/>\n<meta property=\"og:type\" content=\"article\" \/>\n<meta property=\"og:title\" content=\"Oznaka przynale\u017cno\u015bci pa\u0144stwowej - Kreator Toru\u0144\" \/>\n<meta property=\"og:description\" content=\"naszywka z god\u0142em polski na mundur i p\u0142aszcz wojskowy\" \/>\n<meta property=\"og:url\" content=\"https:\/\/kreatortorun.pl\/produkt\/oznaka-przynaleznosci-panstwowej\/\" \/>\n<meta property=\"og:site_name\" content=\"Kreator Toru\u0144\" \/>\n<meta property=\"article:publisher\" content=\"https:\/\/www.facebook.com\/torun.kreator\" \/>\n<meta property=\"article:modified_time\" content=\"2026-04-27T14:36:05+00:00\" \/>\n<meta property=\"og:image\" content=\"https:\/\/kreatortorun.pl\/wp-content\/uploads\/2021\/12\/PARE.PL-naszywki-POLSKA-7607-1.jpg\" \/>\n\t<meta property=\"og:image:width\" content=\"1200\" \/>\n\t<meta property=\"og:image:height\" content=\"1200\" \/>\n\t<meta property=\"og:image:type\" content=\"image\/jpeg\" \/>\n<meta name=\"twitter:card\" content=\"summary_large_image\" \/>\n<meta name=\"twitter:label1\" content=\"Est. reading time\" \/>\n\t<meta name=\"twitter:data1\" content=\"2 minutes\" \/>\n<script type=\"application\/ld+json\" class=\"yoast-schema-graph\">{\"@context\":\"https:\\\/\\\/schema.org\",\"@graph\":[{\"@type\":\"WebPage\",\"@id\":\"https:\\\/\\\/kreatortorun.pl\\\/produkt\\\/oznaka-przynaleznosci-panstwowej\\\/\",\"url\":\"https:\\\/\\\/kreatortorun.pl\\\/produkt\\\/oznaka-przynaleznosci-panstwowej\\\/\",\"name\":\"Oznaka przynale\u017cno\u015bci pa\u0144stwowej - Kreator Toru\u0144\",\"isPartOf\":{\"@id\":\"https:\\\/\\\/kreatortorun.pl\\\/#website\"},\"primaryImageOfPage\":{\"@id\":\"https:\\\/\\\/kreatortorun.pl\\\/produkt\\\/oznaka-przynaleznosci-panstwowej\\\/#primaryimage\"},\"image\":{\"@id\":\"https:\\\/\\\/kreatortorun.pl\\\/produkt\\\/oznaka-przynaleznosci-panstwowej\\\/#primaryimage\"},\"thumbnailUrl\":\"https:\\\/\\\/kreatortorun.pl\\\/wp-content\\\/uploads\\\/2021\\\/12\\\/PARE.PL-naszywki-POLSKA-7607-1.jpg\",\"datePublished\":\"2021-12-20T09:35:57+00:00\",\"dateModified\":\"2026-04-27T14:36:05+00:00\",\"description\":\"naszywka z god\u0142em polski na mundur i p\u0142aszcz wojskowy\",\"breadcrumb\":{\"@id\":\"https:\\\/\\\/kreatortorun.pl\\\/produkt\\\/oznaka-przynaleznosci-panstwowej\\\/#breadcrumb\"},\"inLanguage\":\"en-US\",\"potentialAction\":[{\"@type\":\"ReadAction\",\"target\":[\"https:\\\/\\\/kreatortorun.pl\\\/produkt\\\/oznaka-przynaleznosci-panstwowej\\\/\"]}]},{\"@type\":\"ImageObject\",\"inLanguage\":\"en-US\",\"@id\":\"https:\\\/\\\/kreatortorun.pl\\\/produkt\\\/oznaka-przynaleznosci-panstwowej\\\/#primaryimage\",\"url\":\"https:\\\/\\\/kreatortorun.pl\\\/wp-content\\\/uploads\\\/2021\\\/12\\\/PARE.PL-naszywki-POLSKA-7607-1.jpg\",\"contentUrl\":\"https:\\\/\\\/kreatortorun.pl\\\/wp-content\\\/uploads\\\/2021\\\/12\\\/PARE.PL-naszywki-POLSKA-7607-1.jpg\",\"width\":1200,\"height\":1200},{\"@type\":\"BreadcrumbList\",\"@id\":\"https:\\\/\\\/kreatortorun.pl\\\/produkt\\\/oznaka-przynaleznosci-panstwowej\\\/#breadcrumb\",\"itemListElement\":[{\"@type\":\"ListItem\",\"position\":1,\"name\":\"Strona g\u0142\u00f3wna\",\"item\":\"https:\\\/\\\/kreatortorun.pl\\\/en\\\/\"},{\"@type\":\"ListItem\",\"position\":2,\"name\":\"Shop\",\"item\":\"https:\\\/\\\/kreatortorun.pl\\\/en\\\/shop\\\/\"},{\"@type\":\"ListItem\",\"position\":3,\"name\":\"Oznaka przynale\u017cno\u015bci pa\u0144stwowej\"}]},{\"@type\":\"WebSite\",\"@id\":\"https:\\\/\\\/kreatortorun.pl\\\/#website\",\"url\":\"https:\\\/\\\/kreatortorun.pl\\\/\",\"name\":\"Kreator Toru\u0144\",\"description\":\"Producent mundur\u00f3w, kombinezon\u00f3w i odzie\u017cy taktycznej\",\"publisher\":{\"@id\":\"https:\\\/\\\/kreatortorun.pl\\\/#organization\"},\"potentialAction\":[{\"@type\":\"SearchAction\",\"target\":{\"@type\":\"EntryPoint\",\"urlTemplate\":\"https:\\\/\\\/kreatortorun.pl\\\/?s={search_term_string}\"},\"query-input\":{\"@type\":\"PropertyValueSpecification\",\"valueRequired\":true,\"valueName\":\"search_term_string\"}}],\"inLanguage\":\"en-US\"},{\"@type\":\"Organization\",\"@id\":\"https:\\\/\\\/kreatortorun.pl\\\/#organization\",\"name\":\"Kreator Toru\u0144\",\"url\":\"https:\\\/\\\/kreatortorun.pl\\\/\",\"logo\":{\"@type\":\"ImageObject\",\"inLanguage\":\"en-US\",\"@id\":\"https:\\\/\\\/kreatortorun.pl\\\/#\\\/schema\\\/logo\\\/image\\\/\",\"url\":\"https:\\\/\\\/kreatortorun.pl\\\/wp-content\\\/uploads\\\/2024\\\/02\\\/cropped-kreator-logo-favicon.png\",\"contentUrl\":\"https:\\\/\\\/kreatortorun.pl\\\/wp-content\\\/uploads\\\/2024\\\/02\\\/cropped-kreator-logo-favicon.png\",\"width\":512,\"height\":512,\"caption\":\"Kreator Toru\u0144\"},\"image\":{\"@id\":\"https:\\\/\\\/kreatortorun.pl\\\/#\\\/schema\\\/logo\\\/image\\\/\"},\"sameAs\":[\"https:\\\/\\\/www.facebook.com\\\/torun.kreator\",\"https:\\\/\\\/www.youtube.com\\\/@kreatortorun1862\"]}]}<\/script>\n<!-- \/ Yoast SEO plugin. -->","yoast_head_json":{"title":"Oznaka przynale\u017cno\u015bci pa\u0144stwowej - Kreator Toru\u0144","description":"naszywka z god\u0142em polski na mundur i p\u0142aszcz wojskowy","robots":{"index":"index","follow":"follow","max-snippet":"max-snippet:-1","max-image-preview":"max-image-preview:large","max-video-preview":"max-video-preview:-1"},"canonical":"https:\/\/kreatortorun.pl\/produkt\/oznaka-przynaleznosci-panstwowej\/","og_locale":"en_US","og_type":"article","og_title":"Oznaka przynale\u017cno\u015bci pa\u0144stwowej - Kreator Toru\u0144","og_description":"naszywka z god\u0142em polski na mundur i p\u0142aszcz wojskowy","og_url":"https:\/\/kreatortorun.pl\/produkt\/oznaka-przynaleznosci-panstwowej\/","og_site_name":"Kreator Toru\u0144","article_publisher":"https:\/\/www.facebook.com\/torun.kreator","article_modified_time":"2026-04-27T14:36:05+00:00","og_image":[{"width":1200,"height":1200,"url":"https:\/\/kreatortorun.pl\/wp-content\/uploads\/2021\/12\/PARE.PL-naszywki-POLSKA-7607-1.jpg","type":"image\/jpeg"}],"twitter_card":"summary_large_image","twitter_misc":{"Est. reading time":"2 minutes"},"schema":{"@context":"https:\/\/schema.org","@graph":[{"@type":"WebPage","@id":"https:\/\/kreatortorun.pl\/produkt\/oznaka-przynaleznosci-panstwowej\/","url":"https:\/\/kreatortorun.pl\/produkt\/oznaka-przynaleznosci-panstwowej\/","name":"Oznaka przynale\u017cno\u015bci pa\u0144stwowej - Kreator Toru\u0144","isPartOf":{"@id":"https:\/\/kreatortorun.pl\/#website"},"primaryImageOfPage":{"@id":"https:\/\/kreatortorun.pl\/produkt\/oznaka-przynaleznosci-panstwowej\/#primaryimage"},"image":{"@id":"https:\/\/kreatortorun.pl\/produkt\/oznaka-przynaleznosci-panstwowej\/#primaryimage"},"thumbnailUrl":"https:\/\/kreatortorun.pl\/wp-content\/uploads\/2021\/12\/PARE.PL-naszywki-POLSKA-7607-1.jpg","datePublished":"2021-12-20T09:35:57+00:00","dateModified":"2026-04-27T14:36:05+00:00","description":"naszywka z god\u0142em polski na mundur i p\u0142aszcz wojskowy","breadcrumb":{"@id":"https:\/\/kreatortorun.pl\/produkt\/oznaka-przynaleznosci-panstwowej\/#breadcrumb"},"inLanguage":"en-US","potentialAction":[{"@type":"ReadAction","target":["https:\/\/kreatortorun.pl\/produkt\/oznaka-przynaleznosci-panstwowej\/"]}]},{"@type":"ImageObject","inLanguage":"en-US","@id":"https:\/\/kreatortorun.pl\/produkt\/oznaka-przynaleznosci-panstwowej\/#primaryimage","url":"https:\/\/kreatortorun.pl\/wp-content\/uploads\/2021\/12\/PARE.PL-naszywki-POLSKA-7607-1.jpg","contentUrl":"https:\/\/kreatortorun.pl\/wp-content\/uploads\/2021\/12\/PARE.PL-naszywki-POLSKA-7607-1.jpg","width":1200,"height":1200},{"@type":"BreadcrumbList","@id":"https:\/\/kreatortorun.pl\/produkt\/oznaka-przynaleznosci-panstwowej\/#breadcrumb","itemListElement":[{"@type":"ListItem","position":1,"name":"Strona g\u0142\u00f3wna","item":"https:\/\/kreatortorun.pl\/en\/"},{"@type":"ListItem","position":2,"name":"Shop","item":"https:\/\/kreatortorun.pl\/en\/shop\/"},{"@type":"ListItem","position":3,"name":"Oznaka przynale\u017cno\u015bci pa\u0144stwowej"}]},{"@type":"WebSite","@id":"https:\/\/kreatortorun.pl\/#website","url":"https:\/\/kreatortorun.pl\/","name":"Kreator Toru\u0144","description":"Producent mundur\u00f3w, kombinezon\u00f3w i odzie\u017cy taktycznej","publisher":{"@id":"https:\/\/kreatortorun.pl\/#organization"},"potentialAction":[{"@type":"SearchAction","target":{"@type":"EntryPoint","urlTemplate":"https:\/\/kreatortorun.pl\/?s={search_term_string}"},"query-input":{"@type":"PropertyValueSpecification","valueRequired":true,"valueName":"search_term_string"}}],"inLanguage":"en-US"},{"@type":"Organization","@id":"https:\/\/kreatortorun.pl\/#organization","name":"Kreator Toru\u0144","url":"https:\/\/kreatortorun.pl\/","logo":{"@type":"ImageObject","inLanguage":"en-US","@id":"https:\/\/kreatortorun.pl\/#\/schema\/logo\/image\/","url":"https:\/\/kreatortorun.pl\/wp-content\/uploads\/2024\/02\/cropped-kreator-logo-favicon.png","contentUrl":"https:\/\/kreatortorun.pl\/wp-content\/uploads\/2024\/02\/cropped-kreator-logo-favicon.png","width":512,"height":512,"caption":"Kreator Toru\u0144"},"image":{"@id":"https:\/\/kreatortorun.pl\/#\/schema\/logo\/image\/"},"sameAs":["https:\/\/www.facebook.com\/torun.kreator","https:\/\/www.youtube.com\/@kreatortorun1862"]}]}},"_links":{"self":[{"href":"https:\/\/kreatortorun.pl\/en\/wp-json\/wp\/v2\/product\/4177","targetHints":{"allow":["GET"]}}],"collection":[{"href":"https:\/\/kreatortorun.pl\/en\/wp-json\/wp\/v2\/product"}],"about":[{"href":"https:\/\/kreatortorun.pl\/en\/wp-json\/wp\/v2\/types\/product"}],"wp:featuredmedia":[{"embeddable":true,"href":"https:\/\/kreatortorun.pl\/en\/wp-json\/wp\/v2\/media\/4272"}],"wp:attachment":[{"href":"https:\/\/kreatortorun.pl\/en\/wp-json\/wp\/v2\/media?parent=4177"}],"wp:term":[{"taxonomy":"product_brand","embeddable":true,"href":"https:\/\/kreatortorun.pl\/en\/wp-json\/wp\/v2\/product_brand?post=4177"},{"taxonomy":"product_cat","embeddable":true,"href":"https:\/\/kreatortorun.pl\/en\/wp-json\/wp\/v2\/product_cat?post=4177"},{"taxonomy":"product_tag","embeddable":true,"href":"https:\/\/kreatortorun.pl\/en\/wp-json\/wp\/v2\/product_tag?post=4177"}],"curies":[{"name":"wp","href":"https:\/\/api.w.org\/{rel}","templated":true}]}}