{"id":4179,"date":"2021-12-20T09:35:57","date_gmt":"2021-12-20T09:35:57","guid":{"rendered":"https:\/\/kreatortorun.pl\/?post_type=product&#038;p=4179"},"modified":"2026-04-27T14:36:05","modified_gmt":"2026-04-27T14:36:05","slug":"sznur-galowy-wl-i-sp","status":"publish","type":"product","link":"https:\/\/kreatortorun.pl\/en\/produkt\/sznur-galowy-wl-i-sp\/","title":{"rendered":"Sznur galowy WL i SP wz\u00f3r 802\/MON"},"content":{"rendered":"<h4><b>Sznur galowy generalski<span class=\"Apple-converted-space\">\u00a0<\/span><\/b><\/h4>\n<p>W sk\u0142ad kompletnego sznura wchodz\u0105 dwa warkocze r\u00f3\u017cnej d\u0142ugo\u015bci splatane z trzech plecionek ka\u017cdy oraz dwie pojedyncze plecionki, zapinka z ta\u015bmy poliamidowej, kt\u00f3ra \u0142\u0105czy poszczeg\u00f3lne elementy sznura i s\u0142u\u017cy do zapi\u0119cia pod naramiennik munduru. Warkocze zako\u0144czone s\u0105 dwoma \u201eo\u0142\u00f3wkami\u201d i p\u0119telkami do zapi\u0119cia na guzikach munduru.<span class=\"Apple-converted-space\">\u00a0<\/span><\/p>\n<h2><b>Sznur galowy oficerski wojsk l\u0105dowych i si\u0142 powietrznych<span class=\"Apple-converted-space\">\u00a0<\/span><\/b><\/h2>\n<p>W sk\u0142ad kompletnego sznura wchodzi jeden warkocz splatany z trzech plecionek oraz dwie pojedyncze plecionki, zapinka z ta\u015bmy poliamidowej, kt\u00f3ra \u0142\u0105czy poszczeg\u00f3lne elementy sznura i s\u0142u\u017cy do zapi\u0119cia pod naramiennik munduru. Warkocz zako\u0144czony jest \u201eo\u0142\u00f3wkiem\u201d i p\u0119telk\u0105 do zapi\u0119cia na guzikach munduru.<span class=\"Apple-converted-space\">\u00a0<\/span><\/p>\n<h3><b>Sznur galowy podoficera wojsk l\u0105dowych i si\u0142 powietrznych<span class=\"Apple-converted-space\">\u00a0<\/span><\/b><\/h3>\n<p>W sk\u0142ad kompletnego sznura wchodzi jeden warkocz splatany z trzech plecionek oraz jedna pojedyncze plecionka, zapinka z ta\u015bmy poliamidowej, kt\u00f3ra \u0142\u0105czy poszczeg\u00f3lne elementy sznura i s\u0142u\u017cy do zapi\u0119cia pod naramiennik munduru. Warkocz zako\u0144czony jest \u201eo\u0142\u00f3wkiem\u201d i p\u0119telk\u0105 do zapi\u0119cia na guzikach munduru.<span class=\"Apple-converted-space\">\u00a0<\/span><\/p>\n<h1><b>Sznur galowy szeregowego wojsk l\u0105dowych i si\u0142 powietrznych<span class=\"Apple-converted-space\">\u00a0<\/span><\/b><\/h1>\n<p>W sk\u0142ad kompletnego sznura wchodzi jeden warkocz splatany z trzech plecionek, zapinka z ta\u015bmy poliamidowej, kt\u00f3ra \u0142\u0105czy poszczeg\u00f3lne elementy sznura i s\u0142u\u017cy do zapi\u0119cia pod naramiennik munduru. Warkocz zako\u0144czony jest \u201eo\u0142\u00f3wkiem\u201d i p\u0119telk\u0105 do zapi\u0119cia na guzikach munduru.<span class=\"Apple-converted-space\">\u00a0<\/span><\/p>\n<p>Warkocze s\u0105 formowane i \u015bci\u0105gni\u0119te prz\u0119dz\u0105 poliamidow\u0105 w kolorze plecionki.<\/p>\n","protected":false},"excerpt":{"rendered":"<p style=\"text-align: justify;\">Sznur galowy oficerski WL SP wz\u00f3r 802\/MON, Sznur galowy podoficera WL SP wz\u00f3r 803\/MON, sznur galowy szeregowego WL SP wz\u00f3r 804\/MON.<br \/>\nPrzedmiot zgodny z dokumentacj\u0105 WDTT.<\/p>\n","protected":false},"featured_media":4215,"template":"","meta":[],"product_brand":[],"product_cat":[111,147,140,148],"product_tag":[88,89],"class_list":{"0":"post-4179","1":"product","2":"type-product","3":"status-publish","4":"has-post-thumbnail","6":"product_cat-akcesoria-meskie-wl","7":"product_cat-akcesoria-meskie","8":"product_cat-akcesoria-damskie-wl","9":"product_cat-akcesoria-damskie","10":"product_tag-wl","11":"product_tag-sp","13":"first","14":"instock","15":"taxable","16":"shipping-taxable","17":"purchasable","18":"product-type-variable"},"yoast_head":"<!-- This site is optimized with the Yoast SEO plugin v27.3 - https:\/\/yoast.com\/product\/yoast-seo-wordpress\/ -->\n<title>Sznur galowy WL i SP wz\u00f3r 802\/MON - Kreator Toru\u0144<\/title>\n<meta name=\"description\" content=\"Sznur galowy do umundurowania Wojsk L\u0105dowych i Si\u0142 Powietrznych.\" \/>\n<meta name=\"robots\" content=\"index, follow, max-snippet:-1, max-image-preview:large, max-video-preview:-1\" \/>\n<link rel=\"canonical\" href=\"https:\/\/kreatortorun.pl\/produkt\/sznur-galowy-wl-i-sp\/\" \/>\n<meta property=\"og:locale\" content=\"en_US\" \/>\n<meta property=\"og:type\" content=\"article\" \/>\n<meta property=\"og:title\" content=\"Sznur galowy WL i SP wz\u00f3r 802\/MON - Kreator Toru\u0144\" \/>\n<meta property=\"og:description\" content=\"Sznur galowy do umundurowania Wojsk L\u0105dowych i Si\u0142 Powietrznych.\" \/>\n<meta property=\"og:url\" content=\"https:\/\/kreatortorun.pl\/produkt\/sznur-galowy-wl-i-sp\/\" \/>\n<meta property=\"og:site_name\" content=\"Kreator Toru\u0144\" \/>\n<meta property=\"article:publisher\" content=\"https:\/\/www.facebook.com\/torun.kreator\" \/>\n<meta property=\"article:modified_time\" content=\"2026-04-27T14:36:05+00:00\" \/>\n<meta property=\"og:image\" content=\"https:\/\/kreatortorun.pl\/wp-content\/uploads\/2021\/12\/PARE.PL-sznur-7603.jpg\" \/>\n\t<meta property=\"og:image:width\" content=\"1200\" \/>\n\t<meta property=\"og:image:height\" content=\"1200\" \/>\n\t<meta property=\"og:image:type\" content=\"image\/jpeg\" \/>\n<meta name=\"twitter:card\" content=\"summary_large_image\" \/>\n<meta name=\"twitter:label1\" content=\"Est. reading time\" \/>\n\t<meta name=\"twitter:data1\" content=\"2 minutes\" \/>\n<script type=\"application\/ld+json\" class=\"yoast-schema-graph\">{\"@context\":\"https:\\\/\\\/schema.org\",\"@graph\":[{\"@type\":\"WebPage\",\"@id\":\"https:\\\/\\\/kreatortorun.pl\\\/produkt\\\/sznur-galowy-wl-i-sp\\\/\",\"url\":\"https:\\\/\\\/kreatortorun.pl\\\/produkt\\\/sznur-galowy-wl-i-sp\\\/\",\"name\":\"Sznur galowy WL i SP wz\u00f3r 802\\\/MON - Kreator Toru\u0144\",\"isPartOf\":{\"@id\":\"https:\\\/\\\/kreatortorun.pl\\\/#website\"},\"primaryImageOfPage\":{\"@id\":\"https:\\\/\\\/kreatortorun.pl\\\/produkt\\\/sznur-galowy-wl-i-sp\\\/#primaryimage\"},\"image\":{\"@id\":\"https:\\\/\\\/kreatortorun.pl\\\/produkt\\\/sznur-galowy-wl-i-sp\\\/#primaryimage\"},\"thumbnailUrl\":\"https:\\\/\\\/kreatortorun.pl\\\/wp-content\\\/uploads\\\/2021\\\/12\\\/PARE.PL-sznur-7603.jpg\",\"datePublished\":\"2021-12-20T09:35:57+00:00\",\"dateModified\":\"2026-04-27T14:36:05+00:00\",\"description\":\"Sznur galowy do umundurowania Wojsk L\u0105dowych i Si\u0142 Powietrznych.\",\"breadcrumb\":{\"@id\":\"https:\\\/\\\/kreatortorun.pl\\\/produkt\\\/sznur-galowy-wl-i-sp\\\/#breadcrumb\"},\"inLanguage\":\"en-US\",\"potentialAction\":[{\"@type\":\"ReadAction\",\"target\":[\"https:\\\/\\\/kreatortorun.pl\\\/produkt\\\/sznur-galowy-wl-i-sp\\\/\"]}]},{\"@type\":\"ImageObject\",\"inLanguage\":\"en-US\",\"@id\":\"https:\\\/\\\/kreatortorun.pl\\\/produkt\\\/sznur-galowy-wl-i-sp\\\/#primaryimage\",\"url\":\"https:\\\/\\\/kreatortorun.pl\\\/wp-content\\\/uploads\\\/2021\\\/12\\\/PARE.PL-sznur-7603.jpg\",\"contentUrl\":\"https:\\\/\\\/kreatortorun.pl\\\/wp-content\\\/uploads\\\/2021\\\/12\\\/PARE.PL-sznur-7603.jpg\",\"width\":1200,\"height\":1200},{\"@type\":\"BreadcrumbList\",\"@id\":\"https:\\\/\\\/kreatortorun.pl\\\/produkt\\\/sznur-galowy-wl-i-sp\\\/#breadcrumb\",\"itemListElement\":[{\"@type\":\"ListItem\",\"position\":1,\"name\":\"Strona g\u0142\u00f3wna\",\"item\":\"https:\\\/\\\/kreatortorun.pl\\\/en\\\/\"},{\"@type\":\"ListItem\",\"position\":2,\"name\":\"Shop\",\"item\":\"https:\\\/\\\/kreatortorun.pl\\\/en\\\/shop\\\/\"},{\"@type\":\"ListItem\",\"position\":3,\"name\":\"Sznur galowy WL i SP wz\u00f3r 802\\\/MON\"}]},{\"@type\":\"WebSite\",\"@id\":\"https:\\\/\\\/kreatortorun.pl\\\/#website\",\"url\":\"https:\\\/\\\/kreatortorun.pl\\\/\",\"name\":\"Kreator Toru\u0144\",\"description\":\"Producent mundur\u00f3w, kombinezon\u00f3w i odzie\u017cy taktycznej\",\"publisher\":{\"@id\":\"https:\\\/\\\/kreatortorun.pl\\\/#organization\"},\"potentialAction\":[{\"@type\":\"SearchAction\",\"target\":{\"@type\":\"EntryPoint\",\"urlTemplate\":\"https:\\\/\\\/kreatortorun.pl\\\/?s={search_term_string}\"},\"query-input\":{\"@type\":\"PropertyValueSpecification\",\"valueRequired\":true,\"valueName\":\"search_term_string\"}}],\"inLanguage\":\"en-US\"},{\"@type\":\"Organization\",\"@id\":\"https:\\\/\\\/kreatortorun.pl\\\/#organization\",\"name\":\"Kreator Toru\u0144\",\"url\":\"https:\\\/\\\/kreatortorun.pl\\\/\",\"logo\":{\"@type\":\"ImageObject\",\"inLanguage\":\"en-US\",\"@id\":\"https:\\\/\\\/kreatortorun.pl\\\/#\\\/schema\\\/logo\\\/image\\\/\",\"url\":\"https:\\\/\\\/kreatortorun.pl\\\/wp-content\\\/uploads\\\/2024\\\/02\\\/cropped-kreator-logo-favicon.png\",\"contentUrl\":\"https:\\\/\\\/kreatortorun.pl\\\/wp-content\\\/uploads\\\/2024\\\/02\\\/cropped-kreator-logo-favicon.png\",\"width\":512,\"height\":512,\"caption\":\"Kreator Toru\u0144\"},\"image\":{\"@id\":\"https:\\\/\\\/kreatortorun.pl\\\/#\\\/schema\\\/logo\\\/image\\\/\"},\"sameAs\":[\"https:\\\/\\\/www.facebook.com\\\/torun.kreator\",\"https:\\\/\\\/www.youtube.com\\\/@kreatortorun1862\"]}]}<\/script>\n<!-- \/ Yoast SEO plugin. -->","yoast_head_json":{"title":"Sznur galowy WL i SP wz\u00f3r 802\/MON - Kreator Toru\u0144","description":"Sznur galowy do umundurowania Wojsk L\u0105dowych i Si\u0142 Powietrznych.","robots":{"index":"index","follow":"follow","max-snippet":"max-snippet:-1","max-image-preview":"max-image-preview:large","max-video-preview":"max-video-preview:-1"},"canonical":"https:\/\/kreatortorun.pl\/produkt\/sznur-galowy-wl-i-sp\/","og_locale":"en_US","og_type":"article","og_title":"Sznur galowy WL i SP wz\u00f3r 802\/MON - Kreator Toru\u0144","og_description":"Sznur galowy do umundurowania Wojsk L\u0105dowych i Si\u0142 Powietrznych.","og_url":"https:\/\/kreatortorun.pl\/produkt\/sznur-galowy-wl-i-sp\/","og_site_name":"Kreator Toru\u0144","article_publisher":"https:\/\/www.facebook.com\/torun.kreator","article_modified_time":"2026-04-27T14:36:05+00:00","og_image":[{"width":1200,"height":1200,"url":"https:\/\/kreatortorun.pl\/wp-content\/uploads\/2021\/12\/PARE.PL-sznur-7603.jpg","type":"image\/jpeg"}],"twitter_card":"summary_large_image","twitter_misc":{"Est. reading time":"2 minutes"},"schema":{"@context":"https:\/\/schema.org","@graph":[{"@type":"WebPage","@id":"https:\/\/kreatortorun.pl\/produkt\/sznur-galowy-wl-i-sp\/","url":"https:\/\/kreatortorun.pl\/produkt\/sznur-galowy-wl-i-sp\/","name":"Sznur galowy WL i SP wz\u00f3r 802\/MON - Kreator Toru\u0144","isPartOf":{"@id":"https:\/\/kreatortorun.pl\/#website"},"primaryImageOfPage":{"@id":"https:\/\/kreatortorun.pl\/produkt\/sznur-galowy-wl-i-sp\/#primaryimage"},"image":{"@id":"https:\/\/kreatortorun.pl\/produkt\/sznur-galowy-wl-i-sp\/#primaryimage"},"thumbnailUrl":"https:\/\/kreatortorun.pl\/wp-content\/uploads\/2021\/12\/PARE.PL-sznur-7603.jpg","datePublished":"2021-12-20T09:35:57+00:00","dateModified":"2026-04-27T14:36:05+00:00","description":"Sznur galowy do umundurowania Wojsk L\u0105dowych i Si\u0142 Powietrznych.","breadcrumb":{"@id":"https:\/\/kreatortorun.pl\/produkt\/sznur-galowy-wl-i-sp\/#breadcrumb"},"inLanguage":"en-US","potentialAction":[{"@type":"ReadAction","target":["https:\/\/kreatortorun.pl\/produkt\/sznur-galowy-wl-i-sp\/"]}]},{"@type":"ImageObject","inLanguage":"en-US","@id":"https:\/\/kreatortorun.pl\/produkt\/sznur-galowy-wl-i-sp\/#primaryimage","url":"https:\/\/kreatortorun.pl\/wp-content\/uploads\/2021\/12\/PARE.PL-sznur-7603.jpg","contentUrl":"https:\/\/kreatortorun.pl\/wp-content\/uploads\/2021\/12\/PARE.PL-sznur-7603.jpg","width":1200,"height":1200},{"@type":"BreadcrumbList","@id":"https:\/\/kreatortorun.pl\/produkt\/sznur-galowy-wl-i-sp\/#breadcrumb","itemListElement":[{"@type":"ListItem","position":1,"name":"Strona g\u0142\u00f3wna","item":"https:\/\/kreatortorun.pl\/en\/"},{"@type":"ListItem","position":2,"name":"Shop","item":"https:\/\/kreatortorun.pl\/en\/shop\/"},{"@type":"ListItem","position":3,"name":"Sznur galowy WL i SP wz\u00f3r 802\/MON"}]},{"@type":"WebSite","@id":"https:\/\/kreatortorun.pl\/#website","url":"https:\/\/kreatortorun.pl\/","name":"Kreator Toru\u0144","description":"Producent mundur\u00f3w, kombinezon\u00f3w i odzie\u017cy taktycznej","publisher":{"@id":"https:\/\/kreatortorun.pl\/#organization"},"potentialAction":[{"@type":"SearchAction","target":{"@type":"EntryPoint","urlTemplate":"https:\/\/kreatortorun.pl\/?s={search_term_string}"},"query-input":{"@type":"PropertyValueSpecification","valueRequired":true,"valueName":"search_term_string"}}],"inLanguage":"en-US"},{"@type":"Organization","@id":"https:\/\/kreatortorun.pl\/#organization","name":"Kreator Toru\u0144","url":"https:\/\/kreatortorun.pl\/","logo":{"@type":"ImageObject","inLanguage":"en-US","@id":"https:\/\/kreatortorun.pl\/#\/schema\/logo\/image\/","url":"https:\/\/kreatortorun.pl\/wp-content\/uploads\/2024\/02\/cropped-kreator-logo-favicon.png","contentUrl":"https:\/\/kreatortorun.pl\/wp-content\/uploads\/2024\/02\/cropped-kreator-logo-favicon.png","width":512,"height":512,"caption":"Kreator Toru\u0144"},"image":{"@id":"https:\/\/kreatortorun.pl\/#\/schema\/logo\/image\/"},"sameAs":["https:\/\/www.facebook.com\/torun.kreator","https:\/\/www.youtube.com\/@kreatortorun1862"]}]}},"_links":{"self":[{"href":"https:\/\/kreatortorun.pl\/en\/wp-json\/wp\/v2\/product\/4179","targetHints":{"allow":["GET"]}}],"collection":[{"href":"https:\/\/kreatortorun.pl\/en\/wp-json\/wp\/v2\/product"}],"about":[{"href":"https:\/\/kreatortorun.pl\/en\/wp-json\/wp\/v2\/types\/product"}],"wp:featuredmedia":[{"embeddable":true,"href":"https:\/\/kreatortorun.pl\/en\/wp-json\/wp\/v2\/media\/4215"}],"wp:attachment":[{"href":"https:\/\/kreatortorun.pl\/en\/wp-json\/wp\/v2\/media?parent=4179"}],"wp:term":[{"taxonomy":"product_brand","embeddable":true,"href":"https:\/\/kreatortorun.pl\/en\/wp-json\/wp\/v2\/product_brand?post=4179"},{"taxonomy":"product_cat","embeddable":true,"href":"https:\/\/kreatortorun.pl\/en\/wp-json\/wp\/v2\/product_cat?post=4179"},{"taxonomy":"product_tag","embeddable":true,"href":"https:\/\/kreatortorun.pl\/en\/wp-json\/wp\/v2\/product_tag?post=4179"}],"curies":[{"name":"wp","href":"https:\/\/api.w.org\/{rel}","templated":true}]}}