{"id":4747,"date":"2021-12-20T17:00:30","date_gmt":"2021-12-20T17:00:30","guid":{"rendered":"https:\/\/kreatortorun.pl\/?post_type=product&#038;p=4747"},"modified":"2026-04-29T14:39:25","modified_gmt":"2026-04-29T14:39:25","slug":"koszula-koloru-bialego-wzor-303-mon","status":"publish","type":"product","link":"https:\/\/kreatortorun.pl\/en\/produkt\/koszula-koloru-bialego-wzor-303-mon\/","title":{"rendered":"Koszula m\u0119ska koloru bia\u0142ego z d\u0142ugim r\u0119kawem"},"content":{"rendered":"<h1>Regulaminowa koszula do munduru<\/h1>\n<p>Koszula wyj\u015bciowa wykorzystywana przez s\u0142u\u017cby mundurowe.<\/p>\n<h2>M\u0119ska koszula mundurowa z d\u0142ugim r\u0119kawem<\/h2>\n<p>Koszula w kolorze bia\u0142ym z d\u0142ugim r\u0119kawem z usztywnianymi mankietami zapinanymi na guziki. Ko\u0142nierz koszuli bia\u0142ej do munduru usztywniany na st\u00f3jce. Sk\u0142ad materia\u0142owy: 55% bawe\u0142na, 45% poliester.<\/p>\n<h2 data-section-id=\"1vugm8c\" data-start=\"1363\" data-end=\"1432\">Najwa\u017cniejsze cechy \u2013 bia\u0142a koszula m\u0119ska z d\u0142ugim r\u0119kawem do munduru i garnituru<\/h2>\n<ul data-start=\"1434\" data-end=\"1875\">\n<li data-section-id=\"ye6zmn\" data-start=\"1434\" data-end=\"1520\">\n<p data-start=\"1436\" data-end=\"1520\">Sk\u0142ad materia\u0142u: 55% bawe\u0142na i 45% poliester \u2013 komfort, oddychalno\u015b\u0107 i trwa\u0142o\u015b\u0107<\/p>\n<\/li>\n<li data-section-id=\"mzxstl\" data-start=\"1521\" data-end=\"1573\">\n<p data-start=\"1523\" data-end=\"1573\">R\u0119kaw: d\u0142ugi \u2013 odpowiedni na ka\u017cd\u0105 por\u0119 roku<\/p>\n<\/li>\n<li data-section-id=\"1dh9klx\" data-start=\"1574\" data-end=\"1642\">\n<p data-start=\"1576\" data-end=\"1642\">Ko\u0142nierz: klasyczny, prosty \u2013 idealny do munduru i garnituru<\/p>\n<\/li>\n<li data-section-id=\"1np98pi\" data-start=\"1643\" data-end=\"1719\">\n<p data-start=\"1645\" data-end=\"1719\">Wyko\u0144czenie: g\u0142adkie, eleganckie \u2013 brak kieszeni i zb\u0119dnych przeszy\u0107<\/p>\n<\/li>\n<li data-section-id=\"e6ycfu\" data-start=\"1720\" data-end=\"1812\">\n<p data-start=\"1722\" data-end=\"1812\">Mankiety: mo\u017cliwo\u015b\u0107 zapinania na guziki lub spinki \u2013 wi\u0119ksza elastyczno\u015b\u0107 stylizacji<\/p>\n<\/li>\n<li data-section-id=\"z0xmom\" data-start=\"1813\" data-end=\"1875\">\n<p data-start=\"1815\" data-end=\"1875\">Kr\u00f3j uniwersalny: dopasowany, estetyczny wygl\u0105d na ka\u017cdej sylwetce<\/p>\n<\/li>\n<li data-section-id=\"e6ycfu\" data-start=\"1720\" data-end=\"1812\">\n<p data-start=\"1722\" data-end=\"1812\">Brak oznacze\u0144, co nadaje uniwersalno\u015bci zastosowania<\/p>\n<\/li>\n<li data-section-id=\"z0xmom\" data-start=\"1813\" data-end=\"1875\">\n<p data-start=\"1815\" data-end=\"1875\">Produkcja: Polska<\/p>\n<\/li>\n<\/ul>\n<h2>Koszula do munduru wyj\u015bciowego i galowego dla s\u0142u\u017cb mundurowych<\/h2>\n<p>Koszula pasuj\u0105ca krojem i kolorem pod mundury galowe i wyj\u015bciowe Policji, Wojsk L\u0105dowych, Si\u0142 Powietrznych, Marynarki Wojennej i WOPR.<\/p>\n<h2 data-section-id=\"3pepvs\" data-start=\"3103\" data-end=\"3174\">Bia\u0142a koszula mundurowa \u2013 klasyka, kt\u00f3ra zawsze si\u0119 sprawdza<\/h2>\n<p data-start=\"3176\" data-end=\"3467\">Je\u015bli szukasz produktu takiego jak koszula bia\u0142a m\u0119ska elegancka, koszula mundurowa z d\u0142ugim r\u0119kawem lub koszula s\u0142u\u017cbowa do munduru, ten model spe\u0142ni wszystkie oczekiwania. To po\u0142\u0105czenie klasycznego stylu, funkcjonalno\u015bci i wygody \u2013 niezb\u0119dne w ka\u017cdej profesjonalnej garderobie: funkcjonariusza czy \u017co\u0142nierza.<\/p>\n<h2 data-section-id=\"39ei3s\" data-start=\"1882\" data-end=\"1939\">Dlaczego warto wybra\u0107 bia\u0142\u0105 koszul\u0119 mundurow\u0105?<\/h2>\n<ul data-start=\"1941\" data-end=\"2216\">\n<li data-section-id=\"1kl6nc7\" data-start=\"1941\" data-end=\"1992\">\n<p data-start=\"1943\" data-end=\"1992\">Profesjonalny wygl\u0105d zgodny z wymaganiami s\u0142u\u017cb<\/p>\n<\/li>\n<li data-section-id=\"vhhn3a\" data-start=\"1993\" data-end=\"2063\">\n<p data-start=\"1995\" data-end=\"2063\">Uniwersalno\u015b\u0107 \u2013 idealna jako koszula do munduru i do garnituru<\/p>\n<\/li>\n<li data-section-id=\"1oimzap\" data-start=\"2064\" data-end=\"2110\">\n<p data-start=\"2066\" data-end=\"2110\">Wysoki komfort noszenia przez wiele godzin<\/p>\n<\/li>\n<li data-section-id=\"j2uitu\" data-start=\"2111\" data-end=\"2173\">\n<p data-start=\"2113\" data-end=\"2173\">Mo\u017cliwo\u015b\u0107 stylizacji formalnej dzi\u0119ki mo\u017cliwo\u015bci wpi\u0119cia spinek do mankiet\u00f3w<\/p>\n<\/li>\n<li data-section-id=\"p0xj7q\" data-start=\"2174\" data-end=\"2216\">\n<p data-start=\"2176\" data-end=\"2216\">Trwa\u0142y materia\u0142 odporny na zagniecenia<\/p>\n<\/li>\n<\/ul>\n","protected":false},"excerpt":{"rendered":"<p>Koszula m\u0119ska bia\u0142a do munduru.<\/p>\n","protected":false},"featured_media":1778,"template":"","meta":[],"product_brand":[],"product_cat":[111,147,151,155,219],"product_tag":[135,165,171,190,88,89],"class_list":{"0":"post-4747","1":"product","2":"type-product","3":"status-publish","4":"has-post-thumbnail","6":"product_cat-akcesoria-meskie-wl","7":"product_cat-akcesoria-meskie","8":"product_cat-akcesoria-meskie-marynarka-wojenna","9":"product_cat-akcesoria-meskie-policja","10":"product_cat-akcesoria-m-wopr","11":"product_tag-meska","12":"product_tag-mw","13":"product_tag-psp","14":"product_tag-pol","15":"product_tag-wl","16":"product_tag-sp","18":"first","19":"instock","20":"taxable","21":"shipping-taxable","22":"purchasable","23":"product-type-variable"},"yoast_head":"<!-- This site is optimized with the Yoast SEO plugin v27.3 - https:\/\/yoast.com\/product\/yoast-seo-wordpress\/ -->\n<title>Koszula m\u0119ska koloru bia\u0142ego z d\u0142ugim r\u0119kawem - Kreator Toru\u0144<\/title>\n<meta name=\"description\" content=\"Bia\u0142a koszula m\u0119ska z d\u0142ugim r\u0119kawem do munduru galowego i munduru wyj\u015bciowego wi\u0119kszo\u015bci s\u0142u\u017cb mundurowych RP.\" \/>\n<meta name=\"robots\" content=\"index, follow, max-snippet:-1, max-image-preview:large, max-video-preview:-1\" \/>\n<link rel=\"canonical\" href=\"https:\/\/kreatortorun.pl\/produkt\/koszula-koloru-bialego-wzor-303-mon\/\" \/>\n<meta property=\"og:locale\" content=\"en_US\" \/>\n<meta property=\"og:type\" content=\"article\" \/>\n<meta property=\"og:title\" content=\"Koszula m\u0119ska koloru bia\u0142ego z d\u0142ugim r\u0119kawem - Kreator Toru\u0144\" \/>\n<meta property=\"og:description\" content=\"Bia\u0142a koszula m\u0119ska z d\u0142ugim r\u0119kawem do munduru galowego i munduru wyj\u015bciowego wi\u0119kszo\u015bci s\u0142u\u017cb mundurowych RP.\" \/>\n<meta property=\"og:url\" content=\"https:\/\/kreatortorun.pl\/produkt\/koszula-koloru-bialego-wzor-303-mon\/\" \/>\n<meta property=\"og:site_name\" content=\"Kreator Toru\u0144\" \/>\n<meta property=\"article:publisher\" content=\"https:\/\/www.facebook.com\/torun.kreator\" \/>\n<meta property=\"article:modified_time\" content=\"2026-04-29T14:39:25+00:00\" \/>\n<meta property=\"og:image\" content=\"https:\/\/kreatortorun.pl\/wp-content\/uploads\/2021\/10\/PARE.PL-koszula_meska-8313.jpg\" \/>\n\t<meta property=\"og:image:width\" content=\"1200\" \/>\n\t<meta property=\"og:image:height\" content=\"1200\" \/>\n\t<meta property=\"og:image:type\" content=\"image\/jpeg\" \/>\n<meta name=\"twitter:card\" content=\"summary_large_image\" \/>\n<meta name=\"twitter:label1\" content=\"Est. reading time\" \/>\n\t<meta name=\"twitter:data1\" content=\"2 minutes\" \/>\n<script type=\"application\/ld+json\" class=\"yoast-schema-graph\">{\"@context\":\"https:\\\/\\\/schema.org\",\"@graph\":[{\"@type\":\"WebPage\",\"@id\":\"https:\\\/\\\/kreatortorun.pl\\\/produkt\\\/koszula-koloru-bialego-wzor-303-mon\\\/\",\"url\":\"https:\\\/\\\/kreatortorun.pl\\\/produkt\\\/koszula-koloru-bialego-wzor-303-mon\\\/\",\"name\":\"Koszula m\u0119ska koloru bia\u0142ego z d\u0142ugim r\u0119kawem - Kreator Toru\u0144\",\"isPartOf\":{\"@id\":\"https:\\\/\\\/kreatortorun.pl\\\/#website\"},\"primaryImageOfPage\":{\"@id\":\"https:\\\/\\\/kreatortorun.pl\\\/produkt\\\/koszula-koloru-bialego-wzor-303-mon\\\/#primaryimage\"},\"image\":{\"@id\":\"https:\\\/\\\/kreatortorun.pl\\\/produkt\\\/koszula-koloru-bialego-wzor-303-mon\\\/#primaryimage\"},\"thumbnailUrl\":\"https:\\\/\\\/kreatortorun.pl\\\/wp-content\\\/uploads\\\/2021\\\/10\\\/PARE.PL-koszula_meska-8313.jpg\",\"datePublished\":\"2021-12-20T17:00:30+00:00\",\"dateModified\":\"2026-04-29T14:39:25+00:00\",\"description\":\"Bia\u0142a koszula m\u0119ska z d\u0142ugim r\u0119kawem do munduru galowego i munduru wyj\u015bciowego wi\u0119kszo\u015bci s\u0142u\u017cb mundurowych RP.\",\"breadcrumb\":{\"@id\":\"https:\\\/\\\/kreatortorun.pl\\\/produkt\\\/koszula-koloru-bialego-wzor-303-mon\\\/#breadcrumb\"},\"inLanguage\":\"en-US\",\"potentialAction\":[{\"@type\":\"ReadAction\",\"target\":[\"https:\\\/\\\/kreatortorun.pl\\\/produkt\\\/koszula-koloru-bialego-wzor-303-mon\\\/\"]}]},{\"@type\":\"ImageObject\",\"inLanguage\":\"en-US\",\"@id\":\"https:\\\/\\\/kreatortorun.pl\\\/produkt\\\/koszula-koloru-bialego-wzor-303-mon\\\/#primaryimage\",\"url\":\"https:\\\/\\\/kreatortorun.pl\\\/wp-content\\\/uploads\\\/2021\\\/10\\\/PARE.PL-koszula_meska-8313.jpg\",\"contentUrl\":\"https:\\\/\\\/kreatortorun.pl\\\/wp-content\\\/uploads\\\/2021\\\/10\\\/PARE.PL-koszula_meska-8313.jpg\",\"width\":1200,\"height\":1200},{\"@type\":\"BreadcrumbList\",\"@id\":\"https:\\\/\\\/kreatortorun.pl\\\/produkt\\\/koszula-koloru-bialego-wzor-303-mon\\\/#breadcrumb\",\"itemListElement\":[{\"@type\":\"ListItem\",\"position\":1,\"name\":\"Strona g\u0142\u00f3wna\",\"item\":\"https:\\\/\\\/kreatortorun.pl\\\/en\\\/\"},{\"@type\":\"ListItem\",\"position\":2,\"name\":\"Shop\",\"item\":\"https:\\\/\\\/kreatortorun.pl\\\/en\\\/shop\\\/\"},{\"@type\":\"ListItem\",\"position\":3,\"name\":\"Koszula m\u0119ska koloru bia\u0142ego z d\u0142ugim r\u0119kawem\"}]},{\"@type\":\"WebSite\",\"@id\":\"https:\\\/\\\/kreatortorun.pl\\\/#website\",\"url\":\"https:\\\/\\\/kreatortorun.pl\\\/\",\"name\":\"Kreator Toru\u0144\",\"description\":\"Producent mundur\u00f3w, kombinezon\u00f3w i odzie\u017cy taktycznej\",\"publisher\":{\"@id\":\"https:\\\/\\\/kreatortorun.pl\\\/#organization\"},\"potentialAction\":[{\"@type\":\"SearchAction\",\"target\":{\"@type\":\"EntryPoint\",\"urlTemplate\":\"https:\\\/\\\/kreatortorun.pl\\\/?s={search_term_string}\"},\"query-input\":{\"@type\":\"PropertyValueSpecification\",\"valueRequired\":true,\"valueName\":\"search_term_string\"}}],\"inLanguage\":\"en-US\"},{\"@type\":\"Organization\",\"@id\":\"https:\\\/\\\/kreatortorun.pl\\\/#organization\",\"name\":\"Kreator Toru\u0144\",\"url\":\"https:\\\/\\\/kreatortorun.pl\\\/\",\"logo\":{\"@type\":\"ImageObject\",\"inLanguage\":\"en-US\",\"@id\":\"https:\\\/\\\/kreatortorun.pl\\\/#\\\/schema\\\/logo\\\/image\\\/\",\"url\":\"https:\\\/\\\/kreatortorun.pl\\\/wp-content\\\/uploads\\\/2024\\\/02\\\/cropped-kreator-logo-favicon.png\",\"contentUrl\":\"https:\\\/\\\/kreatortorun.pl\\\/wp-content\\\/uploads\\\/2024\\\/02\\\/cropped-kreator-logo-favicon.png\",\"width\":512,\"height\":512,\"caption\":\"Kreator Toru\u0144\"},\"image\":{\"@id\":\"https:\\\/\\\/kreatortorun.pl\\\/#\\\/schema\\\/logo\\\/image\\\/\"},\"sameAs\":[\"https:\\\/\\\/www.facebook.com\\\/torun.kreator\",\"https:\\\/\\\/www.youtube.com\\\/@kreatortorun1862\"]}]}<\/script>\n<!-- \/ Yoast SEO plugin. -->","yoast_head_json":{"title":"Koszula m\u0119ska koloru bia\u0142ego z d\u0142ugim r\u0119kawem - Kreator Toru\u0144","description":"Bia\u0142a koszula m\u0119ska z d\u0142ugim r\u0119kawem do munduru galowego i munduru wyj\u015bciowego wi\u0119kszo\u015bci s\u0142u\u017cb mundurowych RP.","robots":{"index":"index","follow":"follow","max-snippet":"max-snippet:-1","max-image-preview":"max-image-preview:large","max-video-preview":"max-video-preview:-1"},"canonical":"https:\/\/kreatortorun.pl\/produkt\/koszula-koloru-bialego-wzor-303-mon\/","og_locale":"en_US","og_type":"article","og_title":"Koszula m\u0119ska koloru bia\u0142ego z d\u0142ugim r\u0119kawem - Kreator Toru\u0144","og_description":"Bia\u0142a koszula m\u0119ska z d\u0142ugim r\u0119kawem do munduru galowego i munduru wyj\u015bciowego wi\u0119kszo\u015bci s\u0142u\u017cb mundurowych RP.","og_url":"https:\/\/kreatortorun.pl\/produkt\/koszula-koloru-bialego-wzor-303-mon\/","og_site_name":"Kreator Toru\u0144","article_publisher":"https:\/\/www.facebook.com\/torun.kreator","article_modified_time":"2026-04-29T14:39:25+00:00","og_image":[{"width":1200,"height":1200,"url":"https:\/\/kreatortorun.pl\/wp-content\/uploads\/2021\/10\/PARE.PL-koszula_meska-8313.jpg","type":"image\/jpeg"}],"twitter_card":"summary_large_image","twitter_misc":{"Est. reading time":"2 minutes"},"schema":{"@context":"https:\/\/schema.org","@graph":[{"@type":"WebPage","@id":"https:\/\/kreatortorun.pl\/produkt\/koszula-koloru-bialego-wzor-303-mon\/","url":"https:\/\/kreatortorun.pl\/produkt\/koszula-koloru-bialego-wzor-303-mon\/","name":"Koszula m\u0119ska koloru bia\u0142ego z d\u0142ugim r\u0119kawem - Kreator Toru\u0144","isPartOf":{"@id":"https:\/\/kreatortorun.pl\/#website"},"primaryImageOfPage":{"@id":"https:\/\/kreatortorun.pl\/produkt\/koszula-koloru-bialego-wzor-303-mon\/#primaryimage"},"image":{"@id":"https:\/\/kreatortorun.pl\/produkt\/koszula-koloru-bialego-wzor-303-mon\/#primaryimage"},"thumbnailUrl":"https:\/\/kreatortorun.pl\/wp-content\/uploads\/2021\/10\/PARE.PL-koszula_meska-8313.jpg","datePublished":"2021-12-20T17:00:30+00:00","dateModified":"2026-04-29T14:39:25+00:00","description":"Bia\u0142a koszula m\u0119ska z d\u0142ugim r\u0119kawem do munduru galowego i munduru wyj\u015bciowego wi\u0119kszo\u015bci s\u0142u\u017cb mundurowych RP.","breadcrumb":{"@id":"https:\/\/kreatortorun.pl\/produkt\/koszula-koloru-bialego-wzor-303-mon\/#breadcrumb"},"inLanguage":"en-US","potentialAction":[{"@type":"ReadAction","target":["https:\/\/kreatortorun.pl\/produkt\/koszula-koloru-bialego-wzor-303-mon\/"]}]},{"@type":"ImageObject","inLanguage":"en-US","@id":"https:\/\/kreatortorun.pl\/produkt\/koszula-koloru-bialego-wzor-303-mon\/#primaryimage","url":"https:\/\/kreatortorun.pl\/wp-content\/uploads\/2021\/10\/PARE.PL-koszula_meska-8313.jpg","contentUrl":"https:\/\/kreatortorun.pl\/wp-content\/uploads\/2021\/10\/PARE.PL-koszula_meska-8313.jpg","width":1200,"height":1200},{"@type":"BreadcrumbList","@id":"https:\/\/kreatortorun.pl\/produkt\/koszula-koloru-bialego-wzor-303-mon\/#breadcrumb","itemListElement":[{"@type":"ListItem","position":1,"name":"Strona g\u0142\u00f3wna","item":"https:\/\/kreatortorun.pl\/en\/"},{"@type":"ListItem","position":2,"name":"Shop","item":"https:\/\/kreatortorun.pl\/en\/shop\/"},{"@type":"ListItem","position":3,"name":"Koszula m\u0119ska koloru bia\u0142ego z d\u0142ugim r\u0119kawem"}]},{"@type":"WebSite","@id":"https:\/\/kreatortorun.pl\/#website","url":"https:\/\/kreatortorun.pl\/","name":"Kreator Toru\u0144","description":"Producent mundur\u00f3w, kombinezon\u00f3w i odzie\u017cy taktycznej","publisher":{"@id":"https:\/\/kreatortorun.pl\/#organization"},"potentialAction":[{"@type":"SearchAction","target":{"@type":"EntryPoint","urlTemplate":"https:\/\/kreatortorun.pl\/?s={search_term_string}"},"query-input":{"@type":"PropertyValueSpecification","valueRequired":true,"valueName":"search_term_string"}}],"inLanguage":"en-US"},{"@type":"Organization","@id":"https:\/\/kreatortorun.pl\/#organization","name":"Kreator Toru\u0144","url":"https:\/\/kreatortorun.pl\/","logo":{"@type":"ImageObject","inLanguage":"en-US","@id":"https:\/\/kreatortorun.pl\/#\/schema\/logo\/image\/","url":"https:\/\/kreatortorun.pl\/wp-content\/uploads\/2024\/02\/cropped-kreator-logo-favicon.png","contentUrl":"https:\/\/kreatortorun.pl\/wp-content\/uploads\/2024\/02\/cropped-kreator-logo-favicon.png","width":512,"height":512,"caption":"Kreator Toru\u0144"},"image":{"@id":"https:\/\/kreatortorun.pl\/#\/schema\/logo\/image\/"},"sameAs":["https:\/\/www.facebook.com\/torun.kreator","https:\/\/www.youtube.com\/@kreatortorun1862"]}]}},"_links":{"self":[{"href":"https:\/\/kreatortorun.pl\/en\/wp-json\/wp\/v2\/product\/4747","targetHints":{"allow":["GET"]}}],"collection":[{"href":"https:\/\/kreatortorun.pl\/en\/wp-json\/wp\/v2\/product"}],"about":[{"href":"https:\/\/kreatortorun.pl\/en\/wp-json\/wp\/v2\/types\/product"}],"wp:featuredmedia":[{"embeddable":true,"href":"https:\/\/kreatortorun.pl\/en\/wp-json\/wp\/v2\/media\/1778"}],"wp:attachment":[{"href":"https:\/\/kreatortorun.pl\/en\/wp-json\/wp\/v2\/media?parent=4747"}],"wp:term":[{"taxonomy":"product_brand","embeddable":true,"href":"https:\/\/kreatortorun.pl\/en\/wp-json\/wp\/v2\/product_brand?post=4747"},{"taxonomy":"product_cat","embeddable":true,"href":"https:\/\/kreatortorun.pl\/en\/wp-json\/wp\/v2\/product_cat?post=4747"},{"taxonomy":"product_tag","embeddable":true,"href":"https:\/\/kreatortorun.pl\/en\/wp-json\/wp\/v2\/product_tag?post=4747"}],"curies":[{"name":"wp","href":"https:\/\/api.w.org\/{rel}","templated":true}]}}