{"id":4813,"date":"2021-12-20T17:16:43","date_gmt":"2021-12-20T17:16:43","guid":{"rendered":"https:\/\/kreatortorun.pl\/?post_type=product&#038;p=4813"},"modified":"2026-04-27T09:06:06","modified_gmt":"2026-04-27T09:06:06","slug":"koszula-kolor-bialy-wzor-303d-mon","status":"publish","type":"product","link":"https:\/\/kreatortorun.pl\/en\/produkt\/koszula-kolor-bialy-wzor-303d-mon\/","title":{"rendered":"Koszula damska koloru bia\u0142ego z d\u0142ugim r\u0119kawem"},"content":{"rendered":"<h1 class=\"Default\"><span lang=\"PL\">Koszula damska do munduru<\/span><\/h1>\n<p class=\"Default\"><span lang=\"PL\">Koszula z d\u0142ugimi r\u0119kawami, zapinana z przodu na 7 guzik\u00f3w na damsk\u0105 stron\u0119. G\u0142adka koszula w kolorze bia\u0142ym idealnie sprawdzi si\u0119 do munduru wojskowego i policyjnego oraz do garnituru.\u00a0<\/span><\/p>\n<h2 data-section-id=\"1cwszdk\" data-start=\"475\" data-end=\"535\">Koszula damska do munduru \u2013 uniwersalna i stylowa<\/h2>\n<p data-start=\"537\" data-end=\"776\">Bia\u0142a koszula damska z d\u0142ugim r\u0119kawem to elegancka propozycja dla kobiet pe\u0142ni\u0105cych s\u0142u\u017cb\u0119 w formacjach mundurowych. Doskonale sprawdzi si\u0119 jako <strong data-start=\"682\" data-end=\"710\">koszula policyjna damska<\/strong>, <strong data-start=\"712\" data-end=\"740\">koszula stra\u017cacka damska<\/strong>, czy <strong data-start=\"746\" data-end=\"773\">koszula wojskowa damska<\/strong>.<\/p>\n<p data-start=\"778\" data-end=\"962\">G\u0142adka tkanina i klasyczny kr\u00f3j zapewniaj\u0105 profesjonalny wygl\u0105d, a jednocze\u015bnie komfort noszenia przez ca\u0142y dzie\u0144 \u2013 zar\u00f3wno w pracy s\u0142u\u017cbowej, jak i podczas oficjalnych uroczysto\u015bci.<\/p>\n<h2 data-section-id=\"w2ggfp\" data-start=\"969\" data-end=\"1033\">Damska koszula mundurowa \u2013 funkcjonalno\u015b\u0107 i elegancja<\/h2>\n<p data-start=\"1035\" data-end=\"1173\">Ta koszula s\u0142u\u017cbowa damska zosta\u0142a zaprojektowana tak, aby \u0142\u0105czy\u0107 wygod\u0119 z estetyk\u0105. Sprawdzi si\u0119 w r\u00f3\u017cnych formacjach mundurowych, w tym:<\/p>\n<ul data-start=\"1175\" data-end=\"1334\">\n<li data-section-id=\"a4ibo6\" data-start=\"1175\" data-end=\"1212\">\n<p data-start=\"1177\" data-end=\"1212\">s\u0142u\u017cbie policyjnej i prewencyjnej<\/p>\n<\/li>\n<li data-section-id=\"1b2k0ny\" data-start=\"1213\" data-end=\"1259\">\n<p data-start=\"1215\" data-end=\"1259\">stra\u017cy po\u017carnej i jednostkach ratowniczych<\/p>\n<\/li>\n<li data-section-id=\"6mnvr0\" data-start=\"1260\" data-end=\"1294\">\n<p data-start=\"1262\" data-end=\"1294\">wojsku i s\u0142u\u017cbach pomocniczych<\/p>\n<\/li>\n<li data-section-id=\"y5vawr\" data-start=\"1295\" data-end=\"1334\">\n<p data-start=\"1297\" data-end=\"1334\">urz\u0119dach i administracji mundurowej<\/p>\n<\/li>\n<\/ul>\n<p data-start=\"1336\" data-end=\"1440\">Dopasowany kr\u00f3j damskiej koszuli mundurowej podkre\u015bla sylwetk\u0119, nie ograniczaj\u0105c ruch\u00f3w podczas pracy.<\/p>\n<h2 data-section-id=\"1quore8\" data-start=\"1447\" data-end=\"1517\">Najwa\u017cniejsze cechy \u2013 bia\u0142a koszula damska z d\u0142ugim r\u0119kawem<\/h2>\n<ul data-start=\"1519\" data-end=\"1987\">\n<li data-section-id=\"1ublwe6\" data-start=\"1519\" data-end=\"1598\">\n<p data-start=\"1521\" data-end=\"1598\"><strong data-start=\"1521\" data-end=\"1534\">Materia\u0142:<\/strong> 55% bawe\u0142na, 45% poliester \u2013 mi\u0119kki, oddychaj\u0105cy i wytrzyma\u0142y<\/p>\n<\/li>\n<li data-section-id=\"4ye2am\" data-start=\"1599\" data-end=\"1652\">\n<p data-start=\"1601\" data-end=\"1652\"><strong data-start=\"1601\" data-end=\"1611\">R\u0119kaw:<\/strong> d\u0142ugi \u2013 uniwersalny na ka\u017cd\u0105 por\u0119 roku<\/p>\n<\/li>\n<li data-section-id=\"131wa57\" data-start=\"1653\" data-end=\"1733\">\n<p data-start=\"1655\" data-end=\"1733\"><strong data-start=\"1655\" data-end=\"1668\">Ko\u0142nierz:<\/strong> klasyczny, prosty \u2013 elegancki i zgodny z regulaminem s\u0142u\u017cbowym<\/p>\n<\/li>\n<li data-section-id=\"6y6576\" data-start=\"1734\" data-end=\"1818\">\n<p data-start=\"1736\" data-end=\"1818\"><strong data-start=\"1736\" data-end=\"1752\">Wyko\u0144czenie:<\/strong> g\u0142adkie, minimalistyczne \u2013 brak kieszeni i dodatkowych przeszy\u0107<\/p>\n<\/li>\n<li data-section-id=\"9pnrto\" data-start=\"1819\" data-end=\"1911\">\n<p data-start=\"1821\" data-end=\"1911\"><strong data-start=\"1821\" data-end=\"1834\">Mankiety:<\/strong> mo\u017cliwo\u015b\u0107 u\u017cycia guzik\u00f3w lub spinek \u2013 praktyczne w pracy i na uroczysto\u015bci<\/p>\n<\/li>\n<li data-section-id=\"oikani\" data-start=\"1912\" data-end=\"1987\">\n<p data-start=\"1914\" data-end=\"1987\"><strong data-start=\"1914\" data-end=\"1923\">Kr\u00f3j:<\/strong> dopasowany, kobiecy \u2013 nowoczesna linia podkre\u015blaj\u0105ca sylwetk\u0119<\/p>\n<\/li>\n<\/ul>\n<h2 data-section-id=\"3fy5yo\" data-start=\"1994\" data-end=\"2052\">Dlaczego warto wybra\u0107 damsk\u0105 koszul\u0119 mundurow\u0105?<\/h2>\n<ul data-start=\"2054\" data-end=\"2400\">\n<li data-section-id=\"je6273\" data-start=\"2054\" data-end=\"2126\">\n<p data-start=\"2056\" data-end=\"2126\">Profesjonalny wygl\u0105d w ka\u017cdej s\u0142u\u017cbie i podczas oficjalnych wydarze\u0144<\/p>\n<\/li>\n<li data-section-id=\"1alavnw\" data-start=\"2127\" data-end=\"2198\">\n<p data-start=\"2129\" data-end=\"2198\">Dopasowana zar\u00f3wno do munduru, jak i formalnego garnituru damskiego<\/p>\n<\/li>\n<li data-section-id=\"135eymo\" data-start=\"2199\" data-end=\"2252\">\n<p data-start=\"2201\" data-end=\"2252\">Komfort noszenia dzi\u0119ki oddychaj\u0105cemu materia\u0142owi<\/p>\n<\/li>\n<li data-section-id=\"uyiqn1\" data-start=\"2253\" data-end=\"2338\">\n<p data-start=\"2255\" data-end=\"2338\">Mo\u017cliwo\u015b\u0107 stylizacji formalnej dzi\u0119ki mankietom z mo\u017cliwo\u015bci\u0105 zapinania na spinki i guziki<\/p>\n<\/li>\n<li data-section-id=\"h0oa4j\" data-start=\"2339\" data-end=\"2400\">\n<p data-start=\"2341\" data-end=\"2400\">Polska produkcja \u2013 wysoka jako\u015b\u0107 i precyzyjne wyko\u0144czenie<\/p>\n<\/li>\n<\/ul>\n<h2 data-section-id=\"hxi8jf\" data-start=\"2407\" data-end=\"2465\">Jak stylizowa\u0107 bia\u0142\u0105 koszul\u0119 damsk\u0105 do munduru?<\/h2>\n<p data-start=\"2467\" data-end=\"2604\">Bia\u0142a koszula damska z d\u0142ugim r\u0119kawem \u015bwietnie komponuje si\u0119 z elementami munduru lub klasycznymi sp\u00f3dnicami i spodniami garniturowymi.<\/p>\n<p data-start=\"2606\" data-end=\"2754\">W pracy s\u0142u\u017cbowej kluczowe jest odpowiednie obuwie \u2013 eleganckie p\u00f3\u0142buty regulaminowe lub cz\u00f3\u0142enka zapewniaj\u0105 wygod\u0119 i zgodny z regulaminem wygl\u0105d.<\/p>\n<p data-start=\"2756\" data-end=\"2918\">Dodatki, takie jak spinki do mankiet\u00f3w czy subtelna bi\u017cuteria, uzupe\u0142niaj\u0105 profesjonalny zestaw, tworz\u0105c kompletn\u0105, schludn\u0105 stylizacj\u0119 na s\u0142u\u017cb\u0119 lub uroczysto\u015b\u0107.<\/p>\n<h2>Regulaminowa damska bia\u0142a koszula z d\u0142ugim r\u0119kawem<\/h2>\n<p class=\"Default\"><span lang=\"PL\">Ko\u0142nierz koszuli do munduru na odcinanej st\u00f3jce zapinanej na jeden guzik. Przody z zaszewk\u0105 piersiow\u0105 biegn\u0105c\u0105 od szwu bocznego. Ty\u0142 z odcinanym karczkiem. Szwy barkowe skierowane na prz\u00f3d. Kraw\u0119d\u017a przodu prawego i lewego podwini\u0119ta do spodu. R\u0119kaw koszuli do munduru damskiego z rozporkiem, odszytym plisk\u0105 z zamocowaniem, wyko\u0144czone mankietem zapinanym na guzik i dziurk\u0119 bieli\u017anian\u0105 lub na spinki. D\u00f3\u0142 koszuli damskiej do munduru zaokr\u0105glony i obr\u0119biony.<\/span><\/p>\n<h2>Koszula do damskiego munduru galowego i wyj\u015bciowego<\/h2>\n<p>Koszula pasuj\u0105ca do mundur\u00f3w damskich wi\u0119kszo\u015bci s\u0142u\u017cb mundurowych: Policji, Wojsk L\u0105dowych, Marynarki Wojennej, Si\u0142 Powietrznych i WOPR.<\/p>\n","protected":false},"excerpt":{"rendered":"<p>Koszula damska bia\u0142a do munduru.<\/p>\n","protected":false},"featured_media":1774,"template":"","meta":[],"product_brand":[],"product_cat":[140,148,152,156],"product_tag":[165,166,171,190,88,89,136],"class_list":{"0":"post-4813","1":"product","2":"type-product","3":"status-publish","4":"has-post-thumbnail","6":"product_cat-akcesoria-damskie-wl","7":"product_cat-akcesoria-damskie","8":"product_cat-akcesoria-damskie-marynarka-wojenna","9":"product_cat-akcesoria-damskie-policja","10":"product_tag-mw","11":"product_tag-policja","12":"product_tag-psp","13":"product_tag-pol","14":"product_tag-wl","15":"product_tag-sp","16":"product_tag-damska","18":"first","19":"instock","20":"taxable","21":"shipping-taxable","22":"purchasable","23":"product-type-variable"},"yoast_head":"<!-- This site is optimized with the Yoast SEO plugin v27.3 - https:\/\/yoast.com\/product\/yoast-seo-wordpress\/ -->\n<title>Koszula damska koloru bia\u0142ego z d\u0142ugim r\u0119kawem - Kreator Toru\u0144<\/title>\n<meta name=\"description\" content=\"Koszula damska bia\u0142a z d\u0142ugim r\u0119kawem do munduru damskiego galowego, wyj\u015bciowego i s\u0142u\u017cbowego. Sprawdzi si\u0119 jako dodatek do umundurowania wojskowego i policyjnego.\" \/>\n<meta name=\"robots\" content=\"index, follow, max-snippet:-1, max-image-preview:large, max-video-preview:-1\" \/>\n<link rel=\"canonical\" href=\"https:\/\/kreatortorun.pl\/produkt\/koszula-kolor-bialy-wzor-303d-mon\/\" \/>\n<meta property=\"og:locale\" content=\"en_US\" \/>\n<meta property=\"og:type\" content=\"article\" \/>\n<meta property=\"og:title\" content=\"Koszula damska koloru bia\u0142ego z d\u0142ugim r\u0119kawem - Kreator Toru\u0144\" \/>\n<meta property=\"og:description\" content=\"Koszula damska bia\u0142a z d\u0142ugim r\u0119kawem do munduru damskiego galowego, wyj\u015bciowego i s\u0142u\u017cbowego. Sprawdzi si\u0119 jako dodatek do umundurowania wojskowego i policyjnego.\" \/>\n<meta property=\"og:url\" content=\"https:\/\/kreatortorun.pl\/produkt\/koszula-kolor-bialy-wzor-303d-mon\/\" \/>\n<meta property=\"og:site_name\" content=\"Kreator Toru\u0144\" \/>\n<meta property=\"article:publisher\" content=\"https:\/\/www.facebook.com\/torun.kreator\" \/>\n<meta property=\"article:modified_time\" content=\"2026-04-27T09:06:06+00:00\" \/>\n<meta property=\"og:image\" content=\"https:\/\/kreatortorun.pl\/wp-content\/uploads\/2021\/10\/PARE.PL-koszula_damska-8320.jpg\" \/>\n\t<meta property=\"og:image:width\" content=\"1200\" \/>\n\t<meta property=\"og:image:height\" content=\"1200\" \/>\n\t<meta property=\"og:image:type\" content=\"image\/jpeg\" \/>\n<meta name=\"twitter:card\" content=\"summary_large_image\" \/>\n<meta name=\"twitter:label1\" content=\"Est. reading time\" \/>\n\t<meta name=\"twitter:data1\" content=\"3 minutes\" \/>\n<script type=\"application\/ld+json\" class=\"yoast-schema-graph\">{\"@context\":\"https:\\\/\\\/schema.org\",\"@graph\":[{\"@type\":\"WebPage\",\"@id\":\"https:\\\/\\\/kreatortorun.pl\\\/produkt\\\/koszula-kolor-bialy-wzor-303d-mon\\\/\",\"url\":\"https:\\\/\\\/kreatortorun.pl\\\/produkt\\\/koszula-kolor-bialy-wzor-303d-mon\\\/\",\"name\":\"Koszula damska koloru bia\u0142ego z d\u0142ugim r\u0119kawem - Kreator Toru\u0144\",\"isPartOf\":{\"@id\":\"https:\\\/\\\/kreatortorun.pl\\\/#website\"},\"primaryImageOfPage\":{\"@id\":\"https:\\\/\\\/kreatortorun.pl\\\/produkt\\\/koszula-kolor-bialy-wzor-303d-mon\\\/#primaryimage\"},\"image\":{\"@id\":\"https:\\\/\\\/kreatortorun.pl\\\/produkt\\\/koszula-kolor-bialy-wzor-303d-mon\\\/#primaryimage\"},\"thumbnailUrl\":\"https:\\\/\\\/kreatortorun.pl\\\/wp-content\\\/uploads\\\/2021\\\/10\\\/PARE.PL-koszula_damska-8320.jpg\",\"datePublished\":\"2021-12-20T17:16:43+00:00\",\"dateModified\":\"2026-04-27T09:06:06+00:00\",\"description\":\"Koszula damska bia\u0142a z d\u0142ugim r\u0119kawem do munduru damskiego galowego, wyj\u015bciowego i s\u0142u\u017cbowego. Sprawdzi si\u0119 jako dodatek do umundurowania wojskowego i policyjnego.\",\"breadcrumb\":{\"@id\":\"https:\\\/\\\/kreatortorun.pl\\\/produkt\\\/koszula-kolor-bialy-wzor-303d-mon\\\/#breadcrumb\"},\"inLanguage\":\"en-US\",\"potentialAction\":[{\"@type\":\"ReadAction\",\"target\":[\"https:\\\/\\\/kreatortorun.pl\\\/produkt\\\/koszula-kolor-bialy-wzor-303d-mon\\\/\"]}]},{\"@type\":\"ImageObject\",\"inLanguage\":\"en-US\",\"@id\":\"https:\\\/\\\/kreatortorun.pl\\\/produkt\\\/koszula-kolor-bialy-wzor-303d-mon\\\/#primaryimage\",\"url\":\"https:\\\/\\\/kreatortorun.pl\\\/wp-content\\\/uploads\\\/2021\\\/10\\\/PARE.PL-koszula_damska-8320.jpg\",\"contentUrl\":\"https:\\\/\\\/kreatortorun.pl\\\/wp-content\\\/uploads\\\/2021\\\/10\\\/PARE.PL-koszula_damska-8320.jpg\",\"width\":1200,\"height\":1200},{\"@type\":\"BreadcrumbList\",\"@id\":\"https:\\\/\\\/kreatortorun.pl\\\/produkt\\\/koszula-kolor-bialy-wzor-303d-mon\\\/#breadcrumb\",\"itemListElement\":[{\"@type\":\"ListItem\",\"position\":1,\"name\":\"Strona g\u0142\u00f3wna\",\"item\":\"https:\\\/\\\/kreatortorun.pl\\\/en\\\/\"},{\"@type\":\"ListItem\",\"position\":2,\"name\":\"Shop\",\"item\":\"https:\\\/\\\/kreatortorun.pl\\\/en\\\/shop\\\/\"},{\"@type\":\"ListItem\",\"position\":3,\"name\":\"Koszula damska koloru bia\u0142ego z d\u0142ugim r\u0119kawem\"}]},{\"@type\":\"WebSite\",\"@id\":\"https:\\\/\\\/kreatortorun.pl\\\/#website\",\"url\":\"https:\\\/\\\/kreatortorun.pl\\\/\",\"name\":\"Kreator Toru\u0144\",\"description\":\"Producent mundur\u00f3w, kombinezon\u00f3w i odzie\u017cy taktycznej\",\"publisher\":{\"@id\":\"https:\\\/\\\/kreatortorun.pl\\\/#organization\"},\"potentialAction\":[{\"@type\":\"SearchAction\",\"target\":{\"@type\":\"EntryPoint\",\"urlTemplate\":\"https:\\\/\\\/kreatortorun.pl\\\/?s={search_term_string}\"},\"query-input\":{\"@type\":\"PropertyValueSpecification\",\"valueRequired\":true,\"valueName\":\"search_term_string\"}}],\"inLanguage\":\"en-US\"},{\"@type\":\"Organization\",\"@id\":\"https:\\\/\\\/kreatortorun.pl\\\/#organization\",\"name\":\"Kreator Toru\u0144\",\"url\":\"https:\\\/\\\/kreatortorun.pl\\\/\",\"logo\":{\"@type\":\"ImageObject\",\"inLanguage\":\"en-US\",\"@id\":\"https:\\\/\\\/kreatortorun.pl\\\/#\\\/schema\\\/logo\\\/image\\\/\",\"url\":\"https:\\\/\\\/kreatortorun.pl\\\/wp-content\\\/uploads\\\/2024\\\/02\\\/cropped-kreator-logo-favicon.png\",\"contentUrl\":\"https:\\\/\\\/kreatortorun.pl\\\/wp-content\\\/uploads\\\/2024\\\/02\\\/cropped-kreator-logo-favicon.png\",\"width\":512,\"height\":512,\"caption\":\"Kreator Toru\u0144\"},\"image\":{\"@id\":\"https:\\\/\\\/kreatortorun.pl\\\/#\\\/schema\\\/logo\\\/image\\\/\"},\"sameAs\":[\"https:\\\/\\\/www.facebook.com\\\/torun.kreator\",\"https:\\\/\\\/www.youtube.com\\\/@kreatortorun1862\"]}]}<\/script>\n<!-- \/ Yoast SEO plugin. -->","yoast_head_json":{"title":"Koszula damska koloru bia\u0142ego z d\u0142ugim r\u0119kawem - Kreator Toru\u0144","description":"Koszula damska bia\u0142a z d\u0142ugim r\u0119kawem do munduru damskiego galowego, wyj\u015bciowego i s\u0142u\u017cbowego. Sprawdzi si\u0119 jako dodatek do umundurowania wojskowego i policyjnego.","robots":{"index":"index","follow":"follow","max-snippet":"max-snippet:-1","max-image-preview":"max-image-preview:large","max-video-preview":"max-video-preview:-1"},"canonical":"https:\/\/kreatortorun.pl\/produkt\/koszula-kolor-bialy-wzor-303d-mon\/","og_locale":"en_US","og_type":"article","og_title":"Koszula damska koloru bia\u0142ego z d\u0142ugim r\u0119kawem - Kreator Toru\u0144","og_description":"Koszula damska bia\u0142a z d\u0142ugim r\u0119kawem do munduru damskiego galowego, wyj\u015bciowego i s\u0142u\u017cbowego. Sprawdzi si\u0119 jako dodatek do umundurowania wojskowego i policyjnego.","og_url":"https:\/\/kreatortorun.pl\/produkt\/koszula-kolor-bialy-wzor-303d-mon\/","og_site_name":"Kreator Toru\u0144","article_publisher":"https:\/\/www.facebook.com\/torun.kreator","article_modified_time":"2026-04-27T09:06:06+00:00","og_image":[{"width":1200,"height":1200,"url":"https:\/\/kreatortorun.pl\/wp-content\/uploads\/2021\/10\/PARE.PL-koszula_damska-8320.jpg","type":"image\/jpeg"}],"twitter_card":"summary_large_image","twitter_misc":{"Est. reading time":"3 minutes"},"schema":{"@context":"https:\/\/schema.org","@graph":[{"@type":"WebPage","@id":"https:\/\/kreatortorun.pl\/produkt\/koszula-kolor-bialy-wzor-303d-mon\/","url":"https:\/\/kreatortorun.pl\/produkt\/koszula-kolor-bialy-wzor-303d-mon\/","name":"Koszula damska koloru bia\u0142ego z d\u0142ugim r\u0119kawem - Kreator Toru\u0144","isPartOf":{"@id":"https:\/\/kreatortorun.pl\/#website"},"primaryImageOfPage":{"@id":"https:\/\/kreatortorun.pl\/produkt\/koszula-kolor-bialy-wzor-303d-mon\/#primaryimage"},"image":{"@id":"https:\/\/kreatortorun.pl\/produkt\/koszula-kolor-bialy-wzor-303d-mon\/#primaryimage"},"thumbnailUrl":"https:\/\/kreatortorun.pl\/wp-content\/uploads\/2021\/10\/PARE.PL-koszula_damska-8320.jpg","datePublished":"2021-12-20T17:16:43+00:00","dateModified":"2026-04-27T09:06:06+00:00","description":"Koszula damska bia\u0142a z d\u0142ugim r\u0119kawem do munduru damskiego galowego, wyj\u015bciowego i s\u0142u\u017cbowego. Sprawdzi si\u0119 jako dodatek do umundurowania wojskowego i policyjnego.","breadcrumb":{"@id":"https:\/\/kreatortorun.pl\/produkt\/koszula-kolor-bialy-wzor-303d-mon\/#breadcrumb"},"inLanguage":"en-US","potentialAction":[{"@type":"ReadAction","target":["https:\/\/kreatortorun.pl\/produkt\/koszula-kolor-bialy-wzor-303d-mon\/"]}]},{"@type":"ImageObject","inLanguage":"en-US","@id":"https:\/\/kreatortorun.pl\/produkt\/koszula-kolor-bialy-wzor-303d-mon\/#primaryimage","url":"https:\/\/kreatortorun.pl\/wp-content\/uploads\/2021\/10\/PARE.PL-koszula_damska-8320.jpg","contentUrl":"https:\/\/kreatortorun.pl\/wp-content\/uploads\/2021\/10\/PARE.PL-koszula_damska-8320.jpg","width":1200,"height":1200},{"@type":"BreadcrumbList","@id":"https:\/\/kreatortorun.pl\/produkt\/koszula-kolor-bialy-wzor-303d-mon\/#breadcrumb","itemListElement":[{"@type":"ListItem","position":1,"name":"Strona g\u0142\u00f3wna","item":"https:\/\/kreatortorun.pl\/en\/"},{"@type":"ListItem","position":2,"name":"Shop","item":"https:\/\/kreatortorun.pl\/en\/shop\/"},{"@type":"ListItem","position":3,"name":"Koszula damska koloru bia\u0142ego z d\u0142ugim r\u0119kawem"}]},{"@type":"WebSite","@id":"https:\/\/kreatortorun.pl\/#website","url":"https:\/\/kreatortorun.pl\/","name":"Kreator Toru\u0144","description":"Producent mundur\u00f3w, kombinezon\u00f3w i odzie\u017cy taktycznej","publisher":{"@id":"https:\/\/kreatortorun.pl\/#organization"},"potentialAction":[{"@type":"SearchAction","target":{"@type":"EntryPoint","urlTemplate":"https:\/\/kreatortorun.pl\/?s={search_term_string}"},"query-input":{"@type":"PropertyValueSpecification","valueRequired":true,"valueName":"search_term_string"}}],"inLanguage":"en-US"},{"@type":"Organization","@id":"https:\/\/kreatortorun.pl\/#organization","name":"Kreator Toru\u0144","url":"https:\/\/kreatortorun.pl\/","logo":{"@type":"ImageObject","inLanguage":"en-US","@id":"https:\/\/kreatortorun.pl\/#\/schema\/logo\/image\/","url":"https:\/\/kreatortorun.pl\/wp-content\/uploads\/2024\/02\/cropped-kreator-logo-favicon.png","contentUrl":"https:\/\/kreatortorun.pl\/wp-content\/uploads\/2024\/02\/cropped-kreator-logo-favicon.png","width":512,"height":512,"caption":"Kreator Toru\u0144"},"image":{"@id":"https:\/\/kreatortorun.pl\/#\/schema\/logo\/image\/"},"sameAs":["https:\/\/www.facebook.com\/torun.kreator","https:\/\/www.youtube.com\/@kreatortorun1862"]}]}},"_links":{"self":[{"href":"https:\/\/kreatortorun.pl\/en\/wp-json\/wp\/v2\/product\/4813","targetHints":{"allow":["GET"]}}],"collection":[{"href":"https:\/\/kreatortorun.pl\/en\/wp-json\/wp\/v2\/product"}],"about":[{"href":"https:\/\/kreatortorun.pl\/en\/wp-json\/wp\/v2\/types\/product"}],"wp:featuredmedia":[{"embeddable":true,"href":"https:\/\/kreatortorun.pl\/en\/wp-json\/wp\/v2\/media\/1774"}],"wp:attachment":[{"href":"https:\/\/kreatortorun.pl\/en\/wp-json\/wp\/v2\/media?parent=4813"}],"wp:term":[{"taxonomy":"product_brand","embeddable":true,"href":"https:\/\/kreatortorun.pl\/en\/wp-json\/wp\/v2\/product_brand?post=4813"},{"taxonomy":"product_cat","embeddable":true,"href":"https:\/\/kreatortorun.pl\/en\/wp-json\/wp\/v2\/product_cat?post=4813"},{"taxonomy":"product_tag","embeddable":true,"href":"https:\/\/kreatortorun.pl\/en\/wp-json\/wp\/v2\/product_tag?post=4813"}],"curies":[{"name":"wp","href":"https:\/\/api.w.org\/{rel}","templated":true}]}}