{"id":5414,"date":"2022-01-18T21:24:35","date_gmt":"2022-01-18T21:24:35","guid":{"rendered":"https:\/\/kreatortorun.pl\/?post_type=product&#038;p=5414"},"modified":"2026-04-26T10:43:37","modified_gmt":"2026-04-26T10:43:37","slug":"spinki-wojsk-ladowych-wzor-841a-mon","status":"publish","type":"product","link":"https:\/\/kreatortorun.pl\/en\/produkt\/spinki-wojsk-ladowych-wzor-841a-mon\/","title":{"rendered":"Spinki do mankiet\u00f3w i krawata Wojsk L\u0105dowych wz\u00f3r 841A\/MON"},"content":{"rendered":"<h1 style=\"text-align: justify;\"><strong>Spinki <\/strong><strong>841A\/MON <\/strong><strong>do munduru WL\u00a0<\/strong><\/h1>\n<p style=\"text-align: justify;\">Spinki wojsk l\u0105dowych, si\u0142 powietrznych i marynarki wojennej \u2013 Wz\u00f3r 841A\/MON przeznaczone s\u0105 do u\u017cytkowania przez \u017co\u0142nierzy \u2013 m\u0119\u017cczyzn.<\/p>\n<p style=\"text-align: justify;\">Spinki wojsk l\u0105dowych, si\u0142 powietrznych i marynarki wojennej \u2013 Wz\u00f3r 841D\/MON przeznaczone s\u0105 do u\u017cytkowania przez \u017co\u0142nierzy \u2013 kobiety.<\/p>\n<p style=\"text-align: justify;\">Komplet spinek \u2013 spinki do mankiet\u00f3w i spinka do krawata umieszczone s\u0105 w pude\u0142ku\/etui koloru czarnego.<\/p>\n<p style=\"text-align: justify;\"><strong>Spinki do mankiet\u00f3w Wojsk L\u0105dowych<\/strong><\/p>\n<p style=\"text-align: justify;\">Spinka do mankiet\u00f3w sk\u0142ada si\u0119 z tarczy w kszta\u0142cie ko\u0142a, do kt\u00f3rej przymocowana jest n\u00f3\u017cka oraz przegubowa zapinka. Wewn\u0105trz ko\u0142a na tarczy umieszczony jest emblemat or\u0142a, odpowiedni dla wojsk l\u0105dowych, si\u0142 powietrznych lub symbol \u201eMW z kotwic\u0105\u201d dla marynarki wojennej.<\/p>\n<p style=\"text-align: justify;\">Elementy spinki: n\u00f3\u017cka, przegubowa zapinka, ramka tarczy wraz z odpowiednim emblematem or\u0142a wojsk l\u0105dowych lub si\u0142 powietrznych wykonane s\u0105 w kolorze srebrnym, natomiast t\u0142o tarczy w kolorze zielonym dla wojsk l\u0105dowych oraz niebieskim dla si\u0142 powietrznych.<\/p>\n<p style=\"text-align: justify;\">Elementy spinki: n\u00f3\u017cka, przegubowa zapinka, ramka tarczy oraz symbol \u201eMW z kotwic\u0105\u201d dla spinek do mankiet\u00f3w marynarki wojennej wykonane s\u0105 w kolorze z\u0142otym, natomiast t\u0142o tarczy w kolorze granatowym.<\/p>\n<p style=\"text-align: justify;\"><strong>Spinka do krawata Wojsk L\u0105dowych<\/strong><\/p>\n<p style=\"text-align: justify;\">Tarcza spinki do krawata ma kszta\u0142t prostok\u0105ta z ko\u0142em wpisanym asymetrycznie z prawej (dla Wzoru 841A\/MON) lub z lewej (dla Wzoru 841D\/MON) strony od osi symetrii prostok\u0105ta.<\/p>\n<p style=\"text-align: justify;\">W centrum ko\u0142a umieszczony jest emblemat or\u0142a, odpowiedni dla rodzaju wojsk l\u0105dowych i si\u0142 powietrznych lub symbol \u201eMW z kotwic\u0105\u201d dla marynarki wojennej.<\/p>\n<p style=\"text-align: justify;\">Na spodniej stronie tarczy spinki zamocowany jest przegubowy, spr\u0119\u017cynuj\u0105cy zacisk pozwalaj\u0105cy na przypi\u0119cie spinki do krawata oraz \u0142a\u0144cuszek zako\u0144czony oczkiem, kt\u00f3ry umo\u017cliwia zapi\u0119cie\/zaczepienie go na guzik koszuli.<\/p>\n<p style=\"text-align: justify;\">Elementy spinki, ramka tarczy oraz orze\u0142 odpowiedni dla wojsk l\u0105dowych lub si\u0142 powietrznych wykonane s\u0105 w kolorze srebrnym, natomiast t\u0142o tarczy w kolorze zielonym dla wojsk l\u0105dowych oraz niebieskim dla si\u0142 powietrznych.<\/p>\n<p style=\"text-align: justify;\">Elementy spinki, ramka tarczy oraz symbol \u201eMW z kotwic\u0105\u201d dla spinki do krawata marynarki wojennej wykonane s\u0105 w kolorze z\u0142otym, natomiast t\u0142o tarczy w kolorze granatowym.<\/p>\n<p style=\"text-align: justify;\"><strong>Etui na komplet spinek Wojsk L\u0105dowych<\/strong><\/p>\n<p style=\"text-align: justify;\">Komplet spinek Wojsk L\u0105dowych umieszczonych jest w etui w formie pude\u0142ka z kartonu lub tworzywa sztucznego. Wewn\u0105trz pude\u0142ka\/etui znajduje si\u0119 przegroda (wk\u0142adka) z elementami do zamocowania kompletu spinek. Pude\u0142ko\/etui wraz z przegrod\u0105 (wk\u0142adk\u0105) wykonane jest w kolorze czarnym.<\/p>\n","protected":false},"excerpt":{"rendered":"<p>Spinki do munduru WL zgodne z dokumentacj\u0105 WDTT.<\/p>\n","protected":false},"featured_media":4227,"template":"","meta":[],"product_brand":[],"product_cat":[111],"product_tag":[88],"class_list":{"0":"post-5414","1":"product","2":"type-product","3":"status-publish","4":"has-post-thumbnail","6":"product_cat-akcesoria-meskie-wl","7":"product_tag-wl","9":"first","10":"instock","11":"taxable","12":"shipping-taxable","13":"purchasable","14":"product-type-simple"},"yoast_head":"<!-- This site is optimized with the Yoast SEO plugin v27.3 - https:\/\/yoast.com\/product\/yoast-seo-wordpress\/ -->\n<title>Spinki do mankiet\u00f3w i krawata Wojsk L\u0105dowych wz\u00f3r 841A\/MON - Kreator Toru\u0144<\/title>\n<meta name=\"robots\" content=\"index, follow, max-snippet:-1, max-image-preview:large, max-video-preview:-1\" \/>\n<link rel=\"canonical\" href=\"https:\/\/kreatortorun.pl\/produkt\/spinki-wojsk-ladowych-wzor-841a-mon\/\" \/>\n<meta property=\"og:locale\" content=\"en_US\" \/>\n<meta property=\"og:type\" content=\"article\" \/>\n<meta property=\"og:title\" content=\"Spinki do mankiet\u00f3w i krawata Wojsk L\u0105dowych wz\u00f3r 841A\/MON - Kreator Toru\u0144\" \/>\n<meta property=\"og:description\" content=\"Spinki do munduru WL zgodne z dokumentacj\u0105 WDTT.\" \/>\n<meta property=\"og:url\" content=\"https:\/\/kreatortorun.pl\/produkt\/spinki-wojsk-ladowych-wzor-841a-mon\/\" \/>\n<meta property=\"og:site_name\" content=\"Kreator Toru\u0144\" \/>\n<meta property=\"article:publisher\" content=\"https:\/\/www.facebook.com\/torun.kreator\" \/>\n<meta property=\"article:modified_time\" content=\"2026-04-26T10:43:37+00:00\" \/>\n<meta property=\"og:image\" content=\"https:\/\/kreatortorun.pl\/wp-content\/uploads\/2021\/12\/PARE.PL-WL-spinki-7590.jpg\" \/>\n\t<meta property=\"og:image:width\" content=\"1200\" \/>\n\t<meta property=\"og:image:height\" content=\"1200\" \/>\n\t<meta property=\"og:image:type\" content=\"image\/jpeg\" \/>\n<meta name=\"twitter:card\" content=\"summary_large_image\" \/>\n<meta name=\"twitter:label1\" content=\"Est. reading time\" \/>\n\t<meta name=\"twitter:data1\" content=\"3 minutes\" \/>\n<script type=\"application\/ld+json\" class=\"yoast-schema-graph\">{\"@context\":\"https:\\\/\\\/schema.org\",\"@graph\":[{\"@type\":\"WebPage\",\"@id\":\"https:\\\/\\\/kreatortorun.pl\\\/produkt\\\/spinki-wojsk-ladowych-wzor-841a-mon\\\/\",\"url\":\"https:\\\/\\\/kreatortorun.pl\\\/produkt\\\/spinki-wojsk-ladowych-wzor-841a-mon\\\/\",\"name\":\"Spinki do mankiet\u00f3w i krawata Wojsk L\u0105dowych wz\u00f3r 841A\\\/MON - Kreator Toru\u0144\",\"isPartOf\":{\"@id\":\"https:\\\/\\\/kreatortorun.pl\\\/#website\"},\"primaryImageOfPage\":{\"@id\":\"https:\\\/\\\/kreatortorun.pl\\\/produkt\\\/spinki-wojsk-ladowych-wzor-841a-mon\\\/#primaryimage\"},\"image\":{\"@id\":\"https:\\\/\\\/kreatortorun.pl\\\/produkt\\\/spinki-wojsk-ladowych-wzor-841a-mon\\\/#primaryimage\"},\"thumbnailUrl\":\"https:\\\/\\\/kreatortorun.pl\\\/wp-content\\\/uploads\\\/2021\\\/12\\\/PARE.PL-WL-spinki-7590.jpg\",\"datePublished\":\"2022-01-18T21:24:35+00:00\",\"dateModified\":\"2026-04-26T10:43:37+00:00\",\"breadcrumb\":{\"@id\":\"https:\\\/\\\/kreatortorun.pl\\\/produkt\\\/spinki-wojsk-ladowych-wzor-841a-mon\\\/#breadcrumb\"},\"inLanguage\":\"en-US\",\"potentialAction\":[{\"@type\":\"ReadAction\",\"target\":[\"https:\\\/\\\/kreatortorun.pl\\\/produkt\\\/spinki-wojsk-ladowych-wzor-841a-mon\\\/\"]}]},{\"@type\":\"ImageObject\",\"inLanguage\":\"en-US\",\"@id\":\"https:\\\/\\\/kreatortorun.pl\\\/produkt\\\/spinki-wojsk-ladowych-wzor-841a-mon\\\/#primaryimage\",\"url\":\"https:\\\/\\\/kreatortorun.pl\\\/wp-content\\\/uploads\\\/2021\\\/12\\\/PARE.PL-WL-spinki-7590.jpg\",\"contentUrl\":\"https:\\\/\\\/kreatortorun.pl\\\/wp-content\\\/uploads\\\/2021\\\/12\\\/PARE.PL-WL-spinki-7590.jpg\",\"width\":1200,\"height\":1200},{\"@type\":\"BreadcrumbList\",\"@id\":\"https:\\\/\\\/kreatortorun.pl\\\/produkt\\\/spinki-wojsk-ladowych-wzor-841a-mon\\\/#breadcrumb\",\"itemListElement\":[{\"@type\":\"ListItem\",\"position\":1,\"name\":\"Strona g\u0142\u00f3wna\",\"item\":\"https:\\\/\\\/kreatortorun.pl\\\/en\\\/\"},{\"@type\":\"ListItem\",\"position\":2,\"name\":\"Shop\",\"item\":\"https:\\\/\\\/kreatortorun.pl\\\/en\\\/shop\\\/\"},{\"@type\":\"ListItem\",\"position\":3,\"name\":\"Spinki do mankiet\u00f3w i krawata Wojsk L\u0105dowych wz\u00f3r 841A\\\/MON\"}]},{\"@type\":\"WebSite\",\"@id\":\"https:\\\/\\\/kreatortorun.pl\\\/#website\",\"url\":\"https:\\\/\\\/kreatortorun.pl\\\/\",\"name\":\"Kreator Toru\u0144\",\"description\":\"Producent mundur\u00f3w, kombinezon\u00f3w i odzie\u017cy taktycznej\",\"publisher\":{\"@id\":\"https:\\\/\\\/kreatortorun.pl\\\/#organization\"},\"potentialAction\":[{\"@type\":\"SearchAction\",\"target\":{\"@type\":\"EntryPoint\",\"urlTemplate\":\"https:\\\/\\\/kreatortorun.pl\\\/?s={search_term_string}\"},\"query-input\":{\"@type\":\"PropertyValueSpecification\",\"valueRequired\":true,\"valueName\":\"search_term_string\"}}],\"inLanguage\":\"en-US\"},{\"@type\":\"Organization\",\"@id\":\"https:\\\/\\\/kreatortorun.pl\\\/#organization\",\"name\":\"Kreator Toru\u0144\",\"url\":\"https:\\\/\\\/kreatortorun.pl\\\/\",\"logo\":{\"@type\":\"ImageObject\",\"inLanguage\":\"en-US\",\"@id\":\"https:\\\/\\\/kreatortorun.pl\\\/#\\\/schema\\\/logo\\\/image\\\/\",\"url\":\"https:\\\/\\\/kreatortorun.pl\\\/wp-content\\\/uploads\\\/2024\\\/02\\\/cropped-kreator-logo-favicon.png\",\"contentUrl\":\"https:\\\/\\\/kreatortorun.pl\\\/wp-content\\\/uploads\\\/2024\\\/02\\\/cropped-kreator-logo-favicon.png\",\"width\":512,\"height\":512,\"caption\":\"Kreator Toru\u0144\"},\"image\":{\"@id\":\"https:\\\/\\\/kreatortorun.pl\\\/#\\\/schema\\\/logo\\\/image\\\/\"},\"sameAs\":[\"https:\\\/\\\/www.facebook.com\\\/torun.kreator\",\"https:\\\/\\\/www.youtube.com\\\/@kreatortorun1862\"]}]}<\/script>\n<!-- \/ Yoast SEO plugin. -->","yoast_head_json":{"title":"Spinki do mankiet\u00f3w i krawata Wojsk L\u0105dowych wz\u00f3r 841A\/MON - Kreator Toru\u0144","robots":{"index":"index","follow":"follow","max-snippet":"max-snippet:-1","max-image-preview":"max-image-preview:large","max-video-preview":"max-video-preview:-1"},"canonical":"https:\/\/kreatortorun.pl\/produkt\/spinki-wojsk-ladowych-wzor-841a-mon\/","og_locale":"en_US","og_type":"article","og_title":"Spinki do mankiet\u00f3w i krawata Wojsk L\u0105dowych wz\u00f3r 841A\/MON - Kreator Toru\u0144","og_description":"Spinki do munduru WL zgodne z dokumentacj\u0105 WDTT.","og_url":"https:\/\/kreatortorun.pl\/produkt\/spinki-wojsk-ladowych-wzor-841a-mon\/","og_site_name":"Kreator Toru\u0144","article_publisher":"https:\/\/www.facebook.com\/torun.kreator","article_modified_time":"2026-04-26T10:43:37+00:00","og_image":[{"width":1200,"height":1200,"url":"https:\/\/kreatortorun.pl\/wp-content\/uploads\/2021\/12\/PARE.PL-WL-spinki-7590.jpg","type":"image\/jpeg"}],"twitter_card":"summary_large_image","twitter_misc":{"Est. reading time":"3 minutes"},"schema":{"@context":"https:\/\/schema.org","@graph":[{"@type":"WebPage","@id":"https:\/\/kreatortorun.pl\/produkt\/spinki-wojsk-ladowych-wzor-841a-mon\/","url":"https:\/\/kreatortorun.pl\/produkt\/spinki-wojsk-ladowych-wzor-841a-mon\/","name":"Spinki do mankiet\u00f3w i krawata Wojsk L\u0105dowych wz\u00f3r 841A\/MON - Kreator Toru\u0144","isPartOf":{"@id":"https:\/\/kreatortorun.pl\/#website"},"primaryImageOfPage":{"@id":"https:\/\/kreatortorun.pl\/produkt\/spinki-wojsk-ladowych-wzor-841a-mon\/#primaryimage"},"image":{"@id":"https:\/\/kreatortorun.pl\/produkt\/spinki-wojsk-ladowych-wzor-841a-mon\/#primaryimage"},"thumbnailUrl":"https:\/\/kreatortorun.pl\/wp-content\/uploads\/2021\/12\/PARE.PL-WL-spinki-7590.jpg","datePublished":"2022-01-18T21:24:35+00:00","dateModified":"2026-04-26T10:43:37+00:00","breadcrumb":{"@id":"https:\/\/kreatortorun.pl\/produkt\/spinki-wojsk-ladowych-wzor-841a-mon\/#breadcrumb"},"inLanguage":"en-US","potentialAction":[{"@type":"ReadAction","target":["https:\/\/kreatortorun.pl\/produkt\/spinki-wojsk-ladowych-wzor-841a-mon\/"]}]},{"@type":"ImageObject","inLanguage":"en-US","@id":"https:\/\/kreatortorun.pl\/produkt\/spinki-wojsk-ladowych-wzor-841a-mon\/#primaryimage","url":"https:\/\/kreatortorun.pl\/wp-content\/uploads\/2021\/12\/PARE.PL-WL-spinki-7590.jpg","contentUrl":"https:\/\/kreatortorun.pl\/wp-content\/uploads\/2021\/12\/PARE.PL-WL-spinki-7590.jpg","width":1200,"height":1200},{"@type":"BreadcrumbList","@id":"https:\/\/kreatortorun.pl\/produkt\/spinki-wojsk-ladowych-wzor-841a-mon\/#breadcrumb","itemListElement":[{"@type":"ListItem","position":1,"name":"Strona g\u0142\u00f3wna","item":"https:\/\/kreatortorun.pl\/en\/"},{"@type":"ListItem","position":2,"name":"Shop","item":"https:\/\/kreatortorun.pl\/en\/shop\/"},{"@type":"ListItem","position":3,"name":"Spinki do mankiet\u00f3w i krawata Wojsk L\u0105dowych wz\u00f3r 841A\/MON"}]},{"@type":"WebSite","@id":"https:\/\/kreatortorun.pl\/#website","url":"https:\/\/kreatortorun.pl\/","name":"Kreator Toru\u0144","description":"Producent mundur\u00f3w, kombinezon\u00f3w i odzie\u017cy taktycznej","publisher":{"@id":"https:\/\/kreatortorun.pl\/#organization"},"potentialAction":[{"@type":"SearchAction","target":{"@type":"EntryPoint","urlTemplate":"https:\/\/kreatortorun.pl\/?s={search_term_string}"},"query-input":{"@type":"PropertyValueSpecification","valueRequired":true,"valueName":"search_term_string"}}],"inLanguage":"en-US"},{"@type":"Organization","@id":"https:\/\/kreatortorun.pl\/#organization","name":"Kreator Toru\u0144","url":"https:\/\/kreatortorun.pl\/","logo":{"@type":"ImageObject","inLanguage":"en-US","@id":"https:\/\/kreatortorun.pl\/#\/schema\/logo\/image\/","url":"https:\/\/kreatortorun.pl\/wp-content\/uploads\/2024\/02\/cropped-kreator-logo-favicon.png","contentUrl":"https:\/\/kreatortorun.pl\/wp-content\/uploads\/2024\/02\/cropped-kreator-logo-favicon.png","width":512,"height":512,"caption":"Kreator Toru\u0144"},"image":{"@id":"https:\/\/kreatortorun.pl\/#\/schema\/logo\/image\/"},"sameAs":["https:\/\/www.facebook.com\/torun.kreator","https:\/\/www.youtube.com\/@kreatortorun1862"]}]}},"_links":{"self":[{"href":"https:\/\/kreatortorun.pl\/en\/wp-json\/wp\/v2\/product\/5414","targetHints":{"allow":["GET"]}}],"collection":[{"href":"https:\/\/kreatortorun.pl\/en\/wp-json\/wp\/v2\/product"}],"about":[{"href":"https:\/\/kreatortorun.pl\/en\/wp-json\/wp\/v2\/types\/product"}],"wp:featuredmedia":[{"embeddable":true,"href":"https:\/\/kreatortorun.pl\/en\/wp-json\/wp\/v2\/media\/4227"}],"wp:attachment":[{"href":"https:\/\/kreatortorun.pl\/en\/wp-json\/wp\/v2\/media?parent=5414"}],"wp:term":[{"taxonomy":"product_brand","embeddable":true,"href":"https:\/\/kreatortorun.pl\/en\/wp-json\/wp\/v2\/product_brand?post=5414"},{"taxonomy":"product_cat","embeddable":true,"href":"https:\/\/kreatortorun.pl\/en\/wp-json\/wp\/v2\/product_cat?post=5414"},{"taxonomy":"product_tag","embeddable":true,"href":"https:\/\/kreatortorun.pl\/en\/wp-json\/wp\/v2\/product_tag?post=5414"}],"curies":[{"name":"wp","href":"https:\/\/api.w.org\/{rel}","templated":true}]}}