{"id":5423,"date":"2022-01-18T21:39:22","date_gmt":"2022-01-18T21:39:22","guid":{"rendered":"https:\/\/kreatortorun.pl\/?post_type=product&#038;p=5423"},"modified":"2026-04-29T02:09:33","modified_gmt":"2026-04-29T02:09:33","slug":"beret-wzor-418-mon","status":"publish","type":"product","link":"https:\/\/kreatortorun.pl\/en\/produkt\/beret-wzor-418-mon\/","title":{"rendered":"Beret wz\u00f3r 418\/MON z haftem komputerowym"},"content":{"rendered":"<h1 style=\"text-align: justify;\">Beret wojskowy 418\/MON<\/h1>\n<p style=\"text-align: justify;\">Beret koloru bordowego, czarnego, niebieskiego, szkar\u0142atnego i zielonego uszyty z sukna beretowego w odpowiednim kolorze.<\/p>\n<h2 style=\"text-align: justify;\">Beret 418\/MON ma kszta\u0142t owalny<\/h2>\n<p style=\"text-align: justify;\">G\u0142\u00f3wka beretu sk\u0142ada si\u0119 z czterech cz\u0119\u015bci: denka, kwatery przedniej &#8211; usztywniona oraz dw\u00f3ch kwater tylnych. Na bokach regulaminowego beretu wbite s\u0105 po dwa oczka\/wietrzniki. Beret polowy od wewn\u0105trz wyko\u0144czony jest podszewk\u0105. Brzeg beretu MON wyko\u0144czony jest lam\u00f3wk\u0105 ze sk\u00f3ry z wci\u0105gni\u0119t\u0105 tasiemk\u0105.<\/p>\n<p>Do beret\u00f3w wojskowych 418\/MON koloru zielonego, niebieskiego, bordowego, szkar\u0142atnego i czarnego przyszywane s\u0105 orze\u0142ki wojsk l\u0105dowych<\/p>\n<p style=\"text-align: justify;\">W berecie marynarskim dodatkowo wszyta jest ta\u015bma gumowa. Na \u015brodku kwatery przedniej naszyty jest emblemat orze\u0142ka (odpowiednio rodzaj orze\u0142ka w zale\u017cno\u015bci od rodzaju wojsk) wykonany metod\u0105 haftu na tkaninie zasadniczej.<\/p>\n<p>Berety marynarskie 418\/MON szyte s\u0105 z sukna koloru czarnego. Do beret\u00f3w marynarskich przyszywane s\u0105 orze\u0142ki marynarki wojennej.<\/p>\n<p style=\"text-align: justify;\">.<\/p>\n<p style=\"text-align: justify;\">\n","protected":false},"excerpt":{"rendered":"<p>Beret wojskowy 418\/MON zgodny z dokumentacj\u0105 WDTT.<\/p>\n","protected":false},"featured_media":24475,"template":"","meta":[],"product_brand":[],"product_cat":[111,140],"product_tag":[165,215,88,89],"class_list":{"0":"post-5423","1":"product","2":"type-product","3":"status-publish","4":"has-post-thumbnail","6":"product_cat-akcesoria-meskie-wl","7":"product_cat-akcesoria-damskie-wl","8":"product_tag-mw","9":"product_tag-tabelowe","10":"product_tag-wl","11":"product_tag-sp","13":"first","14":"onbackorder","15":"taxable","16":"shipping-taxable","17":"purchasable","18":"product-type-simple"},"yoast_head":"<!-- This site is optimized with the Yoast SEO plugin v27.3 - https:\/\/yoast.com\/product\/yoast-seo-wordpress\/ -->\n<title>Beret wz\u00f3r 418\/MON z haftem komputerowym - Kreator Toru\u0144<\/title>\n<meta name=\"description\" content=\"Beret polowy z orze\u0142kiem. Beret 418\/MON zgodny z dokumentacj\u0105 wojskow\u0105. Beret wojskowy w kolorze bordowym, czarnym, niebieskim, szkar\u0142atnym i zielonym.\" \/>\n<meta name=\"robots\" content=\"index, follow, max-snippet:-1, max-image-preview:large, max-video-preview:-1\" \/>\n<link rel=\"canonical\" href=\"https:\/\/kreatortorun.pl\/produkt\/beret-wzor-418-mon\/\" \/>\n<meta property=\"og:locale\" content=\"en_US\" \/>\n<meta property=\"og:type\" content=\"article\" \/>\n<meta property=\"og:title\" content=\"Beret wz\u00f3r 418\/MON z haftem komputerowym - Kreator Toru\u0144\" \/>\n<meta property=\"og:description\" content=\"Beret polowy z orze\u0142kiem. Beret 418\/MON zgodny z dokumentacj\u0105 wojskow\u0105. Beret wojskowy w kolorze bordowym, czarnym, niebieskim, szkar\u0142atnym i zielonym.\" \/>\n<meta property=\"og:url\" content=\"https:\/\/kreatortorun.pl\/produkt\/beret-wzor-418-mon\/\" \/>\n<meta property=\"og:site_name\" content=\"Kreator Toru\u0144\" \/>\n<meta property=\"article:publisher\" content=\"https:\/\/www.facebook.com\/torun.kreator\" \/>\n<meta property=\"article:modified_time\" content=\"2026-04-29T02:09:33+00:00\" \/>\n<meta property=\"og:image\" content=\"https:\/\/kreatortorun.pl\/wp-content\/uploads\/2022\/10\/Beret.jpg\" \/>\n\t<meta property=\"og:image:width\" content=\"1200\" \/>\n\t<meta property=\"og:image:height\" content=\"1200\" \/>\n\t<meta property=\"og:image:type\" content=\"image\/jpeg\" \/>\n<meta name=\"twitter:card\" content=\"summary_large_image\" \/>\n<meta name=\"twitter:label1\" content=\"Est. reading time\" \/>\n\t<meta name=\"twitter:data1\" content=\"1 minute\" \/>\n<script type=\"application\/ld+json\" class=\"yoast-schema-graph\">{\"@context\":\"https:\\\/\\\/schema.org\",\"@graph\":[{\"@type\":\"WebPage\",\"@id\":\"https:\\\/\\\/kreatortorun.pl\\\/produkt\\\/beret-wzor-418-mon\\\/\",\"url\":\"https:\\\/\\\/kreatortorun.pl\\\/produkt\\\/beret-wzor-418-mon\\\/\",\"name\":\"Beret wz\u00f3r 418\\\/MON z haftem komputerowym - Kreator Toru\u0144\",\"isPartOf\":{\"@id\":\"https:\\\/\\\/kreatortorun.pl\\\/#website\"},\"primaryImageOfPage\":{\"@id\":\"https:\\\/\\\/kreatortorun.pl\\\/produkt\\\/beret-wzor-418-mon\\\/#primaryimage\"},\"image\":{\"@id\":\"https:\\\/\\\/kreatortorun.pl\\\/produkt\\\/beret-wzor-418-mon\\\/#primaryimage\"},\"thumbnailUrl\":\"https:\\\/\\\/kreatortorun.pl\\\/wp-content\\\/uploads\\\/2022\\\/10\\\/Beret.jpg\",\"datePublished\":\"2022-01-18T21:39:22+00:00\",\"dateModified\":\"2026-04-29T02:09:33+00:00\",\"description\":\"Beret polowy z orze\u0142kiem. Beret 418\\\/MON zgodny z dokumentacj\u0105 wojskow\u0105. Beret wojskowy w kolorze bordowym, czarnym, niebieskim, szkar\u0142atnym i zielonym.\",\"breadcrumb\":{\"@id\":\"https:\\\/\\\/kreatortorun.pl\\\/produkt\\\/beret-wzor-418-mon\\\/#breadcrumb\"},\"inLanguage\":\"en-US\",\"potentialAction\":[{\"@type\":\"ReadAction\",\"target\":[\"https:\\\/\\\/kreatortorun.pl\\\/produkt\\\/beret-wzor-418-mon\\\/\"]}]},{\"@type\":\"ImageObject\",\"inLanguage\":\"en-US\",\"@id\":\"https:\\\/\\\/kreatortorun.pl\\\/produkt\\\/beret-wzor-418-mon\\\/#primaryimage\",\"url\":\"https:\\\/\\\/kreatortorun.pl\\\/wp-content\\\/uploads\\\/2022\\\/10\\\/Beret.jpg\",\"contentUrl\":\"https:\\\/\\\/kreatortorun.pl\\\/wp-content\\\/uploads\\\/2022\\\/10\\\/Beret.jpg\",\"width\":1200,\"height\":1200},{\"@type\":\"BreadcrumbList\",\"@id\":\"https:\\\/\\\/kreatortorun.pl\\\/produkt\\\/beret-wzor-418-mon\\\/#breadcrumb\",\"itemListElement\":[{\"@type\":\"ListItem\",\"position\":1,\"name\":\"Strona g\u0142\u00f3wna\",\"item\":\"https:\\\/\\\/kreatortorun.pl\\\/en\\\/\"},{\"@type\":\"ListItem\",\"position\":2,\"name\":\"Shop\",\"item\":\"https:\\\/\\\/kreatortorun.pl\\\/en\\\/shop\\\/\"},{\"@type\":\"ListItem\",\"position\":3,\"name\":\"Beret wz\u00f3r 418\\\/MON z haftem komputerowym\"}]},{\"@type\":\"WebSite\",\"@id\":\"https:\\\/\\\/kreatortorun.pl\\\/#website\",\"url\":\"https:\\\/\\\/kreatortorun.pl\\\/\",\"name\":\"Kreator Toru\u0144\",\"description\":\"Producent mundur\u00f3w, kombinezon\u00f3w i odzie\u017cy taktycznej\",\"publisher\":{\"@id\":\"https:\\\/\\\/kreatortorun.pl\\\/#organization\"},\"potentialAction\":[{\"@type\":\"SearchAction\",\"target\":{\"@type\":\"EntryPoint\",\"urlTemplate\":\"https:\\\/\\\/kreatortorun.pl\\\/?s={search_term_string}\"},\"query-input\":{\"@type\":\"PropertyValueSpecification\",\"valueRequired\":true,\"valueName\":\"search_term_string\"}}],\"inLanguage\":\"en-US\"},{\"@type\":\"Organization\",\"@id\":\"https:\\\/\\\/kreatortorun.pl\\\/#organization\",\"name\":\"Kreator Toru\u0144\",\"url\":\"https:\\\/\\\/kreatortorun.pl\\\/\",\"logo\":{\"@type\":\"ImageObject\",\"inLanguage\":\"en-US\",\"@id\":\"https:\\\/\\\/kreatortorun.pl\\\/#\\\/schema\\\/logo\\\/image\\\/\",\"url\":\"https:\\\/\\\/kreatortorun.pl\\\/wp-content\\\/uploads\\\/2024\\\/02\\\/cropped-kreator-logo-favicon.png\",\"contentUrl\":\"https:\\\/\\\/kreatortorun.pl\\\/wp-content\\\/uploads\\\/2024\\\/02\\\/cropped-kreator-logo-favicon.png\",\"width\":512,\"height\":512,\"caption\":\"Kreator Toru\u0144\"},\"image\":{\"@id\":\"https:\\\/\\\/kreatortorun.pl\\\/#\\\/schema\\\/logo\\\/image\\\/\"},\"sameAs\":[\"https:\\\/\\\/www.facebook.com\\\/torun.kreator\",\"https:\\\/\\\/www.youtube.com\\\/@kreatortorun1862\"]}]}<\/script>\n<!-- \/ Yoast SEO plugin. -->","yoast_head_json":{"title":"Beret wz\u00f3r 418\/MON z haftem komputerowym - Kreator Toru\u0144","description":"Beret polowy z orze\u0142kiem. Beret 418\/MON zgodny z dokumentacj\u0105 wojskow\u0105. Beret wojskowy w kolorze bordowym, czarnym, niebieskim, szkar\u0142atnym i zielonym.","robots":{"index":"index","follow":"follow","max-snippet":"max-snippet:-1","max-image-preview":"max-image-preview:large","max-video-preview":"max-video-preview:-1"},"canonical":"https:\/\/kreatortorun.pl\/produkt\/beret-wzor-418-mon\/","og_locale":"en_US","og_type":"article","og_title":"Beret wz\u00f3r 418\/MON z haftem komputerowym - Kreator Toru\u0144","og_description":"Beret polowy z orze\u0142kiem. Beret 418\/MON zgodny z dokumentacj\u0105 wojskow\u0105. Beret wojskowy w kolorze bordowym, czarnym, niebieskim, szkar\u0142atnym i zielonym.","og_url":"https:\/\/kreatortorun.pl\/produkt\/beret-wzor-418-mon\/","og_site_name":"Kreator Toru\u0144","article_publisher":"https:\/\/www.facebook.com\/torun.kreator","article_modified_time":"2026-04-29T02:09:33+00:00","og_image":[{"width":1200,"height":1200,"url":"https:\/\/kreatortorun.pl\/wp-content\/uploads\/2022\/10\/Beret.jpg","type":"image\/jpeg"}],"twitter_card":"summary_large_image","twitter_misc":{"Est. reading time":"1 minute"},"schema":{"@context":"https:\/\/schema.org","@graph":[{"@type":"WebPage","@id":"https:\/\/kreatortorun.pl\/produkt\/beret-wzor-418-mon\/","url":"https:\/\/kreatortorun.pl\/produkt\/beret-wzor-418-mon\/","name":"Beret wz\u00f3r 418\/MON z haftem komputerowym - Kreator Toru\u0144","isPartOf":{"@id":"https:\/\/kreatortorun.pl\/#website"},"primaryImageOfPage":{"@id":"https:\/\/kreatortorun.pl\/produkt\/beret-wzor-418-mon\/#primaryimage"},"image":{"@id":"https:\/\/kreatortorun.pl\/produkt\/beret-wzor-418-mon\/#primaryimage"},"thumbnailUrl":"https:\/\/kreatortorun.pl\/wp-content\/uploads\/2022\/10\/Beret.jpg","datePublished":"2022-01-18T21:39:22+00:00","dateModified":"2026-04-29T02:09:33+00:00","description":"Beret polowy z orze\u0142kiem. Beret 418\/MON zgodny z dokumentacj\u0105 wojskow\u0105. Beret wojskowy w kolorze bordowym, czarnym, niebieskim, szkar\u0142atnym i zielonym.","breadcrumb":{"@id":"https:\/\/kreatortorun.pl\/produkt\/beret-wzor-418-mon\/#breadcrumb"},"inLanguage":"en-US","potentialAction":[{"@type":"ReadAction","target":["https:\/\/kreatortorun.pl\/produkt\/beret-wzor-418-mon\/"]}]},{"@type":"ImageObject","inLanguage":"en-US","@id":"https:\/\/kreatortorun.pl\/produkt\/beret-wzor-418-mon\/#primaryimage","url":"https:\/\/kreatortorun.pl\/wp-content\/uploads\/2022\/10\/Beret.jpg","contentUrl":"https:\/\/kreatortorun.pl\/wp-content\/uploads\/2022\/10\/Beret.jpg","width":1200,"height":1200},{"@type":"BreadcrumbList","@id":"https:\/\/kreatortorun.pl\/produkt\/beret-wzor-418-mon\/#breadcrumb","itemListElement":[{"@type":"ListItem","position":1,"name":"Strona g\u0142\u00f3wna","item":"https:\/\/kreatortorun.pl\/en\/"},{"@type":"ListItem","position":2,"name":"Shop","item":"https:\/\/kreatortorun.pl\/en\/shop\/"},{"@type":"ListItem","position":3,"name":"Beret wz\u00f3r 418\/MON z haftem komputerowym"}]},{"@type":"WebSite","@id":"https:\/\/kreatortorun.pl\/#website","url":"https:\/\/kreatortorun.pl\/","name":"Kreator Toru\u0144","description":"Producent mundur\u00f3w, kombinezon\u00f3w i odzie\u017cy taktycznej","publisher":{"@id":"https:\/\/kreatortorun.pl\/#organization"},"potentialAction":[{"@type":"SearchAction","target":{"@type":"EntryPoint","urlTemplate":"https:\/\/kreatortorun.pl\/?s={search_term_string}"},"query-input":{"@type":"PropertyValueSpecification","valueRequired":true,"valueName":"search_term_string"}}],"inLanguage":"en-US"},{"@type":"Organization","@id":"https:\/\/kreatortorun.pl\/#organization","name":"Kreator Toru\u0144","url":"https:\/\/kreatortorun.pl\/","logo":{"@type":"ImageObject","inLanguage":"en-US","@id":"https:\/\/kreatortorun.pl\/#\/schema\/logo\/image\/","url":"https:\/\/kreatortorun.pl\/wp-content\/uploads\/2024\/02\/cropped-kreator-logo-favicon.png","contentUrl":"https:\/\/kreatortorun.pl\/wp-content\/uploads\/2024\/02\/cropped-kreator-logo-favicon.png","width":512,"height":512,"caption":"Kreator Toru\u0144"},"image":{"@id":"https:\/\/kreatortorun.pl\/#\/schema\/logo\/image\/"},"sameAs":["https:\/\/www.facebook.com\/torun.kreator","https:\/\/www.youtube.com\/@kreatortorun1862"]}]}},"_links":{"self":[{"href":"https:\/\/kreatortorun.pl\/en\/wp-json\/wp\/v2\/product\/5423","targetHints":{"allow":["GET"]}}],"collection":[{"href":"https:\/\/kreatortorun.pl\/en\/wp-json\/wp\/v2\/product"}],"about":[{"href":"https:\/\/kreatortorun.pl\/en\/wp-json\/wp\/v2\/types\/product"}],"wp:featuredmedia":[{"embeddable":true,"href":"https:\/\/kreatortorun.pl\/en\/wp-json\/wp\/v2\/media\/24475"}],"wp:attachment":[{"href":"https:\/\/kreatortorun.pl\/en\/wp-json\/wp\/v2\/media?parent=5423"}],"wp:term":[{"taxonomy":"product_brand","embeddable":true,"href":"https:\/\/kreatortorun.pl\/en\/wp-json\/wp\/v2\/product_brand?post=5423"},{"taxonomy":"product_cat","embeddable":true,"href":"https:\/\/kreatortorun.pl\/en\/wp-json\/wp\/v2\/product_cat?post=5423"},{"taxonomy":"product_tag","embeddable":true,"href":"https:\/\/kreatortorun.pl\/en\/wp-json\/wp\/v2\/product_tag?post=5423"}],"curies":[{"name":"wp","href":"https:\/\/api.w.org\/{rel}","templated":true}]}}