{"id":5586,"date":"2022-01-18T23:02:01","date_gmt":"2022-01-18T23:02:01","guid":{"rendered":"https:\/\/kreatortorun.pl\/?post_type=product&#038;p=5586"},"modified":"2026-04-27T18:04:52","modified_gmt":"2026-04-27T18:04:52","slug":"koszulka-sportowa-aktualny-wzor-504a-mon","status":"publish","type":"product","link":"https:\/\/kreatortorun.pl\/en\/produkt\/koszulka-sportowa-aktualny-wzor-504a-mon\/","title":{"rendered":"Koszulka sportowa aktualny wz\u00f3r 504A\/MON"},"content":{"rendered":"<div style=\"text-align: justify;\">\n<h1><span lang=\"PL\">Wojskowa koszulka sportowa MON wz\u00f3r 504A\/MON <\/span><\/h1>\n<p><span lang=\"PL\">Koszulka regulaminowa WP z kr\u00f3tkim r\u0119kawem wykonana jest z dzianiny poliestrowej w kolorze szarym w technologii bezszwowej (brak szw\u00f3w bocznych) z zaznaczonymi strefami o r\u00f3\u017cnej konstrukcji splotowej, zwi\u0119kszaj\u0105cej w\u0142a\u015bciwo\u015bci odprowadzania wilgoci od cia\u0142a.<\/span><\/p>\n<p>Dost\u0119pne rozmiary koszulki 504A\/MON: XS, S, M, L, XL, XXL:<\/p>\n<p><img loading=\"lazy\" decoding=\"async\" class=\"alignnone size-full wp-image-24397\" src=\"https:\/\/kreatortorun.pl\/wp-content\/uploads\/2022\/01\/rozmiarowka-sportowa.jpg\" alt=\"\" width=\"743\" height=\"194\" srcset=\"https:\/\/kreatortorun.pl\/wp-content\/uploads\/2022\/01\/rozmiarowka-sportowa.jpg 743w, https:\/\/kreatortorun.pl\/wp-content\/uploads\/2022\/01\/rozmiarowka-sportowa-510x133.jpg 510w\" sizes=\"auto, (max-width: 743px) 100vw, 743px\" \/><\/p>\n<p>&nbsp;<\/p>\n<p style=\"text-align: justify;\">Dekolt koszulki 504A\/MON wyko\u0144czony jest plis\u0105. Po lewej stronie t-shirtu z nadrukiem w g\u00f3rnej cz\u0119\u015bci koszulki znajduje si\u0119 nadruk z logo WP \u2013 znak promocyjny Wojska Polskiego.<\/p>\n<p style=\"text-align: justify;\">Koszulka sportowa uniwersalna jest zgodna z Wojskow\u0105 Dokumentacj\u0105 Techniczno-Technologiczn\u0105.<\/p>\n<h2>Koszulka sportowa w nowym wzorze MON<\/h2>\n<p>T-shirt wojskowy MON przeznaczony jest do \u0107wicze\u0144 w Wojskach L\u0105dowych, Si\u0142ach Powietrznych i Marynarce Wojennej.<\/p>\n<h2 dir=\"auto\"><\/h2>\n<h2 dir=\"auto\">Uniwersalne, bezszwowe koszulki z nadrukiem WP<\/h2>\n<ul>\n<li dir=\"auto\">dla \u017co\u0142nierzy do noszenia podczas programowych zaj\u0119\u0107 z wychowania fizycznego,<\/li>\n<li dir=\"auto\">dla Pa\u0144 i Pan\u00f3w (kr\u00f3j unisex),<\/li>\n<li dir=\"auto\">na treningi w hali czy si\u0142owni,<\/li>\n<li dir=\"auto\">na zawody sportowe,<\/li>\n<li dir=\"auto\">do wszelkich aktywno\u015bci na \u015bwie\u017cym powietrzu.<\/li>\n<\/ul>\n<p>&nbsp;<\/p>\n<h2>Koszulka sportowa MON<\/h2>\n<p>Koszulka wchodzi w sk\u0142ad zestaw ubioru sportowego ze spodenkami i ze spodniami dresu sportowego.<\/p>\n<p>Wed\u0142ug rozporz\u0105dzenia koszulk\u0119 sportow\u0105 MON nosi si\u0119 opuszczon\u0105 na spodenki i spodnie od dresu sportowego lub wpuszczon\u0105 w spodenki i spodnie od dresu sportowego.<\/p>\n<\/div>\n","protected":false},"excerpt":{"rendered":"<div>\n<p class=\"Default\"><span lang=\"PL\">Koszulka sportowa 504A\/MON zgodna z dokumentacj\u0105 WDTT.<\/span><\/p>\n<\/div>\n","protected":false},"featured_media":5587,"template":"","meta":[],"product_brand":[],"product_cat":[246,111,147,151,140,148,152],"product_tag":[88,89,165],"class_list":{"0":"post-5586","1":"product","2":"type-product","3":"status-publish","4":"has-post-thumbnail","6":"product_cat-koszulki-bluzy-wl","7":"product_cat-akcesoria-meskie-wl","8":"product_cat-akcesoria-meskie","9":"product_cat-akcesoria-meskie-marynarka-wojenna","10":"product_cat-akcesoria-damskie-wl","11":"product_cat-akcesoria-damskie","12":"product_cat-akcesoria-damskie-marynarka-wojenna","13":"product_tag-wl","14":"product_tag-sp","15":"product_tag-mw","17":"first","18":"instock","19":"taxable","20":"shipping-taxable","21":"purchasable","22":"product-type-variable"},"yoast_head":"<!-- This site is optimized with the Yoast SEO plugin v27.3 - https:\/\/yoast.com\/product\/yoast-seo-wordpress\/ -->\n<title>Koszulka sportowa aktualny wz\u00f3r 504A\/MON - Kreator Toru\u0144<\/title>\n<meta name=\"description\" content=\"Dost\u0119pna w pe\u0142nej rozmiar\u00f3wce koszulka sportowa 504A\/MON, t-shirt z nadrukiem WL, wojskowa koszulka sportowa uniwersalna damska i m\u0119ska.\" \/>\n<meta name=\"robots\" content=\"index, follow, max-snippet:-1, max-image-preview:large, max-video-preview:-1\" \/>\n<link rel=\"canonical\" href=\"https:\/\/kreatortorun.pl\/produkt\/koszulka-sportowa-aktualny-wzor-504a-mon\/\" \/>\n<meta property=\"og:locale\" content=\"en_US\" \/>\n<meta property=\"og:type\" content=\"article\" \/>\n<meta property=\"og:title\" content=\"Koszulka sportowa aktualny wz\u00f3r 504A\/MON - Kreator Toru\u0144\" \/>\n<meta property=\"og:description\" content=\"Dost\u0119pna w pe\u0142nej rozmiar\u00f3wce koszulka sportowa 504A\/MON, t-shirt z nadrukiem WL, wojskowa koszulka sportowa uniwersalna damska i m\u0119ska.\" \/>\n<meta property=\"og:url\" content=\"https:\/\/kreatortorun.pl\/produkt\/koszulka-sportowa-aktualny-wzor-504a-mon\/\" \/>\n<meta property=\"og:site_name\" content=\"Kreator Toru\u0144\" \/>\n<meta property=\"article:publisher\" content=\"https:\/\/www.facebook.com\/torun.kreator\" \/>\n<meta property=\"article:modified_time\" content=\"2026-04-27T18:04:52+00:00\" \/>\n<meta property=\"og:image\" content=\"https:\/\/kreatortorun.pl\/wp-content\/uploads\/2022\/01\/WP-Koszulka-sportowa-KREATOR-02.jpg\" \/>\n\t<meta property=\"og:image:width\" content=\"1200\" \/>\n\t<meta property=\"og:image:height\" content=\"1200\" \/>\n\t<meta property=\"og:image:type\" content=\"image\/jpeg\" \/>\n<meta name=\"twitter:card\" content=\"summary_large_image\" \/>\n<meta name=\"twitter:label1\" content=\"Est. reading time\" \/>\n\t<meta name=\"twitter:data1\" content=\"2 minutes\" \/>\n<script type=\"application\/ld+json\" class=\"yoast-schema-graph\">{\"@context\":\"https:\\\/\\\/schema.org\",\"@graph\":[{\"@type\":\"WebPage\",\"@id\":\"https:\\\/\\\/kreatortorun.pl\\\/produkt\\\/koszulka-sportowa-aktualny-wzor-504a-mon\\\/\",\"url\":\"https:\\\/\\\/kreatortorun.pl\\\/produkt\\\/koszulka-sportowa-aktualny-wzor-504a-mon\\\/\",\"name\":\"Koszulka sportowa aktualny wz\u00f3r 504A\\\/MON - Kreator Toru\u0144\",\"isPartOf\":{\"@id\":\"https:\\\/\\\/kreatortorun.pl\\\/#website\"},\"primaryImageOfPage\":{\"@id\":\"https:\\\/\\\/kreatortorun.pl\\\/produkt\\\/koszulka-sportowa-aktualny-wzor-504a-mon\\\/#primaryimage\"},\"image\":{\"@id\":\"https:\\\/\\\/kreatortorun.pl\\\/produkt\\\/koszulka-sportowa-aktualny-wzor-504a-mon\\\/#primaryimage\"},\"thumbnailUrl\":\"https:\\\/\\\/kreatortorun.pl\\\/wp-content\\\/uploads\\\/2022\\\/01\\\/WP-Koszulka-sportowa-KREATOR-01.jpg\",\"datePublished\":\"2022-01-18T23:02:01+00:00\",\"dateModified\":\"2026-04-27T18:04:52+00:00\",\"description\":\"Dost\u0119pna w pe\u0142nej rozmiar\u00f3wce koszulka sportowa 504A\\\/MON, t-shirt z nadrukiem WL, wojskowa koszulka sportowa uniwersalna damska i m\u0119ska.\",\"breadcrumb\":{\"@id\":\"https:\\\/\\\/kreatortorun.pl\\\/produkt\\\/koszulka-sportowa-aktualny-wzor-504a-mon\\\/#breadcrumb\"},\"inLanguage\":\"en-US\",\"potentialAction\":[{\"@type\":\"ReadAction\",\"target\":[\"https:\\\/\\\/kreatortorun.pl\\\/produkt\\\/koszulka-sportowa-aktualny-wzor-504a-mon\\\/\"]}]},{\"@type\":\"ImageObject\",\"inLanguage\":\"en-US\",\"@id\":\"https:\\\/\\\/kreatortorun.pl\\\/produkt\\\/koszulka-sportowa-aktualny-wzor-504a-mon\\\/#primaryimage\",\"url\":\"https:\\\/\\\/kreatortorun.pl\\\/wp-content\\\/uploads\\\/2022\\\/01\\\/WP-Koszulka-sportowa-KREATOR-01.jpg\",\"contentUrl\":\"https:\\\/\\\/kreatortorun.pl\\\/wp-content\\\/uploads\\\/2022\\\/01\\\/WP-Koszulka-sportowa-KREATOR-01.jpg\",\"width\":1200,\"height\":1200},{\"@type\":\"BreadcrumbList\",\"@id\":\"https:\\\/\\\/kreatortorun.pl\\\/produkt\\\/koszulka-sportowa-aktualny-wzor-504a-mon\\\/#breadcrumb\",\"itemListElement\":[{\"@type\":\"ListItem\",\"position\":1,\"name\":\"Strona g\u0142\u00f3wna\",\"item\":\"https:\\\/\\\/kreatortorun.pl\\\/en\\\/\"},{\"@type\":\"ListItem\",\"position\":2,\"name\":\"Shop\",\"item\":\"https:\\\/\\\/kreatortorun.pl\\\/en\\\/shop\\\/\"},{\"@type\":\"ListItem\",\"position\":3,\"name\":\"Koszulka sportowa aktualny wz\u00f3r 504A\\\/MON\"}]},{\"@type\":\"WebSite\",\"@id\":\"https:\\\/\\\/kreatortorun.pl\\\/#website\",\"url\":\"https:\\\/\\\/kreatortorun.pl\\\/\",\"name\":\"Kreator Toru\u0144\",\"description\":\"Producent mundur\u00f3w, kombinezon\u00f3w i odzie\u017cy taktycznej\",\"publisher\":{\"@id\":\"https:\\\/\\\/kreatortorun.pl\\\/#organization\"},\"potentialAction\":[{\"@type\":\"SearchAction\",\"target\":{\"@type\":\"EntryPoint\",\"urlTemplate\":\"https:\\\/\\\/kreatortorun.pl\\\/?s={search_term_string}\"},\"query-input\":{\"@type\":\"PropertyValueSpecification\",\"valueRequired\":true,\"valueName\":\"search_term_string\"}}],\"inLanguage\":\"en-US\"},{\"@type\":\"Organization\",\"@id\":\"https:\\\/\\\/kreatortorun.pl\\\/#organization\",\"name\":\"Kreator Toru\u0144\",\"url\":\"https:\\\/\\\/kreatortorun.pl\\\/\",\"logo\":{\"@type\":\"ImageObject\",\"inLanguage\":\"en-US\",\"@id\":\"https:\\\/\\\/kreatortorun.pl\\\/#\\\/schema\\\/logo\\\/image\\\/\",\"url\":\"https:\\\/\\\/kreatortorun.pl\\\/wp-content\\\/uploads\\\/2024\\\/02\\\/cropped-kreator-logo-favicon.png\",\"contentUrl\":\"https:\\\/\\\/kreatortorun.pl\\\/wp-content\\\/uploads\\\/2024\\\/02\\\/cropped-kreator-logo-favicon.png\",\"width\":512,\"height\":512,\"caption\":\"Kreator Toru\u0144\"},\"image\":{\"@id\":\"https:\\\/\\\/kreatortorun.pl\\\/#\\\/schema\\\/logo\\\/image\\\/\"},\"sameAs\":[\"https:\\\/\\\/www.facebook.com\\\/torun.kreator\",\"https:\\\/\\\/www.youtube.com\\\/@kreatortorun1862\"]}]}<\/script>\n<!-- \/ Yoast SEO plugin. -->","yoast_head_json":{"title":"Koszulka sportowa aktualny wz\u00f3r 504A\/MON - Kreator Toru\u0144","description":"Dost\u0119pna w pe\u0142nej rozmiar\u00f3wce koszulka sportowa 504A\/MON, t-shirt z nadrukiem WL, wojskowa koszulka sportowa uniwersalna damska i m\u0119ska.","robots":{"index":"index","follow":"follow","max-snippet":"max-snippet:-1","max-image-preview":"max-image-preview:large","max-video-preview":"max-video-preview:-1"},"canonical":"https:\/\/kreatortorun.pl\/produkt\/koszulka-sportowa-aktualny-wzor-504a-mon\/","og_locale":"en_US","og_type":"article","og_title":"Koszulka sportowa aktualny wz\u00f3r 504A\/MON - Kreator Toru\u0144","og_description":"Dost\u0119pna w pe\u0142nej rozmiar\u00f3wce koszulka sportowa 504A\/MON, t-shirt z nadrukiem WL, wojskowa koszulka sportowa uniwersalna damska i m\u0119ska.","og_url":"https:\/\/kreatortorun.pl\/produkt\/koszulka-sportowa-aktualny-wzor-504a-mon\/","og_site_name":"Kreator Toru\u0144","article_publisher":"https:\/\/www.facebook.com\/torun.kreator","article_modified_time":"2026-04-27T18:04:52+00:00","og_image":[{"width":1200,"height":1200,"url":"https:\/\/kreatortorun.pl\/wp-content\/uploads\/2022\/01\/WP-Koszulka-sportowa-KREATOR-02.jpg","type":"image\/jpeg"}],"twitter_card":"summary_large_image","twitter_misc":{"Est. reading time":"2 minutes"},"schema":{"@context":"https:\/\/schema.org","@graph":[{"@type":"WebPage","@id":"https:\/\/kreatortorun.pl\/produkt\/koszulka-sportowa-aktualny-wzor-504a-mon\/","url":"https:\/\/kreatortorun.pl\/produkt\/koszulka-sportowa-aktualny-wzor-504a-mon\/","name":"Koszulka sportowa aktualny wz\u00f3r 504A\/MON - Kreator Toru\u0144","isPartOf":{"@id":"https:\/\/kreatortorun.pl\/#website"},"primaryImageOfPage":{"@id":"https:\/\/kreatortorun.pl\/produkt\/koszulka-sportowa-aktualny-wzor-504a-mon\/#primaryimage"},"image":{"@id":"https:\/\/kreatortorun.pl\/produkt\/koszulka-sportowa-aktualny-wzor-504a-mon\/#primaryimage"},"thumbnailUrl":"https:\/\/kreatortorun.pl\/wp-content\/uploads\/2022\/01\/WP-Koszulka-sportowa-KREATOR-01.jpg","datePublished":"2022-01-18T23:02:01+00:00","dateModified":"2026-04-27T18:04:52+00:00","description":"Dost\u0119pna w pe\u0142nej rozmiar\u00f3wce koszulka sportowa 504A\/MON, t-shirt z nadrukiem WL, wojskowa koszulka sportowa uniwersalna damska i m\u0119ska.","breadcrumb":{"@id":"https:\/\/kreatortorun.pl\/produkt\/koszulka-sportowa-aktualny-wzor-504a-mon\/#breadcrumb"},"inLanguage":"en-US","potentialAction":[{"@type":"ReadAction","target":["https:\/\/kreatortorun.pl\/produkt\/koszulka-sportowa-aktualny-wzor-504a-mon\/"]}]},{"@type":"ImageObject","inLanguage":"en-US","@id":"https:\/\/kreatortorun.pl\/produkt\/koszulka-sportowa-aktualny-wzor-504a-mon\/#primaryimage","url":"https:\/\/kreatortorun.pl\/wp-content\/uploads\/2022\/01\/WP-Koszulka-sportowa-KREATOR-01.jpg","contentUrl":"https:\/\/kreatortorun.pl\/wp-content\/uploads\/2022\/01\/WP-Koszulka-sportowa-KREATOR-01.jpg","width":1200,"height":1200},{"@type":"BreadcrumbList","@id":"https:\/\/kreatortorun.pl\/produkt\/koszulka-sportowa-aktualny-wzor-504a-mon\/#breadcrumb","itemListElement":[{"@type":"ListItem","position":1,"name":"Strona g\u0142\u00f3wna","item":"https:\/\/kreatortorun.pl\/en\/"},{"@type":"ListItem","position":2,"name":"Shop","item":"https:\/\/kreatortorun.pl\/en\/shop\/"},{"@type":"ListItem","position":3,"name":"Koszulka sportowa aktualny wz\u00f3r 504A\/MON"}]},{"@type":"WebSite","@id":"https:\/\/kreatortorun.pl\/#website","url":"https:\/\/kreatortorun.pl\/","name":"Kreator Toru\u0144","description":"Producent mundur\u00f3w, kombinezon\u00f3w i odzie\u017cy taktycznej","publisher":{"@id":"https:\/\/kreatortorun.pl\/#organization"},"potentialAction":[{"@type":"SearchAction","target":{"@type":"EntryPoint","urlTemplate":"https:\/\/kreatortorun.pl\/?s={search_term_string}"},"query-input":{"@type":"PropertyValueSpecification","valueRequired":true,"valueName":"search_term_string"}}],"inLanguage":"en-US"},{"@type":"Organization","@id":"https:\/\/kreatortorun.pl\/#organization","name":"Kreator Toru\u0144","url":"https:\/\/kreatortorun.pl\/","logo":{"@type":"ImageObject","inLanguage":"en-US","@id":"https:\/\/kreatortorun.pl\/#\/schema\/logo\/image\/","url":"https:\/\/kreatortorun.pl\/wp-content\/uploads\/2024\/02\/cropped-kreator-logo-favicon.png","contentUrl":"https:\/\/kreatortorun.pl\/wp-content\/uploads\/2024\/02\/cropped-kreator-logo-favicon.png","width":512,"height":512,"caption":"Kreator Toru\u0144"},"image":{"@id":"https:\/\/kreatortorun.pl\/#\/schema\/logo\/image\/"},"sameAs":["https:\/\/www.facebook.com\/torun.kreator","https:\/\/www.youtube.com\/@kreatortorun1862"]}]}},"_links":{"self":[{"href":"https:\/\/kreatortorun.pl\/en\/wp-json\/wp\/v2\/product\/5586","targetHints":{"allow":["GET"]}}],"collection":[{"href":"https:\/\/kreatortorun.pl\/en\/wp-json\/wp\/v2\/product"}],"about":[{"href":"https:\/\/kreatortorun.pl\/en\/wp-json\/wp\/v2\/types\/product"}],"wp:featuredmedia":[{"embeddable":true,"href":"https:\/\/kreatortorun.pl\/en\/wp-json\/wp\/v2\/media\/5587"}],"wp:attachment":[{"href":"https:\/\/kreatortorun.pl\/en\/wp-json\/wp\/v2\/media?parent=5586"}],"wp:term":[{"taxonomy":"product_brand","embeddable":true,"href":"https:\/\/kreatortorun.pl\/en\/wp-json\/wp\/v2\/product_brand?post=5586"},{"taxonomy":"product_cat","embeddable":true,"href":"https:\/\/kreatortorun.pl\/en\/wp-json\/wp\/v2\/product_cat?post=5586"},{"taxonomy":"product_tag","embeddable":true,"href":"https:\/\/kreatortorun.pl\/en\/wp-json\/wp\/v2\/product_tag?post=5586"}],"curies":[{"name":"wp","href":"https:\/\/api.w.org\/{rel}","templated":true}]}}