{"id":5592,"date":"2022-01-18T23:13:05","date_gmt":"2022-01-18T23:13:05","guid":{"rendered":"https:\/\/kreatortorun.pl\/?post_type=product&#038;p=5592"},"modified":"2026-04-29T13:09:50","modified_gmt":"2026-04-29T13:09:50","slug":"polbuty-galowe-918b-mon","status":"publish","type":"product","link":"https:\/\/kreatortorun.pl\/en\/produkt\/polbuty-galowe-918b-mon\/","title":{"rendered":"P\u00f3\u0142buty galowe wz\u00f3r 918B\/MON"},"content":{"rendered":"<h1>Buty 918B\/MON do munduru<\/h1>\n<p style=\"text-align: justify;\">P\u00f3\u0142buty galowe do munduru przeznaczone s\u0105 do u\u017cytkowania ca\u0142orocznego przez \u017co\u0142nierzy zawodowych \u2013 m\u0119\u017cczyzn wszystkich rodzaj\u00f3w Si\u0142 Zbrojnych RP. Posiadaj\u0105 cholewk\u0119 wykonan\u0105 ze sk\u00f3ry bydl\u0119cej w kolorze czarnym, lakierowan\u0105 oraz podszewk\u0119 wykonan\u0105 ze sk\u00f3ry w kolorze ciemnoszarym.<\/p>\n<h2>Wojskowe buty do munduru galowego i do munduru wyj\u015bciowego<\/h2>\n<p style=\"text-align: justify;\">Podeszwa wojskowych but\u00f3w do munduru wyj\u015bciowego, galowego i reprezentacyjnego wykonana jest z gumy sk\u00f3ropodobnej. Posiadaj\u0105 system sznurowania na cztery pary dziurek. Obuwie montowane jest systemem klejonym.<\/p>\n<p>P\u00f3\u0142buty m\u0119skie lakierowane do noszenia z mundurem oraz do eleganckiego ubioru codziennego.<\/p>\n","protected":false},"excerpt":{"rendered":"<p>P\u00f3\u0142buty galowe m\u0119skie 918B\/MON zgodne z dokumentacj\u0105 WDTT.<\/p>\n","protected":false},"featured_media":5371,"template":"","meta":[],"product_brand":[],"product_cat":[111,147,151,155,219,174],"product_tag":[89,165,171,217,88],"class_list":{"0":"post-5592","1":"product","2":"type-product","3":"status-publish","4":"has-post-thumbnail","6":"product_cat-akcesoria-meskie-wl","7":"product_cat-akcesoria-meskie","8":"product_cat-akcesoria-meskie-marynarka-wojenna","9":"product_cat-akcesoria-meskie-policja","10":"product_cat-akcesoria-m-wopr","11":"product_cat-akcesoria-meskie-2","12":"product_tag-sp","13":"product_tag-mw","14":"product_tag-psp","15":"product_tag-wopr","16":"product_tag-wl","18":"first","19":"instock","20":"taxable","21":"shipping-taxable","22":"purchasable","23":"product-type-variable"},"yoast_head":"<!-- This site is optimized with the Yoast SEO plugin v27.3 - https:\/\/yoast.com\/product\/yoast-seo-wordpress\/ -->\n<title>P\u00f3\u0142buty galowe wz\u00f3r 918B\/MON - Kreator Toru\u0144<\/title>\n<meta name=\"robots\" content=\"index, follow, max-snippet:-1, max-image-preview:large, max-video-preview:-1\" \/>\n<link rel=\"canonical\" href=\"https:\/\/kreatortorun.pl\/produkt\/polbuty-galowe-918b-mon\/\" \/>\n<meta property=\"og:locale\" content=\"en_US\" \/>\n<meta property=\"og:type\" content=\"article\" \/>\n<meta property=\"og:title\" content=\"P\u00f3\u0142buty galowe wz\u00f3r 918B\/MON - Kreator Toru\u0144\" \/>\n<meta property=\"og:description\" content=\"P\u00f3\u0142buty galowe m\u0119skie 918B\/MON zgodne z dokumentacj\u0105 WDTT.\" \/>\n<meta property=\"og:url\" content=\"https:\/\/kreatortorun.pl\/produkt\/polbuty-galowe-918b-mon\/\" \/>\n<meta property=\"og:site_name\" content=\"Kreator Toru\u0144\" \/>\n<meta property=\"article:publisher\" content=\"https:\/\/www.facebook.com\/torun.kreator\" \/>\n<meta property=\"article:modified_time\" content=\"2026-04-29T13:09:50+00:00\" \/>\n<meta property=\"og:image\" content=\"https:\/\/kreatortorun.pl\/wp-content\/uploads\/2021\/12\/PARE.PL-buty-7505.jpg\" \/>\n\t<meta property=\"og:image:width\" content=\"1200\" \/>\n\t<meta property=\"og:image:height\" content=\"1200\" \/>\n\t<meta property=\"og:image:type\" content=\"image\/jpeg\" \/>\n<meta name=\"twitter:card\" content=\"summary_large_image\" \/>\n<meta name=\"twitter:label1\" content=\"Est. reading time\" \/>\n\t<meta name=\"twitter:data1\" content=\"1 minute\" \/>\n<script type=\"application\/ld+json\" class=\"yoast-schema-graph\">{\"@context\":\"https:\\\/\\\/schema.org\",\"@graph\":[{\"@type\":\"WebPage\",\"@id\":\"https:\\\/\\\/kreatortorun.pl\\\/produkt\\\/polbuty-galowe-918b-mon\\\/\",\"url\":\"https:\\\/\\\/kreatortorun.pl\\\/produkt\\\/polbuty-galowe-918b-mon\\\/\",\"name\":\"P\u00f3\u0142buty galowe wz\u00f3r 918B\\\/MON - Kreator Toru\u0144\",\"isPartOf\":{\"@id\":\"https:\\\/\\\/kreatortorun.pl\\\/#website\"},\"primaryImageOfPage\":{\"@id\":\"https:\\\/\\\/kreatortorun.pl\\\/produkt\\\/polbuty-galowe-918b-mon\\\/#primaryimage\"},\"image\":{\"@id\":\"https:\\\/\\\/kreatortorun.pl\\\/produkt\\\/polbuty-galowe-918b-mon\\\/#primaryimage\"},\"thumbnailUrl\":\"https:\\\/\\\/kreatortorun.pl\\\/wp-content\\\/uploads\\\/2021\\\/12\\\/PARE.PL-buty-7505.jpg\",\"datePublished\":\"2022-01-18T23:13:05+00:00\",\"dateModified\":\"2026-04-29T13:09:50+00:00\",\"breadcrumb\":{\"@id\":\"https:\\\/\\\/kreatortorun.pl\\\/produkt\\\/polbuty-galowe-918b-mon\\\/#breadcrumb\"},\"inLanguage\":\"en-US\",\"potentialAction\":[{\"@type\":\"ReadAction\",\"target\":[\"https:\\\/\\\/kreatortorun.pl\\\/produkt\\\/polbuty-galowe-918b-mon\\\/\"]}]},{\"@type\":\"ImageObject\",\"inLanguage\":\"en-US\",\"@id\":\"https:\\\/\\\/kreatortorun.pl\\\/produkt\\\/polbuty-galowe-918b-mon\\\/#primaryimage\",\"url\":\"https:\\\/\\\/kreatortorun.pl\\\/wp-content\\\/uploads\\\/2021\\\/12\\\/PARE.PL-buty-7505.jpg\",\"contentUrl\":\"https:\\\/\\\/kreatortorun.pl\\\/wp-content\\\/uploads\\\/2021\\\/12\\\/PARE.PL-buty-7505.jpg\",\"width\":1200,\"height\":1200},{\"@type\":\"BreadcrumbList\",\"@id\":\"https:\\\/\\\/kreatortorun.pl\\\/produkt\\\/polbuty-galowe-918b-mon\\\/#breadcrumb\",\"itemListElement\":[{\"@type\":\"ListItem\",\"position\":1,\"name\":\"Strona g\u0142\u00f3wna\",\"item\":\"https:\\\/\\\/kreatortorun.pl\\\/en\\\/\"},{\"@type\":\"ListItem\",\"position\":2,\"name\":\"Shop\",\"item\":\"https:\\\/\\\/kreatortorun.pl\\\/en\\\/shop\\\/\"},{\"@type\":\"ListItem\",\"position\":3,\"name\":\"P\u00f3\u0142buty galowe wz\u00f3r 918B\\\/MON\"}]},{\"@type\":\"WebSite\",\"@id\":\"https:\\\/\\\/kreatortorun.pl\\\/#website\",\"url\":\"https:\\\/\\\/kreatortorun.pl\\\/\",\"name\":\"Kreator Toru\u0144\",\"description\":\"Producent mundur\u00f3w, kombinezon\u00f3w i odzie\u017cy taktycznej\",\"publisher\":{\"@id\":\"https:\\\/\\\/kreatortorun.pl\\\/#organization\"},\"potentialAction\":[{\"@type\":\"SearchAction\",\"target\":{\"@type\":\"EntryPoint\",\"urlTemplate\":\"https:\\\/\\\/kreatortorun.pl\\\/?s={search_term_string}\"},\"query-input\":{\"@type\":\"PropertyValueSpecification\",\"valueRequired\":true,\"valueName\":\"search_term_string\"}}],\"inLanguage\":\"en-US\"},{\"@type\":\"Organization\",\"@id\":\"https:\\\/\\\/kreatortorun.pl\\\/#organization\",\"name\":\"Kreator Toru\u0144\",\"url\":\"https:\\\/\\\/kreatortorun.pl\\\/\",\"logo\":{\"@type\":\"ImageObject\",\"inLanguage\":\"en-US\",\"@id\":\"https:\\\/\\\/kreatortorun.pl\\\/#\\\/schema\\\/logo\\\/image\\\/\",\"url\":\"https:\\\/\\\/kreatortorun.pl\\\/wp-content\\\/uploads\\\/2024\\\/02\\\/cropped-kreator-logo-favicon.png\",\"contentUrl\":\"https:\\\/\\\/kreatortorun.pl\\\/wp-content\\\/uploads\\\/2024\\\/02\\\/cropped-kreator-logo-favicon.png\",\"width\":512,\"height\":512,\"caption\":\"Kreator Toru\u0144\"},\"image\":{\"@id\":\"https:\\\/\\\/kreatortorun.pl\\\/#\\\/schema\\\/logo\\\/image\\\/\"},\"sameAs\":[\"https:\\\/\\\/www.facebook.com\\\/torun.kreator\",\"https:\\\/\\\/www.youtube.com\\\/@kreatortorun1862\"]}]}<\/script>\n<!-- \/ Yoast SEO plugin. -->","yoast_head_json":{"title":"P\u00f3\u0142buty galowe wz\u00f3r 918B\/MON - Kreator Toru\u0144","robots":{"index":"index","follow":"follow","max-snippet":"max-snippet:-1","max-image-preview":"max-image-preview:large","max-video-preview":"max-video-preview:-1"},"canonical":"https:\/\/kreatortorun.pl\/produkt\/polbuty-galowe-918b-mon\/","og_locale":"en_US","og_type":"article","og_title":"P\u00f3\u0142buty galowe wz\u00f3r 918B\/MON - Kreator Toru\u0144","og_description":"P\u00f3\u0142buty galowe m\u0119skie 918B\/MON zgodne z dokumentacj\u0105 WDTT.","og_url":"https:\/\/kreatortorun.pl\/produkt\/polbuty-galowe-918b-mon\/","og_site_name":"Kreator Toru\u0144","article_publisher":"https:\/\/www.facebook.com\/torun.kreator","article_modified_time":"2026-04-29T13:09:50+00:00","og_image":[{"width":1200,"height":1200,"url":"https:\/\/kreatortorun.pl\/wp-content\/uploads\/2021\/12\/PARE.PL-buty-7505.jpg","type":"image\/jpeg"}],"twitter_card":"summary_large_image","twitter_misc":{"Est. reading time":"1 minute"},"schema":{"@context":"https:\/\/schema.org","@graph":[{"@type":"WebPage","@id":"https:\/\/kreatortorun.pl\/produkt\/polbuty-galowe-918b-mon\/","url":"https:\/\/kreatortorun.pl\/produkt\/polbuty-galowe-918b-mon\/","name":"P\u00f3\u0142buty galowe wz\u00f3r 918B\/MON - Kreator Toru\u0144","isPartOf":{"@id":"https:\/\/kreatortorun.pl\/#website"},"primaryImageOfPage":{"@id":"https:\/\/kreatortorun.pl\/produkt\/polbuty-galowe-918b-mon\/#primaryimage"},"image":{"@id":"https:\/\/kreatortorun.pl\/produkt\/polbuty-galowe-918b-mon\/#primaryimage"},"thumbnailUrl":"https:\/\/kreatortorun.pl\/wp-content\/uploads\/2021\/12\/PARE.PL-buty-7505.jpg","datePublished":"2022-01-18T23:13:05+00:00","dateModified":"2026-04-29T13:09:50+00:00","breadcrumb":{"@id":"https:\/\/kreatortorun.pl\/produkt\/polbuty-galowe-918b-mon\/#breadcrumb"},"inLanguage":"en-US","potentialAction":[{"@type":"ReadAction","target":["https:\/\/kreatortorun.pl\/produkt\/polbuty-galowe-918b-mon\/"]}]},{"@type":"ImageObject","inLanguage":"en-US","@id":"https:\/\/kreatortorun.pl\/produkt\/polbuty-galowe-918b-mon\/#primaryimage","url":"https:\/\/kreatortorun.pl\/wp-content\/uploads\/2021\/12\/PARE.PL-buty-7505.jpg","contentUrl":"https:\/\/kreatortorun.pl\/wp-content\/uploads\/2021\/12\/PARE.PL-buty-7505.jpg","width":1200,"height":1200},{"@type":"BreadcrumbList","@id":"https:\/\/kreatortorun.pl\/produkt\/polbuty-galowe-918b-mon\/#breadcrumb","itemListElement":[{"@type":"ListItem","position":1,"name":"Strona g\u0142\u00f3wna","item":"https:\/\/kreatortorun.pl\/en\/"},{"@type":"ListItem","position":2,"name":"Shop","item":"https:\/\/kreatortorun.pl\/en\/shop\/"},{"@type":"ListItem","position":3,"name":"P\u00f3\u0142buty galowe wz\u00f3r 918B\/MON"}]},{"@type":"WebSite","@id":"https:\/\/kreatortorun.pl\/#website","url":"https:\/\/kreatortorun.pl\/","name":"Kreator Toru\u0144","description":"Producent mundur\u00f3w, kombinezon\u00f3w i odzie\u017cy taktycznej","publisher":{"@id":"https:\/\/kreatortorun.pl\/#organization"},"potentialAction":[{"@type":"SearchAction","target":{"@type":"EntryPoint","urlTemplate":"https:\/\/kreatortorun.pl\/?s={search_term_string}"},"query-input":{"@type":"PropertyValueSpecification","valueRequired":true,"valueName":"search_term_string"}}],"inLanguage":"en-US"},{"@type":"Organization","@id":"https:\/\/kreatortorun.pl\/#organization","name":"Kreator Toru\u0144","url":"https:\/\/kreatortorun.pl\/","logo":{"@type":"ImageObject","inLanguage":"en-US","@id":"https:\/\/kreatortorun.pl\/#\/schema\/logo\/image\/","url":"https:\/\/kreatortorun.pl\/wp-content\/uploads\/2024\/02\/cropped-kreator-logo-favicon.png","contentUrl":"https:\/\/kreatortorun.pl\/wp-content\/uploads\/2024\/02\/cropped-kreator-logo-favicon.png","width":512,"height":512,"caption":"Kreator Toru\u0144"},"image":{"@id":"https:\/\/kreatortorun.pl\/#\/schema\/logo\/image\/"},"sameAs":["https:\/\/www.facebook.com\/torun.kreator","https:\/\/www.youtube.com\/@kreatortorun1862"]}]}},"_links":{"self":[{"href":"https:\/\/kreatortorun.pl\/en\/wp-json\/wp\/v2\/product\/5592","targetHints":{"allow":["GET"]}}],"collection":[{"href":"https:\/\/kreatortorun.pl\/en\/wp-json\/wp\/v2\/product"}],"about":[{"href":"https:\/\/kreatortorun.pl\/en\/wp-json\/wp\/v2\/types\/product"}],"wp:featuredmedia":[{"embeddable":true,"href":"https:\/\/kreatortorun.pl\/en\/wp-json\/wp\/v2\/media\/5371"}],"wp:attachment":[{"href":"https:\/\/kreatortorun.pl\/en\/wp-json\/wp\/v2\/media?parent=5592"}],"wp:term":[{"taxonomy":"product_brand","embeddable":true,"href":"https:\/\/kreatortorun.pl\/en\/wp-json\/wp\/v2\/product_brand?post=5592"},{"taxonomy":"product_cat","embeddable":true,"href":"https:\/\/kreatortorun.pl\/en\/wp-json\/wp\/v2\/product_cat?post=5592"},{"taxonomy":"product_tag","embeddable":true,"href":"https:\/\/kreatortorun.pl\/en\/wp-json\/wp\/v2\/product_tag?post=5592"}],"curies":[{"name":"wp","href":"https:\/\/api.w.org\/{rel}","templated":true}]}}