{"id":6668,"date":"2022-03-28T12:34:49","date_gmt":"2022-03-28T12:34:49","guid":{"rendered":"https:\/\/kreatortorun.pl\/?post_type=product&#038;p=6668"},"modified":"2026-04-01T19:19:22","modified_gmt":"2026-04-01T19:19:22","slug":"mundur-wyjsciowy-sil-powietrznych-wzor-102-mon","status":"publish","type":"product","link":"https:\/\/kreatortorun.pl\/en\/produkt\/mundur-wyjsciowy-sil-powietrznych-wzor-102-mon\/","title":{"rendered":"Mundur wyj\u015bciowy Si\u0142 Powietrznych wz\u00f3r 102\/MON"},"content":{"rendered":"<h2 style=\"text-align: justify;\">Kurtka munduru<span class=\"Apple-converted-space\"> wyj\u015bciowego SP<\/span><\/h2>\n<p style=\"text-align: justify;\">Kurtka wykonana jest z tkaniny w kolorze stalowym. Kurtka jednorz\u0119dowa, z wyk\u0142adanym ko\u0142nierzem i wy\u0142ogami, zapinana z przodu na cztery guziki mundurowe. Barki kurtki spadziste, op\u0142ywowe, wyr\u00f3wnane wk\u0142adami barkowymi. Na barkach umieszczone s\u0105 naramienniki zapinane na guziki mundurowe. Na linii klatki piersiowej i po bokach kurtki naszyte s\u0105 kieszenie z fa\u0142dkami i patkami. Ty\u0142 kurtki ze szwem po\u015brodku. R\u0119kawy g\u0142adkie, ze szwem \u0142okciowym, u do\u0142u zako\u0144czone rozporkami. Kurtka od wewn\u0105trz wyko\u0144czona jest jedwabn\u0105 podszewk\u0105 w kolorze dopasowanym do tkaniny wierzchniej. W g\u00f3rnych cz\u0119\u015bciach przodu wykonane s\u0105 kieszenie wewn\u0119trzne. Na prawym szwie barkowym przyszyty jest guzik do przypi\u0119cia sznura galowego.<\/p>\n<h2 style=\"text-align: justify;\">Spodnie munduru<span class=\"Apple-converted-space\"> wyj\u015bciowego SP<\/span><\/h2>\n<p style=\"text-align: justify;\">Spodnie d\u0142ugie biodrowe bez mankiet\u00f3w wykonane z tej samej tkaniny co kurtka. Nogawki zw\u0119\u017cone ku do\u0142owi i uformowane odpowiednio do kszta\u0142tu n\u00f3g. Szeroko\u015b\u0107 nogawek u do\u0142u uzale\u017cniona jest od wielko\u015bci. W przednich nogawkach wykonane s\u0105 kieszenie boczne z jedn\u0105 wypustk\u0105. W prawej tylnej nogawce wykonana jest kiesze\u0144 z wypustk\u0105 i patk\u0105 zapinan\u0105 na dziurk\u0119 i guzik. W pasek wszyto siedem podtrzymywaczy paska. Lewa strona paska przed\u0142u\u017cona, zako\u0144czona dziurk\u0105. Na pasek spodni przyszyte s\u0105 guziki do szelek.<\/p>\n","protected":false},"excerpt":{"rendered":"<p style=\"text-align: justify;\">Mundur wyj\u015bciowy SP 102\/MON jest potwierdzony przez Wojskowy O\u015brodek Badawczo-Wdro\u017ceniowy S\u0142u\u017cby Mundurowej w \u0141odzi za zgodno\u015b\u0107 z Wojskow\u0105 Dokumentacj\u0105 Techniczno-Technologiczn\u0105 oraz wzorem Przedmiotu Umundurowania i Wyekwipowania. Wszystkie surowce zastosowane w wyrobie s\u0105<span class=\"Apple-converted-space\">\u00a0 <\/span>zgodne z Wojskow\u0105 Dokumentacj\u0105 Techniczno-Technologiczn\u0105 wz\u00f3r 102\/MON.<\/p>\n","protected":false},"featured_media":6662,"template":"","meta":[],"product_brand":[],"product_cat":[128],"product_tag":[215,89],"class_list":{"0":"post-6668","1":"product","2":"type-product","3":"status-publish","4":"has-post-thumbnail","6":"product_cat-umundurowanie-m-sp","7":"product_tag-tabelowe","8":"product_tag-sp","9":"product_shipping_class-dpd","11":"first","12":"onbackorder","13":"taxable","14":"shipping-taxable","15":"purchasable","16":"product-type-variable"},"yoast_head":"<!-- This site is optimized with the Yoast SEO plugin v27.3 - https:\/\/yoast.com\/product\/yoast-seo-wordpress\/ -->\n<title>Mundur wyj\u015bciowy Si\u0142 Powietrznych wz\u00f3r 102\/MON - Kreator Toru\u0144<\/title>\n<meta name=\"robots\" content=\"index, follow, max-snippet:-1, max-image-preview:large, max-video-preview:-1\" \/>\n<link rel=\"canonical\" href=\"https:\/\/kreatortorun.pl\/produkt\/mundur-wyjsciowy-sil-powietrznych-wzor-102-mon\/\" \/>\n<meta property=\"og:locale\" content=\"en_US\" \/>\n<meta property=\"og:type\" content=\"article\" \/>\n<meta property=\"og:title\" content=\"Mundur wyj\u015bciowy Si\u0142 Powietrznych wz\u00f3r 102\/MON - Kreator Toru\u0144\" \/>\n<meta property=\"og:description\" content=\"Mundur wyj\u015bciowy SP 102\/MON jest potwierdzony przez Wojskowy O\u015brodek Badawczo-Wdro\u017ceniowy S\u0142u\u017cby Mundurowej w \u0141odzi za zgodno\u015b\u0107 z Wojskow\u0105 Dokumentacj\u0105 Techniczno-Technologiczn\u0105 oraz wzorem Przedmiotu Umundurowania i Wyekwipowania. Wszystkie surowce zastosowane w wyrobie s\u0105\u00a0 zgodne z Wojskow\u0105 Dokumentacj\u0105 Techniczno-Technologiczn\u0105 wz\u00f3r 102\/MON.\" \/>\n<meta property=\"og:url\" content=\"https:\/\/kreatortorun.pl\/produkt\/mundur-wyjsciowy-sil-powietrznych-wzor-102-mon\/\" \/>\n<meta property=\"og:site_name\" content=\"Kreator Toru\u0144\" \/>\n<meta property=\"article:publisher\" content=\"https:\/\/www.facebook.com\/torun.kreator\" \/>\n<meta property=\"article:modified_time\" content=\"2026-04-01T19:19:22+00:00\" \/>\n<meta property=\"og:image\" content=\"https:\/\/kreatortorun.pl\/wp-content\/uploads\/2022\/03\/SP\u2013Mundur-wyjsciowy-KREATOR-01.jpg\" \/>\n\t<meta property=\"og:image:width\" content=\"1200\" \/>\n\t<meta property=\"og:image:height\" content=\"1200\" \/>\n\t<meta property=\"og:image:type\" content=\"image\/jpeg\" \/>\n<meta name=\"twitter:card\" content=\"summary_large_image\" \/>\n<meta name=\"twitter:label1\" content=\"Est. reading time\" \/>\n\t<meta name=\"twitter:data1\" content=\"2 minutes\" \/>\n<script type=\"application\/ld+json\" class=\"yoast-schema-graph\">{\"@context\":\"https:\\\/\\\/schema.org\",\"@graph\":[{\"@type\":\"WebPage\",\"@id\":\"https:\\\/\\\/kreatortorun.pl\\\/produkt\\\/mundur-wyjsciowy-sil-powietrznych-wzor-102-mon\\\/\",\"url\":\"https:\\\/\\\/kreatortorun.pl\\\/produkt\\\/mundur-wyjsciowy-sil-powietrznych-wzor-102-mon\\\/\",\"name\":\"Mundur wyj\u015bciowy Si\u0142 Powietrznych wz\u00f3r 102\\\/MON - Kreator Toru\u0144\",\"isPartOf\":{\"@id\":\"https:\\\/\\\/kreatortorun.pl\\\/#website\"},\"primaryImageOfPage\":{\"@id\":\"https:\\\/\\\/kreatortorun.pl\\\/produkt\\\/mundur-wyjsciowy-sil-powietrznych-wzor-102-mon\\\/#primaryimage\"},\"image\":{\"@id\":\"https:\\\/\\\/kreatortorun.pl\\\/produkt\\\/mundur-wyjsciowy-sil-powietrznych-wzor-102-mon\\\/#primaryimage\"},\"thumbnailUrl\":\"https:\\\/\\\/kreatortorun.pl\\\/wp-content\\\/uploads\\\/2022\\\/03\\\/SP\u2013Mundur-wyjsciowy-KREATOR-01.jpg\",\"datePublished\":\"2022-03-28T12:34:49+00:00\",\"dateModified\":\"2026-04-01T19:19:22+00:00\",\"breadcrumb\":{\"@id\":\"https:\\\/\\\/kreatortorun.pl\\\/produkt\\\/mundur-wyjsciowy-sil-powietrznych-wzor-102-mon\\\/#breadcrumb\"},\"inLanguage\":\"en-US\",\"potentialAction\":[{\"@type\":\"ReadAction\",\"target\":[\"https:\\\/\\\/kreatortorun.pl\\\/produkt\\\/mundur-wyjsciowy-sil-powietrznych-wzor-102-mon\\\/\"]}]},{\"@type\":\"ImageObject\",\"inLanguage\":\"en-US\",\"@id\":\"https:\\\/\\\/kreatortorun.pl\\\/produkt\\\/mundur-wyjsciowy-sil-powietrznych-wzor-102-mon\\\/#primaryimage\",\"url\":\"https:\\\/\\\/kreatortorun.pl\\\/wp-content\\\/uploads\\\/2022\\\/03\\\/SP\u2013Mundur-wyjsciowy-KREATOR-01.jpg\",\"contentUrl\":\"https:\\\/\\\/kreatortorun.pl\\\/wp-content\\\/uploads\\\/2022\\\/03\\\/SP\u2013Mundur-wyjsciowy-KREATOR-01.jpg\",\"width\":1200,\"height\":1200,\"caption\":\"mundury si\u0142 powietrznych\"},{\"@type\":\"BreadcrumbList\",\"@id\":\"https:\\\/\\\/kreatortorun.pl\\\/produkt\\\/mundur-wyjsciowy-sil-powietrznych-wzor-102-mon\\\/#breadcrumb\",\"itemListElement\":[{\"@type\":\"ListItem\",\"position\":1,\"name\":\"Strona g\u0142\u00f3wna\",\"item\":\"https:\\\/\\\/kreatortorun.pl\\\/en\\\/\"},{\"@type\":\"ListItem\",\"position\":2,\"name\":\"Shop\",\"item\":\"https:\\\/\\\/kreatortorun.pl\\\/en\\\/shop\\\/\"},{\"@type\":\"ListItem\",\"position\":3,\"name\":\"Mundur wyj\u015bciowy Si\u0142 Powietrznych wz\u00f3r 102\\\/MON\"}]},{\"@type\":\"WebSite\",\"@id\":\"https:\\\/\\\/kreatortorun.pl\\\/#website\",\"url\":\"https:\\\/\\\/kreatortorun.pl\\\/\",\"name\":\"Kreator Toru\u0144\",\"description\":\"Producent mundur\u00f3w, kombinezon\u00f3w i odzie\u017cy taktycznej\",\"publisher\":{\"@id\":\"https:\\\/\\\/kreatortorun.pl\\\/#organization\"},\"potentialAction\":[{\"@type\":\"SearchAction\",\"target\":{\"@type\":\"EntryPoint\",\"urlTemplate\":\"https:\\\/\\\/kreatortorun.pl\\\/?s={search_term_string}\"},\"query-input\":{\"@type\":\"PropertyValueSpecification\",\"valueRequired\":true,\"valueName\":\"search_term_string\"}}],\"inLanguage\":\"en-US\"},{\"@type\":\"Organization\",\"@id\":\"https:\\\/\\\/kreatortorun.pl\\\/#organization\",\"name\":\"Kreator Toru\u0144\",\"url\":\"https:\\\/\\\/kreatortorun.pl\\\/\",\"logo\":{\"@type\":\"ImageObject\",\"inLanguage\":\"en-US\",\"@id\":\"https:\\\/\\\/kreatortorun.pl\\\/#\\\/schema\\\/logo\\\/image\\\/\",\"url\":\"https:\\\/\\\/kreatortorun.pl\\\/wp-content\\\/uploads\\\/2024\\\/02\\\/cropped-kreator-logo-favicon.png\",\"contentUrl\":\"https:\\\/\\\/kreatortorun.pl\\\/wp-content\\\/uploads\\\/2024\\\/02\\\/cropped-kreator-logo-favicon.png\",\"width\":512,\"height\":512,\"caption\":\"Kreator Toru\u0144\"},\"image\":{\"@id\":\"https:\\\/\\\/kreatortorun.pl\\\/#\\\/schema\\\/logo\\\/image\\\/\"},\"sameAs\":[\"https:\\\/\\\/www.facebook.com\\\/torun.kreator\",\"https:\\\/\\\/www.youtube.com\\\/@kreatortorun1862\"]}]}<\/script>\n<!-- \/ Yoast SEO plugin. -->","yoast_head_json":{"title":"Mundur wyj\u015bciowy Si\u0142 Powietrznych wz\u00f3r 102\/MON - Kreator Toru\u0144","robots":{"index":"index","follow":"follow","max-snippet":"max-snippet:-1","max-image-preview":"max-image-preview:large","max-video-preview":"max-video-preview:-1"},"canonical":"https:\/\/kreatortorun.pl\/produkt\/mundur-wyjsciowy-sil-powietrznych-wzor-102-mon\/","og_locale":"en_US","og_type":"article","og_title":"Mundur wyj\u015bciowy Si\u0142 Powietrznych wz\u00f3r 102\/MON - Kreator Toru\u0144","og_description":"Mundur wyj\u015bciowy SP 102\/MON jest potwierdzony przez Wojskowy O\u015brodek Badawczo-Wdro\u017ceniowy S\u0142u\u017cby Mundurowej w \u0141odzi za zgodno\u015b\u0107 z Wojskow\u0105 Dokumentacj\u0105 Techniczno-Technologiczn\u0105 oraz wzorem Przedmiotu Umundurowania i Wyekwipowania. Wszystkie surowce zastosowane w wyrobie s\u0105\u00a0 zgodne z Wojskow\u0105 Dokumentacj\u0105 Techniczno-Technologiczn\u0105 wz\u00f3r 102\/MON.","og_url":"https:\/\/kreatortorun.pl\/produkt\/mundur-wyjsciowy-sil-powietrznych-wzor-102-mon\/","og_site_name":"Kreator Toru\u0144","article_publisher":"https:\/\/www.facebook.com\/torun.kreator","article_modified_time":"2026-04-01T19:19:22+00:00","og_image":[{"width":1200,"height":1200,"url":"https:\/\/kreatortorun.pl\/wp-content\/uploads\/2022\/03\/SP\u2013Mundur-wyjsciowy-KREATOR-01.jpg","type":"image\/jpeg"}],"twitter_card":"summary_large_image","twitter_misc":{"Est. reading time":"2 minutes"},"schema":{"@context":"https:\/\/schema.org","@graph":[{"@type":"WebPage","@id":"https:\/\/kreatortorun.pl\/produkt\/mundur-wyjsciowy-sil-powietrznych-wzor-102-mon\/","url":"https:\/\/kreatortorun.pl\/produkt\/mundur-wyjsciowy-sil-powietrznych-wzor-102-mon\/","name":"Mundur wyj\u015bciowy Si\u0142 Powietrznych wz\u00f3r 102\/MON - Kreator Toru\u0144","isPartOf":{"@id":"https:\/\/kreatortorun.pl\/#website"},"primaryImageOfPage":{"@id":"https:\/\/kreatortorun.pl\/produkt\/mundur-wyjsciowy-sil-powietrznych-wzor-102-mon\/#primaryimage"},"image":{"@id":"https:\/\/kreatortorun.pl\/produkt\/mundur-wyjsciowy-sil-powietrznych-wzor-102-mon\/#primaryimage"},"thumbnailUrl":"https:\/\/kreatortorun.pl\/wp-content\/uploads\/2022\/03\/SP\u2013Mundur-wyjsciowy-KREATOR-01.jpg","datePublished":"2022-03-28T12:34:49+00:00","dateModified":"2026-04-01T19:19:22+00:00","breadcrumb":{"@id":"https:\/\/kreatortorun.pl\/produkt\/mundur-wyjsciowy-sil-powietrznych-wzor-102-mon\/#breadcrumb"},"inLanguage":"en-US","potentialAction":[{"@type":"ReadAction","target":["https:\/\/kreatortorun.pl\/produkt\/mundur-wyjsciowy-sil-powietrznych-wzor-102-mon\/"]}]},{"@type":"ImageObject","inLanguage":"en-US","@id":"https:\/\/kreatortorun.pl\/produkt\/mundur-wyjsciowy-sil-powietrznych-wzor-102-mon\/#primaryimage","url":"https:\/\/kreatortorun.pl\/wp-content\/uploads\/2022\/03\/SP\u2013Mundur-wyjsciowy-KREATOR-01.jpg","contentUrl":"https:\/\/kreatortorun.pl\/wp-content\/uploads\/2022\/03\/SP\u2013Mundur-wyjsciowy-KREATOR-01.jpg","width":1200,"height":1200,"caption":"mundury si\u0142 powietrznych"},{"@type":"BreadcrumbList","@id":"https:\/\/kreatortorun.pl\/produkt\/mundur-wyjsciowy-sil-powietrznych-wzor-102-mon\/#breadcrumb","itemListElement":[{"@type":"ListItem","position":1,"name":"Strona g\u0142\u00f3wna","item":"https:\/\/kreatortorun.pl\/en\/"},{"@type":"ListItem","position":2,"name":"Shop","item":"https:\/\/kreatortorun.pl\/en\/shop\/"},{"@type":"ListItem","position":3,"name":"Mundur wyj\u015bciowy Si\u0142 Powietrznych wz\u00f3r 102\/MON"}]},{"@type":"WebSite","@id":"https:\/\/kreatortorun.pl\/#website","url":"https:\/\/kreatortorun.pl\/","name":"Kreator Toru\u0144","description":"Producent mundur\u00f3w, kombinezon\u00f3w i odzie\u017cy taktycznej","publisher":{"@id":"https:\/\/kreatortorun.pl\/#organization"},"potentialAction":[{"@type":"SearchAction","target":{"@type":"EntryPoint","urlTemplate":"https:\/\/kreatortorun.pl\/?s={search_term_string}"},"query-input":{"@type":"PropertyValueSpecification","valueRequired":true,"valueName":"search_term_string"}}],"inLanguage":"en-US"},{"@type":"Organization","@id":"https:\/\/kreatortorun.pl\/#organization","name":"Kreator Toru\u0144","url":"https:\/\/kreatortorun.pl\/","logo":{"@type":"ImageObject","inLanguage":"en-US","@id":"https:\/\/kreatortorun.pl\/#\/schema\/logo\/image\/","url":"https:\/\/kreatortorun.pl\/wp-content\/uploads\/2024\/02\/cropped-kreator-logo-favicon.png","contentUrl":"https:\/\/kreatortorun.pl\/wp-content\/uploads\/2024\/02\/cropped-kreator-logo-favicon.png","width":512,"height":512,"caption":"Kreator Toru\u0144"},"image":{"@id":"https:\/\/kreatortorun.pl\/#\/schema\/logo\/image\/"},"sameAs":["https:\/\/www.facebook.com\/torun.kreator","https:\/\/www.youtube.com\/@kreatortorun1862"]}]}},"_links":{"self":[{"href":"https:\/\/kreatortorun.pl\/en\/wp-json\/wp\/v2\/product\/6668","targetHints":{"allow":["GET"]}}],"collection":[{"href":"https:\/\/kreatortorun.pl\/en\/wp-json\/wp\/v2\/product"}],"about":[{"href":"https:\/\/kreatortorun.pl\/en\/wp-json\/wp\/v2\/types\/product"}],"wp:featuredmedia":[{"embeddable":true,"href":"https:\/\/kreatortorun.pl\/en\/wp-json\/wp\/v2\/media\/6662"}],"wp:attachment":[{"href":"https:\/\/kreatortorun.pl\/en\/wp-json\/wp\/v2\/media?parent=6668"}],"wp:term":[{"taxonomy":"product_brand","embeddable":true,"href":"https:\/\/kreatortorun.pl\/en\/wp-json\/wp\/v2\/product_brand?post=6668"},{"taxonomy":"product_cat","embeddable":true,"href":"https:\/\/kreatortorun.pl\/en\/wp-json\/wp\/v2\/product_cat?post=6668"},{"taxonomy":"product_tag","embeddable":true,"href":"https:\/\/kreatortorun.pl\/en\/wp-json\/wp\/v2\/product_tag?post=6668"}],"curies":[{"name":"wp","href":"https:\/\/api.w.org\/{rel}","templated":true}]}}