{"id":6928,"date":"2022-05-09T14:07:05","date_gmt":"2022-05-09T14:07:05","guid":{"rendered":"https:\/\/kreatortorun.pl\/?post_type=product&#038;p=6928"},"modified":"2026-04-29T09:44:11","modified_gmt":"2026-04-29T09:44:11","slug":"plaszcz-psp-caloroczny","status":"publish","type":"product","link":"https:\/\/kreatortorun.pl\/en\/produkt\/plaszcz-psp-caloroczny\/","title":{"rendered":"P\u0142aszcz wyj\u015bciowy PSP"},"content":{"rendered":"<h1 style=\"text-align: justify;\">P\u0142aszcz wyj\u015bciowy ca\u0142oroczny PSP &#8211; m\u0119ski i damski<\/h1>\n<p style=\"text-align: justify;\">P\u0142aszcz wchodzi w sk\u0142ad ubioru wyj\u015bciowego funkcjonariuszy Pa\u0144stwowej Stra\u017cy Po\u017carnej. Szyjemy ten p\u0142aszcz zar\u00f3wno w wersji m\u0119skiej, jak i damskiej. P\u0142aszcz stra\u017cacki wykonany jest z tkaniny w kolorze granatowym, od wewn\u0105trz wyko\u0144czony podszewk\u0105 w kolorze tkaniny zasadniczej. Sk\u0142ad: ok. 50% we\u0142ny i ok. 50% w\u0142\u00f3kien syntetycznych. Konstrukcja p\u0142aszcza wyj\u015bciowego jest klasyczna z zapi\u0119ciem jednorz\u0119dowym, z wy\u0142ogami, wyk\u0142adanym ko\u0142nierzem z odcinan\u0105 st\u00f3jk\u0105, boczkami oraz dwucz\u0119\u015bciowym ty\u0142em zako\u0144czonym rozporkiem nak\u0142adanym.<\/p>\n<h2 style=\"text-align: justify;\">P\u0142aszcz ca\u0142oroczny PSP m\u0119ski<\/h2>\n<p style=\"text-align: justify;\">P\u0142aszcz stra\u017cacki jest zapinany z przodu na 4 guziki z wizerunkiem or\u0142a w koronie. Przody tego p\u0142aszcza stra\u017cackiego posiadaj\u0105 ci\u0119cia dopasowuj\u0105ce wyr\u00f3b do sylwetki, poni\u017cej linii pasa wykonane kieszenie dwuwypustkowe z patk\u0105. Ramiona wype\u0142niane wk\u0142adami barkowymi. Na ramionach p\u0142aszcza wszyte naramienniki przesuni\u0119te ku przodowi, zapinane na guzik z wizerunkiem or\u0142a w koronie w odleg\u0142o\u015bci 0,5 cm od szwa barkowego na przodzie. Pod prawym naramiennikiem przyszyty guzik w odleg\u0142o\u015bci 3 cm od wszycia kuli r\u0119kawa do przypi\u0119cia sznura galowego. Na wysoko\u015bci pasa ty\u0142u znajduje si\u0119 pasek. Z ty\u0142u p\u0142aszcz wyj\u015bciowy dla stra\u017caka ma od wewn\u0105trz przyszyty wieszak na elemencie st\u00f3jki. R\u0119kawy p\u0142aszcza PSP klasyczne dwucz\u0119\u015bciowe, g\u0142adkie. Na lewym r\u0119kawie naszyty emblemat z wizerunkiem or\u0142a.<\/p>\n<p style=\"text-align: justify;\">W podszewce prawego przodu kiesze\u0144 ci\u0119ta dwuwypustkowa zapinana na zamek b\u0142yskawiczny. Dodatkowo p\u0142aszcz ca\u0142oroczny dla stra\u017cak\u00f3w posiada dopinan\u0105 na zamek b\u0142yskawiczny podpink\u0119. W prawym przodzie podpinki wykonano otw\u00f3r z dost\u0119pem do kieszeni wewn\u0119trznej p\u0142aszcza. Kraw\u0119dzie podpinki s\u0105 wylamowane, kraw\u0119d\u017a ob\u0142o\u017ce\u0144 oraz ty\u0142u wyko\u0144czone lam\u00f3wk\u0105. Dodatkowo podpinka p\u0142aszcza mocowana jest do podkroju pachy za pomoc\u0105 guzika j p\u0119telki. P\u0142aszcz PSP jest klejony wielkopowierzchniowo z wk\u0142adami formuj\u0105cymi na wysoko\u015bci klatki piersiowej.<\/p>\n<p style=\"text-align: justify;\">W korpusie komendant\u00f3w PSP p\u0142aszcz wykonany jest w spos\u00f3b okre\u015blony w niniejszej dokumentacji z dodatkowo umieszczonymi oznaczeniami wykonanymi metod\u0105 haftu okre\u015blonymi w odr\u0119bnej DT-T.<\/p>\n<h2>P\u0142aszcz wyj\u015bciowy PSP damski<\/h2>\n<p style=\"text-align: justify;\">Szyjemy r\u00f3wnie\u017c damsk\u0105 wersj\u0119 p\u0142aszcza wyj\u015bciowego PSP, poniewa\u017c &#8211; zgodnie z dokumentacj\u0105 &#8211; r\u00f3wnie\u017c p\u0142aszcz damski PSP wchodzi w sk\u0142ad ubioru wyj\u015bciowego funkcjonariuszek Pa\u0144stwowej Stra\u017cy Po\u017carnej. Aby zam\u00f3wi\u0107 zadzwo\u0144: <strong><span style=\"color: #d83131;\"><a href=\"tel: +48790771696\">+48 790 771 696 <\/a><\/span><\/strong>lub <a href=\"mailto:l.mirosznik@kreatortorun.pl\" class=\"button alert is-alert is-medium\" >\n\t\t<span>ZAPYTAJ<\/span>\n\t<\/a>\n\n","protected":false},"excerpt":{"rendered":"<p>P\u0142aszcz wyj\u015bciowy m\u0119ski PSP (p\u0142aszcz ca\u0142oroczny PSP) jest zgodny z dokumentacj\u0105 techniczno-technologiczn\u0105 Komendy G\u0142\u00f3wnej Pa\u0144stwowej Stra\u017cy Po\u017carnej &#8211; wz\u00f3r z 2023 r.<\/p>\n","protected":false},"featured_media":6929,"template":"","meta":[],"product_brand":[],"product_cat":[172],"product_tag":[171],"class_list":{"0":"post-6928","1":"product","2":"type-product","3":"status-publish","4":"has-post-thumbnail","6":"product_cat-umundurowanie-m-psp","7":"product_tag-psp","8":"product_shipping_class-dpd","10":"first","11":"onbackorder","12":"taxable","13":"shipping-taxable","14":"purchasable","15":"product-type-simple"},"yoast_head":"<!-- This site is optimized with the Yoast SEO plugin v27.3 - https:\/\/yoast.com\/product\/yoast-seo-wordpress\/ -->\n<title>P\u0142aszcz wyj\u015bciowy PSP - Kreator Toru\u0144<\/title>\n<meta name=\"description\" content=\"P\u0142aszcz wyj\u015bciowy PSP \u2013 elegancki p\u0142aszcz stra\u017cacki na ca\u0142y rok. Oficjalny p\u0142aszcz PSP zgodny z dokumentacj\u0105 KG PSP. Sprawd\u017a dost\u0119pno\u015b\u0107 online!\" \/>\n<meta name=\"robots\" content=\"index, follow, max-snippet:-1, max-image-preview:large, max-video-preview:-1\" \/>\n<link rel=\"canonical\" href=\"https:\/\/kreatortorun.pl\/produkt\/plaszcz-psp-caloroczny\/\" \/>\n<meta property=\"og:locale\" content=\"en_US\" \/>\n<meta property=\"og:type\" content=\"article\" \/>\n<meta property=\"og:title\" content=\"P\u0142aszcz wyj\u015bciowy PSP - Kreator Toru\u0144\" \/>\n<meta property=\"og:description\" content=\"P\u0142aszcz wyj\u015bciowy PSP \u2013 elegancki p\u0142aszcz stra\u017cacki na ca\u0142y rok. Oficjalny p\u0142aszcz PSP zgodny z dokumentacj\u0105 KG PSP. Sprawd\u017a dost\u0119pno\u015b\u0107 online!\" \/>\n<meta property=\"og:url\" content=\"https:\/\/kreatortorun.pl\/produkt\/plaszcz-psp-caloroczny\/\" \/>\n<meta property=\"og:site_name\" content=\"Kreator Toru\u0144\" \/>\n<meta property=\"article:publisher\" content=\"https:\/\/www.facebook.com\/torun.kreator\" \/>\n<meta property=\"article:modified_time\" content=\"2026-04-29T09:44:11+00:00\" \/>\n<meta property=\"og:image\" content=\"https:\/\/kreatortorun.pl\/wp-content\/uploads\/2022\/05\/KREATOR_Plaszcz_PSP_01-e1744967492894.jpg\" \/>\n\t<meta property=\"og:image:width\" content=\"1130\" \/>\n\t<meta property=\"og:image:height\" content=\"1130\" \/>\n\t<meta property=\"og:image:type\" content=\"image\/jpeg\" \/>\n<meta name=\"twitter:card\" content=\"summary_large_image\" \/>\n<meta name=\"twitter:label1\" content=\"Est. reading time\" \/>\n\t<meta name=\"twitter:data1\" content=\"3 minutes\" \/>\n<script type=\"application\/ld+json\" class=\"yoast-schema-graph\">{\"@context\":\"https:\\\/\\\/schema.org\",\"@graph\":[{\"@type\":\"WebPage\",\"@id\":\"https:\\\/\\\/kreatortorun.pl\\\/produkt\\\/plaszcz-psp-caloroczny\\\/\",\"url\":\"https:\\\/\\\/kreatortorun.pl\\\/produkt\\\/plaszcz-psp-caloroczny\\\/\",\"name\":\"P\u0142aszcz wyj\u015bciowy PSP - Kreator Toru\u0144\",\"isPartOf\":{\"@id\":\"https:\\\/\\\/kreatortorun.pl\\\/#website\"},\"primaryImageOfPage\":{\"@id\":\"https:\\\/\\\/kreatortorun.pl\\\/produkt\\\/plaszcz-psp-caloroczny\\\/#primaryimage\"},\"image\":{\"@id\":\"https:\\\/\\\/kreatortorun.pl\\\/produkt\\\/plaszcz-psp-caloroczny\\\/#primaryimage\"},\"thumbnailUrl\":\"https:\\\/\\\/kreatortorun.pl\\\/wp-content\\\/uploads\\\/2022\\\/05\\\/KREATOR_Plaszcz_PSP_01-e1744967492894.jpg\",\"datePublished\":\"2022-05-09T14:07:05+00:00\",\"dateModified\":\"2026-04-29T09:44:11+00:00\",\"description\":\"P\u0142aszcz wyj\u015bciowy PSP \u2013 elegancki p\u0142aszcz stra\u017cacki na ca\u0142y rok. Oficjalny p\u0142aszcz PSP zgodny z dokumentacj\u0105 KG PSP. Sprawd\u017a dost\u0119pno\u015b\u0107 online!\",\"breadcrumb\":{\"@id\":\"https:\\\/\\\/kreatortorun.pl\\\/produkt\\\/plaszcz-psp-caloroczny\\\/#breadcrumb\"},\"inLanguage\":\"en-US\",\"potentialAction\":[{\"@type\":\"ReadAction\",\"target\":[\"https:\\\/\\\/kreatortorun.pl\\\/produkt\\\/plaszcz-psp-caloroczny\\\/\"]}]},{\"@type\":\"ImageObject\",\"inLanguage\":\"en-US\",\"@id\":\"https:\\\/\\\/kreatortorun.pl\\\/produkt\\\/plaszcz-psp-caloroczny\\\/#primaryimage\",\"url\":\"https:\\\/\\\/kreatortorun.pl\\\/wp-content\\\/uploads\\\/2022\\\/05\\\/KREATOR_Plaszcz_PSP_01-e1744967492894.jpg\",\"contentUrl\":\"https:\\\/\\\/kreatortorun.pl\\\/wp-content\\\/uploads\\\/2022\\\/05\\\/KREATOR_Plaszcz_PSP_01-e1744967492894.jpg\",\"width\":1130,\"height\":1130},{\"@type\":\"BreadcrumbList\",\"@id\":\"https:\\\/\\\/kreatortorun.pl\\\/produkt\\\/plaszcz-psp-caloroczny\\\/#breadcrumb\",\"itemListElement\":[{\"@type\":\"ListItem\",\"position\":1,\"name\":\"Strona g\u0142\u00f3wna\",\"item\":\"https:\\\/\\\/kreatortorun.pl\\\/en\\\/\"},{\"@type\":\"ListItem\",\"position\":2,\"name\":\"Shop\",\"item\":\"https:\\\/\\\/kreatortorun.pl\\\/en\\\/shop\\\/\"},{\"@type\":\"ListItem\",\"position\":3,\"name\":\"P\u0142aszcz wyj\u015bciowy PSP\"}]},{\"@type\":\"WebSite\",\"@id\":\"https:\\\/\\\/kreatortorun.pl\\\/#website\",\"url\":\"https:\\\/\\\/kreatortorun.pl\\\/\",\"name\":\"Kreator Toru\u0144\",\"description\":\"Producent mundur\u00f3w, kombinezon\u00f3w i odzie\u017cy taktycznej\",\"publisher\":{\"@id\":\"https:\\\/\\\/kreatortorun.pl\\\/#organization\"},\"potentialAction\":[{\"@type\":\"SearchAction\",\"target\":{\"@type\":\"EntryPoint\",\"urlTemplate\":\"https:\\\/\\\/kreatortorun.pl\\\/?s={search_term_string}\"},\"query-input\":{\"@type\":\"PropertyValueSpecification\",\"valueRequired\":true,\"valueName\":\"search_term_string\"}}],\"inLanguage\":\"en-US\"},{\"@type\":\"Organization\",\"@id\":\"https:\\\/\\\/kreatortorun.pl\\\/#organization\",\"name\":\"Kreator Toru\u0144\",\"url\":\"https:\\\/\\\/kreatortorun.pl\\\/\",\"logo\":{\"@type\":\"ImageObject\",\"inLanguage\":\"en-US\",\"@id\":\"https:\\\/\\\/kreatortorun.pl\\\/#\\\/schema\\\/logo\\\/image\\\/\",\"url\":\"https:\\\/\\\/kreatortorun.pl\\\/wp-content\\\/uploads\\\/2024\\\/02\\\/cropped-kreator-logo-favicon.png\",\"contentUrl\":\"https:\\\/\\\/kreatortorun.pl\\\/wp-content\\\/uploads\\\/2024\\\/02\\\/cropped-kreator-logo-favicon.png\",\"width\":512,\"height\":512,\"caption\":\"Kreator Toru\u0144\"},\"image\":{\"@id\":\"https:\\\/\\\/kreatortorun.pl\\\/#\\\/schema\\\/logo\\\/image\\\/\"},\"sameAs\":[\"https:\\\/\\\/www.facebook.com\\\/torun.kreator\",\"https:\\\/\\\/www.youtube.com\\\/@kreatortorun1862\"]}]}<\/script>\n<!-- \/ Yoast SEO plugin. -->","yoast_head_json":{"title":"P\u0142aszcz wyj\u015bciowy PSP - Kreator Toru\u0144","description":"P\u0142aszcz wyj\u015bciowy PSP \u2013 elegancki p\u0142aszcz stra\u017cacki na ca\u0142y rok. Oficjalny p\u0142aszcz PSP zgodny z dokumentacj\u0105 KG PSP. Sprawd\u017a dost\u0119pno\u015b\u0107 online!","robots":{"index":"index","follow":"follow","max-snippet":"max-snippet:-1","max-image-preview":"max-image-preview:large","max-video-preview":"max-video-preview:-1"},"canonical":"https:\/\/kreatortorun.pl\/produkt\/plaszcz-psp-caloroczny\/","og_locale":"en_US","og_type":"article","og_title":"P\u0142aszcz wyj\u015bciowy PSP - Kreator Toru\u0144","og_description":"P\u0142aszcz wyj\u015bciowy PSP \u2013 elegancki p\u0142aszcz stra\u017cacki na ca\u0142y rok. Oficjalny p\u0142aszcz PSP zgodny z dokumentacj\u0105 KG PSP. Sprawd\u017a dost\u0119pno\u015b\u0107 online!","og_url":"https:\/\/kreatortorun.pl\/produkt\/plaszcz-psp-caloroczny\/","og_site_name":"Kreator Toru\u0144","article_publisher":"https:\/\/www.facebook.com\/torun.kreator","article_modified_time":"2026-04-29T09:44:11+00:00","og_image":[{"width":1130,"height":1130,"url":"https:\/\/kreatortorun.pl\/wp-content\/uploads\/2022\/05\/KREATOR_Plaszcz_PSP_01-e1744967492894.jpg","type":"image\/jpeg"}],"twitter_card":"summary_large_image","twitter_misc":{"Est. reading time":"3 minutes"},"schema":{"@context":"https:\/\/schema.org","@graph":[{"@type":"WebPage","@id":"https:\/\/kreatortorun.pl\/produkt\/plaszcz-psp-caloroczny\/","url":"https:\/\/kreatortorun.pl\/produkt\/plaszcz-psp-caloroczny\/","name":"P\u0142aszcz wyj\u015bciowy PSP - Kreator Toru\u0144","isPartOf":{"@id":"https:\/\/kreatortorun.pl\/#website"},"primaryImageOfPage":{"@id":"https:\/\/kreatortorun.pl\/produkt\/plaszcz-psp-caloroczny\/#primaryimage"},"image":{"@id":"https:\/\/kreatortorun.pl\/produkt\/plaszcz-psp-caloroczny\/#primaryimage"},"thumbnailUrl":"https:\/\/kreatortorun.pl\/wp-content\/uploads\/2022\/05\/KREATOR_Plaszcz_PSP_01-e1744967492894.jpg","datePublished":"2022-05-09T14:07:05+00:00","dateModified":"2026-04-29T09:44:11+00:00","description":"P\u0142aszcz wyj\u015bciowy PSP \u2013 elegancki p\u0142aszcz stra\u017cacki na ca\u0142y rok. Oficjalny p\u0142aszcz PSP zgodny z dokumentacj\u0105 KG PSP. Sprawd\u017a dost\u0119pno\u015b\u0107 online!","breadcrumb":{"@id":"https:\/\/kreatortorun.pl\/produkt\/plaszcz-psp-caloroczny\/#breadcrumb"},"inLanguage":"en-US","potentialAction":[{"@type":"ReadAction","target":["https:\/\/kreatortorun.pl\/produkt\/plaszcz-psp-caloroczny\/"]}]},{"@type":"ImageObject","inLanguage":"en-US","@id":"https:\/\/kreatortorun.pl\/produkt\/plaszcz-psp-caloroczny\/#primaryimage","url":"https:\/\/kreatortorun.pl\/wp-content\/uploads\/2022\/05\/KREATOR_Plaszcz_PSP_01-e1744967492894.jpg","contentUrl":"https:\/\/kreatortorun.pl\/wp-content\/uploads\/2022\/05\/KREATOR_Plaszcz_PSP_01-e1744967492894.jpg","width":1130,"height":1130},{"@type":"BreadcrumbList","@id":"https:\/\/kreatortorun.pl\/produkt\/plaszcz-psp-caloroczny\/#breadcrumb","itemListElement":[{"@type":"ListItem","position":1,"name":"Strona g\u0142\u00f3wna","item":"https:\/\/kreatortorun.pl\/en\/"},{"@type":"ListItem","position":2,"name":"Shop","item":"https:\/\/kreatortorun.pl\/en\/shop\/"},{"@type":"ListItem","position":3,"name":"P\u0142aszcz wyj\u015bciowy PSP"}]},{"@type":"WebSite","@id":"https:\/\/kreatortorun.pl\/#website","url":"https:\/\/kreatortorun.pl\/","name":"Kreator Toru\u0144","description":"Producent mundur\u00f3w, kombinezon\u00f3w i odzie\u017cy taktycznej","publisher":{"@id":"https:\/\/kreatortorun.pl\/#organization"},"potentialAction":[{"@type":"SearchAction","target":{"@type":"EntryPoint","urlTemplate":"https:\/\/kreatortorun.pl\/?s={search_term_string}"},"query-input":{"@type":"PropertyValueSpecification","valueRequired":true,"valueName":"search_term_string"}}],"inLanguage":"en-US"},{"@type":"Organization","@id":"https:\/\/kreatortorun.pl\/#organization","name":"Kreator Toru\u0144","url":"https:\/\/kreatortorun.pl\/","logo":{"@type":"ImageObject","inLanguage":"en-US","@id":"https:\/\/kreatortorun.pl\/#\/schema\/logo\/image\/","url":"https:\/\/kreatortorun.pl\/wp-content\/uploads\/2024\/02\/cropped-kreator-logo-favicon.png","contentUrl":"https:\/\/kreatortorun.pl\/wp-content\/uploads\/2024\/02\/cropped-kreator-logo-favicon.png","width":512,"height":512,"caption":"Kreator Toru\u0144"},"image":{"@id":"https:\/\/kreatortorun.pl\/#\/schema\/logo\/image\/"},"sameAs":["https:\/\/www.facebook.com\/torun.kreator","https:\/\/www.youtube.com\/@kreatortorun1862"]}]}},"_links":{"self":[{"href":"https:\/\/kreatortorun.pl\/en\/wp-json\/wp\/v2\/product\/6928","targetHints":{"allow":["GET"]}}],"collection":[{"href":"https:\/\/kreatortorun.pl\/en\/wp-json\/wp\/v2\/product"}],"about":[{"href":"https:\/\/kreatortorun.pl\/en\/wp-json\/wp\/v2\/types\/product"}],"wp:featuredmedia":[{"embeddable":true,"href":"https:\/\/kreatortorun.pl\/en\/wp-json\/wp\/v2\/media\/6929"}],"wp:attachment":[{"href":"https:\/\/kreatortorun.pl\/en\/wp-json\/wp\/v2\/media?parent=6928"}],"wp:term":[{"taxonomy":"product_brand","embeddable":true,"href":"https:\/\/kreatortorun.pl\/en\/wp-json\/wp\/v2\/product_brand?post=6928"},{"taxonomy":"product_cat","embeddable":true,"href":"https:\/\/kreatortorun.pl\/en\/wp-json\/wp\/v2\/product_cat?post=6928"},{"taxonomy":"product_tag","embeddable":true,"href":"https:\/\/kreatortorun.pl\/en\/wp-json\/wp\/v2\/product_tag?post=6928"}],"curies":[{"name":"wp","href":"https:\/\/api.w.org\/{rel}","templated":true}]}}