{"id":6977,"date":"2022-05-15T12:16:52","date_gmt":"2022-05-15T12:16:52","guid":{"rendered":"https:\/\/kreatortorun.pl\/?post_type=product&#038;p=6977"},"modified":"2026-04-29T12:16:03","modified_gmt":"2026-04-29T12:16:03","slug":"sznur-galowy-policji","status":"publish","type":"product","link":"https:\/\/kreatortorun.pl\/en\/produkt\/sznur-galowy-policji\/","title":{"rendered":"Sznur galowy Policji"},"content":{"rendered":"<h1><strong>SZNUR GALOWY PODOFICERA POLICJI<\/strong><\/h1>\n<p>Sznur do munduru dla podoficera Policji tworzy spleciony odcinek sznura w formie warkocza zako\u0144czony metalowym wisiorkiem (nazywanym zwyczajowo bu\u0142aw\u0105), u\u0142o\u017cony po prawej stronie przodu kurtki wyj\u015bciowej i przypi\u0119ty do pierwszego od g\u00f3ry guzika przodu kurtki wyj\u015bciowej.<\/p>\n<h2><strong>SZNUR GALOWY ASPIRANTA POLICJI<\/strong><\/h2>\n<p>Sznur dla aspiranta tworzy spleciony odcinek sznura w formie warkocza i u\u0142o\u017cony przy nim jeden pojedynczy sznurek zako\u0144czony metalowym wisiorkiem.<\/p>\n<h3><strong>SZNUR GALOWY OFICERA STARSZEGO I OFICERA M\u0141ODSZEGO POLICJI<\/strong><\/h3>\n<p>&#8211; pojedynczy sznur w kszta\u0142cie p\u0119tli przewieszony przez rami\u0119 pod naramiennikiem i u\u0142o\u017cony pionowo pod pach\u0105 r\u0119kawa,<\/p>\n<p>&#8211; spleciony sznur w formie warkocza z jednym pojedynczym sznurkiem.<\/p>\n<h4><strong>SZNUR GALOWY NADINSPEKTORA I GENERALNEGO INSPEKTORA POLICJI sk\u0142ada si\u0119 z:<\/strong><\/h4>\n<p>&#8211; pojedynczego sznura w kszta\u0142cie p\u0119tli przewieszonego przez rami\u0119 pod naramiennikiem i u\u0142o\u017conego pionowo pod pach\u0105 r\u0119kawa,<\/p>\n<p>&#8211; splecionego sznura w formie warkocza z dwoma pojedynczymi sznurkami po obu stronach, zako\u0144czonego metalowym wisiorkiem,<\/p>\n<p>&#8211; drugiego splecionego sznura w formie warkocza zako\u0144czonego metalowym wisiorkiem,<\/p>\n","protected":false},"excerpt":{"rendered":"<p style=\"text-align: justify;\">Sznur galowy Policji.<br \/>\nSznur do munduru zgodny z dokumentacj\u0105 KGP.<\/p>\n","protected":false},"featured_media":4215,"template":"","meta":[],"product_brand":[],"product_cat":[155,156],"product_tag":[166,190],"class_list":{"0":"post-6977","1":"product","2":"type-product","3":"status-publish","4":"has-post-thumbnail","6":"product_cat-akcesoria-meskie-policja","7":"product_cat-akcesoria-damskie-policja","8":"product_tag-policja","9":"product_tag-pol","11":"first","12":"instock","13":"taxable","14":"shipping-taxable","15":"purchasable","16":"product-type-variable"},"yoast_head":"<!-- This site is optimized with the Yoast SEO plugin v27.3 - https:\/\/yoast.com\/product\/yoast-seo-wordpress\/ -->\n<title>Sznur galowy Policji - Kreator Toru\u0144<\/title>\n<meta name=\"description\" content=\"Sznur galowy Policji - wysokiej jako\u015bci, zgodny z regulaminem. Sznur dost\u0119pny w sklepie online z akcesoriami mundurowymi. Szybka wysy\u0142ka i pewna jako\u015b\u0107.\" \/>\n<meta name=\"robots\" content=\"index, follow, max-snippet:-1, max-image-preview:large, max-video-preview:-1\" \/>\n<link rel=\"canonical\" href=\"https:\/\/kreatortorun.pl\/produkt\/sznur-galowy-policji\/\" \/>\n<meta property=\"og:locale\" content=\"en_US\" \/>\n<meta property=\"og:type\" content=\"article\" \/>\n<meta property=\"og:title\" content=\"Sznur galowy Policji - Kreator Toru\u0144\" \/>\n<meta property=\"og:description\" content=\"Sznur galowy Policji - wysokiej jako\u015bci, zgodny z regulaminem. Sznur dost\u0119pny w sklepie online z akcesoriami mundurowymi. Szybka wysy\u0142ka i pewna jako\u015b\u0107.\" \/>\n<meta property=\"og:url\" content=\"https:\/\/kreatortorun.pl\/produkt\/sznur-galowy-policji\/\" \/>\n<meta property=\"og:site_name\" content=\"Kreator Toru\u0144\" \/>\n<meta property=\"article:publisher\" content=\"https:\/\/www.facebook.com\/torun.kreator\" \/>\n<meta property=\"article:modified_time\" content=\"2026-04-29T12:16:03+00:00\" \/>\n<meta property=\"og:image\" content=\"https:\/\/kreatortorun.pl\/wp-content\/uploads\/2021\/12\/PARE.PL-sznur-7603.jpg\" \/>\n\t<meta property=\"og:image:width\" content=\"1200\" \/>\n\t<meta property=\"og:image:height\" content=\"1200\" \/>\n\t<meta property=\"og:image:type\" content=\"image\/jpeg\" \/>\n<meta name=\"twitter:card\" content=\"summary_large_image\" \/>\n<meta name=\"twitter:label1\" content=\"Est. reading time\" \/>\n\t<meta name=\"twitter:data1\" content=\"2 minutes\" \/>\n<script type=\"application\/ld+json\" class=\"yoast-schema-graph\">{\"@context\":\"https:\\\/\\\/schema.org\",\"@graph\":[{\"@type\":\"WebPage\",\"@id\":\"https:\\\/\\\/kreatortorun.pl\\\/produkt\\\/sznur-galowy-policji\\\/\",\"url\":\"https:\\\/\\\/kreatortorun.pl\\\/produkt\\\/sznur-galowy-policji\\\/\",\"name\":\"Sznur galowy Policji - Kreator Toru\u0144\",\"isPartOf\":{\"@id\":\"https:\\\/\\\/kreatortorun.pl\\\/#website\"},\"primaryImageOfPage\":{\"@id\":\"https:\\\/\\\/kreatortorun.pl\\\/produkt\\\/sznur-galowy-policji\\\/#primaryimage\"},\"image\":{\"@id\":\"https:\\\/\\\/kreatortorun.pl\\\/produkt\\\/sznur-galowy-policji\\\/#primaryimage\"},\"thumbnailUrl\":\"https:\\\/\\\/kreatortorun.pl\\\/wp-content\\\/uploads\\\/2021\\\/12\\\/PARE.PL-sznur-7603.jpg\",\"datePublished\":\"2022-05-15T12:16:52+00:00\",\"dateModified\":\"2026-04-29T12:16:03+00:00\",\"description\":\"Sznur galowy Policji - wysokiej jako\u015bci, zgodny z regulaminem. Sznur dost\u0119pny w sklepie online z akcesoriami mundurowymi. Szybka wysy\u0142ka i pewna jako\u015b\u0107.\",\"breadcrumb\":{\"@id\":\"https:\\\/\\\/kreatortorun.pl\\\/produkt\\\/sznur-galowy-policji\\\/#breadcrumb\"},\"inLanguage\":\"en-US\",\"potentialAction\":[{\"@type\":\"ReadAction\",\"target\":[\"https:\\\/\\\/kreatortorun.pl\\\/produkt\\\/sznur-galowy-policji\\\/\"]}]},{\"@type\":\"ImageObject\",\"inLanguage\":\"en-US\",\"@id\":\"https:\\\/\\\/kreatortorun.pl\\\/produkt\\\/sznur-galowy-policji\\\/#primaryimage\",\"url\":\"https:\\\/\\\/kreatortorun.pl\\\/wp-content\\\/uploads\\\/2021\\\/12\\\/PARE.PL-sznur-7603.jpg\",\"contentUrl\":\"https:\\\/\\\/kreatortorun.pl\\\/wp-content\\\/uploads\\\/2021\\\/12\\\/PARE.PL-sznur-7603.jpg\",\"width\":1200,\"height\":1200},{\"@type\":\"BreadcrumbList\",\"@id\":\"https:\\\/\\\/kreatortorun.pl\\\/produkt\\\/sznur-galowy-policji\\\/#breadcrumb\",\"itemListElement\":[{\"@type\":\"ListItem\",\"position\":1,\"name\":\"Strona g\u0142\u00f3wna\",\"item\":\"https:\\\/\\\/kreatortorun.pl\\\/en\\\/\"},{\"@type\":\"ListItem\",\"position\":2,\"name\":\"Shop\",\"item\":\"https:\\\/\\\/kreatortorun.pl\\\/en\\\/shop\\\/\"},{\"@type\":\"ListItem\",\"position\":3,\"name\":\"Sznur galowy Policji\"}]},{\"@type\":\"WebSite\",\"@id\":\"https:\\\/\\\/kreatortorun.pl\\\/#website\",\"url\":\"https:\\\/\\\/kreatortorun.pl\\\/\",\"name\":\"Kreator Toru\u0144\",\"description\":\"Producent mundur\u00f3w, kombinezon\u00f3w i odzie\u017cy taktycznej\",\"publisher\":{\"@id\":\"https:\\\/\\\/kreatortorun.pl\\\/#organization\"},\"potentialAction\":[{\"@type\":\"SearchAction\",\"target\":{\"@type\":\"EntryPoint\",\"urlTemplate\":\"https:\\\/\\\/kreatortorun.pl\\\/?s={search_term_string}\"},\"query-input\":{\"@type\":\"PropertyValueSpecification\",\"valueRequired\":true,\"valueName\":\"search_term_string\"}}],\"inLanguage\":\"en-US\"},{\"@type\":\"Organization\",\"@id\":\"https:\\\/\\\/kreatortorun.pl\\\/#organization\",\"name\":\"Kreator Toru\u0144\",\"url\":\"https:\\\/\\\/kreatortorun.pl\\\/\",\"logo\":{\"@type\":\"ImageObject\",\"inLanguage\":\"en-US\",\"@id\":\"https:\\\/\\\/kreatortorun.pl\\\/#\\\/schema\\\/logo\\\/image\\\/\",\"url\":\"https:\\\/\\\/kreatortorun.pl\\\/wp-content\\\/uploads\\\/2024\\\/02\\\/cropped-kreator-logo-favicon.png\",\"contentUrl\":\"https:\\\/\\\/kreatortorun.pl\\\/wp-content\\\/uploads\\\/2024\\\/02\\\/cropped-kreator-logo-favicon.png\",\"width\":512,\"height\":512,\"caption\":\"Kreator Toru\u0144\"},\"image\":{\"@id\":\"https:\\\/\\\/kreatortorun.pl\\\/#\\\/schema\\\/logo\\\/image\\\/\"},\"sameAs\":[\"https:\\\/\\\/www.facebook.com\\\/torun.kreator\",\"https:\\\/\\\/www.youtube.com\\\/@kreatortorun1862\"]}]}<\/script>\n<!-- \/ Yoast SEO plugin. -->","yoast_head_json":{"title":"Sznur galowy Policji - Kreator Toru\u0144","description":"Sznur galowy Policji - wysokiej jako\u015bci, zgodny z regulaminem. Sznur dost\u0119pny w sklepie online z akcesoriami mundurowymi. Szybka wysy\u0142ka i pewna jako\u015b\u0107.","robots":{"index":"index","follow":"follow","max-snippet":"max-snippet:-1","max-image-preview":"max-image-preview:large","max-video-preview":"max-video-preview:-1"},"canonical":"https:\/\/kreatortorun.pl\/produkt\/sznur-galowy-policji\/","og_locale":"en_US","og_type":"article","og_title":"Sznur galowy Policji - Kreator Toru\u0144","og_description":"Sznur galowy Policji - wysokiej jako\u015bci, zgodny z regulaminem. Sznur dost\u0119pny w sklepie online z akcesoriami mundurowymi. Szybka wysy\u0142ka i pewna jako\u015b\u0107.","og_url":"https:\/\/kreatortorun.pl\/produkt\/sznur-galowy-policji\/","og_site_name":"Kreator Toru\u0144","article_publisher":"https:\/\/www.facebook.com\/torun.kreator","article_modified_time":"2026-04-29T12:16:03+00:00","og_image":[{"width":1200,"height":1200,"url":"https:\/\/kreatortorun.pl\/wp-content\/uploads\/2021\/12\/PARE.PL-sznur-7603.jpg","type":"image\/jpeg"}],"twitter_card":"summary_large_image","twitter_misc":{"Est. reading time":"2 minutes"},"schema":{"@context":"https:\/\/schema.org","@graph":[{"@type":"WebPage","@id":"https:\/\/kreatortorun.pl\/produkt\/sznur-galowy-policji\/","url":"https:\/\/kreatortorun.pl\/produkt\/sznur-galowy-policji\/","name":"Sznur galowy Policji - Kreator Toru\u0144","isPartOf":{"@id":"https:\/\/kreatortorun.pl\/#website"},"primaryImageOfPage":{"@id":"https:\/\/kreatortorun.pl\/produkt\/sznur-galowy-policji\/#primaryimage"},"image":{"@id":"https:\/\/kreatortorun.pl\/produkt\/sznur-galowy-policji\/#primaryimage"},"thumbnailUrl":"https:\/\/kreatortorun.pl\/wp-content\/uploads\/2021\/12\/PARE.PL-sznur-7603.jpg","datePublished":"2022-05-15T12:16:52+00:00","dateModified":"2026-04-29T12:16:03+00:00","description":"Sznur galowy Policji - wysokiej jako\u015bci, zgodny z regulaminem. Sznur dost\u0119pny w sklepie online z akcesoriami mundurowymi. Szybka wysy\u0142ka i pewna jako\u015b\u0107.","breadcrumb":{"@id":"https:\/\/kreatortorun.pl\/produkt\/sznur-galowy-policji\/#breadcrumb"},"inLanguage":"en-US","potentialAction":[{"@type":"ReadAction","target":["https:\/\/kreatortorun.pl\/produkt\/sznur-galowy-policji\/"]}]},{"@type":"ImageObject","inLanguage":"en-US","@id":"https:\/\/kreatortorun.pl\/produkt\/sznur-galowy-policji\/#primaryimage","url":"https:\/\/kreatortorun.pl\/wp-content\/uploads\/2021\/12\/PARE.PL-sznur-7603.jpg","contentUrl":"https:\/\/kreatortorun.pl\/wp-content\/uploads\/2021\/12\/PARE.PL-sznur-7603.jpg","width":1200,"height":1200},{"@type":"BreadcrumbList","@id":"https:\/\/kreatortorun.pl\/produkt\/sznur-galowy-policji\/#breadcrumb","itemListElement":[{"@type":"ListItem","position":1,"name":"Strona g\u0142\u00f3wna","item":"https:\/\/kreatortorun.pl\/en\/"},{"@type":"ListItem","position":2,"name":"Shop","item":"https:\/\/kreatortorun.pl\/en\/shop\/"},{"@type":"ListItem","position":3,"name":"Sznur galowy Policji"}]},{"@type":"WebSite","@id":"https:\/\/kreatortorun.pl\/#website","url":"https:\/\/kreatortorun.pl\/","name":"Kreator Toru\u0144","description":"Producent mundur\u00f3w, kombinezon\u00f3w i odzie\u017cy taktycznej","publisher":{"@id":"https:\/\/kreatortorun.pl\/#organization"},"potentialAction":[{"@type":"SearchAction","target":{"@type":"EntryPoint","urlTemplate":"https:\/\/kreatortorun.pl\/?s={search_term_string}"},"query-input":{"@type":"PropertyValueSpecification","valueRequired":true,"valueName":"search_term_string"}}],"inLanguage":"en-US"},{"@type":"Organization","@id":"https:\/\/kreatortorun.pl\/#organization","name":"Kreator Toru\u0144","url":"https:\/\/kreatortorun.pl\/","logo":{"@type":"ImageObject","inLanguage":"en-US","@id":"https:\/\/kreatortorun.pl\/#\/schema\/logo\/image\/","url":"https:\/\/kreatortorun.pl\/wp-content\/uploads\/2024\/02\/cropped-kreator-logo-favicon.png","contentUrl":"https:\/\/kreatortorun.pl\/wp-content\/uploads\/2024\/02\/cropped-kreator-logo-favicon.png","width":512,"height":512,"caption":"Kreator Toru\u0144"},"image":{"@id":"https:\/\/kreatortorun.pl\/#\/schema\/logo\/image\/"},"sameAs":["https:\/\/www.facebook.com\/torun.kreator","https:\/\/www.youtube.com\/@kreatortorun1862"]}]}},"_links":{"self":[{"href":"https:\/\/kreatortorun.pl\/en\/wp-json\/wp\/v2\/product\/6977","targetHints":{"allow":["GET"]}}],"collection":[{"href":"https:\/\/kreatortorun.pl\/en\/wp-json\/wp\/v2\/product"}],"about":[{"href":"https:\/\/kreatortorun.pl\/en\/wp-json\/wp\/v2\/types\/product"}],"wp:featuredmedia":[{"embeddable":true,"href":"https:\/\/kreatortorun.pl\/en\/wp-json\/wp\/v2\/media\/4215"}],"wp:attachment":[{"href":"https:\/\/kreatortorun.pl\/en\/wp-json\/wp\/v2\/media?parent=6977"}],"wp:term":[{"taxonomy":"product_brand","embeddable":true,"href":"https:\/\/kreatortorun.pl\/en\/wp-json\/wp\/v2\/product_brand?post=6977"},{"taxonomy":"product_cat","embeddable":true,"href":"https:\/\/kreatortorun.pl\/en\/wp-json\/wp\/v2\/product_cat?post=6977"},{"taxonomy":"product_tag","embeddable":true,"href":"https:\/\/kreatortorun.pl\/en\/wp-json\/wp\/v2\/product_tag?post=6977"}],"curies":[{"name":"wp","href":"https:\/\/api.w.org\/{rel}","templated":true}]}}