{"id":7632,"date":"2022-09-29T07:45:05","date_gmt":"2022-09-29T07:45:05","guid":{"rendered":"https:\/\/kreatortorun.pl\/?post_type=product&#038;p=7632"},"modified":"2026-04-29T14:55:01","modified_gmt":"2026-04-29T14:55:01","slug":"spodnie-wyjsciowe-korpus-szeregowych-podoficerow-i-aspirantow","status":"publish","type":"product","link":"https:\/\/kreatortorun.pl\/en\/produkt\/spodnie-wyjsciowe-korpus-szeregowych-podoficerow-i-aspirantow\/","title":{"rendered":"Spodnie wyj\u015bciowe Policji korpus szeregowych podoficer\u00f3w i aspirant\u00f3w"},"content":{"rendered":"<h1 style=\"font-weight: 400; text-align: justify;\">Spodnie wyj\u015bciowe Policji korpus szeregowych podoficer\u00f3w i aspirant\u00f3w<\/h1>\n<p style=\"font-weight: 400; text-align: justify;\">Spodnie wyj\u015bciowe dla Policjant\u00f3w szeregowych podoficer\u00f3w i aspirant\u00f3w uszyte z tkaniny zasadniczej z nogawkami o standardowej d\u0142ugo\u015bci. Nogawki spodni bez mankiet\u00f3w s\u0105 zw\u0119\u017cane ku do\u0142owi. Pasek spodni jest szeroko\u015bci 4,5 cm, doszyty, przed\u0142u\u017cony i zapinany na guzik oraz dodatkowo na metalowy zaczep. Od boku paska w kierunku ty\u0142u naszyte s\u0105 \u015bci\u0105gacze z dziurkami reguluj\u0105ce obw\u00f3d pasa dwoma guzikami. Rozporek zapinany na zamek suwakowy.<\/p>\n<h2>Spodnie do gabardyny policyjnej dost\u0119pne od r\u0119ki<\/h2>\n<p style=\"font-weight: 400; text-align: justify;\">W przednich cz\u0119\u015bciach nogawek spodni wyj\u015bciowych dla podoficer\u00f3w Policji wykonane s\u0105 kieszenie sko\u015bne wzmocnione w dolnej cz\u0119\u015bci ryglem. Z ty\u0142u w g\u00f3rnej cz\u0119\u015bci nogawki znajduje si\u0119 kiesze\u0144 zapinana na guzik. Wzd\u0142u\u017c szw\u00f3w bocznych spodni dla aspirant\u00f3w Policji na ca\u0142ej d\u0142ugo\u015bci spodni s\u0105 wszyte wypustki w kolorze ciemnoniebieskim.<\/p>\n<h2>Spodnie wyj\u015bciowe podoficerskie Policji przeznaczone s\u0105 dla stopni:<\/h2>\n<ul>\n<li>posterunkowy i starszy posterunkowy<\/li>\n<li>sier\u017cant, starszy sier\u017cant i sier\u017cant sztabowy<\/li>\n<li>m\u0142odszy aspirant, aspirant, starszy aspirant i aspirant sztabowy<\/li>\n<\/ul>\n","protected":false},"excerpt":{"rendered":"<p>Spodnie wyj\u015bciowe Policji korpus szeregowych podoficer\u00f3w i aspirant\u00f3w s\u0105 zgodne ze specyfikacj\u0105 techniczn\u0105 Komendy G\u0142\u00f3wnej Policji.<\/p>\n","protected":false},"featured_media":7746,"template":"","meta":[],"product_brand":[],"product_cat":[153],"product_tag":[166,215],"class_list":{"0":"post-7632","1":"product","2":"type-product","3":"status-publish","4":"has-post-thumbnail","6":"product_cat-umundurowanie-meskie-policja","7":"product_tag-policja","8":"product_tag-tabelowe","9":"product_shipping_class-dpd","11":"first","12":"instock","13":"taxable","14":"shipping-taxable","15":"purchasable","16":"product-type-variable"},"yoast_head":"<!-- This site is optimized with the Yoast SEO plugin v27.3 - https:\/\/yoast.com\/product\/yoast-seo-wordpress\/ -->\n<title>Spodnie wyj\u015bciowe Policji korpus szeregowych podoficer\u00f3w i aspirant\u00f3w - Kreator Toru\u0144<\/title>\n<meta name=\"description\" content=\"Spodnie wyj\u015bciowe Policji dla szeregowych podoficer\u00f3w i aspirant\u00f3w s\u0105 zgodne ze specyfikacj\u0105 techniczn\u0105 KGP i uszyte z najwy\u017csz\u0105 staranno\u015bci\u0105.\" \/>\n<meta name=\"robots\" content=\"index, follow, max-snippet:-1, max-image-preview:large, max-video-preview:-1\" \/>\n<link rel=\"canonical\" href=\"https:\/\/kreatortorun.pl\/produkt\/spodnie-wyjsciowe-korpus-szeregowych-podoficerow-i-aspirantow\/\" \/>\n<meta property=\"og:locale\" content=\"en_US\" \/>\n<meta property=\"og:type\" content=\"article\" \/>\n<meta property=\"og:title\" content=\"Spodnie wyj\u015bciowe Policji korpus szeregowych podoficer\u00f3w i aspirant\u00f3w - Kreator Toru\u0144\" \/>\n<meta property=\"og:description\" content=\"Spodnie wyj\u015bciowe Policji dla szeregowych podoficer\u00f3w i aspirant\u00f3w s\u0105 zgodne ze specyfikacj\u0105 techniczn\u0105 KGP i uszyte z najwy\u017csz\u0105 staranno\u015bci\u0105.\" \/>\n<meta property=\"og:url\" content=\"https:\/\/kreatortorun.pl\/produkt\/spodnie-wyjsciowe-korpus-szeregowych-podoficerow-i-aspirantow\/\" \/>\n<meta property=\"og:site_name\" content=\"Kreator Toru\u0144\" \/>\n<meta property=\"article:publisher\" content=\"https:\/\/www.facebook.com\/torun.kreator\" \/>\n<meta property=\"article:modified_time\" content=\"2026-04-29T14:55:01+00:00\" \/>\n<meta property=\"og:image\" content=\"https:\/\/kreatortorun.pl\/wp-content\/uploads\/2022\/09\/KREATOR-POL-Spodnie-2-01-1.jpg\" \/>\n\t<meta property=\"og:image:width\" content=\"1200\" \/>\n\t<meta property=\"og:image:height\" content=\"1200\" \/>\n\t<meta property=\"og:image:type\" content=\"image\/jpeg\" \/>\n<meta name=\"twitter:card\" content=\"summary_large_image\" \/>\n<meta name=\"twitter:label1\" content=\"Est. reading time\" \/>\n\t<meta name=\"twitter:data1\" content=\"2 minutes\" \/>\n<script type=\"application\/ld+json\" class=\"yoast-schema-graph\">{\"@context\":\"https:\\\/\\\/schema.org\",\"@graph\":[{\"@type\":\"WebPage\",\"@id\":\"https:\\\/\\\/kreatortorun.pl\\\/produkt\\\/spodnie-wyjsciowe-korpus-szeregowych-podoficerow-i-aspirantow\\\/\",\"url\":\"https:\\\/\\\/kreatortorun.pl\\\/produkt\\\/spodnie-wyjsciowe-korpus-szeregowych-podoficerow-i-aspirantow\\\/\",\"name\":\"Spodnie wyj\u015bciowe Policji korpus szeregowych podoficer\u00f3w i aspirant\u00f3w - Kreator Toru\u0144\",\"isPartOf\":{\"@id\":\"https:\\\/\\\/kreatortorun.pl\\\/#website\"},\"primaryImageOfPage\":{\"@id\":\"https:\\\/\\\/kreatortorun.pl\\\/produkt\\\/spodnie-wyjsciowe-korpus-szeregowych-podoficerow-i-aspirantow\\\/#primaryimage\"},\"image\":{\"@id\":\"https:\\\/\\\/kreatortorun.pl\\\/produkt\\\/spodnie-wyjsciowe-korpus-szeregowych-podoficerow-i-aspirantow\\\/#primaryimage\"},\"thumbnailUrl\":\"https:\\\/\\\/kreatortorun.pl\\\/wp-content\\\/uploads\\\/2022\\\/09\\\/KREATOR-POL-Spodnie-2-01-1.jpg\",\"datePublished\":\"2022-09-29T07:45:05+00:00\",\"dateModified\":\"2026-04-29T14:55:01+00:00\",\"description\":\"Spodnie wyj\u015bciowe Policji dla szeregowych podoficer\u00f3w i aspirant\u00f3w s\u0105 zgodne ze specyfikacj\u0105 techniczn\u0105 KGP i uszyte z najwy\u017csz\u0105 staranno\u015bci\u0105.\",\"breadcrumb\":{\"@id\":\"https:\\\/\\\/kreatortorun.pl\\\/produkt\\\/spodnie-wyjsciowe-korpus-szeregowych-podoficerow-i-aspirantow\\\/#breadcrumb\"},\"inLanguage\":\"en-US\",\"potentialAction\":[{\"@type\":\"ReadAction\",\"target\":[\"https:\\\/\\\/kreatortorun.pl\\\/produkt\\\/spodnie-wyjsciowe-korpus-szeregowych-podoficerow-i-aspirantow\\\/\"]}]},{\"@type\":\"ImageObject\",\"inLanguage\":\"en-US\",\"@id\":\"https:\\\/\\\/kreatortorun.pl\\\/produkt\\\/spodnie-wyjsciowe-korpus-szeregowych-podoficerow-i-aspirantow\\\/#primaryimage\",\"url\":\"https:\\\/\\\/kreatortorun.pl\\\/wp-content\\\/uploads\\\/2022\\\/09\\\/KREATOR-POL-Spodnie-2-01-1.jpg\",\"contentUrl\":\"https:\\\/\\\/kreatortorun.pl\\\/wp-content\\\/uploads\\\/2022\\\/09\\\/KREATOR-POL-Spodnie-2-01-1.jpg\",\"width\":1200,\"height\":1200},{\"@type\":\"BreadcrumbList\",\"@id\":\"https:\\\/\\\/kreatortorun.pl\\\/produkt\\\/spodnie-wyjsciowe-korpus-szeregowych-podoficerow-i-aspirantow\\\/#breadcrumb\",\"itemListElement\":[{\"@type\":\"ListItem\",\"position\":1,\"name\":\"Strona g\u0142\u00f3wna\",\"item\":\"https:\\\/\\\/kreatortorun.pl\\\/en\\\/\"},{\"@type\":\"ListItem\",\"position\":2,\"name\":\"Shop\",\"item\":\"https:\\\/\\\/kreatortorun.pl\\\/en\\\/shop\\\/\"},{\"@type\":\"ListItem\",\"position\":3,\"name\":\"Spodnie wyj\u015bciowe Policji korpus szeregowych podoficer\u00f3w i aspirant\u00f3w\"}]},{\"@type\":\"WebSite\",\"@id\":\"https:\\\/\\\/kreatortorun.pl\\\/#website\",\"url\":\"https:\\\/\\\/kreatortorun.pl\\\/\",\"name\":\"Kreator Toru\u0144\",\"description\":\"Producent mundur\u00f3w, kombinezon\u00f3w i odzie\u017cy taktycznej\",\"publisher\":{\"@id\":\"https:\\\/\\\/kreatortorun.pl\\\/#organization\"},\"potentialAction\":[{\"@type\":\"SearchAction\",\"target\":{\"@type\":\"EntryPoint\",\"urlTemplate\":\"https:\\\/\\\/kreatortorun.pl\\\/?s={search_term_string}\"},\"query-input\":{\"@type\":\"PropertyValueSpecification\",\"valueRequired\":true,\"valueName\":\"search_term_string\"}}],\"inLanguage\":\"en-US\"},{\"@type\":\"Organization\",\"@id\":\"https:\\\/\\\/kreatortorun.pl\\\/#organization\",\"name\":\"Kreator Toru\u0144\",\"url\":\"https:\\\/\\\/kreatortorun.pl\\\/\",\"logo\":{\"@type\":\"ImageObject\",\"inLanguage\":\"en-US\",\"@id\":\"https:\\\/\\\/kreatortorun.pl\\\/#\\\/schema\\\/logo\\\/image\\\/\",\"url\":\"https:\\\/\\\/kreatortorun.pl\\\/wp-content\\\/uploads\\\/2024\\\/02\\\/cropped-kreator-logo-favicon.png\",\"contentUrl\":\"https:\\\/\\\/kreatortorun.pl\\\/wp-content\\\/uploads\\\/2024\\\/02\\\/cropped-kreator-logo-favicon.png\",\"width\":512,\"height\":512,\"caption\":\"Kreator Toru\u0144\"},\"image\":{\"@id\":\"https:\\\/\\\/kreatortorun.pl\\\/#\\\/schema\\\/logo\\\/image\\\/\"},\"sameAs\":[\"https:\\\/\\\/www.facebook.com\\\/torun.kreator\",\"https:\\\/\\\/www.youtube.com\\\/@kreatortorun1862\"]}]}<\/script>\n<!-- \/ Yoast SEO plugin. -->","yoast_head_json":{"title":"Spodnie wyj\u015bciowe Policji korpus szeregowych podoficer\u00f3w i aspirant\u00f3w - Kreator Toru\u0144","description":"Spodnie wyj\u015bciowe Policji dla szeregowych podoficer\u00f3w i aspirant\u00f3w s\u0105 zgodne ze specyfikacj\u0105 techniczn\u0105 KGP i uszyte z najwy\u017csz\u0105 staranno\u015bci\u0105.","robots":{"index":"index","follow":"follow","max-snippet":"max-snippet:-1","max-image-preview":"max-image-preview:large","max-video-preview":"max-video-preview:-1"},"canonical":"https:\/\/kreatortorun.pl\/produkt\/spodnie-wyjsciowe-korpus-szeregowych-podoficerow-i-aspirantow\/","og_locale":"en_US","og_type":"article","og_title":"Spodnie wyj\u015bciowe Policji korpus szeregowych podoficer\u00f3w i aspirant\u00f3w - Kreator Toru\u0144","og_description":"Spodnie wyj\u015bciowe Policji dla szeregowych podoficer\u00f3w i aspirant\u00f3w s\u0105 zgodne ze specyfikacj\u0105 techniczn\u0105 KGP i uszyte z najwy\u017csz\u0105 staranno\u015bci\u0105.","og_url":"https:\/\/kreatortorun.pl\/produkt\/spodnie-wyjsciowe-korpus-szeregowych-podoficerow-i-aspirantow\/","og_site_name":"Kreator Toru\u0144","article_publisher":"https:\/\/www.facebook.com\/torun.kreator","article_modified_time":"2026-04-29T14:55:01+00:00","og_image":[{"width":1200,"height":1200,"url":"https:\/\/kreatortorun.pl\/wp-content\/uploads\/2022\/09\/KREATOR-POL-Spodnie-2-01-1.jpg","type":"image\/jpeg"}],"twitter_card":"summary_large_image","twitter_misc":{"Est. reading time":"2 minutes"},"schema":{"@context":"https:\/\/schema.org","@graph":[{"@type":"WebPage","@id":"https:\/\/kreatortorun.pl\/produkt\/spodnie-wyjsciowe-korpus-szeregowych-podoficerow-i-aspirantow\/","url":"https:\/\/kreatortorun.pl\/produkt\/spodnie-wyjsciowe-korpus-szeregowych-podoficerow-i-aspirantow\/","name":"Spodnie wyj\u015bciowe Policji korpus szeregowych podoficer\u00f3w i aspirant\u00f3w - Kreator Toru\u0144","isPartOf":{"@id":"https:\/\/kreatortorun.pl\/#website"},"primaryImageOfPage":{"@id":"https:\/\/kreatortorun.pl\/produkt\/spodnie-wyjsciowe-korpus-szeregowych-podoficerow-i-aspirantow\/#primaryimage"},"image":{"@id":"https:\/\/kreatortorun.pl\/produkt\/spodnie-wyjsciowe-korpus-szeregowych-podoficerow-i-aspirantow\/#primaryimage"},"thumbnailUrl":"https:\/\/kreatortorun.pl\/wp-content\/uploads\/2022\/09\/KREATOR-POL-Spodnie-2-01-1.jpg","datePublished":"2022-09-29T07:45:05+00:00","dateModified":"2026-04-29T14:55:01+00:00","description":"Spodnie wyj\u015bciowe Policji dla szeregowych podoficer\u00f3w i aspirant\u00f3w s\u0105 zgodne ze specyfikacj\u0105 techniczn\u0105 KGP i uszyte z najwy\u017csz\u0105 staranno\u015bci\u0105.","breadcrumb":{"@id":"https:\/\/kreatortorun.pl\/produkt\/spodnie-wyjsciowe-korpus-szeregowych-podoficerow-i-aspirantow\/#breadcrumb"},"inLanguage":"en-US","potentialAction":[{"@type":"ReadAction","target":["https:\/\/kreatortorun.pl\/produkt\/spodnie-wyjsciowe-korpus-szeregowych-podoficerow-i-aspirantow\/"]}]},{"@type":"ImageObject","inLanguage":"en-US","@id":"https:\/\/kreatortorun.pl\/produkt\/spodnie-wyjsciowe-korpus-szeregowych-podoficerow-i-aspirantow\/#primaryimage","url":"https:\/\/kreatortorun.pl\/wp-content\/uploads\/2022\/09\/KREATOR-POL-Spodnie-2-01-1.jpg","contentUrl":"https:\/\/kreatortorun.pl\/wp-content\/uploads\/2022\/09\/KREATOR-POL-Spodnie-2-01-1.jpg","width":1200,"height":1200},{"@type":"BreadcrumbList","@id":"https:\/\/kreatortorun.pl\/produkt\/spodnie-wyjsciowe-korpus-szeregowych-podoficerow-i-aspirantow\/#breadcrumb","itemListElement":[{"@type":"ListItem","position":1,"name":"Strona g\u0142\u00f3wna","item":"https:\/\/kreatortorun.pl\/en\/"},{"@type":"ListItem","position":2,"name":"Shop","item":"https:\/\/kreatortorun.pl\/en\/shop\/"},{"@type":"ListItem","position":3,"name":"Spodnie wyj\u015bciowe Policji korpus szeregowych podoficer\u00f3w i aspirant\u00f3w"}]},{"@type":"WebSite","@id":"https:\/\/kreatortorun.pl\/#website","url":"https:\/\/kreatortorun.pl\/","name":"Kreator Toru\u0144","description":"Producent mundur\u00f3w, kombinezon\u00f3w i odzie\u017cy taktycznej","publisher":{"@id":"https:\/\/kreatortorun.pl\/#organization"},"potentialAction":[{"@type":"SearchAction","target":{"@type":"EntryPoint","urlTemplate":"https:\/\/kreatortorun.pl\/?s={search_term_string}"},"query-input":{"@type":"PropertyValueSpecification","valueRequired":true,"valueName":"search_term_string"}}],"inLanguage":"en-US"},{"@type":"Organization","@id":"https:\/\/kreatortorun.pl\/#organization","name":"Kreator Toru\u0144","url":"https:\/\/kreatortorun.pl\/","logo":{"@type":"ImageObject","inLanguage":"en-US","@id":"https:\/\/kreatortorun.pl\/#\/schema\/logo\/image\/","url":"https:\/\/kreatortorun.pl\/wp-content\/uploads\/2024\/02\/cropped-kreator-logo-favicon.png","contentUrl":"https:\/\/kreatortorun.pl\/wp-content\/uploads\/2024\/02\/cropped-kreator-logo-favicon.png","width":512,"height":512,"caption":"Kreator Toru\u0144"},"image":{"@id":"https:\/\/kreatortorun.pl\/#\/schema\/logo\/image\/"},"sameAs":["https:\/\/www.facebook.com\/torun.kreator","https:\/\/www.youtube.com\/@kreatortorun1862"]}]}},"_links":{"self":[{"href":"https:\/\/kreatortorun.pl\/en\/wp-json\/wp\/v2\/product\/7632","targetHints":{"allow":["GET"]}}],"collection":[{"href":"https:\/\/kreatortorun.pl\/en\/wp-json\/wp\/v2\/product"}],"about":[{"href":"https:\/\/kreatortorun.pl\/en\/wp-json\/wp\/v2\/types\/product"}],"wp:featuredmedia":[{"embeddable":true,"href":"https:\/\/kreatortorun.pl\/en\/wp-json\/wp\/v2\/media\/7746"}],"wp:attachment":[{"href":"https:\/\/kreatortorun.pl\/en\/wp-json\/wp\/v2\/media?parent=7632"}],"wp:term":[{"taxonomy":"product_brand","embeddable":true,"href":"https:\/\/kreatortorun.pl\/en\/wp-json\/wp\/v2\/product_brand?post=7632"},{"taxonomy":"product_cat","embeddable":true,"href":"https:\/\/kreatortorun.pl\/en\/wp-json\/wp\/v2\/product_cat?post=7632"},{"taxonomy":"product_tag","embeddable":true,"href":"https:\/\/kreatortorun.pl\/en\/wp-json\/wp\/v2\/product_tag?post=7632"}],"curies":[{"name":"wp","href":"https:\/\/api.w.org\/{rel}","templated":true}]}}