{"id":8930,"date":"2023-04-24T07:58:45","date_gmt":"2023-04-24T07:58:45","guid":{"rendered":"https:\/\/kreatortorun.pl\/?post_type=product&#038;p=8930"},"modified":"2026-04-22T06:42:01","modified_gmt":"2026-04-22T06:42:01","slug":"znak-korpusu-policji","status":"publish","type":"product","link":"https:\/\/kreatortorun.pl\/en\/produkt\/znak-korpusu-policji\/","title":{"rendered":"Znak korpusu Policji"},"content":{"rendered":"<h1>Znak korpusu Policji (korpus\u00f3wka policyjna)<\/h1>\n<p>Oznaczenia korpusu w Policji nosi si\u0119 na r\u0119kawach kurtki gabardynowej wyj\u015bciowej i p\u0142aszcza wyj\u015bciowego ca\u0142orocznego, w odleg\u0142o\u015bci 8,5 cm od kraw\u0119dzi r\u0119kawa.<\/p>\n<h2>Krokiewki policyjne<\/h2>\n<p><strong>Pasek haftowany mechanicznie na ta\u015bmie, w po\u0142owie za\u0142amany pod k\u0105tem 105\u00b0, kt\u00f3rego wierzcho\u0142ek jest zwr\u00f3cony do g\u00f3ry, w kolorze:<\/strong><\/p>\n<ul>\n<li>srebrnym, o szeroko\u015bci 15 mm \u2013 dla policjant\u00f3w w korpusie oficer\u00f3w starszych Policji,<\/li>\n<li>srebrnym, o szeroko\u015bci 10 mm \u2013 dla policjant\u00f3w w korpusie oficer\u00f3w m\u0142odszych Policji,<\/li>\n<li>ciemnoniebieskim i srebrnym, o szeroko\u015bci 15 mm \u2013 dla policjant\u00f3w w korpusie aspirant\u00f3w Policji,<\/li>\n<li>ciemnoniebieskim, o szeroko\u015bci 15 mm \u2013 dla policjant\u00f3w w korpusie podoficer\u00f3w Policji,<\/li>\n<li>ciemnoniebieskim, o szeroko\u015bci 10 mm \u2013 dla policjant\u00f3w w korpusie szeregowych Policji.<\/li>\n<\/ul>\n<p>&nbsp;<\/p>\n","protected":false},"excerpt":{"rendered":"<p>Znak korpusu Policji jest zgodny ze specyfikacj\u0105 techniczn\u0105 Komendy G\u0142\u00f3wnej Policji.<\/p>\n","protected":false},"featured_media":8949,"template":"","meta":[],"product_brand":[],"product_cat":[155,156],"product_tag":[166,190],"class_list":{"0":"post-8930","1":"product","2":"type-product","3":"status-publish","4":"has-post-thumbnail","6":"product_cat-akcesoria-meskie-policja","7":"product_cat-akcesoria-damskie-policja","8":"product_tag-policja","9":"product_tag-pol","11":"first","12":"instock","13":"taxable","14":"shipping-taxable","15":"purchasable","16":"product-type-variable"},"yoast_head":"<!-- This site is optimized with the Yoast SEO plugin v27.3 - https:\/\/yoast.com\/product\/yoast-seo-wordpress\/ -->\n<title>Znak korpusu Policji - Kreator Toru\u0144<\/title>\n<meta name=\"description\" content=\"Krokiewki policyjne zwane korpus\u00f3wkami: trwa\u0142e i zgodne z obowi\u0105zuj\u0105cymi wzorami. Akcesoria mundurowe wysokiej jako\u015bci, szybka wysy\u0142ka i profesjonalna obs\u0142uga.\" \/>\n<meta name=\"robots\" content=\"index, follow, max-snippet:-1, max-image-preview:large, max-video-preview:-1\" \/>\n<link rel=\"canonical\" href=\"https:\/\/kreatortorun.pl\/produkt\/znak-korpusu-policji\/\" \/>\n<meta property=\"og:locale\" content=\"en_US\" \/>\n<meta property=\"og:type\" content=\"article\" \/>\n<meta property=\"og:title\" content=\"Znak korpusu Policji - Kreator Toru\u0144\" \/>\n<meta property=\"og:description\" content=\"Krokiewki policyjne zwane korpus\u00f3wkami: trwa\u0142e i zgodne z obowi\u0105zuj\u0105cymi wzorami. Akcesoria mundurowe wysokiej jako\u015bci, szybka wysy\u0142ka i profesjonalna obs\u0142uga.\" \/>\n<meta property=\"og:url\" content=\"https:\/\/kreatortorun.pl\/produkt\/znak-korpusu-policji\/\" \/>\n<meta property=\"og:site_name\" content=\"Kreator Toru\u0144\" \/>\n<meta property=\"article:publisher\" content=\"https:\/\/www.facebook.com\/torun.kreator\" \/>\n<meta property=\"article:modified_time\" content=\"2026-04-22T06:42:01+00:00\" \/>\n<meta property=\"og:image\" content=\"https:\/\/kreatortorun.pl\/wp-content\/uploads\/2023\/04\/POLICJA-naszywki-7613.jpg\" \/>\n\t<meta property=\"og:image:width\" content=\"1200\" \/>\n\t<meta property=\"og:image:height\" content=\"1200\" \/>\n\t<meta property=\"og:image:type\" content=\"image\/jpeg\" \/>\n<meta name=\"twitter:card\" content=\"summary_large_image\" \/>\n<meta name=\"twitter:label1\" content=\"Est. reading time\" \/>\n\t<meta name=\"twitter:data1\" content=\"1 minute\" \/>\n<script type=\"application\/ld+json\" class=\"yoast-schema-graph\">{\"@context\":\"https:\\\/\\\/schema.org\",\"@graph\":[{\"@type\":\"WebPage\",\"@id\":\"https:\\\/\\\/kreatortorun.pl\\\/produkt\\\/znak-korpusu-policji\\\/\",\"url\":\"https:\\\/\\\/kreatortorun.pl\\\/produkt\\\/znak-korpusu-policji\\\/\",\"name\":\"Znak korpusu Policji - Kreator Toru\u0144\",\"isPartOf\":{\"@id\":\"https:\\\/\\\/kreatortorun.pl\\\/#website\"},\"primaryImageOfPage\":{\"@id\":\"https:\\\/\\\/kreatortorun.pl\\\/produkt\\\/znak-korpusu-policji\\\/#primaryimage\"},\"image\":{\"@id\":\"https:\\\/\\\/kreatortorun.pl\\\/produkt\\\/znak-korpusu-policji\\\/#primaryimage\"},\"thumbnailUrl\":\"https:\\\/\\\/kreatortorun.pl\\\/wp-content\\\/uploads\\\/2023\\\/04\\\/POLICJA-naszywki-7613.jpg\",\"datePublished\":\"2023-04-24T07:58:45+00:00\",\"dateModified\":\"2026-04-22T06:42:01+00:00\",\"description\":\"Krokiewki policyjne zwane korpus\u00f3wkami: trwa\u0142e i zgodne z obowi\u0105zuj\u0105cymi wzorami. Akcesoria mundurowe wysokiej jako\u015bci, szybka wysy\u0142ka i profesjonalna obs\u0142uga.\",\"breadcrumb\":{\"@id\":\"https:\\\/\\\/kreatortorun.pl\\\/produkt\\\/znak-korpusu-policji\\\/#breadcrumb\"},\"inLanguage\":\"en-US\",\"potentialAction\":[{\"@type\":\"ReadAction\",\"target\":[\"https:\\\/\\\/kreatortorun.pl\\\/produkt\\\/znak-korpusu-policji\\\/\"]}]},{\"@type\":\"ImageObject\",\"inLanguage\":\"en-US\",\"@id\":\"https:\\\/\\\/kreatortorun.pl\\\/produkt\\\/znak-korpusu-policji\\\/#primaryimage\",\"url\":\"https:\\\/\\\/kreatortorun.pl\\\/wp-content\\\/uploads\\\/2023\\\/04\\\/POLICJA-naszywki-7613.jpg\",\"contentUrl\":\"https:\\\/\\\/kreatortorun.pl\\\/wp-content\\\/uploads\\\/2023\\\/04\\\/POLICJA-naszywki-7613.jpg\",\"width\":1200,\"height\":1200},{\"@type\":\"BreadcrumbList\",\"@id\":\"https:\\\/\\\/kreatortorun.pl\\\/produkt\\\/znak-korpusu-policji\\\/#breadcrumb\",\"itemListElement\":[{\"@type\":\"ListItem\",\"position\":1,\"name\":\"Strona g\u0142\u00f3wna\",\"item\":\"https:\\\/\\\/kreatortorun.pl\\\/en\\\/\"},{\"@type\":\"ListItem\",\"position\":2,\"name\":\"Shop\",\"item\":\"https:\\\/\\\/kreatortorun.pl\\\/en\\\/shop\\\/\"},{\"@type\":\"ListItem\",\"position\":3,\"name\":\"Znak korpusu Policji\"}]},{\"@type\":\"WebSite\",\"@id\":\"https:\\\/\\\/kreatortorun.pl\\\/#website\",\"url\":\"https:\\\/\\\/kreatortorun.pl\\\/\",\"name\":\"Kreator Toru\u0144\",\"description\":\"Producent mundur\u00f3w, kombinezon\u00f3w i odzie\u017cy taktycznej\",\"publisher\":{\"@id\":\"https:\\\/\\\/kreatortorun.pl\\\/#organization\"},\"potentialAction\":[{\"@type\":\"SearchAction\",\"target\":{\"@type\":\"EntryPoint\",\"urlTemplate\":\"https:\\\/\\\/kreatortorun.pl\\\/?s={search_term_string}\"},\"query-input\":{\"@type\":\"PropertyValueSpecification\",\"valueRequired\":true,\"valueName\":\"search_term_string\"}}],\"inLanguage\":\"en-US\"},{\"@type\":\"Organization\",\"@id\":\"https:\\\/\\\/kreatortorun.pl\\\/#organization\",\"name\":\"Kreator Toru\u0144\",\"url\":\"https:\\\/\\\/kreatortorun.pl\\\/\",\"logo\":{\"@type\":\"ImageObject\",\"inLanguage\":\"en-US\",\"@id\":\"https:\\\/\\\/kreatortorun.pl\\\/#\\\/schema\\\/logo\\\/image\\\/\",\"url\":\"https:\\\/\\\/kreatortorun.pl\\\/wp-content\\\/uploads\\\/2024\\\/02\\\/cropped-kreator-logo-favicon.png\",\"contentUrl\":\"https:\\\/\\\/kreatortorun.pl\\\/wp-content\\\/uploads\\\/2024\\\/02\\\/cropped-kreator-logo-favicon.png\",\"width\":512,\"height\":512,\"caption\":\"Kreator Toru\u0144\"},\"image\":{\"@id\":\"https:\\\/\\\/kreatortorun.pl\\\/#\\\/schema\\\/logo\\\/image\\\/\"},\"sameAs\":[\"https:\\\/\\\/www.facebook.com\\\/torun.kreator\",\"https:\\\/\\\/www.youtube.com\\\/@kreatortorun1862\"]}]}<\/script>\n<!-- \/ Yoast SEO plugin. -->","yoast_head_json":{"title":"Znak korpusu Policji - Kreator Toru\u0144","description":"Krokiewki policyjne zwane korpus\u00f3wkami: trwa\u0142e i zgodne z obowi\u0105zuj\u0105cymi wzorami. Akcesoria mundurowe wysokiej jako\u015bci, szybka wysy\u0142ka i profesjonalna obs\u0142uga.","robots":{"index":"index","follow":"follow","max-snippet":"max-snippet:-1","max-image-preview":"max-image-preview:large","max-video-preview":"max-video-preview:-1"},"canonical":"https:\/\/kreatortorun.pl\/produkt\/znak-korpusu-policji\/","og_locale":"en_US","og_type":"article","og_title":"Znak korpusu Policji - Kreator Toru\u0144","og_description":"Krokiewki policyjne zwane korpus\u00f3wkami: trwa\u0142e i zgodne z obowi\u0105zuj\u0105cymi wzorami. Akcesoria mundurowe wysokiej jako\u015bci, szybka wysy\u0142ka i profesjonalna obs\u0142uga.","og_url":"https:\/\/kreatortorun.pl\/produkt\/znak-korpusu-policji\/","og_site_name":"Kreator Toru\u0144","article_publisher":"https:\/\/www.facebook.com\/torun.kreator","article_modified_time":"2026-04-22T06:42:01+00:00","og_image":[{"width":1200,"height":1200,"url":"https:\/\/kreatortorun.pl\/wp-content\/uploads\/2023\/04\/POLICJA-naszywki-7613.jpg","type":"image\/jpeg"}],"twitter_card":"summary_large_image","twitter_misc":{"Est. reading time":"1 minute"},"schema":{"@context":"https:\/\/schema.org","@graph":[{"@type":"WebPage","@id":"https:\/\/kreatortorun.pl\/produkt\/znak-korpusu-policji\/","url":"https:\/\/kreatortorun.pl\/produkt\/znak-korpusu-policji\/","name":"Znak korpusu Policji - Kreator Toru\u0144","isPartOf":{"@id":"https:\/\/kreatortorun.pl\/#website"},"primaryImageOfPage":{"@id":"https:\/\/kreatortorun.pl\/produkt\/znak-korpusu-policji\/#primaryimage"},"image":{"@id":"https:\/\/kreatortorun.pl\/produkt\/znak-korpusu-policji\/#primaryimage"},"thumbnailUrl":"https:\/\/kreatortorun.pl\/wp-content\/uploads\/2023\/04\/POLICJA-naszywki-7613.jpg","datePublished":"2023-04-24T07:58:45+00:00","dateModified":"2026-04-22T06:42:01+00:00","description":"Krokiewki policyjne zwane korpus\u00f3wkami: trwa\u0142e i zgodne z obowi\u0105zuj\u0105cymi wzorami. Akcesoria mundurowe wysokiej jako\u015bci, szybka wysy\u0142ka i profesjonalna obs\u0142uga.","breadcrumb":{"@id":"https:\/\/kreatortorun.pl\/produkt\/znak-korpusu-policji\/#breadcrumb"},"inLanguage":"en-US","potentialAction":[{"@type":"ReadAction","target":["https:\/\/kreatortorun.pl\/produkt\/znak-korpusu-policji\/"]}]},{"@type":"ImageObject","inLanguage":"en-US","@id":"https:\/\/kreatortorun.pl\/produkt\/znak-korpusu-policji\/#primaryimage","url":"https:\/\/kreatortorun.pl\/wp-content\/uploads\/2023\/04\/POLICJA-naszywki-7613.jpg","contentUrl":"https:\/\/kreatortorun.pl\/wp-content\/uploads\/2023\/04\/POLICJA-naszywki-7613.jpg","width":1200,"height":1200},{"@type":"BreadcrumbList","@id":"https:\/\/kreatortorun.pl\/produkt\/znak-korpusu-policji\/#breadcrumb","itemListElement":[{"@type":"ListItem","position":1,"name":"Strona g\u0142\u00f3wna","item":"https:\/\/kreatortorun.pl\/en\/"},{"@type":"ListItem","position":2,"name":"Shop","item":"https:\/\/kreatortorun.pl\/en\/shop\/"},{"@type":"ListItem","position":3,"name":"Znak korpusu Policji"}]},{"@type":"WebSite","@id":"https:\/\/kreatortorun.pl\/#website","url":"https:\/\/kreatortorun.pl\/","name":"Kreator Toru\u0144","description":"Producent mundur\u00f3w, kombinezon\u00f3w i odzie\u017cy taktycznej","publisher":{"@id":"https:\/\/kreatortorun.pl\/#organization"},"potentialAction":[{"@type":"SearchAction","target":{"@type":"EntryPoint","urlTemplate":"https:\/\/kreatortorun.pl\/?s={search_term_string}"},"query-input":{"@type":"PropertyValueSpecification","valueRequired":true,"valueName":"search_term_string"}}],"inLanguage":"en-US"},{"@type":"Organization","@id":"https:\/\/kreatortorun.pl\/#organization","name":"Kreator Toru\u0144","url":"https:\/\/kreatortorun.pl\/","logo":{"@type":"ImageObject","inLanguage":"en-US","@id":"https:\/\/kreatortorun.pl\/#\/schema\/logo\/image\/","url":"https:\/\/kreatortorun.pl\/wp-content\/uploads\/2024\/02\/cropped-kreator-logo-favicon.png","contentUrl":"https:\/\/kreatortorun.pl\/wp-content\/uploads\/2024\/02\/cropped-kreator-logo-favicon.png","width":512,"height":512,"caption":"Kreator Toru\u0144"},"image":{"@id":"https:\/\/kreatortorun.pl\/#\/schema\/logo\/image\/"},"sameAs":["https:\/\/www.facebook.com\/torun.kreator","https:\/\/www.youtube.com\/@kreatortorun1862"]}]}},"_links":{"self":[{"href":"https:\/\/kreatortorun.pl\/en\/wp-json\/wp\/v2\/product\/8930","targetHints":{"allow":["GET"]}}],"collection":[{"href":"https:\/\/kreatortorun.pl\/en\/wp-json\/wp\/v2\/product"}],"about":[{"href":"https:\/\/kreatortorun.pl\/en\/wp-json\/wp\/v2\/types\/product"}],"wp:featuredmedia":[{"embeddable":true,"href":"https:\/\/kreatortorun.pl\/en\/wp-json\/wp\/v2\/media\/8949"}],"wp:attachment":[{"href":"https:\/\/kreatortorun.pl\/en\/wp-json\/wp\/v2\/media?parent=8930"}],"wp:term":[{"taxonomy":"product_brand","embeddable":true,"href":"https:\/\/kreatortorun.pl\/en\/wp-json\/wp\/v2\/product_brand?post=8930"},{"taxonomy":"product_cat","embeddable":true,"href":"https:\/\/kreatortorun.pl\/en\/wp-json\/wp\/v2\/product_cat?post=8930"},{"taxonomy":"product_tag","embeddable":true,"href":"https:\/\/kreatortorun.pl\/en\/wp-json\/wp\/v2\/product_tag?post=8930"}],"curies":[{"name":"wp","href":"https:\/\/api.w.org\/{rel}","templated":true}]}}